{"id":26971,"date":"2025-12-12T18:25:49","date_gmt":"2025-12-12T17:25:49","guid":{"rendered":"https:\/\/test.ecbeaute.com\/?post_type=product&#038;p=26971"},"modified":"2025-12-12T18:25:52","modified_gmt":"2025-12-12T17:25:52","slug":"centaurea-creme-hydratante-spf-30-50ml","status":"publish","type":"product","link":"https:\/\/paracherkaoui.ma\/index.php\/produit\/centaurea-creme-hydratante-spf-30-50ml\/","title":{"rendered":"CENTAUREA CREME HYDRATANTE SPF 30 50ML"},"content":{"rendered":"<p>Description:<br \/>\nCENTAUREA cr\u00e8me hydratante est d\u00e9di\u00e9e aux peaux s\u00e8ches \u00e0 tr\u00e8s s\u00e8ches, et pr\u00e9vient le dess\u00e8chement cutan\u00e9 et soutient le processus de r\u00e9g\u00e9n\u00e9ration de la peau. CENTAUREA cr\u00e8me hydratante sa texture l\u00e9g\u00e8re, p\u00e9n\u00e8tre instantan\u00e9ment, hydrate votre peau en profondeur, illumine votre teint et procure un confort imm\u00e9diat et durable. Sa texture fine et velout\u00e9e, laisse la peau douce et souple<\/p>\n","protected":false},"excerpt":{"rendered":"<p>Description: CENTAUREA cr\u00e8me hydratante est d\u00e9di\u00e9e aux peaux s\u00e8ches \u00e0 tr\u00e8s s\u00e8ches, et pr\u00e9vient le dess\u00e8chement cutan\u00e9 et soutient le<\/p>\n","protected":false},"featured_media":27009,"comment_status":"open","ping_status":"closed","template":"","meta":[],"product_brand":[263],"product_cat":[525],"product_tag":[],"class_list":{"0":"post-26971","1":"product","2":"type-product","3":"status-publish","4":"has-post-thumbnail","6":"product_brand-centaurea","7":"product_cat-cremes-jour","9":"first","10":"instock","11":"sale","12":"shipping-taxable","13":"purchasable","14":"product-type-simple"},"yoast_head":"<!-- This site is optimized with the Yoast SEO plugin v26.6 - https:\/\/yoast.com\/wordpress\/plugins\/seo\/ -->\r\n<title>CENTAUREA CREME HYDRATANTE SPF 30 50ML - Paracherkaoui.ma<\/title>\r\n<meta name=\"robots\" content=\"index, follow, max-snippet:-1, max-image-preview:large, max-video-preview:-1\" \/>\r\n<link rel=\"canonical\" href=\"https:\/\/paracherkaoui.ma\/index.php\/produit\/centaurea-creme-hydratante-spf-30-50ml\/\" \/>\r\n<meta property=\"og:locale\" content=\"fr_FR\" \/>\r\n<meta property=\"og:type\" content=\"article\" \/>\r\n<meta property=\"og:title\" content=\"CENTAUREA CREME HYDRATANTE SPF 30 50ML - Paracherkaoui.ma\" \/>\r\n<meta property=\"og:description\" content=\"Description: CENTAUREA cr\u00e8me hydratante est d\u00e9di\u00e9e aux peaux s\u00e8ches \u00e0 tr\u00e8s s\u00e8ches, et pr\u00e9vient le dess\u00e8chement cutan\u00e9 et soutient le\" \/>\r\n<meta property=\"og:url\" content=\"https:\/\/paracherkaoui.ma\/index.php\/produit\/centaurea-creme-hydratante-spf-30-50ml\/\" \/>\r\n<meta property=\"og:site_name\" content=\"Paracherkaoui.ma\" \/>\r\n<meta property=\"article:modified_time\" content=\"2025-12-12T17:25:52+00:00\" \/>\r\n<meta property=\"og:image\" content=\"https:\/\/paracherkaoui.ma\/wp-content\/uploads\/2025\/12\/centaurea-centaurea-creme-hydratante-spf-30-50ml-cremes-jour.jpg\" \/>\r\n\t<meta property=\"og:image:width\" content=\"700\" \/>\r\n\t<meta property=\"og:image:height\" content=\"700\" \/>\r\n\t<meta property=\"og:image:type\" content=\"image\/jpeg\" \/>\r\n<meta name=\"twitter:card\" content=\"summary_large_image\" \/>\r\n<script type=\"application\/ld+json\" class=\"yoast-schema-graph\">{\"@context\":\"https:\/\/schema.org\",\"@graph\":[{\"@type\":\"WebPage\",\"@id\":\"https:\/\/paracherkaoui.ma\/index.php\/produit\/centaurea-creme-hydratante-spf-30-50ml\/\",\"url\":\"https:\/\/paracherkaoui.ma\/index.php\/produit\/centaurea-creme-hydratante-spf-30-50ml\/\",\"name\":\"CENTAUREA CREME HYDRATANTE SPF 30 50ML - Paracherkaoui.ma\",\"isPartOf\":{\"@id\":\"https:\/\/paracherkaoui.ma\/#website\"},\"primaryImageOfPage\":{\"@id\":\"https:\/\/paracherkaoui.ma\/index.php\/produit\/centaurea-creme-hydratante-spf-30-50ml\/#primaryimage\"},\"image\":{\"@id\":\"https:\/\/paracherkaoui.ma\/index.php\/produit\/centaurea-creme-hydratante-spf-30-50ml\/#primaryimage\"},\"thumbnailUrl\":\"https:\/\/paracherkaoui.ma\/wp-content\/uploads\/2025\/12\/centaurea-centaurea-creme-hydratante-spf-30-50ml-cremes-jour.jpg\",\"datePublished\":\"2025-12-12T17:25:49+00:00\",\"dateModified\":\"2025-12-12T17:25:52+00:00\",\"breadcrumb\":{\"@id\":\"https:\/\/paracherkaoui.ma\/index.php\/produit\/centaurea-creme-hydratante-spf-30-50ml\/#breadcrumb\"},\"inLanguage\":\"fr-FR\",\"potentialAction\":[{\"@type\":\"ReadAction\",\"target\":[\"https:\/\/paracherkaoui.ma\/index.php\/produit\/centaurea-creme-hydratante-spf-30-50ml\/\"]}]},{\"@type\":\"ImageObject\",\"inLanguage\":\"fr-FR\",\"@id\":\"https:\/\/paracherkaoui.ma\/index.php\/produit\/centaurea-creme-hydratante-spf-30-50ml\/#primaryimage\",\"url\":\"https:\/\/paracherkaoui.ma\/wp-content\/uploads\/2025\/12\/centaurea-centaurea-creme-hydratante-spf-30-50ml-cremes-jour.jpg\",\"contentUrl\":\"https:\/\/paracherkaoui.ma\/wp-content\/uploads\/2025\/12\/centaurea-centaurea-creme-hydratante-spf-30-50ml-cremes-jour.jpg\",\"width\":700,\"height\":700},{\"@type\":\"BreadcrumbList\",\"@id\":\"https:\/\/paracherkaoui.ma\/index.php\/produit\/centaurea-creme-hydratante-spf-30-50ml\/#breadcrumb\",\"itemListElement\":[{\"@type\":\"ListItem\",\"position\":1,\"name\":\"Accueil\",\"item\":\"https:\/\/paracherkaoui.ma\/\"},{\"@type\":\"ListItem\",\"position\":2,\"name\":\"Boutique\",\"item\":\"https:\/\/paracherkaoui.ma\/index.php\/boutique\/\"},{\"@type\":\"ListItem\",\"position\":3,\"name\":\"CENTAUREA CREME HYDRATANTE SPF 30 50ML\"}]},{\"@type\":\"WebSite\",\"@id\":\"https:\/\/paracherkaoui.ma\/#website\",\"url\":\"https:\/\/paracherkaoui.ma\/\",\"name\":\"Paracherkaoui.ma\",\"description\":\"Achetez en ligne sur Paracherkaoui.ma\",\"potentialAction\":[{\"@type\":\"SearchAction\",\"target\":{\"@type\":\"EntryPoint\",\"urlTemplate\":\"https:\/\/paracherkaoui.ma\/?s={search_term_string}\"},\"query-input\":{\"@type\":\"PropertyValueSpecification\",\"valueRequired\":true,\"valueName\":\"search_term_string\"}}],\"inLanguage\":\"fr-FR\"}]}<\/script>\r\n<!-- \/ Yoast SEO plugin. -->","yoast_head_json":{"title":"CENTAUREA CREME HYDRATANTE SPF 30 50ML - Paracherkaoui.ma","robots":{"index":"index","follow":"follow","max-snippet":"max-snippet:-1","max-image-preview":"max-image-preview:large","max-video-preview":"max-video-preview:-1"},"canonical":"https:\/\/paracherkaoui.ma\/index.php\/produit\/centaurea-creme-hydratante-spf-30-50ml\/","og_locale":"fr_FR","og_type":"article","og_title":"CENTAUREA CREME HYDRATANTE SPF 30 50ML - Paracherkaoui.ma","og_description":"Description: CENTAUREA cr\u00e8me hydratante est d\u00e9di\u00e9e aux peaux s\u00e8ches \u00e0 tr\u00e8s s\u00e8ches, et pr\u00e9vient le dess\u00e8chement cutan\u00e9 et soutient le","og_url":"https:\/\/paracherkaoui.ma\/index.php\/produit\/centaurea-creme-hydratante-spf-30-50ml\/","og_site_name":"Paracherkaoui.ma","article_modified_time":"2025-12-12T17:25:52+00:00","og_image":[{"width":700,"height":700,"url":"https:\/\/paracherkaoui.ma\/wp-content\/uploads\/2025\/12\/centaurea-centaurea-creme-hydratante-spf-30-50ml-cremes-jour.jpg","type":"image\/jpeg"}],"twitter_card":"summary_large_image","schema":{"@context":"https:\/\/schema.org","@graph":[{"@type":"WebPage","@id":"https:\/\/paracherkaoui.ma\/index.php\/produit\/centaurea-creme-hydratante-spf-30-50ml\/","url":"https:\/\/paracherkaoui.ma\/index.php\/produit\/centaurea-creme-hydratante-spf-30-50ml\/","name":"CENTAUREA CREME HYDRATANTE SPF 30 50ML - Paracherkaoui.ma","isPartOf":{"@id":"https:\/\/paracherkaoui.ma\/#website"},"primaryImageOfPage":{"@id":"https:\/\/paracherkaoui.ma\/index.php\/produit\/centaurea-creme-hydratante-spf-30-50ml\/#primaryimage"},"image":{"@id":"https:\/\/paracherkaoui.ma\/index.php\/produit\/centaurea-creme-hydratante-spf-30-50ml\/#primaryimage"},"thumbnailUrl":"https:\/\/paracherkaoui.ma\/wp-content\/uploads\/2025\/12\/centaurea-centaurea-creme-hydratante-spf-30-50ml-cremes-jour.jpg","datePublished":"2025-12-12T17:25:49+00:00","dateModified":"2025-12-12T17:25:52+00:00","breadcrumb":{"@id":"https:\/\/paracherkaoui.ma\/index.php\/produit\/centaurea-creme-hydratante-spf-30-50ml\/#breadcrumb"},"inLanguage":"fr-FR","potentialAction":[{"@type":"ReadAction","target":["https:\/\/paracherkaoui.ma\/index.php\/produit\/centaurea-creme-hydratante-spf-30-50ml\/"]}]},{"@type":"ImageObject","inLanguage":"fr-FR","@id":"https:\/\/paracherkaoui.ma\/index.php\/produit\/centaurea-creme-hydratante-spf-30-50ml\/#primaryimage","url":"https:\/\/paracherkaoui.ma\/wp-content\/uploads\/2025\/12\/centaurea-centaurea-creme-hydratante-spf-30-50ml-cremes-jour.jpg","contentUrl":"https:\/\/paracherkaoui.ma\/wp-content\/uploads\/2025\/12\/centaurea-centaurea-creme-hydratante-spf-30-50ml-cremes-jour.jpg","width":700,"height":700},{"@type":"BreadcrumbList","@id":"https:\/\/paracherkaoui.ma\/index.php\/produit\/centaurea-creme-hydratante-spf-30-50ml\/#breadcrumb","itemListElement":[{"@type":"ListItem","position":1,"name":"Accueil","item":"https:\/\/paracherkaoui.ma\/"},{"@type":"ListItem","position":2,"name":"Boutique","item":"https:\/\/paracherkaoui.ma\/index.php\/boutique\/"},{"@type":"ListItem","position":3,"name":"CENTAUREA CREME HYDRATANTE SPF 30 50ML"}]},{"@type":"WebSite","@id":"https:\/\/paracherkaoui.ma\/#website","url":"https:\/\/paracherkaoui.ma\/","name":"Paracherkaoui.ma","description":"Achetez en ligne sur Paracherkaoui.ma","potentialAction":[{"@type":"SearchAction","target":{"@type":"EntryPoint","urlTemplate":"https:\/\/paracherkaoui.ma\/?s={search_term_string}"},"query-input":{"@type":"PropertyValueSpecification","valueRequired":true,"valueName":"search_term_string"}}],"inLanguage":"fr-FR"}]}},"_links":{"self":[{"href":"https:\/\/paracherkaoui.ma\/index.php\/wp-json\/wp\/v2\/product\/26971","targetHints":{"allow":["GET"]}}],"collection":[{"href":"https:\/\/paracherkaoui.ma\/index.php\/wp-json\/wp\/v2\/product"}],"about":[{"href":"https:\/\/paracherkaoui.ma\/index.php\/wp-json\/wp\/v2\/types\/product"}],"replies":[{"embeddable":true,"href":"https:\/\/paracherkaoui.ma\/index.php\/wp-json\/wp\/v2\/comments?post=26971"}],"version-history":[{"count":1,"href":"https:\/\/paracherkaoui.ma\/index.php\/wp-json\/wp\/v2\/product\/26971\/revisions"}],"predecessor-version":[{"id":27010,"href":"https:\/\/paracherkaoui.ma\/index.php\/wp-json\/wp\/v2\/product\/26971\/revisions\/27010"}],"wp:featuredmedia":[{"embeddable":true,"href":"https:\/\/paracherkaoui.ma\/index.php\/wp-json\/wp\/v2\/media\/27009"}],"wp:attachment":[{"href":"https:\/\/paracherkaoui.ma\/index.php\/wp-json\/wp\/v2\/media?parent=26971"}],"wp:term":[{"taxonomy":"product_brand","embeddable":true,"href":"https:\/\/paracherkaoui.ma\/index.php\/wp-json\/wp\/v2\/product_brand?post=26971"},{"taxonomy":"product_cat","embeddable":true,"href":"https:\/\/paracherkaoui.ma\/index.php\/wp-json\/wp\/v2\/product_cat?post=26971"},{"taxonomy":"product_tag","embeddable":true,"href":"https:\/\/paracherkaoui.ma\/index.php\/wp-json\/wp\/v2\/product_tag?post=26971"}],"curies":[{"name":"wp","href":"https:\/\/api.w.org\/{rel}","templated":true}]}}