{"id":26965,"date":"2025-12-12T18:25:48","date_gmt":"2025-12-12T17:25:48","guid":{"rendered":"https:\/\/test.ecbeaute.com\/?post_type=product&#038;p=26965"},"modified":"2025-12-12T18:25:51","modified_gmt":"2025-12-12T17:25:51","slug":"eptaderm-epta-ac-emulsion-matifiante","status":"publish","type":"product","link":"https:\/\/paracherkaoui.ma\/index.php\/produit\/eptaderm-epta-ac-emulsion-matifiante\/","title":{"rendered":"EPTADERM EPTA AC EMULSION MATIFIANTE"},"content":{"rendered":"<p>EPTA AC \u00c9mulsion matifiante est un traitement cosm\u00e9tique s\u00e9bo-r\u00e9gulateur \u00e9tudi\u00e9 pour la peau grasse \u00e0 tendance acn\u00e9ique. Sa formule compl\u00e8te r\u00e9duit l\u2019exc\u00e8s de s\u00e9bum et contr\u00f4le la prolif\u00e9ration bact\u00e9rienne, assurant un effet matifiant longue dur\u00e9e. On peut l\u2019utiliser seule ou en compl\u00e9ment aux traitements dermatologiques.<\/p>\n","protected":false},"excerpt":{"rendered":"<p>EPTA AC \u00c9mulsion matifiante est un traitement cosm\u00e9tique s\u00e9bo-r\u00e9gulateur \u00e9tudi\u00e9 pour la peau grasse \u00e0 tendance acn\u00e9ique. Sa formule compl\u00e8te<\/p>\n","protected":false},"featured_media":27000,"comment_status":"open","ping_status":"closed","template":"","meta":[],"product_brand":[243],"product_cat":[525],"product_tag":[],"class_list":{"0":"post-26965","1":"product","2":"type-product","3":"status-publish","4":"has-post-thumbnail","6":"product_brand-eptaderm","7":"product_cat-cremes-jour","9":"first","10":"instock","11":"sale","12":"shipping-taxable","13":"purchasable","14":"product-type-simple"},"yoast_head":"<!-- This site is optimized with the Yoast SEO plugin v26.6 - https:\/\/yoast.com\/wordpress\/plugins\/seo\/ -->\r\n<title>EPTADERM EPTA AC EMULSION MATIFIANTE - Paracherkaoui.ma<\/title>\r\n<meta name=\"robots\" content=\"index, follow, max-snippet:-1, max-image-preview:large, max-video-preview:-1\" \/>\r\n<link rel=\"canonical\" href=\"https:\/\/paracherkaoui.ma\/index.php\/produit\/eptaderm-epta-ac-emulsion-matifiante\/\" \/>\r\n<meta property=\"og:locale\" content=\"fr_FR\" \/>\r\n<meta property=\"og:type\" content=\"article\" \/>\r\n<meta property=\"og:title\" content=\"EPTADERM EPTA AC EMULSION MATIFIANTE - Paracherkaoui.ma\" \/>\r\n<meta property=\"og:description\" content=\"EPTA AC \u00c9mulsion matifiante est un traitement cosm\u00e9tique s\u00e9bo-r\u00e9gulateur \u00e9tudi\u00e9 pour la peau grasse \u00e0 tendance acn\u00e9ique. Sa formule compl\u00e8te\" \/>\r\n<meta property=\"og:url\" content=\"https:\/\/paracherkaoui.ma\/index.php\/produit\/eptaderm-epta-ac-emulsion-matifiante\/\" \/>\r\n<meta property=\"og:site_name\" content=\"Paracherkaoui.ma\" \/>\r\n<meta property=\"article:modified_time\" content=\"2025-12-12T17:25:51+00:00\" \/>\r\n<meta property=\"og:image\" content=\"https:\/\/paracherkaoui.ma\/wp-content\/uploads\/2025\/12\/eptaderm-eptaderm-epta-ac-emulsion-matifiante-home.jpg\" \/>\r\n\t<meta property=\"og:image:width\" content=\"700\" \/>\r\n\t<meta property=\"og:image:height\" content=\"700\" \/>\r\n\t<meta property=\"og:image:type\" content=\"image\/jpeg\" \/>\r\n<meta name=\"twitter:card\" content=\"summary_large_image\" \/>\r\n<script type=\"application\/ld+json\" class=\"yoast-schema-graph\">{\"@context\":\"https:\/\/schema.org\",\"@graph\":[{\"@type\":\"WebPage\",\"@id\":\"https:\/\/paracherkaoui.ma\/index.php\/produit\/eptaderm-epta-ac-emulsion-matifiante\/\",\"url\":\"https:\/\/paracherkaoui.ma\/index.php\/produit\/eptaderm-epta-ac-emulsion-matifiante\/\",\"name\":\"EPTADERM EPTA AC EMULSION MATIFIANTE - Paracherkaoui.ma\",\"isPartOf\":{\"@id\":\"https:\/\/paracherkaoui.ma\/#website\"},\"primaryImageOfPage\":{\"@id\":\"https:\/\/paracherkaoui.ma\/index.php\/produit\/eptaderm-epta-ac-emulsion-matifiante\/#primaryimage\"},\"image\":{\"@id\":\"https:\/\/paracherkaoui.ma\/index.php\/produit\/eptaderm-epta-ac-emulsion-matifiante\/#primaryimage\"},\"thumbnailUrl\":\"https:\/\/paracherkaoui.ma\/wp-content\/uploads\/2025\/12\/eptaderm-eptaderm-epta-ac-emulsion-matifiante-home.jpg\",\"datePublished\":\"2025-12-12T17:25:48+00:00\",\"dateModified\":\"2025-12-12T17:25:51+00:00\",\"breadcrumb\":{\"@id\":\"https:\/\/paracherkaoui.ma\/index.php\/produit\/eptaderm-epta-ac-emulsion-matifiante\/#breadcrumb\"},\"inLanguage\":\"fr-FR\",\"potentialAction\":[{\"@type\":\"ReadAction\",\"target\":[\"https:\/\/paracherkaoui.ma\/index.php\/produit\/eptaderm-epta-ac-emulsion-matifiante\/\"]}]},{\"@type\":\"ImageObject\",\"inLanguage\":\"fr-FR\",\"@id\":\"https:\/\/paracherkaoui.ma\/index.php\/produit\/eptaderm-epta-ac-emulsion-matifiante\/#primaryimage\",\"url\":\"https:\/\/paracherkaoui.ma\/wp-content\/uploads\/2025\/12\/eptaderm-eptaderm-epta-ac-emulsion-matifiante-home.jpg\",\"contentUrl\":\"https:\/\/paracherkaoui.ma\/wp-content\/uploads\/2025\/12\/eptaderm-eptaderm-epta-ac-emulsion-matifiante-home.jpg\",\"width\":700,\"height\":700},{\"@type\":\"BreadcrumbList\",\"@id\":\"https:\/\/paracherkaoui.ma\/index.php\/produit\/eptaderm-epta-ac-emulsion-matifiante\/#breadcrumb\",\"itemListElement\":[{\"@type\":\"ListItem\",\"position\":1,\"name\":\"Accueil\",\"item\":\"https:\/\/paracherkaoui.ma\/\"},{\"@type\":\"ListItem\",\"position\":2,\"name\":\"Boutique\",\"item\":\"https:\/\/paracherkaoui.ma\/index.php\/boutique\/\"},{\"@type\":\"ListItem\",\"position\":3,\"name\":\"EPTADERM EPTA AC EMULSION MATIFIANTE\"}]},{\"@type\":\"WebSite\",\"@id\":\"https:\/\/paracherkaoui.ma\/#website\",\"url\":\"https:\/\/paracherkaoui.ma\/\",\"name\":\"Paracherkaoui.ma\",\"description\":\"Achetez en ligne sur Paracherkaoui.ma\",\"potentialAction\":[{\"@type\":\"SearchAction\",\"target\":{\"@type\":\"EntryPoint\",\"urlTemplate\":\"https:\/\/paracherkaoui.ma\/?s={search_term_string}\"},\"query-input\":{\"@type\":\"PropertyValueSpecification\",\"valueRequired\":true,\"valueName\":\"search_term_string\"}}],\"inLanguage\":\"fr-FR\"}]}<\/script>\r\n<!-- \/ Yoast SEO plugin. -->","yoast_head_json":{"title":"EPTADERM EPTA AC EMULSION MATIFIANTE - Paracherkaoui.ma","robots":{"index":"index","follow":"follow","max-snippet":"max-snippet:-1","max-image-preview":"max-image-preview:large","max-video-preview":"max-video-preview:-1"},"canonical":"https:\/\/paracherkaoui.ma\/index.php\/produit\/eptaderm-epta-ac-emulsion-matifiante\/","og_locale":"fr_FR","og_type":"article","og_title":"EPTADERM EPTA AC EMULSION MATIFIANTE - Paracherkaoui.ma","og_description":"EPTA AC \u00c9mulsion matifiante est un traitement cosm\u00e9tique s\u00e9bo-r\u00e9gulateur \u00e9tudi\u00e9 pour la peau grasse \u00e0 tendance acn\u00e9ique. Sa formule compl\u00e8te","og_url":"https:\/\/paracherkaoui.ma\/index.php\/produit\/eptaderm-epta-ac-emulsion-matifiante\/","og_site_name":"Paracherkaoui.ma","article_modified_time":"2025-12-12T17:25:51+00:00","og_image":[{"width":700,"height":700,"url":"https:\/\/paracherkaoui.ma\/wp-content\/uploads\/2025\/12\/eptaderm-eptaderm-epta-ac-emulsion-matifiante-home.jpg","type":"image\/jpeg"}],"twitter_card":"summary_large_image","schema":{"@context":"https:\/\/schema.org","@graph":[{"@type":"WebPage","@id":"https:\/\/paracherkaoui.ma\/index.php\/produit\/eptaderm-epta-ac-emulsion-matifiante\/","url":"https:\/\/paracherkaoui.ma\/index.php\/produit\/eptaderm-epta-ac-emulsion-matifiante\/","name":"EPTADERM EPTA AC EMULSION MATIFIANTE - Paracherkaoui.ma","isPartOf":{"@id":"https:\/\/paracherkaoui.ma\/#website"},"primaryImageOfPage":{"@id":"https:\/\/paracherkaoui.ma\/index.php\/produit\/eptaderm-epta-ac-emulsion-matifiante\/#primaryimage"},"image":{"@id":"https:\/\/paracherkaoui.ma\/index.php\/produit\/eptaderm-epta-ac-emulsion-matifiante\/#primaryimage"},"thumbnailUrl":"https:\/\/paracherkaoui.ma\/wp-content\/uploads\/2025\/12\/eptaderm-eptaderm-epta-ac-emulsion-matifiante-home.jpg","datePublished":"2025-12-12T17:25:48+00:00","dateModified":"2025-12-12T17:25:51+00:00","breadcrumb":{"@id":"https:\/\/paracherkaoui.ma\/index.php\/produit\/eptaderm-epta-ac-emulsion-matifiante\/#breadcrumb"},"inLanguage":"fr-FR","potentialAction":[{"@type":"ReadAction","target":["https:\/\/paracherkaoui.ma\/index.php\/produit\/eptaderm-epta-ac-emulsion-matifiante\/"]}]},{"@type":"ImageObject","inLanguage":"fr-FR","@id":"https:\/\/paracherkaoui.ma\/index.php\/produit\/eptaderm-epta-ac-emulsion-matifiante\/#primaryimage","url":"https:\/\/paracherkaoui.ma\/wp-content\/uploads\/2025\/12\/eptaderm-eptaderm-epta-ac-emulsion-matifiante-home.jpg","contentUrl":"https:\/\/paracherkaoui.ma\/wp-content\/uploads\/2025\/12\/eptaderm-eptaderm-epta-ac-emulsion-matifiante-home.jpg","width":700,"height":700},{"@type":"BreadcrumbList","@id":"https:\/\/paracherkaoui.ma\/index.php\/produit\/eptaderm-epta-ac-emulsion-matifiante\/#breadcrumb","itemListElement":[{"@type":"ListItem","position":1,"name":"Accueil","item":"https:\/\/paracherkaoui.ma\/"},{"@type":"ListItem","position":2,"name":"Boutique","item":"https:\/\/paracherkaoui.ma\/index.php\/boutique\/"},{"@type":"ListItem","position":3,"name":"EPTADERM EPTA AC EMULSION MATIFIANTE"}]},{"@type":"WebSite","@id":"https:\/\/paracherkaoui.ma\/#website","url":"https:\/\/paracherkaoui.ma\/","name":"Paracherkaoui.ma","description":"Achetez en ligne sur Paracherkaoui.ma","potentialAction":[{"@type":"SearchAction","target":{"@type":"EntryPoint","urlTemplate":"https:\/\/paracherkaoui.ma\/?s={search_term_string}"},"query-input":{"@type":"PropertyValueSpecification","valueRequired":true,"valueName":"search_term_string"}}],"inLanguage":"fr-FR"}]}},"_links":{"self":[{"href":"https:\/\/paracherkaoui.ma\/index.php\/wp-json\/wp\/v2\/product\/26965","targetHints":{"allow":["GET"]}}],"collection":[{"href":"https:\/\/paracherkaoui.ma\/index.php\/wp-json\/wp\/v2\/product"}],"about":[{"href":"https:\/\/paracherkaoui.ma\/index.php\/wp-json\/wp\/v2\/types\/product"}],"replies":[{"embeddable":true,"href":"https:\/\/paracherkaoui.ma\/index.php\/wp-json\/wp\/v2\/comments?post=26965"}],"version-history":[{"count":1,"href":"https:\/\/paracherkaoui.ma\/index.php\/wp-json\/wp\/v2\/product\/26965\/revisions"}],"predecessor-version":[{"id":27001,"href":"https:\/\/paracherkaoui.ma\/index.php\/wp-json\/wp\/v2\/product\/26965\/revisions\/27001"}],"wp:featuredmedia":[{"embeddable":true,"href":"https:\/\/paracherkaoui.ma\/index.php\/wp-json\/wp\/v2\/media\/27000"}],"wp:attachment":[{"href":"https:\/\/paracherkaoui.ma\/index.php\/wp-json\/wp\/v2\/media?parent=26965"}],"wp:term":[{"taxonomy":"product_brand","embeddable":true,"href":"https:\/\/paracherkaoui.ma\/index.php\/wp-json\/wp\/v2\/product_brand?post=26965"},{"taxonomy":"product_cat","embeddable":true,"href":"https:\/\/paracherkaoui.ma\/index.php\/wp-json\/wp\/v2\/product_cat?post=26965"},{"taxonomy":"product_tag","embeddable":true,"href":"https:\/\/paracherkaoui.ma\/index.php\/wp-json\/wp\/v2\/product_tag?post=26965"}],"curies":[{"name":"wp","href":"https:\/\/api.w.org\/{rel}","templated":true}]}}