{"id":26889,"date":"2025-12-12T18:25:41","date_gmt":"2025-12-12T17:25:41","guid":{"rendered":"https:\/\/test.ecbeaute.com\/?post_type=product&#038;p=26889"},"modified":"2025-12-12T18:25:44","modified_gmt":"2025-12-12T17:25:44","slug":"cebelia-creme-confort-visage-et-cou-40-ml","status":"publish","type":"product","link":"https:\/\/paracherkaoui.ma\/index.php\/produit\/cebelia-creme-confort-visage-et-cou-40-ml\/","title":{"rendered":"CEBELIA CREME CONFORT VISAGE ET COU 40 ML"},"content":{"rendered":"<p>CEBELIA\u00a0Cr\u00e8me Confort est un soin du visage nourrissant, hydratant et apaisant, pour toutes les peaux m\u00eame sensibles. Ce soin universel convient parfaitement aux femmes comme aux hommes. Ses actifs nourrissent la peau et calment les rougeurs, la peau est douce et confortable. Sa texture onctueuse et d\u00e9licatement parfum\u00e9e p\u00e9n\u00e8tre rapidement sans laisser d\u2019effet brillant. La cr\u00e8me hydratante pour le visage CEBELIA Cr\u00e8me Confort est aussi prescrite en pratique m\u00e9dico-esth\u00e9tique et dermatologique.<\/p>\n","protected":false},"excerpt":{"rendered":"<p>CEBELIA\u00a0Cr\u00e8me Confort est un soin du visage nourrissant, hydratant et apaisant, pour toutes les peaux m\u00eame sensibles. Ce soin universel<\/p>\n","protected":false},"featured_media":26925,"comment_status":"open","ping_status":"closed","template":"","meta":[],"product_brand":[364],"product_cat":[525],"product_tag":[],"class_list":{"0":"post-26889","1":"product","2":"type-product","3":"status-publish","4":"has-post-thumbnail","6":"product_brand-cebelia","7":"product_cat-cremes-jour","9":"first","10":"instock","11":"sale","12":"shipping-taxable","13":"purchasable","14":"product-type-simple"},"yoast_head":"<!-- This site is optimized with the Yoast SEO plugin v26.6 - https:\/\/yoast.com\/wordpress\/plugins\/seo\/ -->\r\n<title>CEBELIA CREME CONFORT VISAGE ET COU 40 ML - Paracherkaoui.ma<\/title>\r\n<meta name=\"robots\" content=\"index, follow, max-snippet:-1, max-image-preview:large, max-video-preview:-1\" \/>\r\n<link rel=\"canonical\" href=\"https:\/\/paracherkaoui.ma\/index.php\/produit\/cebelia-creme-confort-visage-et-cou-40-ml\/\" \/>\r\n<meta property=\"og:locale\" content=\"fr_FR\" \/>\r\n<meta property=\"og:type\" content=\"article\" \/>\r\n<meta property=\"og:title\" content=\"CEBELIA CREME CONFORT VISAGE ET COU 40 ML - Paracherkaoui.ma\" \/>\r\n<meta property=\"og:description\" content=\"CEBELIA\u00a0Cr\u00e8me Confort est un soin du visage nourrissant, hydratant et apaisant, pour toutes les peaux m\u00eame sensibles. Ce soin universel\" \/>\r\n<meta property=\"og:url\" content=\"https:\/\/paracherkaoui.ma\/index.php\/produit\/cebelia-creme-confort-visage-et-cou-40-ml\/\" \/>\r\n<meta property=\"og:site_name\" content=\"Paracherkaoui.ma\" \/>\r\n<meta property=\"article:modified_time\" content=\"2025-12-12T17:25:44+00:00\" \/>\r\n<meta property=\"og:image\" content=\"https:\/\/paracherkaoui.ma\/wp-content\/uploads\/2025\/12\/cebelia-cebelia-creme-confort-visage-et-cou-40-ml-visage.jpg\" \/>\r\n\t<meta property=\"og:image:width\" content=\"700\" \/>\r\n\t<meta property=\"og:image:height\" content=\"700\" \/>\r\n\t<meta property=\"og:image:type\" content=\"image\/jpeg\" \/>\r\n<meta name=\"twitter:card\" content=\"summary_large_image\" \/>\r\n<script type=\"application\/ld+json\" class=\"yoast-schema-graph\">{\"@context\":\"https:\/\/schema.org\",\"@graph\":[{\"@type\":\"WebPage\",\"@id\":\"https:\/\/paracherkaoui.ma\/index.php\/produit\/cebelia-creme-confort-visage-et-cou-40-ml\/\",\"url\":\"https:\/\/paracherkaoui.ma\/index.php\/produit\/cebelia-creme-confort-visage-et-cou-40-ml\/\",\"name\":\"CEBELIA CREME CONFORT VISAGE ET COU 40 ML - Paracherkaoui.ma\",\"isPartOf\":{\"@id\":\"https:\/\/paracherkaoui.ma\/#website\"},\"primaryImageOfPage\":{\"@id\":\"https:\/\/paracherkaoui.ma\/index.php\/produit\/cebelia-creme-confort-visage-et-cou-40-ml\/#primaryimage\"},\"image\":{\"@id\":\"https:\/\/paracherkaoui.ma\/index.php\/produit\/cebelia-creme-confort-visage-et-cou-40-ml\/#primaryimage\"},\"thumbnailUrl\":\"https:\/\/paracherkaoui.ma\/wp-content\/uploads\/2025\/12\/cebelia-cebelia-creme-confort-visage-et-cou-40-ml-visage.jpg\",\"datePublished\":\"2025-12-12T17:25:41+00:00\",\"dateModified\":\"2025-12-12T17:25:44+00:00\",\"breadcrumb\":{\"@id\":\"https:\/\/paracherkaoui.ma\/index.php\/produit\/cebelia-creme-confort-visage-et-cou-40-ml\/#breadcrumb\"},\"inLanguage\":\"fr-FR\",\"potentialAction\":[{\"@type\":\"ReadAction\",\"target\":[\"https:\/\/paracherkaoui.ma\/index.php\/produit\/cebelia-creme-confort-visage-et-cou-40-ml\/\"]}]},{\"@type\":\"ImageObject\",\"inLanguage\":\"fr-FR\",\"@id\":\"https:\/\/paracherkaoui.ma\/index.php\/produit\/cebelia-creme-confort-visage-et-cou-40-ml\/#primaryimage\",\"url\":\"https:\/\/paracherkaoui.ma\/wp-content\/uploads\/2025\/12\/cebelia-cebelia-creme-confort-visage-et-cou-40-ml-visage.jpg\",\"contentUrl\":\"https:\/\/paracherkaoui.ma\/wp-content\/uploads\/2025\/12\/cebelia-cebelia-creme-confort-visage-et-cou-40-ml-visage.jpg\",\"width\":700,\"height\":700},{\"@type\":\"BreadcrumbList\",\"@id\":\"https:\/\/paracherkaoui.ma\/index.php\/produit\/cebelia-creme-confort-visage-et-cou-40-ml\/#breadcrumb\",\"itemListElement\":[{\"@type\":\"ListItem\",\"position\":1,\"name\":\"Accueil\",\"item\":\"https:\/\/paracherkaoui.ma\/\"},{\"@type\":\"ListItem\",\"position\":2,\"name\":\"Boutique\",\"item\":\"https:\/\/paracherkaoui.ma\/index.php\/boutique\/\"},{\"@type\":\"ListItem\",\"position\":3,\"name\":\"CEBELIA CREME CONFORT VISAGE ET COU 40 ML\"}]},{\"@type\":\"WebSite\",\"@id\":\"https:\/\/paracherkaoui.ma\/#website\",\"url\":\"https:\/\/paracherkaoui.ma\/\",\"name\":\"Paracherkaoui.ma\",\"description\":\"Achetez en ligne sur Paracherkaoui.ma\",\"potentialAction\":[{\"@type\":\"SearchAction\",\"target\":{\"@type\":\"EntryPoint\",\"urlTemplate\":\"https:\/\/paracherkaoui.ma\/?s={search_term_string}\"},\"query-input\":{\"@type\":\"PropertyValueSpecification\",\"valueRequired\":true,\"valueName\":\"search_term_string\"}}],\"inLanguage\":\"fr-FR\"}]}<\/script>\r\n<!-- \/ Yoast SEO plugin. -->","yoast_head_json":{"title":"CEBELIA CREME CONFORT VISAGE ET COU 40 ML - Paracherkaoui.ma","robots":{"index":"index","follow":"follow","max-snippet":"max-snippet:-1","max-image-preview":"max-image-preview:large","max-video-preview":"max-video-preview:-1"},"canonical":"https:\/\/paracherkaoui.ma\/index.php\/produit\/cebelia-creme-confort-visage-et-cou-40-ml\/","og_locale":"fr_FR","og_type":"article","og_title":"CEBELIA CREME CONFORT VISAGE ET COU 40 ML - Paracherkaoui.ma","og_description":"CEBELIA\u00a0Cr\u00e8me Confort est un soin du visage nourrissant, hydratant et apaisant, pour toutes les peaux m\u00eame sensibles. Ce soin universel","og_url":"https:\/\/paracherkaoui.ma\/index.php\/produit\/cebelia-creme-confort-visage-et-cou-40-ml\/","og_site_name":"Paracherkaoui.ma","article_modified_time":"2025-12-12T17:25:44+00:00","og_image":[{"width":700,"height":700,"url":"https:\/\/paracherkaoui.ma\/wp-content\/uploads\/2025\/12\/cebelia-cebelia-creme-confort-visage-et-cou-40-ml-visage.jpg","type":"image\/jpeg"}],"twitter_card":"summary_large_image","schema":{"@context":"https:\/\/schema.org","@graph":[{"@type":"WebPage","@id":"https:\/\/paracherkaoui.ma\/index.php\/produit\/cebelia-creme-confort-visage-et-cou-40-ml\/","url":"https:\/\/paracherkaoui.ma\/index.php\/produit\/cebelia-creme-confort-visage-et-cou-40-ml\/","name":"CEBELIA CREME CONFORT VISAGE ET COU 40 ML - Paracherkaoui.ma","isPartOf":{"@id":"https:\/\/paracherkaoui.ma\/#website"},"primaryImageOfPage":{"@id":"https:\/\/paracherkaoui.ma\/index.php\/produit\/cebelia-creme-confort-visage-et-cou-40-ml\/#primaryimage"},"image":{"@id":"https:\/\/paracherkaoui.ma\/index.php\/produit\/cebelia-creme-confort-visage-et-cou-40-ml\/#primaryimage"},"thumbnailUrl":"https:\/\/paracherkaoui.ma\/wp-content\/uploads\/2025\/12\/cebelia-cebelia-creme-confort-visage-et-cou-40-ml-visage.jpg","datePublished":"2025-12-12T17:25:41+00:00","dateModified":"2025-12-12T17:25:44+00:00","breadcrumb":{"@id":"https:\/\/paracherkaoui.ma\/index.php\/produit\/cebelia-creme-confort-visage-et-cou-40-ml\/#breadcrumb"},"inLanguage":"fr-FR","potentialAction":[{"@type":"ReadAction","target":["https:\/\/paracherkaoui.ma\/index.php\/produit\/cebelia-creme-confort-visage-et-cou-40-ml\/"]}]},{"@type":"ImageObject","inLanguage":"fr-FR","@id":"https:\/\/paracherkaoui.ma\/index.php\/produit\/cebelia-creme-confort-visage-et-cou-40-ml\/#primaryimage","url":"https:\/\/paracherkaoui.ma\/wp-content\/uploads\/2025\/12\/cebelia-cebelia-creme-confort-visage-et-cou-40-ml-visage.jpg","contentUrl":"https:\/\/paracherkaoui.ma\/wp-content\/uploads\/2025\/12\/cebelia-cebelia-creme-confort-visage-et-cou-40-ml-visage.jpg","width":700,"height":700},{"@type":"BreadcrumbList","@id":"https:\/\/paracherkaoui.ma\/index.php\/produit\/cebelia-creme-confort-visage-et-cou-40-ml\/#breadcrumb","itemListElement":[{"@type":"ListItem","position":1,"name":"Accueil","item":"https:\/\/paracherkaoui.ma\/"},{"@type":"ListItem","position":2,"name":"Boutique","item":"https:\/\/paracherkaoui.ma\/index.php\/boutique\/"},{"@type":"ListItem","position":3,"name":"CEBELIA CREME CONFORT VISAGE ET COU 40 ML"}]},{"@type":"WebSite","@id":"https:\/\/paracherkaoui.ma\/#website","url":"https:\/\/paracherkaoui.ma\/","name":"Paracherkaoui.ma","description":"Achetez en ligne sur Paracherkaoui.ma","potentialAction":[{"@type":"SearchAction","target":{"@type":"EntryPoint","urlTemplate":"https:\/\/paracherkaoui.ma\/?s={search_term_string}"},"query-input":{"@type":"PropertyValueSpecification","valueRequired":true,"valueName":"search_term_string"}}],"inLanguage":"fr-FR"}]}},"_links":{"self":[{"href":"https:\/\/paracherkaoui.ma\/index.php\/wp-json\/wp\/v2\/product\/26889","targetHints":{"allow":["GET"]}}],"collection":[{"href":"https:\/\/paracherkaoui.ma\/index.php\/wp-json\/wp\/v2\/product"}],"about":[{"href":"https:\/\/paracherkaoui.ma\/index.php\/wp-json\/wp\/v2\/types\/product"}],"replies":[{"embeddable":true,"href":"https:\/\/paracherkaoui.ma\/index.php\/wp-json\/wp\/v2\/comments?post=26889"}],"version-history":[{"count":1,"href":"https:\/\/paracherkaoui.ma\/index.php\/wp-json\/wp\/v2\/product\/26889\/revisions"}],"predecessor-version":[{"id":26926,"href":"https:\/\/paracherkaoui.ma\/index.php\/wp-json\/wp\/v2\/product\/26889\/revisions\/26926"}],"wp:featuredmedia":[{"embeddable":true,"href":"https:\/\/paracherkaoui.ma\/index.php\/wp-json\/wp\/v2\/media\/26925"}],"wp:attachment":[{"href":"https:\/\/paracherkaoui.ma\/index.php\/wp-json\/wp\/v2\/media?parent=26889"}],"wp:term":[{"taxonomy":"product_brand","embeddable":true,"href":"https:\/\/paracherkaoui.ma\/index.php\/wp-json\/wp\/v2\/product_brand?post=26889"},{"taxonomy":"product_cat","embeddable":true,"href":"https:\/\/paracherkaoui.ma\/index.php\/wp-json\/wp\/v2\/product_cat?post=26889"},{"taxonomy":"product_tag","embeddable":true,"href":"https:\/\/paracherkaoui.ma\/index.php\/wp-json\/wp\/v2\/product_tag?post=26889"}],"curies":[{"name":"wp","href":"https:\/\/api.w.org\/{rel}","templated":true}]}}