{"id":26887,"date":"2025-12-12T18:25:41","date_gmt":"2025-12-12T17:25:41","guid":{"rendered":"https:\/\/test.ecbeaute.com\/?post_type=product&#038;p=26887"},"modified":"2025-12-12T18:25:44","modified_gmt":"2025-12-12T17:25:44","slug":"acm-sensitelial-soin-apaisant-hydratant-et-apaisant-quotidien-40-ml-5","status":"publish","type":"product","link":"https:\/\/paracherkaoui.ma\/index.php\/produit\/acm-sensitelial-soin-apaisant-hydratant-et-apaisant-quotidien-40-ml-5\/","title":{"rendered":"ACM SENSITELIAL SOIN APAISANT HYDRATANT ET APAISANT QUOTIDIEN 40 ML"},"content":{"rendered":"<p>Ce soin apaisant diminue les rougeurs diffuses et am\u00e9liore la microcirculation cutan\u00e9e gr\u00e2ce \u00e0 la vitamine E et \u00e0 l\u2019Escine. Les huiles v\u00e9g\u00e9tales, la glyc\u00e9rine et la cire d\u2019abeille hydratent la peau durablement et calment les sensations de tiraillement. Ses pigments verts att\u00e9nuent instantan\u00e9ment les rougeurs et donnent un teint plus homog\u00e8ne et plus \u00e9clatant. Les peaux sensibles et r\u00e9actives sont apais\u00e9es et retrouvent tout leur confort d\u00e8s l&rsquo;application.<br \/>\nCONSEILS D\u2019UTILISATION :<br \/>\n1 \u00e0 2 fois par semaine, sur une peau propre et s\u00e8che : appliquer le soin hydratant.<\/p>\n","protected":false},"excerpt":{"rendered":"<p>Ce soin apaisant diminue les rougeurs diffuses et am\u00e9liore la microcirculation cutan\u00e9e gr\u00e2ce \u00e0 la vitamine E et \u00e0 l\u2019Escine.<\/p>\n","protected":false},"featured_media":11677,"comment_status":"open","ping_status":"closed","template":"","meta":[],"product_brand":[142],"product_cat":[525],"product_tag":[],"class_list":{"0":"post-26887","1":"product","2":"type-product","3":"status-publish","4":"has-post-thumbnail","6":"product_brand-acm","7":"product_cat-cremes-jour","9":"first","10":"instock","11":"sale","12":"shipping-taxable","13":"purchasable","14":"product-type-simple"},"yoast_head":"<!-- This site is optimized with the Yoast SEO plugin v26.6 - https:\/\/yoast.com\/wordpress\/plugins\/seo\/ -->\r\n<title>ACM SENSITELIAL SOIN APAISANT HYDRATANT ET APAISANT QUOTIDIEN 40 ML - Paracherkaoui.ma<\/title>\r\n<meta name=\"robots\" content=\"index, follow, max-snippet:-1, max-image-preview:large, max-video-preview:-1\" \/>\r\n<link rel=\"canonical\" href=\"https:\/\/paracherkaoui.ma\/index.php\/produit\/acm-sensitelial-soin-apaisant-hydratant-et-apaisant-quotidien-40-ml-5\/\" \/>\r\n<meta property=\"og:locale\" content=\"fr_FR\" \/>\r\n<meta property=\"og:type\" content=\"article\" \/>\r\n<meta property=\"og:title\" content=\"ACM SENSITELIAL SOIN APAISANT HYDRATANT ET APAISANT QUOTIDIEN 40 ML - Paracherkaoui.ma\" \/>\r\n<meta property=\"og:description\" content=\"Ce soin apaisant diminue les rougeurs diffuses et am\u00e9liore la microcirculation cutan\u00e9e gr\u00e2ce \u00e0 la vitamine E et \u00e0 l\u2019Escine.\" \/>\r\n<meta property=\"og:url\" content=\"https:\/\/paracherkaoui.ma\/index.php\/produit\/acm-sensitelial-soin-apaisant-hydratant-et-apaisant-quotidien-40-ml-5\/\" \/>\r\n<meta property=\"og:site_name\" content=\"Paracherkaoui.ma\" \/>\r\n<meta property=\"article:modified_time\" content=\"2025-12-12T17:25:44+00:00\" \/>\r\n<meta property=\"og:image\" content=\"https:\/\/paracherkaoui.ma\/wp-content\/uploads\/2025\/12\/acm-acm-sensitelial-soin-apaisant-hydratant-et-apaisant-quotidien-40-ml-soins-anti-rougeurs.jpg\" \/>\r\n\t<meta property=\"og:image:width\" content=\"700\" \/>\r\n\t<meta property=\"og:image:height\" content=\"700\" \/>\r\n\t<meta property=\"og:image:type\" content=\"image\/jpeg\" \/>\r\n<meta name=\"twitter:card\" content=\"summary_large_image\" \/>\r\n<script type=\"application\/ld+json\" class=\"yoast-schema-graph\">{\"@context\":\"https:\/\/schema.org\",\"@graph\":[{\"@type\":\"WebPage\",\"@id\":\"https:\/\/paracherkaoui.ma\/index.php\/produit\/acm-sensitelial-soin-apaisant-hydratant-et-apaisant-quotidien-40-ml-5\/\",\"url\":\"https:\/\/paracherkaoui.ma\/index.php\/produit\/acm-sensitelial-soin-apaisant-hydratant-et-apaisant-quotidien-40-ml-5\/\",\"name\":\"ACM SENSITELIAL SOIN APAISANT HYDRATANT ET APAISANT QUOTIDIEN 40 ML - Paracherkaoui.ma\",\"isPartOf\":{\"@id\":\"https:\/\/paracherkaoui.ma\/#website\"},\"primaryImageOfPage\":{\"@id\":\"https:\/\/paracherkaoui.ma\/index.php\/produit\/acm-sensitelial-soin-apaisant-hydratant-et-apaisant-quotidien-40-ml-5\/#primaryimage\"},\"image\":{\"@id\":\"https:\/\/paracherkaoui.ma\/index.php\/produit\/acm-sensitelial-soin-apaisant-hydratant-et-apaisant-quotidien-40-ml-5\/#primaryimage\"},\"thumbnailUrl\":\"https:\/\/paracherkaoui.ma\/wp-content\/uploads\/2025\/12\/acm-acm-sensitelial-soin-apaisant-hydratant-et-apaisant-quotidien-40-ml-soins-anti-rougeurs.jpg\",\"datePublished\":\"2025-12-12T17:25:41+00:00\",\"dateModified\":\"2025-12-12T17:25:44+00:00\",\"breadcrumb\":{\"@id\":\"https:\/\/paracherkaoui.ma\/index.php\/produit\/acm-sensitelial-soin-apaisant-hydratant-et-apaisant-quotidien-40-ml-5\/#breadcrumb\"},\"inLanguage\":\"fr-FR\",\"potentialAction\":[{\"@type\":\"ReadAction\",\"target\":[\"https:\/\/paracherkaoui.ma\/index.php\/produit\/acm-sensitelial-soin-apaisant-hydratant-et-apaisant-quotidien-40-ml-5\/\"]}]},{\"@type\":\"ImageObject\",\"inLanguage\":\"fr-FR\",\"@id\":\"https:\/\/paracherkaoui.ma\/index.php\/produit\/acm-sensitelial-soin-apaisant-hydratant-et-apaisant-quotidien-40-ml-5\/#primaryimage\",\"url\":\"https:\/\/paracherkaoui.ma\/wp-content\/uploads\/2025\/12\/acm-acm-sensitelial-soin-apaisant-hydratant-et-apaisant-quotidien-40-ml-soins-anti-rougeurs.jpg\",\"contentUrl\":\"https:\/\/paracherkaoui.ma\/wp-content\/uploads\/2025\/12\/acm-acm-sensitelial-soin-apaisant-hydratant-et-apaisant-quotidien-40-ml-soins-anti-rougeurs.jpg\",\"width\":700,\"height\":700},{\"@type\":\"BreadcrumbList\",\"@id\":\"https:\/\/paracherkaoui.ma\/index.php\/produit\/acm-sensitelial-soin-apaisant-hydratant-et-apaisant-quotidien-40-ml-5\/#breadcrumb\",\"itemListElement\":[{\"@type\":\"ListItem\",\"position\":1,\"name\":\"Accueil\",\"item\":\"https:\/\/paracherkaoui.ma\/\"},{\"@type\":\"ListItem\",\"position\":2,\"name\":\"Boutique\",\"item\":\"https:\/\/paracherkaoui.ma\/index.php\/boutique\/\"},{\"@type\":\"ListItem\",\"position\":3,\"name\":\"ACM SENSITELIAL SOIN APAISANT HYDRATANT ET APAISANT QUOTIDIEN 40 ML\"}]},{\"@type\":\"WebSite\",\"@id\":\"https:\/\/paracherkaoui.ma\/#website\",\"url\":\"https:\/\/paracherkaoui.ma\/\",\"name\":\"Paracherkaoui.ma\",\"description\":\"Achetez en ligne sur Paracherkaoui.ma\",\"potentialAction\":[{\"@type\":\"SearchAction\",\"target\":{\"@type\":\"EntryPoint\",\"urlTemplate\":\"https:\/\/paracherkaoui.ma\/?s={search_term_string}\"},\"query-input\":{\"@type\":\"PropertyValueSpecification\",\"valueRequired\":true,\"valueName\":\"search_term_string\"}}],\"inLanguage\":\"fr-FR\"}]}<\/script>\r\n<!-- \/ Yoast SEO plugin. -->","yoast_head_json":{"title":"ACM SENSITELIAL SOIN APAISANT HYDRATANT ET APAISANT QUOTIDIEN 40 ML - Paracherkaoui.ma","robots":{"index":"index","follow":"follow","max-snippet":"max-snippet:-1","max-image-preview":"max-image-preview:large","max-video-preview":"max-video-preview:-1"},"canonical":"https:\/\/paracherkaoui.ma\/index.php\/produit\/acm-sensitelial-soin-apaisant-hydratant-et-apaisant-quotidien-40-ml-5\/","og_locale":"fr_FR","og_type":"article","og_title":"ACM SENSITELIAL SOIN APAISANT HYDRATANT ET APAISANT QUOTIDIEN 40 ML - Paracherkaoui.ma","og_description":"Ce soin apaisant diminue les rougeurs diffuses et am\u00e9liore la microcirculation cutan\u00e9e gr\u00e2ce \u00e0 la vitamine E et \u00e0 l\u2019Escine.","og_url":"https:\/\/paracherkaoui.ma\/index.php\/produit\/acm-sensitelial-soin-apaisant-hydratant-et-apaisant-quotidien-40-ml-5\/","og_site_name":"Paracherkaoui.ma","article_modified_time":"2025-12-12T17:25:44+00:00","og_image":[{"width":700,"height":700,"url":"https:\/\/paracherkaoui.ma\/wp-content\/uploads\/2025\/12\/acm-acm-sensitelial-soin-apaisant-hydratant-et-apaisant-quotidien-40-ml-soins-anti-rougeurs.jpg","type":"image\/jpeg"}],"twitter_card":"summary_large_image","schema":{"@context":"https:\/\/schema.org","@graph":[{"@type":"WebPage","@id":"https:\/\/paracherkaoui.ma\/index.php\/produit\/acm-sensitelial-soin-apaisant-hydratant-et-apaisant-quotidien-40-ml-5\/","url":"https:\/\/paracherkaoui.ma\/index.php\/produit\/acm-sensitelial-soin-apaisant-hydratant-et-apaisant-quotidien-40-ml-5\/","name":"ACM SENSITELIAL SOIN APAISANT HYDRATANT ET APAISANT QUOTIDIEN 40 ML - Paracherkaoui.ma","isPartOf":{"@id":"https:\/\/paracherkaoui.ma\/#website"},"primaryImageOfPage":{"@id":"https:\/\/paracherkaoui.ma\/index.php\/produit\/acm-sensitelial-soin-apaisant-hydratant-et-apaisant-quotidien-40-ml-5\/#primaryimage"},"image":{"@id":"https:\/\/paracherkaoui.ma\/index.php\/produit\/acm-sensitelial-soin-apaisant-hydratant-et-apaisant-quotidien-40-ml-5\/#primaryimage"},"thumbnailUrl":"https:\/\/paracherkaoui.ma\/wp-content\/uploads\/2025\/12\/acm-acm-sensitelial-soin-apaisant-hydratant-et-apaisant-quotidien-40-ml-soins-anti-rougeurs.jpg","datePublished":"2025-12-12T17:25:41+00:00","dateModified":"2025-12-12T17:25:44+00:00","breadcrumb":{"@id":"https:\/\/paracherkaoui.ma\/index.php\/produit\/acm-sensitelial-soin-apaisant-hydratant-et-apaisant-quotidien-40-ml-5\/#breadcrumb"},"inLanguage":"fr-FR","potentialAction":[{"@type":"ReadAction","target":["https:\/\/paracherkaoui.ma\/index.php\/produit\/acm-sensitelial-soin-apaisant-hydratant-et-apaisant-quotidien-40-ml-5\/"]}]},{"@type":"ImageObject","inLanguage":"fr-FR","@id":"https:\/\/paracherkaoui.ma\/index.php\/produit\/acm-sensitelial-soin-apaisant-hydratant-et-apaisant-quotidien-40-ml-5\/#primaryimage","url":"https:\/\/paracherkaoui.ma\/wp-content\/uploads\/2025\/12\/acm-acm-sensitelial-soin-apaisant-hydratant-et-apaisant-quotidien-40-ml-soins-anti-rougeurs.jpg","contentUrl":"https:\/\/paracherkaoui.ma\/wp-content\/uploads\/2025\/12\/acm-acm-sensitelial-soin-apaisant-hydratant-et-apaisant-quotidien-40-ml-soins-anti-rougeurs.jpg","width":700,"height":700},{"@type":"BreadcrumbList","@id":"https:\/\/paracherkaoui.ma\/index.php\/produit\/acm-sensitelial-soin-apaisant-hydratant-et-apaisant-quotidien-40-ml-5\/#breadcrumb","itemListElement":[{"@type":"ListItem","position":1,"name":"Accueil","item":"https:\/\/paracherkaoui.ma\/"},{"@type":"ListItem","position":2,"name":"Boutique","item":"https:\/\/paracherkaoui.ma\/index.php\/boutique\/"},{"@type":"ListItem","position":3,"name":"ACM SENSITELIAL SOIN APAISANT HYDRATANT ET APAISANT QUOTIDIEN 40 ML"}]},{"@type":"WebSite","@id":"https:\/\/paracherkaoui.ma\/#website","url":"https:\/\/paracherkaoui.ma\/","name":"Paracherkaoui.ma","description":"Achetez en ligne sur Paracherkaoui.ma","potentialAction":[{"@type":"SearchAction","target":{"@type":"EntryPoint","urlTemplate":"https:\/\/paracherkaoui.ma\/?s={search_term_string}"},"query-input":{"@type":"PropertyValueSpecification","valueRequired":true,"valueName":"search_term_string"}}],"inLanguage":"fr-FR"}]}},"_links":{"self":[{"href":"https:\/\/paracherkaoui.ma\/index.php\/wp-json\/wp\/v2\/product\/26887","targetHints":{"allow":["GET"]}}],"collection":[{"href":"https:\/\/paracherkaoui.ma\/index.php\/wp-json\/wp\/v2\/product"}],"about":[{"href":"https:\/\/paracherkaoui.ma\/index.php\/wp-json\/wp\/v2\/types\/product"}],"replies":[{"embeddable":true,"href":"https:\/\/paracherkaoui.ma\/index.php\/wp-json\/wp\/v2\/comments?post=26887"}],"version-history":[{"count":1,"href":"https:\/\/paracherkaoui.ma\/index.php\/wp-json\/wp\/v2\/product\/26887\/revisions"}],"predecessor-version":[{"id":26922,"href":"https:\/\/paracherkaoui.ma\/index.php\/wp-json\/wp\/v2\/product\/26887\/revisions\/26922"}],"wp:featuredmedia":[{"embeddable":true,"href":"https:\/\/paracherkaoui.ma\/index.php\/wp-json\/wp\/v2\/media\/11677"}],"wp:attachment":[{"href":"https:\/\/paracherkaoui.ma\/index.php\/wp-json\/wp\/v2\/media?parent=26887"}],"wp:term":[{"taxonomy":"product_brand","embeddable":true,"href":"https:\/\/paracherkaoui.ma\/index.php\/wp-json\/wp\/v2\/product_brand?post=26887"},{"taxonomy":"product_cat","embeddable":true,"href":"https:\/\/paracherkaoui.ma\/index.php\/wp-json\/wp\/v2\/product_cat?post=26887"},{"taxonomy":"product_tag","embeddable":true,"href":"https:\/\/paracherkaoui.ma\/index.php\/wp-json\/wp\/v2\/product_tag?post=26887"}],"curies":[{"name":"wp","href":"https:\/\/api.w.org\/{rel}","templated":true}]}}