{"id":26885,"date":"2025-12-12T18:25:41","date_gmt":"2025-12-12T17:25:41","guid":{"rendered":"https:\/\/test.ecbeaute.com\/?post_type=product&#038;p=26885"},"modified":"2025-12-12T18:25:43","modified_gmt":"2025-12-12T17:25:43","slug":"isispharma-neotone-sensitive-baume-intensif-30-ml-2","status":"publish","type":"product","link":"https:\/\/paracherkaoui.ma\/index.php\/produit\/isispharma-neotone-sensitive-baume-intensif-30-ml-2\/","title":{"rendered":"ISISPHARMA NEOTONE SENSITIVE BAUME INTENSIF 30 ML"},"content":{"rendered":"<p>Baume intensif<br \/>\nNEOTONE\u00ae Sensitive est un soin d\u00e9pigmentant de nuit, adapt\u00e9 aux peaux sensibles, qui aide \u00e0 lutter efficacement contre les taches pigmentaires gr\u00e2ce \u00e0 l&rsquo;association du complexe brevet\u00e9 DEPI-ACT\u00ae et d&rsquo;actifs hydratants. Gr\u00e2ce \u00e0 son actif agissant sur les effets de la vascularisation, responsables de l&rsquo;apparition des taches, il permet notamment de r\u00e9duire significativement les taches hormonales \u00e9tendues.<br \/>\nCette cr\u00e8me de nuit est la seule r\u00e9f\u00e9rence du march\u00e9* \u00e0 proposer une solution d\u00e9pigmentante sans agent k\u00e9ratolytique, pour s&rsquo;adapter parfaitement aux peaux les plus sensibles.<\/p>\n<p>La gamme de soins d\u00e9pigmentants dermatologiques NEOTONE\u00ae assure une efficacit\u00e9 optimale contre les taches pigmentaires gr\u00e2ce \u00e0 son complexe brevet\u00e9 DEPI-ACT\u00ae. Il agit \u00e0 chaque \u00e9tape de la formation des taches et utilise un mode d&rsquo;action innovant : celui du mim\u00e9tisme du m\u00e9canisme responsable de la blancheur de nos paumes de mains et de nos plantes de pieds.<br \/>\nCette gamme se d\u00e9cline afin de s&rsquo;adapter \u00e0 tous les types de peaux, notamment les peaux sensibles, ainsi qu&rsquo;\u00e0 tous les types de taches.<br \/>\nTout en offrant une routine compl\u00e8te pour nettoyer, corriger et pr\u00e9venir l&rsquo;apparition de taches pigmentaires, NEOTONE\u00ae prot\u00e8ge la peau et l&rsquo;aide \u00e0 retrouver un \u00e9quilibre naturel.<\/p>\n<p>Le complexe d&rsquo;actifs brevet\u00e9 [DEPI-ACT\u00ae] offre une synergie d&rsquo;actions d\u00e9pigmentantes unique. Gr\u00e2ce \u00e0 sa combinaison de 4 actifs rigoureusement s\u00e9lectionn\u00e9s, il agit \u00e0 chaque \u00e9tape de la formation des taches et imite le m\u00e9canisme naturel responsable de la blancheur des paumes de la main, pour \u00e9liminer efficacement les taches.<br \/>\nConseils d&rsquo;utilisation<br \/>\nAppliquer quotidiennement le soir, sur une peau propre, sur les zones localis\u00e9es et \u00e9tendues du visage, du cou, du d\u00e9collet\u00e9 et des mains.<\/p>\n","protected":false},"excerpt":{"rendered":"<p>Baume intensif NEOTONE\u00ae Sensitive est un soin d\u00e9pigmentant de nuit, adapt\u00e9 aux peaux sensibles, qui aide \u00e0 lutter efficacement contre<\/p>\n","protected":false},"featured_media":25078,"comment_status":"open","ping_status":"closed","template":"","meta":[],"product_brand":[321],"product_cat":[525],"product_tag":[],"class_list":{"0":"post-26885","1":"product","2":"type-product","3":"status-publish","4":"has-post-thumbnail","6":"product_brand-isispharma","7":"product_cat-cremes-jour","9":"first","10":"instock","11":"sale","12":"shipping-taxable","13":"purchasable","14":"product-type-simple"},"yoast_head":"<!-- This site is optimized with the Yoast SEO plugin v26.6 - https:\/\/yoast.com\/wordpress\/plugins\/seo\/ -->\r\n<title>ISISPHARMA NEOTONE SENSITIVE BAUME INTENSIF 30 ML - Paracherkaoui.ma<\/title>\r\n<meta name=\"robots\" content=\"index, follow, max-snippet:-1, max-image-preview:large, max-video-preview:-1\" \/>\r\n<link rel=\"canonical\" href=\"https:\/\/paracherkaoui.ma\/index.php\/produit\/isispharma-neotone-sensitive-baume-intensif-30-ml-2\/\" \/>\r\n<meta property=\"og:locale\" content=\"fr_FR\" \/>\r\n<meta property=\"og:type\" content=\"article\" \/>\r\n<meta property=\"og:title\" content=\"ISISPHARMA NEOTONE SENSITIVE BAUME INTENSIF 30 ML - Paracherkaoui.ma\" \/>\r\n<meta property=\"og:description\" content=\"Baume intensif NEOTONE\u00ae Sensitive est un soin d\u00e9pigmentant de nuit, adapt\u00e9 aux peaux sensibles, qui aide \u00e0 lutter efficacement contre\" \/>\r\n<meta property=\"og:url\" content=\"https:\/\/paracherkaoui.ma\/index.php\/produit\/isispharma-neotone-sensitive-baume-intensif-30-ml-2\/\" \/>\r\n<meta property=\"og:site_name\" content=\"Paracherkaoui.ma\" \/>\r\n<meta property=\"article:modified_time\" content=\"2025-12-12T17:25:43+00:00\" \/>\r\n<meta property=\"og:image\" content=\"https:\/\/paracherkaoui.ma\/wp-content\/uploads\/2025\/12\/isispharma-isispharma-neotone-sensitive-baume-intensif-30-ml-cremes-depigmentant.jpg\" \/>\r\n\t<meta property=\"og:image:width\" content=\"700\" \/>\r\n\t<meta property=\"og:image:height\" content=\"700\" \/>\r\n\t<meta property=\"og:image:type\" content=\"image\/jpeg\" \/>\r\n<meta name=\"twitter:card\" content=\"summary_large_image\" \/>\r\n<meta name=\"twitter:label1\" content=\"Dur\u00e9e de lecture estim\u00e9e\" \/>\n\t<meta name=\"twitter:data1\" content=\"1 minute\" \/>\r\n<script type=\"application\/ld+json\" class=\"yoast-schema-graph\">{\"@context\":\"https:\/\/schema.org\",\"@graph\":[{\"@type\":\"WebPage\",\"@id\":\"https:\/\/paracherkaoui.ma\/index.php\/produit\/isispharma-neotone-sensitive-baume-intensif-30-ml-2\/\",\"url\":\"https:\/\/paracherkaoui.ma\/index.php\/produit\/isispharma-neotone-sensitive-baume-intensif-30-ml-2\/\",\"name\":\"ISISPHARMA NEOTONE SENSITIVE BAUME INTENSIF 30 ML - Paracherkaoui.ma\",\"isPartOf\":{\"@id\":\"https:\/\/paracherkaoui.ma\/#website\"},\"primaryImageOfPage\":{\"@id\":\"https:\/\/paracherkaoui.ma\/index.php\/produit\/isispharma-neotone-sensitive-baume-intensif-30-ml-2\/#primaryimage\"},\"image\":{\"@id\":\"https:\/\/paracherkaoui.ma\/index.php\/produit\/isispharma-neotone-sensitive-baume-intensif-30-ml-2\/#primaryimage\"},\"thumbnailUrl\":\"https:\/\/paracherkaoui.ma\/wp-content\/uploads\/2025\/12\/isispharma-isispharma-neotone-sensitive-baume-intensif-30-ml-cremes-depigmentant.jpg\",\"datePublished\":\"2025-12-12T17:25:41+00:00\",\"dateModified\":\"2025-12-12T17:25:43+00:00\",\"breadcrumb\":{\"@id\":\"https:\/\/paracherkaoui.ma\/index.php\/produit\/isispharma-neotone-sensitive-baume-intensif-30-ml-2\/#breadcrumb\"},\"inLanguage\":\"fr-FR\",\"potentialAction\":[{\"@type\":\"ReadAction\",\"target\":[\"https:\/\/paracherkaoui.ma\/index.php\/produit\/isispharma-neotone-sensitive-baume-intensif-30-ml-2\/\"]}]},{\"@type\":\"ImageObject\",\"inLanguage\":\"fr-FR\",\"@id\":\"https:\/\/paracherkaoui.ma\/index.php\/produit\/isispharma-neotone-sensitive-baume-intensif-30-ml-2\/#primaryimage\",\"url\":\"https:\/\/paracherkaoui.ma\/wp-content\/uploads\/2025\/12\/isispharma-isispharma-neotone-sensitive-baume-intensif-30-ml-cremes-depigmentant.jpg\",\"contentUrl\":\"https:\/\/paracherkaoui.ma\/wp-content\/uploads\/2025\/12\/isispharma-isispharma-neotone-sensitive-baume-intensif-30-ml-cremes-depigmentant.jpg\",\"width\":700,\"height\":700},{\"@type\":\"BreadcrumbList\",\"@id\":\"https:\/\/paracherkaoui.ma\/index.php\/produit\/isispharma-neotone-sensitive-baume-intensif-30-ml-2\/#breadcrumb\",\"itemListElement\":[{\"@type\":\"ListItem\",\"position\":1,\"name\":\"Accueil\",\"item\":\"https:\/\/paracherkaoui.ma\/\"},{\"@type\":\"ListItem\",\"position\":2,\"name\":\"Boutique\",\"item\":\"https:\/\/paracherkaoui.ma\/index.php\/boutique\/\"},{\"@type\":\"ListItem\",\"position\":3,\"name\":\"ISISPHARMA NEOTONE SENSITIVE BAUME INTENSIF 30 ML\"}]},{\"@type\":\"WebSite\",\"@id\":\"https:\/\/paracherkaoui.ma\/#website\",\"url\":\"https:\/\/paracherkaoui.ma\/\",\"name\":\"Paracherkaoui.ma\",\"description\":\"Achetez en ligne sur Paracherkaoui.ma\",\"potentialAction\":[{\"@type\":\"SearchAction\",\"target\":{\"@type\":\"EntryPoint\",\"urlTemplate\":\"https:\/\/paracherkaoui.ma\/?s={search_term_string}\"},\"query-input\":{\"@type\":\"PropertyValueSpecification\",\"valueRequired\":true,\"valueName\":\"search_term_string\"}}],\"inLanguage\":\"fr-FR\"}]}<\/script>\r\n<!-- \/ Yoast SEO plugin. -->","yoast_head_json":{"title":"ISISPHARMA NEOTONE SENSITIVE BAUME INTENSIF 30 ML - Paracherkaoui.ma","robots":{"index":"index","follow":"follow","max-snippet":"max-snippet:-1","max-image-preview":"max-image-preview:large","max-video-preview":"max-video-preview:-1"},"canonical":"https:\/\/paracherkaoui.ma\/index.php\/produit\/isispharma-neotone-sensitive-baume-intensif-30-ml-2\/","og_locale":"fr_FR","og_type":"article","og_title":"ISISPHARMA NEOTONE SENSITIVE BAUME INTENSIF 30 ML - Paracherkaoui.ma","og_description":"Baume intensif NEOTONE\u00ae Sensitive est un soin d\u00e9pigmentant de nuit, adapt\u00e9 aux peaux sensibles, qui aide \u00e0 lutter efficacement contre","og_url":"https:\/\/paracherkaoui.ma\/index.php\/produit\/isispharma-neotone-sensitive-baume-intensif-30-ml-2\/","og_site_name":"Paracherkaoui.ma","article_modified_time":"2025-12-12T17:25:43+00:00","og_image":[{"width":700,"height":700,"url":"https:\/\/paracherkaoui.ma\/wp-content\/uploads\/2025\/12\/isispharma-isispharma-neotone-sensitive-baume-intensif-30-ml-cremes-depigmentant.jpg","type":"image\/jpeg"}],"twitter_card":"summary_large_image","twitter_misc":{"Dur\u00e9e de lecture estim\u00e9e":"1 minute"},"schema":{"@context":"https:\/\/schema.org","@graph":[{"@type":"WebPage","@id":"https:\/\/paracherkaoui.ma\/index.php\/produit\/isispharma-neotone-sensitive-baume-intensif-30-ml-2\/","url":"https:\/\/paracherkaoui.ma\/index.php\/produit\/isispharma-neotone-sensitive-baume-intensif-30-ml-2\/","name":"ISISPHARMA NEOTONE SENSITIVE BAUME INTENSIF 30 ML - Paracherkaoui.ma","isPartOf":{"@id":"https:\/\/paracherkaoui.ma\/#website"},"primaryImageOfPage":{"@id":"https:\/\/paracherkaoui.ma\/index.php\/produit\/isispharma-neotone-sensitive-baume-intensif-30-ml-2\/#primaryimage"},"image":{"@id":"https:\/\/paracherkaoui.ma\/index.php\/produit\/isispharma-neotone-sensitive-baume-intensif-30-ml-2\/#primaryimage"},"thumbnailUrl":"https:\/\/paracherkaoui.ma\/wp-content\/uploads\/2025\/12\/isispharma-isispharma-neotone-sensitive-baume-intensif-30-ml-cremes-depigmentant.jpg","datePublished":"2025-12-12T17:25:41+00:00","dateModified":"2025-12-12T17:25:43+00:00","breadcrumb":{"@id":"https:\/\/paracherkaoui.ma\/index.php\/produit\/isispharma-neotone-sensitive-baume-intensif-30-ml-2\/#breadcrumb"},"inLanguage":"fr-FR","potentialAction":[{"@type":"ReadAction","target":["https:\/\/paracherkaoui.ma\/index.php\/produit\/isispharma-neotone-sensitive-baume-intensif-30-ml-2\/"]}]},{"@type":"ImageObject","inLanguage":"fr-FR","@id":"https:\/\/paracherkaoui.ma\/index.php\/produit\/isispharma-neotone-sensitive-baume-intensif-30-ml-2\/#primaryimage","url":"https:\/\/paracherkaoui.ma\/wp-content\/uploads\/2025\/12\/isispharma-isispharma-neotone-sensitive-baume-intensif-30-ml-cremes-depigmentant.jpg","contentUrl":"https:\/\/paracherkaoui.ma\/wp-content\/uploads\/2025\/12\/isispharma-isispharma-neotone-sensitive-baume-intensif-30-ml-cremes-depigmentant.jpg","width":700,"height":700},{"@type":"BreadcrumbList","@id":"https:\/\/paracherkaoui.ma\/index.php\/produit\/isispharma-neotone-sensitive-baume-intensif-30-ml-2\/#breadcrumb","itemListElement":[{"@type":"ListItem","position":1,"name":"Accueil","item":"https:\/\/paracherkaoui.ma\/"},{"@type":"ListItem","position":2,"name":"Boutique","item":"https:\/\/paracherkaoui.ma\/index.php\/boutique\/"},{"@type":"ListItem","position":3,"name":"ISISPHARMA NEOTONE SENSITIVE BAUME INTENSIF 30 ML"}]},{"@type":"WebSite","@id":"https:\/\/paracherkaoui.ma\/#website","url":"https:\/\/paracherkaoui.ma\/","name":"Paracherkaoui.ma","description":"Achetez en ligne sur Paracherkaoui.ma","potentialAction":[{"@type":"SearchAction","target":{"@type":"EntryPoint","urlTemplate":"https:\/\/paracherkaoui.ma\/?s={search_term_string}"},"query-input":{"@type":"PropertyValueSpecification","valueRequired":true,"valueName":"search_term_string"}}],"inLanguage":"fr-FR"}]}},"_links":{"self":[{"href":"https:\/\/paracherkaoui.ma\/index.php\/wp-json\/wp\/v2\/product\/26885","targetHints":{"allow":["GET"]}}],"collection":[{"href":"https:\/\/paracherkaoui.ma\/index.php\/wp-json\/wp\/v2\/product"}],"about":[{"href":"https:\/\/paracherkaoui.ma\/index.php\/wp-json\/wp\/v2\/types\/product"}],"replies":[{"embeddable":true,"href":"https:\/\/paracherkaoui.ma\/index.php\/wp-json\/wp\/v2\/comments?post=26885"}],"version-history":[{"count":1,"href":"https:\/\/paracherkaoui.ma\/index.php\/wp-json\/wp\/v2\/product\/26885\/revisions"}],"predecessor-version":[{"id":26919,"href":"https:\/\/paracherkaoui.ma\/index.php\/wp-json\/wp\/v2\/product\/26885\/revisions\/26919"}],"wp:featuredmedia":[{"embeddable":true,"href":"https:\/\/paracherkaoui.ma\/index.php\/wp-json\/wp\/v2\/media\/25078"}],"wp:attachment":[{"href":"https:\/\/paracherkaoui.ma\/index.php\/wp-json\/wp\/v2\/media?parent=26885"}],"wp:term":[{"taxonomy":"product_brand","embeddable":true,"href":"https:\/\/paracherkaoui.ma\/index.php\/wp-json\/wp\/v2\/product_brand?post=26885"},{"taxonomy":"product_cat","embeddable":true,"href":"https:\/\/paracherkaoui.ma\/index.php\/wp-json\/wp\/v2\/product_cat?post=26885"},{"taxonomy":"product_tag","embeddable":true,"href":"https:\/\/paracherkaoui.ma\/index.php\/wp-json\/wp\/v2\/product_tag?post=26885"}],"curies":[{"name":"wp","href":"https:\/\/api.w.org\/{rel}","templated":true}]}}