{"id":26883,"date":"2025-12-12T18:25:41","date_gmt":"2025-12-12T17:25:41","guid":{"rendered":"https:\/\/test.ecbeaute.com\/?post_type=product&#038;p=26883"},"modified":"2025-12-12T18:25:43","modified_gmt":"2025-12-12T17:25:43","slug":"heliabrine-baume-54-protection-optimale-visage-50ml","status":"publish","type":"product","link":"https:\/\/paracherkaoui.ma\/index.php\/produit\/heliabrine-baume-54-protection-optimale-visage-50ml\/","title":{"rendered":"HELIABRINE BAUME 54 PROTECTION OPTIMALE VISAGE 50ML"},"content":{"rendered":"<p>Ce baume r\u00e9confortant, nourrit intens\u00e9ment les peaux s\u00e8ches \u00e0 tr\u00e8s s\u00e8ches. Il contient un puissant cocktail de plantes pour affronter les conditions climatiques difficiles (froid, humidit\u00e9). Il pr\u00e9vient les engelures et ger\u00e7ures et renforce la barri\u00e8re hydro-lipidique de la peau.<br \/>\nConseils d&rsquo;utilisation:<br \/>\nAppliquer matin et soir, par un l\u00e9ger massage sur le visage et le cou d\u00e9maquill\u00e9s. Sa texture riche et fondante est particuli\u00e8rement adapt\u00e9e aux peaux s\u00e8ches et exigeantes.<\/p>\n","protected":false},"excerpt":{"rendered":"<p>Ce baume r\u00e9confortant, nourrit intens\u00e9ment les peaux s\u00e8ches \u00e0 tr\u00e8s s\u00e8ches. Il contient un puissant cocktail de plantes pour affronter<\/p>\n","protected":false},"featured_media":26915,"comment_status":"open","ping_status":"closed","template":"","meta":[],"product_brand":[360],"product_cat":[525],"product_tag":[],"class_list":{"0":"post-26883","1":"product","2":"type-product","3":"status-publish","4":"has-post-thumbnail","6":"product_brand-heliabrine","7":"product_cat-cremes-jour","9":"first","10":"instock","11":"sale","12":"shipping-taxable","13":"purchasable","14":"product-type-simple"},"yoast_head":"<!-- This site is optimized with the Yoast SEO plugin v26.6 - https:\/\/yoast.com\/wordpress\/plugins\/seo\/ -->\r\n<title>HELIABRINE BAUME 54 PROTECTION OPTIMALE VISAGE 50ML - Paracherkaoui.ma<\/title>\r\n<meta name=\"robots\" content=\"index, follow, max-snippet:-1, max-image-preview:large, max-video-preview:-1\" \/>\r\n<link rel=\"canonical\" href=\"https:\/\/paracherkaoui.ma\/index.php\/produit\/heliabrine-baume-54-protection-optimale-visage-50ml\/\" \/>\r\n<meta property=\"og:locale\" content=\"fr_FR\" \/>\r\n<meta property=\"og:type\" content=\"article\" \/>\r\n<meta property=\"og:title\" content=\"HELIABRINE BAUME 54 PROTECTION OPTIMALE VISAGE 50ML - Paracherkaoui.ma\" \/>\r\n<meta property=\"og:description\" content=\"Ce baume r\u00e9confortant, nourrit intens\u00e9ment les peaux s\u00e8ches \u00e0 tr\u00e8s s\u00e8ches. Il contient un puissant cocktail de plantes pour affronter\" \/>\r\n<meta property=\"og:url\" content=\"https:\/\/paracherkaoui.ma\/index.php\/produit\/heliabrine-baume-54-protection-optimale-visage-50ml\/\" \/>\r\n<meta property=\"og:site_name\" content=\"Paracherkaoui.ma\" \/>\r\n<meta property=\"article:modified_time\" content=\"2025-12-12T17:25:43+00:00\" \/>\r\n<meta property=\"og:image\" content=\"https:\/\/paracherkaoui.ma\/wp-content\/uploads\/2025\/12\/heliabrine-heliabrine-baume-54-protection-optimale-visage-50ml-cremes-jour.jpg\" \/>\r\n\t<meta property=\"og:image:width\" content=\"700\" \/>\r\n\t<meta property=\"og:image:height\" content=\"700\" \/>\r\n\t<meta property=\"og:image:type\" content=\"image\/jpeg\" \/>\r\n<meta name=\"twitter:card\" content=\"summary_large_image\" \/>\r\n<script type=\"application\/ld+json\" class=\"yoast-schema-graph\">{\"@context\":\"https:\/\/schema.org\",\"@graph\":[{\"@type\":\"WebPage\",\"@id\":\"https:\/\/paracherkaoui.ma\/index.php\/produit\/heliabrine-baume-54-protection-optimale-visage-50ml\/\",\"url\":\"https:\/\/paracherkaoui.ma\/index.php\/produit\/heliabrine-baume-54-protection-optimale-visage-50ml\/\",\"name\":\"HELIABRINE BAUME 54 PROTECTION OPTIMALE VISAGE 50ML - Paracherkaoui.ma\",\"isPartOf\":{\"@id\":\"https:\/\/paracherkaoui.ma\/#website\"},\"primaryImageOfPage\":{\"@id\":\"https:\/\/paracherkaoui.ma\/index.php\/produit\/heliabrine-baume-54-protection-optimale-visage-50ml\/#primaryimage\"},\"image\":{\"@id\":\"https:\/\/paracherkaoui.ma\/index.php\/produit\/heliabrine-baume-54-protection-optimale-visage-50ml\/#primaryimage\"},\"thumbnailUrl\":\"https:\/\/paracherkaoui.ma\/wp-content\/uploads\/2025\/12\/heliabrine-heliabrine-baume-54-protection-optimale-visage-50ml-cremes-jour.jpg\",\"datePublished\":\"2025-12-12T17:25:41+00:00\",\"dateModified\":\"2025-12-12T17:25:43+00:00\",\"breadcrumb\":{\"@id\":\"https:\/\/paracherkaoui.ma\/index.php\/produit\/heliabrine-baume-54-protection-optimale-visage-50ml\/#breadcrumb\"},\"inLanguage\":\"fr-FR\",\"potentialAction\":[{\"@type\":\"ReadAction\",\"target\":[\"https:\/\/paracherkaoui.ma\/index.php\/produit\/heliabrine-baume-54-protection-optimale-visage-50ml\/\"]}]},{\"@type\":\"ImageObject\",\"inLanguage\":\"fr-FR\",\"@id\":\"https:\/\/paracherkaoui.ma\/index.php\/produit\/heliabrine-baume-54-protection-optimale-visage-50ml\/#primaryimage\",\"url\":\"https:\/\/paracherkaoui.ma\/wp-content\/uploads\/2025\/12\/heliabrine-heliabrine-baume-54-protection-optimale-visage-50ml-cremes-jour.jpg\",\"contentUrl\":\"https:\/\/paracherkaoui.ma\/wp-content\/uploads\/2025\/12\/heliabrine-heliabrine-baume-54-protection-optimale-visage-50ml-cremes-jour.jpg\",\"width\":700,\"height\":700},{\"@type\":\"BreadcrumbList\",\"@id\":\"https:\/\/paracherkaoui.ma\/index.php\/produit\/heliabrine-baume-54-protection-optimale-visage-50ml\/#breadcrumb\",\"itemListElement\":[{\"@type\":\"ListItem\",\"position\":1,\"name\":\"Accueil\",\"item\":\"https:\/\/paracherkaoui.ma\/\"},{\"@type\":\"ListItem\",\"position\":2,\"name\":\"Boutique\",\"item\":\"https:\/\/paracherkaoui.ma\/index.php\/boutique\/\"},{\"@type\":\"ListItem\",\"position\":3,\"name\":\"HELIABRINE BAUME 54 PROTECTION OPTIMALE VISAGE 50ML\"}]},{\"@type\":\"WebSite\",\"@id\":\"https:\/\/paracherkaoui.ma\/#website\",\"url\":\"https:\/\/paracherkaoui.ma\/\",\"name\":\"Paracherkaoui.ma\",\"description\":\"Achetez en ligne sur Paracherkaoui.ma\",\"potentialAction\":[{\"@type\":\"SearchAction\",\"target\":{\"@type\":\"EntryPoint\",\"urlTemplate\":\"https:\/\/paracherkaoui.ma\/?s={search_term_string}\"},\"query-input\":{\"@type\":\"PropertyValueSpecification\",\"valueRequired\":true,\"valueName\":\"search_term_string\"}}],\"inLanguage\":\"fr-FR\"}]}<\/script>\r\n<!-- \/ Yoast SEO plugin. -->","yoast_head_json":{"title":"HELIABRINE BAUME 54 PROTECTION OPTIMALE VISAGE 50ML - Paracherkaoui.ma","robots":{"index":"index","follow":"follow","max-snippet":"max-snippet:-1","max-image-preview":"max-image-preview:large","max-video-preview":"max-video-preview:-1"},"canonical":"https:\/\/paracherkaoui.ma\/index.php\/produit\/heliabrine-baume-54-protection-optimale-visage-50ml\/","og_locale":"fr_FR","og_type":"article","og_title":"HELIABRINE BAUME 54 PROTECTION OPTIMALE VISAGE 50ML - Paracherkaoui.ma","og_description":"Ce baume r\u00e9confortant, nourrit intens\u00e9ment les peaux s\u00e8ches \u00e0 tr\u00e8s s\u00e8ches. Il contient un puissant cocktail de plantes pour affronter","og_url":"https:\/\/paracherkaoui.ma\/index.php\/produit\/heliabrine-baume-54-protection-optimale-visage-50ml\/","og_site_name":"Paracherkaoui.ma","article_modified_time":"2025-12-12T17:25:43+00:00","og_image":[{"width":700,"height":700,"url":"https:\/\/paracherkaoui.ma\/wp-content\/uploads\/2025\/12\/heliabrine-heliabrine-baume-54-protection-optimale-visage-50ml-cremes-jour.jpg","type":"image\/jpeg"}],"twitter_card":"summary_large_image","schema":{"@context":"https:\/\/schema.org","@graph":[{"@type":"WebPage","@id":"https:\/\/paracherkaoui.ma\/index.php\/produit\/heliabrine-baume-54-protection-optimale-visage-50ml\/","url":"https:\/\/paracherkaoui.ma\/index.php\/produit\/heliabrine-baume-54-protection-optimale-visage-50ml\/","name":"HELIABRINE BAUME 54 PROTECTION OPTIMALE VISAGE 50ML - Paracherkaoui.ma","isPartOf":{"@id":"https:\/\/paracherkaoui.ma\/#website"},"primaryImageOfPage":{"@id":"https:\/\/paracherkaoui.ma\/index.php\/produit\/heliabrine-baume-54-protection-optimale-visage-50ml\/#primaryimage"},"image":{"@id":"https:\/\/paracherkaoui.ma\/index.php\/produit\/heliabrine-baume-54-protection-optimale-visage-50ml\/#primaryimage"},"thumbnailUrl":"https:\/\/paracherkaoui.ma\/wp-content\/uploads\/2025\/12\/heliabrine-heliabrine-baume-54-protection-optimale-visage-50ml-cremes-jour.jpg","datePublished":"2025-12-12T17:25:41+00:00","dateModified":"2025-12-12T17:25:43+00:00","breadcrumb":{"@id":"https:\/\/paracherkaoui.ma\/index.php\/produit\/heliabrine-baume-54-protection-optimale-visage-50ml\/#breadcrumb"},"inLanguage":"fr-FR","potentialAction":[{"@type":"ReadAction","target":["https:\/\/paracherkaoui.ma\/index.php\/produit\/heliabrine-baume-54-protection-optimale-visage-50ml\/"]}]},{"@type":"ImageObject","inLanguage":"fr-FR","@id":"https:\/\/paracherkaoui.ma\/index.php\/produit\/heliabrine-baume-54-protection-optimale-visage-50ml\/#primaryimage","url":"https:\/\/paracherkaoui.ma\/wp-content\/uploads\/2025\/12\/heliabrine-heliabrine-baume-54-protection-optimale-visage-50ml-cremes-jour.jpg","contentUrl":"https:\/\/paracherkaoui.ma\/wp-content\/uploads\/2025\/12\/heliabrine-heliabrine-baume-54-protection-optimale-visage-50ml-cremes-jour.jpg","width":700,"height":700},{"@type":"BreadcrumbList","@id":"https:\/\/paracherkaoui.ma\/index.php\/produit\/heliabrine-baume-54-protection-optimale-visage-50ml\/#breadcrumb","itemListElement":[{"@type":"ListItem","position":1,"name":"Accueil","item":"https:\/\/paracherkaoui.ma\/"},{"@type":"ListItem","position":2,"name":"Boutique","item":"https:\/\/paracherkaoui.ma\/index.php\/boutique\/"},{"@type":"ListItem","position":3,"name":"HELIABRINE BAUME 54 PROTECTION OPTIMALE VISAGE 50ML"}]},{"@type":"WebSite","@id":"https:\/\/paracherkaoui.ma\/#website","url":"https:\/\/paracherkaoui.ma\/","name":"Paracherkaoui.ma","description":"Achetez en ligne sur Paracherkaoui.ma","potentialAction":[{"@type":"SearchAction","target":{"@type":"EntryPoint","urlTemplate":"https:\/\/paracherkaoui.ma\/?s={search_term_string}"},"query-input":{"@type":"PropertyValueSpecification","valueRequired":true,"valueName":"search_term_string"}}],"inLanguage":"fr-FR"}]}},"_links":{"self":[{"href":"https:\/\/paracherkaoui.ma\/index.php\/wp-json\/wp\/v2\/product\/26883","targetHints":{"allow":["GET"]}}],"collection":[{"href":"https:\/\/paracherkaoui.ma\/index.php\/wp-json\/wp\/v2\/product"}],"about":[{"href":"https:\/\/paracherkaoui.ma\/index.php\/wp-json\/wp\/v2\/types\/product"}],"replies":[{"embeddable":true,"href":"https:\/\/paracherkaoui.ma\/index.php\/wp-json\/wp\/v2\/comments?post=26883"}],"version-history":[{"count":1,"href":"https:\/\/paracherkaoui.ma\/index.php\/wp-json\/wp\/v2\/product\/26883\/revisions"}],"predecessor-version":[{"id":26916,"href":"https:\/\/paracherkaoui.ma\/index.php\/wp-json\/wp\/v2\/product\/26883\/revisions\/26916"}],"wp:featuredmedia":[{"embeddable":true,"href":"https:\/\/paracherkaoui.ma\/index.php\/wp-json\/wp\/v2\/media\/26915"}],"wp:attachment":[{"href":"https:\/\/paracherkaoui.ma\/index.php\/wp-json\/wp\/v2\/media?parent=26883"}],"wp:term":[{"taxonomy":"product_brand","embeddable":true,"href":"https:\/\/paracherkaoui.ma\/index.php\/wp-json\/wp\/v2\/product_brand?post=26883"},{"taxonomy":"product_cat","embeddable":true,"href":"https:\/\/paracherkaoui.ma\/index.php\/wp-json\/wp\/v2\/product_cat?post=26883"},{"taxonomy":"product_tag","embeddable":true,"href":"https:\/\/paracherkaoui.ma\/index.php\/wp-json\/wp\/v2\/product_tag?post=26883"}],"curies":[{"name":"wp","href":"https:\/\/api.w.org\/{rel}","templated":true}]}}