{"id":26879,"date":"2025-12-12T18:25:41","date_gmt":"2025-12-12T17:25:41","guid":{"rendered":"https:\/\/test.ecbeaute.com\/?post_type=product&#038;p=26879"},"modified":"2025-12-12T18:25:42","modified_gmt":"2025-12-12T17:25:42","slug":"bella-aurora-advanced-acide-hyaluronique-30-ml","status":"publish","type":"product","link":"https:\/\/paracherkaoui.ma\/index.php\/produit\/bella-aurora-advanced-acide-hyaluronique-30-ml\/","title":{"rendered":"BELLA AURORA ADVANCED ACIDE HYALURONIQUE 30 ML"},"content":{"rendered":"<p>Le Bella Aurora Advanced Booster Acide Hyaluronique 30 ml est un soin intensif con\u00e7u pour offrir une hydratation profonde et durable \u00e0 votre peau. Gr\u00e2ce \u00e0 sa formule innovante, ce booster combine trois types d\u2019acide hyaluronique (haut, moyen et bas poids mol\u00e9culaire) pour p\u00e9n\u00e9trer efficacement toutes les couches de l\u2019\u00e9piderme. Ce m\u00e9lange puissant aide non seulement \u00e0 hydrater imm\u00e9diatement, mais \u00e9galement \u00e0 lisser et repulper la peau, att\u00e9nuant ainsi les rides et ridules.<br \/>\nL&rsquo;effet comblant de ce soin en fait un alli\u00e9 incontournable pour celles et ceux cherchant \u00e0 retrouver une peau plus jeune, souple et \u00e9clatante. Il am\u00e9liore l\u2019\u00e9lasticit\u00e9 cutan\u00e9e, renfor\u00e7ant ainsi la barri\u00e8re naturelle de la peau contre les agressions ext\u00e9rieures. En quelques applications, la peau semble plus ferme et rajeunie, offrant un effet \u00ab\u00a0lifting\u00a0\u00bb visible et durable.<br \/>\nLe Bella Aurora Advanced Booster est id\u00e9al pour les peaux fatigu\u00e9es, d\u00e9shydrat\u00e9es ou marqu\u00e9es par des rides d&rsquo;expression. Il s\u2019int\u00e8gre parfaitement \u00e0 votre routine beaut\u00e9, qu\u2019il soit utilis\u00e9 seul ou avant une cr\u00e8me hydratante, pour maximiser les bienfaits de vos soins quotidiens.<br \/>\nConseils d&rsquo;utilisation :<br \/>\nAppliquez matin et\/ou soir apr\u00e8s avoir nettoy\u00e9 votre visage.<\/p>\n","protected":false},"excerpt":{"rendered":"<p>Le Bella Aurora Advanced Booster Acide Hyaluronique 30 ml est un soin intensif con\u00e7u pour offrir une hydratation profonde et<\/p>\n","protected":false},"featured_media":26909,"comment_status":"open","ping_status":"closed","template":"","meta":[],"product_brand":[359],"product_cat":[525],"product_tag":[],"class_list":{"0":"post-26879","1":"product","2":"type-product","3":"status-publish","4":"has-post-thumbnail","6":"product_brand-bella-aurora","7":"product_cat-cremes-jour","9":"first","10":"instock","11":"sale","12":"shipping-taxable","13":"purchasable","14":"product-type-simple"},"yoast_head":"<!-- This site is optimized with the Yoast SEO plugin v26.6 - https:\/\/yoast.com\/wordpress\/plugins\/seo\/ -->\r\n<title>BELLA AURORA ADVANCED ACIDE HYALURONIQUE 30 ML - Paracherkaoui.ma<\/title>\r\n<meta name=\"robots\" content=\"index, follow, max-snippet:-1, max-image-preview:large, max-video-preview:-1\" \/>\r\n<link rel=\"canonical\" href=\"https:\/\/paracherkaoui.ma\/index.php\/produit\/bella-aurora-advanced-acide-hyaluronique-30-ml\/\" \/>\r\n<meta property=\"og:locale\" content=\"fr_FR\" \/>\r\n<meta property=\"og:type\" content=\"article\" \/>\r\n<meta property=\"og:title\" content=\"BELLA AURORA ADVANCED ACIDE HYALURONIQUE 30 ML - Paracherkaoui.ma\" \/>\r\n<meta property=\"og:description\" content=\"Le Bella Aurora Advanced Booster Acide Hyaluronique 30 ml est un soin intensif con\u00e7u pour offrir une hydratation profonde et\" \/>\r\n<meta property=\"og:url\" content=\"https:\/\/paracherkaoui.ma\/index.php\/produit\/bella-aurora-advanced-acide-hyaluronique-30-ml\/\" \/>\r\n<meta property=\"og:site_name\" content=\"Paracherkaoui.ma\" \/>\r\n<meta property=\"article:modified_time\" content=\"2025-12-12T17:25:42+00:00\" \/>\r\n<meta property=\"og:image\" content=\"https:\/\/paracherkaoui.ma\/wp-content\/uploads\/2025\/12\/bella-aurora-advanced-acide-hyaluronique-30-ml.jpg\" \/>\r\n\t<meta property=\"og:image:width\" content=\"700\" \/>\r\n\t<meta property=\"og:image:height\" content=\"700\" \/>\r\n\t<meta property=\"og:image:type\" content=\"image\/jpeg\" \/>\r\n<meta name=\"twitter:card\" content=\"summary_large_image\" \/>\r\n<meta name=\"twitter:label1\" content=\"Dur\u00e9e de lecture estim\u00e9e\" \/>\n\t<meta name=\"twitter:data1\" content=\"1 minute\" \/>\r\n<script type=\"application\/ld+json\" class=\"yoast-schema-graph\">{\"@context\":\"https:\/\/schema.org\",\"@graph\":[{\"@type\":\"WebPage\",\"@id\":\"https:\/\/paracherkaoui.ma\/index.php\/produit\/bella-aurora-advanced-acide-hyaluronique-30-ml\/\",\"url\":\"https:\/\/paracherkaoui.ma\/index.php\/produit\/bella-aurora-advanced-acide-hyaluronique-30-ml\/\",\"name\":\"BELLA AURORA ADVANCED ACIDE HYALURONIQUE 30 ML - Paracherkaoui.ma\",\"isPartOf\":{\"@id\":\"https:\/\/paracherkaoui.ma\/#website\"},\"primaryImageOfPage\":{\"@id\":\"https:\/\/paracherkaoui.ma\/index.php\/produit\/bella-aurora-advanced-acide-hyaluronique-30-ml\/#primaryimage\"},\"image\":{\"@id\":\"https:\/\/paracherkaoui.ma\/index.php\/produit\/bella-aurora-advanced-acide-hyaluronique-30-ml\/#primaryimage\"},\"thumbnailUrl\":\"https:\/\/paracherkaoui.ma\/wp-content\/uploads\/2025\/12\/bella-aurora-advanced-acide-hyaluronique-30-ml.jpg\",\"datePublished\":\"2025-12-12T17:25:41+00:00\",\"dateModified\":\"2025-12-12T17:25:42+00:00\",\"breadcrumb\":{\"@id\":\"https:\/\/paracherkaoui.ma\/index.php\/produit\/bella-aurora-advanced-acide-hyaluronique-30-ml\/#breadcrumb\"},\"inLanguage\":\"fr-FR\",\"potentialAction\":[{\"@type\":\"ReadAction\",\"target\":[\"https:\/\/paracherkaoui.ma\/index.php\/produit\/bella-aurora-advanced-acide-hyaluronique-30-ml\/\"]}]},{\"@type\":\"ImageObject\",\"inLanguage\":\"fr-FR\",\"@id\":\"https:\/\/paracherkaoui.ma\/index.php\/produit\/bella-aurora-advanced-acide-hyaluronique-30-ml\/#primaryimage\",\"url\":\"https:\/\/paracherkaoui.ma\/wp-content\/uploads\/2025\/12\/bella-aurora-advanced-acide-hyaluronique-30-ml.jpg\",\"contentUrl\":\"https:\/\/paracherkaoui.ma\/wp-content\/uploads\/2025\/12\/bella-aurora-advanced-acide-hyaluronique-30-ml.jpg\",\"width\":700,\"height\":700},{\"@type\":\"BreadcrumbList\",\"@id\":\"https:\/\/paracherkaoui.ma\/index.php\/produit\/bella-aurora-advanced-acide-hyaluronique-30-ml\/#breadcrumb\",\"itemListElement\":[{\"@type\":\"ListItem\",\"position\":1,\"name\":\"Accueil\",\"item\":\"https:\/\/paracherkaoui.ma\/\"},{\"@type\":\"ListItem\",\"position\":2,\"name\":\"Boutique\",\"item\":\"https:\/\/paracherkaoui.ma\/index.php\/boutique\/\"},{\"@type\":\"ListItem\",\"position\":3,\"name\":\"BELLA AURORA ADVANCED ACIDE HYALURONIQUE 30 ML\"}]},{\"@type\":\"WebSite\",\"@id\":\"https:\/\/paracherkaoui.ma\/#website\",\"url\":\"https:\/\/paracherkaoui.ma\/\",\"name\":\"Paracherkaoui.ma\",\"description\":\"Achetez en ligne sur Paracherkaoui.ma\",\"potentialAction\":[{\"@type\":\"SearchAction\",\"target\":{\"@type\":\"EntryPoint\",\"urlTemplate\":\"https:\/\/paracherkaoui.ma\/?s={search_term_string}\"},\"query-input\":{\"@type\":\"PropertyValueSpecification\",\"valueRequired\":true,\"valueName\":\"search_term_string\"}}],\"inLanguage\":\"fr-FR\"}]}<\/script>\r\n<!-- \/ Yoast SEO plugin. -->","yoast_head_json":{"title":"BELLA AURORA ADVANCED ACIDE HYALURONIQUE 30 ML - Paracherkaoui.ma","robots":{"index":"index","follow":"follow","max-snippet":"max-snippet:-1","max-image-preview":"max-image-preview:large","max-video-preview":"max-video-preview:-1"},"canonical":"https:\/\/paracherkaoui.ma\/index.php\/produit\/bella-aurora-advanced-acide-hyaluronique-30-ml\/","og_locale":"fr_FR","og_type":"article","og_title":"BELLA AURORA ADVANCED ACIDE HYALURONIQUE 30 ML - Paracherkaoui.ma","og_description":"Le Bella Aurora Advanced Booster Acide Hyaluronique 30 ml est un soin intensif con\u00e7u pour offrir une hydratation profonde et","og_url":"https:\/\/paracherkaoui.ma\/index.php\/produit\/bella-aurora-advanced-acide-hyaluronique-30-ml\/","og_site_name":"Paracherkaoui.ma","article_modified_time":"2025-12-12T17:25:42+00:00","og_image":[{"width":700,"height":700,"url":"https:\/\/paracherkaoui.ma\/wp-content\/uploads\/2025\/12\/bella-aurora-advanced-acide-hyaluronique-30-ml.jpg","type":"image\/jpeg"}],"twitter_card":"summary_large_image","twitter_misc":{"Dur\u00e9e de lecture estim\u00e9e":"1 minute"},"schema":{"@context":"https:\/\/schema.org","@graph":[{"@type":"WebPage","@id":"https:\/\/paracherkaoui.ma\/index.php\/produit\/bella-aurora-advanced-acide-hyaluronique-30-ml\/","url":"https:\/\/paracherkaoui.ma\/index.php\/produit\/bella-aurora-advanced-acide-hyaluronique-30-ml\/","name":"BELLA AURORA ADVANCED ACIDE HYALURONIQUE 30 ML - Paracherkaoui.ma","isPartOf":{"@id":"https:\/\/paracherkaoui.ma\/#website"},"primaryImageOfPage":{"@id":"https:\/\/paracherkaoui.ma\/index.php\/produit\/bella-aurora-advanced-acide-hyaluronique-30-ml\/#primaryimage"},"image":{"@id":"https:\/\/paracherkaoui.ma\/index.php\/produit\/bella-aurora-advanced-acide-hyaluronique-30-ml\/#primaryimage"},"thumbnailUrl":"https:\/\/paracherkaoui.ma\/wp-content\/uploads\/2025\/12\/bella-aurora-advanced-acide-hyaluronique-30-ml.jpg","datePublished":"2025-12-12T17:25:41+00:00","dateModified":"2025-12-12T17:25:42+00:00","breadcrumb":{"@id":"https:\/\/paracherkaoui.ma\/index.php\/produit\/bella-aurora-advanced-acide-hyaluronique-30-ml\/#breadcrumb"},"inLanguage":"fr-FR","potentialAction":[{"@type":"ReadAction","target":["https:\/\/paracherkaoui.ma\/index.php\/produit\/bella-aurora-advanced-acide-hyaluronique-30-ml\/"]}]},{"@type":"ImageObject","inLanguage":"fr-FR","@id":"https:\/\/paracherkaoui.ma\/index.php\/produit\/bella-aurora-advanced-acide-hyaluronique-30-ml\/#primaryimage","url":"https:\/\/paracherkaoui.ma\/wp-content\/uploads\/2025\/12\/bella-aurora-advanced-acide-hyaluronique-30-ml.jpg","contentUrl":"https:\/\/paracherkaoui.ma\/wp-content\/uploads\/2025\/12\/bella-aurora-advanced-acide-hyaluronique-30-ml.jpg","width":700,"height":700},{"@type":"BreadcrumbList","@id":"https:\/\/paracherkaoui.ma\/index.php\/produit\/bella-aurora-advanced-acide-hyaluronique-30-ml\/#breadcrumb","itemListElement":[{"@type":"ListItem","position":1,"name":"Accueil","item":"https:\/\/paracherkaoui.ma\/"},{"@type":"ListItem","position":2,"name":"Boutique","item":"https:\/\/paracherkaoui.ma\/index.php\/boutique\/"},{"@type":"ListItem","position":3,"name":"BELLA AURORA ADVANCED ACIDE HYALURONIQUE 30 ML"}]},{"@type":"WebSite","@id":"https:\/\/paracherkaoui.ma\/#website","url":"https:\/\/paracherkaoui.ma\/","name":"Paracherkaoui.ma","description":"Achetez en ligne sur Paracherkaoui.ma","potentialAction":[{"@type":"SearchAction","target":{"@type":"EntryPoint","urlTemplate":"https:\/\/paracherkaoui.ma\/?s={search_term_string}"},"query-input":{"@type":"PropertyValueSpecification","valueRequired":true,"valueName":"search_term_string"}}],"inLanguage":"fr-FR"}]}},"_links":{"self":[{"href":"https:\/\/paracherkaoui.ma\/index.php\/wp-json\/wp\/v2\/product\/26879","targetHints":{"allow":["GET"]}}],"collection":[{"href":"https:\/\/paracherkaoui.ma\/index.php\/wp-json\/wp\/v2\/product"}],"about":[{"href":"https:\/\/paracherkaoui.ma\/index.php\/wp-json\/wp\/v2\/types\/product"}],"replies":[{"embeddable":true,"href":"https:\/\/paracherkaoui.ma\/index.php\/wp-json\/wp\/v2\/comments?post=26879"}],"version-history":[{"count":1,"href":"https:\/\/paracherkaoui.ma\/index.php\/wp-json\/wp\/v2\/product\/26879\/revisions"}],"predecessor-version":[{"id":26910,"href":"https:\/\/paracherkaoui.ma\/index.php\/wp-json\/wp\/v2\/product\/26879\/revisions\/26910"}],"wp:featuredmedia":[{"embeddable":true,"href":"https:\/\/paracherkaoui.ma\/index.php\/wp-json\/wp\/v2\/media\/26909"}],"wp:attachment":[{"href":"https:\/\/paracherkaoui.ma\/index.php\/wp-json\/wp\/v2\/media?parent=26879"}],"wp:term":[{"taxonomy":"product_brand","embeddable":true,"href":"https:\/\/paracherkaoui.ma\/index.php\/wp-json\/wp\/v2\/product_brand?post=26879"},{"taxonomy":"product_cat","embeddable":true,"href":"https:\/\/paracherkaoui.ma\/index.php\/wp-json\/wp\/v2\/product_cat?post=26879"},{"taxonomy":"product_tag","embeddable":true,"href":"https:\/\/paracherkaoui.ma\/index.php\/wp-json\/wp\/v2\/product_tag?post=26879"}],"curies":[{"name":"wp","href":"https:\/\/api.w.org\/{rel}","templated":true}]}}