{"id":26878,"date":"2025-12-12T18:25:40","date_gmt":"2025-12-12T17:25:40","guid":{"rendered":"https:\/\/test.ecbeaute.com\/?post_type=product&#038;p=26878"},"modified":"2025-12-12T18:25:42","modified_gmt":"2025-12-12T17:25:42","slug":"acm-depiwhite-m-teinte-spf50-creme-protectrice-teinte-naturelle-40-ml-4","status":"publish","type":"product","link":"https:\/\/paracherkaoui.ma\/index.php\/produit\/acm-depiwhite-m-teinte-spf50-creme-protectrice-teinte-naturelle-40-ml-4\/","title":{"rendered":"ACM DEPIWHITE M TEINTE SPF50+ CREME PROTECTRICE TEINTE NATURELLE 40 ML"},"content":{"rendered":"<p>Description:<br \/>\nCE SOIN ASSOCIE UNE PROTECTION SOLAIRE OPTIMALE UVA-UVB \u00c0 UNE PROTECTION COMPL\u00c9MENTAIRE CONTRE LA LUMI\u00c8RE VISIBLE DE HAUTE \u00c9NERGIE (VIOLETTE-BLEUE).<br \/>\nCe soin offre une tr\u00e8s haute protection solaire teint\u00e9e qui aide \u00e0 pr\u00e9venir l\u2019apparition ou l\u2019aggravation des taches pigmentaires type masque de grossesse. Il contient une association unique de filtres solaires, de pigments et d&rsquo;actifs prot\u00e9geant des rayons UVB, UVA et agents r\u00e9fl\u00e9chissants poss\u00e9dant la particularit\u00e9 de prot\u00e9ger aussi contre la lumi\u00e8re violette et bleue. C\u2019est une cr\u00e8me protectrice solaire teint\u00e9e, \u00e0 la texture fluide, photostable et r\u00e9sistante \u00e0 l\u2019eau ce qui est indispensable \u00e0 une protection fiable, avec une forte persistance sur la peau.Gr\u00e2ce \u00e0 sa teinte dor\u00e9e, les imperfections sont masqu\u00e9es et le teint est unifi\u00e9 ! Associe une protection optimale UVA-UVB \u00e0 une protection compl\u00e9mentaire contre la lumi\u00e8re visible de haute \u00e9nergie .<\/p>\n<p>CONSEILS D&rsquo;UTILISATION :<\/p>\n<p>Appliquer la cr\u00e8me protectrice D\u00e9piwhite M teint\u00e9e SPF50+ le matin quotidiennement pour minimiser les risques d\u2019apparition ou d\u2019aggravation des taches pigmentaires. En cas d\u2019exposition prolong\u00e9e au soleil, appliquer g\u00e9n\u00e9reusement avant l\u2019exposition et renouveler l\u2019application r\u00e9guli\u00e8rement surtout apr\u00e8s avoir transpir\u00e9, nag\u00e9 ou vous \u00eatre essuy\u00e9. La surexposition au soleil est dangereuse pour la sant\u00e9.<\/p>\n","protected":false},"excerpt":{"rendered":"<p>Description: CE SOIN ASSOCIE UNE PROTECTION SOLAIRE OPTIMALE UVA-UVB \u00c0 UNE PROTECTION COMPL\u00c9MENTAIRE CONTRE LA LUMI\u00c8RE VISIBLE DE HAUTE \u00c9NERGIE<\/p>\n","protected":false},"featured_media":11837,"comment_status":"open","ping_status":"closed","template":"","meta":[],"product_brand":[142],"product_cat":[525],"product_tag":[],"class_list":{"0":"post-26878","1":"product","2":"type-product","3":"status-publish","4":"has-post-thumbnail","6":"product_brand-acm","7":"product_cat-cremes-jour","9":"first","10":"instock","11":"sale","12":"shipping-taxable","13":"purchasable","14":"product-type-simple"},"yoast_head":"<!-- This site is optimized with the Yoast SEO plugin v26.6 - https:\/\/yoast.com\/wordpress\/plugins\/seo\/ -->\r\n<title>ACM DEPIWHITE M TEINTE SPF50+ CREME PROTECTRICE TEINTE NATURELLE 40 ML - Paracherkaoui.ma<\/title>\r\n<meta name=\"robots\" content=\"index, follow, max-snippet:-1, max-image-preview:large, max-video-preview:-1\" \/>\r\n<link rel=\"canonical\" href=\"https:\/\/paracherkaoui.ma\/index.php\/produit\/acm-depiwhite-m-teinte-spf50-creme-protectrice-teinte-naturelle-40-ml-4\/\" \/>\r\n<meta property=\"og:locale\" content=\"fr_FR\" \/>\r\n<meta property=\"og:type\" content=\"article\" \/>\r\n<meta property=\"og:title\" content=\"ACM DEPIWHITE M TEINTE SPF50+ CREME PROTECTRICE TEINTE NATURELLE 40 ML - Paracherkaoui.ma\" \/>\r\n<meta property=\"og:description\" content=\"Description: CE SOIN ASSOCIE UNE PROTECTION SOLAIRE OPTIMALE UVA-UVB \u00c0 UNE PROTECTION COMPL\u00c9MENTAIRE CONTRE LA LUMI\u00c8RE VISIBLE DE HAUTE \u00c9NERGIE\" \/>\r\n<meta property=\"og:url\" content=\"https:\/\/paracherkaoui.ma\/index.php\/produit\/acm-depiwhite-m-teinte-spf50-creme-protectrice-teinte-naturelle-40-ml-4\/\" \/>\r\n<meta property=\"og:site_name\" content=\"Paracherkaoui.ma\" \/>\r\n<meta property=\"article:modified_time\" content=\"2025-12-12T17:25:42+00:00\" \/>\r\n<meta property=\"og:image\" content=\"https:\/\/paracherkaoui.ma\/wp-content\/uploads\/2025\/12\/acm-acm-depiwhite-m-teinte-spf50-creme-protectrice-teinte-naturelle-40-ml-cremes-jour.jpg\" \/>\r\n\t<meta property=\"og:image:width\" content=\"700\" \/>\r\n\t<meta property=\"og:image:height\" content=\"700\" \/>\r\n\t<meta property=\"og:image:type\" content=\"image\/jpeg\" \/>\r\n<meta name=\"twitter:card\" content=\"summary_large_image\" \/>\r\n<meta name=\"twitter:label1\" content=\"Dur\u00e9e de lecture estim\u00e9e\" \/>\n\t<meta name=\"twitter:data1\" content=\"1 minute\" \/>\r\n<script type=\"application\/ld+json\" class=\"yoast-schema-graph\">{\"@context\":\"https:\/\/schema.org\",\"@graph\":[{\"@type\":\"WebPage\",\"@id\":\"https:\/\/paracherkaoui.ma\/index.php\/produit\/acm-depiwhite-m-teinte-spf50-creme-protectrice-teinte-naturelle-40-ml-4\/\",\"url\":\"https:\/\/paracherkaoui.ma\/index.php\/produit\/acm-depiwhite-m-teinte-spf50-creme-protectrice-teinte-naturelle-40-ml-4\/\",\"name\":\"ACM DEPIWHITE M TEINTE SPF50+ CREME PROTECTRICE TEINTE NATURELLE 40 ML - Paracherkaoui.ma\",\"isPartOf\":{\"@id\":\"https:\/\/paracherkaoui.ma\/#website\"},\"primaryImageOfPage\":{\"@id\":\"https:\/\/paracherkaoui.ma\/index.php\/produit\/acm-depiwhite-m-teinte-spf50-creme-protectrice-teinte-naturelle-40-ml-4\/#primaryimage\"},\"image\":{\"@id\":\"https:\/\/paracherkaoui.ma\/index.php\/produit\/acm-depiwhite-m-teinte-spf50-creme-protectrice-teinte-naturelle-40-ml-4\/#primaryimage\"},\"thumbnailUrl\":\"https:\/\/paracherkaoui.ma\/wp-content\/uploads\/2025\/12\/acm-acm-depiwhite-m-teinte-spf50-creme-protectrice-teinte-naturelle-40-ml-cremes-jour.jpg\",\"datePublished\":\"2025-12-12T17:25:40+00:00\",\"dateModified\":\"2025-12-12T17:25:42+00:00\",\"breadcrumb\":{\"@id\":\"https:\/\/paracherkaoui.ma\/index.php\/produit\/acm-depiwhite-m-teinte-spf50-creme-protectrice-teinte-naturelle-40-ml-4\/#breadcrumb\"},\"inLanguage\":\"fr-FR\",\"potentialAction\":[{\"@type\":\"ReadAction\",\"target\":[\"https:\/\/paracherkaoui.ma\/index.php\/produit\/acm-depiwhite-m-teinte-spf50-creme-protectrice-teinte-naturelle-40-ml-4\/\"]}]},{\"@type\":\"ImageObject\",\"inLanguage\":\"fr-FR\",\"@id\":\"https:\/\/paracherkaoui.ma\/index.php\/produit\/acm-depiwhite-m-teinte-spf50-creme-protectrice-teinte-naturelle-40-ml-4\/#primaryimage\",\"url\":\"https:\/\/paracherkaoui.ma\/wp-content\/uploads\/2025\/12\/acm-acm-depiwhite-m-teinte-spf50-creme-protectrice-teinte-naturelle-40-ml-cremes-jour.jpg\",\"contentUrl\":\"https:\/\/paracherkaoui.ma\/wp-content\/uploads\/2025\/12\/acm-acm-depiwhite-m-teinte-spf50-creme-protectrice-teinte-naturelle-40-ml-cremes-jour.jpg\",\"width\":700,\"height\":700},{\"@type\":\"BreadcrumbList\",\"@id\":\"https:\/\/paracherkaoui.ma\/index.php\/produit\/acm-depiwhite-m-teinte-spf50-creme-protectrice-teinte-naturelle-40-ml-4\/#breadcrumb\",\"itemListElement\":[{\"@type\":\"ListItem\",\"position\":1,\"name\":\"Accueil\",\"item\":\"https:\/\/paracherkaoui.ma\/\"},{\"@type\":\"ListItem\",\"position\":2,\"name\":\"Boutique\",\"item\":\"https:\/\/paracherkaoui.ma\/index.php\/boutique\/\"},{\"@type\":\"ListItem\",\"position\":3,\"name\":\"ACM DEPIWHITE M TEINTE SPF50+ CREME PROTECTRICE TEINTE NATURELLE 40 ML\"}]},{\"@type\":\"WebSite\",\"@id\":\"https:\/\/paracherkaoui.ma\/#website\",\"url\":\"https:\/\/paracherkaoui.ma\/\",\"name\":\"Paracherkaoui.ma\",\"description\":\"Achetez en ligne sur Paracherkaoui.ma\",\"potentialAction\":[{\"@type\":\"SearchAction\",\"target\":{\"@type\":\"EntryPoint\",\"urlTemplate\":\"https:\/\/paracherkaoui.ma\/?s={search_term_string}\"},\"query-input\":{\"@type\":\"PropertyValueSpecification\",\"valueRequired\":true,\"valueName\":\"search_term_string\"}}],\"inLanguage\":\"fr-FR\"}]}<\/script>\r\n<!-- \/ Yoast SEO plugin. -->","yoast_head_json":{"title":"ACM DEPIWHITE M TEINTE SPF50+ CREME PROTECTRICE TEINTE NATURELLE 40 ML - Paracherkaoui.ma","robots":{"index":"index","follow":"follow","max-snippet":"max-snippet:-1","max-image-preview":"max-image-preview:large","max-video-preview":"max-video-preview:-1"},"canonical":"https:\/\/paracherkaoui.ma\/index.php\/produit\/acm-depiwhite-m-teinte-spf50-creme-protectrice-teinte-naturelle-40-ml-4\/","og_locale":"fr_FR","og_type":"article","og_title":"ACM DEPIWHITE M TEINTE SPF50+ CREME PROTECTRICE TEINTE NATURELLE 40 ML - Paracherkaoui.ma","og_description":"Description: CE SOIN ASSOCIE UNE PROTECTION SOLAIRE OPTIMALE UVA-UVB \u00c0 UNE PROTECTION COMPL\u00c9MENTAIRE CONTRE LA LUMI\u00c8RE VISIBLE DE HAUTE \u00c9NERGIE","og_url":"https:\/\/paracherkaoui.ma\/index.php\/produit\/acm-depiwhite-m-teinte-spf50-creme-protectrice-teinte-naturelle-40-ml-4\/","og_site_name":"Paracherkaoui.ma","article_modified_time":"2025-12-12T17:25:42+00:00","og_image":[{"width":700,"height":700,"url":"https:\/\/paracherkaoui.ma\/wp-content\/uploads\/2025\/12\/acm-acm-depiwhite-m-teinte-spf50-creme-protectrice-teinte-naturelle-40-ml-cremes-jour.jpg","type":"image\/jpeg"}],"twitter_card":"summary_large_image","twitter_misc":{"Dur\u00e9e de lecture estim\u00e9e":"1 minute"},"schema":{"@context":"https:\/\/schema.org","@graph":[{"@type":"WebPage","@id":"https:\/\/paracherkaoui.ma\/index.php\/produit\/acm-depiwhite-m-teinte-spf50-creme-protectrice-teinte-naturelle-40-ml-4\/","url":"https:\/\/paracherkaoui.ma\/index.php\/produit\/acm-depiwhite-m-teinte-spf50-creme-protectrice-teinte-naturelle-40-ml-4\/","name":"ACM DEPIWHITE M TEINTE SPF50+ CREME PROTECTRICE TEINTE NATURELLE 40 ML - Paracherkaoui.ma","isPartOf":{"@id":"https:\/\/paracherkaoui.ma\/#website"},"primaryImageOfPage":{"@id":"https:\/\/paracherkaoui.ma\/index.php\/produit\/acm-depiwhite-m-teinte-spf50-creme-protectrice-teinte-naturelle-40-ml-4\/#primaryimage"},"image":{"@id":"https:\/\/paracherkaoui.ma\/index.php\/produit\/acm-depiwhite-m-teinte-spf50-creme-protectrice-teinte-naturelle-40-ml-4\/#primaryimage"},"thumbnailUrl":"https:\/\/paracherkaoui.ma\/wp-content\/uploads\/2025\/12\/acm-acm-depiwhite-m-teinte-spf50-creme-protectrice-teinte-naturelle-40-ml-cremes-jour.jpg","datePublished":"2025-12-12T17:25:40+00:00","dateModified":"2025-12-12T17:25:42+00:00","breadcrumb":{"@id":"https:\/\/paracherkaoui.ma\/index.php\/produit\/acm-depiwhite-m-teinte-spf50-creme-protectrice-teinte-naturelle-40-ml-4\/#breadcrumb"},"inLanguage":"fr-FR","potentialAction":[{"@type":"ReadAction","target":["https:\/\/paracherkaoui.ma\/index.php\/produit\/acm-depiwhite-m-teinte-spf50-creme-protectrice-teinte-naturelle-40-ml-4\/"]}]},{"@type":"ImageObject","inLanguage":"fr-FR","@id":"https:\/\/paracherkaoui.ma\/index.php\/produit\/acm-depiwhite-m-teinte-spf50-creme-protectrice-teinte-naturelle-40-ml-4\/#primaryimage","url":"https:\/\/paracherkaoui.ma\/wp-content\/uploads\/2025\/12\/acm-acm-depiwhite-m-teinte-spf50-creme-protectrice-teinte-naturelle-40-ml-cremes-jour.jpg","contentUrl":"https:\/\/paracherkaoui.ma\/wp-content\/uploads\/2025\/12\/acm-acm-depiwhite-m-teinte-spf50-creme-protectrice-teinte-naturelle-40-ml-cremes-jour.jpg","width":700,"height":700},{"@type":"BreadcrumbList","@id":"https:\/\/paracherkaoui.ma\/index.php\/produit\/acm-depiwhite-m-teinte-spf50-creme-protectrice-teinte-naturelle-40-ml-4\/#breadcrumb","itemListElement":[{"@type":"ListItem","position":1,"name":"Accueil","item":"https:\/\/paracherkaoui.ma\/"},{"@type":"ListItem","position":2,"name":"Boutique","item":"https:\/\/paracherkaoui.ma\/index.php\/boutique\/"},{"@type":"ListItem","position":3,"name":"ACM DEPIWHITE M TEINTE SPF50+ CREME PROTECTRICE TEINTE NATURELLE 40 ML"}]},{"@type":"WebSite","@id":"https:\/\/paracherkaoui.ma\/#website","url":"https:\/\/paracherkaoui.ma\/","name":"Paracherkaoui.ma","description":"Achetez en ligne sur Paracherkaoui.ma","potentialAction":[{"@type":"SearchAction","target":{"@type":"EntryPoint","urlTemplate":"https:\/\/paracherkaoui.ma\/?s={search_term_string}"},"query-input":{"@type":"PropertyValueSpecification","valueRequired":true,"valueName":"search_term_string"}}],"inLanguage":"fr-FR"}]}},"_links":{"self":[{"href":"https:\/\/paracherkaoui.ma\/index.php\/wp-json\/wp\/v2\/product\/26878","targetHints":{"allow":["GET"]}}],"collection":[{"href":"https:\/\/paracherkaoui.ma\/index.php\/wp-json\/wp\/v2\/product"}],"about":[{"href":"https:\/\/paracherkaoui.ma\/index.php\/wp-json\/wp\/v2\/types\/product"}],"replies":[{"embeddable":true,"href":"https:\/\/paracherkaoui.ma\/index.php\/wp-json\/wp\/v2\/comments?post=26878"}],"version-history":[{"count":1,"href":"https:\/\/paracherkaoui.ma\/index.php\/wp-json\/wp\/v2\/product\/26878\/revisions"}],"predecessor-version":[{"id":26908,"href":"https:\/\/paracherkaoui.ma\/index.php\/wp-json\/wp\/v2\/product\/26878\/revisions\/26908"}],"wp:featuredmedia":[{"embeddable":true,"href":"https:\/\/paracherkaoui.ma\/index.php\/wp-json\/wp\/v2\/media\/11837"}],"wp:attachment":[{"href":"https:\/\/paracherkaoui.ma\/index.php\/wp-json\/wp\/v2\/media?parent=26878"}],"wp:term":[{"taxonomy":"product_brand","embeddable":true,"href":"https:\/\/paracherkaoui.ma\/index.php\/wp-json\/wp\/v2\/product_brand?post=26878"},{"taxonomy":"product_cat","embeddable":true,"href":"https:\/\/paracherkaoui.ma\/index.php\/wp-json\/wp\/v2\/product_cat?post=26878"},{"taxonomy":"product_tag","embeddable":true,"href":"https:\/\/paracherkaoui.ma\/index.php\/wp-json\/wp\/v2\/product_tag?post=26878"}],"curies":[{"name":"wp","href":"https:\/\/api.w.org\/{rel}","templated":true}]}}