{"id":26829,"date":"2025-12-12T18:25:35","date_gmt":"2025-12-12T17:25:35","guid":{"rendered":"https:\/\/test.ecbeaute.com\/?post_type=product&#038;p=26829"},"modified":"2025-12-12T18:25:40","modified_gmt":"2025-12-12T17:25:40","slug":"codexial-enocare-creme-visage-hydratante-30-ml","status":"publish","type":"product","link":"https:\/\/paracherkaoui.ma\/index.php\/produit\/codexial-enocare-creme-visage-hydratante-30-ml\/","title":{"rendered":"CODEXIAL ENOCARE CREME VISAGE HYDRATANTE 30 ML"},"content":{"rendered":"<p>Cr\u00e8me hydratante pour le visage, enrichie en extrait de salicorne. Elle apaise l&rsquo;inconfort cutan\u00e9 et apporte 24H d&rsquo;hydratation \u00e0 la peau tout en renfor\u00e7ant sa fonction barri\u00e8re.<br \/>\nUne peau s\u00e8che\u00a0est une peau qui a perdu sa capacit\u00e9 en eau et souffre de d\u00e9shydratation\u00a0et d&rsquo;un manque de lipides.<br \/>\nGr\u00e2ce \u00e0 sa concentration optimis\u00e9e en extrait de salicorne, un actif naturel de l&rsquo;hydratation de la peau, la Cr\u00e8me Visage Hydratante\u00a0apporte la quantit\u00e9 d&rsquo;eau dont les peaux s\u00e8ches\u00a0ont besoin. Cette cr\u00e8me att\u00e9nue significativement les sensations de tiraillement et de picotement\u00a0dues \u00e0 la s\u00e9cheresse cutan\u00e9e et repulpe durablement la peau.<br \/>\nCombin\u00e9 \u00e0 un second actif hydratant, la glyc\u00e9rine, cette cr\u00e8me r\u00e9pond parfaitement aux besoins des peaux en manque d&rsquo;hydratation.<br \/>\nA la texture l\u00e9g\u00e8re qui ne laisse pas de film gras sur la peau, la Cr\u00e8me Visage Hydratante\u00a024H est l&rsquo;indispensable \u00e0 avoir dans sa routine beaut\u00e9. Elle permet \u00e0 la peau d&rsquo;\u00eatre \u00e0 la fois hydrat\u00e9e, r\u00e9g\u00e9n\u00e9r\u00e9e et prot\u00e9g\u00e9e\u00a0des agressions ext\u00e9rieures (effet ass\u00e9chant du soleil, pollution, stress, &#8230;).<br \/>\nConseils d&rsquo;utilisation:<br \/>\nPr\u00e9levez une noisette de votre Cr\u00e8me Hydratante Visage et faites-la p\u00e9n\u00e9trer d\u00e9licatement en massages circulaires sur l&rsquo;ensemble du visage, le contour des yeux et les paupi\u00e8res.<\/p>\n","protected":false},"excerpt":{"rendered":"<p>Cr\u00e8me hydratante pour le visage, enrichie en extrait de salicorne. Elle apaise l&rsquo;inconfort cutan\u00e9 et apporte 24H d&rsquo;hydratation \u00e0 la<\/p>\n","protected":false},"featured_media":26870,"comment_status":"open","ping_status":"closed","template":"","meta":[],"product_brand":[367],"product_cat":[525],"product_tag":[],"class_list":{"0":"post-26829","1":"product","2":"type-product","3":"status-publish","4":"has-post-thumbnail","6":"product_brand-codexial","7":"product_cat-cremes-jour","9":"first","10":"instock","11":"sale","12":"shipping-taxable","13":"purchasable","14":"product-type-simple"},"yoast_head":"<!-- This site is optimized with the Yoast SEO plugin v26.6 - https:\/\/yoast.com\/wordpress\/plugins\/seo\/ -->\r\n<title>CODEXIAL ENOCARE CREME VISAGE HYDRATANTE 30 ML - Paracherkaoui.ma<\/title>\r\n<meta name=\"robots\" content=\"index, follow, max-snippet:-1, max-image-preview:large, max-video-preview:-1\" \/>\r\n<link rel=\"canonical\" href=\"https:\/\/paracherkaoui.ma\/index.php\/produit\/codexial-enocare-creme-visage-hydratante-30-ml\/\" \/>\r\n<meta property=\"og:locale\" content=\"fr_FR\" \/>\r\n<meta property=\"og:type\" content=\"article\" \/>\r\n<meta property=\"og:title\" content=\"CODEXIAL ENOCARE CREME VISAGE HYDRATANTE 30 ML - Paracherkaoui.ma\" \/>\r\n<meta property=\"og:description\" content=\"Cr\u00e8me hydratante pour le visage, enrichie en extrait de salicorne. Elle apaise l&rsquo;inconfort cutan\u00e9 et apporte 24H d&rsquo;hydratation \u00e0 la\" \/>\r\n<meta property=\"og:url\" content=\"https:\/\/paracherkaoui.ma\/index.php\/produit\/codexial-enocare-creme-visage-hydratante-30-ml\/\" \/>\r\n<meta property=\"og:site_name\" content=\"Paracherkaoui.ma\" \/>\r\n<meta property=\"article:modified_time\" content=\"2025-12-12T17:25:40+00:00\" \/>\r\n<meta property=\"og:image\" content=\"https:\/\/paracherkaoui.ma\/wp-content\/uploads\/2025\/12\/codexial-codexial-enocare-creme-visage-hydratante-30-ml-cremes-jour.jpg\" \/>\r\n\t<meta property=\"og:image:width\" content=\"700\" \/>\r\n\t<meta property=\"og:image:height\" content=\"700\" \/>\r\n\t<meta property=\"og:image:type\" content=\"image\/jpeg\" \/>\r\n<meta name=\"twitter:card\" content=\"summary_large_image\" \/>\r\n<meta name=\"twitter:label1\" content=\"Dur\u00e9e de lecture estim\u00e9e\" \/>\n\t<meta name=\"twitter:data1\" content=\"1 minute\" \/>\r\n<script type=\"application\/ld+json\" class=\"yoast-schema-graph\">{\"@context\":\"https:\/\/schema.org\",\"@graph\":[{\"@type\":\"WebPage\",\"@id\":\"https:\/\/paracherkaoui.ma\/index.php\/produit\/codexial-enocare-creme-visage-hydratante-30-ml\/\",\"url\":\"https:\/\/paracherkaoui.ma\/index.php\/produit\/codexial-enocare-creme-visage-hydratante-30-ml\/\",\"name\":\"CODEXIAL ENOCARE CREME VISAGE HYDRATANTE 30 ML - Paracherkaoui.ma\",\"isPartOf\":{\"@id\":\"https:\/\/paracherkaoui.ma\/#website\"},\"primaryImageOfPage\":{\"@id\":\"https:\/\/paracherkaoui.ma\/index.php\/produit\/codexial-enocare-creme-visage-hydratante-30-ml\/#primaryimage\"},\"image\":{\"@id\":\"https:\/\/paracherkaoui.ma\/index.php\/produit\/codexial-enocare-creme-visage-hydratante-30-ml\/#primaryimage\"},\"thumbnailUrl\":\"https:\/\/paracherkaoui.ma\/wp-content\/uploads\/2025\/12\/codexial-codexial-enocare-creme-visage-hydratante-30-ml-cremes-jour.jpg\",\"datePublished\":\"2025-12-12T17:25:35+00:00\",\"dateModified\":\"2025-12-12T17:25:40+00:00\",\"breadcrumb\":{\"@id\":\"https:\/\/paracherkaoui.ma\/index.php\/produit\/codexial-enocare-creme-visage-hydratante-30-ml\/#breadcrumb\"},\"inLanguage\":\"fr-FR\",\"potentialAction\":[{\"@type\":\"ReadAction\",\"target\":[\"https:\/\/paracherkaoui.ma\/index.php\/produit\/codexial-enocare-creme-visage-hydratante-30-ml\/\"]}]},{\"@type\":\"ImageObject\",\"inLanguage\":\"fr-FR\",\"@id\":\"https:\/\/paracherkaoui.ma\/index.php\/produit\/codexial-enocare-creme-visage-hydratante-30-ml\/#primaryimage\",\"url\":\"https:\/\/paracherkaoui.ma\/wp-content\/uploads\/2025\/12\/codexial-codexial-enocare-creme-visage-hydratante-30-ml-cremes-jour.jpg\",\"contentUrl\":\"https:\/\/paracherkaoui.ma\/wp-content\/uploads\/2025\/12\/codexial-codexial-enocare-creme-visage-hydratante-30-ml-cremes-jour.jpg\",\"width\":700,\"height\":700},{\"@type\":\"BreadcrumbList\",\"@id\":\"https:\/\/paracherkaoui.ma\/index.php\/produit\/codexial-enocare-creme-visage-hydratante-30-ml\/#breadcrumb\",\"itemListElement\":[{\"@type\":\"ListItem\",\"position\":1,\"name\":\"Accueil\",\"item\":\"https:\/\/paracherkaoui.ma\/\"},{\"@type\":\"ListItem\",\"position\":2,\"name\":\"Boutique\",\"item\":\"https:\/\/paracherkaoui.ma\/index.php\/boutique\/\"},{\"@type\":\"ListItem\",\"position\":3,\"name\":\"CODEXIAL ENOCARE CREME VISAGE HYDRATANTE 30 ML\"}]},{\"@type\":\"WebSite\",\"@id\":\"https:\/\/paracherkaoui.ma\/#website\",\"url\":\"https:\/\/paracherkaoui.ma\/\",\"name\":\"Paracherkaoui.ma\",\"description\":\"Achetez en ligne sur Paracherkaoui.ma\",\"potentialAction\":[{\"@type\":\"SearchAction\",\"target\":{\"@type\":\"EntryPoint\",\"urlTemplate\":\"https:\/\/paracherkaoui.ma\/?s={search_term_string}\"},\"query-input\":{\"@type\":\"PropertyValueSpecification\",\"valueRequired\":true,\"valueName\":\"search_term_string\"}}],\"inLanguage\":\"fr-FR\"}]}<\/script>\r\n<!-- \/ Yoast SEO plugin. -->","yoast_head_json":{"title":"CODEXIAL ENOCARE CREME VISAGE HYDRATANTE 30 ML - Paracherkaoui.ma","robots":{"index":"index","follow":"follow","max-snippet":"max-snippet:-1","max-image-preview":"max-image-preview:large","max-video-preview":"max-video-preview:-1"},"canonical":"https:\/\/paracherkaoui.ma\/index.php\/produit\/codexial-enocare-creme-visage-hydratante-30-ml\/","og_locale":"fr_FR","og_type":"article","og_title":"CODEXIAL ENOCARE CREME VISAGE HYDRATANTE 30 ML - Paracherkaoui.ma","og_description":"Cr\u00e8me hydratante pour le visage, enrichie en extrait de salicorne. Elle apaise l&rsquo;inconfort cutan\u00e9 et apporte 24H d&rsquo;hydratation \u00e0 la","og_url":"https:\/\/paracherkaoui.ma\/index.php\/produit\/codexial-enocare-creme-visage-hydratante-30-ml\/","og_site_name":"Paracherkaoui.ma","article_modified_time":"2025-12-12T17:25:40+00:00","og_image":[{"width":700,"height":700,"url":"https:\/\/paracherkaoui.ma\/wp-content\/uploads\/2025\/12\/codexial-codexial-enocare-creme-visage-hydratante-30-ml-cremes-jour.jpg","type":"image\/jpeg"}],"twitter_card":"summary_large_image","twitter_misc":{"Dur\u00e9e de lecture estim\u00e9e":"1 minute"},"schema":{"@context":"https:\/\/schema.org","@graph":[{"@type":"WebPage","@id":"https:\/\/paracherkaoui.ma\/index.php\/produit\/codexial-enocare-creme-visage-hydratante-30-ml\/","url":"https:\/\/paracherkaoui.ma\/index.php\/produit\/codexial-enocare-creme-visage-hydratante-30-ml\/","name":"CODEXIAL ENOCARE CREME VISAGE HYDRATANTE 30 ML - Paracherkaoui.ma","isPartOf":{"@id":"https:\/\/paracherkaoui.ma\/#website"},"primaryImageOfPage":{"@id":"https:\/\/paracherkaoui.ma\/index.php\/produit\/codexial-enocare-creme-visage-hydratante-30-ml\/#primaryimage"},"image":{"@id":"https:\/\/paracherkaoui.ma\/index.php\/produit\/codexial-enocare-creme-visage-hydratante-30-ml\/#primaryimage"},"thumbnailUrl":"https:\/\/paracherkaoui.ma\/wp-content\/uploads\/2025\/12\/codexial-codexial-enocare-creme-visage-hydratante-30-ml-cremes-jour.jpg","datePublished":"2025-12-12T17:25:35+00:00","dateModified":"2025-12-12T17:25:40+00:00","breadcrumb":{"@id":"https:\/\/paracherkaoui.ma\/index.php\/produit\/codexial-enocare-creme-visage-hydratante-30-ml\/#breadcrumb"},"inLanguage":"fr-FR","potentialAction":[{"@type":"ReadAction","target":["https:\/\/paracherkaoui.ma\/index.php\/produit\/codexial-enocare-creme-visage-hydratante-30-ml\/"]}]},{"@type":"ImageObject","inLanguage":"fr-FR","@id":"https:\/\/paracherkaoui.ma\/index.php\/produit\/codexial-enocare-creme-visage-hydratante-30-ml\/#primaryimage","url":"https:\/\/paracherkaoui.ma\/wp-content\/uploads\/2025\/12\/codexial-codexial-enocare-creme-visage-hydratante-30-ml-cremes-jour.jpg","contentUrl":"https:\/\/paracherkaoui.ma\/wp-content\/uploads\/2025\/12\/codexial-codexial-enocare-creme-visage-hydratante-30-ml-cremes-jour.jpg","width":700,"height":700},{"@type":"BreadcrumbList","@id":"https:\/\/paracherkaoui.ma\/index.php\/produit\/codexial-enocare-creme-visage-hydratante-30-ml\/#breadcrumb","itemListElement":[{"@type":"ListItem","position":1,"name":"Accueil","item":"https:\/\/paracherkaoui.ma\/"},{"@type":"ListItem","position":2,"name":"Boutique","item":"https:\/\/paracherkaoui.ma\/index.php\/boutique\/"},{"@type":"ListItem","position":3,"name":"CODEXIAL ENOCARE CREME VISAGE HYDRATANTE 30 ML"}]},{"@type":"WebSite","@id":"https:\/\/paracherkaoui.ma\/#website","url":"https:\/\/paracherkaoui.ma\/","name":"Paracherkaoui.ma","description":"Achetez en ligne sur Paracherkaoui.ma","potentialAction":[{"@type":"SearchAction","target":{"@type":"EntryPoint","urlTemplate":"https:\/\/paracherkaoui.ma\/?s={search_term_string}"},"query-input":{"@type":"PropertyValueSpecification","valueRequired":true,"valueName":"search_term_string"}}],"inLanguage":"fr-FR"}]}},"_links":{"self":[{"href":"https:\/\/paracherkaoui.ma\/index.php\/wp-json\/wp\/v2\/product\/26829","targetHints":{"allow":["GET"]}}],"collection":[{"href":"https:\/\/paracherkaoui.ma\/index.php\/wp-json\/wp\/v2\/product"}],"about":[{"href":"https:\/\/paracherkaoui.ma\/index.php\/wp-json\/wp\/v2\/types\/product"}],"replies":[{"embeddable":true,"href":"https:\/\/paracherkaoui.ma\/index.php\/wp-json\/wp\/v2\/comments?post=26829"}],"version-history":[{"count":1,"href":"https:\/\/paracherkaoui.ma\/index.php\/wp-json\/wp\/v2\/product\/26829\/revisions"}],"predecessor-version":[{"id":26871,"href":"https:\/\/paracherkaoui.ma\/index.php\/wp-json\/wp\/v2\/product\/26829\/revisions\/26871"}],"wp:featuredmedia":[{"embeddable":true,"href":"https:\/\/paracherkaoui.ma\/index.php\/wp-json\/wp\/v2\/media\/26870"}],"wp:attachment":[{"href":"https:\/\/paracherkaoui.ma\/index.php\/wp-json\/wp\/v2\/media?parent=26829"}],"wp:term":[{"taxonomy":"product_brand","embeddable":true,"href":"https:\/\/paracherkaoui.ma\/index.php\/wp-json\/wp\/v2\/product_brand?post=26829"},{"taxonomy":"product_cat","embeddable":true,"href":"https:\/\/paracherkaoui.ma\/index.php\/wp-json\/wp\/v2\/product_cat?post=26829"},{"taxonomy":"product_tag","embeddable":true,"href":"https:\/\/paracherkaoui.ma\/index.php\/wp-json\/wp\/v2\/product_tag?post=26829"}],"curies":[{"name":"wp","href":"https:\/\/api.w.org\/{rel}","templated":true}]}}