{"id":26825,"date":"2025-12-12T18:25:35","date_gmt":"2025-12-12T17:25:35","guid":{"rendered":"https:\/\/test.ecbeaute.com\/?post_type=product&#038;p=26825"},"modified":"2025-12-12T18:25:39","modified_gmt":"2025-12-12T17:25:39","slug":"palmers-creme-hydratante-visage-coco-50g","status":"publish","type":"product","link":"https:\/\/paracherkaoui.ma\/index.php\/produit\/palmers-creme-hydratante-visage-coco-50g\/","title":{"rendered":"PALMERS CREME HYDRATANTE VISAGE COCO 50G"},"content":{"rendered":"<p>Formul\u00e9 de mani\u00e8re \u00e9thique avec de l\u2019huile de noix de coco biologique de source durable;\u00a0Certifi\u00e9 \u00e9quitable.L\u2019hydratant naturel pour le visage \u00e0 l\u2019eau de noix de coco impr\u00e8gne votre peau d\u2019une hydratation revitalisante pour un \u00e9clat ros\u00e9, \u00e9clatant et d\u2019apparence saine. L\u2019hydratation en profondeur dure 24 heures pour un teint radieux toute la journ\u00e9e. L\u2019hydratant naturel pour le visage \u00e0 l\u2019eau de noix de coco impr\u00e8gne votre peau d\u2019une hydratation revitalisante pour un \u00e9clat ros\u00e9, radieux et d\u2019apparence saine. Formul\u00e9 de mani\u00e8re \u00e9thique avec de l\u2019huile de noix de coco biologique de source durable;\u00a0Certifi\u00e9 commerce \u00e9quitable.<\/p>\n","protected":false},"excerpt":{"rendered":"<p>Formul\u00e9 de mani\u00e8re \u00e9thique avec de l\u2019huile de noix de coco biologique de source durable;\u00a0Certifi\u00e9 \u00e9quitable.L\u2019hydratant naturel pour le visage<\/p>\n","protected":false},"featured_media":26864,"comment_status":"open","ping_status":"closed","template":"","meta":[],"product_brand":[266],"product_cat":[525],"product_tag":[],"class_list":{"0":"post-26825","1":"product","2":"type-product","3":"status-publish","4":"has-post-thumbnail","6":"product_brand-palmers","7":"product_cat-cremes-jour","9":"first","10":"instock","11":"sale","12":"shipping-taxable","13":"purchasable","14":"product-type-simple"},"yoast_head":"<!-- This site is optimized with the Yoast SEO plugin v26.6 - https:\/\/yoast.com\/wordpress\/plugins\/seo\/ -->\r\n<title>PALMERS CREME HYDRATANTE VISAGE COCO 50G - Paracherkaoui.ma<\/title>\r\n<meta name=\"robots\" content=\"index, follow, max-snippet:-1, max-image-preview:large, max-video-preview:-1\" \/>\r\n<link rel=\"canonical\" href=\"https:\/\/paracherkaoui.ma\/index.php\/produit\/palmers-creme-hydratante-visage-coco-50g\/\" \/>\r\n<meta property=\"og:locale\" content=\"fr_FR\" \/>\r\n<meta property=\"og:type\" content=\"article\" \/>\r\n<meta property=\"og:title\" content=\"PALMERS CREME HYDRATANTE VISAGE COCO 50G - Paracherkaoui.ma\" \/>\r\n<meta property=\"og:description\" content=\"Formul\u00e9 de mani\u00e8re \u00e9thique avec de l\u2019huile de noix de coco biologique de source durable;\u00a0Certifi\u00e9 \u00e9quitable.L\u2019hydratant naturel pour le visage\" \/>\r\n<meta property=\"og:url\" content=\"https:\/\/paracherkaoui.ma\/index.php\/produit\/palmers-creme-hydratante-visage-coco-50g\/\" \/>\r\n<meta property=\"og:site_name\" content=\"Paracherkaoui.ma\" \/>\r\n<meta property=\"article:modified_time\" content=\"2025-12-12T17:25:39+00:00\" \/>\r\n<meta property=\"og:image\" content=\"https:\/\/paracherkaoui.ma\/wp-content\/uploads\/2025\/12\/palmers-creme-hydratante-visage-coco-50g.jpg\" \/>\r\n\t<meta property=\"og:image:width\" content=\"700\" \/>\r\n\t<meta property=\"og:image:height\" content=\"700\" \/>\r\n\t<meta property=\"og:image:type\" content=\"image\/jpeg\" \/>\r\n<meta name=\"twitter:card\" content=\"summary_large_image\" \/>\r\n<meta name=\"twitter:label1\" content=\"Dur\u00e9e de lecture estim\u00e9e\" \/>\n\t<meta name=\"twitter:data1\" content=\"1 minute\" \/>\r\n<script type=\"application\/ld+json\" class=\"yoast-schema-graph\">{\"@context\":\"https:\/\/schema.org\",\"@graph\":[{\"@type\":\"WebPage\",\"@id\":\"https:\/\/paracherkaoui.ma\/index.php\/produit\/palmers-creme-hydratante-visage-coco-50g\/\",\"url\":\"https:\/\/paracherkaoui.ma\/index.php\/produit\/palmers-creme-hydratante-visage-coco-50g\/\",\"name\":\"PALMERS CREME HYDRATANTE VISAGE COCO 50G - Paracherkaoui.ma\",\"isPartOf\":{\"@id\":\"https:\/\/paracherkaoui.ma\/#website\"},\"primaryImageOfPage\":{\"@id\":\"https:\/\/paracherkaoui.ma\/index.php\/produit\/palmers-creme-hydratante-visage-coco-50g\/#primaryimage\"},\"image\":{\"@id\":\"https:\/\/paracherkaoui.ma\/index.php\/produit\/palmers-creme-hydratante-visage-coco-50g\/#primaryimage\"},\"thumbnailUrl\":\"https:\/\/paracherkaoui.ma\/wp-content\/uploads\/2025\/12\/palmers-creme-hydratante-visage-coco-50g.jpg\",\"datePublished\":\"2025-12-12T17:25:35+00:00\",\"dateModified\":\"2025-12-12T17:25:39+00:00\",\"breadcrumb\":{\"@id\":\"https:\/\/paracherkaoui.ma\/index.php\/produit\/palmers-creme-hydratante-visage-coco-50g\/#breadcrumb\"},\"inLanguage\":\"fr-FR\",\"potentialAction\":[{\"@type\":\"ReadAction\",\"target\":[\"https:\/\/paracherkaoui.ma\/index.php\/produit\/palmers-creme-hydratante-visage-coco-50g\/\"]}]},{\"@type\":\"ImageObject\",\"inLanguage\":\"fr-FR\",\"@id\":\"https:\/\/paracherkaoui.ma\/index.php\/produit\/palmers-creme-hydratante-visage-coco-50g\/#primaryimage\",\"url\":\"https:\/\/paracherkaoui.ma\/wp-content\/uploads\/2025\/12\/palmers-creme-hydratante-visage-coco-50g.jpg\",\"contentUrl\":\"https:\/\/paracherkaoui.ma\/wp-content\/uploads\/2025\/12\/palmers-creme-hydratante-visage-coco-50g.jpg\",\"width\":700,\"height\":700},{\"@type\":\"BreadcrumbList\",\"@id\":\"https:\/\/paracherkaoui.ma\/index.php\/produit\/palmers-creme-hydratante-visage-coco-50g\/#breadcrumb\",\"itemListElement\":[{\"@type\":\"ListItem\",\"position\":1,\"name\":\"Accueil\",\"item\":\"https:\/\/paracherkaoui.ma\/\"},{\"@type\":\"ListItem\",\"position\":2,\"name\":\"Boutique\",\"item\":\"https:\/\/paracherkaoui.ma\/index.php\/boutique\/\"},{\"@type\":\"ListItem\",\"position\":3,\"name\":\"PALMERS CREME HYDRATANTE VISAGE COCO 50G\"}]},{\"@type\":\"WebSite\",\"@id\":\"https:\/\/paracherkaoui.ma\/#website\",\"url\":\"https:\/\/paracherkaoui.ma\/\",\"name\":\"Paracherkaoui.ma\",\"description\":\"Achetez en ligne sur Paracherkaoui.ma\",\"potentialAction\":[{\"@type\":\"SearchAction\",\"target\":{\"@type\":\"EntryPoint\",\"urlTemplate\":\"https:\/\/paracherkaoui.ma\/?s={search_term_string}\"},\"query-input\":{\"@type\":\"PropertyValueSpecification\",\"valueRequired\":true,\"valueName\":\"search_term_string\"}}],\"inLanguage\":\"fr-FR\"}]}<\/script>\r\n<!-- \/ Yoast SEO plugin. -->","yoast_head_json":{"title":"PALMERS CREME HYDRATANTE VISAGE COCO 50G - Paracherkaoui.ma","robots":{"index":"index","follow":"follow","max-snippet":"max-snippet:-1","max-image-preview":"max-image-preview:large","max-video-preview":"max-video-preview:-1"},"canonical":"https:\/\/paracherkaoui.ma\/index.php\/produit\/palmers-creme-hydratante-visage-coco-50g\/","og_locale":"fr_FR","og_type":"article","og_title":"PALMERS CREME HYDRATANTE VISAGE COCO 50G - Paracherkaoui.ma","og_description":"Formul\u00e9 de mani\u00e8re \u00e9thique avec de l\u2019huile de noix de coco biologique de source durable;\u00a0Certifi\u00e9 \u00e9quitable.L\u2019hydratant naturel pour le visage","og_url":"https:\/\/paracherkaoui.ma\/index.php\/produit\/palmers-creme-hydratante-visage-coco-50g\/","og_site_name":"Paracherkaoui.ma","article_modified_time":"2025-12-12T17:25:39+00:00","og_image":[{"width":700,"height":700,"url":"https:\/\/paracherkaoui.ma\/wp-content\/uploads\/2025\/12\/palmers-creme-hydratante-visage-coco-50g.jpg","type":"image\/jpeg"}],"twitter_card":"summary_large_image","twitter_misc":{"Dur\u00e9e de lecture estim\u00e9e":"1 minute"},"schema":{"@context":"https:\/\/schema.org","@graph":[{"@type":"WebPage","@id":"https:\/\/paracherkaoui.ma\/index.php\/produit\/palmers-creme-hydratante-visage-coco-50g\/","url":"https:\/\/paracherkaoui.ma\/index.php\/produit\/palmers-creme-hydratante-visage-coco-50g\/","name":"PALMERS CREME HYDRATANTE VISAGE COCO 50G - Paracherkaoui.ma","isPartOf":{"@id":"https:\/\/paracherkaoui.ma\/#website"},"primaryImageOfPage":{"@id":"https:\/\/paracherkaoui.ma\/index.php\/produit\/palmers-creme-hydratante-visage-coco-50g\/#primaryimage"},"image":{"@id":"https:\/\/paracherkaoui.ma\/index.php\/produit\/palmers-creme-hydratante-visage-coco-50g\/#primaryimage"},"thumbnailUrl":"https:\/\/paracherkaoui.ma\/wp-content\/uploads\/2025\/12\/palmers-creme-hydratante-visage-coco-50g.jpg","datePublished":"2025-12-12T17:25:35+00:00","dateModified":"2025-12-12T17:25:39+00:00","breadcrumb":{"@id":"https:\/\/paracherkaoui.ma\/index.php\/produit\/palmers-creme-hydratante-visage-coco-50g\/#breadcrumb"},"inLanguage":"fr-FR","potentialAction":[{"@type":"ReadAction","target":["https:\/\/paracherkaoui.ma\/index.php\/produit\/palmers-creme-hydratante-visage-coco-50g\/"]}]},{"@type":"ImageObject","inLanguage":"fr-FR","@id":"https:\/\/paracherkaoui.ma\/index.php\/produit\/palmers-creme-hydratante-visage-coco-50g\/#primaryimage","url":"https:\/\/paracherkaoui.ma\/wp-content\/uploads\/2025\/12\/palmers-creme-hydratante-visage-coco-50g.jpg","contentUrl":"https:\/\/paracherkaoui.ma\/wp-content\/uploads\/2025\/12\/palmers-creme-hydratante-visage-coco-50g.jpg","width":700,"height":700},{"@type":"BreadcrumbList","@id":"https:\/\/paracherkaoui.ma\/index.php\/produit\/palmers-creme-hydratante-visage-coco-50g\/#breadcrumb","itemListElement":[{"@type":"ListItem","position":1,"name":"Accueil","item":"https:\/\/paracherkaoui.ma\/"},{"@type":"ListItem","position":2,"name":"Boutique","item":"https:\/\/paracherkaoui.ma\/index.php\/boutique\/"},{"@type":"ListItem","position":3,"name":"PALMERS CREME HYDRATANTE VISAGE COCO 50G"}]},{"@type":"WebSite","@id":"https:\/\/paracherkaoui.ma\/#website","url":"https:\/\/paracherkaoui.ma\/","name":"Paracherkaoui.ma","description":"Achetez en ligne sur Paracherkaoui.ma","potentialAction":[{"@type":"SearchAction","target":{"@type":"EntryPoint","urlTemplate":"https:\/\/paracherkaoui.ma\/?s={search_term_string}"},"query-input":{"@type":"PropertyValueSpecification","valueRequired":true,"valueName":"search_term_string"}}],"inLanguage":"fr-FR"}]}},"_links":{"self":[{"href":"https:\/\/paracherkaoui.ma\/index.php\/wp-json\/wp\/v2\/product\/26825","targetHints":{"allow":["GET"]}}],"collection":[{"href":"https:\/\/paracherkaoui.ma\/index.php\/wp-json\/wp\/v2\/product"}],"about":[{"href":"https:\/\/paracherkaoui.ma\/index.php\/wp-json\/wp\/v2\/types\/product"}],"replies":[{"embeddable":true,"href":"https:\/\/paracherkaoui.ma\/index.php\/wp-json\/wp\/v2\/comments?post=26825"}],"version-history":[{"count":1,"href":"https:\/\/paracherkaoui.ma\/index.php\/wp-json\/wp\/v2\/product\/26825\/revisions"}],"predecessor-version":[{"id":26865,"href":"https:\/\/paracherkaoui.ma\/index.php\/wp-json\/wp\/v2\/product\/26825\/revisions\/26865"}],"wp:featuredmedia":[{"embeddable":true,"href":"https:\/\/paracherkaoui.ma\/index.php\/wp-json\/wp\/v2\/media\/26864"}],"wp:attachment":[{"href":"https:\/\/paracherkaoui.ma\/index.php\/wp-json\/wp\/v2\/media?parent=26825"}],"wp:term":[{"taxonomy":"product_brand","embeddable":true,"href":"https:\/\/paracherkaoui.ma\/index.php\/wp-json\/wp\/v2\/product_brand?post=26825"},{"taxonomy":"product_cat","embeddable":true,"href":"https:\/\/paracherkaoui.ma\/index.php\/wp-json\/wp\/v2\/product_cat?post=26825"},{"taxonomy":"product_tag","embeddable":true,"href":"https:\/\/paracherkaoui.ma\/index.php\/wp-json\/wp\/v2\/product_tag?post=26825"}],"curies":[{"name":"wp","href":"https:\/\/api.w.org\/{rel}","templated":true}]}}