{"id":26818,"date":"2025-12-12T18:25:35","date_gmt":"2025-12-12T17:25:35","guid":{"rendered":"https:\/\/test.ecbeaute.com\/?post_type=product&#038;p=26818"},"modified":"2025-12-12T18:25:38","modified_gmt":"2025-12-12T17:25:38","slug":"biotherm-cera-repair-barriere-creme-50-ml-3","status":"publish","type":"product","link":"https:\/\/paracherkaoui.ma\/index.php\/produit\/biotherm-cera-repair-barriere-creme-50-ml-3\/","title":{"rendered":"BIOTHERM CERA REPAIR BARRIERE CREME 50 ML"},"content":{"rendered":"<p>D\u00e9couvrez la Cr\u00e8me Barri\u00e8re Cera Repair, une innovation r\u00e9volutionnaire con\u00e7ue pour transformer votre routine de soin de la peau. Exploitant le pouvoir des c\u00e9ramides, cette cr\u00e8me est votre alli\u00e9e pour renforcer et r\u00e9parer la barri\u00e8re cutan\u00e9e. D\u00e8s la premi\u00e8re application, votre peau est apais\u00e9e, plus forte et d\u2019apparence plus saine.<br \/>\nCette cr\u00e8me \u00e0 la texture ultra-fine et respirante p\u00e9n\u00e8tre rapidement sans laisser de r\u00e9sidu, offrant une sensation de l\u00e9g\u00e8ret\u00e9 in\u00e9gal\u00e9e. Sa formule puissante, enrichie de Life Plankton\u2122, un extrait probiotique 100 % naturel et biod\u00e9gradable, stimule la r\u00e9g\u00e9n\u00e9ration de la peau. En plus de ses propri\u00e9t\u00e9s r\u00e9paratrices, elle offre \u00e9galement des bienfaits anti-\u00e2ge, permettant \u00e0 votre peau de se r\u00e9g\u00e9n\u00e9rer et de r\u00e9sister aux agressions urbaines.<br \/>\nLa Cr\u00e8me Cera Repair est parfaitement adapt\u00e9e aux peaux sensibles, garantissant un soin doux sans compromis sur l\u2019efficacit\u00e9. Engag\u00e9e envers une beaut\u00e9 responsable, Biotherm propose un emballage \u00e9co-conscient : le pot en verre contient jusqu&rsquo;\u00e0 40 % de verre recycl\u00e9, et le bouchon est fabriqu\u00e9 \u00e0 100 % \u00e0 partir de plastique recycl\u00e9.<br \/>\nConseils d&rsquo;utilisation<br \/>\nApplication quotidienne : Appliquez matin et soir sur une peau propre et s\u00e8che.<br \/>\nMassage doux : Utilisez des mouvements circulaires pour favoriser l\u2019absorption.<\/p>\n","protected":false},"excerpt":{"rendered":"<p>D\u00e9couvrez la Cr\u00e8me Barri\u00e8re Cera Repair, une innovation r\u00e9volutionnaire con\u00e7ue pour transformer votre routine de soin de la peau. Exploitant<\/p>\n","protected":false},"featured_media":23092,"comment_status":"open","ping_status":"closed","template":"","meta":[],"product_brand":[391],"product_cat":[525],"product_tag":[],"class_list":{"0":"post-26818","1":"product","2":"type-product","3":"status-publish","4":"has-post-thumbnail","6":"product_brand-biotherm","7":"product_cat-cremes-jour","9":"first","10":"instock","11":"shipping-taxable","12":"purchasable","13":"product-type-simple"},"yoast_head":"<!-- This site is optimized with the Yoast SEO plugin v26.6 - https:\/\/yoast.com\/wordpress\/plugins\/seo\/ -->\r\n<title>BIOTHERM CERA REPAIR BARRIERE CREME 50 ML - Paracherkaoui.ma<\/title>\r\n<meta name=\"robots\" content=\"index, follow, max-snippet:-1, max-image-preview:large, max-video-preview:-1\" \/>\r\n<link rel=\"canonical\" href=\"https:\/\/paracherkaoui.ma\/index.php\/produit\/biotherm-cera-repair-barriere-creme-50-ml-3\/\" \/>\r\n<meta property=\"og:locale\" content=\"fr_FR\" \/>\r\n<meta property=\"og:type\" content=\"article\" \/>\r\n<meta property=\"og:title\" content=\"BIOTHERM CERA REPAIR BARRIERE CREME 50 ML - Paracherkaoui.ma\" \/>\r\n<meta property=\"og:description\" content=\"D\u00e9couvrez la Cr\u00e8me Barri\u00e8re Cera Repair, une innovation r\u00e9volutionnaire con\u00e7ue pour transformer votre routine de soin de la peau. Exploitant\" \/>\r\n<meta property=\"og:url\" content=\"https:\/\/paracherkaoui.ma\/index.php\/produit\/biotherm-cera-repair-barriere-creme-50-ml-3\/\" \/>\r\n<meta property=\"og:site_name\" content=\"Paracherkaoui.ma\" \/>\r\n<meta property=\"article:modified_time\" content=\"2025-12-12T17:25:38+00:00\" \/>\r\n<meta property=\"og:image\" content=\"https:\/\/paracherkaoui.ma\/wp-content\/uploads\/2025\/12\/biotherm-cera-repair-barriere-creme-50-ml.jpg\" \/>\r\n\t<meta property=\"og:image:width\" content=\"700\" \/>\r\n\t<meta property=\"og:image:height\" content=\"700\" \/>\r\n\t<meta property=\"og:image:type\" content=\"image\/jpeg\" \/>\r\n<meta name=\"twitter:card\" content=\"summary_large_image\" \/>\r\n<meta name=\"twitter:label1\" content=\"Dur\u00e9e de lecture estim\u00e9e\" \/>\n\t<meta name=\"twitter:data1\" content=\"1 minute\" \/>\r\n<script type=\"application\/ld+json\" class=\"yoast-schema-graph\">{\"@context\":\"https:\/\/schema.org\",\"@graph\":[{\"@type\":\"WebPage\",\"@id\":\"https:\/\/paracherkaoui.ma\/index.php\/produit\/biotherm-cera-repair-barriere-creme-50-ml-3\/\",\"url\":\"https:\/\/paracherkaoui.ma\/index.php\/produit\/biotherm-cera-repair-barriere-creme-50-ml-3\/\",\"name\":\"BIOTHERM CERA REPAIR BARRIERE CREME 50 ML - Paracherkaoui.ma\",\"isPartOf\":{\"@id\":\"https:\/\/paracherkaoui.ma\/#website\"},\"primaryImageOfPage\":{\"@id\":\"https:\/\/paracherkaoui.ma\/index.php\/produit\/biotherm-cera-repair-barriere-creme-50-ml-3\/#primaryimage\"},\"image\":{\"@id\":\"https:\/\/paracherkaoui.ma\/index.php\/produit\/biotherm-cera-repair-barriere-creme-50-ml-3\/#primaryimage\"},\"thumbnailUrl\":\"https:\/\/paracherkaoui.ma\/wp-content\/uploads\/2025\/12\/biotherm-cera-repair-barriere-creme-50-ml.jpg\",\"datePublished\":\"2025-12-12T17:25:35+00:00\",\"dateModified\":\"2025-12-12T17:25:38+00:00\",\"breadcrumb\":{\"@id\":\"https:\/\/paracherkaoui.ma\/index.php\/produit\/biotherm-cera-repair-barriere-creme-50-ml-3\/#breadcrumb\"},\"inLanguage\":\"fr-FR\",\"potentialAction\":[{\"@type\":\"ReadAction\",\"target\":[\"https:\/\/paracherkaoui.ma\/index.php\/produit\/biotherm-cera-repair-barriere-creme-50-ml-3\/\"]}]},{\"@type\":\"ImageObject\",\"inLanguage\":\"fr-FR\",\"@id\":\"https:\/\/paracherkaoui.ma\/index.php\/produit\/biotherm-cera-repair-barriere-creme-50-ml-3\/#primaryimage\",\"url\":\"https:\/\/paracherkaoui.ma\/wp-content\/uploads\/2025\/12\/biotherm-cera-repair-barriere-creme-50-ml.jpg\",\"contentUrl\":\"https:\/\/paracherkaoui.ma\/wp-content\/uploads\/2025\/12\/biotherm-cera-repair-barriere-creme-50-ml.jpg\",\"width\":700,\"height\":700},{\"@type\":\"BreadcrumbList\",\"@id\":\"https:\/\/paracherkaoui.ma\/index.php\/produit\/biotherm-cera-repair-barriere-creme-50-ml-3\/#breadcrumb\",\"itemListElement\":[{\"@type\":\"ListItem\",\"position\":1,\"name\":\"Accueil\",\"item\":\"https:\/\/paracherkaoui.ma\/\"},{\"@type\":\"ListItem\",\"position\":2,\"name\":\"Boutique\",\"item\":\"https:\/\/paracherkaoui.ma\/index.php\/boutique\/\"},{\"@type\":\"ListItem\",\"position\":3,\"name\":\"BIOTHERM CERA REPAIR BARRIERE CREME 50 ML\"}]},{\"@type\":\"WebSite\",\"@id\":\"https:\/\/paracherkaoui.ma\/#website\",\"url\":\"https:\/\/paracherkaoui.ma\/\",\"name\":\"Paracherkaoui.ma\",\"description\":\"Achetez en ligne sur Paracherkaoui.ma\",\"potentialAction\":[{\"@type\":\"SearchAction\",\"target\":{\"@type\":\"EntryPoint\",\"urlTemplate\":\"https:\/\/paracherkaoui.ma\/?s={search_term_string}\"},\"query-input\":{\"@type\":\"PropertyValueSpecification\",\"valueRequired\":true,\"valueName\":\"search_term_string\"}}],\"inLanguage\":\"fr-FR\"}]}<\/script>\r\n<!-- \/ Yoast SEO plugin. -->","yoast_head_json":{"title":"BIOTHERM CERA REPAIR BARRIERE CREME 50 ML - Paracherkaoui.ma","robots":{"index":"index","follow":"follow","max-snippet":"max-snippet:-1","max-image-preview":"max-image-preview:large","max-video-preview":"max-video-preview:-1"},"canonical":"https:\/\/paracherkaoui.ma\/index.php\/produit\/biotherm-cera-repair-barriere-creme-50-ml-3\/","og_locale":"fr_FR","og_type":"article","og_title":"BIOTHERM CERA REPAIR BARRIERE CREME 50 ML - Paracherkaoui.ma","og_description":"D\u00e9couvrez la Cr\u00e8me Barri\u00e8re Cera Repair, une innovation r\u00e9volutionnaire con\u00e7ue pour transformer votre routine de soin de la peau. Exploitant","og_url":"https:\/\/paracherkaoui.ma\/index.php\/produit\/biotherm-cera-repair-barriere-creme-50-ml-3\/","og_site_name":"Paracherkaoui.ma","article_modified_time":"2025-12-12T17:25:38+00:00","og_image":[{"width":700,"height":700,"url":"https:\/\/paracherkaoui.ma\/wp-content\/uploads\/2025\/12\/biotherm-cera-repair-barriere-creme-50-ml.jpg","type":"image\/jpeg"}],"twitter_card":"summary_large_image","twitter_misc":{"Dur\u00e9e de lecture estim\u00e9e":"1 minute"},"schema":{"@context":"https:\/\/schema.org","@graph":[{"@type":"WebPage","@id":"https:\/\/paracherkaoui.ma\/index.php\/produit\/biotherm-cera-repair-barriere-creme-50-ml-3\/","url":"https:\/\/paracherkaoui.ma\/index.php\/produit\/biotherm-cera-repair-barriere-creme-50-ml-3\/","name":"BIOTHERM CERA REPAIR BARRIERE CREME 50 ML - Paracherkaoui.ma","isPartOf":{"@id":"https:\/\/paracherkaoui.ma\/#website"},"primaryImageOfPage":{"@id":"https:\/\/paracherkaoui.ma\/index.php\/produit\/biotherm-cera-repair-barriere-creme-50-ml-3\/#primaryimage"},"image":{"@id":"https:\/\/paracherkaoui.ma\/index.php\/produit\/biotherm-cera-repair-barriere-creme-50-ml-3\/#primaryimage"},"thumbnailUrl":"https:\/\/paracherkaoui.ma\/wp-content\/uploads\/2025\/12\/biotherm-cera-repair-barriere-creme-50-ml.jpg","datePublished":"2025-12-12T17:25:35+00:00","dateModified":"2025-12-12T17:25:38+00:00","breadcrumb":{"@id":"https:\/\/paracherkaoui.ma\/index.php\/produit\/biotherm-cera-repair-barriere-creme-50-ml-3\/#breadcrumb"},"inLanguage":"fr-FR","potentialAction":[{"@type":"ReadAction","target":["https:\/\/paracherkaoui.ma\/index.php\/produit\/biotherm-cera-repair-barriere-creme-50-ml-3\/"]}]},{"@type":"ImageObject","inLanguage":"fr-FR","@id":"https:\/\/paracherkaoui.ma\/index.php\/produit\/biotherm-cera-repair-barriere-creme-50-ml-3\/#primaryimage","url":"https:\/\/paracherkaoui.ma\/wp-content\/uploads\/2025\/12\/biotherm-cera-repair-barriere-creme-50-ml.jpg","contentUrl":"https:\/\/paracherkaoui.ma\/wp-content\/uploads\/2025\/12\/biotherm-cera-repair-barriere-creme-50-ml.jpg","width":700,"height":700},{"@type":"BreadcrumbList","@id":"https:\/\/paracherkaoui.ma\/index.php\/produit\/biotherm-cera-repair-barriere-creme-50-ml-3\/#breadcrumb","itemListElement":[{"@type":"ListItem","position":1,"name":"Accueil","item":"https:\/\/paracherkaoui.ma\/"},{"@type":"ListItem","position":2,"name":"Boutique","item":"https:\/\/paracherkaoui.ma\/index.php\/boutique\/"},{"@type":"ListItem","position":3,"name":"BIOTHERM CERA REPAIR BARRIERE CREME 50 ML"}]},{"@type":"WebSite","@id":"https:\/\/paracherkaoui.ma\/#website","url":"https:\/\/paracherkaoui.ma\/","name":"Paracherkaoui.ma","description":"Achetez en ligne sur Paracherkaoui.ma","potentialAction":[{"@type":"SearchAction","target":{"@type":"EntryPoint","urlTemplate":"https:\/\/paracherkaoui.ma\/?s={search_term_string}"},"query-input":{"@type":"PropertyValueSpecification","valueRequired":true,"valueName":"search_term_string"}}],"inLanguage":"fr-FR"}]}},"_links":{"self":[{"href":"https:\/\/paracherkaoui.ma\/index.php\/wp-json\/wp\/v2\/product\/26818","targetHints":{"allow":["GET"]}}],"collection":[{"href":"https:\/\/paracherkaoui.ma\/index.php\/wp-json\/wp\/v2\/product"}],"about":[{"href":"https:\/\/paracherkaoui.ma\/index.php\/wp-json\/wp\/v2\/types\/product"}],"replies":[{"embeddable":true,"href":"https:\/\/paracherkaoui.ma\/index.php\/wp-json\/wp\/v2\/comments?post=26818"}],"version-history":[{"count":1,"href":"https:\/\/paracherkaoui.ma\/index.php\/wp-json\/wp\/v2\/product\/26818\/revisions"}],"predecessor-version":[{"id":26855,"href":"https:\/\/paracherkaoui.ma\/index.php\/wp-json\/wp\/v2\/product\/26818\/revisions\/26855"}],"wp:featuredmedia":[{"embeddable":true,"href":"https:\/\/paracherkaoui.ma\/index.php\/wp-json\/wp\/v2\/media\/23092"}],"wp:attachment":[{"href":"https:\/\/paracherkaoui.ma\/index.php\/wp-json\/wp\/v2\/media?parent=26818"}],"wp:term":[{"taxonomy":"product_brand","embeddable":true,"href":"https:\/\/paracherkaoui.ma\/index.php\/wp-json\/wp\/v2\/product_brand?post=26818"},{"taxonomy":"product_cat","embeddable":true,"href":"https:\/\/paracherkaoui.ma\/index.php\/wp-json\/wp\/v2\/product_cat?post=26818"},{"taxonomy":"product_tag","embeddable":true,"href":"https:\/\/paracherkaoui.ma\/index.php\/wp-json\/wp\/v2\/product_tag?post=26818"}],"curies":[{"name":"wp","href":"https:\/\/api.w.org\/{rel}","templated":true}]}}