{"id":26816,"date":"2025-12-12T18:25:35","date_gmt":"2025-12-12T17:25:35","guid":{"rendered":"https:\/\/test.ecbeaute.com\/?post_type=product&#038;p=26816"},"modified":"2025-12-12T18:25:38","modified_gmt":"2025-12-12T17:25:38","slug":"caudalie-vinoclean-lotion-tonique-hydratante-400-ml","status":"publish","type":"product","link":"https:\/\/paracherkaoui.ma\/index.php\/produit\/caudalie-vinoclean-lotion-tonique-hydratante-400-ml\/","title":{"rendered":"CAUDALIE VINOCLEAN LOTION TONIQUE HYDRATANTE 400 ML"},"content":{"rendered":"<p>\u00c9tape incontournable d\u2019un parfait d\u00e9maquillage, la Lotion Tonique \u00e9limine les derni\u00e8res impuret\u00e9s et traces de maquillage, tout en tonifiant la peau. Enrichie en Vinolevure, elle hydrate et apaise la peau. Sans alcool, elle respecte l\u2019\u00e9quilibre naturel de la peau. Fra\u00eeche, nette et confortable, la peau est pr\u00eate \u00e0 profiter pleinement des soins.<br \/>\nSa texture eau, ultra-fluide apporte un effet raffra\u00eechissant imm\u00e9diat. Son parfum tr\u00e8s l\u00e9ger m\u00eale les notes de fleur de mandarinier, feuille de citronnier, melon d&rsquo;eau et menthe fra\u00eeche.<br \/>\nB\u00e9n\u00e9fices<br \/>\nParfait le d\u00e9maquillage<br \/>\nTonifie la peau<br \/>\nHydrate et apaise<br \/>\nFormule :<br \/>\nEnrichie en Vinolevure\u00ae hydratante.<br \/>\n97% d&rsquo;ingr\u00e9dients d&rsquo;origine naturelle dans formule.<br \/>\nEt comme tous les produits Caudalie, sans parab\u00e8nes, ph\u00e9noxy\u00e9thanol, phtalates, huiles min\u00e9rales, ingr\u00e9dients d&rsquo;origine animale.<br \/>\nConseils d&rsquo;utilisation:<br \/>\nApr\u00e8s s&rsquo;\u00eatre d\u00e9maquill\u00e9, appliquer trois pressions de Lotion Tonique sur l&rsquo;ensemble du visage et le cou \u00e0 l&rsquo;aide d&rsquo;un coton. Sans rin\u00e7age.<br \/>\nApr\u00e8s s&rsquo;\u00eatre d\u00e9maquill\u00e9, appliquer trois pressions de Lotion Tonique sur l&rsquo;ensemble du visage et le cou \u00e0 l&rsquo;aide d&rsquo;un coton. Sans rin\u00e7age.<\/p>\n","protected":false},"excerpt":{"rendered":"<p>\u00c9tape incontournable d\u2019un parfait d\u00e9maquillage, la Lotion Tonique \u00e9limine les derni\u00e8res impuret\u00e9s et traces de maquillage, tout en tonifiant la<\/p>\n","protected":false},"featured_media":26851,"comment_status":"open","ping_status":"closed","template":"","meta":[],"product_brand":[358],"product_cat":[525],"product_tag":[],"class_list":{"0":"post-26816","1":"product","2":"type-product","3":"status-publish","4":"has-post-thumbnail","6":"product_brand-caudalie","7":"product_cat-cremes-jour","9":"first","10":"instock","11":"shipping-taxable","12":"purchasable","13":"product-type-simple"},"yoast_head":"<!-- This site is optimized with the Yoast SEO plugin v26.6 - https:\/\/yoast.com\/wordpress\/plugins\/seo\/ -->\r\n<title>CAUDALIE VINOCLEAN LOTION TONIQUE HYDRATANTE 400 ML - Paracherkaoui.ma<\/title>\r\n<meta name=\"robots\" content=\"index, follow, max-snippet:-1, max-image-preview:large, max-video-preview:-1\" \/>\r\n<link rel=\"canonical\" href=\"https:\/\/paracherkaoui.ma\/index.php\/produit\/caudalie-vinoclean-lotion-tonique-hydratante-400-ml\/\" \/>\r\n<meta property=\"og:locale\" content=\"fr_FR\" \/>\r\n<meta property=\"og:type\" content=\"article\" \/>\r\n<meta property=\"og:title\" content=\"CAUDALIE VINOCLEAN LOTION TONIQUE HYDRATANTE 400 ML - Paracherkaoui.ma\" \/>\r\n<meta property=\"og:description\" content=\"\u00c9tape incontournable d\u2019un parfait d\u00e9maquillage, la Lotion Tonique \u00e9limine les derni\u00e8res impuret\u00e9s et traces de maquillage, tout en tonifiant la\" \/>\r\n<meta property=\"og:url\" content=\"https:\/\/paracherkaoui.ma\/index.php\/produit\/caudalie-vinoclean-lotion-tonique-hydratante-400-ml\/\" \/>\r\n<meta property=\"og:site_name\" content=\"Paracherkaoui.ma\" \/>\r\n<meta property=\"article:modified_time\" content=\"2025-12-12T17:25:38+00:00\" \/>\r\n<meta property=\"og:image\" content=\"https:\/\/paracherkaoui.ma\/wp-content\/uploads\/2025\/12\/caudalie-vinoclean-lotion-tonique-hydratante-400-ml.jpg\" \/>\r\n\t<meta property=\"og:image:width\" content=\"700\" \/>\r\n\t<meta property=\"og:image:height\" content=\"700\" \/>\r\n\t<meta property=\"og:image:type\" content=\"image\/jpeg\" \/>\r\n<meta name=\"twitter:card\" content=\"summary_large_image\" \/>\r\n<meta name=\"twitter:label1\" content=\"Dur\u00e9e de lecture estim\u00e9e\" \/>\n\t<meta name=\"twitter:data1\" content=\"1 minute\" \/>\r\n<script type=\"application\/ld+json\" class=\"yoast-schema-graph\">{\"@context\":\"https:\/\/schema.org\",\"@graph\":[{\"@type\":\"WebPage\",\"@id\":\"https:\/\/paracherkaoui.ma\/index.php\/produit\/caudalie-vinoclean-lotion-tonique-hydratante-400-ml\/\",\"url\":\"https:\/\/paracherkaoui.ma\/index.php\/produit\/caudalie-vinoclean-lotion-tonique-hydratante-400-ml\/\",\"name\":\"CAUDALIE VINOCLEAN LOTION TONIQUE HYDRATANTE 400 ML - Paracherkaoui.ma\",\"isPartOf\":{\"@id\":\"https:\/\/paracherkaoui.ma\/#website\"},\"primaryImageOfPage\":{\"@id\":\"https:\/\/paracherkaoui.ma\/index.php\/produit\/caudalie-vinoclean-lotion-tonique-hydratante-400-ml\/#primaryimage\"},\"image\":{\"@id\":\"https:\/\/paracherkaoui.ma\/index.php\/produit\/caudalie-vinoclean-lotion-tonique-hydratante-400-ml\/#primaryimage\"},\"thumbnailUrl\":\"https:\/\/paracherkaoui.ma\/wp-content\/uploads\/2025\/12\/caudalie-vinoclean-lotion-tonique-hydratante-400-ml.jpg\",\"datePublished\":\"2025-12-12T17:25:35+00:00\",\"dateModified\":\"2025-12-12T17:25:38+00:00\",\"breadcrumb\":{\"@id\":\"https:\/\/paracherkaoui.ma\/index.php\/produit\/caudalie-vinoclean-lotion-tonique-hydratante-400-ml\/#breadcrumb\"},\"inLanguage\":\"fr-FR\",\"potentialAction\":[{\"@type\":\"ReadAction\",\"target\":[\"https:\/\/paracherkaoui.ma\/index.php\/produit\/caudalie-vinoclean-lotion-tonique-hydratante-400-ml\/\"]}]},{\"@type\":\"ImageObject\",\"inLanguage\":\"fr-FR\",\"@id\":\"https:\/\/paracherkaoui.ma\/index.php\/produit\/caudalie-vinoclean-lotion-tonique-hydratante-400-ml\/#primaryimage\",\"url\":\"https:\/\/paracherkaoui.ma\/wp-content\/uploads\/2025\/12\/caudalie-vinoclean-lotion-tonique-hydratante-400-ml.jpg\",\"contentUrl\":\"https:\/\/paracherkaoui.ma\/wp-content\/uploads\/2025\/12\/caudalie-vinoclean-lotion-tonique-hydratante-400-ml.jpg\",\"width\":700,\"height\":700},{\"@type\":\"BreadcrumbList\",\"@id\":\"https:\/\/paracherkaoui.ma\/index.php\/produit\/caudalie-vinoclean-lotion-tonique-hydratante-400-ml\/#breadcrumb\",\"itemListElement\":[{\"@type\":\"ListItem\",\"position\":1,\"name\":\"Accueil\",\"item\":\"https:\/\/paracherkaoui.ma\/\"},{\"@type\":\"ListItem\",\"position\":2,\"name\":\"Boutique\",\"item\":\"https:\/\/paracherkaoui.ma\/index.php\/boutique\/\"},{\"@type\":\"ListItem\",\"position\":3,\"name\":\"CAUDALIE VINOCLEAN LOTION TONIQUE HYDRATANTE 400 ML\"}]},{\"@type\":\"WebSite\",\"@id\":\"https:\/\/paracherkaoui.ma\/#website\",\"url\":\"https:\/\/paracherkaoui.ma\/\",\"name\":\"Paracherkaoui.ma\",\"description\":\"Achetez en ligne sur Paracherkaoui.ma\",\"potentialAction\":[{\"@type\":\"SearchAction\",\"target\":{\"@type\":\"EntryPoint\",\"urlTemplate\":\"https:\/\/paracherkaoui.ma\/?s={search_term_string}\"},\"query-input\":{\"@type\":\"PropertyValueSpecification\",\"valueRequired\":true,\"valueName\":\"search_term_string\"}}],\"inLanguage\":\"fr-FR\"}]}<\/script>\r\n<!-- \/ Yoast SEO plugin. -->","yoast_head_json":{"title":"CAUDALIE VINOCLEAN LOTION TONIQUE HYDRATANTE 400 ML - Paracherkaoui.ma","robots":{"index":"index","follow":"follow","max-snippet":"max-snippet:-1","max-image-preview":"max-image-preview:large","max-video-preview":"max-video-preview:-1"},"canonical":"https:\/\/paracherkaoui.ma\/index.php\/produit\/caudalie-vinoclean-lotion-tonique-hydratante-400-ml\/","og_locale":"fr_FR","og_type":"article","og_title":"CAUDALIE VINOCLEAN LOTION TONIQUE HYDRATANTE 400 ML - Paracherkaoui.ma","og_description":"\u00c9tape incontournable d\u2019un parfait d\u00e9maquillage, la Lotion Tonique \u00e9limine les derni\u00e8res impuret\u00e9s et traces de maquillage, tout en tonifiant la","og_url":"https:\/\/paracherkaoui.ma\/index.php\/produit\/caudalie-vinoclean-lotion-tonique-hydratante-400-ml\/","og_site_name":"Paracherkaoui.ma","article_modified_time":"2025-12-12T17:25:38+00:00","og_image":[{"width":700,"height":700,"url":"https:\/\/paracherkaoui.ma\/wp-content\/uploads\/2025\/12\/caudalie-vinoclean-lotion-tonique-hydratante-400-ml.jpg","type":"image\/jpeg"}],"twitter_card":"summary_large_image","twitter_misc":{"Dur\u00e9e de lecture estim\u00e9e":"1 minute"},"schema":{"@context":"https:\/\/schema.org","@graph":[{"@type":"WebPage","@id":"https:\/\/paracherkaoui.ma\/index.php\/produit\/caudalie-vinoclean-lotion-tonique-hydratante-400-ml\/","url":"https:\/\/paracherkaoui.ma\/index.php\/produit\/caudalie-vinoclean-lotion-tonique-hydratante-400-ml\/","name":"CAUDALIE VINOCLEAN LOTION TONIQUE HYDRATANTE 400 ML - Paracherkaoui.ma","isPartOf":{"@id":"https:\/\/paracherkaoui.ma\/#website"},"primaryImageOfPage":{"@id":"https:\/\/paracherkaoui.ma\/index.php\/produit\/caudalie-vinoclean-lotion-tonique-hydratante-400-ml\/#primaryimage"},"image":{"@id":"https:\/\/paracherkaoui.ma\/index.php\/produit\/caudalie-vinoclean-lotion-tonique-hydratante-400-ml\/#primaryimage"},"thumbnailUrl":"https:\/\/paracherkaoui.ma\/wp-content\/uploads\/2025\/12\/caudalie-vinoclean-lotion-tonique-hydratante-400-ml.jpg","datePublished":"2025-12-12T17:25:35+00:00","dateModified":"2025-12-12T17:25:38+00:00","breadcrumb":{"@id":"https:\/\/paracherkaoui.ma\/index.php\/produit\/caudalie-vinoclean-lotion-tonique-hydratante-400-ml\/#breadcrumb"},"inLanguage":"fr-FR","potentialAction":[{"@type":"ReadAction","target":["https:\/\/paracherkaoui.ma\/index.php\/produit\/caudalie-vinoclean-lotion-tonique-hydratante-400-ml\/"]}]},{"@type":"ImageObject","inLanguage":"fr-FR","@id":"https:\/\/paracherkaoui.ma\/index.php\/produit\/caudalie-vinoclean-lotion-tonique-hydratante-400-ml\/#primaryimage","url":"https:\/\/paracherkaoui.ma\/wp-content\/uploads\/2025\/12\/caudalie-vinoclean-lotion-tonique-hydratante-400-ml.jpg","contentUrl":"https:\/\/paracherkaoui.ma\/wp-content\/uploads\/2025\/12\/caudalie-vinoclean-lotion-tonique-hydratante-400-ml.jpg","width":700,"height":700},{"@type":"BreadcrumbList","@id":"https:\/\/paracherkaoui.ma\/index.php\/produit\/caudalie-vinoclean-lotion-tonique-hydratante-400-ml\/#breadcrumb","itemListElement":[{"@type":"ListItem","position":1,"name":"Accueil","item":"https:\/\/paracherkaoui.ma\/"},{"@type":"ListItem","position":2,"name":"Boutique","item":"https:\/\/paracherkaoui.ma\/index.php\/boutique\/"},{"@type":"ListItem","position":3,"name":"CAUDALIE VINOCLEAN LOTION TONIQUE HYDRATANTE 400 ML"}]},{"@type":"WebSite","@id":"https:\/\/paracherkaoui.ma\/#website","url":"https:\/\/paracherkaoui.ma\/","name":"Paracherkaoui.ma","description":"Achetez en ligne sur Paracherkaoui.ma","potentialAction":[{"@type":"SearchAction","target":{"@type":"EntryPoint","urlTemplate":"https:\/\/paracherkaoui.ma\/?s={search_term_string}"},"query-input":{"@type":"PropertyValueSpecification","valueRequired":true,"valueName":"search_term_string"}}],"inLanguage":"fr-FR"}]}},"_links":{"self":[{"href":"https:\/\/paracherkaoui.ma\/index.php\/wp-json\/wp\/v2\/product\/26816","targetHints":{"allow":["GET"]}}],"collection":[{"href":"https:\/\/paracherkaoui.ma\/index.php\/wp-json\/wp\/v2\/product"}],"about":[{"href":"https:\/\/paracherkaoui.ma\/index.php\/wp-json\/wp\/v2\/types\/product"}],"replies":[{"embeddable":true,"href":"https:\/\/paracherkaoui.ma\/index.php\/wp-json\/wp\/v2\/comments?post=26816"}],"version-history":[{"count":1,"href":"https:\/\/paracherkaoui.ma\/index.php\/wp-json\/wp\/v2\/product\/26816\/revisions"}],"predecessor-version":[{"id":26852,"href":"https:\/\/paracherkaoui.ma\/index.php\/wp-json\/wp\/v2\/product\/26816\/revisions\/26852"}],"wp:featuredmedia":[{"embeddable":true,"href":"https:\/\/paracherkaoui.ma\/index.php\/wp-json\/wp\/v2\/media\/26851"}],"wp:attachment":[{"href":"https:\/\/paracherkaoui.ma\/index.php\/wp-json\/wp\/v2\/media?parent=26816"}],"wp:term":[{"taxonomy":"product_brand","embeddable":true,"href":"https:\/\/paracherkaoui.ma\/index.php\/wp-json\/wp\/v2\/product_brand?post=26816"},{"taxonomy":"product_cat","embeddable":true,"href":"https:\/\/paracherkaoui.ma\/index.php\/wp-json\/wp\/v2\/product_cat?post=26816"},{"taxonomy":"product_tag","embeddable":true,"href":"https:\/\/paracherkaoui.ma\/index.php\/wp-json\/wp\/v2\/product_tag?post=26816"}],"curies":[{"name":"wp","href":"https:\/\/api.w.org\/{rel}","templated":true}]}}