{"id":26806,"date":"2025-12-12T18:25:34","date_gmt":"2025-12-12T17:25:34","guid":{"rendered":"https:\/\/test.ecbeaute.com\/?post_type=product&#038;p=26806"},"modified":"2025-12-12T18:25:36","modified_gmt":"2025-12-12T17:25:36","slug":"nuxe-creme-fraiche-creme-riche-hydratante-48h-peau-seche-30-ml","status":"publish","type":"product","link":"https:\/\/paracherkaoui.ma\/index.php\/produit\/nuxe-creme-fraiche-creme-riche-hydratante-48h-peau-seche-30-ml\/","title":{"rendered":"NUXE CREME FRAICHE CREME RICHE HYDRATANTE 48h PEAU SECHE 30 ML"},"content":{"rendered":"<p>DESCRIPTION :<br \/>\nUne cr\u00e8me onctueuse pour les peaux sensibles s\u00e8ches qui hydrate et apaise la peau en continu pendant 24h. Une texture nourrissante qui imite la structure de la peau pour une meilleure diffusion des actifs. La peau est fra\u00eeche, souple et rebondie. La Cr\u00e8me Fra\u00eeche de Beaut\u00e9 Enrichie renforce les r\u00e9serves hydriques de la peau (8 Laits V\u00e9g\u00e9taux, S\u00e8ve d\u2019Alo\u00e9 Vera) et maintient un niveau d\u2019eau optimal (Salicorne). Elle apaise, r\u00e9duit significativement les sensations d\u2019inconfort et les irritations des peaux sensibles (Fleurs Blanches d\u2019Amandier et d\u2019Oranger) et nourrit intens\u00e9ment la peau (Huile de Macadamia).<br \/>\nCONSEILS D&rsquo;UTILISATION :<br \/>\nMatin et ou soir, sur l&rsquo;ensemble du visage, du cou et du d\u00e9collet\u00e9.<\/p>\n","protected":false},"excerpt":{"rendered":"<p>DESCRIPTION : Une cr\u00e8me onctueuse pour les peaux sensibles s\u00e8ches qui hydrate et apaise la peau en continu pendant 24h.<\/p>\n","protected":false},"featured_media":26838,"comment_status":"open","ping_status":"closed","template":"","meta":[],"product_brand":[230],"product_cat":[525],"product_tag":[],"class_list":{"0":"post-26806","1":"product","2":"type-product","3":"status-publish","4":"has-post-thumbnail","6":"product_brand-nuxe","7":"product_cat-cremes-jour","9":"first","10":"instock","11":"sale","12":"shipping-taxable","13":"purchasable","14":"product-type-simple"},"yoast_head":"<!-- This site is optimized with the Yoast SEO plugin v26.6 - https:\/\/yoast.com\/wordpress\/plugins\/seo\/ -->\r\n<title>NUXE CREME FRAICHE CREME RICHE HYDRATANTE 48h PEAU SECHE 30 ML - Paracherkaoui.ma<\/title>\r\n<meta name=\"robots\" content=\"index, follow, max-snippet:-1, max-image-preview:large, max-video-preview:-1\" \/>\r\n<link rel=\"canonical\" href=\"https:\/\/paracherkaoui.ma\/index.php\/produit\/nuxe-creme-fraiche-creme-riche-hydratante-48h-peau-seche-30-ml\/\" \/>\r\n<meta property=\"og:locale\" content=\"fr_FR\" \/>\r\n<meta property=\"og:type\" content=\"article\" \/>\r\n<meta property=\"og:title\" content=\"NUXE CREME FRAICHE CREME RICHE HYDRATANTE 48h PEAU SECHE 30 ML - Paracherkaoui.ma\" \/>\r\n<meta property=\"og:description\" content=\"DESCRIPTION : Une cr\u00e8me onctueuse pour les peaux sensibles s\u00e8ches qui hydrate et apaise la peau en continu pendant 24h.\" \/>\r\n<meta property=\"og:url\" content=\"https:\/\/paracherkaoui.ma\/index.php\/produit\/nuxe-creme-fraiche-creme-riche-hydratante-48h-peau-seche-30-ml\/\" \/>\r\n<meta property=\"og:site_name\" content=\"Paracherkaoui.ma\" \/>\r\n<meta property=\"article:modified_time\" content=\"2025-12-12T17:25:36+00:00\" \/>\r\n<meta property=\"og:image\" content=\"https:\/\/paracherkaoui.ma\/wp-content\/uploads\/2025\/12\/nuxe-nuxe-creme-fraiche-creme-riche-hydratante-48h-peau-seche-30-ml-cremes-jour.jpg\" \/>\r\n\t<meta property=\"og:image:width\" content=\"700\" \/>\r\n\t<meta property=\"og:image:height\" content=\"700\" \/>\r\n\t<meta property=\"og:image:type\" content=\"image\/jpeg\" \/>\r\n<meta name=\"twitter:card\" content=\"summary_large_image\" \/>\r\n<meta name=\"twitter:label1\" content=\"Dur\u00e9e de lecture estim\u00e9e\" \/>\n\t<meta name=\"twitter:data1\" content=\"1 minute\" \/>\r\n<script type=\"application\/ld+json\" class=\"yoast-schema-graph\">{\"@context\":\"https:\/\/schema.org\",\"@graph\":[{\"@type\":\"WebPage\",\"@id\":\"https:\/\/paracherkaoui.ma\/index.php\/produit\/nuxe-creme-fraiche-creme-riche-hydratante-48h-peau-seche-30-ml\/\",\"url\":\"https:\/\/paracherkaoui.ma\/index.php\/produit\/nuxe-creme-fraiche-creme-riche-hydratante-48h-peau-seche-30-ml\/\",\"name\":\"NUXE CREME FRAICHE CREME RICHE HYDRATANTE 48h PEAU SECHE 30 ML - Paracherkaoui.ma\",\"isPartOf\":{\"@id\":\"https:\/\/paracherkaoui.ma\/#website\"},\"primaryImageOfPage\":{\"@id\":\"https:\/\/paracherkaoui.ma\/index.php\/produit\/nuxe-creme-fraiche-creme-riche-hydratante-48h-peau-seche-30-ml\/#primaryimage\"},\"image\":{\"@id\":\"https:\/\/paracherkaoui.ma\/index.php\/produit\/nuxe-creme-fraiche-creme-riche-hydratante-48h-peau-seche-30-ml\/#primaryimage\"},\"thumbnailUrl\":\"https:\/\/paracherkaoui.ma\/wp-content\/uploads\/2025\/12\/nuxe-nuxe-creme-fraiche-creme-riche-hydratante-48h-peau-seche-30-ml-cremes-jour.jpg\",\"datePublished\":\"2025-12-12T17:25:34+00:00\",\"dateModified\":\"2025-12-12T17:25:36+00:00\",\"breadcrumb\":{\"@id\":\"https:\/\/paracherkaoui.ma\/index.php\/produit\/nuxe-creme-fraiche-creme-riche-hydratante-48h-peau-seche-30-ml\/#breadcrumb\"},\"inLanguage\":\"fr-FR\",\"potentialAction\":[{\"@type\":\"ReadAction\",\"target\":[\"https:\/\/paracherkaoui.ma\/index.php\/produit\/nuxe-creme-fraiche-creme-riche-hydratante-48h-peau-seche-30-ml\/\"]}]},{\"@type\":\"ImageObject\",\"inLanguage\":\"fr-FR\",\"@id\":\"https:\/\/paracherkaoui.ma\/index.php\/produit\/nuxe-creme-fraiche-creme-riche-hydratante-48h-peau-seche-30-ml\/#primaryimage\",\"url\":\"https:\/\/paracherkaoui.ma\/wp-content\/uploads\/2025\/12\/nuxe-nuxe-creme-fraiche-creme-riche-hydratante-48h-peau-seche-30-ml-cremes-jour.jpg\",\"contentUrl\":\"https:\/\/paracherkaoui.ma\/wp-content\/uploads\/2025\/12\/nuxe-nuxe-creme-fraiche-creme-riche-hydratante-48h-peau-seche-30-ml-cremes-jour.jpg\",\"width\":700,\"height\":700},{\"@type\":\"BreadcrumbList\",\"@id\":\"https:\/\/paracherkaoui.ma\/index.php\/produit\/nuxe-creme-fraiche-creme-riche-hydratante-48h-peau-seche-30-ml\/#breadcrumb\",\"itemListElement\":[{\"@type\":\"ListItem\",\"position\":1,\"name\":\"Accueil\",\"item\":\"https:\/\/paracherkaoui.ma\/\"},{\"@type\":\"ListItem\",\"position\":2,\"name\":\"Boutique\",\"item\":\"https:\/\/paracherkaoui.ma\/index.php\/boutique\/\"},{\"@type\":\"ListItem\",\"position\":3,\"name\":\"NUXE CREME FRAICHE CREME RICHE HYDRATANTE 48h PEAU SECHE 30 ML\"}]},{\"@type\":\"WebSite\",\"@id\":\"https:\/\/paracherkaoui.ma\/#website\",\"url\":\"https:\/\/paracherkaoui.ma\/\",\"name\":\"Paracherkaoui.ma\",\"description\":\"Achetez en ligne sur Paracherkaoui.ma\",\"potentialAction\":[{\"@type\":\"SearchAction\",\"target\":{\"@type\":\"EntryPoint\",\"urlTemplate\":\"https:\/\/paracherkaoui.ma\/?s={search_term_string}\"},\"query-input\":{\"@type\":\"PropertyValueSpecification\",\"valueRequired\":true,\"valueName\":\"search_term_string\"}}],\"inLanguage\":\"fr-FR\"}]}<\/script>\r\n<!-- \/ Yoast SEO plugin. -->","yoast_head_json":{"title":"NUXE CREME FRAICHE CREME RICHE HYDRATANTE 48h PEAU SECHE 30 ML - Paracherkaoui.ma","robots":{"index":"index","follow":"follow","max-snippet":"max-snippet:-1","max-image-preview":"max-image-preview:large","max-video-preview":"max-video-preview:-1"},"canonical":"https:\/\/paracherkaoui.ma\/index.php\/produit\/nuxe-creme-fraiche-creme-riche-hydratante-48h-peau-seche-30-ml\/","og_locale":"fr_FR","og_type":"article","og_title":"NUXE CREME FRAICHE CREME RICHE HYDRATANTE 48h PEAU SECHE 30 ML - Paracherkaoui.ma","og_description":"DESCRIPTION : Une cr\u00e8me onctueuse pour les peaux sensibles s\u00e8ches qui hydrate et apaise la peau en continu pendant 24h.","og_url":"https:\/\/paracherkaoui.ma\/index.php\/produit\/nuxe-creme-fraiche-creme-riche-hydratante-48h-peau-seche-30-ml\/","og_site_name":"Paracherkaoui.ma","article_modified_time":"2025-12-12T17:25:36+00:00","og_image":[{"width":700,"height":700,"url":"https:\/\/paracherkaoui.ma\/wp-content\/uploads\/2025\/12\/nuxe-nuxe-creme-fraiche-creme-riche-hydratante-48h-peau-seche-30-ml-cremes-jour.jpg","type":"image\/jpeg"}],"twitter_card":"summary_large_image","twitter_misc":{"Dur\u00e9e de lecture estim\u00e9e":"1 minute"},"schema":{"@context":"https:\/\/schema.org","@graph":[{"@type":"WebPage","@id":"https:\/\/paracherkaoui.ma\/index.php\/produit\/nuxe-creme-fraiche-creme-riche-hydratante-48h-peau-seche-30-ml\/","url":"https:\/\/paracherkaoui.ma\/index.php\/produit\/nuxe-creme-fraiche-creme-riche-hydratante-48h-peau-seche-30-ml\/","name":"NUXE CREME FRAICHE CREME RICHE HYDRATANTE 48h PEAU SECHE 30 ML - Paracherkaoui.ma","isPartOf":{"@id":"https:\/\/paracherkaoui.ma\/#website"},"primaryImageOfPage":{"@id":"https:\/\/paracherkaoui.ma\/index.php\/produit\/nuxe-creme-fraiche-creme-riche-hydratante-48h-peau-seche-30-ml\/#primaryimage"},"image":{"@id":"https:\/\/paracherkaoui.ma\/index.php\/produit\/nuxe-creme-fraiche-creme-riche-hydratante-48h-peau-seche-30-ml\/#primaryimage"},"thumbnailUrl":"https:\/\/paracherkaoui.ma\/wp-content\/uploads\/2025\/12\/nuxe-nuxe-creme-fraiche-creme-riche-hydratante-48h-peau-seche-30-ml-cremes-jour.jpg","datePublished":"2025-12-12T17:25:34+00:00","dateModified":"2025-12-12T17:25:36+00:00","breadcrumb":{"@id":"https:\/\/paracherkaoui.ma\/index.php\/produit\/nuxe-creme-fraiche-creme-riche-hydratante-48h-peau-seche-30-ml\/#breadcrumb"},"inLanguage":"fr-FR","potentialAction":[{"@type":"ReadAction","target":["https:\/\/paracherkaoui.ma\/index.php\/produit\/nuxe-creme-fraiche-creme-riche-hydratante-48h-peau-seche-30-ml\/"]}]},{"@type":"ImageObject","inLanguage":"fr-FR","@id":"https:\/\/paracherkaoui.ma\/index.php\/produit\/nuxe-creme-fraiche-creme-riche-hydratante-48h-peau-seche-30-ml\/#primaryimage","url":"https:\/\/paracherkaoui.ma\/wp-content\/uploads\/2025\/12\/nuxe-nuxe-creme-fraiche-creme-riche-hydratante-48h-peau-seche-30-ml-cremes-jour.jpg","contentUrl":"https:\/\/paracherkaoui.ma\/wp-content\/uploads\/2025\/12\/nuxe-nuxe-creme-fraiche-creme-riche-hydratante-48h-peau-seche-30-ml-cremes-jour.jpg","width":700,"height":700},{"@type":"BreadcrumbList","@id":"https:\/\/paracherkaoui.ma\/index.php\/produit\/nuxe-creme-fraiche-creme-riche-hydratante-48h-peau-seche-30-ml\/#breadcrumb","itemListElement":[{"@type":"ListItem","position":1,"name":"Accueil","item":"https:\/\/paracherkaoui.ma\/"},{"@type":"ListItem","position":2,"name":"Boutique","item":"https:\/\/paracherkaoui.ma\/index.php\/boutique\/"},{"@type":"ListItem","position":3,"name":"NUXE CREME FRAICHE CREME RICHE HYDRATANTE 48h PEAU SECHE 30 ML"}]},{"@type":"WebSite","@id":"https:\/\/paracherkaoui.ma\/#website","url":"https:\/\/paracherkaoui.ma\/","name":"Paracherkaoui.ma","description":"Achetez en ligne sur Paracherkaoui.ma","potentialAction":[{"@type":"SearchAction","target":{"@type":"EntryPoint","urlTemplate":"https:\/\/paracherkaoui.ma\/?s={search_term_string}"},"query-input":{"@type":"PropertyValueSpecification","valueRequired":true,"valueName":"search_term_string"}}],"inLanguage":"fr-FR"}]}},"_links":{"self":[{"href":"https:\/\/paracherkaoui.ma\/index.php\/wp-json\/wp\/v2\/product\/26806","targetHints":{"allow":["GET"]}}],"collection":[{"href":"https:\/\/paracherkaoui.ma\/index.php\/wp-json\/wp\/v2\/product"}],"about":[{"href":"https:\/\/paracherkaoui.ma\/index.php\/wp-json\/wp\/v2\/types\/product"}],"replies":[{"embeddable":true,"href":"https:\/\/paracherkaoui.ma\/index.php\/wp-json\/wp\/v2\/comments?post=26806"}],"version-history":[{"count":1,"href":"https:\/\/paracherkaoui.ma\/index.php\/wp-json\/wp\/v2\/product\/26806\/revisions"}],"predecessor-version":[{"id":26839,"href":"https:\/\/paracherkaoui.ma\/index.php\/wp-json\/wp\/v2\/product\/26806\/revisions\/26839"}],"wp:featuredmedia":[{"embeddable":true,"href":"https:\/\/paracherkaoui.ma\/index.php\/wp-json\/wp\/v2\/media\/26838"}],"wp:attachment":[{"href":"https:\/\/paracherkaoui.ma\/index.php\/wp-json\/wp\/v2\/media?parent=26806"}],"wp:term":[{"taxonomy":"product_brand","embeddable":true,"href":"https:\/\/paracherkaoui.ma\/index.php\/wp-json\/wp\/v2\/product_brand?post=26806"},{"taxonomy":"product_cat","embeddable":true,"href":"https:\/\/paracherkaoui.ma\/index.php\/wp-json\/wp\/v2\/product_cat?post=26806"},{"taxonomy":"product_tag","embeddable":true,"href":"https:\/\/paracherkaoui.ma\/index.php\/wp-json\/wp\/v2\/product_tag?post=26806"}],"curies":[{"name":"wp","href":"https:\/\/api.w.org\/{rel}","templated":true}]}}