{"id":26756,"date":"2025-12-12T18:25:29","date_gmt":"2025-12-12T17:25:29","guid":{"rendered":"https:\/\/test.ecbeaute.com\/?post_type=product&#038;p=26756"},"modified":"2025-12-12T18:25:32","modified_gmt":"2025-12-12T17:25:32","slug":"svr-hydraliane-creme-legere-peaux-sensibles-mixtes-50-ml-2","status":"publish","type":"product","link":"https:\/\/paracherkaoui.ma\/index.php\/produit\/svr-hydraliane-creme-legere-peaux-sensibles-mixtes-50-ml-2\/","title":{"rendered":"SVR HYDRALIANE CREME LEGERE PEAUX SENSIBLES MIXTES 50 ML"},"content":{"rendered":"<p>Pour les peaux mixtes, m\u00eame sensibles, de toute la famille.<br \/>\nL\u2019indispensable pour les peaux d\u00e9shydrat\u00e9es, inconfortables, qui tiraillent.<br \/>\nHydraliane Cr\u00e8me L\u00e9g\u00e8re est la solution quotidienne rafra\u00eechissante \u00e0 100% d\u2019ingr\u00e9dients d\u2019origine naturelle pour hydrater intens\u00e9ment et durablement la peau jusqu\u2019\u00e0 24h1. Sa texture l\u00e9g\u00e8re fra\u00eeche associ\u00e9e \u00e0 de l\u2019extrait de Camomille apaise les tiraillements et les sensations d\u2019inconforts. La peau retrouve souplesse et douceur.<br \/>\nCONSEILS D&rsquo;UTILISATION:<br \/>\nAppliquer matin et\/ou soir sur une peau propre et s\u00e8che.<br \/>\nNotre conseil : appliquer apr\u00e8s avoir bien nettoy\u00e9 votre peau .<\/p>\n","protected":false},"excerpt":{"rendered":"<p>Pour les peaux mixtes, m\u00eame sensibles, de toute la famille. L\u2019indispensable pour les peaux d\u00e9shydrat\u00e9es, inconfortables, qui tiraillent. Hydraliane Cr\u00e8me<\/p>\n","protected":false},"featured_media":13907,"comment_status":"open","ping_status":"closed","template":"","meta":[],"product_brand":[133],"product_cat":[525],"product_tag":[],"class_list":{"0":"post-26756","1":"product","2":"type-product","3":"status-publish","4":"has-post-thumbnail","6":"product_brand-svr","7":"product_cat-cremes-jour","9":"first","10":"instock","11":"sale","12":"shipping-taxable","13":"purchasable","14":"product-type-simple"},"yoast_head":"<!-- This site is optimized with the Yoast SEO plugin v26.6 - https:\/\/yoast.com\/wordpress\/plugins\/seo\/ -->\r\n<title>SVR HYDRALIANE CREME LEGERE PEAUX SENSIBLES MIXTES 50 ML - Paracherkaoui.ma<\/title>\r\n<meta name=\"robots\" content=\"index, follow, max-snippet:-1, max-image-preview:large, max-video-preview:-1\" \/>\r\n<link rel=\"canonical\" href=\"https:\/\/paracherkaoui.ma\/index.php\/produit\/svr-hydraliane-creme-legere-peaux-sensibles-mixtes-50-ml-2\/\" \/>\r\n<meta property=\"og:locale\" content=\"fr_FR\" \/>\r\n<meta property=\"og:type\" content=\"article\" \/>\r\n<meta property=\"og:title\" content=\"SVR HYDRALIANE CREME LEGERE PEAUX SENSIBLES MIXTES 50 ML - Paracherkaoui.ma\" \/>\r\n<meta property=\"og:description\" content=\"Pour les peaux mixtes, m\u00eame sensibles, de toute la famille. L\u2019indispensable pour les peaux d\u00e9shydrat\u00e9es, inconfortables, qui tiraillent. Hydraliane Cr\u00e8me\" \/>\r\n<meta property=\"og:url\" content=\"https:\/\/paracherkaoui.ma\/index.php\/produit\/svr-hydraliane-creme-legere-peaux-sensibles-mixtes-50-ml-2\/\" \/>\r\n<meta property=\"og:site_name\" content=\"Paracherkaoui.ma\" \/>\r\n<meta property=\"article:modified_time\" content=\"2025-12-12T17:25:32+00:00\" \/>\r\n<meta property=\"og:image\" content=\"https:\/\/paracherkaoui.ma\/wp-content\/uploads\/2025\/12\/svr-svr-hydraliane-creme-legere-peaux-sensibles-mixtes-50-ml-cremes-jour.jpg\" \/>\r\n\t<meta property=\"og:image:width\" content=\"700\" \/>\r\n\t<meta property=\"og:image:height\" content=\"700\" \/>\r\n\t<meta property=\"og:image:type\" content=\"image\/jpeg\" \/>\r\n<meta name=\"twitter:card\" content=\"summary_large_image\" \/>\r\n<meta name=\"twitter:label1\" content=\"Dur\u00e9e de lecture estim\u00e9e\" \/>\n\t<meta name=\"twitter:data1\" content=\"1 minute\" \/>\r\n<script type=\"application\/ld+json\" class=\"yoast-schema-graph\">{\"@context\":\"https:\/\/schema.org\",\"@graph\":[{\"@type\":\"WebPage\",\"@id\":\"https:\/\/paracherkaoui.ma\/index.php\/produit\/svr-hydraliane-creme-legere-peaux-sensibles-mixtes-50-ml-2\/\",\"url\":\"https:\/\/paracherkaoui.ma\/index.php\/produit\/svr-hydraliane-creme-legere-peaux-sensibles-mixtes-50-ml-2\/\",\"name\":\"SVR HYDRALIANE CREME LEGERE PEAUX SENSIBLES MIXTES 50 ML - Paracherkaoui.ma\",\"isPartOf\":{\"@id\":\"https:\/\/paracherkaoui.ma\/#website\"},\"primaryImageOfPage\":{\"@id\":\"https:\/\/paracherkaoui.ma\/index.php\/produit\/svr-hydraliane-creme-legere-peaux-sensibles-mixtes-50-ml-2\/#primaryimage\"},\"image\":{\"@id\":\"https:\/\/paracherkaoui.ma\/index.php\/produit\/svr-hydraliane-creme-legere-peaux-sensibles-mixtes-50-ml-2\/#primaryimage\"},\"thumbnailUrl\":\"https:\/\/paracherkaoui.ma\/wp-content\/uploads\/2025\/12\/svr-svr-hydraliane-creme-legere-peaux-sensibles-mixtes-50-ml-cremes-jour.jpg\",\"datePublished\":\"2025-12-12T17:25:29+00:00\",\"dateModified\":\"2025-12-12T17:25:32+00:00\",\"breadcrumb\":{\"@id\":\"https:\/\/paracherkaoui.ma\/index.php\/produit\/svr-hydraliane-creme-legere-peaux-sensibles-mixtes-50-ml-2\/#breadcrumb\"},\"inLanguage\":\"fr-FR\",\"potentialAction\":[{\"@type\":\"ReadAction\",\"target\":[\"https:\/\/paracherkaoui.ma\/index.php\/produit\/svr-hydraliane-creme-legere-peaux-sensibles-mixtes-50-ml-2\/\"]}]},{\"@type\":\"ImageObject\",\"inLanguage\":\"fr-FR\",\"@id\":\"https:\/\/paracherkaoui.ma\/index.php\/produit\/svr-hydraliane-creme-legere-peaux-sensibles-mixtes-50-ml-2\/#primaryimage\",\"url\":\"https:\/\/paracherkaoui.ma\/wp-content\/uploads\/2025\/12\/svr-svr-hydraliane-creme-legere-peaux-sensibles-mixtes-50-ml-cremes-jour.jpg\",\"contentUrl\":\"https:\/\/paracherkaoui.ma\/wp-content\/uploads\/2025\/12\/svr-svr-hydraliane-creme-legere-peaux-sensibles-mixtes-50-ml-cremes-jour.jpg\",\"width\":700,\"height\":700},{\"@type\":\"BreadcrumbList\",\"@id\":\"https:\/\/paracherkaoui.ma\/index.php\/produit\/svr-hydraliane-creme-legere-peaux-sensibles-mixtes-50-ml-2\/#breadcrumb\",\"itemListElement\":[{\"@type\":\"ListItem\",\"position\":1,\"name\":\"Accueil\",\"item\":\"https:\/\/paracherkaoui.ma\/\"},{\"@type\":\"ListItem\",\"position\":2,\"name\":\"Boutique\",\"item\":\"https:\/\/paracherkaoui.ma\/index.php\/boutique\/\"},{\"@type\":\"ListItem\",\"position\":3,\"name\":\"SVR HYDRALIANE CREME LEGERE PEAUX SENSIBLES MIXTES 50 ML\"}]},{\"@type\":\"WebSite\",\"@id\":\"https:\/\/paracherkaoui.ma\/#website\",\"url\":\"https:\/\/paracherkaoui.ma\/\",\"name\":\"Paracherkaoui.ma\",\"description\":\"Achetez en ligne sur Paracherkaoui.ma\",\"potentialAction\":[{\"@type\":\"SearchAction\",\"target\":{\"@type\":\"EntryPoint\",\"urlTemplate\":\"https:\/\/paracherkaoui.ma\/?s={search_term_string}\"},\"query-input\":{\"@type\":\"PropertyValueSpecification\",\"valueRequired\":true,\"valueName\":\"search_term_string\"}}],\"inLanguage\":\"fr-FR\"}]}<\/script>\r\n<!-- \/ Yoast SEO plugin. -->","yoast_head_json":{"title":"SVR HYDRALIANE CREME LEGERE PEAUX SENSIBLES MIXTES 50 ML - Paracherkaoui.ma","robots":{"index":"index","follow":"follow","max-snippet":"max-snippet:-1","max-image-preview":"max-image-preview:large","max-video-preview":"max-video-preview:-1"},"canonical":"https:\/\/paracherkaoui.ma\/index.php\/produit\/svr-hydraliane-creme-legere-peaux-sensibles-mixtes-50-ml-2\/","og_locale":"fr_FR","og_type":"article","og_title":"SVR HYDRALIANE CREME LEGERE PEAUX SENSIBLES MIXTES 50 ML - Paracherkaoui.ma","og_description":"Pour les peaux mixtes, m\u00eame sensibles, de toute la famille. L\u2019indispensable pour les peaux d\u00e9shydrat\u00e9es, inconfortables, qui tiraillent. Hydraliane Cr\u00e8me","og_url":"https:\/\/paracherkaoui.ma\/index.php\/produit\/svr-hydraliane-creme-legere-peaux-sensibles-mixtes-50-ml-2\/","og_site_name":"Paracherkaoui.ma","article_modified_time":"2025-12-12T17:25:32+00:00","og_image":[{"width":700,"height":700,"url":"https:\/\/paracherkaoui.ma\/wp-content\/uploads\/2025\/12\/svr-svr-hydraliane-creme-legere-peaux-sensibles-mixtes-50-ml-cremes-jour.jpg","type":"image\/jpeg"}],"twitter_card":"summary_large_image","twitter_misc":{"Dur\u00e9e de lecture estim\u00e9e":"1 minute"},"schema":{"@context":"https:\/\/schema.org","@graph":[{"@type":"WebPage","@id":"https:\/\/paracherkaoui.ma\/index.php\/produit\/svr-hydraliane-creme-legere-peaux-sensibles-mixtes-50-ml-2\/","url":"https:\/\/paracherkaoui.ma\/index.php\/produit\/svr-hydraliane-creme-legere-peaux-sensibles-mixtes-50-ml-2\/","name":"SVR HYDRALIANE CREME LEGERE PEAUX SENSIBLES MIXTES 50 ML - Paracherkaoui.ma","isPartOf":{"@id":"https:\/\/paracherkaoui.ma\/#website"},"primaryImageOfPage":{"@id":"https:\/\/paracherkaoui.ma\/index.php\/produit\/svr-hydraliane-creme-legere-peaux-sensibles-mixtes-50-ml-2\/#primaryimage"},"image":{"@id":"https:\/\/paracherkaoui.ma\/index.php\/produit\/svr-hydraliane-creme-legere-peaux-sensibles-mixtes-50-ml-2\/#primaryimage"},"thumbnailUrl":"https:\/\/paracherkaoui.ma\/wp-content\/uploads\/2025\/12\/svr-svr-hydraliane-creme-legere-peaux-sensibles-mixtes-50-ml-cremes-jour.jpg","datePublished":"2025-12-12T17:25:29+00:00","dateModified":"2025-12-12T17:25:32+00:00","breadcrumb":{"@id":"https:\/\/paracherkaoui.ma\/index.php\/produit\/svr-hydraliane-creme-legere-peaux-sensibles-mixtes-50-ml-2\/#breadcrumb"},"inLanguage":"fr-FR","potentialAction":[{"@type":"ReadAction","target":["https:\/\/paracherkaoui.ma\/index.php\/produit\/svr-hydraliane-creme-legere-peaux-sensibles-mixtes-50-ml-2\/"]}]},{"@type":"ImageObject","inLanguage":"fr-FR","@id":"https:\/\/paracherkaoui.ma\/index.php\/produit\/svr-hydraliane-creme-legere-peaux-sensibles-mixtes-50-ml-2\/#primaryimage","url":"https:\/\/paracherkaoui.ma\/wp-content\/uploads\/2025\/12\/svr-svr-hydraliane-creme-legere-peaux-sensibles-mixtes-50-ml-cremes-jour.jpg","contentUrl":"https:\/\/paracherkaoui.ma\/wp-content\/uploads\/2025\/12\/svr-svr-hydraliane-creme-legere-peaux-sensibles-mixtes-50-ml-cremes-jour.jpg","width":700,"height":700},{"@type":"BreadcrumbList","@id":"https:\/\/paracherkaoui.ma\/index.php\/produit\/svr-hydraliane-creme-legere-peaux-sensibles-mixtes-50-ml-2\/#breadcrumb","itemListElement":[{"@type":"ListItem","position":1,"name":"Accueil","item":"https:\/\/paracherkaoui.ma\/"},{"@type":"ListItem","position":2,"name":"Boutique","item":"https:\/\/paracherkaoui.ma\/index.php\/boutique\/"},{"@type":"ListItem","position":3,"name":"SVR HYDRALIANE CREME LEGERE PEAUX SENSIBLES MIXTES 50 ML"}]},{"@type":"WebSite","@id":"https:\/\/paracherkaoui.ma\/#website","url":"https:\/\/paracherkaoui.ma\/","name":"Paracherkaoui.ma","description":"Achetez en ligne sur Paracherkaoui.ma","potentialAction":[{"@type":"SearchAction","target":{"@type":"EntryPoint","urlTemplate":"https:\/\/paracherkaoui.ma\/?s={search_term_string}"},"query-input":{"@type":"PropertyValueSpecification","valueRequired":true,"valueName":"search_term_string"}}],"inLanguage":"fr-FR"}]}},"_links":{"self":[{"href":"https:\/\/paracherkaoui.ma\/index.php\/wp-json\/wp\/v2\/product\/26756","targetHints":{"allow":["GET"]}}],"collection":[{"href":"https:\/\/paracherkaoui.ma\/index.php\/wp-json\/wp\/v2\/product"}],"about":[{"href":"https:\/\/paracherkaoui.ma\/index.php\/wp-json\/wp\/v2\/types\/product"}],"replies":[{"embeddable":true,"href":"https:\/\/paracherkaoui.ma\/index.php\/wp-json\/wp\/v2\/comments?post=26756"}],"version-history":[{"count":1,"href":"https:\/\/paracherkaoui.ma\/index.php\/wp-json\/wp\/v2\/product\/26756\/revisions"}],"predecessor-version":[{"id":26795,"href":"https:\/\/paracherkaoui.ma\/index.php\/wp-json\/wp\/v2\/product\/26756\/revisions\/26795"}],"wp:featuredmedia":[{"embeddable":true,"href":"https:\/\/paracherkaoui.ma\/index.php\/wp-json\/wp\/v2\/media\/13907"}],"wp:attachment":[{"href":"https:\/\/paracherkaoui.ma\/index.php\/wp-json\/wp\/v2\/media?parent=26756"}],"wp:term":[{"taxonomy":"product_brand","embeddable":true,"href":"https:\/\/paracherkaoui.ma\/index.php\/wp-json\/wp\/v2\/product_brand?post=26756"},{"taxonomy":"product_cat","embeddable":true,"href":"https:\/\/paracherkaoui.ma\/index.php\/wp-json\/wp\/v2\/product_cat?post=26756"},{"taxonomy":"product_tag","embeddable":true,"href":"https:\/\/paracherkaoui.ma\/index.php\/wp-json\/wp\/v2\/product_tag?post=26756"}],"curies":[{"name":"wp","href":"https:\/\/api.w.org\/{rel}","templated":true}]}}