{"id":26753,"date":"2025-12-12T18:25:29","date_gmt":"2025-12-12T17:25:29","guid":{"rendered":"https:\/\/test.ecbeaute.com\/?post_type=product&#038;p=26753"},"modified":"2025-12-12T18:25:32","modified_gmt":"2025-12-12T17:25:32","slug":"nuxe-creme-fraiche-de-beaute-3-en-1-100-ml","status":"publish","type":"product","link":"https:\/\/paracherkaoui.ma\/index.php\/produit\/nuxe-creme-fraiche-de-beaute-3-en-1-100-ml\/","title":{"rendered":"NUXE CREME FRAICHE DE BEAUTE 3 EN 1 100 ML"},"content":{"rendered":"<p>Fondez pour l\u2019hydratation gourmande. 3 produits en un seul tube ! Succombez \u00e0 ce soin multi-fonctions \u00e0 la fois cr\u00e8me hydratante 48h*, lait d\u00e9maquillant et masque repulpant. Ce soin magique enrichi en Lait V\u00e9g\u00e9tal et Huile d\u2019Amande Douce tient son secret dans une formulation in\u00e9dite et une texture irr\u00e9sistible.<br \/>\nIl s\u2019utilise en plus ou moins grande quantit\u00e9 pour combler tous vos besoins:<br \/>\nEn cr\u00e8me :\u00a0une demi-noisette suffit pour booster l\u2019hydratation de votre peau et procurer une sensation de confort imm\u00e9diat. Eclatante pour 81%** des femmes, la peau est plus douce et sublim\u00e9e.<br \/>\nEn d\u00e9maquillant :\u00a0utilisez l\u2019\u00e9quivalent de deux amandes pour actionner son pouvoir nettoyant sous l\u2019effet du massage. Il dissout le maquillage et les impuret\u00e9s du visage et des yeux sans laisser de film gras. Pour une peau douce et hydrat\u00e9e.<br \/>\nEn masque :\u00a0il s\u2019applique en couche \u00e9paisse et laisser poser 5 minutes, 1 \u00e0 2 fois par semaine pour une peau repulp\u00e9e et rebondie.<br \/>\nConseils d&rsquo;utilisation:<br \/>\nEn cr\u00e8me hydratante et contour des yeux :<br \/>\nMatin et soir, appliquer une demi-noisette de produit sur le visage et le contour des yeux.<br \/>\nEn lait d\u00e9maquillant :<br \/>\nAppliquer plus g\u00e9n\u00e9reusement (2 amandes) aux doigts ou avec un coton r\u00e9utilisable, en massant d\u00e9licatement le visage et les yeux.<br \/>\nRincer \u00e0 l\u2019eau ou avec un coton humide r\u00e9utilisable.<br \/>\nEn masque :<br \/>\n1 \u00e0 2 fois par semaine, appliquer en couche \u00e9paisse (3 amandes) sur le visage et le contour des yeux, laisser poser 5 minutes puis retirer l\u2019exc\u00e9dent avec un coton humide.<\/p>\n","protected":false},"excerpt":{"rendered":"<p>Fondez pour l\u2019hydratation gourmande. 3 produits en un seul tube ! Succombez \u00e0 ce soin multi-fonctions \u00e0 la fois cr\u00e8me<\/p>\n","protected":false},"featured_media":26790,"comment_status":"open","ping_status":"closed","template":"","meta":[],"product_brand":[230],"product_cat":[525],"product_tag":[],"class_list":{"0":"post-26753","1":"product","2":"type-product","3":"status-publish","4":"has-post-thumbnail","6":"product_brand-nuxe","7":"product_cat-cremes-jour","9":"first","10":"instock","11":"sale","12":"shipping-taxable","13":"purchasable","14":"product-type-simple"},"yoast_head":"<!-- This site is optimized with the Yoast SEO plugin v26.6 - https:\/\/yoast.com\/wordpress\/plugins\/seo\/ -->\r\n<title>NUXE CREME FRAICHE DE BEAUTE 3 EN 1 100 ML - Paracherkaoui.ma<\/title>\r\n<meta name=\"robots\" content=\"index, follow, max-snippet:-1, max-image-preview:large, max-video-preview:-1\" \/>\r\n<link rel=\"canonical\" href=\"https:\/\/paracherkaoui.ma\/index.php\/produit\/nuxe-creme-fraiche-de-beaute-3-en-1-100-ml\/\" \/>\r\n<meta property=\"og:locale\" content=\"fr_FR\" \/>\r\n<meta property=\"og:type\" content=\"article\" \/>\r\n<meta property=\"og:title\" content=\"NUXE CREME FRAICHE DE BEAUTE 3 EN 1 100 ML - Paracherkaoui.ma\" \/>\r\n<meta property=\"og:description\" content=\"Fondez pour l\u2019hydratation gourmande. 3 produits en un seul tube ! Succombez \u00e0 ce soin multi-fonctions \u00e0 la fois cr\u00e8me\" \/>\r\n<meta property=\"og:url\" content=\"https:\/\/paracherkaoui.ma\/index.php\/produit\/nuxe-creme-fraiche-de-beaute-3-en-1-100-ml\/\" \/>\r\n<meta property=\"og:site_name\" content=\"Paracherkaoui.ma\" \/>\r\n<meta property=\"article:modified_time\" content=\"2025-12-12T17:25:32+00:00\" \/>\r\n<meta property=\"og:image\" content=\"https:\/\/paracherkaoui.ma\/wp-content\/uploads\/2025\/12\/nuxe-nuxe-creme-fraiche-de-beaute-3-en-1-100-ml-cremes-jour.jpg\" \/>\r\n\t<meta property=\"og:image:width\" content=\"700\" \/>\r\n\t<meta property=\"og:image:height\" content=\"700\" \/>\r\n\t<meta property=\"og:image:type\" content=\"image\/jpeg\" \/>\r\n<meta name=\"twitter:card\" content=\"summary_large_image\" \/>\r\n<meta name=\"twitter:label1\" content=\"Dur\u00e9e de lecture estim\u00e9e\" \/>\n\t<meta name=\"twitter:data1\" content=\"1 minute\" \/>\r\n<script type=\"application\/ld+json\" class=\"yoast-schema-graph\">{\"@context\":\"https:\/\/schema.org\",\"@graph\":[{\"@type\":\"WebPage\",\"@id\":\"https:\/\/paracherkaoui.ma\/index.php\/produit\/nuxe-creme-fraiche-de-beaute-3-en-1-100-ml\/\",\"url\":\"https:\/\/paracherkaoui.ma\/index.php\/produit\/nuxe-creme-fraiche-de-beaute-3-en-1-100-ml\/\",\"name\":\"NUXE CREME FRAICHE DE BEAUTE 3 EN 1 100 ML - Paracherkaoui.ma\",\"isPartOf\":{\"@id\":\"https:\/\/paracherkaoui.ma\/#website\"},\"primaryImageOfPage\":{\"@id\":\"https:\/\/paracherkaoui.ma\/index.php\/produit\/nuxe-creme-fraiche-de-beaute-3-en-1-100-ml\/#primaryimage\"},\"image\":{\"@id\":\"https:\/\/paracherkaoui.ma\/index.php\/produit\/nuxe-creme-fraiche-de-beaute-3-en-1-100-ml\/#primaryimage\"},\"thumbnailUrl\":\"https:\/\/paracherkaoui.ma\/wp-content\/uploads\/2025\/12\/nuxe-nuxe-creme-fraiche-de-beaute-3-en-1-100-ml-cremes-jour.jpg\",\"datePublished\":\"2025-12-12T17:25:29+00:00\",\"dateModified\":\"2025-12-12T17:25:32+00:00\",\"breadcrumb\":{\"@id\":\"https:\/\/paracherkaoui.ma\/index.php\/produit\/nuxe-creme-fraiche-de-beaute-3-en-1-100-ml\/#breadcrumb\"},\"inLanguage\":\"fr-FR\",\"potentialAction\":[{\"@type\":\"ReadAction\",\"target\":[\"https:\/\/paracherkaoui.ma\/index.php\/produit\/nuxe-creme-fraiche-de-beaute-3-en-1-100-ml\/\"]}]},{\"@type\":\"ImageObject\",\"inLanguage\":\"fr-FR\",\"@id\":\"https:\/\/paracherkaoui.ma\/index.php\/produit\/nuxe-creme-fraiche-de-beaute-3-en-1-100-ml\/#primaryimage\",\"url\":\"https:\/\/paracherkaoui.ma\/wp-content\/uploads\/2025\/12\/nuxe-nuxe-creme-fraiche-de-beaute-3-en-1-100-ml-cremes-jour.jpg\",\"contentUrl\":\"https:\/\/paracherkaoui.ma\/wp-content\/uploads\/2025\/12\/nuxe-nuxe-creme-fraiche-de-beaute-3-en-1-100-ml-cremes-jour.jpg\",\"width\":700,\"height\":700},{\"@type\":\"BreadcrumbList\",\"@id\":\"https:\/\/paracherkaoui.ma\/index.php\/produit\/nuxe-creme-fraiche-de-beaute-3-en-1-100-ml\/#breadcrumb\",\"itemListElement\":[{\"@type\":\"ListItem\",\"position\":1,\"name\":\"Accueil\",\"item\":\"https:\/\/paracherkaoui.ma\/\"},{\"@type\":\"ListItem\",\"position\":2,\"name\":\"Boutique\",\"item\":\"https:\/\/paracherkaoui.ma\/index.php\/boutique\/\"},{\"@type\":\"ListItem\",\"position\":3,\"name\":\"NUXE CREME FRAICHE DE BEAUTE 3 EN 1 100 ML\"}]},{\"@type\":\"WebSite\",\"@id\":\"https:\/\/paracherkaoui.ma\/#website\",\"url\":\"https:\/\/paracherkaoui.ma\/\",\"name\":\"Paracherkaoui.ma\",\"description\":\"Achetez en ligne sur Paracherkaoui.ma\",\"potentialAction\":[{\"@type\":\"SearchAction\",\"target\":{\"@type\":\"EntryPoint\",\"urlTemplate\":\"https:\/\/paracherkaoui.ma\/?s={search_term_string}\"},\"query-input\":{\"@type\":\"PropertyValueSpecification\",\"valueRequired\":true,\"valueName\":\"search_term_string\"}}],\"inLanguage\":\"fr-FR\"}]}<\/script>\r\n<!-- \/ Yoast SEO plugin. -->","yoast_head_json":{"title":"NUXE CREME FRAICHE DE BEAUTE 3 EN 1 100 ML - Paracherkaoui.ma","robots":{"index":"index","follow":"follow","max-snippet":"max-snippet:-1","max-image-preview":"max-image-preview:large","max-video-preview":"max-video-preview:-1"},"canonical":"https:\/\/paracherkaoui.ma\/index.php\/produit\/nuxe-creme-fraiche-de-beaute-3-en-1-100-ml\/","og_locale":"fr_FR","og_type":"article","og_title":"NUXE CREME FRAICHE DE BEAUTE 3 EN 1 100 ML - Paracherkaoui.ma","og_description":"Fondez pour l\u2019hydratation gourmande. 3 produits en un seul tube ! Succombez \u00e0 ce soin multi-fonctions \u00e0 la fois cr\u00e8me","og_url":"https:\/\/paracherkaoui.ma\/index.php\/produit\/nuxe-creme-fraiche-de-beaute-3-en-1-100-ml\/","og_site_name":"Paracherkaoui.ma","article_modified_time":"2025-12-12T17:25:32+00:00","og_image":[{"width":700,"height":700,"url":"https:\/\/paracherkaoui.ma\/wp-content\/uploads\/2025\/12\/nuxe-nuxe-creme-fraiche-de-beaute-3-en-1-100-ml-cremes-jour.jpg","type":"image\/jpeg"}],"twitter_card":"summary_large_image","twitter_misc":{"Dur\u00e9e de lecture estim\u00e9e":"1 minute"},"schema":{"@context":"https:\/\/schema.org","@graph":[{"@type":"WebPage","@id":"https:\/\/paracherkaoui.ma\/index.php\/produit\/nuxe-creme-fraiche-de-beaute-3-en-1-100-ml\/","url":"https:\/\/paracherkaoui.ma\/index.php\/produit\/nuxe-creme-fraiche-de-beaute-3-en-1-100-ml\/","name":"NUXE CREME FRAICHE DE BEAUTE 3 EN 1 100 ML - Paracherkaoui.ma","isPartOf":{"@id":"https:\/\/paracherkaoui.ma\/#website"},"primaryImageOfPage":{"@id":"https:\/\/paracherkaoui.ma\/index.php\/produit\/nuxe-creme-fraiche-de-beaute-3-en-1-100-ml\/#primaryimage"},"image":{"@id":"https:\/\/paracherkaoui.ma\/index.php\/produit\/nuxe-creme-fraiche-de-beaute-3-en-1-100-ml\/#primaryimage"},"thumbnailUrl":"https:\/\/paracherkaoui.ma\/wp-content\/uploads\/2025\/12\/nuxe-nuxe-creme-fraiche-de-beaute-3-en-1-100-ml-cremes-jour.jpg","datePublished":"2025-12-12T17:25:29+00:00","dateModified":"2025-12-12T17:25:32+00:00","breadcrumb":{"@id":"https:\/\/paracherkaoui.ma\/index.php\/produit\/nuxe-creme-fraiche-de-beaute-3-en-1-100-ml\/#breadcrumb"},"inLanguage":"fr-FR","potentialAction":[{"@type":"ReadAction","target":["https:\/\/paracherkaoui.ma\/index.php\/produit\/nuxe-creme-fraiche-de-beaute-3-en-1-100-ml\/"]}]},{"@type":"ImageObject","inLanguage":"fr-FR","@id":"https:\/\/paracherkaoui.ma\/index.php\/produit\/nuxe-creme-fraiche-de-beaute-3-en-1-100-ml\/#primaryimage","url":"https:\/\/paracherkaoui.ma\/wp-content\/uploads\/2025\/12\/nuxe-nuxe-creme-fraiche-de-beaute-3-en-1-100-ml-cremes-jour.jpg","contentUrl":"https:\/\/paracherkaoui.ma\/wp-content\/uploads\/2025\/12\/nuxe-nuxe-creme-fraiche-de-beaute-3-en-1-100-ml-cremes-jour.jpg","width":700,"height":700},{"@type":"BreadcrumbList","@id":"https:\/\/paracherkaoui.ma\/index.php\/produit\/nuxe-creme-fraiche-de-beaute-3-en-1-100-ml\/#breadcrumb","itemListElement":[{"@type":"ListItem","position":1,"name":"Accueil","item":"https:\/\/paracherkaoui.ma\/"},{"@type":"ListItem","position":2,"name":"Boutique","item":"https:\/\/paracherkaoui.ma\/index.php\/boutique\/"},{"@type":"ListItem","position":3,"name":"NUXE CREME FRAICHE DE BEAUTE 3 EN 1 100 ML"}]},{"@type":"WebSite","@id":"https:\/\/paracherkaoui.ma\/#website","url":"https:\/\/paracherkaoui.ma\/","name":"Paracherkaoui.ma","description":"Achetez en ligne sur Paracherkaoui.ma","potentialAction":[{"@type":"SearchAction","target":{"@type":"EntryPoint","urlTemplate":"https:\/\/paracherkaoui.ma\/?s={search_term_string}"},"query-input":{"@type":"PropertyValueSpecification","valueRequired":true,"valueName":"search_term_string"}}],"inLanguage":"fr-FR"}]}},"_links":{"self":[{"href":"https:\/\/paracherkaoui.ma\/index.php\/wp-json\/wp\/v2\/product\/26753","targetHints":{"allow":["GET"]}}],"collection":[{"href":"https:\/\/paracherkaoui.ma\/index.php\/wp-json\/wp\/v2\/product"}],"about":[{"href":"https:\/\/paracherkaoui.ma\/index.php\/wp-json\/wp\/v2\/types\/product"}],"replies":[{"embeddable":true,"href":"https:\/\/paracherkaoui.ma\/index.php\/wp-json\/wp\/v2\/comments?post=26753"}],"version-history":[{"count":1,"href":"https:\/\/paracherkaoui.ma\/index.php\/wp-json\/wp\/v2\/product\/26753\/revisions"}],"predecessor-version":[{"id":26791,"href":"https:\/\/paracherkaoui.ma\/index.php\/wp-json\/wp\/v2\/product\/26753\/revisions\/26791"}],"wp:featuredmedia":[{"embeddable":true,"href":"https:\/\/paracherkaoui.ma\/index.php\/wp-json\/wp\/v2\/media\/26790"}],"wp:attachment":[{"href":"https:\/\/paracherkaoui.ma\/index.php\/wp-json\/wp\/v2\/media?parent=26753"}],"wp:term":[{"taxonomy":"product_brand","embeddable":true,"href":"https:\/\/paracherkaoui.ma\/index.php\/wp-json\/wp\/v2\/product_brand?post=26753"},{"taxonomy":"product_cat","embeddable":true,"href":"https:\/\/paracherkaoui.ma\/index.php\/wp-json\/wp\/v2\/product_cat?post=26753"},{"taxonomy":"product_tag","embeddable":true,"href":"https:\/\/paracherkaoui.ma\/index.php\/wp-json\/wp\/v2\/product_tag?post=26753"}],"curies":[{"name":"wp","href":"https:\/\/api.w.org\/{rel}","templated":true}]}}