{"id":26747,"date":"2025-12-12T18:25:28","date_gmt":"2025-12-12T17:25:28","guid":{"rendered":"https:\/\/test.ecbeaute.com\/?post_type=product&#038;p=26747"},"modified":"2025-12-12T18:25:31","modified_gmt":"2025-12-12T17:25:31","slug":"lea-nature-eau-thermale-jonzac-nutritive-ato-baume-relipidant-intensif-200-ml","status":"publish","type":"product","link":"https:\/\/paracherkaoui.ma\/index.php\/produit\/lea-nature-eau-thermale-jonzac-nutritive-ato-baume-relipidant-intensif-200-ml\/","title":{"rendered":"LEA NATURE EAU THERMALE JONZAC NUTRITIVE ATO+ BAUME RELIPIDANT INTENSIF 200 ML"},"content":{"rendered":"<p>Le Baume relipidant intensif Nutritive AP+ att\u00e9nue et soulage imm\u00e9diatement les sensations de d\u00e9mangeaisons, sans fini gras ni collant. Enrichi en pr\u00e9biotiques et en c\u00e9ramides restructurants, il restaure et renforce la fonction barri\u00e8re de la peau. La peau retrouve confort et apaisement.<br \/>\nFormul\u00e9 avec : 20% eau thermale Jonzac apaisante, r\u00e9g\u00e9n\u00e9rante, anti-irritante. Un pr\u00e9biotique, le Bio\u00c9colia\u00ae: il r\u00e9\u00e9quilibre le microbiote cutan\u00e9. Des c\u00e9ramides biomim\u00e9tiques (= qui imitent les m\u00e9canismes naturels de la peau) : restaurent et renforcent la barri\u00e8re cutan\u00e9e.<br \/>\nL\u2019eau thermale de Jonzac se caract\u00e9rise par une puret\u00e9, une douceur et une hypermin\u00e9ralisation exceptionnelle. Cette eau thermale est isotonique ce qui garanti l\u2019int\u00e9grit\u00e9 des cellules \u00e9pidermiques. L\u2019eau thermale de Jonzac est puis\u00e9e \u00e0 plus de 1850 m\u00e8tres de profondeur sous la surface terrestre. Diff\u00e9rents examens confirment son effet au niveau de l\u2019\u00e9piderme : l\u2019eau thermale de Jonzac facilite la r\u00e9g\u00e9n\u00e9ration et l\u2019apaisement de la peau, elle a une action anti-irritante. Avec son utilisation quotidienne, l\u2019eau thermale de Jonzac r\u00e9g\u00e9n\u00e8re les cellules cutan\u00e9es et l\u2019\u00e9piderme s\u2019embellit. D\u00e9couvrez les bienfaits de l\u2019eau thermale de Jonzac dans le baume relipidant intensif.<br \/>\nConseils d&rsquo;utilisation:<br \/>\nAppliquez 1 \u00e0 2 fois par jour sur peau pr\u00e9alablement nettoy\u00e9e. Peut \u00eatre utilis\u00e9 en compl\u00e9ment d\u2019un traitement pour la dermatite atopique apr\u00e8s accord de votre m\u00e9decin. Ne pas appliquer sur peau nettement irrit\u00e9e ou l\u00e9s\u00e9e.<\/p>\n","protected":false},"excerpt":{"rendered":"<p>Le Baume relipidant intensif Nutritive AP+ att\u00e9nue et soulage imm\u00e9diatement les sensations de d\u00e9mangeaisons, sans fini gras ni collant. Enrichi<\/p>\n","protected":false},"featured_media":26783,"comment_status":"open","ping_status":"closed","template":"","meta":[],"product_brand":[373],"product_cat":[525],"product_tag":[],"class_list":{"0":"post-26747","1":"product","2":"type-product","3":"status-publish","4":"has-post-thumbnail","6":"product_brand-lea-nature","7":"product_cat-cremes-jour","9":"first","10":"instock","11":"sale","12":"shipping-taxable","13":"purchasable","14":"product-type-simple"},"yoast_head":"<!-- This site is optimized with the Yoast SEO plugin v26.6 - https:\/\/yoast.com\/wordpress\/plugins\/seo\/ -->\r\n<title>LEA NATURE EAU THERMALE JONZAC NUTRITIVE ATO+ BAUME RELIPIDANT INTENSIF 200 ML - Paracherkaoui.ma<\/title>\r\n<meta name=\"robots\" content=\"index, follow, max-snippet:-1, max-image-preview:large, max-video-preview:-1\" \/>\r\n<link rel=\"canonical\" href=\"https:\/\/paracherkaoui.ma\/index.php\/produit\/lea-nature-eau-thermale-jonzac-nutritive-ato-baume-relipidant-intensif-200-ml\/\" \/>\r\n<meta property=\"og:locale\" content=\"fr_FR\" \/>\r\n<meta property=\"og:type\" content=\"article\" \/>\r\n<meta property=\"og:title\" content=\"LEA NATURE EAU THERMALE JONZAC NUTRITIVE ATO+ BAUME RELIPIDANT INTENSIF 200 ML - Paracherkaoui.ma\" \/>\r\n<meta property=\"og:description\" content=\"Le Baume relipidant intensif Nutritive AP+ att\u00e9nue et soulage imm\u00e9diatement les sensations de d\u00e9mangeaisons, sans fini gras ni collant. Enrichi\" \/>\r\n<meta property=\"og:url\" content=\"https:\/\/paracherkaoui.ma\/index.php\/produit\/lea-nature-eau-thermale-jonzac-nutritive-ato-baume-relipidant-intensif-200-ml\/\" \/>\r\n<meta property=\"og:site_name\" content=\"Paracherkaoui.ma\" \/>\r\n<meta property=\"article:modified_time\" content=\"2025-12-12T17:25:31+00:00\" \/>\r\n<meta property=\"og:image\" content=\"https:\/\/paracherkaoui.ma\/wp-content\/uploads\/2025\/12\/lea-nature-lea-nature-eau-thermale-jonzac-nutritive-ato-baume-relipidant-intensif-200-ml-cremes-jour.jpg\" \/>\r\n\t<meta property=\"og:image:width\" content=\"700\" \/>\r\n\t<meta property=\"og:image:height\" content=\"700\" \/>\r\n\t<meta property=\"og:image:type\" content=\"image\/jpeg\" \/>\r\n<meta name=\"twitter:card\" content=\"summary_large_image\" \/>\r\n<meta name=\"twitter:label1\" content=\"Dur\u00e9e de lecture estim\u00e9e\" \/>\n\t<meta name=\"twitter:data1\" content=\"1 minute\" \/>\r\n<script type=\"application\/ld+json\" class=\"yoast-schema-graph\">{\"@context\":\"https:\/\/schema.org\",\"@graph\":[{\"@type\":\"WebPage\",\"@id\":\"https:\/\/paracherkaoui.ma\/index.php\/produit\/lea-nature-eau-thermale-jonzac-nutritive-ato-baume-relipidant-intensif-200-ml\/\",\"url\":\"https:\/\/paracherkaoui.ma\/index.php\/produit\/lea-nature-eau-thermale-jonzac-nutritive-ato-baume-relipidant-intensif-200-ml\/\",\"name\":\"LEA NATURE EAU THERMALE JONZAC NUTRITIVE ATO+ BAUME RELIPIDANT INTENSIF 200 ML - Paracherkaoui.ma\",\"isPartOf\":{\"@id\":\"https:\/\/paracherkaoui.ma\/#website\"},\"primaryImageOfPage\":{\"@id\":\"https:\/\/paracherkaoui.ma\/index.php\/produit\/lea-nature-eau-thermale-jonzac-nutritive-ato-baume-relipidant-intensif-200-ml\/#primaryimage\"},\"image\":{\"@id\":\"https:\/\/paracherkaoui.ma\/index.php\/produit\/lea-nature-eau-thermale-jonzac-nutritive-ato-baume-relipidant-intensif-200-ml\/#primaryimage\"},\"thumbnailUrl\":\"https:\/\/paracherkaoui.ma\/wp-content\/uploads\/2025\/12\/lea-nature-lea-nature-eau-thermale-jonzac-nutritive-ato-baume-relipidant-intensif-200-ml-cremes-jour.jpg\",\"datePublished\":\"2025-12-12T17:25:28+00:00\",\"dateModified\":\"2025-12-12T17:25:31+00:00\",\"breadcrumb\":{\"@id\":\"https:\/\/paracherkaoui.ma\/index.php\/produit\/lea-nature-eau-thermale-jonzac-nutritive-ato-baume-relipidant-intensif-200-ml\/#breadcrumb\"},\"inLanguage\":\"fr-FR\",\"potentialAction\":[{\"@type\":\"ReadAction\",\"target\":[\"https:\/\/paracherkaoui.ma\/index.php\/produit\/lea-nature-eau-thermale-jonzac-nutritive-ato-baume-relipidant-intensif-200-ml\/\"]}]},{\"@type\":\"ImageObject\",\"inLanguage\":\"fr-FR\",\"@id\":\"https:\/\/paracherkaoui.ma\/index.php\/produit\/lea-nature-eau-thermale-jonzac-nutritive-ato-baume-relipidant-intensif-200-ml\/#primaryimage\",\"url\":\"https:\/\/paracherkaoui.ma\/wp-content\/uploads\/2025\/12\/lea-nature-lea-nature-eau-thermale-jonzac-nutritive-ato-baume-relipidant-intensif-200-ml-cremes-jour.jpg\",\"contentUrl\":\"https:\/\/paracherkaoui.ma\/wp-content\/uploads\/2025\/12\/lea-nature-lea-nature-eau-thermale-jonzac-nutritive-ato-baume-relipidant-intensif-200-ml-cremes-jour.jpg\",\"width\":700,\"height\":700},{\"@type\":\"BreadcrumbList\",\"@id\":\"https:\/\/paracherkaoui.ma\/index.php\/produit\/lea-nature-eau-thermale-jonzac-nutritive-ato-baume-relipidant-intensif-200-ml\/#breadcrumb\",\"itemListElement\":[{\"@type\":\"ListItem\",\"position\":1,\"name\":\"Accueil\",\"item\":\"https:\/\/paracherkaoui.ma\/\"},{\"@type\":\"ListItem\",\"position\":2,\"name\":\"Boutique\",\"item\":\"https:\/\/paracherkaoui.ma\/index.php\/boutique\/\"},{\"@type\":\"ListItem\",\"position\":3,\"name\":\"LEA NATURE EAU THERMALE JONZAC NUTRITIVE ATO+ BAUME RELIPIDANT INTENSIF 200 ML\"}]},{\"@type\":\"WebSite\",\"@id\":\"https:\/\/paracherkaoui.ma\/#website\",\"url\":\"https:\/\/paracherkaoui.ma\/\",\"name\":\"Paracherkaoui.ma\",\"description\":\"Achetez en ligne sur Paracherkaoui.ma\",\"potentialAction\":[{\"@type\":\"SearchAction\",\"target\":{\"@type\":\"EntryPoint\",\"urlTemplate\":\"https:\/\/paracherkaoui.ma\/?s={search_term_string}\"},\"query-input\":{\"@type\":\"PropertyValueSpecification\",\"valueRequired\":true,\"valueName\":\"search_term_string\"}}],\"inLanguage\":\"fr-FR\"}]}<\/script>\r\n<!-- \/ Yoast SEO plugin. -->","yoast_head_json":{"title":"LEA NATURE EAU THERMALE JONZAC NUTRITIVE ATO+ BAUME RELIPIDANT INTENSIF 200 ML - Paracherkaoui.ma","robots":{"index":"index","follow":"follow","max-snippet":"max-snippet:-1","max-image-preview":"max-image-preview:large","max-video-preview":"max-video-preview:-1"},"canonical":"https:\/\/paracherkaoui.ma\/index.php\/produit\/lea-nature-eau-thermale-jonzac-nutritive-ato-baume-relipidant-intensif-200-ml\/","og_locale":"fr_FR","og_type":"article","og_title":"LEA NATURE EAU THERMALE JONZAC NUTRITIVE ATO+ BAUME RELIPIDANT INTENSIF 200 ML - Paracherkaoui.ma","og_description":"Le Baume relipidant intensif Nutritive AP+ att\u00e9nue et soulage imm\u00e9diatement les sensations de d\u00e9mangeaisons, sans fini gras ni collant. Enrichi","og_url":"https:\/\/paracherkaoui.ma\/index.php\/produit\/lea-nature-eau-thermale-jonzac-nutritive-ato-baume-relipidant-intensif-200-ml\/","og_site_name":"Paracherkaoui.ma","article_modified_time":"2025-12-12T17:25:31+00:00","og_image":[{"width":700,"height":700,"url":"https:\/\/paracherkaoui.ma\/wp-content\/uploads\/2025\/12\/lea-nature-lea-nature-eau-thermale-jonzac-nutritive-ato-baume-relipidant-intensif-200-ml-cremes-jour.jpg","type":"image\/jpeg"}],"twitter_card":"summary_large_image","twitter_misc":{"Dur\u00e9e de lecture estim\u00e9e":"1 minute"},"schema":{"@context":"https:\/\/schema.org","@graph":[{"@type":"WebPage","@id":"https:\/\/paracherkaoui.ma\/index.php\/produit\/lea-nature-eau-thermale-jonzac-nutritive-ato-baume-relipidant-intensif-200-ml\/","url":"https:\/\/paracherkaoui.ma\/index.php\/produit\/lea-nature-eau-thermale-jonzac-nutritive-ato-baume-relipidant-intensif-200-ml\/","name":"LEA NATURE EAU THERMALE JONZAC NUTRITIVE ATO+ BAUME RELIPIDANT INTENSIF 200 ML - Paracherkaoui.ma","isPartOf":{"@id":"https:\/\/paracherkaoui.ma\/#website"},"primaryImageOfPage":{"@id":"https:\/\/paracherkaoui.ma\/index.php\/produit\/lea-nature-eau-thermale-jonzac-nutritive-ato-baume-relipidant-intensif-200-ml\/#primaryimage"},"image":{"@id":"https:\/\/paracherkaoui.ma\/index.php\/produit\/lea-nature-eau-thermale-jonzac-nutritive-ato-baume-relipidant-intensif-200-ml\/#primaryimage"},"thumbnailUrl":"https:\/\/paracherkaoui.ma\/wp-content\/uploads\/2025\/12\/lea-nature-lea-nature-eau-thermale-jonzac-nutritive-ato-baume-relipidant-intensif-200-ml-cremes-jour.jpg","datePublished":"2025-12-12T17:25:28+00:00","dateModified":"2025-12-12T17:25:31+00:00","breadcrumb":{"@id":"https:\/\/paracherkaoui.ma\/index.php\/produit\/lea-nature-eau-thermale-jonzac-nutritive-ato-baume-relipidant-intensif-200-ml\/#breadcrumb"},"inLanguage":"fr-FR","potentialAction":[{"@type":"ReadAction","target":["https:\/\/paracherkaoui.ma\/index.php\/produit\/lea-nature-eau-thermale-jonzac-nutritive-ato-baume-relipidant-intensif-200-ml\/"]}]},{"@type":"ImageObject","inLanguage":"fr-FR","@id":"https:\/\/paracherkaoui.ma\/index.php\/produit\/lea-nature-eau-thermale-jonzac-nutritive-ato-baume-relipidant-intensif-200-ml\/#primaryimage","url":"https:\/\/paracherkaoui.ma\/wp-content\/uploads\/2025\/12\/lea-nature-lea-nature-eau-thermale-jonzac-nutritive-ato-baume-relipidant-intensif-200-ml-cremes-jour.jpg","contentUrl":"https:\/\/paracherkaoui.ma\/wp-content\/uploads\/2025\/12\/lea-nature-lea-nature-eau-thermale-jonzac-nutritive-ato-baume-relipidant-intensif-200-ml-cremes-jour.jpg","width":700,"height":700},{"@type":"BreadcrumbList","@id":"https:\/\/paracherkaoui.ma\/index.php\/produit\/lea-nature-eau-thermale-jonzac-nutritive-ato-baume-relipidant-intensif-200-ml\/#breadcrumb","itemListElement":[{"@type":"ListItem","position":1,"name":"Accueil","item":"https:\/\/paracherkaoui.ma\/"},{"@type":"ListItem","position":2,"name":"Boutique","item":"https:\/\/paracherkaoui.ma\/index.php\/boutique\/"},{"@type":"ListItem","position":3,"name":"LEA NATURE EAU THERMALE JONZAC NUTRITIVE ATO+ BAUME RELIPIDANT INTENSIF 200 ML"}]},{"@type":"WebSite","@id":"https:\/\/paracherkaoui.ma\/#website","url":"https:\/\/paracherkaoui.ma\/","name":"Paracherkaoui.ma","description":"Achetez en ligne sur Paracherkaoui.ma","potentialAction":[{"@type":"SearchAction","target":{"@type":"EntryPoint","urlTemplate":"https:\/\/paracherkaoui.ma\/?s={search_term_string}"},"query-input":{"@type":"PropertyValueSpecification","valueRequired":true,"valueName":"search_term_string"}}],"inLanguage":"fr-FR"}]}},"_links":{"self":[{"href":"https:\/\/paracherkaoui.ma\/index.php\/wp-json\/wp\/v2\/product\/26747","targetHints":{"allow":["GET"]}}],"collection":[{"href":"https:\/\/paracherkaoui.ma\/index.php\/wp-json\/wp\/v2\/product"}],"about":[{"href":"https:\/\/paracherkaoui.ma\/index.php\/wp-json\/wp\/v2\/types\/product"}],"replies":[{"embeddable":true,"href":"https:\/\/paracherkaoui.ma\/index.php\/wp-json\/wp\/v2\/comments?post=26747"}],"version-history":[{"count":1,"href":"https:\/\/paracherkaoui.ma\/index.php\/wp-json\/wp\/v2\/product\/26747\/revisions"}],"predecessor-version":[{"id":26784,"href":"https:\/\/paracherkaoui.ma\/index.php\/wp-json\/wp\/v2\/product\/26747\/revisions\/26784"}],"wp:featuredmedia":[{"embeddable":true,"href":"https:\/\/paracherkaoui.ma\/index.php\/wp-json\/wp\/v2\/media\/26783"}],"wp:attachment":[{"href":"https:\/\/paracherkaoui.ma\/index.php\/wp-json\/wp\/v2\/media?parent=26747"}],"wp:term":[{"taxonomy":"product_brand","embeddable":true,"href":"https:\/\/paracherkaoui.ma\/index.php\/wp-json\/wp\/v2\/product_brand?post=26747"},{"taxonomy":"product_cat","embeddable":true,"href":"https:\/\/paracherkaoui.ma\/index.php\/wp-json\/wp\/v2\/product_cat?post=26747"},{"taxonomy":"product_tag","embeddable":true,"href":"https:\/\/paracherkaoui.ma\/index.php\/wp-json\/wp\/v2\/product_tag?post=26747"}],"curies":[{"name":"wp","href":"https:\/\/api.w.org\/{rel}","templated":true}]}}