{"id":26738,"date":"2025-12-12T18:25:28","date_gmt":"2025-12-12T17:25:28","guid":{"rendered":"https:\/\/test.ecbeaute.com\/?post_type=product&#038;p=26738"},"modified":"2025-12-12T18:25:30","modified_gmt":"2025-12-12T17:25:30","slug":"bioderma-hydrabio-hyalu-serum-concentre-repulpant-auto-rehydrant-30-ml","status":"publish","type":"product","link":"https:\/\/paracherkaoui.ma\/index.php\/produit\/bioderma-hydrabio-hyalu-serum-concentre-repulpant-auto-rehydrant-30-ml\/","title":{"rendered":"BIODERMA HYDRABIO HYALU+ SERUM CONCENTRE REPULPANT AUTO REHYDRANT 30 ML"},"content":{"rendered":"<p>D\u00e9couvrez le s\u00e9rum Hydrabio Hyalu+ de NAOS, une innovation r\u00e9volutionnaire inspir\u00e9e par l&rsquo;approche \u00e9cobiologique pour combattre la d\u00e9shydratation et les signes visibles de l&rsquo;\u00e2ge. Gr\u00e2ce \u00e0 une compr\u00e9hension approfondie des dysfonctionnements biologiques responsables de la d\u00e9shydratation, ce s\u00e9rum permet \u00e0 votre peau de r\u00e9activer ses m\u00e9canismes naturels d&rsquo;hydratation et de retenir l&rsquo;eau indispensable \u00e0 son \u00e9quilibre.<br \/>\nUne Hydratation et Repulpation Imm\u00e9diates<br \/>\nL&rsquo;Hydrabio Hyalu+ utilise un acide hyaluronique biomim\u00e9tique de haut poids mol\u00e9culaire (HPM) qui forme un film protecteur \u00e0 la surface de la peau. Ce film emp\u00eache la perte en eau, tandis qu&rsquo;un sucre auto-r\u00e9hydratant unique aide la peau \u00e0 synth\u00e9tiser et \u00e0 pr\u00e9server son acide hyaluronique naturel. D\u00e8s la premi\u00e8re application, votre peau est visiblement repulp\u00e9e et intens\u00e9ment hydrat\u00e9e.<br \/>\nUne Action Tonifiante<br \/>\nLe s\u00e9rum contient \u00e9galement un acide hyaluronique biomim\u00e9tique de bas poids mol\u00e9culaire (BPM) qui p\u00e9n\u00e8tre plus profond\u00e9ment pour stimuler la production de collag\u00e8ne. Cette stimulation renforce la fermet\u00e9 et l&rsquo;\u00e9lasticit\u00e9 de la peau, la rendant plus tonique et plus r\u00e9sistante aux signes de l&rsquo;\u00e2ge.<br \/>\nUne Fonction Barri\u00e8re Fortifi\u00e9e<br \/>\nEnrichi en niacinamide, le s\u00e9rum Hydrabio Hyalu+ renforce la fonction barri\u00e8re de la peau, r\u00e9duisant ainsi la d\u00e9shydratation et la sensibilit\u00e9. Le niacinamide aide \u00e9galement \u00e0 apaiser la peau et \u00e0 uniformiser le teint, pour une peau plus saine et plus lumineuse.<br \/>\nUne Formule Compl\u00e8te<br \/>\nL&rsquo;action compl\u00e9mentaire de ses actifs justement dos\u00e9s &#8211; Acide Hyaluronique biomim\u00e9tique de bas poids mol\u00e9culaire (BPM), Niacinamide, Carnosine et la Technologie Hyalu+ &#8211; agit sur les causes internes de la d\u00e9shydratation et les signes visibles de l&rsquo;\u00e2ge. Vous obtenez une efficacit\u00e9 durable pour une peau hydrat\u00e9e, tonifi\u00e9e et fortifi\u00e9e.<br \/>\nComposition :<br \/>\nAQUA\/WATER\/EAU- BUTYLENE GLYCOL<br \/>\nGLYCERIN<br \/>\nPROPANEDIOL<br \/>\nPENTYLENE GLYCOL<br \/>\nNIACINAMIDE<br \/>\nPOLYSORBATE 20<br \/>\nXANTHAN GUM<br \/>\nHYDROLYZED HYALURONIC ACID<br \/>\nFRUCTOOLIGOSACCHARIDES<br \/>\nSODIUM CITRATE<br \/>\nCITRIC ACID<br \/>\nCARNOSINE- ADENOSINE &#8211; FRAGRANCE (PARFUM) &#8211; SACCHARIDE ISOMERATE &#8211; SODIUM HYALURONATE- PEUMUS BOLDUS LEAF EXTRACT &#8211; HEXYLDECANOL &#8211; 1,2-HEXANEDIOL -CAPRYLYL GLYCOL -PYRUS MALUS (APPLE) SEED EXTRACT -BRASSICA CAMPESTRIS (RAPESEED) STEROLS- TOCOPHEROL. [BI2067]<br \/>\nConseils d&rsquo;utilisation :<br \/>\nAppliquez matin et soir sur une peau propre et s\u00e8che.<\/p>\n","protected":false},"excerpt":{"rendered":"<p>D\u00e9couvrez le s\u00e9rum Hydrabio Hyalu+ de NAOS, une innovation r\u00e9volutionnaire inspir\u00e9e par l&rsquo;approche \u00e9cobiologique pour combattre la d\u00e9shydratation et les<\/p>\n","protected":false},"featured_media":26770,"comment_status":"open","ping_status":"closed","template":"","meta":[],"product_brand":[137],"product_cat":[525],"product_tag":[],"class_list":{"0":"post-26738","1":"product","2":"type-product","3":"status-publish","4":"has-post-thumbnail","6":"product_brand-bioderma","7":"product_cat-cremes-jour","9":"first","10":"instock","11":"sale","12":"shipping-taxable","13":"purchasable","14":"product-type-simple"},"yoast_head":"<!-- This site is optimized with the Yoast SEO plugin v26.6 - https:\/\/yoast.com\/wordpress\/plugins\/seo\/ -->\r\n<title>BIODERMA HYDRABIO HYALU+ SERUM CONCENTRE REPULPANT AUTO REHYDRANT 30 ML - Paracherkaoui.ma<\/title>\r\n<meta name=\"robots\" content=\"index, follow, max-snippet:-1, max-image-preview:large, max-video-preview:-1\" \/>\r\n<link rel=\"canonical\" href=\"https:\/\/paracherkaoui.ma\/index.php\/produit\/bioderma-hydrabio-hyalu-serum-concentre-repulpant-auto-rehydrant-30-ml\/\" \/>\r\n<meta property=\"og:locale\" content=\"fr_FR\" \/>\r\n<meta property=\"og:type\" content=\"article\" \/>\r\n<meta property=\"og:title\" content=\"BIODERMA HYDRABIO HYALU+ SERUM CONCENTRE REPULPANT AUTO REHYDRANT 30 ML - Paracherkaoui.ma\" \/>\r\n<meta property=\"og:description\" content=\"D\u00e9couvrez le s\u00e9rum Hydrabio Hyalu+ de NAOS, une innovation r\u00e9volutionnaire inspir\u00e9e par l&rsquo;approche \u00e9cobiologique pour combattre la d\u00e9shydratation et les\" \/>\r\n<meta property=\"og:url\" content=\"https:\/\/paracherkaoui.ma\/index.php\/produit\/bioderma-hydrabio-hyalu-serum-concentre-repulpant-auto-rehydrant-30-ml\/\" \/>\r\n<meta property=\"og:site_name\" content=\"Paracherkaoui.ma\" \/>\r\n<meta property=\"article:modified_time\" content=\"2025-12-12T17:25:30+00:00\" \/>\r\n<meta property=\"og:image\" content=\"https:\/\/paracherkaoui.ma\/wp-content\/uploads\/2025\/12\/bioderma-hydrabio-hyalu-serum-concentre-repulpant-auto-rehydrant-30-ml.jpg\" \/>\r\n\t<meta property=\"og:image:width\" content=\"700\" \/>\r\n\t<meta property=\"og:image:height\" content=\"700\" \/>\r\n\t<meta property=\"og:image:type\" content=\"image\/jpeg\" \/>\r\n<meta name=\"twitter:card\" content=\"summary_large_image\" \/>\r\n<meta name=\"twitter:label1\" content=\"Dur\u00e9e de lecture estim\u00e9e\" \/>\n\t<meta name=\"twitter:data1\" content=\"2 minutes\" \/>\r\n<script type=\"application\/ld+json\" class=\"yoast-schema-graph\">{\"@context\":\"https:\/\/schema.org\",\"@graph\":[{\"@type\":\"WebPage\",\"@id\":\"https:\/\/paracherkaoui.ma\/index.php\/produit\/bioderma-hydrabio-hyalu-serum-concentre-repulpant-auto-rehydrant-30-ml\/\",\"url\":\"https:\/\/paracherkaoui.ma\/index.php\/produit\/bioderma-hydrabio-hyalu-serum-concentre-repulpant-auto-rehydrant-30-ml\/\",\"name\":\"BIODERMA HYDRABIO HYALU+ SERUM CONCENTRE REPULPANT AUTO REHYDRANT 30 ML - Paracherkaoui.ma\",\"isPartOf\":{\"@id\":\"https:\/\/paracherkaoui.ma\/#website\"},\"primaryImageOfPage\":{\"@id\":\"https:\/\/paracherkaoui.ma\/index.php\/produit\/bioderma-hydrabio-hyalu-serum-concentre-repulpant-auto-rehydrant-30-ml\/#primaryimage\"},\"image\":{\"@id\":\"https:\/\/paracherkaoui.ma\/index.php\/produit\/bioderma-hydrabio-hyalu-serum-concentre-repulpant-auto-rehydrant-30-ml\/#primaryimage\"},\"thumbnailUrl\":\"https:\/\/paracherkaoui.ma\/wp-content\/uploads\/2025\/12\/bioderma-hydrabio-hyalu-serum-concentre-repulpant-auto-rehydrant-30-ml.jpg\",\"datePublished\":\"2025-12-12T17:25:28+00:00\",\"dateModified\":\"2025-12-12T17:25:30+00:00\",\"breadcrumb\":{\"@id\":\"https:\/\/paracherkaoui.ma\/index.php\/produit\/bioderma-hydrabio-hyalu-serum-concentre-repulpant-auto-rehydrant-30-ml\/#breadcrumb\"},\"inLanguage\":\"fr-FR\",\"potentialAction\":[{\"@type\":\"ReadAction\",\"target\":[\"https:\/\/paracherkaoui.ma\/index.php\/produit\/bioderma-hydrabio-hyalu-serum-concentre-repulpant-auto-rehydrant-30-ml\/\"]}]},{\"@type\":\"ImageObject\",\"inLanguage\":\"fr-FR\",\"@id\":\"https:\/\/paracherkaoui.ma\/index.php\/produit\/bioderma-hydrabio-hyalu-serum-concentre-repulpant-auto-rehydrant-30-ml\/#primaryimage\",\"url\":\"https:\/\/paracherkaoui.ma\/wp-content\/uploads\/2025\/12\/bioderma-hydrabio-hyalu-serum-concentre-repulpant-auto-rehydrant-30-ml.jpg\",\"contentUrl\":\"https:\/\/paracherkaoui.ma\/wp-content\/uploads\/2025\/12\/bioderma-hydrabio-hyalu-serum-concentre-repulpant-auto-rehydrant-30-ml.jpg\",\"width\":700,\"height\":700},{\"@type\":\"BreadcrumbList\",\"@id\":\"https:\/\/paracherkaoui.ma\/index.php\/produit\/bioderma-hydrabio-hyalu-serum-concentre-repulpant-auto-rehydrant-30-ml\/#breadcrumb\",\"itemListElement\":[{\"@type\":\"ListItem\",\"position\":1,\"name\":\"Accueil\",\"item\":\"https:\/\/paracherkaoui.ma\/\"},{\"@type\":\"ListItem\",\"position\":2,\"name\":\"Boutique\",\"item\":\"https:\/\/paracherkaoui.ma\/index.php\/boutique\/\"},{\"@type\":\"ListItem\",\"position\":3,\"name\":\"BIODERMA HYDRABIO HYALU+ SERUM CONCENTRE REPULPANT AUTO REHYDRANT 30 ML\"}]},{\"@type\":\"WebSite\",\"@id\":\"https:\/\/paracherkaoui.ma\/#website\",\"url\":\"https:\/\/paracherkaoui.ma\/\",\"name\":\"Paracherkaoui.ma\",\"description\":\"Achetez en ligne sur Paracherkaoui.ma\",\"potentialAction\":[{\"@type\":\"SearchAction\",\"target\":{\"@type\":\"EntryPoint\",\"urlTemplate\":\"https:\/\/paracherkaoui.ma\/?s={search_term_string}\"},\"query-input\":{\"@type\":\"PropertyValueSpecification\",\"valueRequired\":true,\"valueName\":\"search_term_string\"}}],\"inLanguage\":\"fr-FR\"}]}<\/script>\r\n<!-- \/ Yoast SEO plugin. -->","yoast_head_json":{"title":"BIODERMA HYDRABIO HYALU+ SERUM CONCENTRE REPULPANT AUTO REHYDRANT 30 ML - Paracherkaoui.ma","robots":{"index":"index","follow":"follow","max-snippet":"max-snippet:-1","max-image-preview":"max-image-preview:large","max-video-preview":"max-video-preview:-1"},"canonical":"https:\/\/paracherkaoui.ma\/index.php\/produit\/bioderma-hydrabio-hyalu-serum-concentre-repulpant-auto-rehydrant-30-ml\/","og_locale":"fr_FR","og_type":"article","og_title":"BIODERMA HYDRABIO HYALU+ SERUM CONCENTRE REPULPANT AUTO REHYDRANT 30 ML - Paracherkaoui.ma","og_description":"D\u00e9couvrez le s\u00e9rum Hydrabio Hyalu+ de NAOS, une innovation r\u00e9volutionnaire inspir\u00e9e par l&rsquo;approche \u00e9cobiologique pour combattre la d\u00e9shydratation et les","og_url":"https:\/\/paracherkaoui.ma\/index.php\/produit\/bioderma-hydrabio-hyalu-serum-concentre-repulpant-auto-rehydrant-30-ml\/","og_site_name":"Paracherkaoui.ma","article_modified_time":"2025-12-12T17:25:30+00:00","og_image":[{"width":700,"height":700,"url":"https:\/\/paracherkaoui.ma\/wp-content\/uploads\/2025\/12\/bioderma-hydrabio-hyalu-serum-concentre-repulpant-auto-rehydrant-30-ml.jpg","type":"image\/jpeg"}],"twitter_card":"summary_large_image","twitter_misc":{"Dur\u00e9e de lecture estim\u00e9e":"2 minutes"},"schema":{"@context":"https:\/\/schema.org","@graph":[{"@type":"WebPage","@id":"https:\/\/paracherkaoui.ma\/index.php\/produit\/bioderma-hydrabio-hyalu-serum-concentre-repulpant-auto-rehydrant-30-ml\/","url":"https:\/\/paracherkaoui.ma\/index.php\/produit\/bioderma-hydrabio-hyalu-serum-concentre-repulpant-auto-rehydrant-30-ml\/","name":"BIODERMA HYDRABIO HYALU+ SERUM CONCENTRE REPULPANT AUTO REHYDRANT 30 ML - Paracherkaoui.ma","isPartOf":{"@id":"https:\/\/paracherkaoui.ma\/#website"},"primaryImageOfPage":{"@id":"https:\/\/paracherkaoui.ma\/index.php\/produit\/bioderma-hydrabio-hyalu-serum-concentre-repulpant-auto-rehydrant-30-ml\/#primaryimage"},"image":{"@id":"https:\/\/paracherkaoui.ma\/index.php\/produit\/bioderma-hydrabio-hyalu-serum-concentre-repulpant-auto-rehydrant-30-ml\/#primaryimage"},"thumbnailUrl":"https:\/\/paracherkaoui.ma\/wp-content\/uploads\/2025\/12\/bioderma-hydrabio-hyalu-serum-concentre-repulpant-auto-rehydrant-30-ml.jpg","datePublished":"2025-12-12T17:25:28+00:00","dateModified":"2025-12-12T17:25:30+00:00","breadcrumb":{"@id":"https:\/\/paracherkaoui.ma\/index.php\/produit\/bioderma-hydrabio-hyalu-serum-concentre-repulpant-auto-rehydrant-30-ml\/#breadcrumb"},"inLanguage":"fr-FR","potentialAction":[{"@type":"ReadAction","target":["https:\/\/paracherkaoui.ma\/index.php\/produit\/bioderma-hydrabio-hyalu-serum-concentre-repulpant-auto-rehydrant-30-ml\/"]}]},{"@type":"ImageObject","inLanguage":"fr-FR","@id":"https:\/\/paracherkaoui.ma\/index.php\/produit\/bioderma-hydrabio-hyalu-serum-concentre-repulpant-auto-rehydrant-30-ml\/#primaryimage","url":"https:\/\/paracherkaoui.ma\/wp-content\/uploads\/2025\/12\/bioderma-hydrabio-hyalu-serum-concentre-repulpant-auto-rehydrant-30-ml.jpg","contentUrl":"https:\/\/paracherkaoui.ma\/wp-content\/uploads\/2025\/12\/bioderma-hydrabio-hyalu-serum-concentre-repulpant-auto-rehydrant-30-ml.jpg","width":700,"height":700},{"@type":"BreadcrumbList","@id":"https:\/\/paracherkaoui.ma\/index.php\/produit\/bioderma-hydrabio-hyalu-serum-concentre-repulpant-auto-rehydrant-30-ml\/#breadcrumb","itemListElement":[{"@type":"ListItem","position":1,"name":"Accueil","item":"https:\/\/paracherkaoui.ma\/"},{"@type":"ListItem","position":2,"name":"Boutique","item":"https:\/\/paracherkaoui.ma\/index.php\/boutique\/"},{"@type":"ListItem","position":3,"name":"BIODERMA HYDRABIO HYALU+ SERUM CONCENTRE REPULPANT AUTO REHYDRANT 30 ML"}]},{"@type":"WebSite","@id":"https:\/\/paracherkaoui.ma\/#website","url":"https:\/\/paracherkaoui.ma\/","name":"Paracherkaoui.ma","description":"Achetez en ligne sur Paracherkaoui.ma","potentialAction":[{"@type":"SearchAction","target":{"@type":"EntryPoint","urlTemplate":"https:\/\/paracherkaoui.ma\/?s={search_term_string}"},"query-input":{"@type":"PropertyValueSpecification","valueRequired":true,"valueName":"search_term_string"}}],"inLanguage":"fr-FR"}]}},"_links":{"self":[{"href":"https:\/\/paracherkaoui.ma\/index.php\/wp-json\/wp\/v2\/product\/26738","targetHints":{"allow":["GET"]}}],"collection":[{"href":"https:\/\/paracherkaoui.ma\/index.php\/wp-json\/wp\/v2\/product"}],"about":[{"href":"https:\/\/paracherkaoui.ma\/index.php\/wp-json\/wp\/v2\/types\/product"}],"replies":[{"embeddable":true,"href":"https:\/\/paracherkaoui.ma\/index.php\/wp-json\/wp\/v2\/comments?post=26738"}],"version-history":[{"count":1,"href":"https:\/\/paracherkaoui.ma\/index.php\/wp-json\/wp\/v2\/product\/26738\/revisions"}],"predecessor-version":[{"id":26771,"href":"https:\/\/paracherkaoui.ma\/index.php\/wp-json\/wp\/v2\/product\/26738\/revisions\/26771"}],"wp:featuredmedia":[{"embeddable":true,"href":"https:\/\/paracherkaoui.ma\/index.php\/wp-json\/wp\/v2\/media\/26770"}],"wp:attachment":[{"href":"https:\/\/paracherkaoui.ma\/index.php\/wp-json\/wp\/v2\/media?parent=26738"}],"wp:term":[{"taxonomy":"product_brand","embeddable":true,"href":"https:\/\/paracherkaoui.ma\/index.php\/wp-json\/wp\/v2\/product_brand?post=26738"},{"taxonomy":"product_cat","embeddable":true,"href":"https:\/\/paracherkaoui.ma\/index.php\/wp-json\/wp\/v2\/product_cat?post=26738"},{"taxonomy":"product_tag","embeddable":true,"href":"https:\/\/paracherkaoui.ma\/index.php\/wp-json\/wp\/v2\/product_tag?post=26738"}],"curies":[{"name":"wp","href":"https:\/\/api.w.org\/{rel}","templated":true}]}}