{"id":26685,"date":"2025-12-12T18:25:22","date_gmt":"2025-12-12T17:25:22","guid":{"rendered":"https:\/\/test.ecbeaute.com\/?post_type=product&#038;p=26685"},"modified":"2025-12-12T18:25:27","modified_gmt":"2025-12-12T17:25:27","slug":"martiderm-the-originals-proteos-hydra-plus-10amp-x2ml","status":"publish","type":"product","link":"https:\/\/paracherkaoui.ma\/index.php\/produit\/martiderm-the-originals-proteos-hydra-plus-10amp-x2ml\/","title":{"rendered":"MARTIDERM THE ORIGINALS PROTEOS HYDRA PLUS 10AMP X2ML"},"content":{"rendered":"<p>Description:<br \/>\nMARTIDERM The originals Proteos hydra plus, hydratante et antioxydante, raffermit et illumine la peau, avec 3 % de prot\u00e9aglycanes et 5% de vitamine C pure.Convenable a la peaux s\u00e8ches, et contient 10 ampoules.Les Proteoglicanos Ampoules hydratent de mani\u00e8re intense, sont antioxydantes et illuminent le teint. Parmi ses principaux actifs figurent les prot\u00e9oglycanes d&rsquo;origine v\u00e9g\u00e9tale, qui hydratent en profondeur, retiennent l&rsquo;eau et poss\u00e8dent des propri\u00e9t\u00e9s raffermissantes. Par ailleurs, les Proteoglicanos Ampoules contiennent \u00e9galement de la vitamine C pure, un antioxydant essentiel qui, en plus d&rsquo;exercer un effet d\u00e9pigmentant, contribue \u00e0 la r\u00e9paration du tissu conjonctif et \u00e0 la production de collag\u00e8ne. Leur texture fluide, \u00e9molliente et hydratante laisse une sensation de douceur et de l\u00e9g\u00e8ret\u00e9 sur la peau, sans sensation grasse. Leur texture fluide, \u00e9molliente et hydratante laisse une sensation de douceur et de l\u00e9g\u00e8ret\u00e9 sur la peau, sans sensation grasse.<br \/>\nConseil d&rsquo;utilsation:<br \/>\nSecouer doucement l&rsquo;ampoule, utiliser l&#8217;embout pour la rompre et verser la moiti\u00e9 du contenu sur la paume de la main, puis Ins\u00e9rer l&#8217;embout jusqu&rsquo;\u00e0 la ligne et appliquer le produit en massant l\u00e9g\u00e8rement jusqu&rsquo;\u00e0 absorption compl\u00e8te.<\/p>\n","protected":false},"excerpt":{"rendered":"<p>Description: MARTIDERM The originals Proteos hydra plus, hydratante et antioxydante, raffermit et illumine la peau, avec 3 % de prot\u00e9aglycanes<\/p>\n","protected":false},"featured_media":26730,"comment_status":"open","ping_status":"closed","template":"","meta":[],"product_brand":[291],"product_cat":[525],"product_tag":[],"class_list":{"0":"post-26685","1":"product","2":"type-product","3":"status-publish","4":"has-post-thumbnail","6":"product_brand-martiderm","7":"product_cat-cremes-jour","9":"first","10":"instock","11":"sale","12":"shipping-taxable","13":"purchasable","14":"product-type-simple"},"yoast_head":"<!-- This site is optimized with the Yoast SEO plugin v26.6 - https:\/\/yoast.com\/wordpress\/plugins\/seo\/ -->\r\n<title>MARTIDERM THE ORIGINALS PROTEOS HYDRA PLUS 10AMP X2ML - Paracherkaoui.ma<\/title>\r\n<meta name=\"robots\" content=\"index, follow, max-snippet:-1, max-image-preview:large, max-video-preview:-1\" \/>\r\n<link rel=\"canonical\" href=\"https:\/\/paracherkaoui.ma\/index.php\/produit\/martiderm-the-originals-proteos-hydra-plus-10amp-x2ml\/\" \/>\r\n<meta property=\"og:locale\" content=\"fr_FR\" \/>\r\n<meta property=\"og:type\" content=\"article\" \/>\r\n<meta property=\"og:title\" content=\"MARTIDERM THE ORIGINALS PROTEOS HYDRA PLUS 10AMP X2ML - Paracherkaoui.ma\" \/>\r\n<meta property=\"og:description\" content=\"Description: MARTIDERM The originals Proteos hydra plus, hydratante et antioxydante, raffermit et illumine la peau, avec 3 % de prot\u00e9aglycanes\" \/>\r\n<meta property=\"og:url\" content=\"https:\/\/paracherkaoui.ma\/index.php\/produit\/martiderm-the-originals-proteos-hydra-plus-10amp-x2ml\/\" \/>\r\n<meta property=\"og:site_name\" content=\"Paracherkaoui.ma\" \/>\r\n<meta property=\"article:modified_time\" content=\"2025-12-12T17:25:27+00:00\" \/>\r\n<meta property=\"og:image\" content=\"https:\/\/paracherkaoui.ma\/wp-content\/uploads\/2025\/12\/martiderm-martiderm-the-originals-proteos-hydra-plus-10amp-x2ml-cremes-jour.jpg\" \/>\r\n\t<meta property=\"og:image:width\" content=\"700\" \/>\r\n\t<meta property=\"og:image:height\" content=\"700\" \/>\r\n\t<meta property=\"og:image:type\" content=\"image\/jpeg\" \/>\r\n<meta name=\"twitter:card\" content=\"summary_large_image\" \/>\r\n<meta name=\"twitter:label1\" content=\"Dur\u00e9e de lecture estim\u00e9e\" \/>\n\t<meta name=\"twitter:data1\" content=\"1 minute\" \/>\r\n<script type=\"application\/ld+json\" class=\"yoast-schema-graph\">{\"@context\":\"https:\/\/schema.org\",\"@graph\":[{\"@type\":\"WebPage\",\"@id\":\"https:\/\/paracherkaoui.ma\/index.php\/produit\/martiderm-the-originals-proteos-hydra-plus-10amp-x2ml\/\",\"url\":\"https:\/\/paracherkaoui.ma\/index.php\/produit\/martiderm-the-originals-proteos-hydra-plus-10amp-x2ml\/\",\"name\":\"MARTIDERM THE ORIGINALS PROTEOS HYDRA PLUS 10AMP X2ML - Paracherkaoui.ma\",\"isPartOf\":{\"@id\":\"https:\/\/paracherkaoui.ma\/#website\"},\"primaryImageOfPage\":{\"@id\":\"https:\/\/paracherkaoui.ma\/index.php\/produit\/martiderm-the-originals-proteos-hydra-plus-10amp-x2ml\/#primaryimage\"},\"image\":{\"@id\":\"https:\/\/paracherkaoui.ma\/index.php\/produit\/martiderm-the-originals-proteos-hydra-plus-10amp-x2ml\/#primaryimage\"},\"thumbnailUrl\":\"https:\/\/paracherkaoui.ma\/wp-content\/uploads\/2025\/12\/martiderm-martiderm-the-originals-proteos-hydra-plus-10amp-x2ml-cremes-jour.jpg\",\"datePublished\":\"2025-12-12T17:25:22+00:00\",\"dateModified\":\"2025-12-12T17:25:27+00:00\",\"breadcrumb\":{\"@id\":\"https:\/\/paracherkaoui.ma\/index.php\/produit\/martiderm-the-originals-proteos-hydra-plus-10amp-x2ml\/#breadcrumb\"},\"inLanguage\":\"fr-FR\",\"potentialAction\":[{\"@type\":\"ReadAction\",\"target\":[\"https:\/\/paracherkaoui.ma\/index.php\/produit\/martiderm-the-originals-proteos-hydra-plus-10amp-x2ml\/\"]}]},{\"@type\":\"ImageObject\",\"inLanguage\":\"fr-FR\",\"@id\":\"https:\/\/paracherkaoui.ma\/index.php\/produit\/martiderm-the-originals-proteos-hydra-plus-10amp-x2ml\/#primaryimage\",\"url\":\"https:\/\/paracherkaoui.ma\/wp-content\/uploads\/2025\/12\/martiderm-martiderm-the-originals-proteos-hydra-plus-10amp-x2ml-cremes-jour.jpg\",\"contentUrl\":\"https:\/\/paracherkaoui.ma\/wp-content\/uploads\/2025\/12\/martiderm-martiderm-the-originals-proteos-hydra-plus-10amp-x2ml-cremes-jour.jpg\",\"width\":700,\"height\":700},{\"@type\":\"BreadcrumbList\",\"@id\":\"https:\/\/paracherkaoui.ma\/index.php\/produit\/martiderm-the-originals-proteos-hydra-plus-10amp-x2ml\/#breadcrumb\",\"itemListElement\":[{\"@type\":\"ListItem\",\"position\":1,\"name\":\"Accueil\",\"item\":\"https:\/\/paracherkaoui.ma\/\"},{\"@type\":\"ListItem\",\"position\":2,\"name\":\"Boutique\",\"item\":\"https:\/\/paracherkaoui.ma\/index.php\/boutique\/\"},{\"@type\":\"ListItem\",\"position\":3,\"name\":\"MARTIDERM THE ORIGINALS PROTEOS HYDRA PLUS 10AMP X2ML\"}]},{\"@type\":\"WebSite\",\"@id\":\"https:\/\/paracherkaoui.ma\/#website\",\"url\":\"https:\/\/paracherkaoui.ma\/\",\"name\":\"Paracherkaoui.ma\",\"description\":\"Achetez en ligne sur Paracherkaoui.ma\",\"potentialAction\":[{\"@type\":\"SearchAction\",\"target\":{\"@type\":\"EntryPoint\",\"urlTemplate\":\"https:\/\/paracherkaoui.ma\/?s={search_term_string}\"},\"query-input\":{\"@type\":\"PropertyValueSpecification\",\"valueRequired\":true,\"valueName\":\"search_term_string\"}}],\"inLanguage\":\"fr-FR\"}]}<\/script>\r\n<!-- \/ Yoast SEO plugin. -->","yoast_head_json":{"title":"MARTIDERM THE ORIGINALS PROTEOS HYDRA PLUS 10AMP X2ML - Paracherkaoui.ma","robots":{"index":"index","follow":"follow","max-snippet":"max-snippet:-1","max-image-preview":"max-image-preview:large","max-video-preview":"max-video-preview:-1"},"canonical":"https:\/\/paracherkaoui.ma\/index.php\/produit\/martiderm-the-originals-proteos-hydra-plus-10amp-x2ml\/","og_locale":"fr_FR","og_type":"article","og_title":"MARTIDERM THE ORIGINALS PROTEOS HYDRA PLUS 10AMP X2ML - Paracherkaoui.ma","og_description":"Description: MARTIDERM The originals Proteos hydra plus, hydratante et antioxydante, raffermit et illumine la peau, avec 3 % de prot\u00e9aglycanes","og_url":"https:\/\/paracherkaoui.ma\/index.php\/produit\/martiderm-the-originals-proteos-hydra-plus-10amp-x2ml\/","og_site_name":"Paracherkaoui.ma","article_modified_time":"2025-12-12T17:25:27+00:00","og_image":[{"width":700,"height":700,"url":"https:\/\/paracherkaoui.ma\/wp-content\/uploads\/2025\/12\/martiderm-martiderm-the-originals-proteos-hydra-plus-10amp-x2ml-cremes-jour.jpg","type":"image\/jpeg"}],"twitter_card":"summary_large_image","twitter_misc":{"Dur\u00e9e de lecture estim\u00e9e":"1 minute"},"schema":{"@context":"https:\/\/schema.org","@graph":[{"@type":"WebPage","@id":"https:\/\/paracherkaoui.ma\/index.php\/produit\/martiderm-the-originals-proteos-hydra-plus-10amp-x2ml\/","url":"https:\/\/paracherkaoui.ma\/index.php\/produit\/martiderm-the-originals-proteos-hydra-plus-10amp-x2ml\/","name":"MARTIDERM THE ORIGINALS PROTEOS HYDRA PLUS 10AMP X2ML - Paracherkaoui.ma","isPartOf":{"@id":"https:\/\/paracherkaoui.ma\/#website"},"primaryImageOfPage":{"@id":"https:\/\/paracherkaoui.ma\/index.php\/produit\/martiderm-the-originals-proteos-hydra-plus-10amp-x2ml\/#primaryimage"},"image":{"@id":"https:\/\/paracherkaoui.ma\/index.php\/produit\/martiderm-the-originals-proteos-hydra-plus-10amp-x2ml\/#primaryimage"},"thumbnailUrl":"https:\/\/paracherkaoui.ma\/wp-content\/uploads\/2025\/12\/martiderm-martiderm-the-originals-proteos-hydra-plus-10amp-x2ml-cremes-jour.jpg","datePublished":"2025-12-12T17:25:22+00:00","dateModified":"2025-12-12T17:25:27+00:00","breadcrumb":{"@id":"https:\/\/paracherkaoui.ma\/index.php\/produit\/martiderm-the-originals-proteos-hydra-plus-10amp-x2ml\/#breadcrumb"},"inLanguage":"fr-FR","potentialAction":[{"@type":"ReadAction","target":["https:\/\/paracherkaoui.ma\/index.php\/produit\/martiderm-the-originals-proteos-hydra-plus-10amp-x2ml\/"]}]},{"@type":"ImageObject","inLanguage":"fr-FR","@id":"https:\/\/paracherkaoui.ma\/index.php\/produit\/martiderm-the-originals-proteos-hydra-plus-10amp-x2ml\/#primaryimage","url":"https:\/\/paracherkaoui.ma\/wp-content\/uploads\/2025\/12\/martiderm-martiderm-the-originals-proteos-hydra-plus-10amp-x2ml-cremes-jour.jpg","contentUrl":"https:\/\/paracherkaoui.ma\/wp-content\/uploads\/2025\/12\/martiderm-martiderm-the-originals-proteos-hydra-plus-10amp-x2ml-cremes-jour.jpg","width":700,"height":700},{"@type":"BreadcrumbList","@id":"https:\/\/paracherkaoui.ma\/index.php\/produit\/martiderm-the-originals-proteos-hydra-plus-10amp-x2ml\/#breadcrumb","itemListElement":[{"@type":"ListItem","position":1,"name":"Accueil","item":"https:\/\/paracherkaoui.ma\/"},{"@type":"ListItem","position":2,"name":"Boutique","item":"https:\/\/paracherkaoui.ma\/index.php\/boutique\/"},{"@type":"ListItem","position":3,"name":"MARTIDERM THE ORIGINALS PROTEOS HYDRA PLUS 10AMP X2ML"}]},{"@type":"WebSite","@id":"https:\/\/paracherkaoui.ma\/#website","url":"https:\/\/paracherkaoui.ma\/","name":"Paracherkaoui.ma","description":"Achetez en ligne sur Paracherkaoui.ma","potentialAction":[{"@type":"SearchAction","target":{"@type":"EntryPoint","urlTemplate":"https:\/\/paracherkaoui.ma\/?s={search_term_string}"},"query-input":{"@type":"PropertyValueSpecification","valueRequired":true,"valueName":"search_term_string"}}],"inLanguage":"fr-FR"}]}},"_links":{"self":[{"href":"https:\/\/paracherkaoui.ma\/index.php\/wp-json\/wp\/v2\/product\/26685","targetHints":{"allow":["GET"]}}],"collection":[{"href":"https:\/\/paracherkaoui.ma\/index.php\/wp-json\/wp\/v2\/product"}],"about":[{"href":"https:\/\/paracherkaoui.ma\/index.php\/wp-json\/wp\/v2\/types\/product"}],"replies":[{"embeddable":true,"href":"https:\/\/paracherkaoui.ma\/index.php\/wp-json\/wp\/v2\/comments?post=26685"}],"version-history":[{"count":1,"href":"https:\/\/paracherkaoui.ma\/index.php\/wp-json\/wp\/v2\/product\/26685\/revisions"}],"predecessor-version":[{"id":26731,"href":"https:\/\/paracherkaoui.ma\/index.php\/wp-json\/wp\/v2\/product\/26685\/revisions\/26731"}],"wp:featuredmedia":[{"embeddable":true,"href":"https:\/\/paracherkaoui.ma\/index.php\/wp-json\/wp\/v2\/media\/26730"}],"wp:attachment":[{"href":"https:\/\/paracherkaoui.ma\/index.php\/wp-json\/wp\/v2\/media?parent=26685"}],"wp:term":[{"taxonomy":"product_brand","embeddable":true,"href":"https:\/\/paracherkaoui.ma\/index.php\/wp-json\/wp\/v2\/product_brand?post=26685"},{"taxonomy":"product_cat","embeddable":true,"href":"https:\/\/paracherkaoui.ma\/index.php\/wp-json\/wp\/v2\/product_cat?post=26685"},{"taxonomy":"product_tag","embeddable":true,"href":"https:\/\/paracherkaoui.ma\/index.php\/wp-json\/wp\/v2\/product_tag?post=26685"}],"curies":[{"name":"wp","href":"https:\/\/api.w.org\/{rel}","templated":true}]}}