{"id":26684,"date":"2025-12-12T18:25:22","date_gmt":"2025-12-12T17:25:22","guid":{"rendered":"https:\/\/test.ecbeaute.com\/?post_type=product&#038;p=26684"},"modified":"2025-12-12T18:25:27","modified_gmt":"2025-12-12T17:25:27","slug":"eucerin-dermopure-fluide-protecteur-spf-30-4","status":"publish","type":"product","link":"https:\/\/paracherkaoui.ma\/index.php\/produit\/eucerin-dermopure-fluide-protecteur-spf-30-4\/","title":{"rendered":"EUCERIN DERMOPURE FLUIDE PROTECTEUR SPF 30"},"content":{"rendered":"<p>Anti-taches assombrissant : les filtres SPF 30 UVA\/B prot\u00e8gent de l&rsquo;assombrissement solaire des taches post-acn\u00e9iques et pr\u00e9viennent leur apparition. Anti-imperfections : Aide \u00e0 pr\u00e9venir les imperfections et apaise les irritations. Anti-brillance : offre un fini durable, sec et mat.<\/p>\n","protected":false},"excerpt":{"rendered":"<p>Anti-taches assombrissant : les filtres SPF 30 UVA\/B prot\u00e8gent de l&rsquo;assombrissement solaire des taches post-acn\u00e9iques et pr\u00e9viennent leur apparition. Anti-imperfections<\/p>\n","protected":false},"featured_media":13048,"comment_status":"open","ping_status":"closed","template":"","meta":[],"product_brand":[134],"product_cat":[525],"product_tag":[],"class_list":{"0":"post-26684","1":"product","2":"type-product","3":"status-publish","4":"has-post-thumbnail","6":"product_brand-eucerin","7":"product_cat-cremes-jour","9":"first","10":"instock","11":"sale","12":"shipping-taxable","13":"purchasable","14":"product-type-simple"},"yoast_head":"<!-- This site is optimized with the Yoast SEO plugin v26.6 - https:\/\/yoast.com\/wordpress\/plugins\/seo\/ -->\r\n<title>EUCERIN DERMOPURE FLUIDE PROTECTEUR SPF 30 - Paracherkaoui.ma<\/title>\r\n<meta name=\"robots\" content=\"index, follow, max-snippet:-1, max-image-preview:large, max-video-preview:-1\" \/>\r\n<link rel=\"canonical\" href=\"https:\/\/paracherkaoui.ma\/index.php\/produit\/eucerin-dermopure-fluide-protecteur-spf-30-4\/\" \/>\r\n<meta property=\"og:locale\" content=\"fr_FR\" \/>\r\n<meta property=\"og:type\" content=\"article\" \/>\r\n<meta property=\"og:title\" content=\"EUCERIN DERMOPURE FLUIDE PROTECTEUR SPF 30 - Paracherkaoui.ma\" \/>\r\n<meta property=\"og:description\" content=\"Anti-taches assombrissant : les filtres SPF 30 UVA\/B prot\u00e8gent de l&rsquo;assombrissement solaire des taches post-acn\u00e9iques et pr\u00e9viennent leur apparition. Anti-imperfections\" \/>\r\n<meta property=\"og:url\" content=\"https:\/\/paracherkaoui.ma\/index.php\/produit\/eucerin-dermopure-fluide-protecteur-spf-30-4\/\" \/>\r\n<meta property=\"og:site_name\" content=\"Paracherkaoui.ma\" \/>\r\n<meta property=\"article:modified_time\" content=\"2025-12-12T17:25:27+00:00\" \/>\r\n<meta property=\"og:image\" content=\"https:\/\/paracherkaoui.ma\/wp-content\/uploads\/2025\/12\/eucerin-eucerin-dermopure-fluide-protecteur-spf-30-cremes-jour.jpg\" \/>\r\n\t<meta property=\"og:image:width\" content=\"700\" \/>\r\n\t<meta property=\"og:image:height\" content=\"700\" \/>\r\n\t<meta property=\"og:image:type\" content=\"image\/jpeg\" \/>\r\n<meta name=\"twitter:card\" content=\"summary_large_image\" \/>\r\n<script type=\"application\/ld+json\" class=\"yoast-schema-graph\">{\"@context\":\"https:\/\/schema.org\",\"@graph\":[{\"@type\":\"WebPage\",\"@id\":\"https:\/\/paracherkaoui.ma\/index.php\/produit\/eucerin-dermopure-fluide-protecteur-spf-30-4\/\",\"url\":\"https:\/\/paracherkaoui.ma\/index.php\/produit\/eucerin-dermopure-fluide-protecteur-spf-30-4\/\",\"name\":\"EUCERIN DERMOPURE FLUIDE PROTECTEUR SPF 30 - Paracherkaoui.ma\",\"isPartOf\":{\"@id\":\"https:\/\/paracherkaoui.ma\/#website\"},\"primaryImageOfPage\":{\"@id\":\"https:\/\/paracherkaoui.ma\/index.php\/produit\/eucerin-dermopure-fluide-protecteur-spf-30-4\/#primaryimage\"},\"image\":{\"@id\":\"https:\/\/paracherkaoui.ma\/index.php\/produit\/eucerin-dermopure-fluide-protecteur-spf-30-4\/#primaryimage\"},\"thumbnailUrl\":\"https:\/\/paracherkaoui.ma\/wp-content\/uploads\/2025\/12\/eucerin-eucerin-dermopure-fluide-protecteur-spf-30-cremes-jour.jpg\",\"datePublished\":\"2025-12-12T17:25:22+00:00\",\"dateModified\":\"2025-12-12T17:25:27+00:00\",\"breadcrumb\":{\"@id\":\"https:\/\/paracherkaoui.ma\/index.php\/produit\/eucerin-dermopure-fluide-protecteur-spf-30-4\/#breadcrumb\"},\"inLanguage\":\"fr-FR\",\"potentialAction\":[{\"@type\":\"ReadAction\",\"target\":[\"https:\/\/paracherkaoui.ma\/index.php\/produit\/eucerin-dermopure-fluide-protecteur-spf-30-4\/\"]}]},{\"@type\":\"ImageObject\",\"inLanguage\":\"fr-FR\",\"@id\":\"https:\/\/paracherkaoui.ma\/index.php\/produit\/eucerin-dermopure-fluide-protecteur-spf-30-4\/#primaryimage\",\"url\":\"https:\/\/paracherkaoui.ma\/wp-content\/uploads\/2025\/12\/eucerin-eucerin-dermopure-fluide-protecteur-spf-30-cremes-jour.jpg\",\"contentUrl\":\"https:\/\/paracherkaoui.ma\/wp-content\/uploads\/2025\/12\/eucerin-eucerin-dermopure-fluide-protecteur-spf-30-cremes-jour.jpg\",\"width\":700,\"height\":700},{\"@type\":\"BreadcrumbList\",\"@id\":\"https:\/\/paracherkaoui.ma\/index.php\/produit\/eucerin-dermopure-fluide-protecteur-spf-30-4\/#breadcrumb\",\"itemListElement\":[{\"@type\":\"ListItem\",\"position\":1,\"name\":\"Accueil\",\"item\":\"https:\/\/paracherkaoui.ma\/\"},{\"@type\":\"ListItem\",\"position\":2,\"name\":\"Boutique\",\"item\":\"https:\/\/paracherkaoui.ma\/index.php\/boutique\/\"},{\"@type\":\"ListItem\",\"position\":3,\"name\":\"EUCERIN DERMOPURE FLUIDE PROTECTEUR SPF 30\"}]},{\"@type\":\"WebSite\",\"@id\":\"https:\/\/paracherkaoui.ma\/#website\",\"url\":\"https:\/\/paracherkaoui.ma\/\",\"name\":\"Paracherkaoui.ma\",\"description\":\"Achetez en ligne sur Paracherkaoui.ma\",\"potentialAction\":[{\"@type\":\"SearchAction\",\"target\":{\"@type\":\"EntryPoint\",\"urlTemplate\":\"https:\/\/paracherkaoui.ma\/?s={search_term_string}\"},\"query-input\":{\"@type\":\"PropertyValueSpecification\",\"valueRequired\":true,\"valueName\":\"search_term_string\"}}],\"inLanguage\":\"fr-FR\"}]}<\/script>\r\n<!-- \/ Yoast SEO plugin. -->","yoast_head_json":{"title":"EUCERIN DERMOPURE FLUIDE PROTECTEUR SPF 30 - Paracherkaoui.ma","robots":{"index":"index","follow":"follow","max-snippet":"max-snippet:-1","max-image-preview":"max-image-preview:large","max-video-preview":"max-video-preview:-1"},"canonical":"https:\/\/paracherkaoui.ma\/index.php\/produit\/eucerin-dermopure-fluide-protecteur-spf-30-4\/","og_locale":"fr_FR","og_type":"article","og_title":"EUCERIN DERMOPURE FLUIDE PROTECTEUR SPF 30 - Paracherkaoui.ma","og_description":"Anti-taches assombrissant : les filtres SPF 30 UVA\/B prot\u00e8gent de l&rsquo;assombrissement solaire des taches post-acn\u00e9iques et pr\u00e9viennent leur apparition. Anti-imperfections","og_url":"https:\/\/paracherkaoui.ma\/index.php\/produit\/eucerin-dermopure-fluide-protecteur-spf-30-4\/","og_site_name":"Paracherkaoui.ma","article_modified_time":"2025-12-12T17:25:27+00:00","og_image":[{"width":700,"height":700,"url":"https:\/\/paracherkaoui.ma\/wp-content\/uploads\/2025\/12\/eucerin-eucerin-dermopure-fluide-protecteur-spf-30-cremes-jour.jpg","type":"image\/jpeg"}],"twitter_card":"summary_large_image","schema":{"@context":"https:\/\/schema.org","@graph":[{"@type":"WebPage","@id":"https:\/\/paracherkaoui.ma\/index.php\/produit\/eucerin-dermopure-fluide-protecteur-spf-30-4\/","url":"https:\/\/paracherkaoui.ma\/index.php\/produit\/eucerin-dermopure-fluide-protecteur-spf-30-4\/","name":"EUCERIN DERMOPURE FLUIDE PROTECTEUR SPF 30 - Paracherkaoui.ma","isPartOf":{"@id":"https:\/\/paracherkaoui.ma\/#website"},"primaryImageOfPage":{"@id":"https:\/\/paracherkaoui.ma\/index.php\/produit\/eucerin-dermopure-fluide-protecteur-spf-30-4\/#primaryimage"},"image":{"@id":"https:\/\/paracherkaoui.ma\/index.php\/produit\/eucerin-dermopure-fluide-protecteur-spf-30-4\/#primaryimage"},"thumbnailUrl":"https:\/\/paracherkaoui.ma\/wp-content\/uploads\/2025\/12\/eucerin-eucerin-dermopure-fluide-protecteur-spf-30-cremes-jour.jpg","datePublished":"2025-12-12T17:25:22+00:00","dateModified":"2025-12-12T17:25:27+00:00","breadcrumb":{"@id":"https:\/\/paracherkaoui.ma\/index.php\/produit\/eucerin-dermopure-fluide-protecteur-spf-30-4\/#breadcrumb"},"inLanguage":"fr-FR","potentialAction":[{"@type":"ReadAction","target":["https:\/\/paracherkaoui.ma\/index.php\/produit\/eucerin-dermopure-fluide-protecteur-spf-30-4\/"]}]},{"@type":"ImageObject","inLanguage":"fr-FR","@id":"https:\/\/paracherkaoui.ma\/index.php\/produit\/eucerin-dermopure-fluide-protecteur-spf-30-4\/#primaryimage","url":"https:\/\/paracherkaoui.ma\/wp-content\/uploads\/2025\/12\/eucerin-eucerin-dermopure-fluide-protecteur-spf-30-cremes-jour.jpg","contentUrl":"https:\/\/paracherkaoui.ma\/wp-content\/uploads\/2025\/12\/eucerin-eucerin-dermopure-fluide-protecteur-spf-30-cremes-jour.jpg","width":700,"height":700},{"@type":"BreadcrumbList","@id":"https:\/\/paracherkaoui.ma\/index.php\/produit\/eucerin-dermopure-fluide-protecteur-spf-30-4\/#breadcrumb","itemListElement":[{"@type":"ListItem","position":1,"name":"Accueil","item":"https:\/\/paracherkaoui.ma\/"},{"@type":"ListItem","position":2,"name":"Boutique","item":"https:\/\/paracherkaoui.ma\/index.php\/boutique\/"},{"@type":"ListItem","position":3,"name":"EUCERIN DERMOPURE FLUIDE PROTECTEUR SPF 30"}]},{"@type":"WebSite","@id":"https:\/\/paracherkaoui.ma\/#website","url":"https:\/\/paracherkaoui.ma\/","name":"Paracherkaoui.ma","description":"Achetez en ligne sur Paracherkaoui.ma","potentialAction":[{"@type":"SearchAction","target":{"@type":"EntryPoint","urlTemplate":"https:\/\/paracherkaoui.ma\/?s={search_term_string}"},"query-input":{"@type":"PropertyValueSpecification","valueRequired":true,"valueName":"search_term_string"}}],"inLanguage":"fr-FR"}]}},"_links":{"self":[{"href":"https:\/\/paracherkaoui.ma\/index.php\/wp-json\/wp\/v2\/product\/26684","targetHints":{"allow":["GET"]}}],"collection":[{"href":"https:\/\/paracherkaoui.ma\/index.php\/wp-json\/wp\/v2\/product"}],"about":[{"href":"https:\/\/paracherkaoui.ma\/index.php\/wp-json\/wp\/v2\/types\/product"}],"replies":[{"embeddable":true,"href":"https:\/\/paracherkaoui.ma\/index.php\/wp-json\/wp\/v2\/comments?post=26684"}],"version-history":[{"count":1,"href":"https:\/\/paracherkaoui.ma\/index.php\/wp-json\/wp\/v2\/product\/26684\/revisions"}],"predecessor-version":[{"id":26729,"href":"https:\/\/paracherkaoui.ma\/index.php\/wp-json\/wp\/v2\/product\/26684\/revisions\/26729"}],"wp:featuredmedia":[{"embeddable":true,"href":"https:\/\/paracherkaoui.ma\/index.php\/wp-json\/wp\/v2\/media\/13048"}],"wp:attachment":[{"href":"https:\/\/paracherkaoui.ma\/index.php\/wp-json\/wp\/v2\/media?parent=26684"}],"wp:term":[{"taxonomy":"product_brand","embeddable":true,"href":"https:\/\/paracherkaoui.ma\/index.php\/wp-json\/wp\/v2\/product_brand?post=26684"},{"taxonomy":"product_cat","embeddable":true,"href":"https:\/\/paracherkaoui.ma\/index.php\/wp-json\/wp\/v2\/product_cat?post=26684"},{"taxonomy":"product_tag","embeddable":true,"href":"https:\/\/paracherkaoui.ma\/index.php\/wp-json\/wp\/v2\/product_tag?post=26684"}],"curies":[{"name":"wp","href":"https:\/\/api.w.org\/{rel}","templated":true}]}}