{"id":26678,"date":"2025-12-12T18:25:22","date_gmt":"2025-12-12T17:25:22","guid":{"rendered":"https:\/\/test.ecbeaute.com\/?post_type=product&#038;p=26678"},"modified":"2025-12-12T18:25:26","modified_gmt":"2025-12-12T17:25:26","slug":"isdin-isdinceutics-prevent-hyaluronic-moisture-creme-peau-normale-a-seche-50-g","status":"publish","type":"product","link":"https:\/\/paracherkaoui.ma\/index.php\/produit\/isdin-isdinceutics-prevent-hyaluronic-moisture-creme-peau-normale-a-seche-50-g\/","title":{"rendered":"ISDIN ISDINCEUTICS PREVENT HYALURONIC MOISTURE CREME PEAU NORMALE A SECHE 50 G"},"content":{"rendered":"<p>D\u00e9couvrez la puissance d&rsquo;une hydratation optimale avec la cr\u00e8me ISDIN ISDINCEUTICS Prevent Hyaluronic Moisture. Sp\u00e9cialement formul\u00e9e pour les peaux normales \u00e0 s\u00e8ches, cette cr\u00e8me l\u00e9g\u00e8re et soyeuse p\u00e9n\u00e8tre rapidement pour offrir \u00e0 votre peau une hydratation intense et durable. Gr\u00e2ce \u00e0 sa riche composition en acide hyaluronique, elle attire et retient l&rsquo;eau, aidant \u00e0 revitaliser la peau et \u00e0 lui donner un \u00e9clat radieux.<br \/>\nCette cr\u00e8me hydratante va au-del\u00e0 d&rsquo;une simple hydratation. En int\u00e9grant des antioxydants puissants, elle prot\u00e8ge votre peau contre les agressions ext\u00e9rieures et les signes du vieillissement. Fini les ridules et le teint terne ! Vous pouvez enfin afficher une peau douce, souple et visiblement plus jeune.<br \/>\nAppliquez la cr\u00e8me sur une peau propre et s\u00e8che, matin et soir, en massant doucement jusqu&rsquo;\u00e0 absorption compl\u00e8te. Pour maximiser les r\u00e9sultats, associez-la \u00e0 d&rsquo;autres produits de la gamme ISDINCEUTICS. En outre, n&rsquo;oubliez pas d&rsquo;utiliser un \u00e9cran solaire durant la journ\u00e9e pour prot\u00e9ger votre peau des effets nocifs du soleil.<br \/>\nCe soin innovant est le choix id\u00e9al pour toutes celles et ceux qui recherchent une solution efficace contre la d\u00e9shydratation. Avec une texture l\u00e9g\u00e8re et non grasse, il convient parfaitement \u00e0 votre routine beaut\u00e9 quotidienne.<br \/>\nConseils d&rsquo;utilisation:<br \/>\nAppliquez matin et soir sur le visage et le cou.<br \/>\nComposition :<br \/>\nAqua (Water), Caprylic\/Capric Triglyceride, Dicaprylyl Carbonate, Propanediol, Glycerin, Butylene Glycol, Niacinamide, Cellulose, Pentylene Glycol, Sodium Acrylates Crosspolymer-2, Dimethicone, 1,2-Hexanediol, Panthenol, Acrylates\/C10-30 Alkyl Acrylate Crosspolymer, Caprylyl Glycol, Ammonium Acryloyldimethyltaurate\/VP Copolymer, Tocopheryl Acetate, 4-T-Butylcyclohexanol, Trehalose, Urea, Citric Acid, Tocopherol, Parfum (Fragrance), Vigna Aconitifolia Seed Extract, Dimethicone Crosspolymer, Maltodextrin, Sodium Hyaluronate, Tetrasodium Glutamate Diacetate, Hydrolyzed Hyaluronic Acid, Hydroxyphenyl Propamidobenzoic Acid, Pentaerythrityl Tetra-Di-T-Butyl Hydroxyhydrocinnamate, Serine, Alteromonas Ferment Extract, Algin, Disodium Phosphate, Glyceryl Polyacrylate, Pullulan, Ascorbyl Palmitate, Potassium Phosphate, CI 17200 (Red 33).<\/p>\n","protected":false},"excerpt":{"rendered":"<p>D\u00e9couvrez la puissance d&rsquo;une hydratation optimale avec la cr\u00e8me ISDIN ISDINCEUTICS Prevent Hyaluronic Moisture. Sp\u00e9cialement formul\u00e9e pour les peaux normales<\/p>\n","protected":false},"featured_media":26720,"comment_status":"open","ping_status":"closed","template":"","meta":[],"product_brand":[135],"product_cat":[525],"product_tag":[],"class_list":{"0":"post-26678","1":"product","2":"type-product","3":"status-publish","4":"has-post-thumbnail","6":"product_brand-isdin","7":"product_cat-cremes-jour","9":"first","10":"instock","11":"sale","12":"shipping-taxable","13":"purchasable","14":"product-type-simple"},"yoast_head":"<!-- This site is optimized with the Yoast SEO plugin v26.6 - https:\/\/yoast.com\/wordpress\/plugins\/seo\/ -->\r\n<title>ISDIN ISDINCEUTICS PREVENT HYALURONIC MOISTURE CREME PEAU NORMALE A SECHE 50 G - Paracherkaoui.ma<\/title>\r\n<meta name=\"robots\" content=\"index, follow, max-snippet:-1, max-image-preview:large, max-video-preview:-1\" \/>\r\n<link rel=\"canonical\" href=\"https:\/\/paracherkaoui.ma\/index.php\/produit\/isdin-isdinceutics-prevent-hyaluronic-moisture-creme-peau-normale-a-seche-50-g\/\" \/>\r\n<meta property=\"og:locale\" content=\"fr_FR\" \/>\r\n<meta property=\"og:type\" content=\"article\" \/>\r\n<meta property=\"og:title\" content=\"ISDIN ISDINCEUTICS PREVENT HYALURONIC MOISTURE CREME PEAU NORMALE A SECHE 50 G - Paracherkaoui.ma\" \/>\r\n<meta property=\"og:description\" content=\"D\u00e9couvrez la puissance d&rsquo;une hydratation optimale avec la cr\u00e8me ISDIN ISDINCEUTICS Prevent Hyaluronic Moisture. Sp\u00e9cialement formul\u00e9e pour les peaux normales\" \/>\r\n<meta property=\"og:url\" content=\"https:\/\/paracherkaoui.ma\/index.php\/produit\/isdin-isdinceutics-prevent-hyaluronic-moisture-creme-peau-normale-a-seche-50-g\/\" \/>\r\n<meta property=\"og:site_name\" content=\"Paracherkaoui.ma\" \/>\r\n<meta property=\"article:modified_time\" content=\"2025-12-12T17:25:26+00:00\" \/>\r\n<meta property=\"og:image\" content=\"https:\/\/paracherkaoui.ma\/wp-content\/uploads\/2025\/12\/isdin-isdin-isdinceutics-prevent-hyaluronic-moisture-creme-peau-normale-a-seche-50-g-cremes-jour.jpg\" \/>\r\n\t<meta property=\"og:image:width\" content=\"700\" \/>\r\n\t<meta property=\"og:image:height\" content=\"700\" \/>\r\n\t<meta property=\"og:image:type\" content=\"image\/jpeg\" \/>\r\n<meta name=\"twitter:card\" content=\"summary_large_image\" \/>\r\n<meta name=\"twitter:label1\" content=\"Dur\u00e9e de lecture estim\u00e9e\" \/>\n\t<meta name=\"twitter:data1\" content=\"2 minutes\" \/>\r\n<script type=\"application\/ld+json\" class=\"yoast-schema-graph\">{\"@context\":\"https:\/\/schema.org\",\"@graph\":[{\"@type\":\"WebPage\",\"@id\":\"https:\/\/paracherkaoui.ma\/index.php\/produit\/isdin-isdinceutics-prevent-hyaluronic-moisture-creme-peau-normale-a-seche-50-g\/\",\"url\":\"https:\/\/paracherkaoui.ma\/index.php\/produit\/isdin-isdinceutics-prevent-hyaluronic-moisture-creme-peau-normale-a-seche-50-g\/\",\"name\":\"ISDIN ISDINCEUTICS PREVENT HYALURONIC MOISTURE CREME PEAU NORMALE A SECHE 50 G - Paracherkaoui.ma\",\"isPartOf\":{\"@id\":\"https:\/\/paracherkaoui.ma\/#website\"},\"primaryImageOfPage\":{\"@id\":\"https:\/\/paracherkaoui.ma\/index.php\/produit\/isdin-isdinceutics-prevent-hyaluronic-moisture-creme-peau-normale-a-seche-50-g\/#primaryimage\"},\"image\":{\"@id\":\"https:\/\/paracherkaoui.ma\/index.php\/produit\/isdin-isdinceutics-prevent-hyaluronic-moisture-creme-peau-normale-a-seche-50-g\/#primaryimage\"},\"thumbnailUrl\":\"https:\/\/paracherkaoui.ma\/wp-content\/uploads\/2025\/12\/isdin-isdin-isdinceutics-prevent-hyaluronic-moisture-creme-peau-normale-a-seche-50-g-cremes-jour.jpg\",\"datePublished\":\"2025-12-12T17:25:22+00:00\",\"dateModified\":\"2025-12-12T17:25:26+00:00\",\"breadcrumb\":{\"@id\":\"https:\/\/paracherkaoui.ma\/index.php\/produit\/isdin-isdinceutics-prevent-hyaluronic-moisture-creme-peau-normale-a-seche-50-g\/#breadcrumb\"},\"inLanguage\":\"fr-FR\",\"potentialAction\":[{\"@type\":\"ReadAction\",\"target\":[\"https:\/\/paracherkaoui.ma\/index.php\/produit\/isdin-isdinceutics-prevent-hyaluronic-moisture-creme-peau-normale-a-seche-50-g\/\"]}]},{\"@type\":\"ImageObject\",\"inLanguage\":\"fr-FR\",\"@id\":\"https:\/\/paracherkaoui.ma\/index.php\/produit\/isdin-isdinceutics-prevent-hyaluronic-moisture-creme-peau-normale-a-seche-50-g\/#primaryimage\",\"url\":\"https:\/\/paracherkaoui.ma\/wp-content\/uploads\/2025\/12\/isdin-isdin-isdinceutics-prevent-hyaluronic-moisture-creme-peau-normale-a-seche-50-g-cremes-jour.jpg\",\"contentUrl\":\"https:\/\/paracherkaoui.ma\/wp-content\/uploads\/2025\/12\/isdin-isdin-isdinceutics-prevent-hyaluronic-moisture-creme-peau-normale-a-seche-50-g-cremes-jour.jpg\",\"width\":700,\"height\":700},{\"@type\":\"BreadcrumbList\",\"@id\":\"https:\/\/paracherkaoui.ma\/index.php\/produit\/isdin-isdinceutics-prevent-hyaluronic-moisture-creme-peau-normale-a-seche-50-g\/#breadcrumb\",\"itemListElement\":[{\"@type\":\"ListItem\",\"position\":1,\"name\":\"Accueil\",\"item\":\"https:\/\/paracherkaoui.ma\/\"},{\"@type\":\"ListItem\",\"position\":2,\"name\":\"Boutique\",\"item\":\"https:\/\/paracherkaoui.ma\/index.php\/boutique\/\"},{\"@type\":\"ListItem\",\"position\":3,\"name\":\"ISDIN ISDINCEUTICS PREVENT HYALURONIC MOISTURE CREME PEAU NORMALE A SECHE 50 G\"}]},{\"@type\":\"WebSite\",\"@id\":\"https:\/\/paracherkaoui.ma\/#website\",\"url\":\"https:\/\/paracherkaoui.ma\/\",\"name\":\"Paracherkaoui.ma\",\"description\":\"Achetez en ligne sur Paracherkaoui.ma\",\"potentialAction\":[{\"@type\":\"SearchAction\",\"target\":{\"@type\":\"EntryPoint\",\"urlTemplate\":\"https:\/\/paracherkaoui.ma\/?s={search_term_string}\"},\"query-input\":{\"@type\":\"PropertyValueSpecification\",\"valueRequired\":true,\"valueName\":\"search_term_string\"}}],\"inLanguage\":\"fr-FR\"}]}<\/script>\r\n<!-- \/ Yoast SEO plugin. -->","yoast_head_json":{"title":"ISDIN ISDINCEUTICS PREVENT HYALURONIC MOISTURE CREME PEAU NORMALE A SECHE 50 G - Paracherkaoui.ma","robots":{"index":"index","follow":"follow","max-snippet":"max-snippet:-1","max-image-preview":"max-image-preview:large","max-video-preview":"max-video-preview:-1"},"canonical":"https:\/\/paracherkaoui.ma\/index.php\/produit\/isdin-isdinceutics-prevent-hyaluronic-moisture-creme-peau-normale-a-seche-50-g\/","og_locale":"fr_FR","og_type":"article","og_title":"ISDIN ISDINCEUTICS PREVENT HYALURONIC MOISTURE CREME PEAU NORMALE A SECHE 50 G - Paracherkaoui.ma","og_description":"D\u00e9couvrez la puissance d&rsquo;une hydratation optimale avec la cr\u00e8me ISDIN ISDINCEUTICS Prevent Hyaluronic Moisture. Sp\u00e9cialement formul\u00e9e pour les peaux normales","og_url":"https:\/\/paracherkaoui.ma\/index.php\/produit\/isdin-isdinceutics-prevent-hyaluronic-moisture-creme-peau-normale-a-seche-50-g\/","og_site_name":"Paracherkaoui.ma","article_modified_time":"2025-12-12T17:25:26+00:00","og_image":[{"width":700,"height":700,"url":"https:\/\/paracherkaoui.ma\/wp-content\/uploads\/2025\/12\/isdin-isdin-isdinceutics-prevent-hyaluronic-moisture-creme-peau-normale-a-seche-50-g-cremes-jour.jpg","type":"image\/jpeg"}],"twitter_card":"summary_large_image","twitter_misc":{"Dur\u00e9e de lecture estim\u00e9e":"2 minutes"},"schema":{"@context":"https:\/\/schema.org","@graph":[{"@type":"WebPage","@id":"https:\/\/paracherkaoui.ma\/index.php\/produit\/isdin-isdinceutics-prevent-hyaluronic-moisture-creme-peau-normale-a-seche-50-g\/","url":"https:\/\/paracherkaoui.ma\/index.php\/produit\/isdin-isdinceutics-prevent-hyaluronic-moisture-creme-peau-normale-a-seche-50-g\/","name":"ISDIN ISDINCEUTICS PREVENT HYALURONIC MOISTURE CREME PEAU NORMALE A SECHE 50 G - Paracherkaoui.ma","isPartOf":{"@id":"https:\/\/paracherkaoui.ma\/#website"},"primaryImageOfPage":{"@id":"https:\/\/paracherkaoui.ma\/index.php\/produit\/isdin-isdinceutics-prevent-hyaluronic-moisture-creme-peau-normale-a-seche-50-g\/#primaryimage"},"image":{"@id":"https:\/\/paracherkaoui.ma\/index.php\/produit\/isdin-isdinceutics-prevent-hyaluronic-moisture-creme-peau-normale-a-seche-50-g\/#primaryimage"},"thumbnailUrl":"https:\/\/paracherkaoui.ma\/wp-content\/uploads\/2025\/12\/isdin-isdin-isdinceutics-prevent-hyaluronic-moisture-creme-peau-normale-a-seche-50-g-cremes-jour.jpg","datePublished":"2025-12-12T17:25:22+00:00","dateModified":"2025-12-12T17:25:26+00:00","breadcrumb":{"@id":"https:\/\/paracherkaoui.ma\/index.php\/produit\/isdin-isdinceutics-prevent-hyaluronic-moisture-creme-peau-normale-a-seche-50-g\/#breadcrumb"},"inLanguage":"fr-FR","potentialAction":[{"@type":"ReadAction","target":["https:\/\/paracherkaoui.ma\/index.php\/produit\/isdin-isdinceutics-prevent-hyaluronic-moisture-creme-peau-normale-a-seche-50-g\/"]}]},{"@type":"ImageObject","inLanguage":"fr-FR","@id":"https:\/\/paracherkaoui.ma\/index.php\/produit\/isdin-isdinceutics-prevent-hyaluronic-moisture-creme-peau-normale-a-seche-50-g\/#primaryimage","url":"https:\/\/paracherkaoui.ma\/wp-content\/uploads\/2025\/12\/isdin-isdin-isdinceutics-prevent-hyaluronic-moisture-creme-peau-normale-a-seche-50-g-cremes-jour.jpg","contentUrl":"https:\/\/paracherkaoui.ma\/wp-content\/uploads\/2025\/12\/isdin-isdin-isdinceutics-prevent-hyaluronic-moisture-creme-peau-normale-a-seche-50-g-cremes-jour.jpg","width":700,"height":700},{"@type":"BreadcrumbList","@id":"https:\/\/paracherkaoui.ma\/index.php\/produit\/isdin-isdinceutics-prevent-hyaluronic-moisture-creme-peau-normale-a-seche-50-g\/#breadcrumb","itemListElement":[{"@type":"ListItem","position":1,"name":"Accueil","item":"https:\/\/paracherkaoui.ma\/"},{"@type":"ListItem","position":2,"name":"Boutique","item":"https:\/\/paracherkaoui.ma\/index.php\/boutique\/"},{"@type":"ListItem","position":3,"name":"ISDIN ISDINCEUTICS PREVENT HYALURONIC MOISTURE CREME PEAU NORMALE A SECHE 50 G"}]},{"@type":"WebSite","@id":"https:\/\/paracherkaoui.ma\/#website","url":"https:\/\/paracherkaoui.ma\/","name":"Paracherkaoui.ma","description":"Achetez en ligne sur Paracherkaoui.ma","potentialAction":[{"@type":"SearchAction","target":{"@type":"EntryPoint","urlTemplate":"https:\/\/paracherkaoui.ma\/?s={search_term_string}"},"query-input":{"@type":"PropertyValueSpecification","valueRequired":true,"valueName":"search_term_string"}}],"inLanguage":"fr-FR"}]}},"_links":{"self":[{"href":"https:\/\/paracherkaoui.ma\/index.php\/wp-json\/wp\/v2\/product\/26678","targetHints":{"allow":["GET"]}}],"collection":[{"href":"https:\/\/paracherkaoui.ma\/index.php\/wp-json\/wp\/v2\/product"}],"about":[{"href":"https:\/\/paracherkaoui.ma\/index.php\/wp-json\/wp\/v2\/types\/product"}],"replies":[{"embeddable":true,"href":"https:\/\/paracherkaoui.ma\/index.php\/wp-json\/wp\/v2\/comments?post=26678"}],"version-history":[{"count":1,"href":"https:\/\/paracherkaoui.ma\/index.php\/wp-json\/wp\/v2\/product\/26678\/revisions"}],"predecessor-version":[{"id":26721,"href":"https:\/\/paracherkaoui.ma\/index.php\/wp-json\/wp\/v2\/product\/26678\/revisions\/26721"}],"wp:featuredmedia":[{"embeddable":true,"href":"https:\/\/paracherkaoui.ma\/index.php\/wp-json\/wp\/v2\/media\/26720"}],"wp:attachment":[{"href":"https:\/\/paracherkaoui.ma\/index.php\/wp-json\/wp\/v2\/media?parent=26678"}],"wp:term":[{"taxonomy":"product_brand","embeddable":true,"href":"https:\/\/paracherkaoui.ma\/index.php\/wp-json\/wp\/v2\/product_brand?post=26678"},{"taxonomy":"product_cat","embeddable":true,"href":"https:\/\/paracherkaoui.ma\/index.php\/wp-json\/wp\/v2\/product_cat?post=26678"},{"taxonomy":"product_tag","embeddable":true,"href":"https:\/\/paracherkaoui.ma\/index.php\/wp-json\/wp\/v2\/product_tag?post=26678"}],"curies":[{"name":"wp","href":"https:\/\/api.w.org\/{rel}","templated":true}]}}