{"id":26670,"date":"2025-12-12T18:25:21","date_gmt":"2025-12-12T17:25:21","guid":{"rendered":"https:\/\/test.ecbeaute.com\/?post_type=product&#038;p=26670"},"modified":"2025-12-12T18:25:24","modified_gmt":"2025-12-12T17:25:24","slug":"caudalie-vinohydra-creme-sorbet-hydratante-60-ml","status":"publish","type":"product","link":"https:\/\/paracherkaoui.ma\/index.php\/produit\/caudalie-vinohydra-creme-sorbet-hydratante-60-ml\/","title":{"rendered":"CAUDALIE VINOHYDRA CREME SORBET HYDRATANTE 60 ML"},"content":{"rendered":"<p>Offrez \u00e0 votre peau une exp\u00e9rience de fra\u00eecheur et d\u2019hydratation intense avec la Cr\u00e8me Sorbet Hydratante VinoHydra. Con\u00e7ue sp\u00e9cialement pour les peaux normales \u00e0 sensibles, cette cr\u00e8me unique apaise et nourrit instantan\u00e9ment, laissant votre peau douce et revitalis\u00e9e.<br \/>\nUne Hydratation Profonde pour les Peaux Fragilis\u00e9es<br \/>\nLa Cr\u00e8me Sorbet Hydratante VinoHydra est formul\u00e9e pour r\u00e9pondre aux besoins des peaux fragilis\u00e9es et sensibles. Enrichie en actifs hydratants, elle p\u00e9n\u00e8tre rapidement pour apaiser la peau et r\u00e9duire les rougeurs d\u00e8s la premi\u00e8re application. Sa formule douce aide \u00e0 restaurer la barri\u00e8re cutan\u00e9e, offrant une protection durable contre les agressions ext\u00e9rieures.<br \/>\nTexture Sorbet Ultra-L\u00e9g\u00e8re<br \/>\nSa texture fra\u00eeche et l\u00e9g\u00e8re comme un sorbet fond instantan\u00e9ment sur la peau, procurant une sensation de confort et de bien-\u00eatre imm\u00e9diat. Id\u00e9ale pour les peaux normales, m\u00eame les plus sensibles, elle ne laisse aucun film gras et permet une absorption rapide, parfaite pour une utilisation quotidienne.<br \/>\nApaisement et R\u00e9duction des Rougeurs<br \/>\nLa Cr\u00e8me Sorbet Hydratante VinoHydra contient des ingr\u00e9dients apaisants qui diminuent la sensibilit\u00e9 cutan\u00e9e et r\u00e9duisent visiblement les rougeurs. Votre peau est imm\u00e9diatement calm\u00e9e, retrouvant son \u00e9quilibre et son \u00e9clat naturel.<br \/>\nComposition :<br \/>\nglycerin, butyrospermum parkii (shea) butter extract, hexyldecanol, hexyldecyl laurate, palmitoyl grape seed extract, behenyl alcohol, glyceryl stearate,<br \/>\nacrylates\/c10-30 alkyl acrylate crosspolymer, rythritol, lecithin, mannitol, tocopherol, caprylyl glycol, helianthus annuus (sunflower) seed oil, anthan gum, sodium benzoate, vitis vinifera (grape) juice, glycine soja (soybean) sterols, butylene glycol, chamomilla recutita (matricaria) flower extract, sodium hydroxide, citric acid, sodium carboxymethyl beta-glucan, sodium citrate, sodium phytate, potassium sorbate, biosaccharide gum-1, sodium hyaluronate, sodium levulinate, glyceryl caprylate, homarine hcl, sodium anisate, alcohol, acetyl tetrapeptide-15, parfum (fragrance).(098\/131)<br \/>\nConseils d&rsquo;utilisation :<br \/>\nPour encore plus de fra\u00eecheur, placer la Cr\u00e8me Sorbet Hydratante au r\u00e9frig\u00e9rateur avant application, et appliquer matin et soir<\/p>\n","protected":false},"excerpt":{"rendered":"<p>Offrez \u00e0 votre peau une exp\u00e9rience de fra\u00eecheur et d\u2019hydratation intense avec la Cr\u00e8me Sorbet Hydratante VinoHydra. Con\u00e7ue sp\u00e9cialement pour<\/p>\n","protected":false},"featured_media":26706,"comment_status":"open","ping_status":"closed","template":"","meta":[],"product_brand":[358],"product_cat":[525],"product_tag":[],"class_list":{"0":"post-26670","1":"product","2":"type-product","3":"status-publish","4":"has-post-thumbnail","6":"product_brand-caudalie","7":"product_cat-cremes-jour","9":"first","10":"instock","11":"shipping-taxable","12":"purchasable","13":"product-type-simple"},"yoast_head":"<!-- This site is optimized with the Yoast SEO plugin v26.6 - https:\/\/yoast.com\/wordpress\/plugins\/seo\/ -->\r\n<title>CAUDALIE VINOHYDRA CREME SORBET HYDRATANTE 60 ML - Paracherkaoui.ma<\/title>\r\n<meta name=\"robots\" content=\"index, follow, max-snippet:-1, max-image-preview:large, max-video-preview:-1\" \/>\r\n<link rel=\"canonical\" href=\"https:\/\/paracherkaoui.ma\/index.php\/produit\/caudalie-vinohydra-creme-sorbet-hydratante-60-ml\/\" \/>\r\n<meta property=\"og:locale\" content=\"fr_FR\" \/>\r\n<meta property=\"og:type\" content=\"article\" \/>\r\n<meta property=\"og:title\" content=\"CAUDALIE VINOHYDRA CREME SORBET HYDRATANTE 60 ML - Paracherkaoui.ma\" \/>\r\n<meta property=\"og:description\" content=\"Offrez \u00e0 votre peau une exp\u00e9rience de fra\u00eecheur et d\u2019hydratation intense avec la Cr\u00e8me Sorbet Hydratante VinoHydra. Con\u00e7ue sp\u00e9cialement pour\" \/>\r\n<meta property=\"og:url\" content=\"https:\/\/paracherkaoui.ma\/index.php\/produit\/caudalie-vinohydra-creme-sorbet-hydratante-60-ml\/\" \/>\r\n<meta property=\"og:site_name\" content=\"Paracherkaoui.ma\" \/>\r\n<meta property=\"article:modified_time\" content=\"2025-12-12T17:25:24+00:00\" \/>\r\n<meta property=\"og:image\" content=\"https:\/\/paracherkaoui.ma\/wp-content\/uploads\/2025\/12\/caudalie-vinohydra-creme-sorbet-hydratante-60-ml.jpg\" \/>\r\n\t<meta property=\"og:image:width\" content=\"700\" \/>\r\n\t<meta property=\"og:image:height\" content=\"700\" \/>\r\n\t<meta property=\"og:image:type\" content=\"image\/jpeg\" \/>\r\n<meta name=\"twitter:card\" content=\"summary_large_image\" \/>\r\n<meta name=\"twitter:label1\" content=\"Dur\u00e9e de lecture estim\u00e9e\" \/>\n\t<meta name=\"twitter:data1\" content=\"2 minutes\" \/>\r\n<script type=\"application\/ld+json\" class=\"yoast-schema-graph\">{\"@context\":\"https:\/\/schema.org\",\"@graph\":[{\"@type\":\"WebPage\",\"@id\":\"https:\/\/paracherkaoui.ma\/index.php\/produit\/caudalie-vinohydra-creme-sorbet-hydratante-60-ml\/\",\"url\":\"https:\/\/paracherkaoui.ma\/index.php\/produit\/caudalie-vinohydra-creme-sorbet-hydratante-60-ml\/\",\"name\":\"CAUDALIE VINOHYDRA CREME SORBET HYDRATANTE 60 ML - Paracherkaoui.ma\",\"isPartOf\":{\"@id\":\"https:\/\/paracherkaoui.ma\/#website\"},\"primaryImageOfPage\":{\"@id\":\"https:\/\/paracherkaoui.ma\/index.php\/produit\/caudalie-vinohydra-creme-sorbet-hydratante-60-ml\/#primaryimage\"},\"image\":{\"@id\":\"https:\/\/paracherkaoui.ma\/index.php\/produit\/caudalie-vinohydra-creme-sorbet-hydratante-60-ml\/#primaryimage\"},\"thumbnailUrl\":\"https:\/\/paracherkaoui.ma\/wp-content\/uploads\/2025\/12\/caudalie-vinohydra-creme-sorbet-hydratante-60-ml.jpg\",\"datePublished\":\"2025-12-12T17:25:21+00:00\",\"dateModified\":\"2025-12-12T17:25:24+00:00\",\"breadcrumb\":{\"@id\":\"https:\/\/paracherkaoui.ma\/index.php\/produit\/caudalie-vinohydra-creme-sorbet-hydratante-60-ml\/#breadcrumb\"},\"inLanguage\":\"fr-FR\",\"potentialAction\":[{\"@type\":\"ReadAction\",\"target\":[\"https:\/\/paracherkaoui.ma\/index.php\/produit\/caudalie-vinohydra-creme-sorbet-hydratante-60-ml\/\"]}]},{\"@type\":\"ImageObject\",\"inLanguage\":\"fr-FR\",\"@id\":\"https:\/\/paracherkaoui.ma\/index.php\/produit\/caudalie-vinohydra-creme-sorbet-hydratante-60-ml\/#primaryimage\",\"url\":\"https:\/\/paracherkaoui.ma\/wp-content\/uploads\/2025\/12\/caudalie-vinohydra-creme-sorbet-hydratante-60-ml.jpg\",\"contentUrl\":\"https:\/\/paracherkaoui.ma\/wp-content\/uploads\/2025\/12\/caudalie-vinohydra-creme-sorbet-hydratante-60-ml.jpg\",\"width\":700,\"height\":700},{\"@type\":\"BreadcrumbList\",\"@id\":\"https:\/\/paracherkaoui.ma\/index.php\/produit\/caudalie-vinohydra-creme-sorbet-hydratante-60-ml\/#breadcrumb\",\"itemListElement\":[{\"@type\":\"ListItem\",\"position\":1,\"name\":\"Accueil\",\"item\":\"https:\/\/paracherkaoui.ma\/\"},{\"@type\":\"ListItem\",\"position\":2,\"name\":\"Boutique\",\"item\":\"https:\/\/paracherkaoui.ma\/index.php\/boutique\/\"},{\"@type\":\"ListItem\",\"position\":3,\"name\":\"CAUDALIE VINOHYDRA CREME SORBET HYDRATANTE 60 ML\"}]},{\"@type\":\"WebSite\",\"@id\":\"https:\/\/paracherkaoui.ma\/#website\",\"url\":\"https:\/\/paracherkaoui.ma\/\",\"name\":\"Paracherkaoui.ma\",\"description\":\"Achetez en ligne sur Paracherkaoui.ma\",\"potentialAction\":[{\"@type\":\"SearchAction\",\"target\":{\"@type\":\"EntryPoint\",\"urlTemplate\":\"https:\/\/paracherkaoui.ma\/?s={search_term_string}\"},\"query-input\":{\"@type\":\"PropertyValueSpecification\",\"valueRequired\":true,\"valueName\":\"search_term_string\"}}],\"inLanguage\":\"fr-FR\"}]}<\/script>\r\n<!-- \/ Yoast SEO plugin. -->","yoast_head_json":{"title":"CAUDALIE VINOHYDRA CREME SORBET HYDRATANTE 60 ML - Paracherkaoui.ma","robots":{"index":"index","follow":"follow","max-snippet":"max-snippet:-1","max-image-preview":"max-image-preview:large","max-video-preview":"max-video-preview:-1"},"canonical":"https:\/\/paracherkaoui.ma\/index.php\/produit\/caudalie-vinohydra-creme-sorbet-hydratante-60-ml\/","og_locale":"fr_FR","og_type":"article","og_title":"CAUDALIE VINOHYDRA CREME SORBET HYDRATANTE 60 ML - Paracherkaoui.ma","og_description":"Offrez \u00e0 votre peau une exp\u00e9rience de fra\u00eecheur et d\u2019hydratation intense avec la Cr\u00e8me Sorbet Hydratante VinoHydra. Con\u00e7ue sp\u00e9cialement pour","og_url":"https:\/\/paracherkaoui.ma\/index.php\/produit\/caudalie-vinohydra-creme-sorbet-hydratante-60-ml\/","og_site_name":"Paracherkaoui.ma","article_modified_time":"2025-12-12T17:25:24+00:00","og_image":[{"width":700,"height":700,"url":"https:\/\/paracherkaoui.ma\/wp-content\/uploads\/2025\/12\/caudalie-vinohydra-creme-sorbet-hydratante-60-ml.jpg","type":"image\/jpeg"}],"twitter_card":"summary_large_image","twitter_misc":{"Dur\u00e9e de lecture estim\u00e9e":"2 minutes"},"schema":{"@context":"https:\/\/schema.org","@graph":[{"@type":"WebPage","@id":"https:\/\/paracherkaoui.ma\/index.php\/produit\/caudalie-vinohydra-creme-sorbet-hydratante-60-ml\/","url":"https:\/\/paracherkaoui.ma\/index.php\/produit\/caudalie-vinohydra-creme-sorbet-hydratante-60-ml\/","name":"CAUDALIE VINOHYDRA CREME SORBET HYDRATANTE 60 ML - Paracherkaoui.ma","isPartOf":{"@id":"https:\/\/paracherkaoui.ma\/#website"},"primaryImageOfPage":{"@id":"https:\/\/paracherkaoui.ma\/index.php\/produit\/caudalie-vinohydra-creme-sorbet-hydratante-60-ml\/#primaryimage"},"image":{"@id":"https:\/\/paracherkaoui.ma\/index.php\/produit\/caudalie-vinohydra-creme-sorbet-hydratante-60-ml\/#primaryimage"},"thumbnailUrl":"https:\/\/paracherkaoui.ma\/wp-content\/uploads\/2025\/12\/caudalie-vinohydra-creme-sorbet-hydratante-60-ml.jpg","datePublished":"2025-12-12T17:25:21+00:00","dateModified":"2025-12-12T17:25:24+00:00","breadcrumb":{"@id":"https:\/\/paracherkaoui.ma\/index.php\/produit\/caudalie-vinohydra-creme-sorbet-hydratante-60-ml\/#breadcrumb"},"inLanguage":"fr-FR","potentialAction":[{"@type":"ReadAction","target":["https:\/\/paracherkaoui.ma\/index.php\/produit\/caudalie-vinohydra-creme-sorbet-hydratante-60-ml\/"]}]},{"@type":"ImageObject","inLanguage":"fr-FR","@id":"https:\/\/paracherkaoui.ma\/index.php\/produit\/caudalie-vinohydra-creme-sorbet-hydratante-60-ml\/#primaryimage","url":"https:\/\/paracherkaoui.ma\/wp-content\/uploads\/2025\/12\/caudalie-vinohydra-creme-sorbet-hydratante-60-ml.jpg","contentUrl":"https:\/\/paracherkaoui.ma\/wp-content\/uploads\/2025\/12\/caudalie-vinohydra-creme-sorbet-hydratante-60-ml.jpg","width":700,"height":700},{"@type":"BreadcrumbList","@id":"https:\/\/paracherkaoui.ma\/index.php\/produit\/caudalie-vinohydra-creme-sorbet-hydratante-60-ml\/#breadcrumb","itemListElement":[{"@type":"ListItem","position":1,"name":"Accueil","item":"https:\/\/paracherkaoui.ma\/"},{"@type":"ListItem","position":2,"name":"Boutique","item":"https:\/\/paracherkaoui.ma\/index.php\/boutique\/"},{"@type":"ListItem","position":3,"name":"CAUDALIE VINOHYDRA CREME SORBET HYDRATANTE 60 ML"}]},{"@type":"WebSite","@id":"https:\/\/paracherkaoui.ma\/#website","url":"https:\/\/paracherkaoui.ma\/","name":"Paracherkaoui.ma","description":"Achetez en ligne sur Paracherkaoui.ma","potentialAction":[{"@type":"SearchAction","target":{"@type":"EntryPoint","urlTemplate":"https:\/\/paracherkaoui.ma\/?s={search_term_string}"},"query-input":{"@type":"PropertyValueSpecification","valueRequired":true,"valueName":"search_term_string"}}],"inLanguage":"fr-FR"}]}},"_links":{"self":[{"href":"https:\/\/paracherkaoui.ma\/index.php\/wp-json\/wp\/v2\/product\/26670","targetHints":{"allow":["GET"]}}],"collection":[{"href":"https:\/\/paracherkaoui.ma\/index.php\/wp-json\/wp\/v2\/product"}],"about":[{"href":"https:\/\/paracherkaoui.ma\/index.php\/wp-json\/wp\/v2\/types\/product"}],"replies":[{"embeddable":true,"href":"https:\/\/paracherkaoui.ma\/index.php\/wp-json\/wp\/v2\/comments?post=26670"}],"version-history":[{"count":1,"href":"https:\/\/paracherkaoui.ma\/index.php\/wp-json\/wp\/v2\/product\/26670\/revisions"}],"predecessor-version":[{"id":26707,"href":"https:\/\/paracherkaoui.ma\/index.php\/wp-json\/wp\/v2\/product\/26670\/revisions\/26707"}],"wp:featuredmedia":[{"embeddable":true,"href":"https:\/\/paracherkaoui.ma\/index.php\/wp-json\/wp\/v2\/media\/26706"}],"wp:attachment":[{"href":"https:\/\/paracherkaoui.ma\/index.php\/wp-json\/wp\/v2\/media?parent=26670"}],"wp:term":[{"taxonomy":"product_brand","embeddable":true,"href":"https:\/\/paracherkaoui.ma\/index.php\/wp-json\/wp\/v2\/product_brand?post=26670"},{"taxonomy":"product_cat","embeddable":true,"href":"https:\/\/paracherkaoui.ma\/index.php\/wp-json\/wp\/v2\/product_cat?post=26670"},{"taxonomy":"product_tag","embeddable":true,"href":"https:\/\/paracherkaoui.ma\/index.php\/wp-json\/wp\/v2\/product_tag?post=26670"}],"curies":[{"name":"wp","href":"https:\/\/api.w.org\/{rel}","templated":true}]}}