{"id":26660,"date":"2025-12-12T18:25:20","date_gmt":"2025-12-12T17:25:20","guid":{"rendered":"https:\/\/test.ecbeaute.com\/?post_type=product&#038;p=26660"},"modified":"2025-12-12T18:25:23","modified_gmt":"2025-12-12T17:25:23","slug":"new-derm-creme-hydra-s-sensible-peaux-normales-a-seches-50-ml","status":"publish","type":"product","link":"https:\/\/paracherkaoui.ma\/index.php\/produit\/new-derm-creme-hydra-s-sensible-peaux-normales-a-seches-50-ml\/","title":{"rendered":"NEW DERM CREME HYDRA S SENSIBLE PEAUX NORMALES A SECHES 50 ML"},"content":{"rendered":"<p>Sa formule apaisante \u00e0 la texture onctueuse offre une hydratation intense sans laisser de r\u00e9sidus gras ni collants, procurant ainsi un confort optimal tout au long de la journ\u00e9e. En plus de ses propri\u00e9t\u00e9s hydratantes, cette cr\u00e8me agit comme une base parfaite pour le maquillage, assurant une tenue impeccable et un teint \u00e9clatant.<br \/>\nOffrez \u00e0 votre peau le soin qu&rsquo;elle m\u00e9rite avec NEWDERM CREME HYDRA S SENSIBLE et red\u00e9couvrez une peau douce, souple et lumineuse. N&rsquo;attendez plus pour profiter des bienfaits de cette cr\u00e8me hydratante exceptionnelle !<br \/>\nCONSEIL D\u2019UTILISATION<br \/>\nUtilisez le produit le matin et le soir sur le visage et le cou, en prenant soin d&rsquo;\u00e9viter tout contact avec les yeux.<\/p>\n","protected":false},"excerpt":{"rendered":"<p>Sa formule apaisante \u00e0 la texture onctueuse offre une hydratation intense sans laisser de r\u00e9sidus gras ni collants, procurant ainsi<\/p>\n","protected":false},"featured_media":26692,"comment_status":"open","ping_status":"closed","template":"","meta":[],"product_brand":[394],"product_cat":[525],"product_tag":[],"class_list":{"0":"post-26660","1":"product","2":"type-product","3":"status-publish","4":"has-post-thumbnail","6":"product_brand-new-derm","7":"product_cat-cremes-jour","9":"first","10":"instock","11":"sale","12":"shipping-taxable","13":"purchasable","14":"product-type-simple"},"yoast_head":"<!-- This site is optimized with the Yoast SEO plugin v26.6 - https:\/\/yoast.com\/wordpress\/plugins\/seo\/ -->\r\n<title>NEW DERM CREME HYDRA S SENSIBLE PEAUX NORMALES A SECHES 50 ML - Paracherkaoui.ma<\/title>\r\n<meta name=\"robots\" content=\"index, follow, max-snippet:-1, max-image-preview:large, max-video-preview:-1\" \/>\r\n<link rel=\"canonical\" href=\"https:\/\/paracherkaoui.ma\/index.php\/produit\/new-derm-creme-hydra-s-sensible-peaux-normales-a-seches-50-ml\/\" \/>\r\n<meta property=\"og:locale\" content=\"fr_FR\" \/>\r\n<meta property=\"og:type\" content=\"article\" \/>\r\n<meta property=\"og:title\" content=\"NEW DERM CREME HYDRA S SENSIBLE PEAUX NORMALES A SECHES 50 ML - Paracherkaoui.ma\" \/>\r\n<meta property=\"og:description\" content=\"Sa formule apaisante \u00e0 la texture onctueuse offre une hydratation intense sans laisser de r\u00e9sidus gras ni collants, procurant ainsi\" \/>\r\n<meta property=\"og:url\" content=\"https:\/\/paracherkaoui.ma\/index.php\/produit\/new-derm-creme-hydra-s-sensible-peaux-normales-a-seches-50-ml\/\" \/>\r\n<meta property=\"og:site_name\" content=\"Paracherkaoui.ma\" \/>\r\n<meta property=\"article:modified_time\" content=\"2025-12-12T17:25:23+00:00\" \/>\r\n<meta property=\"og:image\" content=\"https:\/\/paracherkaoui.ma\/wp-content\/uploads\/2025\/12\/new-derm-new-derm-creme-hydra-s-sensible-peaux-normales-a-seches-50-ml-soins-hydratants.jpg\" \/>\r\n\t<meta property=\"og:image:width\" content=\"700\" \/>\r\n\t<meta property=\"og:image:height\" content=\"700\" \/>\r\n\t<meta property=\"og:image:type\" content=\"image\/jpeg\" \/>\r\n<meta name=\"twitter:card\" content=\"summary_large_image\" \/>\r\n<meta name=\"twitter:label1\" content=\"Dur\u00e9e de lecture estim\u00e9e\" \/>\n\t<meta name=\"twitter:data1\" content=\"1 minute\" \/>\r\n<script type=\"application\/ld+json\" class=\"yoast-schema-graph\">{\"@context\":\"https:\/\/schema.org\",\"@graph\":[{\"@type\":\"WebPage\",\"@id\":\"https:\/\/paracherkaoui.ma\/index.php\/produit\/new-derm-creme-hydra-s-sensible-peaux-normales-a-seches-50-ml\/\",\"url\":\"https:\/\/paracherkaoui.ma\/index.php\/produit\/new-derm-creme-hydra-s-sensible-peaux-normales-a-seches-50-ml\/\",\"name\":\"NEW DERM CREME HYDRA S SENSIBLE PEAUX NORMALES A SECHES 50 ML - Paracherkaoui.ma\",\"isPartOf\":{\"@id\":\"https:\/\/paracherkaoui.ma\/#website\"},\"primaryImageOfPage\":{\"@id\":\"https:\/\/paracherkaoui.ma\/index.php\/produit\/new-derm-creme-hydra-s-sensible-peaux-normales-a-seches-50-ml\/#primaryimage\"},\"image\":{\"@id\":\"https:\/\/paracherkaoui.ma\/index.php\/produit\/new-derm-creme-hydra-s-sensible-peaux-normales-a-seches-50-ml\/#primaryimage\"},\"thumbnailUrl\":\"https:\/\/paracherkaoui.ma\/wp-content\/uploads\/2025\/12\/new-derm-new-derm-creme-hydra-s-sensible-peaux-normales-a-seches-50-ml-soins-hydratants.jpg\",\"datePublished\":\"2025-12-12T17:25:20+00:00\",\"dateModified\":\"2025-12-12T17:25:23+00:00\",\"breadcrumb\":{\"@id\":\"https:\/\/paracherkaoui.ma\/index.php\/produit\/new-derm-creme-hydra-s-sensible-peaux-normales-a-seches-50-ml\/#breadcrumb\"},\"inLanguage\":\"fr-FR\",\"potentialAction\":[{\"@type\":\"ReadAction\",\"target\":[\"https:\/\/paracherkaoui.ma\/index.php\/produit\/new-derm-creme-hydra-s-sensible-peaux-normales-a-seches-50-ml\/\"]}]},{\"@type\":\"ImageObject\",\"inLanguage\":\"fr-FR\",\"@id\":\"https:\/\/paracherkaoui.ma\/index.php\/produit\/new-derm-creme-hydra-s-sensible-peaux-normales-a-seches-50-ml\/#primaryimage\",\"url\":\"https:\/\/paracherkaoui.ma\/wp-content\/uploads\/2025\/12\/new-derm-new-derm-creme-hydra-s-sensible-peaux-normales-a-seches-50-ml-soins-hydratants.jpg\",\"contentUrl\":\"https:\/\/paracherkaoui.ma\/wp-content\/uploads\/2025\/12\/new-derm-new-derm-creme-hydra-s-sensible-peaux-normales-a-seches-50-ml-soins-hydratants.jpg\",\"width\":700,\"height\":700},{\"@type\":\"BreadcrumbList\",\"@id\":\"https:\/\/paracherkaoui.ma\/index.php\/produit\/new-derm-creme-hydra-s-sensible-peaux-normales-a-seches-50-ml\/#breadcrumb\",\"itemListElement\":[{\"@type\":\"ListItem\",\"position\":1,\"name\":\"Accueil\",\"item\":\"https:\/\/paracherkaoui.ma\/\"},{\"@type\":\"ListItem\",\"position\":2,\"name\":\"Boutique\",\"item\":\"https:\/\/paracherkaoui.ma\/index.php\/boutique\/\"},{\"@type\":\"ListItem\",\"position\":3,\"name\":\"NEW DERM CREME HYDRA S SENSIBLE PEAUX NORMALES A SECHES 50 ML\"}]},{\"@type\":\"WebSite\",\"@id\":\"https:\/\/paracherkaoui.ma\/#website\",\"url\":\"https:\/\/paracherkaoui.ma\/\",\"name\":\"Paracherkaoui.ma\",\"description\":\"Achetez en ligne sur Paracherkaoui.ma\",\"potentialAction\":[{\"@type\":\"SearchAction\",\"target\":{\"@type\":\"EntryPoint\",\"urlTemplate\":\"https:\/\/paracherkaoui.ma\/?s={search_term_string}\"},\"query-input\":{\"@type\":\"PropertyValueSpecification\",\"valueRequired\":true,\"valueName\":\"search_term_string\"}}],\"inLanguage\":\"fr-FR\"}]}<\/script>\r\n<!-- \/ Yoast SEO plugin. -->","yoast_head_json":{"title":"NEW DERM CREME HYDRA S SENSIBLE PEAUX NORMALES A SECHES 50 ML - Paracherkaoui.ma","robots":{"index":"index","follow":"follow","max-snippet":"max-snippet:-1","max-image-preview":"max-image-preview:large","max-video-preview":"max-video-preview:-1"},"canonical":"https:\/\/paracherkaoui.ma\/index.php\/produit\/new-derm-creme-hydra-s-sensible-peaux-normales-a-seches-50-ml\/","og_locale":"fr_FR","og_type":"article","og_title":"NEW DERM CREME HYDRA S SENSIBLE PEAUX NORMALES A SECHES 50 ML - Paracherkaoui.ma","og_description":"Sa formule apaisante \u00e0 la texture onctueuse offre une hydratation intense sans laisser de r\u00e9sidus gras ni collants, procurant ainsi","og_url":"https:\/\/paracherkaoui.ma\/index.php\/produit\/new-derm-creme-hydra-s-sensible-peaux-normales-a-seches-50-ml\/","og_site_name":"Paracherkaoui.ma","article_modified_time":"2025-12-12T17:25:23+00:00","og_image":[{"width":700,"height":700,"url":"https:\/\/paracherkaoui.ma\/wp-content\/uploads\/2025\/12\/new-derm-new-derm-creme-hydra-s-sensible-peaux-normales-a-seches-50-ml-soins-hydratants.jpg","type":"image\/jpeg"}],"twitter_card":"summary_large_image","twitter_misc":{"Dur\u00e9e de lecture estim\u00e9e":"1 minute"},"schema":{"@context":"https:\/\/schema.org","@graph":[{"@type":"WebPage","@id":"https:\/\/paracherkaoui.ma\/index.php\/produit\/new-derm-creme-hydra-s-sensible-peaux-normales-a-seches-50-ml\/","url":"https:\/\/paracherkaoui.ma\/index.php\/produit\/new-derm-creme-hydra-s-sensible-peaux-normales-a-seches-50-ml\/","name":"NEW DERM CREME HYDRA S SENSIBLE PEAUX NORMALES A SECHES 50 ML - Paracherkaoui.ma","isPartOf":{"@id":"https:\/\/paracherkaoui.ma\/#website"},"primaryImageOfPage":{"@id":"https:\/\/paracherkaoui.ma\/index.php\/produit\/new-derm-creme-hydra-s-sensible-peaux-normales-a-seches-50-ml\/#primaryimage"},"image":{"@id":"https:\/\/paracherkaoui.ma\/index.php\/produit\/new-derm-creme-hydra-s-sensible-peaux-normales-a-seches-50-ml\/#primaryimage"},"thumbnailUrl":"https:\/\/paracherkaoui.ma\/wp-content\/uploads\/2025\/12\/new-derm-new-derm-creme-hydra-s-sensible-peaux-normales-a-seches-50-ml-soins-hydratants.jpg","datePublished":"2025-12-12T17:25:20+00:00","dateModified":"2025-12-12T17:25:23+00:00","breadcrumb":{"@id":"https:\/\/paracherkaoui.ma\/index.php\/produit\/new-derm-creme-hydra-s-sensible-peaux-normales-a-seches-50-ml\/#breadcrumb"},"inLanguage":"fr-FR","potentialAction":[{"@type":"ReadAction","target":["https:\/\/paracherkaoui.ma\/index.php\/produit\/new-derm-creme-hydra-s-sensible-peaux-normales-a-seches-50-ml\/"]}]},{"@type":"ImageObject","inLanguage":"fr-FR","@id":"https:\/\/paracherkaoui.ma\/index.php\/produit\/new-derm-creme-hydra-s-sensible-peaux-normales-a-seches-50-ml\/#primaryimage","url":"https:\/\/paracherkaoui.ma\/wp-content\/uploads\/2025\/12\/new-derm-new-derm-creme-hydra-s-sensible-peaux-normales-a-seches-50-ml-soins-hydratants.jpg","contentUrl":"https:\/\/paracherkaoui.ma\/wp-content\/uploads\/2025\/12\/new-derm-new-derm-creme-hydra-s-sensible-peaux-normales-a-seches-50-ml-soins-hydratants.jpg","width":700,"height":700},{"@type":"BreadcrumbList","@id":"https:\/\/paracherkaoui.ma\/index.php\/produit\/new-derm-creme-hydra-s-sensible-peaux-normales-a-seches-50-ml\/#breadcrumb","itemListElement":[{"@type":"ListItem","position":1,"name":"Accueil","item":"https:\/\/paracherkaoui.ma\/"},{"@type":"ListItem","position":2,"name":"Boutique","item":"https:\/\/paracherkaoui.ma\/index.php\/boutique\/"},{"@type":"ListItem","position":3,"name":"NEW DERM CREME HYDRA S SENSIBLE PEAUX NORMALES A SECHES 50 ML"}]},{"@type":"WebSite","@id":"https:\/\/paracherkaoui.ma\/#website","url":"https:\/\/paracherkaoui.ma\/","name":"Paracherkaoui.ma","description":"Achetez en ligne sur Paracherkaoui.ma","potentialAction":[{"@type":"SearchAction","target":{"@type":"EntryPoint","urlTemplate":"https:\/\/paracherkaoui.ma\/?s={search_term_string}"},"query-input":{"@type":"PropertyValueSpecification","valueRequired":true,"valueName":"search_term_string"}}],"inLanguage":"fr-FR"}]}},"_links":{"self":[{"href":"https:\/\/paracherkaoui.ma\/index.php\/wp-json\/wp\/v2\/product\/26660","targetHints":{"allow":["GET"]}}],"collection":[{"href":"https:\/\/paracherkaoui.ma\/index.php\/wp-json\/wp\/v2\/product"}],"about":[{"href":"https:\/\/paracherkaoui.ma\/index.php\/wp-json\/wp\/v2\/types\/product"}],"replies":[{"embeddable":true,"href":"https:\/\/paracherkaoui.ma\/index.php\/wp-json\/wp\/v2\/comments?post=26660"}],"version-history":[{"count":1,"href":"https:\/\/paracherkaoui.ma\/index.php\/wp-json\/wp\/v2\/product\/26660\/revisions"}],"predecessor-version":[{"id":26693,"href":"https:\/\/paracherkaoui.ma\/index.php\/wp-json\/wp\/v2\/product\/26660\/revisions\/26693"}],"wp:featuredmedia":[{"embeddable":true,"href":"https:\/\/paracherkaoui.ma\/index.php\/wp-json\/wp\/v2\/media\/26692"}],"wp:attachment":[{"href":"https:\/\/paracherkaoui.ma\/index.php\/wp-json\/wp\/v2\/media?parent=26660"}],"wp:term":[{"taxonomy":"product_brand","embeddable":true,"href":"https:\/\/paracherkaoui.ma\/index.php\/wp-json\/wp\/v2\/product_brand?post=26660"},{"taxonomy":"product_cat","embeddable":true,"href":"https:\/\/paracherkaoui.ma\/index.php\/wp-json\/wp\/v2\/product_cat?post=26660"},{"taxonomy":"product_tag","embeddable":true,"href":"https:\/\/paracherkaoui.ma\/index.php\/wp-json\/wp\/v2\/product_tag?post=26660"}],"curies":[{"name":"wp","href":"https:\/\/api.w.org\/{rel}","templated":true}]}}