{"id":26656,"date":"2025-12-12T18:25:19","date_gmt":"2025-12-12T17:25:19","guid":{"rendered":"https:\/\/test.ecbeaute.com\/?post_type=product&#038;p=26656"},"modified":"2025-12-12T18:25:22","modified_gmt":"2025-12-12T17:25:22","slug":"dermagor-mes-essentiels-creme-hydratante-visage-24-h-riche-40ml","status":"publish","type":"product","link":"https:\/\/paracherkaoui.ma\/index.php\/produit\/dermagor-mes-essentiels-creme-hydratante-visage-24-h-riche-40ml\/","title":{"rendered":"DERMAGOR MES ESSENTIELS CREME HYDRATANTE VISAGE 24 H RICHE 40ML"},"content":{"rendered":"<p>Description:<br \/>\nLa Cr\u00e8me Hydratante Visage 24h Riche DERMAGOR est un soin protecteur, hydratant et apaisant des peaux souffrant d\u2019inconfort du visage. Compos\u00e9e de collag\u00e8ne marin, aux propri\u00e9t\u00e9s hydratantes et \u00e9mollientes, la cr\u00e8me va intens\u00e9ment hydrater la peau pour capter l\u2019eau dans l\u2019\u00e9piderme et ainsi assurer une hydratation tout au long de la journ\u00e9e. Elle va \u00e9galement prot\u00e9ger la peau des agressions quotidiennes et du vieillissement des cellules cutan\u00e9es en r\u00e9g\u00e9n\u00e9rant les fibres de collag\u00e8ne et d\u2019\u00e9lastine et en reformant le film protecteur de l\u2019\u00e9piderme. Sa texture riche et onctueuse qui p\u00e9n\u00e8tre rapidement \u00e0 l\u2019application laisse la peau d\u00e9licatement parfum\u00e9e. D\u00e8s l\u2019application, la peau est apais\u00e9e pour retrouver du confort tout au long de la journ\u00e9e. Test\u00e9e cliniquement<\/p>\n","protected":false},"excerpt":{"rendered":"<p>Description: La Cr\u00e8me Hydratante Visage 24h Riche DERMAGOR est un soin protecteur, hydratant et apaisant des peaux souffrant d\u2019inconfort du<\/p>\n","protected":false},"featured_media":26686,"comment_status":"open","ping_status":"closed","template":"","meta":[],"product_brand":[388],"product_cat":[525],"product_tag":[],"class_list":{"0":"post-26656","1":"product","2":"type-product","3":"status-publish","4":"has-post-thumbnail","6":"product_brand-dermagor","7":"product_cat-cremes-jour","9":"first","10":"instock","11":"sale","12":"shipping-taxable","13":"purchasable","14":"product-type-simple"},"yoast_head":"<!-- This site is optimized with the Yoast SEO plugin v26.6 - https:\/\/yoast.com\/wordpress\/plugins\/seo\/ -->\r\n<title>DERMAGOR MES ESSENTIELS CREME HYDRATANTE VISAGE 24 H RICHE 40ML - Paracherkaoui.ma<\/title>\r\n<meta name=\"robots\" content=\"index, follow, max-snippet:-1, max-image-preview:large, max-video-preview:-1\" \/>\r\n<link rel=\"canonical\" href=\"https:\/\/paracherkaoui.ma\/index.php\/produit\/dermagor-mes-essentiels-creme-hydratante-visage-24-h-riche-40ml\/\" \/>\r\n<meta property=\"og:locale\" content=\"fr_FR\" \/>\r\n<meta property=\"og:type\" content=\"article\" \/>\r\n<meta property=\"og:title\" content=\"DERMAGOR MES ESSENTIELS CREME HYDRATANTE VISAGE 24 H RICHE 40ML - Paracherkaoui.ma\" \/>\r\n<meta property=\"og:description\" content=\"Description: La Cr\u00e8me Hydratante Visage 24h Riche DERMAGOR est un soin protecteur, hydratant et apaisant des peaux souffrant d\u2019inconfort du\" \/>\r\n<meta property=\"og:url\" content=\"https:\/\/paracherkaoui.ma\/index.php\/produit\/dermagor-mes-essentiels-creme-hydratante-visage-24-h-riche-40ml\/\" \/>\r\n<meta property=\"og:site_name\" content=\"Paracherkaoui.ma\" \/>\r\n<meta property=\"article:modified_time\" content=\"2025-12-12T17:25:22+00:00\" \/>\r\n<meta property=\"og:image\" content=\"https:\/\/paracherkaoui.ma\/wp-content\/uploads\/2025\/12\/dermagor-mes-essentiels-creme-hydratante-visage-24-h-riche-40ml.jpg\" \/>\r\n\t<meta property=\"og:image:width\" content=\"700\" \/>\r\n\t<meta property=\"og:image:height\" content=\"700\" \/>\r\n\t<meta property=\"og:image:type\" content=\"image\/jpeg\" \/>\r\n<meta name=\"twitter:card\" content=\"summary_large_image\" \/>\r\n<meta name=\"twitter:label1\" content=\"Dur\u00e9e de lecture estim\u00e9e\" \/>\n\t<meta name=\"twitter:data1\" content=\"1 minute\" \/>\r\n<script type=\"application\/ld+json\" class=\"yoast-schema-graph\">{\"@context\":\"https:\/\/schema.org\",\"@graph\":[{\"@type\":\"WebPage\",\"@id\":\"https:\/\/paracherkaoui.ma\/index.php\/produit\/dermagor-mes-essentiels-creme-hydratante-visage-24-h-riche-40ml\/\",\"url\":\"https:\/\/paracherkaoui.ma\/index.php\/produit\/dermagor-mes-essentiels-creme-hydratante-visage-24-h-riche-40ml\/\",\"name\":\"DERMAGOR MES ESSENTIELS CREME HYDRATANTE VISAGE 24 H RICHE 40ML - Paracherkaoui.ma\",\"isPartOf\":{\"@id\":\"https:\/\/paracherkaoui.ma\/#website\"},\"primaryImageOfPage\":{\"@id\":\"https:\/\/paracherkaoui.ma\/index.php\/produit\/dermagor-mes-essentiels-creme-hydratante-visage-24-h-riche-40ml\/#primaryimage\"},\"image\":{\"@id\":\"https:\/\/paracherkaoui.ma\/index.php\/produit\/dermagor-mes-essentiels-creme-hydratante-visage-24-h-riche-40ml\/#primaryimage\"},\"thumbnailUrl\":\"https:\/\/paracherkaoui.ma\/wp-content\/uploads\/2025\/12\/dermagor-mes-essentiels-creme-hydratante-visage-24-h-riche-40ml.jpg\",\"datePublished\":\"2025-12-12T17:25:19+00:00\",\"dateModified\":\"2025-12-12T17:25:22+00:00\",\"breadcrumb\":{\"@id\":\"https:\/\/paracherkaoui.ma\/index.php\/produit\/dermagor-mes-essentiels-creme-hydratante-visage-24-h-riche-40ml\/#breadcrumb\"},\"inLanguage\":\"fr-FR\",\"potentialAction\":[{\"@type\":\"ReadAction\",\"target\":[\"https:\/\/paracherkaoui.ma\/index.php\/produit\/dermagor-mes-essentiels-creme-hydratante-visage-24-h-riche-40ml\/\"]}]},{\"@type\":\"ImageObject\",\"inLanguage\":\"fr-FR\",\"@id\":\"https:\/\/paracherkaoui.ma\/index.php\/produit\/dermagor-mes-essentiels-creme-hydratante-visage-24-h-riche-40ml\/#primaryimage\",\"url\":\"https:\/\/paracherkaoui.ma\/wp-content\/uploads\/2025\/12\/dermagor-mes-essentiels-creme-hydratante-visage-24-h-riche-40ml.jpg\",\"contentUrl\":\"https:\/\/paracherkaoui.ma\/wp-content\/uploads\/2025\/12\/dermagor-mes-essentiels-creme-hydratante-visage-24-h-riche-40ml.jpg\",\"width\":700,\"height\":700},{\"@type\":\"BreadcrumbList\",\"@id\":\"https:\/\/paracherkaoui.ma\/index.php\/produit\/dermagor-mes-essentiels-creme-hydratante-visage-24-h-riche-40ml\/#breadcrumb\",\"itemListElement\":[{\"@type\":\"ListItem\",\"position\":1,\"name\":\"Accueil\",\"item\":\"https:\/\/paracherkaoui.ma\/\"},{\"@type\":\"ListItem\",\"position\":2,\"name\":\"Boutique\",\"item\":\"https:\/\/paracherkaoui.ma\/index.php\/boutique\/\"},{\"@type\":\"ListItem\",\"position\":3,\"name\":\"DERMAGOR MES ESSENTIELS CREME HYDRATANTE VISAGE 24 H RICHE 40ML\"}]},{\"@type\":\"WebSite\",\"@id\":\"https:\/\/paracherkaoui.ma\/#website\",\"url\":\"https:\/\/paracherkaoui.ma\/\",\"name\":\"Paracherkaoui.ma\",\"description\":\"Achetez en ligne sur Paracherkaoui.ma\",\"potentialAction\":[{\"@type\":\"SearchAction\",\"target\":{\"@type\":\"EntryPoint\",\"urlTemplate\":\"https:\/\/paracherkaoui.ma\/?s={search_term_string}\"},\"query-input\":{\"@type\":\"PropertyValueSpecification\",\"valueRequired\":true,\"valueName\":\"search_term_string\"}}],\"inLanguage\":\"fr-FR\"}]}<\/script>\r\n<!-- \/ Yoast SEO plugin. -->","yoast_head_json":{"title":"DERMAGOR MES ESSENTIELS CREME HYDRATANTE VISAGE 24 H RICHE 40ML - Paracherkaoui.ma","robots":{"index":"index","follow":"follow","max-snippet":"max-snippet:-1","max-image-preview":"max-image-preview:large","max-video-preview":"max-video-preview:-1"},"canonical":"https:\/\/paracherkaoui.ma\/index.php\/produit\/dermagor-mes-essentiels-creme-hydratante-visage-24-h-riche-40ml\/","og_locale":"fr_FR","og_type":"article","og_title":"DERMAGOR MES ESSENTIELS CREME HYDRATANTE VISAGE 24 H RICHE 40ML - Paracherkaoui.ma","og_description":"Description: La Cr\u00e8me Hydratante Visage 24h Riche DERMAGOR est un soin protecteur, hydratant et apaisant des peaux souffrant d\u2019inconfort du","og_url":"https:\/\/paracherkaoui.ma\/index.php\/produit\/dermagor-mes-essentiels-creme-hydratante-visage-24-h-riche-40ml\/","og_site_name":"Paracherkaoui.ma","article_modified_time":"2025-12-12T17:25:22+00:00","og_image":[{"width":700,"height":700,"url":"https:\/\/paracherkaoui.ma\/wp-content\/uploads\/2025\/12\/dermagor-mes-essentiels-creme-hydratante-visage-24-h-riche-40ml.jpg","type":"image\/jpeg"}],"twitter_card":"summary_large_image","twitter_misc":{"Dur\u00e9e de lecture estim\u00e9e":"1 minute"},"schema":{"@context":"https:\/\/schema.org","@graph":[{"@type":"WebPage","@id":"https:\/\/paracherkaoui.ma\/index.php\/produit\/dermagor-mes-essentiels-creme-hydratante-visage-24-h-riche-40ml\/","url":"https:\/\/paracherkaoui.ma\/index.php\/produit\/dermagor-mes-essentiels-creme-hydratante-visage-24-h-riche-40ml\/","name":"DERMAGOR MES ESSENTIELS CREME HYDRATANTE VISAGE 24 H RICHE 40ML - Paracherkaoui.ma","isPartOf":{"@id":"https:\/\/paracherkaoui.ma\/#website"},"primaryImageOfPage":{"@id":"https:\/\/paracherkaoui.ma\/index.php\/produit\/dermagor-mes-essentiels-creme-hydratante-visage-24-h-riche-40ml\/#primaryimage"},"image":{"@id":"https:\/\/paracherkaoui.ma\/index.php\/produit\/dermagor-mes-essentiels-creme-hydratante-visage-24-h-riche-40ml\/#primaryimage"},"thumbnailUrl":"https:\/\/paracherkaoui.ma\/wp-content\/uploads\/2025\/12\/dermagor-mes-essentiels-creme-hydratante-visage-24-h-riche-40ml.jpg","datePublished":"2025-12-12T17:25:19+00:00","dateModified":"2025-12-12T17:25:22+00:00","breadcrumb":{"@id":"https:\/\/paracherkaoui.ma\/index.php\/produit\/dermagor-mes-essentiels-creme-hydratante-visage-24-h-riche-40ml\/#breadcrumb"},"inLanguage":"fr-FR","potentialAction":[{"@type":"ReadAction","target":["https:\/\/paracherkaoui.ma\/index.php\/produit\/dermagor-mes-essentiels-creme-hydratante-visage-24-h-riche-40ml\/"]}]},{"@type":"ImageObject","inLanguage":"fr-FR","@id":"https:\/\/paracherkaoui.ma\/index.php\/produit\/dermagor-mes-essentiels-creme-hydratante-visage-24-h-riche-40ml\/#primaryimage","url":"https:\/\/paracherkaoui.ma\/wp-content\/uploads\/2025\/12\/dermagor-mes-essentiels-creme-hydratante-visage-24-h-riche-40ml.jpg","contentUrl":"https:\/\/paracherkaoui.ma\/wp-content\/uploads\/2025\/12\/dermagor-mes-essentiels-creme-hydratante-visage-24-h-riche-40ml.jpg","width":700,"height":700},{"@type":"BreadcrumbList","@id":"https:\/\/paracherkaoui.ma\/index.php\/produit\/dermagor-mes-essentiels-creme-hydratante-visage-24-h-riche-40ml\/#breadcrumb","itemListElement":[{"@type":"ListItem","position":1,"name":"Accueil","item":"https:\/\/paracherkaoui.ma\/"},{"@type":"ListItem","position":2,"name":"Boutique","item":"https:\/\/paracherkaoui.ma\/index.php\/boutique\/"},{"@type":"ListItem","position":3,"name":"DERMAGOR MES ESSENTIELS CREME HYDRATANTE VISAGE 24 H RICHE 40ML"}]},{"@type":"WebSite","@id":"https:\/\/paracherkaoui.ma\/#website","url":"https:\/\/paracherkaoui.ma\/","name":"Paracherkaoui.ma","description":"Achetez en ligne sur Paracherkaoui.ma","potentialAction":[{"@type":"SearchAction","target":{"@type":"EntryPoint","urlTemplate":"https:\/\/paracherkaoui.ma\/?s={search_term_string}"},"query-input":{"@type":"PropertyValueSpecification","valueRequired":true,"valueName":"search_term_string"}}],"inLanguage":"fr-FR"}]}},"_links":{"self":[{"href":"https:\/\/paracherkaoui.ma\/index.php\/wp-json\/wp\/v2\/product\/26656","targetHints":{"allow":["GET"]}}],"collection":[{"href":"https:\/\/paracherkaoui.ma\/index.php\/wp-json\/wp\/v2\/product"}],"about":[{"href":"https:\/\/paracherkaoui.ma\/index.php\/wp-json\/wp\/v2\/types\/product"}],"replies":[{"embeddable":true,"href":"https:\/\/paracherkaoui.ma\/index.php\/wp-json\/wp\/v2\/comments?post=26656"}],"version-history":[{"count":1,"href":"https:\/\/paracherkaoui.ma\/index.php\/wp-json\/wp\/v2\/product\/26656\/revisions"}],"predecessor-version":[{"id":26687,"href":"https:\/\/paracherkaoui.ma\/index.php\/wp-json\/wp\/v2\/product\/26656\/revisions\/26687"}],"wp:featuredmedia":[{"embeddable":true,"href":"https:\/\/paracherkaoui.ma\/index.php\/wp-json\/wp\/v2\/media\/26686"}],"wp:attachment":[{"href":"https:\/\/paracherkaoui.ma\/index.php\/wp-json\/wp\/v2\/media?parent=26656"}],"wp:term":[{"taxonomy":"product_brand","embeddable":true,"href":"https:\/\/paracherkaoui.ma\/index.php\/wp-json\/wp\/v2\/product_brand?post=26656"},{"taxonomy":"product_cat","embeddable":true,"href":"https:\/\/paracherkaoui.ma\/index.php\/wp-json\/wp\/v2\/product_cat?post=26656"},{"taxonomy":"product_tag","embeddable":true,"href":"https:\/\/paracherkaoui.ma\/index.php\/wp-json\/wp\/v2\/product_tag?post=26656"}],"curies":[{"name":"wp","href":"https:\/\/api.w.org\/{rel}","templated":true}]}}