{"id":26621,"date":"2025-12-12T18:25:03","date_gmt":"2025-12-12T17:25:03","guid":{"rendered":"https:\/\/test.ecbeaute.com\/?post_type=product&#038;p=26621"},"modified":"2025-12-12T18:25:07","modified_gmt":"2025-12-12T17:25:07","slug":"uriage-cold-cream-creme-protectrice-protectrice-100-ml-2","status":"publish","type":"product","link":"https:\/\/paracherkaoui.ma\/index.php\/produit\/uriage-cold-cream-creme-protectrice-protectrice-100-ml-2\/","title":{"rendered":"URIAGE COLD CREAM CREME PROTECTRICE PROTECTRICE 100 ML"},"content":{"rendered":"<p>Peaux tr\u00e8s s\u00e8ches ou sensibles.<br \/>\nVisage et corps.<br \/>\nB\u00e9b\u00e9s, enfants, adultes.<br \/>\nPropri\u00e9t\u00e9s<br \/>\nCold Cream est une cr\u00e8me de soin unique, car elle associe l&rsquo;Eau Thermale d&rsquo;Uriage apaisante \u00e0 des actifs nourrissants et hydratants.<br \/>\nAtouts<br \/>\nLes vertus de l\u2019Eau Thermale d\u2019Uriage pour une cr\u00e8me de soin au quotidien.<br \/>\nUne gal\u00e9nique exceptionnelle.<br \/>\nConseils d&rsquo;utilisation<br \/>\nCold Cream s\u2019utilise sur une peau parfaitement nettoy\u00e9e.<br \/>\nAppliquer et masser doucement pour faire p\u00e9n\u00e9trer.<br \/>\nComposition<br \/>\nEau Thermale d\u2019Uriage &#8211; Emulsion E\/H &#8211; Glyc\u00e9rine &#8211; Cire d\u2019abeille<br \/>\nSans parfum &#8211; Sans paraben.<br \/>\nHaute tol\u00e9rance\u00a0: Hypoallerg\u00e9nique &#8211; Non com\u00e9dog\u00e8ne.<\/p>\n","protected":false},"excerpt":{"rendered":"<p>Peaux tr\u00e8s s\u00e8ches ou sensibles. Visage et corps. B\u00e9b\u00e9s, enfants, adultes. Propri\u00e9t\u00e9s Cold Cream est une cr\u00e8me de soin unique,<\/p>\n","protected":false},"featured_media":13676,"comment_status":"open","ping_status":"closed","template":"","meta":[],"product_brand":[130],"product_cat":[525],"product_tag":[],"class_list":{"0":"post-26621","1":"product","2":"type-product","3":"status-publish","4":"has-post-thumbnail","6":"product_brand-uriage","7":"product_cat-cremes-jour","9":"first","10":"instock","11":"sale","12":"shipping-taxable","13":"purchasable","14":"product-type-simple"},"yoast_head":"<!-- This site is optimized with the Yoast SEO plugin v26.6 - https:\/\/yoast.com\/wordpress\/plugins\/seo\/ -->\r\n<title>URIAGE COLD CREAM CREME PROTECTRICE PROTECTRICE 100 ML - Paracherkaoui.ma<\/title>\r\n<meta name=\"robots\" content=\"index, follow, max-snippet:-1, max-image-preview:large, max-video-preview:-1\" \/>\r\n<link rel=\"canonical\" href=\"https:\/\/paracherkaoui.ma\/index.php\/produit\/uriage-cold-cream-creme-protectrice-protectrice-100-ml-2\/\" \/>\r\n<meta property=\"og:locale\" content=\"fr_FR\" \/>\r\n<meta property=\"og:type\" content=\"article\" \/>\r\n<meta property=\"og:title\" content=\"URIAGE COLD CREAM CREME PROTECTRICE PROTECTRICE 100 ML - Paracherkaoui.ma\" \/>\r\n<meta property=\"og:description\" content=\"Peaux tr\u00e8s s\u00e8ches ou sensibles. Visage et corps. B\u00e9b\u00e9s, enfants, adultes. Propri\u00e9t\u00e9s Cold Cream est une cr\u00e8me de soin unique,\" \/>\r\n<meta property=\"og:url\" content=\"https:\/\/paracherkaoui.ma\/index.php\/produit\/uriage-cold-cream-creme-protectrice-protectrice-100-ml-2\/\" \/>\r\n<meta property=\"og:site_name\" content=\"Paracherkaoui.ma\" \/>\r\n<meta property=\"article:modified_time\" content=\"2025-12-12T17:25:07+00:00\" \/>\r\n<meta property=\"og:image\" content=\"https:\/\/paracherkaoui.ma\/wp-content\/uploads\/2025\/12\/uriage-uriage-cold-cream-creme-protectrice-protectrice-100-ml-cremes-jour.jpg\" \/>\r\n\t<meta property=\"og:image:width\" content=\"700\" \/>\r\n\t<meta property=\"og:image:height\" content=\"700\" \/>\r\n\t<meta property=\"og:image:type\" content=\"image\/jpeg\" \/>\r\n<meta name=\"twitter:card\" content=\"summary_large_image\" \/>\r\n<meta name=\"twitter:label1\" content=\"Dur\u00e9e de lecture estim\u00e9e\" \/>\n\t<meta name=\"twitter:data1\" content=\"1 minute\" \/>\r\n<script type=\"application\/ld+json\" class=\"yoast-schema-graph\">{\"@context\":\"https:\/\/schema.org\",\"@graph\":[{\"@type\":\"WebPage\",\"@id\":\"https:\/\/paracherkaoui.ma\/index.php\/produit\/uriage-cold-cream-creme-protectrice-protectrice-100-ml-2\/\",\"url\":\"https:\/\/paracherkaoui.ma\/index.php\/produit\/uriage-cold-cream-creme-protectrice-protectrice-100-ml-2\/\",\"name\":\"URIAGE COLD CREAM CREME PROTECTRICE PROTECTRICE 100 ML - Paracherkaoui.ma\",\"isPartOf\":{\"@id\":\"https:\/\/paracherkaoui.ma\/#website\"},\"primaryImageOfPage\":{\"@id\":\"https:\/\/paracherkaoui.ma\/index.php\/produit\/uriage-cold-cream-creme-protectrice-protectrice-100-ml-2\/#primaryimage\"},\"image\":{\"@id\":\"https:\/\/paracherkaoui.ma\/index.php\/produit\/uriage-cold-cream-creme-protectrice-protectrice-100-ml-2\/#primaryimage\"},\"thumbnailUrl\":\"https:\/\/paracherkaoui.ma\/wp-content\/uploads\/2025\/12\/uriage-uriage-cold-cream-creme-protectrice-protectrice-100-ml-cremes-jour.jpg\",\"datePublished\":\"2025-12-12T17:25:03+00:00\",\"dateModified\":\"2025-12-12T17:25:07+00:00\",\"breadcrumb\":{\"@id\":\"https:\/\/paracherkaoui.ma\/index.php\/produit\/uriage-cold-cream-creme-protectrice-protectrice-100-ml-2\/#breadcrumb\"},\"inLanguage\":\"fr-FR\",\"potentialAction\":[{\"@type\":\"ReadAction\",\"target\":[\"https:\/\/paracherkaoui.ma\/index.php\/produit\/uriage-cold-cream-creme-protectrice-protectrice-100-ml-2\/\"]}]},{\"@type\":\"ImageObject\",\"inLanguage\":\"fr-FR\",\"@id\":\"https:\/\/paracherkaoui.ma\/index.php\/produit\/uriage-cold-cream-creme-protectrice-protectrice-100-ml-2\/#primaryimage\",\"url\":\"https:\/\/paracherkaoui.ma\/wp-content\/uploads\/2025\/12\/uriage-uriage-cold-cream-creme-protectrice-protectrice-100-ml-cremes-jour.jpg\",\"contentUrl\":\"https:\/\/paracherkaoui.ma\/wp-content\/uploads\/2025\/12\/uriage-uriage-cold-cream-creme-protectrice-protectrice-100-ml-cremes-jour.jpg\",\"width\":700,\"height\":700},{\"@type\":\"BreadcrumbList\",\"@id\":\"https:\/\/paracherkaoui.ma\/index.php\/produit\/uriage-cold-cream-creme-protectrice-protectrice-100-ml-2\/#breadcrumb\",\"itemListElement\":[{\"@type\":\"ListItem\",\"position\":1,\"name\":\"Accueil\",\"item\":\"https:\/\/paracherkaoui.ma\/\"},{\"@type\":\"ListItem\",\"position\":2,\"name\":\"Boutique\",\"item\":\"https:\/\/paracherkaoui.ma\/index.php\/boutique\/\"},{\"@type\":\"ListItem\",\"position\":3,\"name\":\"URIAGE COLD CREAM CREME PROTECTRICE PROTECTRICE 100 ML\"}]},{\"@type\":\"WebSite\",\"@id\":\"https:\/\/paracherkaoui.ma\/#website\",\"url\":\"https:\/\/paracherkaoui.ma\/\",\"name\":\"Paracherkaoui.ma\",\"description\":\"Achetez en ligne sur Paracherkaoui.ma\",\"potentialAction\":[{\"@type\":\"SearchAction\",\"target\":{\"@type\":\"EntryPoint\",\"urlTemplate\":\"https:\/\/paracherkaoui.ma\/?s={search_term_string}\"},\"query-input\":{\"@type\":\"PropertyValueSpecification\",\"valueRequired\":true,\"valueName\":\"search_term_string\"}}],\"inLanguage\":\"fr-FR\"}]}<\/script>\r\n<!-- \/ Yoast SEO plugin. -->","yoast_head_json":{"title":"URIAGE COLD CREAM CREME PROTECTRICE PROTECTRICE 100 ML - Paracherkaoui.ma","robots":{"index":"index","follow":"follow","max-snippet":"max-snippet:-1","max-image-preview":"max-image-preview:large","max-video-preview":"max-video-preview:-1"},"canonical":"https:\/\/paracherkaoui.ma\/index.php\/produit\/uriage-cold-cream-creme-protectrice-protectrice-100-ml-2\/","og_locale":"fr_FR","og_type":"article","og_title":"URIAGE COLD CREAM CREME PROTECTRICE PROTECTRICE 100 ML - Paracherkaoui.ma","og_description":"Peaux tr\u00e8s s\u00e8ches ou sensibles. Visage et corps. B\u00e9b\u00e9s, enfants, adultes. Propri\u00e9t\u00e9s Cold Cream est une cr\u00e8me de soin unique,","og_url":"https:\/\/paracherkaoui.ma\/index.php\/produit\/uriage-cold-cream-creme-protectrice-protectrice-100-ml-2\/","og_site_name":"Paracherkaoui.ma","article_modified_time":"2025-12-12T17:25:07+00:00","og_image":[{"width":700,"height":700,"url":"https:\/\/paracherkaoui.ma\/wp-content\/uploads\/2025\/12\/uriage-uriage-cold-cream-creme-protectrice-protectrice-100-ml-cremes-jour.jpg","type":"image\/jpeg"}],"twitter_card":"summary_large_image","twitter_misc":{"Dur\u00e9e de lecture estim\u00e9e":"1 minute"},"schema":{"@context":"https:\/\/schema.org","@graph":[{"@type":"WebPage","@id":"https:\/\/paracherkaoui.ma\/index.php\/produit\/uriage-cold-cream-creme-protectrice-protectrice-100-ml-2\/","url":"https:\/\/paracherkaoui.ma\/index.php\/produit\/uriage-cold-cream-creme-protectrice-protectrice-100-ml-2\/","name":"URIAGE COLD CREAM CREME PROTECTRICE PROTECTRICE 100 ML - Paracherkaoui.ma","isPartOf":{"@id":"https:\/\/paracherkaoui.ma\/#website"},"primaryImageOfPage":{"@id":"https:\/\/paracherkaoui.ma\/index.php\/produit\/uriage-cold-cream-creme-protectrice-protectrice-100-ml-2\/#primaryimage"},"image":{"@id":"https:\/\/paracherkaoui.ma\/index.php\/produit\/uriage-cold-cream-creme-protectrice-protectrice-100-ml-2\/#primaryimage"},"thumbnailUrl":"https:\/\/paracherkaoui.ma\/wp-content\/uploads\/2025\/12\/uriage-uriage-cold-cream-creme-protectrice-protectrice-100-ml-cremes-jour.jpg","datePublished":"2025-12-12T17:25:03+00:00","dateModified":"2025-12-12T17:25:07+00:00","breadcrumb":{"@id":"https:\/\/paracherkaoui.ma\/index.php\/produit\/uriage-cold-cream-creme-protectrice-protectrice-100-ml-2\/#breadcrumb"},"inLanguage":"fr-FR","potentialAction":[{"@type":"ReadAction","target":["https:\/\/paracherkaoui.ma\/index.php\/produit\/uriage-cold-cream-creme-protectrice-protectrice-100-ml-2\/"]}]},{"@type":"ImageObject","inLanguage":"fr-FR","@id":"https:\/\/paracherkaoui.ma\/index.php\/produit\/uriage-cold-cream-creme-protectrice-protectrice-100-ml-2\/#primaryimage","url":"https:\/\/paracherkaoui.ma\/wp-content\/uploads\/2025\/12\/uriage-uriage-cold-cream-creme-protectrice-protectrice-100-ml-cremes-jour.jpg","contentUrl":"https:\/\/paracherkaoui.ma\/wp-content\/uploads\/2025\/12\/uriage-uriage-cold-cream-creme-protectrice-protectrice-100-ml-cremes-jour.jpg","width":700,"height":700},{"@type":"BreadcrumbList","@id":"https:\/\/paracherkaoui.ma\/index.php\/produit\/uriage-cold-cream-creme-protectrice-protectrice-100-ml-2\/#breadcrumb","itemListElement":[{"@type":"ListItem","position":1,"name":"Accueil","item":"https:\/\/paracherkaoui.ma\/"},{"@type":"ListItem","position":2,"name":"Boutique","item":"https:\/\/paracherkaoui.ma\/index.php\/boutique\/"},{"@type":"ListItem","position":3,"name":"URIAGE COLD CREAM CREME PROTECTRICE PROTECTRICE 100 ML"}]},{"@type":"WebSite","@id":"https:\/\/paracherkaoui.ma\/#website","url":"https:\/\/paracherkaoui.ma\/","name":"Paracherkaoui.ma","description":"Achetez en ligne sur Paracherkaoui.ma","potentialAction":[{"@type":"SearchAction","target":{"@type":"EntryPoint","urlTemplate":"https:\/\/paracherkaoui.ma\/?s={search_term_string}"},"query-input":{"@type":"PropertyValueSpecification","valueRequired":true,"valueName":"search_term_string"}}],"inLanguage":"fr-FR"}]}},"_links":{"self":[{"href":"https:\/\/paracherkaoui.ma\/index.php\/wp-json\/wp\/v2\/product\/26621","targetHints":{"allow":["GET"]}}],"collection":[{"href":"https:\/\/paracherkaoui.ma\/index.php\/wp-json\/wp\/v2\/product"}],"about":[{"href":"https:\/\/paracherkaoui.ma\/index.php\/wp-json\/wp\/v2\/types\/product"}],"replies":[{"embeddable":true,"href":"https:\/\/paracherkaoui.ma\/index.php\/wp-json\/wp\/v2\/comments?post=26621"}],"version-history":[{"count":1,"href":"https:\/\/paracherkaoui.ma\/index.php\/wp-json\/wp\/v2\/product\/26621\/revisions"}],"predecessor-version":[{"id":26647,"href":"https:\/\/paracherkaoui.ma\/index.php\/wp-json\/wp\/v2\/product\/26621\/revisions\/26647"}],"wp:featuredmedia":[{"embeddable":true,"href":"https:\/\/paracherkaoui.ma\/index.php\/wp-json\/wp\/v2\/media\/13676"}],"wp:attachment":[{"href":"https:\/\/paracherkaoui.ma\/index.php\/wp-json\/wp\/v2\/media?parent=26621"}],"wp:term":[{"taxonomy":"product_brand","embeddable":true,"href":"https:\/\/paracherkaoui.ma\/index.php\/wp-json\/wp\/v2\/product_brand?post=26621"},{"taxonomy":"product_cat","embeddable":true,"href":"https:\/\/paracherkaoui.ma\/index.php\/wp-json\/wp\/v2\/product_cat?post=26621"},{"taxonomy":"product_tag","embeddable":true,"href":"https:\/\/paracherkaoui.ma\/index.php\/wp-json\/wp\/v2\/product_tag?post=26621"}],"curies":[{"name":"wp","href":"https:\/\/api.w.org\/{rel}","templated":true}]}}