{"id":26617,"date":"2025-12-12T18:25:03","date_gmt":"2025-12-12T17:25:03","guid":{"rendered":"https:\/\/test.ecbeaute.com\/?post_type=product&#038;p=26617"},"modified":"2025-12-12T18:25:06","modified_gmt":"2025-12-12T17:25:06","slug":"dcp-depi-gel-nettoyant-eclaircissant-200-ml-3","status":"publish","type":"product","link":"https:\/\/paracherkaoui.ma\/index.php\/produit\/dcp-depi-gel-nettoyant-eclaircissant-200-ml-3\/","title":{"rendered":"DCP DEPI GEL NETTOYANT ECLAIRCISSANT 200 ML"},"content":{"rendered":"<p>DCP DEPI-GEL nettoie, \u00e9claircit et unifie le teint. La peau devient fra\u00eeche, pure et lumineuse et retrouve son \u00e9clat et transparence.<br \/>\nFormul\u00e9 avec une combinaison sp\u00e9cifique \u00e0 base d&rsquo;actifs d\u00e9pigmentants, DCP DEPI-GEL \u00e9claircit et unifie le teint et favorise \u00e0 diminuer consid\u00e9rablement l&rsquo;apparence des t\u00e2ches brunes. Gr\u00e2ce \u00e0 ses microbiles de silice, Il exfolie en douceur et nettoie profond\u00e9ment en laissant la peau fra\u00eechement nettoy\u00e9e et douce avec un teint uniforme et lumineux.<\/p>\n","protected":false},"excerpt":{"rendered":"<p>DCP DEPI-GEL nettoie, \u00e9claircit et unifie le teint. La peau devient fra\u00eeche, pure et lumineuse et retrouve son \u00e9clat et<\/p>\n","protected":false},"featured_media":20008,"comment_status":"open","ping_status":"closed","template":"","meta":[],"product_brand":[257],"product_cat":[525],"product_tag":[],"class_list":{"0":"post-26617","1":"product","2":"type-product","3":"status-publish","4":"has-post-thumbnail","6":"product_brand-dcpderm","7":"product_cat-cremes-jour","9":"first","10":"instock","11":"sale","12":"shipping-taxable","13":"purchasable","14":"product-type-simple"},"yoast_head":"<!-- This site is optimized with the Yoast SEO plugin v26.6 - https:\/\/yoast.com\/wordpress\/plugins\/seo\/ -->\r\n<title>DCP DEPI GEL NETTOYANT ECLAIRCISSANT 200 ML - Paracherkaoui.ma<\/title>\r\n<meta name=\"robots\" content=\"index, follow, max-snippet:-1, max-image-preview:large, max-video-preview:-1\" \/>\r\n<link rel=\"canonical\" href=\"https:\/\/paracherkaoui.ma\/index.php\/produit\/dcp-depi-gel-nettoyant-eclaircissant-200-ml-3\/\" \/>\r\n<meta property=\"og:locale\" content=\"fr_FR\" \/>\r\n<meta property=\"og:type\" content=\"article\" \/>\r\n<meta property=\"og:title\" content=\"DCP DEPI GEL NETTOYANT ECLAIRCISSANT 200 ML - Paracherkaoui.ma\" \/>\r\n<meta property=\"og:description\" content=\"DCP DEPI-GEL nettoie, \u00e9claircit et unifie le teint. La peau devient fra\u00eeche, pure et lumineuse et retrouve son \u00e9clat et\" \/>\r\n<meta property=\"og:url\" content=\"https:\/\/paracherkaoui.ma\/index.php\/produit\/dcp-depi-gel-nettoyant-eclaircissant-200-ml-3\/\" \/>\r\n<meta property=\"og:site_name\" content=\"Paracherkaoui.ma\" \/>\r\n<meta property=\"article:modified_time\" content=\"2025-12-12T17:25:06+00:00\" \/>\r\n<meta property=\"og:image\" content=\"https:\/\/paracherkaoui.ma\/wp-content\/uploads\/2025\/12\/dcpderm-dcp-depi-gel-nettoyant-eclaircissant-200-ml-cremes-depigmentantes.jpg\" \/>\r\n\t<meta property=\"og:image:width\" content=\"700\" \/>\r\n\t<meta property=\"og:image:height\" content=\"700\" \/>\r\n\t<meta property=\"og:image:type\" content=\"image\/jpeg\" \/>\r\n<meta name=\"twitter:card\" content=\"summary_large_image\" \/>\r\n<script type=\"application\/ld+json\" class=\"yoast-schema-graph\">{\"@context\":\"https:\/\/schema.org\",\"@graph\":[{\"@type\":\"WebPage\",\"@id\":\"https:\/\/paracherkaoui.ma\/index.php\/produit\/dcp-depi-gel-nettoyant-eclaircissant-200-ml-3\/\",\"url\":\"https:\/\/paracherkaoui.ma\/index.php\/produit\/dcp-depi-gel-nettoyant-eclaircissant-200-ml-3\/\",\"name\":\"DCP DEPI GEL NETTOYANT ECLAIRCISSANT 200 ML - Paracherkaoui.ma\",\"isPartOf\":{\"@id\":\"https:\/\/paracherkaoui.ma\/#website\"},\"primaryImageOfPage\":{\"@id\":\"https:\/\/paracherkaoui.ma\/index.php\/produit\/dcp-depi-gel-nettoyant-eclaircissant-200-ml-3\/#primaryimage\"},\"image\":{\"@id\":\"https:\/\/paracherkaoui.ma\/index.php\/produit\/dcp-depi-gel-nettoyant-eclaircissant-200-ml-3\/#primaryimage\"},\"thumbnailUrl\":\"https:\/\/paracherkaoui.ma\/wp-content\/uploads\/2025\/12\/dcpderm-dcp-depi-gel-nettoyant-eclaircissant-200-ml-cremes-depigmentantes.jpg\",\"datePublished\":\"2025-12-12T17:25:03+00:00\",\"dateModified\":\"2025-12-12T17:25:06+00:00\",\"breadcrumb\":{\"@id\":\"https:\/\/paracherkaoui.ma\/index.php\/produit\/dcp-depi-gel-nettoyant-eclaircissant-200-ml-3\/#breadcrumb\"},\"inLanguage\":\"fr-FR\",\"potentialAction\":[{\"@type\":\"ReadAction\",\"target\":[\"https:\/\/paracherkaoui.ma\/index.php\/produit\/dcp-depi-gel-nettoyant-eclaircissant-200-ml-3\/\"]}]},{\"@type\":\"ImageObject\",\"inLanguage\":\"fr-FR\",\"@id\":\"https:\/\/paracherkaoui.ma\/index.php\/produit\/dcp-depi-gel-nettoyant-eclaircissant-200-ml-3\/#primaryimage\",\"url\":\"https:\/\/paracherkaoui.ma\/wp-content\/uploads\/2025\/12\/dcpderm-dcp-depi-gel-nettoyant-eclaircissant-200-ml-cremes-depigmentantes.jpg\",\"contentUrl\":\"https:\/\/paracherkaoui.ma\/wp-content\/uploads\/2025\/12\/dcpderm-dcp-depi-gel-nettoyant-eclaircissant-200-ml-cremes-depigmentantes.jpg\",\"width\":700,\"height\":700},{\"@type\":\"BreadcrumbList\",\"@id\":\"https:\/\/paracherkaoui.ma\/index.php\/produit\/dcp-depi-gel-nettoyant-eclaircissant-200-ml-3\/#breadcrumb\",\"itemListElement\":[{\"@type\":\"ListItem\",\"position\":1,\"name\":\"Accueil\",\"item\":\"https:\/\/paracherkaoui.ma\/\"},{\"@type\":\"ListItem\",\"position\":2,\"name\":\"Boutique\",\"item\":\"https:\/\/paracherkaoui.ma\/index.php\/boutique\/\"},{\"@type\":\"ListItem\",\"position\":3,\"name\":\"DCP DEPI GEL NETTOYANT ECLAIRCISSANT 200 ML\"}]},{\"@type\":\"WebSite\",\"@id\":\"https:\/\/paracherkaoui.ma\/#website\",\"url\":\"https:\/\/paracherkaoui.ma\/\",\"name\":\"Paracherkaoui.ma\",\"description\":\"Achetez en ligne sur Paracherkaoui.ma\",\"potentialAction\":[{\"@type\":\"SearchAction\",\"target\":{\"@type\":\"EntryPoint\",\"urlTemplate\":\"https:\/\/paracherkaoui.ma\/?s={search_term_string}\"},\"query-input\":{\"@type\":\"PropertyValueSpecification\",\"valueRequired\":true,\"valueName\":\"search_term_string\"}}],\"inLanguage\":\"fr-FR\"}]}<\/script>\r\n<!-- \/ Yoast SEO plugin. -->","yoast_head_json":{"title":"DCP DEPI GEL NETTOYANT ECLAIRCISSANT 200 ML - Paracherkaoui.ma","robots":{"index":"index","follow":"follow","max-snippet":"max-snippet:-1","max-image-preview":"max-image-preview:large","max-video-preview":"max-video-preview:-1"},"canonical":"https:\/\/paracherkaoui.ma\/index.php\/produit\/dcp-depi-gel-nettoyant-eclaircissant-200-ml-3\/","og_locale":"fr_FR","og_type":"article","og_title":"DCP DEPI GEL NETTOYANT ECLAIRCISSANT 200 ML - Paracherkaoui.ma","og_description":"DCP DEPI-GEL nettoie, \u00e9claircit et unifie le teint. La peau devient fra\u00eeche, pure et lumineuse et retrouve son \u00e9clat et","og_url":"https:\/\/paracherkaoui.ma\/index.php\/produit\/dcp-depi-gel-nettoyant-eclaircissant-200-ml-3\/","og_site_name":"Paracherkaoui.ma","article_modified_time":"2025-12-12T17:25:06+00:00","og_image":[{"width":700,"height":700,"url":"https:\/\/paracherkaoui.ma\/wp-content\/uploads\/2025\/12\/dcpderm-dcp-depi-gel-nettoyant-eclaircissant-200-ml-cremes-depigmentantes.jpg","type":"image\/jpeg"}],"twitter_card":"summary_large_image","schema":{"@context":"https:\/\/schema.org","@graph":[{"@type":"WebPage","@id":"https:\/\/paracherkaoui.ma\/index.php\/produit\/dcp-depi-gel-nettoyant-eclaircissant-200-ml-3\/","url":"https:\/\/paracherkaoui.ma\/index.php\/produit\/dcp-depi-gel-nettoyant-eclaircissant-200-ml-3\/","name":"DCP DEPI GEL NETTOYANT ECLAIRCISSANT 200 ML - Paracherkaoui.ma","isPartOf":{"@id":"https:\/\/paracherkaoui.ma\/#website"},"primaryImageOfPage":{"@id":"https:\/\/paracherkaoui.ma\/index.php\/produit\/dcp-depi-gel-nettoyant-eclaircissant-200-ml-3\/#primaryimage"},"image":{"@id":"https:\/\/paracherkaoui.ma\/index.php\/produit\/dcp-depi-gel-nettoyant-eclaircissant-200-ml-3\/#primaryimage"},"thumbnailUrl":"https:\/\/paracherkaoui.ma\/wp-content\/uploads\/2025\/12\/dcpderm-dcp-depi-gel-nettoyant-eclaircissant-200-ml-cremes-depigmentantes.jpg","datePublished":"2025-12-12T17:25:03+00:00","dateModified":"2025-12-12T17:25:06+00:00","breadcrumb":{"@id":"https:\/\/paracherkaoui.ma\/index.php\/produit\/dcp-depi-gel-nettoyant-eclaircissant-200-ml-3\/#breadcrumb"},"inLanguage":"fr-FR","potentialAction":[{"@type":"ReadAction","target":["https:\/\/paracherkaoui.ma\/index.php\/produit\/dcp-depi-gel-nettoyant-eclaircissant-200-ml-3\/"]}]},{"@type":"ImageObject","inLanguage":"fr-FR","@id":"https:\/\/paracherkaoui.ma\/index.php\/produit\/dcp-depi-gel-nettoyant-eclaircissant-200-ml-3\/#primaryimage","url":"https:\/\/paracherkaoui.ma\/wp-content\/uploads\/2025\/12\/dcpderm-dcp-depi-gel-nettoyant-eclaircissant-200-ml-cremes-depigmentantes.jpg","contentUrl":"https:\/\/paracherkaoui.ma\/wp-content\/uploads\/2025\/12\/dcpderm-dcp-depi-gel-nettoyant-eclaircissant-200-ml-cremes-depigmentantes.jpg","width":700,"height":700},{"@type":"BreadcrumbList","@id":"https:\/\/paracherkaoui.ma\/index.php\/produit\/dcp-depi-gel-nettoyant-eclaircissant-200-ml-3\/#breadcrumb","itemListElement":[{"@type":"ListItem","position":1,"name":"Accueil","item":"https:\/\/paracherkaoui.ma\/"},{"@type":"ListItem","position":2,"name":"Boutique","item":"https:\/\/paracherkaoui.ma\/index.php\/boutique\/"},{"@type":"ListItem","position":3,"name":"DCP DEPI GEL NETTOYANT ECLAIRCISSANT 200 ML"}]},{"@type":"WebSite","@id":"https:\/\/paracherkaoui.ma\/#website","url":"https:\/\/paracherkaoui.ma\/","name":"Paracherkaoui.ma","description":"Achetez en ligne sur Paracherkaoui.ma","potentialAction":[{"@type":"SearchAction","target":{"@type":"EntryPoint","urlTemplate":"https:\/\/paracherkaoui.ma\/?s={search_term_string}"},"query-input":{"@type":"PropertyValueSpecification","valueRequired":true,"valueName":"search_term_string"}}],"inLanguage":"fr-FR"}]}},"_links":{"self":[{"href":"https:\/\/paracherkaoui.ma\/index.php\/wp-json\/wp\/v2\/product\/26617","targetHints":{"allow":["GET"]}}],"collection":[{"href":"https:\/\/paracherkaoui.ma\/index.php\/wp-json\/wp\/v2\/product"}],"about":[{"href":"https:\/\/paracherkaoui.ma\/index.php\/wp-json\/wp\/v2\/types\/product"}],"replies":[{"embeddable":true,"href":"https:\/\/paracherkaoui.ma\/index.php\/wp-json\/wp\/v2\/comments?post=26617"}],"version-history":[{"count":1,"href":"https:\/\/paracherkaoui.ma\/index.php\/wp-json\/wp\/v2\/product\/26617\/revisions"}],"predecessor-version":[{"id":26642,"href":"https:\/\/paracherkaoui.ma\/index.php\/wp-json\/wp\/v2\/product\/26617\/revisions\/26642"}],"wp:featuredmedia":[{"embeddable":true,"href":"https:\/\/paracherkaoui.ma\/index.php\/wp-json\/wp\/v2\/media\/20008"}],"wp:attachment":[{"href":"https:\/\/paracherkaoui.ma\/index.php\/wp-json\/wp\/v2\/media?parent=26617"}],"wp:term":[{"taxonomy":"product_brand","embeddable":true,"href":"https:\/\/paracherkaoui.ma\/index.php\/wp-json\/wp\/v2\/product_brand?post=26617"},{"taxonomy":"product_cat","embeddable":true,"href":"https:\/\/paracherkaoui.ma\/index.php\/wp-json\/wp\/v2\/product_cat?post=26617"},{"taxonomy":"product_tag","embeddable":true,"href":"https:\/\/paracherkaoui.ma\/index.php\/wp-json\/wp\/v2\/product_tag?post=26617"}],"curies":[{"name":"wp","href":"https:\/\/api.w.org\/{rel}","templated":true}]}}