{"id":26615,"date":"2025-12-12T18:25:03","date_gmt":"2025-12-12T17:25:03","guid":{"rendered":"https:\/\/test.ecbeaute.com\/?post_type=product&#038;p=26615"},"modified":"2025-12-12T18:25:06","modified_gmt":"2025-12-12T17:25:06","slug":"curaskin-hydracure-creme-hydratante-regenerante-72h-50-ml","status":"publish","type":"product","link":"https:\/\/paracherkaoui.ma\/index.php\/produit\/curaskin-hydracure-creme-hydratante-regenerante-72h-50-ml\/","title":{"rendered":"CURASKIN HYDRACURE CREME HYDRATANTE REGENERANTE 72H 50 ML"},"content":{"rendered":"<p>Une cr\u00e8me formul\u00e9e sp\u00e9cialement pour retenir l\u2019hydratation des peaux d\u00e9shydrat\u00e9es et pr\u00e9venir l\u2019apparence des rides et ridules, gr\u00e2ce \u00e0 une puissante association d\u2019actifs, principalement: &#8211; L\u2019 Acide hyaluronique: utilis\u00e9 principalement pour ses propri\u00e9t\u00e9s hydratantes, raffermissantes, anti-rides, et r\u00e9g\u00e9n\u00e9rantes. &#8211; La Provitamine B5: gr\u00e2ce \u00e0 ses propri\u00e9t\u00e9s anti-inflammatoires, c\u2019est l\u2019actif cl\u00e9 pour soulager les peaux fragilis\u00e9es, irrit\u00e9es, sujettes aux d\u00e9mangeaisons. &#8211; La Pentavitin\u00ae: permet une hydratation instantan\u00e9e qui dure jusqu&rsquo;\u00e0 72 heures, soulage les d\u00e9mangeaisons des peaux s\u00e8ches et squameuses et renforce les d\u00e9fenses naturelles de la peau Sa texture l\u00e9g\u00e8re permet une absorption facile et une nutrition intense, tout en laissant la peau visiblement plus douce, plus lisse et d&rsquo;apparence plus jeune.<br \/>\nConseils d&rsquo;utilisation:<br \/>\nAppliquez la cr\u00e8me hydratante \u00e0 volont\u00e9 sur l&rsquo;ensemble du visage et du cou, massez doucement jusqu&rsquo;\u00e0 absorption totale.<\/p>\n","protected":false},"excerpt":{"rendered":"<p>Une cr\u00e8me formul\u00e9e sp\u00e9cialement pour retenir l\u2019hydratation des peaux d\u00e9shydrat\u00e9es et pr\u00e9venir l\u2019apparence des rides et ridules, gr\u00e2ce \u00e0 une<\/p>\n","protected":false},"featured_media":26638,"comment_status":"open","ping_status":"closed","template":"","meta":[],"product_brand":[363],"product_cat":[525],"product_tag":[],"class_list":{"0":"post-26615","1":"product","2":"type-product","3":"status-publish","4":"has-post-thumbnail","6":"product_brand-curaskin","7":"product_cat-cremes-jour","9":"first","10":"instock","11":"sale","12":"shipping-taxable","13":"purchasable","14":"product-type-simple"},"yoast_head":"<!-- This site is optimized with the Yoast SEO plugin v26.6 - https:\/\/yoast.com\/wordpress\/plugins\/seo\/ -->\r\n<title>CURASKIN HYDRACURE CREME HYDRATANTE REGENERANTE 72H 50 ML - Paracherkaoui.ma<\/title>\r\n<meta name=\"robots\" content=\"index, follow, max-snippet:-1, max-image-preview:large, max-video-preview:-1\" \/>\r\n<link rel=\"canonical\" href=\"https:\/\/paracherkaoui.ma\/index.php\/produit\/curaskin-hydracure-creme-hydratante-regenerante-72h-50-ml\/\" \/>\r\n<meta property=\"og:locale\" content=\"fr_FR\" \/>\r\n<meta property=\"og:type\" content=\"article\" \/>\r\n<meta property=\"og:title\" content=\"CURASKIN HYDRACURE CREME HYDRATANTE REGENERANTE 72H 50 ML - Paracherkaoui.ma\" \/>\r\n<meta property=\"og:description\" content=\"Une cr\u00e8me formul\u00e9e sp\u00e9cialement pour retenir l\u2019hydratation des peaux d\u00e9shydrat\u00e9es et pr\u00e9venir l\u2019apparence des rides et ridules, gr\u00e2ce \u00e0 une\" \/>\r\n<meta property=\"og:url\" content=\"https:\/\/paracherkaoui.ma\/index.php\/produit\/curaskin-hydracure-creme-hydratante-regenerante-72h-50-ml\/\" \/>\r\n<meta property=\"og:site_name\" content=\"Paracherkaoui.ma\" \/>\r\n<meta property=\"article:modified_time\" content=\"2025-12-12T17:25:06+00:00\" \/>\r\n<meta property=\"og:image\" content=\"https:\/\/paracherkaoui.ma\/wp-content\/uploads\/2025\/12\/curaskin-curaskin-hydracure-creme-hydratante-regenerante-72h-50-ml-cremes-jour.jpg\" \/>\r\n\t<meta property=\"og:image:width\" content=\"700\" \/>\r\n\t<meta property=\"og:image:height\" content=\"700\" \/>\r\n\t<meta property=\"og:image:type\" content=\"image\/jpeg\" \/>\r\n<meta name=\"twitter:card\" content=\"summary_large_image\" \/>\r\n<meta name=\"twitter:label1\" content=\"Dur\u00e9e de lecture estim\u00e9e\" \/>\n\t<meta name=\"twitter:data1\" content=\"1 minute\" \/>\r\n<script type=\"application\/ld+json\" class=\"yoast-schema-graph\">{\"@context\":\"https:\/\/schema.org\",\"@graph\":[{\"@type\":\"WebPage\",\"@id\":\"https:\/\/paracherkaoui.ma\/index.php\/produit\/curaskin-hydracure-creme-hydratante-regenerante-72h-50-ml\/\",\"url\":\"https:\/\/paracherkaoui.ma\/index.php\/produit\/curaskin-hydracure-creme-hydratante-regenerante-72h-50-ml\/\",\"name\":\"CURASKIN HYDRACURE CREME HYDRATANTE REGENERANTE 72H 50 ML - Paracherkaoui.ma\",\"isPartOf\":{\"@id\":\"https:\/\/paracherkaoui.ma\/#website\"},\"primaryImageOfPage\":{\"@id\":\"https:\/\/paracherkaoui.ma\/index.php\/produit\/curaskin-hydracure-creme-hydratante-regenerante-72h-50-ml\/#primaryimage\"},\"image\":{\"@id\":\"https:\/\/paracherkaoui.ma\/index.php\/produit\/curaskin-hydracure-creme-hydratante-regenerante-72h-50-ml\/#primaryimage\"},\"thumbnailUrl\":\"https:\/\/paracherkaoui.ma\/wp-content\/uploads\/2025\/12\/curaskin-curaskin-hydracure-creme-hydratante-regenerante-72h-50-ml-cremes-jour.jpg\",\"datePublished\":\"2025-12-12T17:25:03+00:00\",\"dateModified\":\"2025-12-12T17:25:06+00:00\",\"breadcrumb\":{\"@id\":\"https:\/\/paracherkaoui.ma\/index.php\/produit\/curaskin-hydracure-creme-hydratante-regenerante-72h-50-ml\/#breadcrumb\"},\"inLanguage\":\"fr-FR\",\"potentialAction\":[{\"@type\":\"ReadAction\",\"target\":[\"https:\/\/paracherkaoui.ma\/index.php\/produit\/curaskin-hydracure-creme-hydratante-regenerante-72h-50-ml\/\"]}]},{\"@type\":\"ImageObject\",\"inLanguage\":\"fr-FR\",\"@id\":\"https:\/\/paracherkaoui.ma\/index.php\/produit\/curaskin-hydracure-creme-hydratante-regenerante-72h-50-ml\/#primaryimage\",\"url\":\"https:\/\/paracherkaoui.ma\/wp-content\/uploads\/2025\/12\/curaskin-curaskin-hydracure-creme-hydratante-regenerante-72h-50-ml-cremes-jour.jpg\",\"contentUrl\":\"https:\/\/paracherkaoui.ma\/wp-content\/uploads\/2025\/12\/curaskin-curaskin-hydracure-creme-hydratante-regenerante-72h-50-ml-cremes-jour.jpg\",\"width\":700,\"height\":700},{\"@type\":\"BreadcrumbList\",\"@id\":\"https:\/\/paracherkaoui.ma\/index.php\/produit\/curaskin-hydracure-creme-hydratante-regenerante-72h-50-ml\/#breadcrumb\",\"itemListElement\":[{\"@type\":\"ListItem\",\"position\":1,\"name\":\"Accueil\",\"item\":\"https:\/\/paracherkaoui.ma\/\"},{\"@type\":\"ListItem\",\"position\":2,\"name\":\"Boutique\",\"item\":\"https:\/\/paracherkaoui.ma\/index.php\/boutique\/\"},{\"@type\":\"ListItem\",\"position\":3,\"name\":\"CURASKIN HYDRACURE CREME HYDRATANTE REGENERANTE 72H 50 ML\"}]},{\"@type\":\"WebSite\",\"@id\":\"https:\/\/paracherkaoui.ma\/#website\",\"url\":\"https:\/\/paracherkaoui.ma\/\",\"name\":\"Paracherkaoui.ma\",\"description\":\"Achetez en ligne sur Paracherkaoui.ma\",\"potentialAction\":[{\"@type\":\"SearchAction\",\"target\":{\"@type\":\"EntryPoint\",\"urlTemplate\":\"https:\/\/paracherkaoui.ma\/?s={search_term_string}\"},\"query-input\":{\"@type\":\"PropertyValueSpecification\",\"valueRequired\":true,\"valueName\":\"search_term_string\"}}],\"inLanguage\":\"fr-FR\"}]}<\/script>\r\n<!-- \/ Yoast SEO plugin. -->","yoast_head_json":{"title":"CURASKIN HYDRACURE CREME HYDRATANTE REGENERANTE 72H 50 ML - Paracherkaoui.ma","robots":{"index":"index","follow":"follow","max-snippet":"max-snippet:-1","max-image-preview":"max-image-preview:large","max-video-preview":"max-video-preview:-1"},"canonical":"https:\/\/paracherkaoui.ma\/index.php\/produit\/curaskin-hydracure-creme-hydratante-regenerante-72h-50-ml\/","og_locale":"fr_FR","og_type":"article","og_title":"CURASKIN HYDRACURE CREME HYDRATANTE REGENERANTE 72H 50 ML - Paracherkaoui.ma","og_description":"Une cr\u00e8me formul\u00e9e sp\u00e9cialement pour retenir l\u2019hydratation des peaux d\u00e9shydrat\u00e9es et pr\u00e9venir l\u2019apparence des rides et ridules, gr\u00e2ce \u00e0 une","og_url":"https:\/\/paracherkaoui.ma\/index.php\/produit\/curaskin-hydracure-creme-hydratante-regenerante-72h-50-ml\/","og_site_name":"Paracherkaoui.ma","article_modified_time":"2025-12-12T17:25:06+00:00","og_image":[{"width":700,"height":700,"url":"https:\/\/paracherkaoui.ma\/wp-content\/uploads\/2025\/12\/curaskin-curaskin-hydracure-creme-hydratante-regenerante-72h-50-ml-cremes-jour.jpg","type":"image\/jpeg"}],"twitter_card":"summary_large_image","twitter_misc":{"Dur\u00e9e de lecture estim\u00e9e":"1 minute"},"schema":{"@context":"https:\/\/schema.org","@graph":[{"@type":"WebPage","@id":"https:\/\/paracherkaoui.ma\/index.php\/produit\/curaskin-hydracure-creme-hydratante-regenerante-72h-50-ml\/","url":"https:\/\/paracherkaoui.ma\/index.php\/produit\/curaskin-hydracure-creme-hydratante-regenerante-72h-50-ml\/","name":"CURASKIN HYDRACURE CREME HYDRATANTE REGENERANTE 72H 50 ML - Paracherkaoui.ma","isPartOf":{"@id":"https:\/\/paracherkaoui.ma\/#website"},"primaryImageOfPage":{"@id":"https:\/\/paracherkaoui.ma\/index.php\/produit\/curaskin-hydracure-creme-hydratante-regenerante-72h-50-ml\/#primaryimage"},"image":{"@id":"https:\/\/paracherkaoui.ma\/index.php\/produit\/curaskin-hydracure-creme-hydratante-regenerante-72h-50-ml\/#primaryimage"},"thumbnailUrl":"https:\/\/paracherkaoui.ma\/wp-content\/uploads\/2025\/12\/curaskin-curaskin-hydracure-creme-hydratante-regenerante-72h-50-ml-cremes-jour.jpg","datePublished":"2025-12-12T17:25:03+00:00","dateModified":"2025-12-12T17:25:06+00:00","breadcrumb":{"@id":"https:\/\/paracherkaoui.ma\/index.php\/produit\/curaskin-hydracure-creme-hydratante-regenerante-72h-50-ml\/#breadcrumb"},"inLanguage":"fr-FR","potentialAction":[{"@type":"ReadAction","target":["https:\/\/paracherkaoui.ma\/index.php\/produit\/curaskin-hydracure-creme-hydratante-regenerante-72h-50-ml\/"]}]},{"@type":"ImageObject","inLanguage":"fr-FR","@id":"https:\/\/paracherkaoui.ma\/index.php\/produit\/curaskin-hydracure-creme-hydratante-regenerante-72h-50-ml\/#primaryimage","url":"https:\/\/paracherkaoui.ma\/wp-content\/uploads\/2025\/12\/curaskin-curaskin-hydracure-creme-hydratante-regenerante-72h-50-ml-cremes-jour.jpg","contentUrl":"https:\/\/paracherkaoui.ma\/wp-content\/uploads\/2025\/12\/curaskin-curaskin-hydracure-creme-hydratante-regenerante-72h-50-ml-cremes-jour.jpg","width":700,"height":700},{"@type":"BreadcrumbList","@id":"https:\/\/paracherkaoui.ma\/index.php\/produit\/curaskin-hydracure-creme-hydratante-regenerante-72h-50-ml\/#breadcrumb","itemListElement":[{"@type":"ListItem","position":1,"name":"Accueil","item":"https:\/\/paracherkaoui.ma\/"},{"@type":"ListItem","position":2,"name":"Boutique","item":"https:\/\/paracherkaoui.ma\/index.php\/boutique\/"},{"@type":"ListItem","position":3,"name":"CURASKIN HYDRACURE CREME HYDRATANTE REGENERANTE 72H 50 ML"}]},{"@type":"WebSite","@id":"https:\/\/paracherkaoui.ma\/#website","url":"https:\/\/paracherkaoui.ma\/","name":"Paracherkaoui.ma","description":"Achetez en ligne sur Paracherkaoui.ma","potentialAction":[{"@type":"SearchAction","target":{"@type":"EntryPoint","urlTemplate":"https:\/\/paracherkaoui.ma\/?s={search_term_string}"},"query-input":{"@type":"PropertyValueSpecification","valueRequired":true,"valueName":"search_term_string"}}],"inLanguage":"fr-FR"}]}},"_links":{"self":[{"href":"https:\/\/paracherkaoui.ma\/index.php\/wp-json\/wp\/v2\/product\/26615","targetHints":{"allow":["GET"]}}],"collection":[{"href":"https:\/\/paracherkaoui.ma\/index.php\/wp-json\/wp\/v2\/product"}],"about":[{"href":"https:\/\/paracherkaoui.ma\/index.php\/wp-json\/wp\/v2\/types\/product"}],"replies":[{"embeddable":true,"href":"https:\/\/paracherkaoui.ma\/index.php\/wp-json\/wp\/v2\/comments?post=26615"}],"version-history":[{"count":1,"href":"https:\/\/paracherkaoui.ma\/index.php\/wp-json\/wp\/v2\/product\/26615\/revisions"}],"predecessor-version":[{"id":26639,"href":"https:\/\/paracherkaoui.ma\/index.php\/wp-json\/wp\/v2\/product\/26615\/revisions\/26639"}],"wp:featuredmedia":[{"embeddable":true,"href":"https:\/\/paracherkaoui.ma\/index.php\/wp-json\/wp\/v2\/media\/26638"}],"wp:attachment":[{"href":"https:\/\/paracherkaoui.ma\/index.php\/wp-json\/wp\/v2\/media?parent=26615"}],"wp:term":[{"taxonomy":"product_brand","embeddable":true,"href":"https:\/\/paracherkaoui.ma\/index.php\/wp-json\/wp\/v2\/product_brand?post=26615"},{"taxonomy":"product_cat","embeddable":true,"href":"https:\/\/paracherkaoui.ma\/index.php\/wp-json\/wp\/v2\/product_cat?post=26615"},{"taxonomy":"product_tag","embeddable":true,"href":"https:\/\/paracherkaoui.ma\/index.php\/wp-json\/wp\/v2\/product_tag?post=26615"}],"curies":[{"name":"wp","href":"https:\/\/api.w.org\/{rel}","templated":true}]}}