{"id":26559,"date":"2025-12-12T18:24:56","date_gmt":"2025-12-12T17:24:56","guid":{"rendered":"https:\/\/test.ecbeaute.com\/?post_type=product&#038;p=26559"},"modified":"2025-12-12T18:24:59","modified_gmt":"2025-12-12T17:24:59","slug":"lea-nature-jonzac-rehydrate-soin-leger-fondant-50-ml","status":"publish","type":"product","link":"https:\/\/paracherkaoui.ma\/index.php\/produit\/lea-nature-jonzac-rehydrate-soin-leger-fondant-50-ml\/","title":{"rendered":"LEA NATURE JONZAC REHYDRATE SOIN LEGER FONDANT 50 ML"},"content":{"rendered":"<p>Enrichi en eau thermale de Jonzac, glyc\u00e9rine v\u00e9g\u00e9tale et acide hyaluronique d\u2019origine naturelle, le soin l\u00e9ger fondant Rehydrate active imm\u00e9diatement l\u2019hydratation naturelle de la peau. Il la maintient pendant 24h et renforce la barri\u00e8re cutan\u00e9e pour pr\u00e9venir du vieillissement pr\u00e9matur\u00e9. Sa texture l\u00e9g\u00e8re et fondante lib\u00e8re une sensation de fra\u00eecheur et favorise une hydratation intense et durable. Visiblement repulp\u00e9e, la peau est \u00e9clatante de beaut\u00e9.<br \/>\nFormul\u00e9 avec : 15% Eau thermale de Jonzac apaisante et hydratante, Acide hyaluronique d\u2019origine naturelle et Glyc\u00e9rine v\u00e9g\u00e9tale reconnus hydratants<br \/>\nConseils d&rsquo;utilisation:<br \/>\nAppliquez matin et\/ou soir sur le visage et le cou parfaitement nettoy\u00e9s. Excellente base de maquillage.<\/p>\n","protected":false},"excerpt":{"rendered":"<p>Enrichi en eau thermale de Jonzac, glyc\u00e9rine v\u00e9g\u00e9tale et acide hyaluronique d\u2019origine naturelle, le soin l\u00e9ger fondant Rehydrate active imm\u00e9diatement<\/p>\n","protected":false},"featured_media":26594,"comment_status":"open","ping_status":"closed","template":"","meta":[],"product_brand":[373],"product_cat":[525],"product_tag":[],"class_list":{"0":"post-26559","1":"product","2":"type-product","3":"status-publish","4":"has-post-thumbnail","6":"product_brand-lea-nature","7":"product_cat-cremes-jour","9":"first","10":"instock","11":"sale","12":"shipping-taxable","13":"purchasable","14":"product-type-simple"},"yoast_head":"<!-- This site is optimized with the Yoast SEO plugin v26.6 - https:\/\/yoast.com\/wordpress\/plugins\/seo\/ -->\r\n<title>LEA NATURE JONZAC REHYDRATE SOIN LEGER FONDANT 50 ML - Paracherkaoui.ma<\/title>\r\n<meta name=\"robots\" content=\"index, follow, max-snippet:-1, max-image-preview:large, max-video-preview:-1\" \/>\r\n<link rel=\"canonical\" href=\"https:\/\/paracherkaoui.ma\/index.php\/produit\/lea-nature-jonzac-rehydrate-soin-leger-fondant-50-ml\/\" \/>\r\n<meta property=\"og:locale\" content=\"fr_FR\" \/>\r\n<meta property=\"og:type\" content=\"article\" \/>\r\n<meta property=\"og:title\" content=\"LEA NATURE JONZAC REHYDRATE SOIN LEGER FONDANT 50 ML - Paracherkaoui.ma\" \/>\r\n<meta property=\"og:description\" content=\"Enrichi en eau thermale de Jonzac, glyc\u00e9rine v\u00e9g\u00e9tale et acide hyaluronique d\u2019origine naturelle, le soin l\u00e9ger fondant Rehydrate active imm\u00e9diatement\" \/>\r\n<meta property=\"og:url\" content=\"https:\/\/paracherkaoui.ma\/index.php\/produit\/lea-nature-jonzac-rehydrate-soin-leger-fondant-50-ml\/\" \/>\r\n<meta property=\"og:site_name\" content=\"Paracherkaoui.ma\" \/>\r\n<meta property=\"article:modified_time\" content=\"2025-12-12T17:24:59+00:00\" \/>\r\n<meta property=\"og:image\" content=\"https:\/\/paracherkaoui.ma\/wp-content\/uploads\/2025\/12\/lea-nature-lea-nature-jonzac-rehydrate-soin-leger-fondant-50-ml-home.jpg\" \/>\r\n\t<meta property=\"og:image:width\" content=\"700\" \/>\r\n\t<meta property=\"og:image:height\" content=\"700\" \/>\r\n\t<meta property=\"og:image:type\" content=\"image\/jpeg\" \/>\r\n<meta name=\"twitter:card\" content=\"summary_large_image\" \/>\r\n<meta name=\"twitter:label1\" content=\"Dur\u00e9e de lecture estim\u00e9e\" \/>\n\t<meta name=\"twitter:data1\" content=\"1 minute\" \/>\r\n<script type=\"application\/ld+json\" class=\"yoast-schema-graph\">{\"@context\":\"https:\/\/schema.org\",\"@graph\":[{\"@type\":\"WebPage\",\"@id\":\"https:\/\/paracherkaoui.ma\/index.php\/produit\/lea-nature-jonzac-rehydrate-soin-leger-fondant-50-ml\/\",\"url\":\"https:\/\/paracherkaoui.ma\/index.php\/produit\/lea-nature-jonzac-rehydrate-soin-leger-fondant-50-ml\/\",\"name\":\"LEA NATURE JONZAC REHYDRATE SOIN LEGER FONDANT 50 ML - Paracherkaoui.ma\",\"isPartOf\":{\"@id\":\"https:\/\/paracherkaoui.ma\/#website\"},\"primaryImageOfPage\":{\"@id\":\"https:\/\/paracherkaoui.ma\/index.php\/produit\/lea-nature-jonzac-rehydrate-soin-leger-fondant-50-ml\/#primaryimage\"},\"image\":{\"@id\":\"https:\/\/paracherkaoui.ma\/index.php\/produit\/lea-nature-jonzac-rehydrate-soin-leger-fondant-50-ml\/#primaryimage\"},\"thumbnailUrl\":\"https:\/\/paracherkaoui.ma\/wp-content\/uploads\/2025\/12\/lea-nature-lea-nature-jonzac-rehydrate-soin-leger-fondant-50-ml-home.jpg\",\"datePublished\":\"2025-12-12T17:24:56+00:00\",\"dateModified\":\"2025-12-12T17:24:59+00:00\",\"breadcrumb\":{\"@id\":\"https:\/\/paracherkaoui.ma\/index.php\/produit\/lea-nature-jonzac-rehydrate-soin-leger-fondant-50-ml\/#breadcrumb\"},\"inLanguage\":\"fr-FR\",\"potentialAction\":[{\"@type\":\"ReadAction\",\"target\":[\"https:\/\/paracherkaoui.ma\/index.php\/produit\/lea-nature-jonzac-rehydrate-soin-leger-fondant-50-ml\/\"]}]},{\"@type\":\"ImageObject\",\"inLanguage\":\"fr-FR\",\"@id\":\"https:\/\/paracherkaoui.ma\/index.php\/produit\/lea-nature-jonzac-rehydrate-soin-leger-fondant-50-ml\/#primaryimage\",\"url\":\"https:\/\/paracherkaoui.ma\/wp-content\/uploads\/2025\/12\/lea-nature-lea-nature-jonzac-rehydrate-soin-leger-fondant-50-ml-home.jpg\",\"contentUrl\":\"https:\/\/paracherkaoui.ma\/wp-content\/uploads\/2025\/12\/lea-nature-lea-nature-jonzac-rehydrate-soin-leger-fondant-50-ml-home.jpg\",\"width\":700,\"height\":700},{\"@type\":\"BreadcrumbList\",\"@id\":\"https:\/\/paracherkaoui.ma\/index.php\/produit\/lea-nature-jonzac-rehydrate-soin-leger-fondant-50-ml\/#breadcrumb\",\"itemListElement\":[{\"@type\":\"ListItem\",\"position\":1,\"name\":\"Accueil\",\"item\":\"https:\/\/paracherkaoui.ma\/\"},{\"@type\":\"ListItem\",\"position\":2,\"name\":\"Boutique\",\"item\":\"https:\/\/paracherkaoui.ma\/index.php\/boutique\/\"},{\"@type\":\"ListItem\",\"position\":3,\"name\":\"LEA NATURE JONZAC REHYDRATE SOIN LEGER FONDANT 50 ML\"}]},{\"@type\":\"WebSite\",\"@id\":\"https:\/\/paracherkaoui.ma\/#website\",\"url\":\"https:\/\/paracherkaoui.ma\/\",\"name\":\"Paracherkaoui.ma\",\"description\":\"Achetez en ligne sur Paracherkaoui.ma\",\"potentialAction\":[{\"@type\":\"SearchAction\",\"target\":{\"@type\":\"EntryPoint\",\"urlTemplate\":\"https:\/\/paracherkaoui.ma\/?s={search_term_string}\"},\"query-input\":{\"@type\":\"PropertyValueSpecification\",\"valueRequired\":true,\"valueName\":\"search_term_string\"}}],\"inLanguage\":\"fr-FR\"}]}<\/script>\r\n<!-- \/ Yoast SEO plugin. -->","yoast_head_json":{"title":"LEA NATURE JONZAC REHYDRATE SOIN LEGER FONDANT 50 ML - Paracherkaoui.ma","robots":{"index":"index","follow":"follow","max-snippet":"max-snippet:-1","max-image-preview":"max-image-preview:large","max-video-preview":"max-video-preview:-1"},"canonical":"https:\/\/paracherkaoui.ma\/index.php\/produit\/lea-nature-jonzac-rehydrate-soin-leger-fondant-50-ml\/","og_locale":"fr_FR","og_type":"article","og_title":"LEA NATURE JONZAC REHYDRATE SOIN LEGER FONDANT 50 ML - Paracherkaoui.ma","og_description":"Enrichi en eau thermale de Jonzac, glyc\u00e9rine v\u00e9g\u00e9tale et acide hyaluronique d\u2019origine naturelle, le soin l\u00e9ger fondant Rehydrate active imm\u00e9diatement","og_url":"https:\/\/paracherkaoui.ma\/index.php\/produit\/lea-nature-jonzac-rehydrate-soin-leger-fondant-50-ml\/","og_site_name":"Paracherkaoui.ma","article_modified_time":"2025-12-12T17:24:59+00:00","og_image":[{"width":700,"height":700,"url":"https:\/\/paracherkaoui.ma\/wp-content\/uploads\/2025\/12\/lea-nature-lea-nature-jonzac-rehydrate-soin-leger-fondant-50-ml-home.jpg","type":"image\/jpeg"}],"twitter_card":"summary_large_image","twitter_misc":{"Dur\u00e9e de lecture estim\u00e9e":"1 minute"},"schema":{"@context":"https:\/\/schema.org","@graph":[{"@type":"WebPage","@id":"https:\/\/paracherkaoui.ma\/index.php\/produit\/lea-nature-jonzac-rehydrate-soin-leger-fondant-50-ml\/","url":"https:\/\/paracherkaoui.ma\/index.php\/produit\/lea-nature-jonzac-rehydrate-soin-leger-fondant-50-ml\/","name":"LEA NATURE JONZAC REHYDRATE SOIN LEGER FONDANT 50 ML - Paracherkaoui.ma","isPartOf":{"@id":"https:\/\/paracherkaoui.ma\/#website"},"primaryImageOfPage":{"@id":"https:\/\/paracherkaoui.ma\/index.php\/produit\/lea-nature-jonzac-rehydrate-soin-leger-fondant-50-ml\/#primaryimage"},"image":{"@id":"https:\/\/paracherkaoui.ma\/index.php\/produit\/lea-nature-jonzac-rehydrate-soin-leger-fondant-50-ml\/#primaryimage"},"thumbnailUrl":"https:\/\/paracherkaoui.ma\/wp-content\/uploads\/2025\/12\/lea-nature-lea-nature-jonzac-rehydrate-soin-leger-fondant-50-ml-home.jpg","datePublished":"2025-12-12T17:24:56+00:00","dateModified":"2025-12-12T17:24:59+00:00","breadcrumb":{"@id":"https:\/\/paracherkaoui.ma\/index.php\/produit\/lea-nature-jonzac-rehydrate-soin-leger-fondant-50-ml\/#breadcrumb"},"inLanguage":"fr-FR","potentialAction":[{"@type":"ReadAction","target":["https:\/\/paracherkaoui.ma\/index.php\/produit\/lea-nature-jonzac-rehydrate-soin-leger-fondant-50-ml\/"]}]},{"@type":"ImageObject","inLanguage":"fr-FR","@id":"https:\/\/paracherkaoui.ma\/index.php\/produit\/lea-nature-jonzac-rehydrate-soin-leger-fondant-50-ml\/#primaryimage","url":"https:\/\/paracherkaoui.ma\/wp-content\/uploads\/2025\/12\/lea-nature-lea-nature-jonzac-rehydrate-soin-leger-fondant-50-ml-home.jpg","contentUrl":"https:\/\/paracherkaoui.ma\/wp-content\/uploads\/2025\/12\/lea-nature-lea-nature-jonzac-rehydrate-soin-leger-fondant-50-ml-home.jpg","width":700,"height":700},{"@type":"BreadcrumbList","@id":"https:\/\/paracherkaoui.ma\/index.php\/produit\/lea-nature-jonzac-rehydrate-soin-leger-fondant-50-ml\/#breadcrumb","itemListElement":[{"@type":"ListItem","position":1,"name":"Accueil","item":"https:\/\/paracherkaoui.ma\/"},{"@type":"ListItem","position":2,"name":"Boutique","item":"https:\/\/paracherkaoui.ma\/index.php\/boutique\/"},{"@type":"ListItem","position":3,"name":"LEA NATURE JONZAC REHYDRATE SOIN LEGER FONDANT 50 ML"}]},{"@type":"WebSite","@id":"https:\/\/paracherkaoui.ma\/#website","url":"https:\/\/paracherkaoui.ma\/","name":"Paracherkaoui.ma","description":"Achetez en ligne sur Paracherkaoui.ma","potentialAction":[{"@type":"SearchAction","target":{"@type":"EntryPoint","urlTemplate":"https:\/\/paracherkaoui.ma\/?s={search_term_string}"},"query-input":{"@type":"PropertyValueSpecification","valueRequired":true,"valueName":"search_term_string"}}],"inLanguage":"fr-FR"}]}},"_links":{"self":[{"href":"https:\/\/paracherkaoui.ma\/index.php\/wp-json\/wp\/v2\/product\/26559","targetHints":{"allow":["GET"]}}],"collection":[{"href":"https:\/\/paracherkaoui.ma\/index.php\/wp-json\/wp\/v2\/product"}],"about":[{"href":"https:\/\/paracherkaoui.ma\/index.php\/wp-json\/wp\/v2\/types\/product"}],"replies":[{"embeddable":true,"href":"https:\/\/paracherkaoui.ma\/index.php\/wp-json\/wp\/v2\/comments?post=26559"}],"version-history":[{"count":1,"href":"https:\/\/paracherkaoui.ma\/index.php\/wp-json\/wp\/v2\/product\/26559\/revisions"}],"predecessor-version":[{"id":26595,"href":"https:\/\/paracherkaoui.ma\/index.php\/wp-json\/wp\/v2\/product\/26559\/revisions\/26595"}],"wp:featuredmedia":[{"embeddable":true,"href":"https:\/\/paracherkaoui.ma\/index.php\/wp-json\/wp\/v2\/media\/26594"}],"wp:attachment":[{"href":"https:\/\/paracherkaoui.ma\/index.php\/wp-json\/wp\/v2\/media?parent=26559"}],"wp:term":[{"taxonomy":"product_brand","embeddable":true,"href":"https:\/\/paracherkaoui.ma\/index.php\/wp-json\/wp\/v2\/product_brand?post=26559"},{"taxonomy":"product_cat","embeddable":true,"href":"https:\/\/paracherkaoui.ma\/index.php\/wp-json\/wp\/v2\/product_cat?post=26559"},{"taxonomy":"product_tag","embeddable":true,"href":"https:\/\/paracherkaoui.ma\/index.php\/wp-json\/wp\/v2\/product_tag?post=26559"}],"curies":[{"name":"wp","href":"https:\/\/api.w.org\/{rel}","templated":true}]}}