{"id":26557,"date":"2025-12-12T18:24:56","date_gmt":"2025-12-12T17:24:56","guid":{"rendered":"https:\/\/test.ecbeaute.com\/?post_type=product&#038;p=26557"},"modified":"2025-12-12T18:24:59","modified_gmt":"2025-12-12T17:24:59","slug":"isdin-isdinceutics-glicoisdin-8-soft-50-g-5","status":"publish","type":"product","link":"https:\/\/paracherkaoui.ma\/index.php\/produit\/isdin-isdinceutics-glicoisdin-8-soft-50-g-5\/","title":{"rendered":"ISDIN ISDINCEUTICS GLICOISDIN 8 SOFT 50 G"},"content":{"rendered":"<p>Description:<br \/>\nLa Cr\u00e8me\u00a0Glicoisdin 8 Soft Facial par Isdin\u00a0est un soin pour le visage qui permet de booster le processus de renouvellement cutan\u00e9 et de r\u00e9duire l&rsquo;apparence des rides et des ridules tr\u00e8s souvent provoqu\u00e9es par le photovieillissement. Sa formule enrichie en acide glycolique libre, exfolie et lisse la surface de la peau, corrige les irr\u00e9gularit\u00e9s du teint et le rend plus unifi\u00e9 et plus \u00e9clatant. Il contient \u00e9galement des extraits d&rsquo;huile de bourrache afin d&rsquo;apporter une action hydratante sur la peau qui permet de r\u00e9duire les sensations d&rsquo;irritation.<br \/>\nConseils d&rsquo;utilisation:<br \/>\nAppliquer quotidiennement sur le visage parfaitement nettoy\u00e9 en r\u00e9alisant un petit massage jusqu\u2019\u00e0 sa compl\u00e8te absorption.\u00a0 Commercer toujours par des concentrations baisses en acide glycolique puis incr\u00e9mentez selon la tol\u00e9rance de la peau. Appliquer de pr\u00e9f\u00e9rence la nuit ou avec un photoprotecteur si on l\u2019applique le matin.<\/p>\n","protected":false},"excerpt":{"rendered":"<p>Description: La Cr\u00e8me\u00a0Glicoisdin 8 Soft Facial par Isdin\u00a0est un soin pour le visage qui permet de booster le processus de<\/p>\n","protected":false},"featured_media":13445,"comment_status":"open","ping_status":"closed","template":"","meta":[],"product_brand":[135],"product_cat":[525],"product_tag":[],"class_list":{"0":"post-26557","1":"product","2":"type-product","3":"status-publish","4":"has-post-thumbnail","6":"product_brand-isdin","7":"product_cat-cremes-jour","9":"first","10":"instock","11":"sale","12":"shipping-taxable","13":"purchasable","14":"product-type-simple"},"yoast_head":"<!-- This site is optimized with the Yoast SEO plugin v26.6 - https:\/\/yoast.com\/wordpress\/plugins\/seo\/ -->\r\n<title>ISDIN ISDINCEUTICS GLICOISDIN 8 SOFT 50 G - Paracherkaoui.ma<\/title>\r\n<meta name=\"robots\" content=\"index, follow, max-snippet:-1, max-image-preview:large, max-video-preview:-1\" \/>\r\n<link rel=\"canonical\" href=\"https:\/\/paracherkaoui.ma\/index.php\/produit\/isdin-isdinceutics-glicoisdin-8-soft-50-g-5\/\" \/>\r\n<meta property=\"og:locale\" content=\"fr_FR\" \/>\r\n<meta property=\"og:type\" content=\"article\" \/>\r\n<meta property=\"og:title\" content=\"ISDIN ISDINCEUTICS GLICOISDIN 8 SOFT 50 G - Paracherkaoui.ma\" \/>\r\n<meta property=\"og:description\" content=\"Description: La Cr\u00e8me\u00a0Glicoisdin 8 Soft Facial par Isdin\u00a0est un soin pour le visage qui permet de booster le processus de\" \/>\r\n<meta property=\"og:url\" content=\"https:\/\/paracherkaoui.ma\/index.php\/produit\/isdin-isdinceutics-glicoisdin-8-soft-50-g-5\/\" \/>\r\n<meta property=\"og:site_name\" content=\"Paracherkaoui.ma\" \/>\r\n<meta property=\"article:modified_time\" content=\"2025-12-12T17:24:59+00:00\" \/>\r\n<meta property=\"og:image\" content=\"https:\/\/paracherkaoui.ma\/wp-content\/uploads\/2025\/12\/isdin-isdin-isdinceutics-glicoisdin-8-soft-50-g-premieres-rides.jpg\" \/>\r\n\t<meta property=\"og:image:width\" content=\"700\" \/>\r\n\t<meta property=\"og:image:height\" content=\"700\" \/>\r\n\t<meta property=\"og:image:type\" content=\"image\/jpeg\" \/>\r\n<meta name=\"twitter:card\" content=\"summary_large_image\" \/>\r\n<meta name=\"twitter:label1\" content=\"Dur\u00e9e de lecture estim\u00e9e\" \/>\n\t<meta name=\"twitter:data1\" content=\"1 minute\" \/>\r\n<script type=\"application\/ld+json\" class=\"yoast-schema-graph\">{\"@context\":\"https:\/\/schema.org\",\"@graph\":[{\"@type\":\"WebPage\",\"@id\":\"https:\/\/paracherkaoui.ma\/index.php\/produit\/isdin-isdinceutics-glicoisdin-8-soft-50-g-5\/\",\"url\":\"https:\/\/paracherkaoui.ma\/index.php\/produit\/isdin-isdinceutics-glicoisdin-8-soft-50-g-5\/\",\"name\":\"ISDIN ISDINCEUTICS GLICOISDIN 8 SOFT 50 G - Paracherkaoui.ma\",\"isPartOf\":{\"@id\":\"https:\/\/paracherkaoui.ma\/#website\"},\"primaryImageOfPage\":{\"@id\":\"https:\/\/paracherkaoui.ma\/index.php\/produit\/isdin-isdinceutics-glicoisdin-8-soft-50-g-5\/#primaryimage\"},\"image\":{\"@id\":\"https:\/\/paracherkaoui.ma\/index.php\/produit\/isdin-isdinceutics-glicoisdin-8-soft-50-g-5\/#primaryimage\"},\"thumbnailUrl\":\"https:\/\/paracherkaoui.ma\/wp-content\/uploads\/2025\/12\/isdin-isdin-isdinceutics-glicoisdin-8-soft-50-g-premieres-rides.jpg\",\"datePublished\":\"2025-12-12T17:24:56+00:00\",\"dateModified\":\"2025-12-12T17:24:59+00:00\",\"breadcrumb\":{\"@id\":\"https:\/\/paracherkaoui.ma\/index.php\/produit\/isdin-isdinceutics-glicoisdin-8-soft-50-g-5\/#breadcrumb\"},\"inLanguage\":\"fr-FR\",\"potentialAction\":[{\"@type\":\"ReadAction\",\"target\":[\"https:\/\/paracherkaoui.ma\/index.php\/produit\/isdin-isdinceutics-glicoisdin-8-soft-50-g-5\/\"]}]},{\"@type\":\"ImageObject\",\"inLanguage\":\"fr-FR\",\"@id\":\"https:\/\/paracherkaoui.ma\/index.php\/produit\/isdin-isdinceutics-glicoisdin-8-soft-50-g-5\/#primaryimage\",\"url\":\"https:\/\/paracherkaoui.ma\/wp-content\/uploads\/2025\/12\/isdin-isdin-isdinceutics-glicoisdin-8-soft-50-g-premieres-rides.jpg\",\"contentUrl\":\"https:\/\/paracherkaoui.ma\/wp-content\/uploads\/2025\/12\/isdin-isdin-isdinceutics-glicoisdin-8-soft-50-g-premieres-rides.jpg\",\"width\":700,\"height\":700},{\"@type\":\"BreadcrumbList\",\"@id\":\"https:\/\/paracherkaoui.ma\/index.php\/produit\/isdin-isdinceutics-glicoisdin-8-soft-50-g-5\/#breadcrumb\",\"itemListElement\":[{\"@type\":\"ListItem\",\"position\":1,\"name\":\"Accueil\",\"item\":\"https:\/\/paracherkaoui.ma\/\"},{\"@type\":\"ListItem\",\"position\":2,\"name\":\"Boutique\",\"item\":\"https:\/\/paracherkaoui.ma\/index.php\/boutique\/\"},{\"@type\":\"ListItem\",\"position\":3,\"name\":\"ISDIN ISDINCEUTICS GLICOISDIN 8 SOFT 50 G\"}]},{\"@type\":\"WebSite\",\"@id\":\"https:\/\/paracherkaoui.ma\/#website\",\"url\":\"https:\/\/paracherkaoui.ma\/\",\"name\":\"Paracherkaoui.ma\",\"description\":\"Achetez en ligne sur Paracherkaoui.ma\",\"potentialAction\":[{\"@type\":\"SearchAction\",\"target\":{\"@type\":\"EntryPoint\",\"urlTemplate\":\"https:\/\/paracherkaoui.ma\/?s={search_term_string}\"},\"query-input\":{\"@type\":\"PropertyValueSpecification\",\"valueRequired\":true,\"valueName\":\"search_term_string\"}}],\"inLanguage\":\"fr-FR\"}]}<\/script>\r\n<!-- \/ Yoast SEO plugin. -->","yoast_head_json":{"title":"ISDIN ISDINCEUTICS GLICOISDIN 8 SOFT 50 G - Paracherkaoui.ma","robots":{"index":"index","follow":"follow","max-snippet":"max-snippet:-1","max-image-preview":"max-image-preview:large","max-video-preview":"max-video-preview:-1"},"canonical":"https:\/\/paracherkaoui.ma\/index.php\/produit\/isdin-isdinceutics-glicoisdin-8-soft-50-g-5\/","og_locale":"fr_FR","og_type":"article","og_title":"ISDIN ISDINCEUTICS GLICOISDIN 8 SOFT 50 G - Paracherkaoui.ma","og_description":"Description: La Cr\u00e8me\u00a0Glicoisdin 8 Soft Facial par Isdin\u00a0est un soin pour le visage qui permet de booster le processus de","og_url":"https:\/\/paracherkaoui.ma\/index.php\/produit\/isdin-isdinceutics-glicoisdin-8-soft-50-g-5\/","og_site_name":"Paracherkaoui.ma","article_modified_time":"2025-12-12T17:24:59+00:00","og_image":[{"width":700,"height":700,"url":"https:\/\/paracherkaoui.ma\/wp-content\/uploads\/2025\/12\/isdin-isdin-isdinceutics-glicoisdin-8-soft-50-g-premieres-rides.jpg","type":"image\/jpeg"}],"twitter_card":"summary_large_image","twitter_misc":{"Dur\u00e9e de lecture estim\u00e9e":"1 minute"},"schema":{"@context":"https:\/\/schema.org","@graph":[{"@type":"WebPage","@id":"https:\/\/paracherkaoui.ma\/index.php\/produit\/isdin-isdinceutics-glicoisdin-8-soft-50-g-5\/","url":"https:\/\/paracherkaoui.ma\/index.php\/produit\/isdin-isdinceutics-glicoisdin-8-soft-50-g-5\/","name":"ISDIN ISDINCEUTICS GLICOISDIN 8 SOFT 50 G - Paracherkaoui.ma","isPartOf":{"@id":"https:\/\/paracherkaoui.ma\/#website"},"primaryImageOfPage":{"@id":"https:\/\/paracherkaoui.ma\/index.php\/produit\/isdin-isdinceutics-glicoisdin-8-soft-50-g-5\/#primaryimage"},"image":{"@id":"https:\/\/paracherkaoui.ma\/index.php\/produit\/isdin-isdinceutics-glicoisdin-8-soft-50-g-5\/#primaryimage"},"thumbnailUrl":"https:\/\/paracherkaoui.ma\/wp-content\/uploads\/2025\/12\/isdin-isdin-isdinceutics-glicoisdin-8-soft-50-g-premieres-rides.jpg","datePublished":"2025-12-12T17:24:56+00:00","dateModified":"2025-12-12T17:24:59+00:00","breadcrumb":{"@id":"https:\/\/paracherkaoui.ma\/index.php\/produit\/isdin-isdinceutics-glicoisdin-8-soft-50-g-5\/#breadcrumb"},"inLanguage":"fr-FR","potentialAction":[{"@type":"ReadAction","target":["https:\/\/paracherkaoui.ma\/index.php\/produit\/isdin-isdinceutics-glicoisdin-8-soft-50-g-5\/"]}]},{"@type":"ImageObject","inLanguage":"fr-FR","@id":"https:\/\/paracherkaoui.ma\/index.php\/produit\/isdin-isdinceutics-glicoisdin-8-soft-50-g-5\/#primaryimage","url":"https:\/\/paracherkaoui.ma\/wp-content\/uploads\/2025\/12\/isdin-isdin-isdinceutics-glicoisdin-8-soft-50-g-premieres-rides.jpg","contentUrl":"https:\/\/paracherkaoui.ma\/wp-content\/uploads\/2025\/12\/isdin-isdin-isdinceutics-glicoisdin-8-soft-50-g-premieres-rides.jpg","width":700,"height":700},{"@type":"BreadcrumbList","@id":"https:\/\/paracherkaoui.ma\/index.php\/produit\/isdin-isdinceutics-glicoisdin-8-soft-50-g-5\/#breadcrumb","itemListElement":[{"@type":"ListItem","position":1,"name":"Accueil","item":"https:\/\/paracherkaoui.ma\/"},{"@type":"ListItem","position":2,"name":"Boutique","item":"https:\/\/paracherkaoui.ma\/index.php\/boutique\/"},{"@type":"ListItem","position":3,"name":"ISDIN ISDINCEUTICS GLICOISDIN 8 SOFT 50 G"}]},{"@type":"WebSite","@id":"https:\/\/paracherkaoui.ma\/#website","url":"https:\/\/paracherkaoui.ma\/","name":"Paracherkaoui.ma","description":"Achetez en ligne sur Paracherkaoui.ma","potentialAction":[{"@type":"SearchAction","target":{"@type":"EntryPoint","urlTemplate":"https:\/\/paracherkaoui.ma\/?s={search_term_string}"},"query-input":{"@type":"PropertyValueSpecification","valueRequired":true,"valueName":"search_term_string"}}],"inLanguage":"fr-FR"}]}},"_links":{"self":[{"href":"https:\/\/paracherkaoui.ma\/index.php\/wp-json\/wp\/v2\/product\/26557","targetHints":{"allow":["GET"]}}],"collection":[{"href":"https:\/\/paracherkaoui.ma\/index.php\/wp-json\/wp\/v2\/product"}],"about":[{"href":"https:\/\/paracherkaoui.ma\/index.php\/wp-json\/wp\/v2\/types\/product"}],"replies":[{"embeddable":true,"href":"https:\/\/paracherkaoui.ma\/index.php\/wp-json\/wp\/v2\/comments?post=26557"}],"version-history":[{"count":1,"href":"https:\/\/paracherkaoui.ma\/index.php\/wp-json\/wp\/v2\/product\/26557\/revisions"}],"predecessor-version":[{"id":26592,"href":"https:\/\/paracherkaoui.ma\/index.php\/wp-json\/wp\/v2\/product\/26557\/revisions\/26592"}],"wp:featuredmedia":[{"embeddable":true,"href":"https:\/\/paracherkaoui.ma\/index.php\/wp-json\/wp\/v2\/media\/13445"}],"wp:attachment":[{"href":"https:\/\/paracherkaoui.ma\/index.php\/wp-json\/wp\/v2\/media?parent=26557"}],"wp:term":[{"taxonomy":"product_brand","embeddable":true,"href":"https:\/\/paracherkaoui.ma\/index.php\/wp-json\/wp\/v2\/product_brand?post=26557"},{"taxonomy":"product_cat","embeddable":true,"href":"https:\/\/paracherkaoui.ma\/index.php\/wp-json\/wp\/v2\/product_cat?post=26557"},{"taxonomy":"product_tag","embeddable":true,"href":"https:\/\/paracherkaoui.ma\/index.php\/wp-json\/wp\/v2\/product_tag?post=26557"}],"curies":[{"name":"wp","href":"https:\/\/api.w.org\/{rel}","templated":true}]}}