{"id":26544,"date":"2025-12-12T18:24:54","date_gmt":"2025-12-12T17:24:54","guid":{"rendered":"https:\/\/test.ecbeaute.com\/?post_type=product&#038;p=26544"},"modified":"2025-12-12T18:24:57","modified_gmt":"2025-12-12T17:24:57","slug":"vichy-mineral-89-creme-boost-dhydratation-72h-legere-50-ml","status":"publish","type":"product","link":"https:\/\/paracherkaoui.ma\/index.php\/produit\/vichy-mineral-89-creme-boost-dhydratation-72h-legere-50-ml\/","title":{"rendered":"VICHY MINERAL 89 CREME BOOST D&rsquo;HYDRATATION 72H LEGERE 50 ML"},"content":{"rendered":"<p>Gr\u00e2ce \u00e0 sa texture fondante et rafra\u00eechissante, elle p\u00e9n\u00e8tre rapidement sans effet gras, procurant une sensation imm\u00e9diate de confort. Cliniquement prouv\u00e9e, elle offre une hydratation continue pendant 72 heures, m\u00eame dans les conditions les plus extr\u00eames. D\u00e8s 15 minutes, la s\u00e9cheresse cutan\u00e9e est r\u00e9duite de -94 %, et apr\u00e8s seulement 1 jour et 3 heures, la barri\u00e8re cutan\u00e9e se r\u00e9pare 8 fois plus rapidement*.<br \/>\nFormul\u00e9e sans alcool, sans parfum, sans silicone, sans colorant, sans ph\u00e9noxi\u00e9thanol et sans sulfates, elle respecte les peaux les plus sensibles. Elle convient \u00e0 tous les types de peau, y compris les peaux d\u00e9shydrat\u00e9es, fatigu\u00e9es ou expos\u00e9es \u00e0 des agressions ext\u00e9rieures quotidiennes.<br \/>\nSa formule dermatologiquement avanc\u00e9e allie le pouvoir hydratant de l\u2019acide hyaluronique, les propri\u00e9t\u00e9s antioxydantes de la vitamine E et de la niacinamide (vitamine B3), ainsi que l&rsquo;action nutritive du squalane, pour une peau plus souple, rebondie et lumineuse jour apr\u00e8s jour.<br \/>\nConseils d\u2019utilisation<br \/>\nAppliquez matin et soir sur une peau parfaitement nettoy\u00e9e. Pr\u00e9levez une noisette de cr\u00e8me et r\u00e9partissez-la sur l&rsquo;ensemble du visage en massant d\u00e9licatement du centre vers l\u2019ext\u00e9rieur. Convient en base de maquillage.<br \/>\nComposition<br \/>\nAqua, Glycerin, Dicaprylyl Ether, Pentylene Glycol, Polyglyceryl-6 Distearate, Niacinamide, Propanediol, Cetyl Esters, Jojoba Esters, Cetearyl Isononanoate, Squalane, Behenyl Alcohol, Adenosine, Capryloyl Salicylic Acid, Hydroxyacetophenone, Mineral Salts, Sodium Hyaluronate, Trisodium Ethylenediamine Disuccinate, Vitreoscilla Ferment, Tocopherol, Acacia Decurrens Flower Cera, Acrylamide\/Sodium Acryloyldimethyltaurate Copolymer, Cetyl Alcohol, Helianthus Annuus Seed Cera, Hydroxypropyl Starch Phosphate, Isohexadecane, Polyglycerin-3, Polyglyceryl-3 Beeswax, Polysorbate 80, Sodium Stearoyl Glutamate, Sorbitan Oleate, Parfum<\/p>\n","protected":false},"excerpt":{"rendered":"<p>Gr\u00e2ce \u00e0 sa texture fondante et rafra\u00eechissante, elle p\u00e9n\u00e8tre rapidement sans effet gras, procurant une sensation imm\u00e9diate de confort. Cliniquement<\/p>\n","protected":false},"featured_media":26574,"comment_status":"open","ping_status":"closed","template":"","meta":[],"product_brand":[139],"product_cat":[525],"product_tag":[],"class_list":{"0":"post-26544","1":"product","2":"type-product","3":"status-publish","4":"has-post-thumbnail","6":"product_brand-vichy","7":"product_cat-cremes-jour","9":"first","10":"instock","11":"sale","12":"shipping-taxable","13":"purchasable","14":"product-type-simple"},"yoast_head":"<!-- This site is optimized with the Yoast SEO plugin v26.6 - https:\/\/yoast.com\/wordpress\/plugins\/seo\/ -->\r\n<title>VICHY MINERAL 89 CREME BOOST D&#039;HYDRATATION 72H LEGERE 50 ML - Paracherkaoui.ma<\/title>\r\n<meta name=\"robots\" content=\"index, follow, max-snippet:-1, max-image-preview:large, max-video-preview:-1\" \/>\r\n<link rel=\"canonical\" href=\"https:\/\/paracherkaoui.ma\/index.php\/produit\/vichy-mineral-89-creme-boost-dhydratation-72h-legere-50-ml\/\" \/>\r\n<meta property=\"og:locale\" content=\"fr_FR\" \/>\r\n<meta property=\"og:type\" content=\"article\" \/>\r\n<meta property=\"og:title\" content=\"VICHY MINERAL 89 CREME BOOST D&#039;HYDRATATION 72H LEGERE 50 ML - Paracherkaoui.ma\" \/>\r\n<meta property=\"og:description\" content=\"Gr\u00e2ce \u00e0 sa texture fondante et rafra\u00eechissante, elle p\u00e9n\u00e8tre rapidement sans effet gras, procurant une sensation imm\u00e9diate de confort. Cliniquement\" \/>\r\n<meta property=\"og:url\" content=\"https:\/\/paracherkaoui.ma\/index.php\/produit\/vichy-mineral-89-creme-boost-dhydratation-72h-legere-50-ml\/\" \/>\r\n<meta property=\"og:site_name\" content=\"Paracherkaoui.ma\" \/>\r\n<meta property=\"article:modified_time\" content=\"2025-12-12T17:24:57+00:00\" \/>\r\n<meta property=\"og:image\" content=\"https:\/\/paracherkaoui.ma\/wp-content\/uploads\/2025\/12\/vichy-vichy-mineral-89-creme-boost-dhydratation-72h-legere-50-ml-cremes-jour.jpg\" \/>\r\n\t<meta property=\"og:image:width\" content=\"700\" \/>\r\n\t<meta property=\"og:image:height\" content=\"700\" \/>\r\n\t<meta property=\"og:image:type\" content=\"image\/jpeg\" \/>\r\n<meta name=\"twitter:card\" content=\"summary_large_image\" \/>\r\n<meta name=\"twitter:label1\" content=\"Dur\u00e9e de lecture estim\u00e9e\" \/>\n\t<meta name=\"twitter:data1\" content=\"1 minute\" \/>\r\n<script type=\"application\/ld+json\" class=\"yoast-schema-graph\">{\"@context\":\"https:\/\/schema.org\",\"@graph\":[{\"@type\":\"WebPage\",\"@id\":\"https:\/\/paracherkaoui.ma\/index.php\/produit\/vichy-mineral-89-creme-boost-dhydratation-72h-legere-50-ml\/\",\"url\":\"https:\/\/paracherkaoui.ma\/index.php\/produit\/vichy-mineral-89-creme-boost-dhydratation-72h-legere-50-ml\/\",\"name\":\"VICHY MINERAL 89 CREME BOOST D'HYDRATATION 72H LEGERE 50 ML - Paracherkaoui.ma\",\"isPartOf\":{\"@id\":\"https:\/\/paracherkaoui.ma\/#website\"},\"primaryImageOfPage\":{\"@id\":\"https:\/\/paracherkaoui.ma\/index.php\/produit\/vichy-mineral-89-creme-boost-dhydratation-72h-legere-50-ml\/#primaryimage\"},\"image\":{\"@id\":\"https:\/\/paracherkaoui.ma\/index.php\/produit\/vichy-mineral-89-creme-boost-dhydratation-72h-legere-50-ml\/#primaryimage\"},\"thumbnailUrl\":\"https:\/\/paracherkaoui.ma\/wp-content\/uploads\/2025\/12\/vichy-vichy-mineral-89-creme-boost-dhydratation-72h-legere-50-ml-cremes-jour.jpg\",\"datePublished\":\"2025-12-12T17:24:54+00:00\",\"dateModified\":\"2025-12-12T17:24:57+00:00\",\"breadcrumb\":{\"@id\":\"https:\/\/paracherkaoui.ma\/index.php\/produit\/vichy-mineral-89-creme-boost-dhydratation-72h-legere-50-ml\/#breadcrumb\"},\"inLanguage\":\"fr-FR\",\"potentialAction\":[{\"@type\":\"ReadAction\",\"target\":[\"https:\/\/paracherkaoui.ma\/index.php\/produit\/vichy-mineral-89-creme-boost-dhydratation-72h-legere-50-ml\/\"]}]},{\"@type\":\"ImageObject\",\"inLanguage\":\"fr-FR\",\"@id\":\"https:\/\/paracherkaoui.ma\/index.php\/produit\/vichy-mineral-89-creme-boost-dhydratation-72h-legere-50-ml\/#primaryimage\",\"url\":\"https:\/\/paracherkaoui.ma\/wp-content\/uploads\/2025\/12\/vichy-vichy-mineral-89-creme-boost-dhydratation-72h-legere-50-ml-cremes-jour.jpg\",\"contentUrl\":\"https:\/\/paracherkaoui.ma\/wp-content\/uploads\/2025\/12\/vichy-vichy-mineral-89-creme-boost-dhydratation-72h-legere-50-ml-cremes-jour.jpg\",\"width\":700,\"height\":700},{\"@type\":\"BreadcrumbList\",\"@id\":\"https:\/\/paracherkaoui.ma\/index.php\/produit\/vichy-mineral-89-creme-boost-dhydratation-72h-legere-50-ml\/#breadcrumb\",\"itemListElement\":[{\"@type\":\"ListItem\",\"position\":1,\"name\":\"Accueil\",\"item\":\"https:\/\/paracherkaoui.ma\/\"},{\"@type\":\"ListItem\",\"position\":2,\"name\":\"Boutique\",\"item\":\"https:\/\/paracherkaoui.ma\/index.php\/boutique\/\"},{\"@type\":\"ListItem\",\"position\":3,\"name\":\"VICHY MINERAL 89 CREME BOOST D&rsquo;HYDRATATION 72H LEGERE 50 ML\"}]},{\"@type\":\"WebSite\",\"@id\":\"https:\/\/paracherkaoui.ma\/#website\",\"url\":\"https:\/\/paracherkaoui.ma\/\",\"name\":\"Paracherkaoui.ma\",\"description\":\"Achetez en ligne sur Paracherkaoui.ma\",\"potentialAction\":[{\"@type\":\"SearchAction\",\"target\":{\"@type\":\"EntryPoint\",\"urlTemplate\":\"https:\/\/paracherkaoui.ma\/?s={search_term_string}\"},\"query-input\":{\"@type\":\"PropertyValueSpecification\",\"valueRequired\":true,\"valueName\":\"search_term_string\"}}],\"inLanguage\":\"fr-FR\"}]}<\/script>\r\n<!-- \/ Yoast SEO plugin. -->","yoast_head_json":{"title":"VICHY MINERAL 89 CREME BOOST D'HYDRATATION 72H LEGERE 50 ML - Paracherkaoui.ma","robots":{"index":"index","follow":"follow","max-snippet":"max-snippet:-1","max-image-preview":"max-image-preview:large","max-video-preview":"max-video-preview:-1"},"canonical":"https:\/\/paracherkaoui.ma\/index.php\/produit\/vichy-mineral-89-creme-boost-dhydratation-72h-legere-50-ml\/","og_locale":"fr_FR","og_type":"article","og_title":"VICHY MINERAL 89 CREME BOOST D'HYDRATATION 72H LEGERE 50 ML - Paracherkaoui.ma","og_description":"Gr\u00e2ce \u00e0 sa texture fondante et rafra\u00eechissante, elle p\u00e9n\u00e8tre rapidement sans effet gras, procurant une sensation imm\u00e9diate de confort. Cliniquement","og_url":"https:\/\/paracherkaoui.ma\/index.php\/produit\/vichy-mineral-89-creme-boost-dhydratation-72h-legere-50-ml\/","og_site_name":"Paracherkaoui.ma","article_modified_time":"2025-12-12T17:24:57+00:00","og_image":[{"width":700,"height":700,"url":"https:\/\/paracherkaoui.ma\/wp-content\/uploads\/2025\/12\/vichy-vichy-mineral-89-creme-boost-dhydratation-72h-legere-50-ml-cremes-jour.jpg","type":"image\/jpeg"}],"twitter_card":"summary_large_image","twitter_misc":{"Dur\u00e9e de lecture estim\u00e9e":"1 minute"},"schema":{"@context":"https:\/\/schema.org","@graph":[{"@type":"WebPage","@id":"https:\/\/paracherkaoui.ma\/index.php\/produit\/vichy-mineral-89-creme-boost-dhydratation-72h-legere-50-ml\/","url":"https:\/\/paracherkaoui.ma\/index.php\/produit\/vichy-mineral-89-creme-boost-dhydratation-72h-legere-50-ml\/","name":"VICHY MINERAL 89 CREME BOOST D'HYDRATATION 72H LEGERE 50 ML - Paracherkaoui.ma","isPartOf":{"@id":"https:\/\/paracherkaoui.ma\/#website"},"primaryImageOfPage":{"@id":"https:\/\/paracherkaoui.ma\/index.php\/produit\/vichy-mineral-89-creme-boost-dhydratation-72h-legere-50-ml\/#primaryimage"},"image":{"@id":"https:\/\/paracherkaoui.ma\/index.php\/produit\/vichy-mineral-89-creme-boost-dhydratation-72h-legere-50-ml\/#primaryimage"},"thumbnailUrl":"https:\/\/paracherkaoui.ma\/wp-content\/uploads\/2025\/12\/vichy-vichy-mineral-89-creme-boost-dhydratation-72h-legere-50-ml-cremes-jour.jpg","datePublished":"2025-12-12T17:24:54+00:00","dateModified":"2025-12-12T17:24:57+00:00","breadcrumb":{"@id":"https:\/\/paracherkaoui.ma\/index.php\/produit\/vichy-mineral-89-creme-boost-dhydratation-72h-legere-50-ml\/#breadcrumb"},"inLanguage":"fr-FR","potentialAction":[{"@type":"ReadAction","target":["https:\/\/paracherkaoui.ma\/index.php\/produit\/vichy-mineral-89-creme-boost-dhydratation-72h-legere-50-ml\/"]}]},{"@type":"ImageObject","inLanguage":"fr-FR","@id":"https:\/\/paracherkaoui.ma\/index.php\/produit\/vichy-mineral-89-creme-boost-dhydratation-72h-legere-50-ml\/#primaryimage","url":"https:\/\/paracherkaoui.ma\/wp-content\/uploads\/2025\/12\/vichy-vichy-mineral-89-creme-boost-dhydratation-72h-legere-50-ml-cremes-jour.jpg","contentUrl":"https:\/\/paracherkaoui.ma\/wp-content\/uploads\/2025\/12\/vichy-vichy-mineral-89-creme-boost-dhydratation-72h-legere-50-ml-cremes-jour.jpg","width":700,"height":700},{"@type":"BreadcrumbList","@id":"https:\/\/paracherkaoui.ma\/index.php\/produit\/vichy-mineral-89-creme-boost-dhydratation-72h-legere-50-ml\/#breadcrumb","itemListElement":[{"@type":"ListItem","position":1,"name":"Accueil","item":"https:\/\/paracherkaoui.ma\/"},{"@type":"ListItem","position":2,"name":"Boutique","item":"https:\/\/paracherkaoui.ma\/index.php\/boutique\/"},{"@type":"ListItem","position":3,"name":"VICHY MINERAL 89 CREME BOOST D&rsquo;HYDRATATION 72H LEGERE 50 ML"}]},{"@type":"WebSite","@id":"https:\/\/paracherkaoui.ma\/#website","url":"https:\/\/paracherkaoui.ma\/","name":"Paracherkaoui.ma","description":"Achetez en ligne sur Paracherkaoui.ma","potentialAction":[{"@type":"SearchAction","target":{"@type":"EntryPoint","urlTemplate":"https:\/\/paracherkaoui.ma\/?s={search_term_string}"},"query-input":{"@type":"PropertyValueSpecification","valueRequired":true,"valueName":"search_term_string"}}],"inLanguage":"fr-FR"}]}},"_links":{"self":[{"href":"https:\/\/paracherkaoui.ma\/index.php\/wp-json\/wp\/v2\/product\/26544","targetHints":{"allow":["GET"]}}],"collection":[{"href":"https:\/\/paracherkaoui.ma\/index.php\/wp-json\/wp\/v2\/product"}],"about":[{"href":"https:\/\/paracherkaoui.ma\/index.php\/wp-json\/wp\/v2\/types\/product"}],"replies":[{"embeddable":true,"href":"https:\/\/paracherkaoui.ma\/index.php\/wp-json\/wp\/v2\/comments?post=26544"}],"version-history":[{"count":1,"href":"https:\/\/paracherkaoui.ma\/index.php\/wp-json\/wp\/v2\/product\/26544\/revisions"}],"predecessor-version":[{"id":26575,"href":"https:\/\/paracherkaoui.ma\/index.php\/wp-json\/wp\/v2\/product\/26544\/revisions\/26575"}],"wp:featuredmedia":[{"embeddable":true,"href":"https:\/\/paracherkaoui.ma\/index.php\/wp-json\/wp\/v2\/media\/26574"}],"wp:attachment":[{"href":"https:\/\/paracherkaoui.ma\/index.php\/wp-json\/wp\/v2\/media?parent=26544"}],"wp:term":[{"taxonomy":"product_brand","embeddable":true,"href":"https:\/\/paracherkaoui.ma\/index.php\/wp-json\/wp\/v2\/product_brand?post=26544"},{"taxonomy":"product_cat","embeddable":true,"href":"https:\/\/paracherkaoui.ma\/index.php\/wp-json\/wp\/v2\/product_cat?post=26544"},{"taxonomy":"product_tag","embeddable":true,"href":"https:\/\/paracherkaoui.ma\/index.php\/wp-json\/wp\/v2\/product_tag?post=26544"}],"curies":[{"name":"wp","href":"https:\/\/api.w.org\/{rel}","templated":true}]}}