{"id":26543,"date":"2025-12-12T18:24:54","date_gmt":"2025-12-12T17:24:54","guid":{"rendered":"https:\/\/test.ecbeaute.com\/?post_type=product&#038;p=26543"},"modified":"2025-12-12T18:24:57","modified_gmt":"2025-12-12T17:24:57","slug":"la-roche-posay-effaclar-serum-visage-anti-imperfections-30ml-3","status":"publish","type":"product","link":"https:\/\/paracherkaoui.ma\/index.php\/produit\/la-roche-posay-effaclar-serum-visage-anti-imperfections-30ml-3\/","title":{"rendered":"LA ROCHE POSAY EFFACLAR SERUM VISAGE ANTI IMPERFECTIONS 30ML"},"content":{"rendered":"<p>.elementor-240 .elementor-element.elementor-element-39c74b84 .elementor-tab-title, .elementor-240 .elementor-element.elementor-element-39c74b84 .elementor-tab-title:before, .elementor-240 .elementor-element.elementor-element-39c74b84 .elementor-tab-title:after, .elementor-240 .elementor-element.elementor-element-39c74b84 .elementor-tab-content, .elementor-240 .elementor-element.elementor-element-39c74b84 .elementor-tabs-content-wrapper{border-width:0.5px;}.elementor-240 .elementor-element.elementor-element-39c74b84 .elementor-tab-title{color:#000000;}.elementor-240 .elementor-element.elementor-element-39c74b84 .elementor-tab-title.elementor-active{color:#00a28d;}.elementor-240 .elementor-element.elementor-element-39c74b84 .elementor-tab-content{color:#000000;}.elementor-240 .elementor-element.elementor-element-692a4f2b .axps-swiper-slider .swiper-slide img{width:auto;}.elementor-240 .elementor-element.elementor-element-692a4f2b .wrapper-items:not(.swiper-container-initialized) .item{-ms-flex:0 0 calc(100%\/2);flex:0 0 calc(100%\/2);max-width:calc(100%\/2);}.elementor-240 .elementor-element.elementor-element-692a4f2b .wrapper-items .swiper-slide{padding-left:calc(30px\/2);padding-right:calc(30px\/2);}.elementor-240 .elementor-element.elementor-element-692a4f2b .wrapper-items .swiper-slide .item-inner{margin-bottom:30px;}.elementor-240 .elementor-element.elementor-element-692a4f2b .wrapper-items{margin-left:calc(-30px\/2);margin-right:calc(-30px\/2);}.elementor-240 .elementor-element.elementor-element-692a4f2b .swiper-wrapper .item-inner{text-align:center;}.elementor-240 .elementor-element.elementor-element-5b73fd1{text-align:center;}.elementor-240 .elementor-element.elementor-element-5b73fd1.elementor-widget-heading .elementor-heading-title{color:#000000;}.elementor-240 .elementor-element.elementor-element-5b73fd1 .elementor-heading-title{font-size:17px;font-weight:900;}.elementor-240 .elementor-element.elementor-element-5e8e48bb{margin-top:-16px;margin-bottom:0px;}.elementor-240 .elementor-element.elementor-element-29be7460 > .elementor-widget-container{margin:-46px 0px 0px 0px;}.elementor-240 .elementor-element.elementor-element-6b43fb1d > .elementor-widget-container{margin:-46px 0px 0px 0px;}.elementor-240 .elementor-element.elementor-element-3f9f2722 > .elementor-widget-container{margin:-46px 0px 0px 0px;}.elementor-240 .elementor-element.elementor-element-fba8608 > .elementor-widget-container{margin:-46px 0px 0px 0px;}.elementor-240 .elementor-element.elementor-element-a0d5674 > .elementor-widget-container{margin:-46px 0px 0px 0px;}.elementor-240 .elementor-element.elementor-element-0bfc520{text-align:center;}.elementor-240 .elementor-element.elementor-element-0bfc520.elementor-widget-heading .elementor-heading-title{color:#000000;}.elementor-240 .elementor-element.elementor-element-0bfc520 .elementor-heading-title{font-size:17px;font-weight:900;}.elementor-240 .elementor-element.elementor-element-2ff4f9bf{margin-top:-16px;margin-bottom:0px;}.elementor-240 .elementor-element.elementor-element-cf5751f > .elementor-widget-container{margin:-46px 0px 0px 0px;}.elementor-240 .elementor-element.elementor-element-34238ca3 > .elementor-widget-container{margin:-46px 0px 0px 0px;}.elementor-240 .elementor-element.elementor-element-44512a07 > .elementor-widget-container{margin:-46px 0px 0px 0px;}@media(max-width:1024px){.elementor-240 .elementor-element.elementor-element-692a4f2b .wrapper-items:not(.swiper-container-initialized) .item{-ms-flex:0 0 calc(100%\/4);flex:0 0 calc(100%\/4);max-width:calc(100%\/4);}.elementor-240 .elementor-element.elementor-element-692a4f2b .wrapper-items .swiper-slide{padding-left:calc(20px\/2);padding-right:calc(20px\/2);}.elementor-240 .elementor-element.elementor-element-692a4f2b .wrapper-items .swiper-slide .item-inner{margin-bottom:20px;}.elementor-240 .elementor-element.elementor-element-692a4f2b .wrapper-items{margin-left:calc(-20px\/2);margin-right:calc(-20px\/2);}.elementor-240 .elementor-element.elementor-element-29be7460 > .elementor-widget-container{margin:-33px 0px 0px 0px;}.elementor-240 .elementor-element.elementor-element-6b43fb1d > .elementor-widget-container{margin:-33px 0px 0px 0px;}.elementor-240 .elementor-element.elementor-element-3f9f2722 > .elementor-widget-container{margin:-33px 0px 0px 0px;}.elementor-240 .elementor-element.elementor-element-fba8608 > .elementor-widget-container{margin:-33px 0px 0px 0px;}.elementor-240 .elementor-element.elementor-element-a0d5674 > .elementor-widget-container{margin:-33px 0px 0px 0px;}.elementor-240 .elementor-element.elementor-element-cf5751f > .elementor-widget-container{margin:-33px 0px 0px 0px;}.elementor-240 .elementor-element.elementor-element-34238ca3 > .elementor-widget-container{margin:-33px 0px 0px 0px;}.elementor-240 .elementor-element.elementor-element-44512a07 > .elementor-widget-container{margin:-33px 0px 0px 0px;}}@media(max-width:767px){.elementor-240 .elementor-element.elementor-element-692a4f2b .wrapper-items:not(.swiper-container-initialized) .item{-ms-flex:0 0 calc(100%\/4);flex:0 0 calc(100%\/4);max-width:calc(100%\/4);}.elementor-240 .elementor-element.elementor-element-692a4f2b .wrapper-items .swiper-slide{padding-left:calc(10px\/2);padding-right:calc(10px\/2);}.elementor-240 .elementor-element.elementor-element-692a4f2b .wrapper-items .swiper-slide .item-inner{margin-bottom:10px;}.elementor-240 .elementor-element.elementor-element-692a4f2b .wrapper-items{margin-left:calc(-10px\/2);margin-right:calc(-10px\/2);}.elementor-240 .elementor-element.elementor-element-7d88b510{width:50%;}.elementor-240 .elementor-element.elementor-element-29be7460 > .elementor-widget-container{margin:-26px 0px 0px 0px;}.elementor-240 .elementor-element.elementor-element-4d8e1a78{width:50%;}.elementor-240 .elementor-element.elementor-element-6b43fb1d > .elementor-widget-container{margin:-26px 0px 0px 0px;}.elementor-240 .elementor-element.elementor-element-504b3f08{width:50%;}.elementor-240 .elementor-element.elementor-element-3f9f2722 > .elementor-widget-container{margin:-26px 0px 0px 0px;}.elementor-240 .elementor-element.elementor-element-31bbe45{width:50%;}.elementor-240 .elementor-element.elementor-element-fba8608 > .elementor-widget-container{margin:-26px 0px 0px 0px;}.elementor-240 .elementor-element.elementor-element-2ffca6b{width:50%;}.elementor-240 .elementor-element.elementor-element-a0d5674 > .elementor-widget-container{margin:-26px 0px 0px 0px;}.elementor-240 .elementor-element.elementor-element-1b4db78a{width:50%;}.elementor-240 .elementor-element.elementor-element-cf5751f > .elementor-widget-container{margin:-26px 0px 0px 0px;}.elementor-240 .elementor-element.elementor-element-5c8012df{width:50%;}.elementor-240 .elementor-element.elementor-element-34238ca3 > .elementor-widget-container{margin:-26px 0px 0px 0px;}.elementor-240 .elementor-element.elementor-element-c809a6b{width:50%;}.elementor-240 .elementor-element.elementor-element-44512a07 > .elementor-widget-container{margin:-26px 0px 0px 0px;}}<br \/>\nDescription<br \/>\nConseils d&rsquo;utilisation<br \/>\nComposition<br \/>\nDescription<br \/>\nUne synergie d\u2019acides exfoliants puissants :<br \/>\nCe s\u00e9rum renferme un trio d\u2019acides compl\u00e9mentaires :<br \/>\nAcide salicylique : connu pour son action k\u00e9ratolytique, il d\u00e9sincruste les pores, \u00e9limine les cellules mortes et r\u00e9gule la production de s\u00e9bum.<br \/>\nAcide glycolique : issu de la canne \u00e0 sucre, il stimule le renouvellement cellulaire, affine la texture de la peau et ravive l\u2019\u00e9clat du teint.<br \/>\nLHA (capryloyl salicylic acid) : actif exclusif La Roche-Posay, il exfolie en douceur tout en respectant les peaux sensibles.<br \/>\nApaisement et r\u00e9paration :<br \/>\nEnrichi en niacinamide (vitamine B3), ce s\u00e9rum r\u00e9duit les marques et l\u2019hyperpigmentation post-imperfections. L\u2019eau thermale de La Roche-Posay, aux vertus apaisantes et anti-inflammatoires, calme les irritations et renforce la barri\u00e8re cutan\u00e9e.<br \/>\nR\u00e9sultats cliniquement prouv\u00e9s :<br \/>\n45% de boutons en moins*<br \/>\n49% de marques att\u00e9nu\u00e9es*<br \/>\n50% de points noirs en moins**<br \/>\nD\u00e8s 14 jours, 92% des utilisateurs constatent des pores moins visibles et 100% trouvent leur peau plus confortable.***<br \/>\nTexture et tol\u00e9rance :<br \/>\nSa texture l\u00e9g\u00e8re, \u00e0 absorption rapide et au fini non collant, convient parfaitement \u00e0 une routine du soir. Formul\u00e9 sans com\u00e9dog\u00e8nes, il respecte la sensibilit\u00e9 cutan\u00e9e.<br \/>\nConseils d&rsquo;utilisation<br \/>\nAppliquer le soir sur une peau propre et s\u00e8che, sur l\u2019ensemble du visage.<br \/>\n\u00c9viter le contour des yeux et les zones irrit\u00e9es ou l\u00e9s\u00e9es.<br \/>\nEn cas de sensation d\u2019inconfort, espacer les applications.<br \/>\nDurant toute la p\u00e9riode d&rsquo;utilisation, appliquer une protection solaire haute le matin (ex. : Anthelios UVMUNE 400) et \u00e9viter l\u2019exposition prolong\u00e9e au soleil.<br \/>\nPour de meilleurs r\u00e9sultats, utiliser en compl\u00e9ment le Gel Moussant EFFACLAR.<br \/>\nComposition<br \/>\nAQUA \/ WATER, ALCOHOL DENAT., PROPANEDIOL, GLYCOLIC ACID, NIACINAMIDE, DIMETHYL ISOSORBIDE, PENTYLENE GLYCOL, SALICYLIC ACID, SODIUM HYDROXIDE, PEG-60 HYDROGENATED CASTOR OIL, HYDROXYETHYLPIPERAZINE ETHANE SULFONIC ACID, CITRIC ACID, PEG-30 GLYCERYL COCOATE, CAPRYLOYL SALICYLIC ACID, BIOSACCHARIDE GUM-1, MALTODEXTRIN, PHYTIC ACID, POLYQUATERNIUM-10, PARFUM \/ FRAGRANCE<br \/>\nD\u00e9couvrez plus de soins anti-imperfections La Roche Posay<br \/>\nAjouter au Panier<br \/>\nAjouter au Panier<br \/>\nAjouter au Panier<br \/>\nAjouter au Panier<br \/>\nAjouter au Panier<br \/>\nCompl\u00e9tez votre routine<br \/>\nAjouter au Panier<br \/>\nAjouter au Panier<br \/>\nAjouter au Panier<\/p>\n","protected":false},"excerpt":{"rendered":"<p>.elementor-240 .elementor-element.elementor-element-39c74b84 .elementor-tab-title, .elementor-240 .elementor-element.elementor-element-39c74b84 .elementor-tab-title:before, .elementor-240 .elementor-element.elementor-element-39c74b84 .elementor-tab-title:after, .elementor-240 .elementor-element.elementor-element-39c74b84 .elementor-tab-content, .elementor-240 .elementor-element.elementor-element-39c74b84 .elementor-tabs-content-wrapper{border-width:0.5px;}.elementor-240 .elementor-element.elementor-element-39c74b84 .elementor-tab-title{color:#000000;}.elementor-240 .elementor-element.elementor-element-39c74b84 .elementor-tab-title.elementor-active{color:#00a28d;}.elementor-240 .elementor-element.elementor-element-39c74b84<\/p>\n","protected":false},"featured_media":13242,"comment_status":"open","ping_status":"closed","template":"","meta":[],"product_brand":[132],"product_cat":[525],"product_tag":[],"class_list":{"0":"post-26543","1":"product","2":"type-product","3":"status-publish","4":"has-post-thumbnail","6":"product_brand-la-roche-posay","7":"product_cat-cremes-jour","9":"first","10":"instock","11":"sale","12":"shipping-taxable","13":"purchasable","14":"product-type-simple"},"yoast_head":"<!-- This site is optimized with the Yoast SEO plugin v26.6 - https:\/\/yoast.com\/wordpress\/plugins\/seo\/ -->\r\n<title>LA ROCHE POSAY EFFACLAR SERUM VISAGE ANTI IMPERFECTIONS 30ML - Paracherkaoui.ma<\/title>\r\n<meta name=\"robots\" content=\"index, follow, max-snippet:-1, max-image-preview:large, max-video-preview:-1\" \/>\r\n<link rel=\"canonical\" href=\"https:\/\/paracherkaoui.ma\/index.php\/produit\/la-roche-posay-effaclar-serum-visage-anti-imperfections-30ml-3\/\" \/>\r\n<meta property=\"og:locale\" content=\"fr_FR\" \/>\r\n<meta property=\"og:type\" content=\"article\" \/>\r\n<meta property=\"og:title\" content=\"LA ROCHE POSAY EFFACLAR SERUM VISAGE ANTI IMPERFECTIONS 30ML - Paracherkaoui.ma\" \/>\r\n<meta property=\"og:description\" content=\".elementor-240 .elementor-element.elementor-element-39c74b84 .elementor-tab-title, .elementor-240 .elementor-element.elementor-element-39c74b84 .elementor-tab-title:before, .elementor-240 .elementor-element.elementor-element-39c74b84 .elementor-tab-title:after, .elementor-240 .elementor-element.elementor-element-39c74b84 .elementor-tab-content, .elementor-240 .elementor-element.elementor-element-39c74b84 .elementor-tabs-content-wrapper{border-width:0.5px;}.elementor-240 .elementor-element.elementor-element-39c74b84 .elementor-tab-title{color:#000000;}.elementor-240 .elementor-element.elementor-element-39c74b84 .elementor-tab-title.elementor-active{color:#00a28d;}.elementor-240 .elementor-element.elementor-element-39c74b84\" \/>\r\n<meta property=\"og:url\" content=\"https:\/\/paracherkaoui.ma\/index.php\/produit\/la-roche-posay-effaclar-serum-visage-anti-imperfections-30ml-3\/\" \/>\r\n<meta property=\"og:site_name\" content=\"Paracherkaoui.ma\" \/>\r\n<meta property=\"article:modified_time\" content=\"2025-12-12T17:24:57+00:00\" \/>\r\n<meta property=\"og:image\" content=\"https:\/\/paracherkaoui.ma\/wp-content\/uploads\/2025\/12\/la-roche-posay-la-roche-posay-effaclar-serum-visage-anti-imperfections-30ml-soins-anti-imperfections.jpg\" \/>\r\n\t<meta property=\"og:image:width\" content=\"700\" \/>\r\n\t<meta property=\"og:image:height\" content=\"700\" \/>\r\n\t<meta property=\"og:image:type\" content=\"image\/jpeg\" \/>\r\n<meta name=\"twitter:card\" content=\"summary_large_image\" \/>\r\n<meta name=\"twitter:label1\" content=\"Dur\u00e9e de lecture estim\u00e9e\" \/>\n\t<meta name=\"twitter:data1\" content=\"5 minutes\" \/>\r\n<script type=\"application\/ld+json\" class=\"yoast-schema-graph\">{\"@context\":\"https:\/\/schema.org\",\"@graph\":[{\"@type\":\"WebPage\",\"@id\":\"https:\/\/paracherkaoui.ma\/index.php\/produit\/la-roche-posay-effaclar-serum-visage-anti-imperfections-30ml-3\/\",\"url\":\"https:\/\/paracherkaoui.ma\/index.php\/produit\/la-roche-posay-effaclar-serum-visage-anti-imperfections-30ml-3\/\",\"name\":\"LA ROCHE POSAY EFFACLAR SERUM VISAGE ANTI IMPERFECTIONS 30ML - Paracherkaoui.ma\",\"isPartOf\":{\"@id\":\"https:\/\/paracherkaoui.ma\/#website\"},\"primaryImageOfPage\":{\"@id\":\"https:\/\/paracherkaoui.ma\/index.php\/produit\/la-roche-posay-effaclar-serum-visage-anti-imperfections-30ml-3\/#primaryimage\"},\"image\":{\"@id\":\"https:\/\/paracherkaoui.ma\/index.php\/produit\/la-roche-posay-effaclar-serum-visage-anti-imperfections-30ml-3\/#primaryimage\"},\"thumbnailUrl\":\"https:\/\/paracherkaoui.ma\/wp-content\/uploads\/2025\/12\/la-roche-posay-la-roche-posay-effaclar-serum-visage-anti-imperfections-30ml-soins-anti-imperfections.jpg\",\"datePublished\":\"2025-12-12T17:24:54+00:00\",\"dateModified\":\"2025-12-12T17:24:57+00:00\",\"breadcrumb\":{\"@id\":\"https:\/\/paracherkaoui.ma\/index.php\/produit\/la-roche-posay-effaclar-serum-visage-anti-imperfections-30ml-3\/#breadcrumb\"},\"inLanguage\":\"fr-FR\",\"potentialAction\":[{\"@type\":\"ReadAction\",\"target\":[\"https:\/\/paracherkaoui.ma\/index.php\/produit\/la-roche-posay-effaclar-serum-visage-anti-imperfections-30ml-3\/\"]}]},{\"@type\":\"ImageObject\",\"inLanguage\":\"fr-FR\",\"@id\":\"https:\/\/paracherkaoui.ma\/index.php\/produit\/la-roche-posay-effaclar-serum-visage-anti-imperfections-30ml-3\/#primaryimage\",\"url\":\"https:\/\/paracherkaoui.ma\/wp-content\/uploads\/2025\/12\/la-roche-posay-la-roche-posay-effaclar-serum-visage-anti-imperfections-30ml-soins-anti-imperfections.jpg\",\"contentUrl\":\"https:\/\/paracherkaoui.ma\/wp-content\/uploads\/2025\/12\/la-roche-posay-la-roche-posay-effaclar-serum-visage-anti-imperfections-30ml-soins-anti-imperfections.jpg\",\"width\":700,\"height\":700},{\"@type\":\"BreadcrumbList\",\"@id\":\"https:\/\/paracherkaoui.ma\/index.php\/produit\/la-roche-posay-effaclar-serum-visage-anti-imperfections-30ml-3\/#breadcrumb\",\"itemListElement\":[{\"@type\":\"ListItem\",\"position\":1,\"name\":\"Accueil\",\"item\":\"https:\/\/paracherkaoui.ma\/\"},{\"@type\":\"ListItem\",\"position\":2,\"name\":\"Boutique\",\"item\":\"https:\/\/paracherkaoui.ma\/index.php\/boutique\/\"},{\"@type\":\"ListItem\",\"position\":3,\"name\":\"LA ROCHE POSAY EFFACLAR SERUM VISAGE ANTI IMPERFECTIONS 30ML\"}]},{\"@type\":\"WebSite\",\"@id\":\"https:\/\/paracherkaoui.ma\/#website\",\"url\":\"https:\/\/paracherkaoui.ma\/\",\"name\":\"Paracherkaoui.ma\",\"description\":\"Achetez en ligne sur Paracherkaoui.ma\",\"potentialAction\":[{\"@type\":\"SearchAction\",\"target\":{\"@type\":\"EntryPoint\",\"urlTemplate\":\"https:\/\/paracherkaoui.ma\/?s={search_term_string}\"},\"query-input\":{\"@type\":\"PropertyValueSpecification\",\"valueRequired\":true,\"valueName\":\"search_term_string\"}}],\"inLanguage\":\"fr-FR\"}]}<\/script>\r\n<!-- \/ Yoast SEO plugin. -->","yoast_head_json":{"title":"LA ROCHE POSAY EFFACLAR SERUM VISAGE ANTI IMPERFECTIONS 30ML - Paracherkaoui.ma","robots":{"index":"index","follow":"follow","max-snippet":"max-snippet:-1","max-image-preview":"max-image-preview:large","max-video-preview":"max-video-preview:-1"},"canonical":"https:\/\/paracherkaoui.ma\/index.php\/produit\/la-roche-posay-effaclar-serum-visage-anti-imperfections-30ml-3\/","og_locale":"fr_FR","og_type":"article","og_title":"LA ROCHE POSAY EFFACLAR SERUM VISAGE ANTI IMPERFECTIONS 30ML - Paracherkaoui.ma","og_description":".elementor-240 .elementor-element.elementor-element-39c74b84 .elementor-tab-title, .elementor-240 .elementor-element.elementor-element-39c74b84 .elementor-tab-title:before, .elementor-240 .elementor-element.elementor-element-39c74b84 .elementor-tab-title:after, .elementor-240 .elementor-element.elementor-element-39c74b84 .elementor-tab-content, .elementor-240 .elementor-element.elementor-element-39c74b84 .elementor-tabs-content-wrapper{border-width:0.5px;}.elementor-240 .elementor-element.elementor-element-39c74b84 .elementor-tab-title{color:#000000;}.elementor-240 .elementor-element.elementor-element-39c74b84 .elementor-tab-title.elementor-active{color:#00a28d;}.elementor-240 .elementor-element.elementor-element-39c74b84","og_url":"https:\/\/paracherkaoui.ma\/index.php\/produit\/la-roche-posay-effaclar-serum-visage-anti-imperfections-30ml-3\/","og_site_name":"Paracherkaoui.ma","article_modified_time":"2025-12-12T17:24:57+00:00","og_image":[{"width":700,"height":700,"url":"https:\/\/paracherkaoui.ma\/wp-content\/uploads\/2025\/12\/la-roche-posay-la-roche-posay-effaclar-serum-visage-anti-imperfections-30ml-soins-anti-imperfections.jpg","type":"image\/jpeg"}],"twitter_card":"summary_large_image","twitter_misc":{"Dur\u00e9e de lecture estim\u00e9e":"5 minutes"},"schema":{"@context":"https:\/\/schema.org","@graph":[{"@type":"WebPage","@id":"https:\/\/paracherkaoui.ma\/index.php\/produit\/la-roche-posay-effaclar-serum-visage-anti-imperfections-30ml-3\/","url":"https:\/\/paracherkaoui.ma\/index.php\/produit\/la-roche-posay-effaclar-serum-visage-anti-imperfections-30ml-3\/","name":"LA ROCHE POSAY EFFACLAR SERUM VISAGE ANTI IMPERFECTIONS 30ML - Paracherkaoui.ma","isPartOf":{"@id":"https:\/\/paracherkaoui.ma\/#website"},"primaryImageOfPage":{"@id":"https:\/\/paracherkaoui.ma\/index.php\/produit\/la-roche-posay-effaclar-serum-visage-anti-imperfections-30ml-3\/#primaryimage"},"image":{"@id":"https:\/\/paracherkaoui.ma\/index.php\/produit\/la-roche-posay-effaclar-serum-visage-anti-imperfections-30ml-3\/#primaryimage"},"thumbnailUrl":"https:\/\/paracherkaoui.ma\/wp-content\/uploads\/2025\/12\/la-roche-posay-la-roche-posay-effaclar-serum-visage-anti-imperfections-30ml-soins-anti-imperfections.jpg","datePublished":"2025-12-12T17:24:54+00:00","dateModified":"2025-12-12T17:24:57+00:00","breadcrumb":{"@id":"https:\/\/paracherkaoui.ma\/index.php\/produit\/la-roche-posay-effaclar-serum-visage-anti-imperfections-30ml-3\/#breadcrumb"},"inLanguage":"fr-FR","potentialAction":[{"@type":"ReadAction","target":["https:\/\/paracherkaoui.ma\/index.php\/produit\/la-roche-posay-effaclar-serum-visage-anti-imperfections-30ml-3\/"]}]},{"@type":"ImageObject","inLanguage":"fr-FR","@id":"https:\/\/paracherkaoui.ma\/index.php\/produit\/la-roche-posay-effaclar-serum-visage-anti-imperfections-30ml-3\/#primaryimage","url":"https:\/\/paracherkaoui.ma\/wp-content\/uploads\/2025\/12\/la-roche-posay-la-roche-posay-effaclar-serum-visage-anti-imperfections-30ml-soins-anti-imperfections.jpg","contentUrl":"https:\/\/paracherkaoui.ma\/wp-content\/uploads\/2025\/12\/la-roche-posay-la-roche-posay-effaclar-serum-visage-anti-imperfections-30ml-soins-anti-imperfections.jpg","width":700,"height":700},{"@type":"BreadcrumbList","@id":"https:\/\/paracherkaoui.ma\/index.php\/produit\/la-roche-posay-effaclar-serum-visage-anti-imperfections-30ml-3\/#breadcrumb","itemListElement":[{"@type":"ListItem","position":1,"name":"Accueil","item":"https:\/\/paracherkaoui.ma\/"},{"@type":"ListItem","position":2,"name":"Boutique","item":"https:\/\/paracherkaoui.ma\/index.php\/boutique\/"},{"@type":"ListItem","position":3,"name":"LA ROCHE POSAY EFFACLAR SERUM VISAGE ANTI IMPERFECTIONS 30ML"}]},{"@type":"WebSite","@id":"https:\/\/paracherkaoui.ma\/#website","url":"https:\/\/paracherkaoui.ma\/","name":"Paracherkaoui.ma","description":"Achetez en ligne sur Paracherkaoui.ma","potentialAction":[{"@type":"SearchAction","target":{"@type":"EntryPoint","urlTemplate":"https:\/\/paracherkaoui.ma\/?s={search_term_string}"},"query-input":{"@type":"PropertyValueSpecification","valueRequired":true,"valueName":"search_term_string"}}],"inLanguage":"fr-FR"}]}},"_links":{"self":[{"href":"https:\/\/paracherkaoui.ma\/index.php\/wp-json\/wp\/v2\/product\/26543","targetHints":{"allow":["GET"]}}],"collection":[{"href":"https:\/\/paracherkaoui.ma\/index.php\/wp-json\/wp\/v2\/product"}],"about":[{"href":"https:\/\/paracherkaoui.ma\/index.php\/wp-json\/wp\/v2\/types\/product"}],"replies":[{"embeddable":true,"href":"https:\/\/paracherkaoui.ma\/index.php\/wp-json\/wp\/v2\/comments?post=26543"}],"version-history":[{"count":1,"href":"https:\/\/paracherkaoui.ma\/index.php\/wp-json\/wp\/v2\/product\/26543\/revisions"}],"predecessor-version":[{"id":26573,"href":"https:\/\/paracherkaoui.ma\/index.php\/wp-json\/wp\/v2\/product\/26543\/revisions\/26573"}],"wp:featuredmedia":[{"embeddable":true,"href":"https:\/\/paracherkaoui.ma\/index.php\/wp-json\/wp\/v2\/media\/13242"}],"wp:attachment":[{"href":"https:\/\/paracherkaoui.ma\/index.php\/wp-json\/wp\/v2\/media?parent=26543"}],"wp:term":[{"taxonomy":"product_brand","embeddable":true,"href":"https:\/\/paracherkaoui.ma\/index.php\/wp-json\/wp\/v2\/product_brand?post=26543"},{"taxonomy":"product_cat","embeddable":true,"href":"https:\/\/paracherkaoui.ma\/index.php\/wp-json\/wp\/v2\/product_cat?post=26543"},{"taxonomy":"product_tag","embeddable":true,"href":"https:\/\/paracherkaoui.ma\/index.php\/wp-json\/wp\/v2\/product_tag?post=26543"}],"curies":[{"name":"wp","href":"https:\/\/api.w.org\/{rel}","templated":true}]}}