{"id":26488,"date":"2025-12-12T18:24:49","date_gmt":"2025-12-12T17:24:49","guid":{"rendered":"https:\/\/test.ecbeaute.com\/?post_type=product&#038;p=26488"},"modified":"2025-12-12T18:24:51","modified_gmt":"2025-12-12T17:24:51","slug":"avene-tolerance-hydra-10-creme-hydratante-40-ml-2","status":"publish","type":"product","link":"https:\/\/paracherkaoui.ma\/index.php\/produit\/avene-tolerance-hydra-10-creme-hydratante-40-ml-2\/","title":{"rendered":"AVENE TOLERANCE HYDRA 10 CREME HYDRATANTE 40 ML"},"content":{"rendered":"<p>Ce soin hydratant visage 100% d&rsquo;origine naturelle et haute tol\u00e9rance destin\u00e9 aux peaux d\u00e9shydrat\u00e9es s\u00e8ches \u00e0 tr\u00e8s s\u00e8ches convient aux adultes, enfants et b\u00e9b\u00e9s. Enrichie en Acide hyaluronique, sa formule hydrate intens\u00e9ment la peau pendant 48H*. TOLERANCE HYDRA-10 Cr\u00e8me favorise l\u2019hydratation naturelle de la peau et contribue \u00e0 son confort au quotidien. Elle pr\u00e9serve l\u2019\u00e9quilibre naturel du microbiome cutan\u00e9 gr\u00e2ce \u00e0 sa formule mim\u00e9tique de la peau brevet\u00e9e**. La texture confortable et nutritive de cette cr\u00e8me visage peau s\u00e8che, sans effet gras, hydrate durablement. La pompe Cosm\u00e9tique st\u00e9rile anti-contamination prot\u00e8ge parfaitement sa formule, sans conservateur ni parfum.<br \/>\nConseils d&rsquo;utilisation:<br \/>\nAppliquer matin et soir sur le visage, le cou et le contour des yeux.<\/p>\n","protected":false},"excerpt":{"rendered":"<p>Ce soin hydratant visage 100% d&rsquo;origine naturelle et haute tol\u00e9rance destin\u00e9 aux peaux d\u00e9shydrat\u00e9es s\u00e8ches \u00e0 tr\u00e8s s\u00e8ches convient aux<\/p>\n","protected":false},"featured_media":13315,"comment_status":"open","ping_status":"closed","template":"","meta":[],"product_brand":[136],"product_cat":[525],"product_tag":[],"class_list":{"0":"post-26488","1":"product","2":"type-product","3":"status-publish","4":"has-post-thumbnail","6":"product_brand-avene","7":"product_cat-cremes-jour","9":"first","10":"instock","11":"sale","12":"shipping-taxable","13":"purchasable","14":"product-type-simple"},"yoast_head":"<!-- This site is optimized with the Yoast SEO plugin v26.6 - https:\/\/yoast.com\/wordpress\/plugins\/seo\/ -->\r\n<title>AVENE TOLERANCE HYDRA 10 CREME HYDRATANTE 40 ML - Paracherkaoui.ma<\/title>\r\n<meta name=\"robots\" content=\"index, follow, max-snippet:-1, max-image-preview:large, max-video-preview:-1\" \/>\r\n<link rel=\"canonical\" href=\"https:\/\/paracherkaoui.ma\/index.php\/produit\/avene-tolerance-hydra-10-creme-hydratante-40-ml-2\/\" \/>\r\n<meta property=\"og:locale\" content=\"fr_FR\" \/>\r\n<meta property=\"og:type\" content=\"article\" \/>\r\n<meta property=\"og:title\" content=\"AVENE TOLERANCE HYDRA 10 CREME HYDRATANTE 40 ML - Paracherkaoui.ma\" \/>\r\n<meta property=\"og:description\" content=\"Ce soin hydratant visage 100% d&rsquo;origine naturelle et haute tol\u00e9rance destin\u00e9 aux peaux d\u00e9shydrat\u00e9es s\u00e8ches \u00e0 tr\u00e8s s\u00e8ches convient aux\" \/>\r\n<meta property=\"og:url\" content=\"https:\/\/paracherkaoui.ma\/index.php\/produit\/avene-tolerance-hydra-10-creme-hydratante-40-ml-2\/\" \/>\r\n<meta property=\"og:site_name\" content=\"Paracherkaoui.ma\" \/>\r\n<meta property=\"article:modified_time\" content=\"2025-12-12T17:24:51+00:00\" \/>\r\n<meta property=\"og:image\" content=\"https:\/\/paracherkaoui.ma\/wp-content\/uploads\/2025\/12\/avene-tolerance-hydra-10-creme-hydratante-40-ml.jpg\" \/>\r\n\t<meta property=\"og:image:width\" content=\"700\" \/>\r\n\t<meta property=\"og:image:height\" content=\"700\" \/>\r\n\t<meta property=\"og:image:type\" content=\"image\/jpeg\" \/>\r\n<meta name=\"twitter:card\" content=\"summary_large_image\" \/>\r\n<meta name=\"twitter:label1\" content=\"Dur\u00e9e de lecture estim\u00e9e\" \/>\n\t<meta name=\"twitter:data1\" content=\"1 minute\" \/>\r\n<script type=\"application\/ld+json\" class=\"yoast-schema-graph\">{\"@context\":\"https:\/\/schema.org\",\"@graph\":[{\"@type\":\"WebPage\",\"@id\":\"https:\/\/paracherkaoui.ma\/index.php\/produit\/avene-tolerance-hydra-10-creme-hydratante-40-ml-2\/\",\"url\":\"https:\/\/paracherkaoui.ma\/index.php\/produit\/avene-tolerance-hydra-10-creme-hydratante-40-ml-2\/\",\"name\":\"AVENE TOLERANCE HYDRA 10 CREME HYDRATANTE 40 ML - Paracherkaoui.ma\",\"isPartOf\":{\"@id\":\"https:\/\/paracherkaoui.ma\/#website\"},\"primaryImageOfPage\":{\"@id\":\"https:\/\/paracherkaoui.ma\/index.php\/produit\/avene-tolerance-hydra-10-creme-hydratante-40-ml-2\/#primaryimage\"},\"image\":{\"@id\":\"https:\/\/paracherkaoui.ma\/index.php\/produit\/avene-tolerance-hydra-10-creme-hydratante-40-ml-2\/#primaryimage\"},\"thumbnailUrl\":\"https:\/\/paracherkaoui.ma\/wp-content\/uploads\/2025\/12\/avene-tolerance-hydra-10-creme-hydratante-40-ml.jpg\",\"datePublished\":\"2025-12-12T17:24:49+00:00\",\"dateModified\":\"2025-12-12T17:24:51+00:00\",\"breadcrumb\":{\"@id\":\"https:\/\/paracherkaoui.ma\/index.php\/produit\/avene-tolerance-hydra-10-creme-hydratante-40-ml-2\/#breadcrumb\"},\"inLanguage\":\"fr-FR\",\"potentialAction\":[{\"@type\":\"ReadAction\",\"target\":[\"https:\/\/paracherkaoui.ma\/index.php\/produit\/avene-tolerance-hydra-10-creme-hydratante-40-ml-2\/\"]}]},{\"@type\":\"ImageObject\",\"inLanguage\":\"fr-FR\",\"@id\":\"https:\/\/paracherkaoui.ma\/index.php\/produit\/avene-tolerance-hydra-10-creme-hydratante-40-ml-2\/#primaryimage\",\"url\":\"https:\/\/paracherkaoui.ma\/wp-content\/uploads\/2025\/12\/avene-tolerance-hydra-10-creme-hydratante-40-ml.jpg\",\"contentUrl\":\"https:\/\/paracherkaoui.ma\/wp-content\/uploads\/2025\/12\/avene-tolerance-hydra-10-creme-hydratante-40-ml.jpg\",\"width\":700,\"height\":700},{\"@type\":\"BreadcrumbList\",\"@id\":\"https:\/\/paracherkaoui.ma\/index.php\/produit\/avene-tolerance-hydra-10-creme-hydratante-40-ml-2\/#breadcrumb\",\"itemListElement\":[{\"@type\":\"ListItem\",\"position\":1,\"name\":\"Accueil\",\"item\":\"https:\/\/paracherkaoui.ma\/\"},{\"@type\":\"ListItem\",\"position\":2,\"name\":\"Boutique\",\"item\":\"https:\/\/paracherkaoui.ma\/index.php\/boutique\/\"},{\"@type\":\"ListItem\",\"position\":3,\"name\":\"AVENE TOLERANCE HYDRA 10 CREME HYDRATANTE 40 ML\"}]},{\"@type\":\"WebSite\",\"@id\":\"https:\/\/paracherkaoui.ma\/#website\",\"url\":\"https:\/\/paracherkaoui.ma\/\",\"name\":\"Paracherkaoui.ma\",\"description\":\"Achetez en ligne sur Paracherkaoui.ma\",\"potentialAction\":[{\"@type\":\"SearchAction\",\"target\":{\"@type\":\"EntryPoint\",\"urlTemplate\":\"https:\/\/paracherkaoui.ma\/?s={search_term_string}\"},\"query-input\":{\"@type\":\"PropertyValueSpecification\",\"valueRequired\":true,\"valueName\":\"search_term_string\"}}],\"inLanguage\":\"fr-FR\"}]}<\/script>\r\n<!-- \/ Yoast SEO plugin. -->","yoast_head_json":{"title":"AVENE TOLERANCE HYDRA 10 CREME HYDRATANTE 40 ML - Paracherkaoui.ma","robots":{"index":"index","follow":"follow","max-snippet":"max-snippet:-1","max-image-preview":"max-image-preview:large","max-video-preview":"max-video-preview:-1"},"canonical":"https:\/\/paracherkaoui.ma\/index.php\/produit\/avene-tolerance-hydra-10-creme-hydratante-40-ml-2\/","og_locale":"fr_FR","og_type":"article","og_title":"AVENE TOLERANCE HYDRA 10 CREME HYDRATANTE 40 ML - Paracherkaoui.ma","og_description":"Ce soin hydratant visage 100% d&rsquo;origine naturelle et haute tol\u00e9rance destin\u00e9 aux peaux d\u00e9shydrat\u00e9es s\u00e8ches \u00e0 tr\u00e8s s\u00e8ches convient aux","og_url":"https:\/\/paracherkaoui.ma\/index.php\/produit\/avene-tolerance-hydra-10-creme-hydratante-40-ml-2\/","og_site_name":"Paracherkaoui.ma","article_modified_time":"2025-12-12T17:24:51+00:00","og_image":[{"width":700,"height":700,"url":"https:\/\/paracherkaoui.ma\/wp-content\/uploads\/2025\/12\/avene-tolerance-hydra-10-creme-hydratante-40-ml.jpg","type":"image\/jpeg"}],"twitter_card":"summary_large_image","twitter_misc":{"Dur\u00e9e de lecture estim\u00e9e":"1 minute"},"schema":{"@context":"https:\/\/schema.org","@graph":[{"@type":"WebPage","@id":"https:\/\/paracherkaoui.ma\/index.php\/produit\/avene-tolerance-hydra-10-creme-hydratante-40-ml-2\/","url":"https:\/\/paracherkaoui.ma\/index.php\/produit\/avene-tolerance-hydra-10-creme-hydratante-40-ml-2\/","name":"AVENE TOLERANCE HYDRA 10 CREME HYDRATANTE 40 ML - Paracherkaoui.ma","isPartOf":{"@id":"https:\/\/paracherkaoui.ma\/#website"},"primaryImageOfPage":{"@id":"https:\/\/paracherkaoui.ma\/index.php\/produit\/avene-tolerance-hydra-10-creme-hydratante-40-ml-2\/#primaryimage"},"image":{"@id":"https:\/\/paracherkaoui.ma\/index.php\/produit\/avene-tolerance-hydra-10-creme-hydratante-40-ml-2\/#primaryimage"},"thumbnailUrl":"https:\/\/paracherkaoui.ma\/wp-content\/uploads\/2025\/12\/avene-tolerance-hydra-10-creme-hydratante-40-ml.jpg","datePublished":"2025-12-12T17:24:49+00:00","dateModified":"2025-12-12T17:24:51+00:00","breadcrumb":{"@id":"https:\/\/paracherkaoui.ma\/index.php\/produit\/avene-tolerance-hydra-10-creme-hydratante-40-ml-2\/#breadcrumb"},"inLanguage":"fr-FR","potentialAction":[{"@type":"ReadAction","target":["https:\/\/paracherkaoui.ma\/index.php\/produit\/avene-tolerance-hydra-10-creme-hydratante-40-ml-2\/"]}]},{"@type":"ImageObject","inLanguage":"fr-FR","@id":"https:\/\/paracherkaoui.ma\/index.php\/produit\/avene-tolerance-hydra-10-creme-hydratante-40-ml-2\/#primaryimage","url":"https:\/\/paracherkaoui.ma\/wp-content\/uploads\/2025\/12\/avene-tolerance-hydra-10-creme-hydratante-40-ml.jpg","contentUrl":"https:\/\/paracherkaoui.ma\/wp-content\/uploads\/2025\/12\/avene-tolerance-hydra-10-creme-hydratante-40-ml.jpg","width":700,"height":700},{"@type":"BreadcrumbList","@id":"https:\/\/paracherkaoui.ma\/index.php\/produit\/avene-tolerance-hydra-10-creme-hydratante-40-ml-2\/#breadcrumb","itemListElement":[{"@type":"ListItem","position":1,"name":"Accueil","item":"https:\/\/paracherkaoui.ma\/"},{"@type":"ListItem","position":2,"name":"Boutique","item":"https:\/\/paracherkaoui.ma\/index.php\/boutique\/"},{"@type":"ListItem","position":3,"name":"AVENE TOLERANCE HYDRA 10 CREME HYDRATANTE 40 ML"}]},{"@type":"WebSite","@id":"https:\/\/paracherkaoui.ma\/#website","url":"https:\/\/paracherkaoui.ma\/","name":"Paracherkaoui.ma","description":"Achetez en ligne sur Paracherkaoui.ma","potentialAction":[{"@type":"SearchAction","target":{"@type":"EntryPoint","urlTemplate":"https:\/\/paracherkaoui.ma\/?s={search_term_string}"},"query-input":{"@type":"PropertyValueSpecification","valueRequired":true,"valueName":"search_term_string"}}],"inLanguage":"fr-FR"}]}},"_links":{"self":[{"href":"https:\/\/paracherkaoui.ma\/index.php\/wp-json\/wp\/v2\/product\/26488","targetHints":{"allow":["GET"]}}],"collection":[{"href":"https:\/\/paracherkaoui.ma\/index.php\/wp-json\/wp\/v2\/product"}],"about":[{"href":"https:\/\/paracherkaoui.ma\/index.php\/wp-json\/wp\/v2\/types\/product"}],"replies":[{"embeddable":true,"href":"https:\/\/paracherkaoui.ma\/index.php\/wp-json\/wp\/v2\/comments?post=26488"}],"version-history":[{"count":1,"href":"https:\/\/paracherkaoui.ma\/index.php\/wp-json\/wp\/v2\/product\/26488\/revisions"}],"predecessor-version":[{"id":26518,"href":"https:\/\/paracherkaoui.ma\/index.php\/wp-json\/wp\/v2\/product\/26488\/revisions\/26518"}],"wp:featuredmedia":[{"embeddable":true,"href":"https:\/\/paracherkaoui.ma\/index.php\/wp-json\/wp\/v2\/media\/13315"}],"wp:attachment":[{"href":"https:\/\/paracherkaoui.ma\/index.php\/wp-json\/wp\/v2\/media?parent=26488"}],"wp:term":[{"taxonomy":"product_brand","embeddable":true,"href":"https:\/\/paracherkaoui.ma\/index.php\/wp-json\/wp\/v2\/product_brand?post=26488"},{"taxonomy":"product_cat","embeddable":true,"href":"https:\/\/paracherkaoui.ma\/index.php\/wp-json\/wp\/v2\/product_cat?post=26488"},{"taxonomy":"product_tag","embeddable":true,"href":"https:\/\/paracherkaoui.ma\/index.php\/wp-json\/wp\/v2\/product_tag?post=26488"}],"curies":[{"name":"wp","href":"https:\/\/api.w.org\/{rel}","templated":true}]}}