{"id":26487,"date":"2025-12-12T18:24:49","date_gmt":"2025-12-12T17:24:49","guid":{"rendered":"https:\/\/test.ecbeaute.com\/?post_type=product&#038;p=26487"},"modified":"2025-12-12T18:24:51","modified_gmt":"2025-12-12T17:24:51","slug":"cerave-baume-hydratant-177-ml-3","status":"publish","type":"product","link":"https:\/\/paracherkaoui.ma\/index.php\/produit\/cerave-baume-hydratant-177-ml-3\/","title":{"rendered":"CERAVE BAUME HYDRATANT 177 ML"},"content":{"rendered":"<p>.elementor-205 .elementor-element.elementor-element-3e1d5a23 .elementor-tab-title, .elementor-205 .elementor-element.elementor-element-3e1d5a23 .elementor-tab-title:before, .elementor-205 .elementor-element.elementor-element-3e1d5a23 .elementor-tab-title:after, .elementor-205 .elementor-element.elementor-element-3e1d5a23 .elementor-tab-content, .elementor-205 .elementor-element.elementor-element-3e1d5a23 .elementor-tabs-content-wrapper{border-width:0.5px;}.elementor-205 .elementor-element.elementor-element-3e1d5a23 .elementor-tab-title{color:#000000;}.elementor-205 .elementor-element.elementor-element-3e1d5a23 .elementor-tab-title.elementor-active{color:#00a28d;}.elementor-205 .elementor-element.elementor-element-3e1d5a23 .elementor-tab-content{color:#000000;}.elementor-205 .elementor-element.elementor-element-26759fc7 .axps-swiper-slider .swiper-slide img{width:auto;}.elementor-205 .elementor-element.elementor-element-26759fc7 .wrapper-items:not(.swiper-container-initialized) .item{-ms-flex:0 0 calc(100%\/4);flex:0 0 calc(100%\/4);max-width:calc(100%\/4);}.elementor-205 .elementor-element.elementor-element-26759fc7 .wrapper-items .swiper-slide{padding-left:calc(30px\/2);padding-right:calc(30px\/2);}.elementor-205 .elementor-element.elementor-element-26759fc7 .wrapper-items .swiper-slide .item-inner{margin-bottom:30px;}.elementor-205 .elementor-element.elementor-element-26759fc7 .wrapper-items{margin-left:calc(-30px\/2);margin-right:calc(-30px\/2);}.elementor-205 .elementor-element.elementor-element-26759fc7 .swiper-wrapper .item-inner{text-align:center;}.elementor-205 .elementor-element.elementor-element-f1c3452{text-align:center;}.elementor-205 .elementor-element.elementor-element-f1c3452.elementor-widget-heading .elementor-heading-title{color:#000000;}.elementor-205 .elementor-element.elementor-element-f1c3452 .elementor-heading-title{font-size:25px;font-weight:900;}.elementor-205 .elementor-element.elementor-element-35f77522{margin-top:-16px;margin-bottom:0px;}.elementor-205 .elementor-element.elementor-element-51294e10 > .elementor-widget-container{margin:-8px 0px 0px 0px;}.elementor-205 .elementor-element.elementor-element-13e3b08 > .elementor-widget-container{margin:-8px 0px 0px 0px;}.elementor-205 .elementor-element.elementor-element-3a11c6d > .elementor-widget-container{margin:-8px 0px 0px 0px;}.elementor-205 .elementor-element.elementor-element-a2d943e > .elementor-widget-container{margin:-8px 0px 0px 0px;}.elementor-205 .elementor-element.elementor-element-70701b4 > .elementor-widget-container{margin:-8px 0px 0px 0px;}.elementor-205 .elementor-element.elementor-element-e31735c{text-align:center;}.elementor-205 .elementor-element.elementor-element-e31735c.elementor-widget-heading .elementor-heading-title{color:#000000;}.elementor-205 .elementor-element.elementor-element-e31735c .elementor-heading-title{font-size:25px;font-weight:900;}.elementor-205 .elementor-element.elementor-element-7592cba8{margin-top:-16px;margin-bottom:0px;}.elementor-205 .elementor-element.elementor-element-4bbfada9 > .elementor-widget-container{margin:-46px 0px 0px 0px;}.elementor-205 .elementor-element.elementor-element-4c1c16a2 > .elementor-widget-container{margin:-46px 0px 0px 0px;}.elementor-205 .elementor-element.elementor-element-5e7a1b32 > .elementor-widget-container{margin:-46px 0px 0px 0px;}@media(max-width:1024px){.elementor-205 .elementor-element.elementor-element-26759fc7 .wrapper-items:not(.swiper-container-initialized) .item{-ms-flex:0 0 calc(100%\/4);flex:0 0 calc(100%\/4);max-width:calc(100%\/4);}.elementor-205 .elementor-element.elementor-element-26759fc7 .wrapper-items .swiper-slide{padding-left:calc(20px\/2);padding-right:calc(20px\/2);}.elementor-205 .elementor-element.elementor-element-26759fc7 .wrapper-items .swiper-slide .item-inner{margin-bottom:20px;}.elementor-205 .elementor-element.elementor-element-26759fc7 .wrapper-items{margin-left:calc(-20px\/2);margin-right:calc(-20px\/2);}.elementor-205 .elementor-element.elementor-element-51294e10 > .elementor-widget-container{margin:-33px 0px 0px 0px;}.elementor-205 .elementor-element.elementor-element-13e3b08 > .elementor-widget-container{margin:-33px 0px 0px 0px;}.elementor-205 .elementor-element.elementor-element-3a11c6d > .elementor-widget-container{margin:-33px 0px 0px 0px;}.elementor-205 .elementor-element.elementor-element-a2d943e > .elementor-widget-container{margin:-33px 0px 0px 0px;}.elementor-205 .elementor-element.elementor-element-70701b4 > .elementor-widget-container{margin:-33px 0px 0px 0px;}.elementor-205 .elementor-element.elementor-element-4bbfada9 > .elementor-widget-container{margin:-33px 0px 0px 0px;}.elementor-205 .elementor-element.elementor-element-4c1c16a2 > .elementor-widget-container{margin:-33px 0px 0px 0px;}.elementor-205 .elementor-element.elementor-element-5e7a1b32 > .elementor-widget-container{margin:-33px 0px 0px 0px;}}@media(max-width:767px){.elementor-205 .elementor-element.elementor-element-26759fc7 .wrapper-items:not(.swiper-container-initialized) .item{-ms-flex:0 0 calc(100%\/4);flex:0 0 calc(100%\/4);max-width:calc(100%\/4);}.elementor-205 .elementor-element.elementor-element-26759fc7 .wrapper-items .swiper-slide{padding-left:calc(10px\/2);padding-right:calc(10px\/2);}.elementor-205 .elementor-element.elementor-element-26759fc7 .wrapper-items .swiper-slide .item-inner{margin-bottom:10px;}.elementor-205 .elementor-element.elementor-element-26759fc7 .wrapper-items{margin-left:calc(-10px\/2);margin-right:calc(-10px\/2);}.elementor-205 .elementor-element.elementor-element-54bb488d{width:50%;}.elementor-205 .elementor-element.elementor-element-51294e10 > .elementor-widget-container{margin:-26px 0px 0px 0px;}.elementor-205 .elementor-element.elementor-element-726cdb36{width:50%;}.elementor-205 .elementor-element.elementor-element-13e3b08 > .elementor-widget-container{margin:-26px 0px 0px 0px;}.elementor-205 .elementor-element.elementor-element-1e239784{width:50%;}.elementor-205 .elementor-element.elementor-element-3a11c6d > .elementor-widget-container{margin:-26px 0px 0px 0px;}.elementor-205 .elementor-element.elementor-element-261b12df{width:50%;}.elementor-205 .elementor-element.elementor-element-a2d943e > .elementor-widget-container{margin:-26px 0px 0px 0px;}.elementor-205 .elementor-element.elementor-element-366161e5{width:50%;}.elementor-205 .elementor-element.elementor-element-70701b4 > .elementor-widget-container{margin:-26px 0px 0px 0px;}.elementor-205 .elementor-element.elementor-element-448b148a{width:50%;}.elementor-205 .elementor-element.elementor-element-4bbfada9 > .elementor-widget-container{margin:-26px 0px 0px 0px;}.elementor-205 .elementor-element.elementor-element-6f6e2135{width:50%;}.elementor-205 .elementor-element.elementor-element-4c1c16a2 > .elementor-widget-container{margin:-26px 0px 0px 0px;}.elementor-205 .elementor-element.elementor-element-68d8ac7b{width:50%;}.elementor-205 .elementor-element.elementor-element-5e7a1b32 > .elementor-widget-container{margin:-26px 0px 0px 0px;}}<br \/>\nDescription<br \/>\nConseils d&rsquo;utilisation<br \/>\nComposition<br \/>\nDescription<br \/>\nSa formule unique est enrichie en\u00a03 c\u00e9ramides essentiels (1, 3, 6-II), indispensables au maintien de l\u2019hydratation et \u00e0 la r\u00e9paration de la barri\u00e8re cutan\u00e9e. L\u2019acide hyaluronique\u00a0retient l\u2019eau au c\u0153ur de la peau, tandis que la\u00a0glyc\u00e9rine\u00a0adoucit et prot\u00e8ge, pour un confort imm\u00e9diat. Sans parfum, sans parab\u00e8ne,\u00a0hypoallerg\u00e9nique\u00a0et\u00a0non-com\u00e9dog\u00e8ne, ce baume convient parfaitement aux peaux les plus sensibles, y compris celles sujettes \u00e0 l\u2019ecz\u00e9ma \u2013 il est d\u2019ailleurs\u00a0approuv\u00e9 par l\u2019Association Fran\u00e7aise de l\u2019Ecz\u00e9ma.<br \/>\nPolyvalent, il s\u2019applique sur le\u00a0visage, le corps et les mains, et peut s\u2019utiliser aussi souvent que n\u00e9cessaire. D\u00e8s la premi\u00e8re application, la peau est visiblement plus douce, plus souple et durablement hydrat\u00e9e. Apr\u00e8s 4 semaines d\u2019utilisation, on observe une r\u00e9duction de 80 % de la s\u00e9cheresse cutan\u00e9e*.<br \/>\nAdoptez ce baume au quotidien pour une peau confortable, apais\u00e9e et parfaitement nourrie !<br \/>\nConseils d&rsquo;utilisation<br \/>\nAppliquer quotidiennement sur peau propre et s\u00e8che.<br \/>\nUtiliser une noisette de produit et masser d\u00e9licatement sur le\u00a0visage, le corps ou les mains.<br \/>\nPeut s\u2019utiliser plusieurs fois par jour selon les besoins.<br \/>\n\u00c9viter le contact avec les yeux.<br \/>\nComposition<br \/>\nAqua\/Water, Glycerin, Cetearyl Alcohol, Phenoxyethanol, Stearyl Alcohol, Cetyl Alcohol, PEG-40 Stearate, Behentrimonium Methosulfate, Glyceryl Stearate, Polysorbate 20, Ethylhexylglycerin, Potassium Phosphate, Disodium EDTA, Dipotassium Phosphate, Sodium Lauroyl Lactylate, Ceramide NP, Ceramide AP, Phytosphingosine, Cholesterol, Sodium Hyaluronate, Xanthan Gum, Carbomer, Tocopherol, Ceramide EOP<br \/>\nVotre Routine Cerave<br \/>\nAjouter au Panier<br \/>\nAjouter au Panier<br \/>\nAjouter au Panier<br \/>\nAjouter au Panier<br \/>\nAjouter au Panier<br \/>\nSoins Similaires<br \/>\nAjouter au Panier<br \/>\nAjouter au Panier<br \/>\nAjouter au Panier<\/p>\n","protected":false},"excerpt":{"rendered":"<p>.elementor-205 .elementor-element.elementor-element-3e1d5a23 .elementor-tab-title, .elementor-205 .elementor-element.elementor-element-3e1d5a23 .elementor-tab-title:before, .elementor-205 .elementor-element.elementor-element-3e1d5a23 .elementor-tab-title:after, .elementor-205 .elementor-element.elementor-element-3e1d5a23 .elementor-tab-content, .elementor-205 .elementor-element.elementor-element-3e1d5a23 .elementor-tabs-content-wrapper{border-width:0.5px;}.elementor-205 .elementor-element.elementor-element-3e1d5a23 .elementor-tab-title{color:#000000;}.elementor-205 .elementor-element.elementor-element-3e1d5a23 .elementor-tab-title.elementor-active{color:#00a28d;}.elementor-205 .elementor-element.elementor-element-3e1d5a23<\/p>\n","protected":false},"featured_media":11075,"comment_status":"open","ping_status":"closed","template":"","meta":[],"product_brand":[131],"product_cat":[525],"product_tag":[],"class_list":{"0":"post-26487","1":"product","2":"type-product","3":"status-publish","4":"has-post-thumbnail","6":"product_brand-cerave","7":"product_cat-cremes-jour","9":"first","10":"instock","11":"sale","12":"shipping-taxable","13":"purchasable","14":"product-type-simple"},"yoast_head":"<!-- This site is optimized with the Yoast SEO plugin v26.6 - https:\/\/yoast.com\/wordpress\/plugins\/seo\/ -->\r\n<title>CERAVE BAUME HYDRATANT 177 ML - Paracherkaoui.ma<\/title>\r\n<meta name=\"robots\" content=\"index, follow, max-snippet:-1, max-image-preview:large, max-video-preview:-1\" \/>\r\n<link rel=\"canonical\" href=\"https:\/\/paracherkaoui.ma\/index.php\/produit\/cerave-baume-hydratant-177-ml-3\/\" \/>\r\n<meta property=\"og:locale\" content=\"fr_FR\" \/>\r\n<meta property=\"og:type\" content=\"article\" \/>\r\n<meta property=\"og:title\" content=\"CERAVE BAUME HYDRATANT 177 ML - Paracherkaoui.ma\" \/>\r\n<meta property=\"og:description\" content=\".elementor-205 .elementor-element.elementor-element-3e1d5a23 .elementor-tab-title, .elementor-205 .elementor-element.elementor-element-3e1d5a23 .elementor-tab-title:before, .elementor-205 .elementor-element.elementor-element-3e1d5a23 .elementor-tab-title:after, .elementor-205 .elementor-element.elementor-element-3e1d5a23 .elementor-tab-content, .elementor-205 .elementor-element.elementor-element-3e1d5a23 .elementor-tabs-content-wrapper{border-width:0.5px;}.elementor-205 .elementor-element.elementor-element-3e1d5a23 .elementor-tab-title{color:#000000;}.elementor-205 .elementor-element.elementor-element-3e1d5a23 .elementor-tab-title.elementor-active{color:#00a28d;}.elementor-205 .elementor-element.elementor-element-3e1d5a23\" \/>\r\n<meta property=\"og:url\" content=\"https:\/\/paracherkaoui.ma\/index.php\/produit\/cerave-baume-hydratant-177-ml-3\/\" \/>\r\n<meta property=\"og:site_name\" content=\"Paracherkaoui.ma\" \/>\r\n<meta property=\"article:modified_time\" content=\"2025-12-12T17:24:51+00:00\" \/>\r\n<meta property=\"og:image\" content=\"https:\/\/paracherkaoui.ma\/wp-content\/uploads\/2025\/12\/cerave-cerave-baume-hydratant-177-ml-cremes-jour.jpg\" \/>\r\n\t<meta property=\"og:image:width\" content=\"700\" \/>\r\n\t<meta property=\"og:image:height\" content=\"700\" \/>\r\n\t<meta property=\"og:image:type\" content=\"image\/jpeg\" \/>\r\n<meta name=\"twitter:card\" content=\"summary_large_image\" \/>\r\n<meta name=\"twitter:label1\" content=\"Dur\u00e9e de lecture estim\u00e9e\" \/>\n\t<meta name=\"twitter:data1\" content=\"5 minutes\" \/>\r\n<script type=\"application\/ld+json\" class=\"yoast-schema-graph\">{\"@context\":\"https:\/\/schema.org\",\"@graph\":[{\"@type\":\"WebPage\",\"@id\":\"https:\/\/paracherkaoui.ma\/index.php\/produit\/cerave-baume-hydratant-177-ml-3\/\",\"url\":\"https:\/\/paracherkaoui.ma\/index.php\/produit\/cerave-baume-hydratant-177-ml-3\/\",\"name\":\"CERAVE BAUME HYDRATANT 177 ML - Paracherkaoui.ma\",\"isPartOf\":{\"@id\":\"https:\/\/paracherkaoui.ma\/#website\"},\"primaryImageOfPage\":{\"@id\":\"https:\/\/paracherkaoui.ma\/index.php\/produit\/cerave-baume-hydratant-177-ml-3\/#primaryimage\"},\"image\":{\"@id\":\"https:\/\/paracherkaoui.ma\/index.php\/produit\/cerave-baume-hydratant-177-ml-3\/#primaryimage\"},\"thumbnailUrl\":\"https:\/\/paracherkaoui.ma\/wp-content\/uploads\/2025\/12\/cerave-cerave-baume-hydratant-177-ml-cremes-jour.jpg\",\"datePublished\":\"2025-12-12T17:24:49+00:00\",\"dateModified\":\"2025-12-12T17:24:51+00:00\",\"breadcrumb\":{\"@id\":\"https:\/\/paracherkaoui.ma\/index.php\/produit\/cerave-baume-hydratant-177-ml-3\/#breadcrumb\"},\"inLanguage\":\"fr-FR\",\"potentialAction\":[{\"@type\":\"ReadAction\",\"target\":[\"https:\/\/paracherkaoui.ma\/index.php\/produit\/cerave-baume-hydratant-177-ml-3\/\"]}]},{\"@type\":\"ImageObject\",\"inLanguage\":\"fr-FR\",\"@id\":\"https:\/\/paracherkaoui.ma\/index.php\/produit\/cerave-baume-hydratant-177-ml-3\/#primaryimage\",\"url\":\"https:\/\/paracherkaoui.ma\/wp-content\/uploads\/2025\/12\/cerave-cerave-baume-hydratant-177-ml-cremes-jour.jpg\",\"contentUrl\":\"https:\/\/paracherkaoui.ma\/wp-content\/uploads\/2025\/12\/cerave-cerave-baume-hydratant-177-ml-cremes-jour.jpg\",\"width\":700,\"height\":700},{\"@type\":\"BreadcrumbList\",\"@id\":\"https:\/\/paracherkaoui.ma\/index.php\/produit\/cerave-baume-hydratant-177-ml-3\/#breadcrumb\",\"itemListElement\":[{\"@type\":\"ListItem\",\"position\":1,\"name\":\"Accueil\",\"item\":\"https:\/\/paracherkaoui.ma\/\"},{\"@type\":\"ListItem\",\"position\":2,\"name\":\"Boutique\",\"item\":\"https:\/\/paracherkaoui.ma\/index.php\/boutique\/\"},{\"@type\":\"ListItem\",\"position\":3,\"name\":\"CERAVE BAUME HYDRATANT 177 ML\"}]},{\"@type\":\"WebSite\",\"@id\":\"https:\/\/paracherkaoui.ma\/#website\",\"url\":\"https:\/\/paracherkaoui.ma\/\",\"name\":\"Paracherkaoui.ma\",\"description\":\"Achetez en ligne sur Paracherkaoui.ma\",\"potentialAction\":[{\"@type\":\"SearchAction\",\"target\":{\"@type\":\"EntryPoint\",\"urlTemplate\":\"https:\/\/paracherkaoui.ma\/?s={search_term_string}\"},\"query-input\":{\"@type\":\"PropertyValueSpecification\",\"valueRequired\":true,\"valueName\":\"search_term_string\"}}],\"inLanguage\":\"fr-FR\"}]}<\/script>\r\n<!-- \/ Yoast SEO plugin. -->","yoast_head_json":{"title":"CERAVE BAUME HYDRATANT 177 ML - Paracherkaoui.ma","robots":{"index":"index","follow":"follow","max-snippet":"max-snippet:-1","max-image-preview":"max-image-preview:large","max-video-preview":"max-video-preview:-1"},"canonical":"https:\/\/paracherkaoui.ma\/index.php\/produit\/cerave-baume-hydratant-177-ml-3\/","og_locale":"fr_FR","og_type":"article","og_title":"CERAVE BAUME HYDRATANT 177 ML - Paracherkaoui.ma","og_description":".elementor-205 .elementor-element.elementor-element-3e1d5a23 .elementor-tab-title, .elementor-205 .elementor-element.elementor-element-3e1d5a23 .elementor-tab-title:before, .elementor-205 .elementor-element.elementor-element-3e1d5a23 .elementor-tab-title:after, .elementor-205 .elementor-element.elementor-element-3e1d5a23 .elementor-tab-content, .elementor-205 .elementor-element.elementor-element-3e1d5a23 .elementor-tabs-content-wrapper{border-width:0.5px;}.elementor-205 .elementor-element.elementor-element-3e1d5a23 .elementor-tab-title{color:#000000;}.elementor-205 .elementor-element.elementor-element-3e1d5a23 .elementor-tab-title.elementor-active{color:#00a28d;}.elementor-205 .elementor-element.elementor-element-3e1d5a23","og_url":"https:\/\/paracherkaoui.ma\/index.php\/produit\/cerave-baume-hydratant-177-ml-3\/","og_site_name":"Paracherkaoui.ma","article_modified_time":"2025-12-12T17:24:51+00:00","og_image":[{"width":700,"height":700,"url":"https:\/\/paracherkaoui.ma\/wp-content\/uploads\/2025\/12\/cerave-cerave-baume-hydratant-177-ml-cremes-jour.jpg","type":"image\/jpeg"}],"twitter_card":"summary_large_image","twitter_misc":{"Dur\u00e9e de lecture estim\u00e9e":"5 minutes"},"schema":{"@context":"https:\/\/schema.org","@graph":[{"@type":"WebPage","@id":"https:\/\/paracherkaoui.ma\/index.php\/produit\/cerave-baume-hydratant-177-ml-3\/","url":"https:\/\/paracherkaoui.ma\/index.php\/produit\/cerave-baume-hydratant-177-ml-3\/","name":"CERAVE BAUME HYDRATANT 177 ML - Paracherkaoui.ma","isPartOf":{"@id":"https:\/\/paracherkaoui.ma\/#website"},"primaryImageOfPage":{"@id":"https:\/\/paracherkaoui.ma\/index.php\/produit\/cerave-baume-hydratant-177-ml-3\/#primaryimage"},"image":{"@id":"https:\/\/paracherkaoui.ma\/index.php\/produit\/cerave-baume-hydratant-177-ml-3\/#primaryimage"},"thumbnailUrl":"https:\/\/paracherkaoui.ma\/wp-content\/uploads\/2025\/12\/cerave-cerave-baume-hydratant-177-ml-cremes-jour.jpg","datePublished":"2025-12-12T17:24:49+00:00","dateModified":"2025-12-12T17:24:51+00:00","breadcrumb":{"@id":"https:\/\/paracherkaoui.ma\/index.php\/produit\/cerave-baume-hydratant-177-ml-3\/#breadcrumb"},"inLanguage":"fr-FR","potentialAction":[{"@type":"ReadAction","target":["https:\/\/paracherkaoui.ma\/index.php\/produit\/cerave-baume-hydratant-177-ml-3\/"]}]},{"@type":"ImageObject","inLanguage":"fr-FR","@id":"https:\/\/paracherkaoui.ma\/index.php\/produit\/cerave-baume-hydratant-177-ml-3\/#primaryimage","url":"https:\/\/paracherkaoui.ma\/wp-content\/uploads\/2025\/12\/cerave-cerave-baume-hydratant-177-ml-cremes-jour.jpg","contentUrl":"https:\/\/paracherkaoui.ma\/wp-content\/uploads\/2025\/12\/cerave-cerave-baume-hydratant-177-ml-cremes-jour.jpg","width":700,"height":700},{"@type":"BreadcrumbList","@id":"https:\/\/paracherkaoui.ma\/index.php\/produit\/cerave-baume-hydratant-177-ml-3\/#breadcrumb","itemListElement":[{"@type":"ListItem","position":1,"name":"Accueil","item":"https:\/\/paracherkaoui.ma\/"},{"@type":"ListItem","position":2,"name":"Boutique","item":"https:\/\/paracherkaoui.ma\/index.php\/boutique\/"},{"@type":"ListItem","position":3,"name":"CERAVE BAUME HYDRATANT 177 ML"}]},{"@type":"WebSite","@id":"https:\/\/paracherkaoui.ma\/#website","url":"https:\/\/paracherkaoui.ma\/","name":"Paracherkaoui.ma","description":"Achetez en ligne sur Paracherkaoui.ma","potentialAction":[{"@type":"SearchAction","target":{"@type":"EntryPoint","urlTemplate":"https:\/\/paracherkaoui.ma\/?s={search_term_string}"},"query-input":{"@type":"PropertyValueSpecification","valueRequired":true,"valueName":"search_term_string"}}],"inLanguage":"fr-FR"}]}},"_links":{"self":[{"href":"https:\/\/paracherkaoui.ma\/index.php\/wp-json\/wp\/v2\/product\/26487","targetHints":{"allow":["GET"]}}],"collection":[{"href":"https:\/\/paracherkaoui.ma\/index.php\/wp-json\/wp\/v2\/product"}],"about":[{"href":"https:\/\/paracherkaoui.ma\/index.php\/wp-json\/wp\/v2\/types\/product"}],"replies":[{"embeddable":true,"href":"https:\/\/paracherkaoui.ma\/index.php\/wp-json\/wp\/v2\/comments?post=26487"}],"version-history":[{"count":1,"href":"https:\/\/paracherkaoui.ma\/index.php\/wp-json\/wp\/v2\/product\/26487\/revisions"}],"predecessor-version":[{"id":26517,"href":"https:\/\/paracherkaoui.ma\/index.php\/wp-json\/wp\/v2\/product\/26487\/revisions\/26517"}],"wp:featuredmedia":[{"embeddable":true,"href":"https:\/\/paracherkaoui.ma\/index.php\/wp-json\/wp\/v2\/media\/11075"}],"wp:attachment":[{"href":"https:\/\/paracherkaoui.ma\/index.php\/wp-json\/wp\/v2\/media?parent=26487"}],"wp:term":[{"taxonomy":"product_brand","embeddable":true,"href":"https:\/\/paracherkaoui.ma\/index.php\/wp-json\/wp\/v2\/product_brand?post=26487"},{"taxonomy":"product_cat","embeddable":true,"href":"https:\/\/paracherkaoui.ma\/index.php\/wp-json\/wp\/v2\/product_cat?post=26487"},{"taxonomy":"product_tag","embeddable":true,"href":"https:\/\/paracherkaoui.ma\/index.php\/wp-json\/wp\/v2\/product_tag?post=26487"}],"curies":[{"name":"wp","href":"https:\/\/api.w.org\/{rel}","templated":true}]}}