{"id":26482,"date":"2025-12-12T18:24:49","date_gmt":"2025-12-12T17:24:49","guid":{"rendered":"https:\/\/test.ecbeaute.com\/?post_type=product&#038;p=26482"},"modified":"2025-12-12T18:24:51","modified_gmt":"2025-12-12T17:24:51","slug":"cerave-creme-hydratante-visage-pm-52-ml-2","status":"publish","type":"product","link":"https:\/\/paracherkaoui.ma\/index.php\/produit\/cerave-creme-hydratante-visage-pm-52-ml-2\/","title":{"rendered":"CERAVE CREME HYDRATANTE VISAGE PM 52 ML"},"content":{"rendered":"<p>Sa formule innovante int\u00e8gre les 3 c\u00e9ramides essentiels (1, 3 et 6-II) qui renforcent la barri\u00e8re protectrice de la peau tout en la prot\u00e9geant des agressions ext\u00e9rieures. Gr\u00e2ce \u00e0 la technologie MVE brevet\u00e9e, les actifs sont lib\u00e9r\u00e9s progressivement pour une hydratation continue pendant 24h. R\u00e9sultat ? Une peau douce, souple et parfaitement hydrat\u00e9e tout au long de la journ\u00e9e\u2026 et de la nuit.<br \/>\nL\u2019acide hyaluronique agit en synergie pour maintenir l\u2019hydratation naturelle de la peau tandis que la niacinamide (vitamine B3) calme les rougeurs, apaise les sensations d\u2019inconfort et uniformise le teint. Sa texture l\u00e9g\u00e8re, non grasse et non com\u00e9dog\u00e8ne est id\u00e9ale pour une application quotidienne, sans obstruer les pores ni provoquer d&rsquo;imperfections.<br \/>\nParfaitement sans parfum, hypoallerg\u00e9nique et sans parab\u00e8nes, cette cr\u00e8me visage convient \u00e0 toutes les peaux, m\u00eame les plus r\u00e9actives. Elle peut \u00eatre int\u00e9gr\u00e9e dans toutes les routines du soir, pour une peau visiblement plus saine au r\u00e9veil.<br \/>\nHydratation 24h gr\u00e2ce \u00e0 la technologie MVE<br \/>\n3 c\u00e9ramides essentiels (1, 3, 6-II) pour restaurer la barri\u00e8re cutan\u00e9e<br \/>\nAcide hyaluronique pour retenir l\u2019hydratation<br \/>\nNiacinamide (vitamine B3) : apaise et unifie le teint<br \/>\nTexture l\u00e9g\u00e8re, non grasse, non com\u00e9dog\u00e8ne<br \/>\nFormule sans parfum, sans parab\u00e8ne, hypoallerg\u00e9nique<br \/>\nD\u00e9velopp\u00e9e avec des dermatologues<br \/>\nConseils d&rsquo;utilisation<br \/>\nNettoyez votre visage avec un nettoyant doux, de pr\u00e9f\u00e9rence un produit hydratant de la gamme CeraVe.<br \/>\nAppliquez une noisette de cr\u00e8me sur peau propre et s\u00e8che, le soir, sur le visage et le cou.<br \/>\nMassez doucement jusqu\u2019\u00e0 absorption compl\u00e8te.<br \/>\n\u00c9vitez le contour des yeux.<br \/>\nComposition<br \/>\nAQUA\/WATER, GLYCERIN, CETEARYL ALCOHOL, PHENOXYETHANOL, STEARYL ALCOHOL, CETYL ALCOHOL, PEG-40 STEARATE, BEHENTRIMONIUM METHOSULFATE, GLYCERYL STEARATE, POLYSORBATE 20, ETHYLHEXYLGLYCERIN, POTASSIUM PHOSPHATE, DISODIUM EDTA, DIPOTASSIUM PHOSPHATE, SODIUM LAUROYL LACTYLATE, CERAMIDE NP, CERAMIDE AP, PHYTOSPHINGOSINE, CHOLESTEROL, SODIUM HYALURONATE, XANTHAN GUM, CARBOMER, TOCOPHEROL, CERAMIDE EOP<\/p>\n","protected":false},"excerpt":{"rendered":"<p>Sa formule innovante int\u00e8gre les 3 c\u00e9ramides essentiels (1, 3 et 6-II) qui renforcent la barri\u00e8re protectrice de la peau<\/p>\n","protected":false},"featured_media":13236,"comment_status":"open","ping_status":"closed","template":"","meta":[],"product_brand":[131],"product_cat":[525],"product_tag":[],"class_list":{"0":"post-26482","1":"product","2":"type-product","3":"status-publish","4":"has-post-thumbnail","6":"product_brand-cerave","7":"product_cat-cremes-jour","9":"first","10":"instock","11":"sale","12":"shipping-taxable","13":"purchasable","14":"product-type-simple"},"yoast_head":"<!-- This site is optimized with the Yoast SEO plugin v26.6 - https:\/\/yoast.com\/wordpress\/plugins\/seo\/ -->\r\n<title>CERAVE CREME HYDRATANTE VISAGE PM 52 ML - Paracherkaoui.ma<\/title>\r\n<meta name=\"robots\" content=\"index, follow, max-snippet:-1, max-image-preview:large, max-video-preview:-1\" \/>\r\n<link rel=\"canonical\" href=\"https:\/\/paracherkaoui.ma\/index.php\/produit\/cerave-creme-hydratante-visage-pm-52-ml-2\/\" \/>\r\n<meta property=\"og:locale\" content=\"fr_FR\" \/>\r\n<meta property=\"og:type\" content=\"article\" \/>\r\n<meta property=\"og:title\" content=\"CERAVE CREME HYDRATANTE VISAGE PM 52 ML - Paracherkaoui.ma\" \/>\r\n<meta property=\"og:description\" content=\"Sa formule innovante int\u00e8gre les 3 c\u00e9ramides essentiels (1, 3 et 6-II) qui renforcent la barri\u00e8re protectrice de la peau\" \/>\r\n<meta property=\"og:url\" content=\"https:\/\/paracherkaoui.ma\/index.php\/produit\/cerave-creme-hydratante-visage-pm-52-ml-2\/\" \/>\r\n<meta property=\"og:site_name\" content=\"Paracherkaoui.ma\" \/>\r\n<meta property=\"article:modified_time\" content=\"2025-12-12T17:24:51+00:00\" \/>\r\n<meta property=\"og:image\" content=\"https:\/\/paracherkaoui.ma\/wp-content\/uploads\/2025\/12\/cerave-cerave-creme-hydratante-visage-pm-52-ml-cremes-jour.jpg\" \/>\r\n\t<meta property=\"og:image:width\" content=\"700\" \/>\r\n\t<meta property=\"og:image:height\" content=\"700\" \/>\r\n\t<meta property=\"og:image:type\" content=\"image\/jpeg\" \/>\r\n<meta name=\"twitter:card\" content=\"summary_large_image\" \/>\r\n<meta name=\"twitter:label1\" content=\"Dur\u00e9e de lecture estim\u00e9e\" \/>\n\t<meta name=\"twitter:data1\" content=\"2 minutes\" \/>\r\n<script type=\"application\/ld+json\" class=\"yoast-schema-graph\">{\"@context\":\"https:\/\/schema.org\",\"@graph\":[{\"@type\":\"WebPage\",\"@id\":\"https:\/\/paracherkaoui.ma\/index.php\/produit\/cerave-creme-hydratante-visage-pm-52-ml-2\/\",\"url\":\"https:\/\/paracherkaoui.ma\/index.php\/produit\/cerave-creme-hydratante-visage-pm-52-ml-2\/\",\"name\":\"CERAVE CREME HYDRATANTE VISAGE PM 52 ML - Paracherkaoui.ma\",\"isPartOf\":{\"@id\":\"https:\/\/paracherkaoui.ma\/#website\"},\"primaryImageOfPage\":{\"@id\":\"https:\/\/paracherkaoui.ma\/index.php\/produit\/cerave-creme-hydratante-visage-pm-52-ml-2\/#primaryimage\"},\"image\":{\"@id\":\"https:\/\/paracherkaoui.ma\/index.php\/produit\/cerave-creme-hydratante-visage-pm-52-ml-2\/#primaryimage\"},\"thumbnailUrl\":\"https:\/\/paracherkaoui.ma\/wp-content\/uploads\/2025\/12\/cerave-cerave-creme-hydratante-visage-pm-52-ml-cremes-jour.jpg\",\"datePublished\":\"2025-12-12T17:24:49+00:00\",\"dateModified\":\"2025-12-12T17:24:51+00:00\",\"breadcrumb\":{\"@id\":\"https:\/\/paracherkaoui.ma\/index.php\/produit\/cerave-creme-hydratante-visage-pm-52-ml-2\/#breadcrumb\"},\"inLanguage\":\"fr-FR\",\"potentialAction\":[{\"@type\":\"ReadAction\",\"target\":[\"https:\/\/paracherkaoui.ma\/index.php\/produit\/cerave-creme-hydratante-visage-pm-52-ml-2\/\"]}]},{\"@type\":\"ImageObject\",\"inLanguage\":\"fr-FR\",\"@id\":\"https:\/\/paracherkaoui.ma\/index.php\/produit\/cerave-creme-hydratante-visage-pm-52-ml-2\/#primaryimage\",\"url\":\"https:\/\/paracherkaoui.ma\/wp-content\/uploads\/2025\/12\/cerave-cerave-creme-hydratante-visage-pm-52-ml-cremes-jour.jpg\",\"contentUrl\":\"https:\/\/paracherkaoui.ma\/wp-content\/uploads\/2025\/12\/cerave-cerave-creme-hydratante-visage-pm-52-ml-cremes-jour.jpg\",\"width\":700,\"height\":700},{\"@type\":\"BreadcrumbList\",\"@id\":\"https:\/\/paracherkaoui.ma\/index.php\/produit\/cerave-creme-hydratante-visage-pm-52-ml-2\/#breadcrumb\",\"itemListElement\":[{\"@type\":\"ListItem\",\"position\":1,\"name\":\"Accueil\",\"item\":\"https:\/\/paracherkaoui.ma\/\"},{\"@type\":\"ListItem\",\"position\":2,\"name\":\"Boutique\",\"item\":\"https:\/\/paracherkaoui.ma\/index.php\/boutique\/\"},{\"@type\":\"ListItem\",\"position\":3,\"name\":\"CERAVE CREME HYDRATANTE VISAGE PM 52 ML\"}]},{\"@type\":\"WebSite\",\"@id\":\"https:\/\/paracherkaoui.ma\/#website\",\"url\":\"https:\/\/paracherkaoui.ma\/\",\"name\":\"Paracherkaoui.ma\",\"description\":\"Achetez en ligne sur Paracherkaoui.ma\",\"potentialAction\":[{\"@type\":\"SearchAction\",\"target\":{\"@type\":\"EntryPoint\",\"urlTemplate\":\"https:\/\/paracherkaoui.ma\/?s={search_term_string}\"},\"query-input\":{\"@type\":\"PropertyValueSpecification\",\"valueRequired\":true,\"valueName\":\"search_term_string\"}}],\"inLanguage\":\"fr-FR\"}]}<\/script>\r\n<!-- \/ Yoast SEO plugin. -->","yoast_head_json":{"title":"CERAVE CREME HYDRATANTE VISAGE PM 52 ML - Paracherkaoui.ma","robots":{"index":"index","follow":"follow","max-snippet":"max-snippet:-1","max-image-preview":"max-image-preview:large","max-video-preview":"max-video-preview:-1"},"canonical":"https:\/\/paracherkaoui.ma\/index.php\/produit\/cerave-creme-hydratante-visage-pm-52-ml-2\/","og_locale":"fr_FR","og_type":"article","og_title":"CERAVE CREME HYDRATANTE VISAGE PM 52 ML - Paracherkaoui.ma","og_description":"Sa formule innovante int\u00e8gre les 3 c\u00e9ramides essentiels (1, 3 et 6-II) qui renforcent la barri\u00e8re protectrice de la peau","og_url":"https:\/\/paracherkaoui.ma\/index.php\/produit\/cerave-creme-hydratante-visage-pm-52-ml-2\/","og_site_name":"Paracherkaoui.ma","article_modified_time":"2025-12-12T17:24:51+00:00","og_image":[{"width":700,"height":700,"url":"https:\/\/paracherkaoui.ma\/wp-content\/uploads\/2025\/12\/cerave-cerave-creme-hydratante-visage-pm-52-ml-cremes-jour.jpg","type":"image\/jpeg"}],"twitter_card":"summary_large_image","twitter_misc":{"Dur\u00e9e de lecture estim\u00e9e":"2 minutes"},"schema":{"@context":"https:\/\/schema.org","@graph":[{"@type":"WebPage","@id":"https:\/\/paracherkaoui.ma\/index.php\/produit\/cerave-creme-hydratante-visage-pm-52-ml-2\/","url":"https:\/\/paracherkaoui.ma\/index.php\/produit\/cerave-creme-hydratante-visage-pm-52-ml-2\/","name":"CERAVE CREME HYDRATANTE VISAGE PM 52 ML - Paracherkaoui.ma","isPartOf":{"@id":"https:\/\/paracherkaoui.ma\/#website"},"primaryImageOfPage":{"@id":"https:\/\/paracherkaoui.ma\/index.php\/produit\/cerave-creme-hydratante-visage-pm-52-ml-2\/#primaryimage"},"image":{"@id":"https:\/\/paracherkaoui.ma\/index.php\/produit\/cerave-creme-hydratante-visage-pm-52-ml-2\/#primaryimage"},"thumbnailUrl":"https:\/\/paracherkaoui.ma\/wp-content\/uploads\/2025\/12\/cerave-cerave-creme-hydratante-visage-pm-52-ml-cremes-jour.jpg","datePublished":"2025-12-12T17:24:49+00:00","dateModified":"2025-12-12T17:24:51+00:00","breadcrumb":{"@id":"https:\/\/paracherkaoui.ma\/index.php\/produit\/cerave-creme-hydratante-visage-pm-52-ml-2\/#breadcrumb"},"inLanguage":"fr-FR","potentialAction":[{"@type":"ReadAction","target":["https:\/\/paracherkaoui.ma\/index.php\/produit\/cerave-creme-hydratante-visage-pm-52-ml-2\/"]}]},{"@type":"ImageObject","inLanguage":"fr-FR","@id":"https:\/\/paracherkaoui.ma\/index.php\/produit\/cerave-creme-hydratante-visage-pm-52-ml-2\/#primaryimage","url":"https:\/\/paracherkaoui.ma\/wp-content\/uploads\/2025\/12\/cerave-cerave-creme-hydratante-visage-pm-52-ml-cremes-jour.jpg","contentUrl":"https:\/\/paracherkaoui.ma\/wp-content\/uploads\/2025\/12\/cerave-cerave-creme-hydratante-visage-pm-52-ml-cremes-jour.jpg","width":700,"height":700},{"@type":"BreadcrumbList","@id":"https:\/\/paracherkaoui.ma\/index.php\/produit\/cerave-creme-hydratante-visage-pm-52-ml-2\/#breadcrumb","itemListElement":[{"@type":"ListItem","position":1,"name":"Accueil","item":"https:\/\/paracherkaoui.ma\/"},{"@type":"ListItem","position":2,"name":"Boutique","item":"https:\/\/paracherkaoui.ma\/index.php\/boutique\/"},{"@type":"ListItem","position":3,"name":"CERAVE CREME HYDRATANTE VISAGE PM 52 ML"}]},{"@type":"WebSite","@id":"https:\/\/paracherkaoui.ma\/#website","url":"https:\/\/paracherkaoui.ma\/","name":"Paracherkaoui.ma","description":"Achetez en ligne sur Paracherkaoui.ma","potentialAction":[{"@type":"SearchAction","target":{"@type":"EntryPoint","urlTemplate":"https:\/\/paracherkaoui.ma\/?s={search_term_string}"},"query-input":{"@type":"PropertyValueSpecification","valueRequired":true,"valueName":"search_term_string"}}],"inLanguage":"fr-FR"}]}},"_links":{"self":[{"href":"https:\/\/paracherkaoui.ma\/index.php\/wp-json\/wp\/v2\/product\/26482","targetHints":{"allow":["GET"]}}],"collection":[{"href":"https:\/\/paracherkaoui.ma\/index.php\/wp-json\/wp\/v2\/product"}],"about":[{"href":"https:\/\/paracherkaoui.ma\/index.php\/wp-json\/wp\/v2\/types\/product"}],"replies":[{"embeddable":true,"href":"https:\/\/paracherkaoui.ma\/index.php\/wp-json\/wp\/v2\/comments?post=26482"}],"version-history":[{"count":1,"href":"https:\/\/paracherkaoui.ma\/index.php\/wp-json\/wp\/v2\/product\/26482\/revisions"}],"predecessor-version":[{"id":26512,"href":"https:\/\/paracherkaoui.ma\/index.php\/wp-json\/wp\/v2\/product\/26482\/revisions\/26512"}],"wp:featuredmedia":[{"embeddable":true,"href":"https:\/\/paracherkaoui.ma\/index.php\/wp-json\/wp\/v2\/media\/13236"}],"wp:attachment":[{"href":"https:\/\/paracherkaoui.ma\/index.php\/wp-json\/wp\/v2\/media?parent=26482"}],"wp:term":[{"taxonomy":"product_brand","embeddable":true,"href":"https:\/\/paracherkaoui.ma\/index.php\/wp-json\/wp\/v2\/product_brand?post=26482"},{"taxonomy":"product_cat","embeddable":true,"href":"https:\/\/paracherkaoui.ma\/index.php\/wp-json\/wp\/v2\/product_cat?post=26482"},{"taxonomy":"product_tag","embeddable":true,"href":"https:\/\/paracherkaoui.ma\/index.php\/wp-json\/wp\/v2\/product_tag?post=26482"}],"curies":[{"name":"wp","href":"https:\/\/api.w.org\/{rel}","templated":true}]}}