{"id":26432,"date":"2025-12-12T18:24:43","date_gmt":"2025-12-12T17:24:43","guid":{"rendered":"https:\/\/test.ecbeaute.com\/?post_type=product&#038;p=26432"},"modified":"2025-12-12T18:24:46","modified_gmt":"2025-12-12T17:24:46","slug":"dermagor-erycalm-soin-apaisant-40-ml-2","status":"publish","type":"product","link":"https:\/\/paracherkaoui.ma\/index.php\/produit\/dermagor-erycalm-soin-apaisant-40-ml-2\/","title":{"rendered":"DERMAGOR ERYCALM SOIN APAISANT 40 ML"},"content":{"rendered":"<p>DESCRIPTIF &#038; INDICATIONS:<br \/>\nGel cr\u00e8me non gras qui favorise la reconstruction du film hydrolipidique et renforce les d\u00e9fenses \u00e9pidermiques.<br \/>\nL&rsquo;absence de parfum, de colorant et de tensioactif permet de limiter les r\u00e9actions d&rsquo;intol\u00e9rance.<br \/>\nSoin apaisant pour les peaux r\u00e9actives, intol\u00e9rantes aux cosm\u00e9tiques classiques, fines, couperos\u00e9es.<br \/>\nEnrichi en actifs \u00e0 vis\u00e9e anti-inflammatoire et r\u00e9g\u00e9n\u00e9rante, ERYCALM minimise les manifestations r\u00e9actives cutan\u00e9es (irritations, rougeurs\u2026) et induit une r\u00e9paration \u00e9pidermique des peaux fragilis\u00e9es (s\u00e9quelles cicatricielles, boutons sous cutan\u00e9s\u2026.)<br \/>\nPar un apport important en agents \u00e9mollients et en constituants majeurs de la barri\u00e8re cutan\u00e9e, ERYCALM augmente la r\u00e9sistance de la peau aux agressions externes et diminue l\u2019irritabilit\u00e9 cutan\u00e9e. D\u00e8s l\u2019application, ERYCALM soulage et apaise puis prot\u00e8ge et restaure un confort cutan\u00e9 durable.<\/p>\n<p>CONSEILS D&rsquo;UTILISATION:<br \/>\nAppliquer Eryclam matin et soir sur le visage et le cou d\u00e9maquill\u00e9s.<br \/>\nEn cas d&rsquo;irritations importantes, \u00e9taler le soir en couche \u00e9paisse comme un masque, laisser poser une dizaine de minutes puis retirer l&rsquo;exc\u00e9dent avec un mouchoir en papier.<\/p>\n<p>PRINCIPAUX COMPOSANTS:<br \/>\nSilanols, huile de vaseline, glyc\u00e9rine, huile d&rsquo;abricot, Sepigel.<br \/>\nSans parfum.<br \/>\nSans conservateur<\/p>\n","protected":false},"excerpt":{"rendered":"<p>DESCRIPTIF &#038; INDICATIONS: Gel cr\u00e8me non gras qui favorise la reconstruction du film hydrolipidique et renforce les d\u00e9fenses \u00e9pidermiques. L&rsquo;absence<\/p>\n","protected":false},"featured_media":26125,"comment_status":"open","ping_status":"closed","template":"","meta":[],"product_brand":[388],"product_cat":[522],"product_tag":[],"class_list":{"0":"post-26432","1":"product","2":"type-product","3":"status-publish","4":"has-post-thumbnail","6":"product_brand-dermagor","7":"product_cat-soins-anti-rougeurs","9":"first","10":"instock","11":"sale","12":"shipping-taxable","13":"purchasable","14":"product-type-simple"},"yoast_head":"<!-- This site is optimized with the Yoast SEO plugin v26.6 - https:\/\/yoast.com\/wordpress\/plugins\/seo\/ -->\r\n<title>DERMAGOR ERYCALM SOIN APAISANT 40 ML - Paracherkaoui.ma<\/title>\r\n<meta name=\"robots\" content=\"index, follow, max-snippet:-1, max-image-preview:large, max-video-preview:-1\" \/>\r\n<link rel=\"canonical\" href=\"https:\/\/paracherkaoui.ma\/index.php\/produit\/dermagor-erycalm-soin-apaisant-40-ml-2\/\" \/>\r\n<meta property=\"og:locale\" content=\"fr_FR\" \/>\r\n<meta property=\"og:type\" content=\"article\" \/>\r\n<meta property=\"og:title\" content=\"DERMAGOR ERYCALM SOIN APAISANT 40 ML - Paracherkaoui.ma\" \/>\r\n<meta property=\"og:description\" content=\"DESCRIPTIF &#038; INDICATIONS: Gel cr\u00e8me non gras qui favorise la reconstruction du film hydrolipidique et renforce les d\u00e9fenses \u00e9pidermiques. L&rsquo;absence\" \/>\r\n<meta property=\"og:url\" content=\"https:\/\/paracherkaoui.ma\/index.php\/produit\/dermagor-erycalm-soin-apaisant-40-ml-2\/\" \/>\r\n<meta property=\"og:site_name\" content=\"Paracherkaoui.ma\" \/>\r\n<meta property=\"article:modified_time\" content=\"2025-12-12T17:24:46+00:00\" \/>\r\n<meta property=\"og:image\" content=\"https:\/\/paracherkaoui.ma\/wp-content\/uploads\/2025\/12\/dermagor-dermagor-erycalm-soin-apaisant-40-ml-soins-anti-rougeurs.jpg\" \/>\r\n\t<meta property=\"og:image:width\" content=\"700\" \/>\r\n\t<meta property=\"og:image:height\" content=\"700\" \/>\r\n\t<meta property=\"og:image:type\" content=\"image\/jpeg\" \/>\r\n<meta name=\"twitter:card\" content=\"summary_large_image\" \/>\r\n<meta name=\"twitter:label1\" content=\"Dur\u00e9e de lecture estim\u00e9e\" \/>\n\t<meta name=\"twitter:data1\" content=\"1 minute\" \/>\r\n<script type=\"application\/ld+json\" class=\"yoast-schema-graph\">{\"@context\":\"https:\/\/schema.org\",\"@graph\":[{\"@type\":\"WebPage\",\"@id\":\"https:\/\/paracherkaoui.ma\/index.php\/produit\/dermagor-erycalm-soin-apaisant-40-ml-2\/\",\"url\":\"https:\/\/paracherkaoui.ma\/index.php\/produit\/dermagor-erycalm-soin-apaisant-40-ml-2\/\",\"name\":\"DERMAGOR ERYCALM SOIN APAISANT 40 ML - Paracherkaoui.ma\",\"isPartOf\":{\"@id\":\"https:\/\/paracherkaoui.ma\/#website\"},\"primaryImageOfPage\":{\"@id\":\"https:\/\/paracherkaoui.ma\/index.php\/produit\/dermagor-erycalm-soin-apaisant-40-ml-2\/#primaryimage\"},\"image\":{\"@id\":\"https:\/\/paracherkaoui.ma\/index.php\/produit\/dermagor-erycalm-soin-apaisant-40-ml-2\/#primaryimage\"},\"thumbnailUrl\":\"https:\/\/paracherkaoui.ma\/wp-content\/uploads\/2025\/12\/dermagor-dermagor-erycalm-soin-apaisant-40-ml-soins-anti-rougeurs.jpg\",\"datePublished\":\"2025-12-12T17:24:43+00:00\",\"dateModified\":\"2025-12-12T17:24:46+00:00\",\"breadcrumb\":{\"@id\":\"https:\/\/paracherkaoui.ma\/index.php\/produit\/dermagor-erycalm-soin-apaisant-40-ml-2\/#breadcrumb\"},\"inLanguage\":\"fr-FR\",\"potentialAction\":[{\"@type\":\"ReadAction\",\"target\":[\"https:\/\/paracherkaoui.ma\/index.php\/produit\/dermagor-erycalm-soin-apaisant-40-ml-2\/\"]}]},{\"@type\":\"ImageObject\",\"inLanguage\":\"fr-FR\",\"@id\":\"https:\/\/paracherkaoui.ma\/index.php\/produit\/dermagor-erycalm-soin-apaisant-40-ml-2\/#primaryimage\",\"url\":\"https:\/\/paracherkaoui.ma\/wp-content\/uploads\/2025\/12\/dermagor-dermagor-erycalm-soin-apaisant-40-ml-soins-anti-rougeurs.jpg\",\"contentUrl\":\"https:\/\/paracherkaoui.ma\/wp-content\/uploads\/2025\/12\/dermagor-dermagor-erycalm-soin-apaisant-40-ml-soins-anti-rougeurs.jpg\",\"width\":700,\"height\":700},{\"@type\":\"BreadcrumbList\",\"@id\":\"https:\/\/paracherkaoui.ma\/index.php\/produit\/dermagor-erycalm-soin-apaisant-40-ml-2\/#breadcrumb\",\"itemListElement\":[{\"@type\":\"ListItem\",\"position\":1,\"name\":\"Accueil\",\"item\":\"https:\/\/paracherkaoui.ma\/\"},{\"@type\":\"ListItem\",\"position\":2,\"name\":\"Boutique\",\"item\":\"https:\/\/paracherkaoui.ma\/index.php\/boutique\/\"},{\"@type\":\"ListItem\",\"position\":3,\"name\":\"DERMAGOR ERYCALM SOIN APAISANT 40 ML\"}]},{\"@type\":\"WebSite\",\"@id\":\"https:\/\/paracherkaoui.ma\/#website\",\"url\":\"https:\/\/paracherkaoui.ma\/\",\"name\":\"Paracherkaoui.ma\",\"description\":\"Achetez en ligne sur Paracherkaoui.ma\",\"potentialAction\":[{\"@type\":\"SearchAction\",\"target\":{\"@type\":\"EntryPoint\",\"urlTemplate\":\"https:\/\/paracherkaoui.ma\/?s={search_term_string}\"},\"query-input\":{\"@type\":\"PropertyValueSpecification\",\"valueRequired\":true,\"valueName\":\"search_term_string\"}}],\"inLanguage\":\"fr-FR\"}]}<\/script>\r\n<!-- \/ Yoast SEO plugin. -->","yoast_head_json":{"title":"DERMAGOR ERYCALM SOIN APAISANT 40 ML - Paracherkaoui.ma","robots":{"index":"index","follow":"follow","max-snippet":"max-snippet:-1","max-image-preview":"max-image-preview:large","max-video-preview":"max-video-preview:-1"},"canonical":"https:\/\/paracherkaoui.ma\/index.php\/produit\/dermagor-erycalm-soin-apaisant-40-ml-2\/","og_locale":"fr_FR","og_type":"article","og_title":"DERMAGOR ERYCALM SOIN APAISANT 40 ML - Paracherkaoui.ma","og_description":"DESCRIPTIF &#038; INDICATIONS: Gel cr\u00e8me non gras qui favorise la reconstruction du film hydrolipidique et renforce les d\u00e9fenses \u00e9pidermiques. L&rsquo;absence","og_url":"https:\/\/paracherkaoui.ma\/index.php\/produit\/dermagor-erycalm-soin-apaisant-40-ml-2\/","og_site_name":"Paracherkaoui.ma","article_modified_time":"2025-12-12T17:24:46+00:00","og_image":[{"width":700,"height":700,"url":"https:\/\/paracherkaoui.ma\/wp-content\/uploads\/2025\/12\/dermagor-dermagor-erycalm-soin-apaisant-40-ml-soins-anti-rougeurs.jpg","type":"image\/jpeg"}],"twitter_card":"summary_large_image","twitter_misc":{"Dur\u00e9e de lecture estim\u00e9e":"1 minute"},"schema":{"@context":"https:\/\/schema.org","@graph":[{"@type":"WebPage","@id":"https:\/\/paracherkaoui.ma\/index.php\/produit\/dermagor-erycalm-soin-apaisant-40-ml-2\/","url":"https:\/\/paracherkaoui.ma\/index.php\/produit\/dermagor-erycalm-soin-apaisant-40-ml-2\/","name":"DERMAGOR ERYCALM SOIN APAISANT 40 ML - Paracherkaoui.ma","isPartOf":{"@id":"https:\/\/paracherkaoui.ma\/#website"},"primaryImageOfPage":{"@id":"https:\/\/paracherkaoui.ma\/index.php\/produit\/dermagor-erycalm-soin-apaisant-40-ml-2\/#primaryimage"},"image":{"@id":"https:\/\/paracherkaoui.ma\/index.php\/produit\/dermagor-erycalm-soin-apaisant-40-ml-2\/#primaryimage"},"thumbnailUrl":"https:\/\/paracherkaoui.ma\/wp-content\/uploads\/2025\/12\/dermagor-dermagor-erycalm-soin-apaisant-40-ml-soins-anti-rougeurs.jpg","datePublished":"2025-12-12T17:24:43+00:00","dateModified":"2025-12-12T17:24:46+00:00","breadcrumb":{"@id":"https:\/\/paracherkaoui.ma\/index.php\/produit\/dermagor-erycalm-soin-apaisant-40-ml-2\/#breadcrumb"},"inLanguage":"fr-FR","potentialAction":[{"@type":"ReadAction","target":["https:\/\/paracherkaoui.ma\/index.php\/produit\/dermagor-erycalm-soin-apaisant-40-ml-2\/"]}]},{"@type":"ImageObject","inLanguage":"fr-FR","@id":"https:\/\/paracherkaoui.ma\/index.php\/produit\/dermagor-erycalm-soin-apaisant-40-ml-2\/#primaryimage","url":"https:\/\/paracherkaoui.ma\/wp-content\/uploads\/2025\/12\/dermagor-dermagor-erycalm-soin-apaisant-40-ml-soins-anti-rougeurs.jpg","contentUrl":"https:\/\/paracherkaoui.ma\/wp-content\/uploads\/2025\/12\/dermagor-dermagor-erycalm-soin-apaisant-40-ml-soins-anti-rougeurs.jpg","width":700,"height":700},{"@type":"BreadcrumbList","@id":"https:\/\/paracherkaoui.ma\/index.php\/produit\/dermagor-erycalm-soin-apaisant-40-ml-2\/#breadcrumb","itemListElement":[{"@type":"ListItem","position":1,"name":"Accueil","item":"https:\/\/paracherkaoui.ma\/"},{"@type":"ListItem","position":2,"name":"Boutique","item":"https:\/\/paracherkaoui.ma\/index.php\/boutique\/"},{"@type":"ListItem","position":3,"name":"DERMAGOR ERYCALM SOIN APAISANT 40 ML"}]},{"@type":"WebSite","@id":"https:\/\/paracherkaoui.ma\/#website","url":"https:\/\/paracherkaoui.ma\/","name":"Paracherkaoui.ma","description":"Achetez en ligne sur Paracherkaoui.ma","potentialAction":[{"@type":"SearchAction","target":{"@type":"EntryPoint","urlTemplate":"https:\/\/paracherkaoui.ma\/?s={search_term_string}"},"query-input":{"@type":"PropertyValueSpecification","valueRequired":true,"valueName":"search_term_string"}}],"inLanguage":"fr-FR"}]}},"_links":{"self":[{"href":"https:\/\/paracherkaoui.ma\/index.php\/wp-json\/wp\/v2\/product\/26432","targetHints":{"allow":["GET"]}}],"collection":[{"href":"https:\/\/paracherkaoui.ma\/index.php\/wp-json\/wp\/v2\/product"}],"about":[{"href":"https:\/\/paracherkaoui.ma\/index.php\/wp-json\/wp\/v2\/types\/product"}],"replies":[{"embeddable":true,"href":"https:\/\/paracherkaoui.ma\/index.php\/wp-json\/wp\/v2\/comments?post=26432"}],"version-history":[{"count":1,"href":"https:\/\/paracherkaoui.ma\/index.php\/wp-json\/wp\/v2\/product\/26432\/revisions"}],"predecessor-version":[{"id":26466,"href":"https:\/\/paracherkaoui.ma\/index.php\/wp-json\/wp\/v2\/product\/26432\/revisions\/26466"}],"wp:featuredmedia":[{"embeddable":true,"href":"https:\/\/paracherkaoui.ma\/index.php\/wp-json\/wp\/v2\/media\/26125"}],"wp:attachment":[{"href":"https:\/\/paracherkaoui.ma\/index.php\/wp-json\/wp\/v2\/media?parent=26432"}],"wp:term":[{"taxonomy":"product_brand","embeddable":true,"href":"https:\/\/paracherkaoui.ma\/index.php\/wp-json\/wp\/v2\/product_brand?post=26432"},{"taxonomy":"product_cat","embeddable":true,"href":"https:\/\/paracherkaoui.ma\/index.php\/wp-json\/wp\/v2\/product_cat?post=26432"},{"taxonomy":"product_tag","embeddable":true,"href":"https:\/\/paracherkaoui.ma\/index.php\/wp-json\/wp\/v2\/product_tag?post=26432"}],"curies":[{"name":"wp","href":"https:\/\/api.w.org\/{rel}","templated":true}]}}