{"id":26420,"date":"2025-12-12T18:24:43","date_gmt":"2025-12-12T17:24:43","guid":{"rendered":"https:\/\/test.ecbeaute.com\/?post_type=product&#038;p=26420"},"modified":"2025-12-12T18:24:45","modified_gmt":"2025-12-12T17:24:45","slug":"avene-antirougeurs-jour-creme-apaisante-spf30-40ml-4","status":"publish","type":"product","link":"https:\/\/paracherkaoui.ma\/index.php\/produit\/avene-antirougeurs-jour-creme-apaisante-spf30-40ml-4\/","title":{"rendered":"AVENE ANTIROUGEURS JOUR CREME APAISANTE SPF30 40ML"},"content":{"rendered":"<p>Description:<br \/>\nCette cr\u00e8me Antirougeurs JOUR apaise, att\u00e9nue et pr\u00e9vient les rougeurs cutan\u00e9es. Adapt\u00e9e aux peaux s\u00e8ches \u00e0 tr\u00e8s s\u00e8ches, sa texture onctueuse et velout\u00e9e laisse la peau douce et confortable toute la journ\u00e9e. R\u00e9duit les rougeurs gr\u00e2ce \u00e0 une association d&rsquo;actifs brevet\u00e9e.\u2022 ANTI-ROUGEURS : le TRP-Regulin\u2122 diminue la r\u00e9activit\u00e9 cutan\u00e9e.\u2022 APAISANT : gr\u00e2ce \u00e0 l\u2019Eau thermale d\u2019Av\u00e8ne, naturellement apaisante. \u2022 PHOTO-PROTECTEUR SPF30 : pour pr\u00e9venir les effets n\u00e9fastes des UVA\/UVB.<\/p>\n","protected":false},"excerpt":{"rendered":"<p>Description: Cette cr\u00e8me Antirougeurs JOUR apaise, att\u00e9nue et pr\u00e9vient les rougeurs cutan\u00e9es. Adapt\u00e9e aux peaux s\u00e8ches \u00e0 tr\u00e8s s\u00e8ches, sa<\/p>\n","protected":false},"featured_media":11735,"comment_status":"open","ping_status":"closed","template":"","meta":[],"product_brand":[136],"product_cat":[522],"product_tag":[],"class_list":{"0":"post-26420","1":"product","2":"type-product","3":"status-publish","4":"has-post-thumbnail","6":"product_brand-avene","7":"product_cat-soins-anti-rougeurs","9":"first","10":"instock","11":"sale","12":"shipping-taxable","13":"purchasable","14":"product-type-simple"},"yoast_head":"<!-- This site is optimized with the Yoast SEO plugin v26.6 - https:\/\/yoast.com\/wordpress\/plugins\/seo\/ -->\r\n<title>AVENE ANTIROUGEURS JOUR CREME APAISANTE SPF30 40ML - Paracherkaoui.ma<\/title>\r\n<meta name=\"robots\" content=\"index, follow, max-snippet:-1, max-image-preview:large, max-video-preview:-1\" \/>\r\n<link rel=\"canonical\" href=\"https:\/\/paracherkaoui.ma\/index.php\/produit\/avene-antirougeurs-jour-creme-apaisante-spf30-40ml-4\/\" \/>\r\n<meta property=\"og:locale\" content=\"fr_FR\" \/>\r\n<meta property=\"og:type\" content=\"article\" \/>\r\n<meta property=\"og:title\" content=\"AVENE ANTIROUGEURS JOUR CREME APAISANTE SPF30 40ML - Paracherkaoui.ma\" \/>\r\n<meta property=\"og:description\" content=\"Description: Cette cr\u00e8me Antirougeurs JOUR apaise, att\u00e9nue et pr\u00e9vient les rougeurs cutan\u00e9es. Adapt\u00e9e aux peaux s\u00e8ches \u00e0 tr\u00e8s s\u00e8ches, sa\" \/>\r\n<meta property=\"og:url\" content=\"https:\/\/paracherkaoui.ma\/index.php\/produit\/avene-antirougeurs-jour-creme-apaisante-spf30-40ml-4\/\" \/>\r\n<meta property=\"og:site_name\" content=\"Paracherkaoui.ma\" \/>\r\n<meta property=\"article:modified_time\" content=\"2025-12-12T17:24:45+00:00\" \/>\r\n<meta property=\"og:image\" content=\"https:\/\/paracherkaoui.ma\/wp-content\/uploads\/2025\/12\/avene-avene-antirougeurs-jour-creme-apaisante-spf30-40ml-soins-anti-rougeurs.jpg\" \/>\r\n\t<meta property=\"og:image:width\" content=\"700\" \/>\r\n\t<meta property=\"og:image:height\" content=\"700\" \/>\r\n\t<meta property=\"og:image:type\" content=\"image\/jpeg\" \/>\r\n<meta name=\"twitter:card\" content=\"summary_large_image\" \/>\r\n<script type=\"application\/ld+json\" class=\"yoast-schema-graph\">{\"@context\":\"https:\/\/schema.org\",\"@graph\":[{\"@type\":\"WebPage\",\"@id\":\"https:\/\/paracherkaoui.ma\/index.php\/produit\/avene-antirougeurs-jour-creme-apaisante-spf30-40ml-4\/\",\"url\":\"https:\/\/paracherkaoui.ma\/index.php\/produit\/avene-antirougeurs-jour-creme-apaisante-spf30-40ml-4\/\",\"name\":\"AVENE ANTIROUGEURS JOUR CREME APAISANTE SPF30 40ML - Paracherkaoui.ma\",\"isPartOf\":{\"@id\":\"https:\/\/paracherkaoui.ma\/#website\"},\"primaryImageOfPage\":{\"@id\":\"https:\/\/paracherkaoui.ma\/index.php\/produit\/avene-antirougeurs-jour-creme-apaisante-spf30-40ml-4\/#primaryimage\"},\"image\":{\"@id\":\"https:\/\/paracherkaoui.ma\/index.php\/produit\/avene-antirougeurs-jour-creme-apaisante-spf30-40ml-4\/#primaryimage\"},\"thumbnailUrl\":\"https:\/\/paracherkaoui.ma\/wp-content\/uploads\/2025\/12\/avene-avene-antirougeurs-jour-creme-apaisante-spf30-40ml-soins-anti-rougeurs.jpg\",\"datePublished\":\"2025-12-12T17:24:43+00:00\",\"dateModified\":\"2025-12-12T17:24:45+00:00\",\"breadcrumb\":{\"@id\":\"https:\/\/paracherkaoui.ma\/index.php\/produit\/avene-antirougeurs-jour-creme-apaisante-spf30-40ml-4\/#breadcrumb\"},\"inLanguage\":\"fr-FR\",\"potentialAction\":[{\"@type\":\"ReadAction\",\"target\":[\"https:\/\/paracherkaoui.ma\/index.php\/produit\/avene-antirougeurs-jour-creme-apaisante-spf30-40ml-4\/\"]}]},{\"@type\":\"ImageObject\",\"inLanguage\":\"fr-FR\",\"@id\":\"https:\/\/paracherkaoui.ma\/index.php\/produit\/avene-antirougeurs-jour-creme-apaisante-spf30-40ml-4\/#primaryimage\",\"url\":\"https:\/\/paracherkaoui.ma\/wp-content\/uploads\/2025\/12\/avene-avene-antirougeurs-jour-creme-apaisante-spf30-40ml-soins-anti-rougeurs.jpg\",\"contentUrl\":\"https:\/\/paracherkaoui.ma\/wp-content\/uploads\/2025\/12\/avene-avene-antirougeurs-jour-creme-apaisante-spf30-40ml-soins-anti-rougeurs.jpg\",\"width\":700,\"height\":700},{\"@type\":\"BreadcrumbList\",\"@id\":\"https:\/\/paracherkaoui.ma\/index.php\/produit\/avene-antirougeurs-jour-creme-apaisante-spf30-40ml-4\/#breadcrumb\",\"itemListElement\":[{\"@type\":\"ListItem\",\"position\":1,\"name\":\"Accueil\",\"item\":\"https:\/\/paracherkaoui.ma\/\"},{\"@type\":\"ListItem\",\"position\":2,\"name\":\"Boutique\",\"item\":\"https:\/\/paracherkaoui.ma\/index.php\/boutique\/\"},{\"@type\":\"ListItem\",\"position\":3,\"name\":\"AVENE ANTIROUGEURS JOUR CREME APAISANTE SPF30 40ML\"}]},{\"@type\":\"WebSite\",\"@id\":\"https:\/\/paracherkaoui.ma\/#website\",\"url\":\"https:\/\/paracherkaoui.ma\/\",\"name\":\"Paracherkaoui.ma\",\"description\":\"Achetez en ligne sur Paracherkaoui.ma\",\"potentialAction\":[{\"@type\":\"SearchAction\",\"target\":{\"@type\":\"EntryPoint\",\"urlTemplate\":\"https:\/\/paracherkaoui.ma\/?s={search_term_string}\"},\"query-input\":{\"@type\":\"PropertyValueSpecification\",\"valueRequired\":true,\"valueName\":\"search_term_string\"}}],\"inLanguage\":\"fr-FR\"}]}<\/script>\r\n<!-- \/ Yoast SEO plugin. -->","yoast_head_json":{"title":"AVENE ANTIROUGEURS JOUR CREME APAISANTE SPF30 40ML - Paracherkaoui.ma","robots":{"index":"index","follow":"follow","max-snippet":"max-snippet:-1","max-image-preview":"max-image-preview:large","max-video-preview":"max-video-preview:-1"},"canonical":"https:\/\/paracherkaoui.ma\/index.php\/produit\/avene-antirougeurs-jour-creme-apaisante-spf30-40ml-4\/","og_locale":"fr_FR","og_type":"article","og_title":"AVENE ANTIROUGEURS JOUR CREME APAISANTE SPF30 40ML - Paracherkaoui.ma","og_description":"Description: Cette cr\u00e8me Antirougeurs JOUR apaise, att\u00e9nue et pr\u00e9vient les rougeurs cutan\u00e9es. Adapt\u00e9e aux peaux s\u00e8ches \u00e0 tr\u00e8s s\u00e8ches, sa","og_url":"https:\/\/paracherkaoui.ma\/index.php\/produit\/avene-antirougeurs-jour-creme-apaisante-spf30-40ml-4\/","og_site_name":"Paracherkaoui.ma","article_modified_time":"2025-12-12T17:24:45+00:00","og_image":[{"width":700,"height":700,"url":"https:\/\/paracherkaoui.ma\/wp-content\/uploads\/2025\/12\/avene-avene-antirougeurs-jour-creme-apaisante-spf30-40ml-soins-anti-rougeurs.jpg","type":"image\/jpeg"}],"twitter_card":"summary_large_image","schema":{"@context":"https:\/\/schema.org","@graph":[{"@type":"WebPage","@id":"https:\/\/paracherkaoui.ma\/index.php\/produit\/avene-antirougeurs-jour-creme-apaisante-spf30-40ml-4\/","url":"https:\/\/paracherkaoui.ma\/index.php\/produit\/avene-antirougeurs-jour-creme-apaisante-spf30-40ml-4\/","name":"AVENE ANTIROUGEURS JOUR CREME APAISANTE SPF30 40ML - Paracherkaoui.ma","isPartOf":{"@id":"https:\/\/paracherkaoui.ma\/#website"},"primaryImageOfPage":{"@id":"https:\/\/paracherkaoui.ma\/index.php\/produit\/avene-antirougeurs-jour-creme-apaisante-spf30-40ml-4\/#primaryimage"},"image":{"@id":"https:\/\/paracherkaoui.ma\/index.php\/produit\/avene-antirougeurs-jour-creme-apaisante-spf30-40ml-4\/#primaryimage"},"thumbnailUrl":"https:\/\/paracherkaoui.ma\/wp-content\/uploads\/2025\/12\/avene-avene-antirougeurs-jour-creme-apaisante-spf30-40ml-soins-anti-rougeurs.jpg","datePublished":"2025-12-12T17:24:43+00:00","dateModified":"2025-12-12T17:24:45+00:00","breadcrumb":{"@id":"https:\/\/paracherkaoui.ma\/index.php\/produit\/avene-antirougeurs-jour-creme-apaisante-spf30-40ml-4\/#breadcrumb"},"inLanguage":"fr-FR","potentialAction":[{"@type":"ReadAction","target":["https:\/\/paracherkaoui.ma\/index.php\/produit\/avene-antirougeurs-jour-creme-apaisante-spf30-40ml-4\/"]}]},{"@type":"ImageObject","inLanguage":"fr-FR","@id":"https:\/\/paracherkaoui.ma\/index.php\/produit\/avene-antirougeurs-jour-creme-apaisante-spf30-40ml-4\/#primaryimage","url":"https:\/\/paracherkaoui.ma\/wp-content\/uploads\/2025\/12\/avene-avene-antirougeurs-jour-creme-apaisante-spf30-40ml-soins-anti-rougeurs.jpg","contentUrl":"https:\/\/paracherkaoui.ma\/wp-content\/uploads\/2025\/12\/avene-avene-antirougeurs-jour-creme-apaisante-spf30-40ml-soins-anti-rougeurs.jpg","width":700,"height":700},{"@type":"BreadcrumbList","@id":"https:\/\/paracherkaoui.ma\/index.php\/produit\/avene-antirougeurs-jour-creme-apaisante-spf30-40ml-4\/#breadcrumb","itemListElement":[{"@type":"ListItem","position":1,"name":"Accueil","item":"https:\/\/paracherkaoui.ma\/"},{"@type":"ListItem","position":2,"name":"Boutique","item":"https:\/\/paracherkaoui.ma\/index.php\/boutique\/"},{"@type":"ListItem","position":3,"name":"AVENE ANTIROUGEURS JOUR CREME APAISANTE SPF30 40ML"}]},{"@type":"WebSite","@id":"https:\/\/paracherkaoui.ma\/#website","url":"https:\/\/paracherkaoui.ma\/","name":"Paracherkaoui.ma","description":"Achetez en ligne sur Paracherkaoui.ma","potentialAction":[{"@type":"SearchAction","target":{"@type":"EntryPoint","urlTemplate":"https:\/\/paracherkaoui.ma\/?s={search_term_string}"},"query-input":{"@type":"PropertyValueSpecification","valueRequired":true,"valueName":"search_term_string"}}],"inLanguage":"fr-FR"}]}},"_links":{"self":[{"href":"https:\/\/paracherkaoui.ma\/index.php\/wp-json\/wp\/v2\/product\/26420","targetHints":{"allow":["GET"]}}],"collection":[{"href":"https:\/\/paracherkaoui.ma\/index.php\/wp-json\/wp\/v2\/product"}],"about":[{"href":"https:\/\/paracherkaoui.ma\/index.php\/wp-json\/wp\/v2\/types\/product"}],"replies":[{"embeddable":true,"href":"https:\/\/paracherkaoui.ma\/index.php\/wp-json\/wp\/v2\/comments?post=26420"}],"version-history":[{"count":1,"href":"https:\/\/paracherkaoui.ma\/index.php\/wp-json\/wp\/v2\/product\/26420\/revisions"}],"predecessor-version":[{"id":26451,"href":"https:\/\/paracherkaoui.ma\/index.php\/wp-json\/wp\/v2\/product\/26420\/revisions\/26451"}],"wp:featuredmedia":[{"embeddable":true,"href":"https:\/\/paracherkaoui.ma\/index.php\/wp-json\/wp\/v2\/media\/11735"}],"wp:attachment":[{"href":"https:\/\/paracherkaoui.ma\/index.php\/wp-json\/wp\/v2\/media?parent=26420"}],"wp:term":[{"taxonomy":"product_brand","embeddable":true,"href":"https:\/\/paracherkaoui.ma\/index.php\/wp-json\/wp\/v2\/product_brand?post=26420"},{"taxonomy":"product_cat","embeddable":true,"href":"https:\/\/paracherkaoui.ma\/index.php\/wp-json\/wp\/v2\/product_cat?post=26420"},{"taxonomy":"product_tag","embeddable":true,"href":"https:\/\/paracherkaoui.ma\/index.php\/wp-json\/wp\/v2\/product_tag?post=26420"}],"curies":[{"name":"wp","href":"https:\/\/api.w.org\/{rel}","templated":true}]}}