{"id":26357,"date":"2025-12-12T18:24:37","date_gmt":"2025-12-12T17:24:37","guid":{"rendered":"https:\/\/test.ecbeaute.com\/?post_type=product&#038;p=26357"},"modified":"2025-12-12T18:24:40","modified_gmt":"2025-12-12T17:24:40","slug":"centaurea-creme-uree-10-creme-lissante-200-ml","status":"publish","type":"product","link":"https:\/\/paracherkaoui.ma\/index.php\/produit\/centaurea-creme-uree-10-creme-lissante-200-ml\/","title":{"rendered":"CENTAUREA CREME UREE 10% CREME LISSANTE 200 ML"},"content":{"rendered":"<p>Centaurea Cr\u00e8me Ur\u00e9e 10% est un soin puissant et hydratant sp\u00e9cialement formul\u00e9 pour lisser et nourrir les peaux s\u00e8ches, rugueuses et squameuses. Gr\u00e2ce \u00e0 sa concentration optimale en ur\u00e9e, elle \u00e9limine efficacement les cellules mortes, laissant une peau douce, souple et apais\u00e9e. En plus de son action exfoliante douce, cette cr\u00e8me aide \u00e0 restaurer la barri\u00e8re cutan\u00e9e, r\u00e9duisant ainsi les sensations d\u2019inconfort et les tiraillements li\u00e9s \u00e0 la s\u00e9cheresse extr\u00eame.<br \/>\nEnrichie en c\u00e9ramides (1, 3 et 6-II) et en glyc\u00e9rine, cette cr\u00e8me garantit une hydratation profonde tout en renfor\u00e7ant la structure de l&rsquo;\u00e9piderme. Sa texture non grasse p\u00e9n\u00e8tre rapidement, ce qui en fait une alli\u00e9e quotidienne pour les zones souvent sujettes \u00e0 la rugosit\u00e9 : coudes, genoux, pieds et mains. Id\u00e9ale pour traiter les peaux atopiques ou gerc\u00e9es, elle est aussi parfaite apr\u00e8s l\u2019exposition au froid ou en cas de dess\u00e8chement s\u00e9v\u00e8re.<br \/>\nBienfaits cl\u00e9s :<br \/>\nUr\u00e9e \u00e0 10 % : Exfolie et hydrate intens\u00e9ment.<br \/>\nC\u00e9ramides : Renforcent la barri\u00e8re cutan\u00e9e.<br \/>\nGlyc\u00e9rine : Adoucit et maintient l&rsquo;hydratation de la peau.<br \/>\nConseils d\u2019utilisation :<br \/>\nAppliquez quotidiennement sur une peau propre et s\u00e8che, en insistant sur les zones rugueuses.<\/p>\n","protected":false},"excerpt":{"rendered":"<p>Centaurea Cr\u00e8me Ur\u00e9e 10% est un soin puissant et hydratant sp\u00e9cialement formul\u00e9 pour lisser et nourrir les peaux s\u00e8ches, rugueuses<\/p>\n","protected":false},"featured_media":26391,"comment_status":"open","ping_status":"closed","template":"","meta":[],"product_brand":[263],"product_cat":[522],"product_tag":[],"class_list":{"0":"post-26357","1":"product","2":"type-product","3":"status-publish","4":"has-post-thumbnail","6":"product_brand-centaurea","7":"product_cat-soins-anti-rougeurs","9":"first","10":"instock","11":"sale","12":"shipping-taxable","13":"purchasable","14":"product-type-simple"},"yoast_head":"<!-- This site is optimized with the Yoast SEO plugin v26.6 - https:\/\/yoast.com\/wordpress\/plugins\/seo\/ -->\r\n<title>CENTAUREA CREME UREE 10% CREME LISSANTE 200 ML - Paracherkaoui.ma<\/title>\r\n<meta name=\"robots\" content=\"index, follow, max-snippet:-1, max-image-preview:large, max-video-preview:-1\" \/>\r\n<link rel=\"canonical\" href=\"https:\/\/paracherkaoui.ma\/index.php\/produit\/centaurea-creme-uree-10-creme-lissante-200-ml\/\" \/>\r\n<meta property=\"og:locale\" content=\"fr_FR\" \/>\r\n<meta property=\"og:type\" content=\"article\" \/>\r\n<meta property=\"og:title\" content=\"CENTAUREA CREME UREE 10% CREME LISSANTE 200 ML - Paracherkaoui.ma\" \/>\r\n<meta property=\"og:description\" content=\"Centaurea Cr\u00e8me Ur\u00e9e 10% est un soin puissant et hydratant sp\u00e9cialement formul\u00e9 pour lisser et nourrir les peaux s\u00e8ches, rugueuses\" \/>\r\n<meta property=\"og:url\" content=\"https:\/\/paracherkaoui.ma\/index.php\/produit\/centaurea-creme-uree-10-creme-lissante-200-ml\/\" \/>\r\n<meta property=\"og:site_name\" content=\"Paracherkaoui.ma\" \/>\r\n<meta property=\"article:modified_time\" content=\"2025-12-12T17:24:40+00:00\" \/>\r\n<meta property=\"og:image\" content=\"https:\/\/paracherkaoui.ma\/wp-content\/uploads\/2025\/12\/centaurea-centaurea-creme-uree-10-creme-lissante-200-ml-soins-anti-rougeurs.jpg\" \/>\r\n\t<meta property=\"og:image:width\" content=\"700\" \/>\r\n\t<meta property=\"og:image:height\" content=\"700\" \/>\r\n\t<meta property=\"og:image:type\" content=\"image\/jpeg\" \/>\r\n<meta name=\"twitter:card\" content=\"summary_large_image\" \/>\r\n<meta name=\"twitter:label1\" content=\"Dur\u00e9e de lecture estim\u00e9e\" \/>\n\t<meta name=\"twitter:data1\" content=\"1 minute\" \/>\r\n<script type=\"application\/ld+json\" class=\"yoast-schema-graph\">{\"@context\":\"https:\/\/schema.org\",\"@graph\":[{\"@type\":\"WebPage\",\"@id\":\"https:\/\/paracherkaoui.ma\/index.php\/produit\/centaurea-creme-uree-10-creme-lissante-200-ml\/\",\"url\":\"https:\/\/paracherkaoui.ma\/index.php\/produit\/centaurea-creme-uree-10-creme-lissante-200-ml\/\",\"name\":\"CENTAUREA CREME UREE 10% CREME LISSANTE 200 ML - Paracherkaoui.ma\",\"isPartOf\":{\"@id\":\"https:\/\/paracherkaoui.ma\/#website\"},\"primaryImageOfPage\":{\"@id\":\"https:\/\/paracherkaoui.ma\/index.php\/produit\/centaurea-creme-uree-10-creme-lissante-200-ml\/#primaryimage\"},\"image\":{\"@id\":\"https:\/\/paracherkaoui.ma\/index.php\/produit\/centaurea-creme-uree-10-creme-lissante-200-ml\/#primaryimage\"},\"thumbnailUrl\":\"https:\/\/paracherkaoui.ma\/wp-content\/uploads\/2025\/12\/centaurea-centaurea-creme-uree-10-creme-lissante-200-ml-soins-anti-rougeurs.jpg\",\"datePublished\":\"2025-12-12T17:24:37+00:00\",\"dateModified\":\"2025-12-12T17:24:40+00:00\",\"breadcrumb\":{\"@id\":\"https:\/\/paracherkaoui.ma\/index.php\/produit\/centaurea-creme-uree-10-creme-lissante-200-ml\/#breadcrumb\"},\"inLanguage\":\"fr-FR\",\"potentialAction\":[{\"@type\":\"ReadAction\",\"target\":[\"https:\/\/paracherkaoui.ma\/index.php\/produit\/centaurea-creme-uree-10-creme-lissante-200-ml\/\"]}]},{\"@type\":\"ImageObject\",\"inLanguage\":\"fr-FR\",\"@id\":\"https:\/\/paracherkaoui.ma\/index.php\/produit\/centaurea-creme-uree-10-creme-lissante-200-ml\/#primaryimage\",\"url\":\"https:\/\/paracherkaoui.ma\/wp-content\/uploads\/2025\/12\/centaurea-centaurea-creme-uree-10-creme-lissante-200-ml-soins-anti-rougeurs.jpg\",\"contentUrl\":\"https:\/\/paracherkaoui.ma\/wp-content\/uploads\/2025\/12\/centaurea-centaurea-creme-uree-10-creme-lissante-200-ml-soins-anti-rougeurs.jpg\",\"width\":700,\"height\":700},{\"@type\":\"BreadcrumbList\",\"@id\":\"https:\/\/paracherkaoui.ma\/index.php\/produit\/centaurea-creme-uree-10-creme-lissante-200-ml\/#breadcrumb\",\"itemListElement\":[{\"@type\":\"ListItem\",\"position\":1,\"name\":\"Accueil\",\"item\":\"https:\/\/paracherkaoui.ma\/\"},{\"@type\":\"ListItem\",\"position\":2,\"name\":\"Boutique\",\"item\":\"https:\/\/paracherkaoui.ma\/index.php\/boutique\/\"},{\"@type\":\"ListItem\",\"position\":3,\"name\":\"CENTAUREA CREME UREE 10% CREME LISSANTE 200 ML\"}]},{\"@type\":\"WebSite\",\"@id\":\"https:\/\/paracherkaoui.ma\/#website\",\"url\":\"https:\/\/paracherkaoui.ma\/\",\"name\":\"Paracherkaoui.ma\",\"description\":\"Achetez en ligne sur Paracherkaoui.ma\",\"potentialAction\":[{\"@type\":\"SearchAction\",\"target\":{\"@type\":\"EntryPoint\",\"urlTemplate\":\"https:\/\/paracherkaoui.ma\/?s={search_term_string}\"},\"query-input\":{\"@type\":\"PropertyValueSpecification\",\"valueRequired\":true,\"valueName\":\"search_term_string\"}}],\"inLanguage\":\"fr-FR\"}]}<\/script>\r\n<!-- \/ Yoast SEO plugin. -->","yoast_head_json":{"title":"CENTAUREA CREME UREE 10% CREME LISSANTE 200 ML - Paracherkaoui.ma","robots":{"index":"index","follow":"follow","max-snippet":"max-snippet:-1","max-image-preview":"max-image-preview:large","max-video-preview":"max-video-preview:-1"},"canonical":"https:\/\/paracherkaoui.ma\/index.php\/produit\/centaurea-creme-uree-10-creme-lissante-200-ml\/","og_locale":"fr_FR","og_type":"article","og_title":"CENTAUREA CREME UREE 10% CREME LISSANTE 200 ML - Paracherkaoui.ma","og_description":"Centaurea Cr\u00e8me Ur\u00e9e 10% est un soin puissant et hydratant sp\u00e9cialement formul\u00e9 pour lisser et nourrir les peaux s\u00e8ches, rugueuses","og_url":"https:\/\/paracherkaoui.ma\/index.php\/produit\/centaurea-creme-uree-10-creme-lissante-200-ml\/","og_site_name":"Paracherkaoui.ma","article_modified_time":"2025-12-12T17:24:40+00:00","og_image":[{"width":700,"height":700,"url":"https:\/\/paracherkaoui.ma\/wp-content\/uploads\/2025\/12\/centaurea-centaurea-creme-uree-10-creme-lissante-200-ml-soins-anti-rougeurs.jpg","type":"image\/jpeg"}],"twitter_card":"summary_large_image","twitter_misc":{"Dur\u00e9e de lecture estim\u00e9e":"1 minute"},"schema":{"@context":"https:\/\/schema.org","@graph":[{"@type":"WebPage","@id":"https:\/\/paracherkaoui.ma\/index.php\/produit\/centaurea-creme-uree-10-creme-lissante-200-ml\/","url":"https:\/\/paracherkaoui.ma\/index.php\/produit\/centaurea-creme-uree-10-creme-lissante-200-ml\/","name":"CENTAUREA CREME UREE 10% CREME LISSANTE 200 ML - Paracherkaoui.ma","isPartOf":{"@id":"https:\/\/paracherkaoui.ma\/#website"},"primaryImageOfPage":{"@id":"https:\/\/paracherkaoui.ma\/index.php\/produit\/centaurea-creme-uree-10-creme-lissante-200-ml\/#primaryimage"},"image":{"@id":"https:\/\/paracherkaoui.ma\/index.php\/produit\/centaurea-creme-uree-10-creme-lissante-200-ml\/#primaryimage"},"thumbnailUrl":"https:\/\/paracherkaoui.ma\/wp-content\/uploads\/2025\/12\/centaurea-centaurea-creme-uree-10-creme-lissante-200-ml-soins-anti-rougeurs.jpg","datePublished":"2025-12-12T17:24:37+00:00","dateModified":"2025-12-12T17:24:40+00:00","breadcrumb":{"@id":"https:\/\/paracherkaoui.ma\/index.php\/produit\/centaurea-creme-uree-10-creme-lissante-200-ml\/#breadcrumb"},"inLanguage":"fr-FR","potentialAction":[{"@type":"ReadAction","target":["https:\/\/paracherkaoui.ma\/index.php\/produit\/centaurea-creme-uree-10-creme-lissante-200-ml\/"]}]},{"@type":"ImageObject","inLanguage":"fr-FR","@id":"https:\/\/paracherkaoui.ma\/index.php\/produit\/centaurea-creme-uree-10-creme-lissante-200-ml\/#primaryimage","url":"https:\/\/paracherkaoui.ma\/wp-content\/uploads\/2025\/12\/centaurea-centaurea-creme-uree-10-creme-lissante-200-ml-soins-anti-rougeurs.jpg","contentUrl":"https:\/\/paracherkaoui.ma\/wp-content\/uploads\/2025\/12\/centaurea-centaurea-creme-uree-10-creme-lissante-200-ml-soins-anti-rougeurs.jpg","width":700,"height":700},{"@type":"BreadcrumbList","@id":"https:\/\/paracherkaoui.ma\/index.php\/produit\/centaurea-creme-uree-10-creme-lissante-200-ml\/#breadcrumb","itemListElement":[{"@type":"ListItem","position":1,"name":"Accueil","item":"https:\/\/paracherkaoui.ma\/"},{"@type":"ListItem","position":2,"name":"Boutique","item":"https:\/\/paracherkaoui.ma\/index.php\/boutique\/"},{"@type":"ListItem","position":3,"name":"CENTAUREA CREME UREE 10% CREME LISSANTE 200 ML"}]},{"@type":"WebSite","@id":"https:\/\/paracherkaoui.ma\/#website","url":"https:\/\/paracherkaoui.ma\/","name":"Paracherkaoui.ma","description":"Achetez en ligne sur Paracherkaoui.ma","potentialAction":[{"@type":"SearchAction","target":{"@type":"EntryPoint","urlTemplate":"https:\/\/paracherkaoui.ma\/?s={search_term_string}"},"query-input":{"@type":"PropertyValueSpecification","valueRequired":true,"valueName":"search_term_string"}}],"inLanguage":"fr-FR"}]}},"_links":{"self":[{"href":"https:\/\/paracherkaoui.ma\/index.php\/wp-json\/wp\/v2\/product\/26357","targetHints":{"allow":["GET"]}}],"collection":[{"href":"https:\/\/paracherkaoui.ma\/index.php\/wp-json\/wp\/v2\/product"}],"about":[{"href":"https:\/\/paracherkaoui.ma\/index.php\/wp-json\/wp\/v2\/types\/product"}],"replies":[{"embeddable":true,"href":"https:\/\/paracherkaoui.ma\/index.php\/wp-json\/wp\/v2\/comments?post=26357"}],"version-history":[{"count":1,"href":"https:\/\/paracherkaoui.ma\/index.php\/wp-json\/wp\/v2\/product\/26357\/revisions"}],"predecessor-version":[{"id":26392,"href":"https:\/\/paracherkaoui.ma\/index.php\/wp-json\/wp\/v2\/product\/26357\/revisions\/26392"}],"wp:featuredmedia":[{"embeddable":true,"href":"https:\/\/paracherkaoui.ma\/index.php\/wp-json\/wp\/v2\/media\/26391"}],"wp:attachment":[{"href":"https:\/\/paracherkaoui.ma\/index.php\/wp-json\/wp\/v2\/media?parent=26357"}],"wp:term":[{"taxonomy":"product_brand","embeddable":true,"href":"https:\/\/paracherkaoui.ma\/index.php\/wp-json\/wp\/v2\/product_brand?post=26357"},{"taxonomy":"product_cat","embeddable":true,"href":"https:\/\/paracherkaoui.ma\/index.php\/wp-json\/wp\/v2\/product_cat?post=26357"},{"taxonomy":"product_tag","embeddable":true,"href":"https:\/\/paracherkaoui.ma\/index.php\/wp-json\/wp\/v2\/product_tag?post=26357"}],"curies":[{"name":"wp","href":"https:\/\/api.w.org\/{rel}","templated":true}]}}