{"id":26354,"date":"2025-12-12T18:24:37","date_gmt":"2025-12-12T17:24:37","guid":{"rendered":"https:\/\/test.ecbeaute.com\/?post_type=product&#038;p=26354"},"modified":"2025-12-12T18:24:39","modified_gmt":"2025-12-12T17:24:39","slug":"capiderma-rosacap-creme-visage-anti-rougeurs-40-ml-2","status":"publish","type":"product","link":"https:\/\/paracherkaoui.ma\/index.php\/produit\/capiderma-rosacap-creme-visage-anti-rougeurs-40-ml-2\/","title":{"rendered":"CAPIDERMA ROSACAP CREME VISAGE ANTI ROUGEURS 40 ML"},"content":{"rendered":"<p>Description :<br \/>\nROSACAP\u00ae cr\u00e8me est un soin intensif pour apaiser les rougeurs, les sensations d\u2019\u00e9chauffement et le tiraillement de peaux sensibles \u00e0 tendance r\u00e9active. B\u00e9n\u00e9ficie d\u2019un complexe exclusif riche en eau de source marine, ainsi que d\u2019extraits de fruits et de plantes \u00e0 propri\u00e9t\u00e9s anti-irritantes et anti-oxydantes afin de r\u00e9duire l\u2019inflammation cutan\u00e9e et procurer un apaisement imm\u00e9diat.<br \/>\nAvantages :<br \/>\n&#8211; Apaise les rougeurs et les sensations d\u2019\u00e9chauffement<br \/>\n&#8211; Apaise le tiraillement de peaux sensibles \u00e0 tendance r\u00e9active<br \/>\n&#8211; Adoucit, prot\u00e8ge et aide la peau \u00e0 conserver son hydratation<br \/>\nConseils d\u2019utilisation :<br \/>\nAppliquer matin et ou soir sur une peau propre et s\u00e8che en mouvements circulaires en insistant sur les zones \u00e0 traiter.<\/p>\n","protected":false},"excerpt":{"rendered":"<p>Description : ROSACAP\u00ae cr\u00e8me est un soin intensif pour apaiser les rougeurs, les sensations d\u2019\u00e9chauffement et le tiraillement de peaux<\/p>\n","protected":false},"featured_media":25444,"comment_status":"open","ping_status":"closed","template":"","meta":[],"product_brand":[247],"product_cat":[522],"product_tag":[],"class_list":{"0":"post-26354","1":"product","2":"type-product","3":"status-publish","4":"has-post-thumbnail","6":"product_brand-capiderma","7":"product_cat-soins-anti-rougeurs","9":"first","10":"instock","11":"sale","12":"shipping-taxable","13":"purchasable","14":"product-type-simple"},"yoast_head":"<!-- This site is optimized with the Yoast SEO plugin v26.6 - https:\/\/yoast.com\/wordpress\/plugins\/seo\/ -->\r\n<title>CAPIDERMA ROSACAP CREME VISAGE ANTI ROUGEURS 40 ML - Paracherkaoui.ma<\/title>\r\n<meta name=\"robots\" content=\"index, follow, max-snippet:-1, max-image-preview:large, max-video-preview:-1\" \/>\r\n<link rel=\"canonical\" href=\"https:\/\/paracherkaoui.ma\/index.php\/produit\/capiderma-rosacap-creme-visage-anti-rougeurs-40-ml-2\/\" \/>\r\n<meta property=\"og:locale\" content=\"fr_FR\" \/>\r\n<meta property=\"og:type\" content=\"article\" \/>\r\n<meta property=\"og:title\" content=\"CAPIDERMA ROSACAP CREME VISAGE ANTI ROUGEURS 40 ML - Paracherkaoui.ma\" \/>\r\n<meta property=\"og:description\" content=\"Description : ROSACAP\u00ae cr\u00e8me est un soin intensif pour apaiser les rougeurs, les sensations d\u2019\u00e9chauffement et le tiraillement de peaux\" \/>\r\n<meta property=\"og:url\" content=\"https:\/\/paracherkaoui.ma\/index.php\/produit\/capiderma-rosacap-creme-visage-anti-rougeurs-40-ml-2\/\" \/>\r\n<meta property=\"og:site_name\" content=\"Paracherkaoui.ma\" \/>\r\n<meta property=\"article:modified_time\" content=\"2025-12-12T17:24:39+00:00\" \/>\r\n<meta property=\"og:image\" content=\"https:\/\/paracherkaoui.ma\/wp-content\/uploads\/2025\/12\/capiderma-capiderma-rosacap-creme-visage-anti-rougeurs-40-ml-soins-anti-rougeurs.jpg\" \/>\r\n\t<meta property=\"og:image:width\" content=\"700\" \/>\r\n\t<meta property=\"og:image:height\" content=\"700\" \/>\r\n\t<meta property=\"og:image:type\" content=\"image\/jpeg\" \/>\r\n<meta name=\"twitter:card\" content=\"summary_large_image\" \/>\r\n<meta name=\"twitter:label1\" content=\"Dur\u00e9e de lecture estim\u00e9e\" \/>\n\t<meta name=\"twitter:data1\" content=\"1 minute\" \/>\r\n<script type=\"application\/ld+json\" class=\"yoast-schema-graph\">{\"@context\":\"https:\/\/schema.org\",\"@graph\":[{\"@type\":\"WebPage\",\"@id\":\"https:\/\/paracherkaoui.ma\/index.php\/produit\/capiderma-rosacap-creme-visage-anti-rougeurs-40-ml-2\/\",\"url\":\"https:\/\/paracherkaoui.ma\/index.php\/produit\/capiderma-rosacap-creme-visage-anti-rougeurs-40-ml-2\/\",\"name\":\"CAPIDERMA ROSACAP CREME VISAGE ANTI ROUGEURS 40 ML - Paracherkaoui.ma\",\"isPartOf\":{\"@id\":\"https:\/\/paracherkaoui.ma\/#website\"},\"primaryImageOfPage\":{\"@id\":\"https:\/\/paracherkaoui.ma\/index.php\/produit\/capiderma-rosacap-creme-visage-anti-rougeurs-40-ml-2\/#primaryimage\"},\"image\":{\"@id\":\"https:\/\/paracherkaoui.ma\/index.php\/produit\/capiderma-rosacap-creme-visage-anti-rougeurs-40-ml-2\/#primaryimage\"},\"thumbnailUrl\":\"https:\/\/paracherkaoui.ma\/wp-content\/uploads\/2025\/12\/capiderma-capiderma-rosacap-creme-visage-anti-rougeurs-40-ml-soins-anti-rougeurs.jpg\",\"datePublished\":\"2025-12-12T17:24:37+00:00\",\"dateModified\":\"2025-12-12T17:24:39+00:00\",\"breadcrumb\":{\"@id\":\"https:\/\/paracherkaoui.ma\/index.php\/produit\/capiderma-rosacap-creme-visage-anti-rougeurs-40-ml-2\/#breadcrumb\"},\"inLanguage\":\"fr-FR\",\"potentialAction\":[{\"@type\":\"ReadAction\",\"target\":[\"https:\/\/paracherkaoui.ma\/index.php\/produit\/capiderma-rosacap-creme-visage-anti-rougeurs-40-ml-2\/\"]}]},{\"@type\":\"ImageObject\",\"inLanguage\":\"fr-FR\",\"@id\":\"https:\/\/paracherkaoui.ma\/index.php\/produit\/capiderma-rosacap-creme-visage-anti-rougeurs-40-ml-2\/#primaryimage\",\"url\":\"https:\/\/paracherkaoui.ma\/wp-content\/uploads\/2025\/12\/capiderma-capiderma-rosacap-creme-visage-anti-rougeurs-40-ml-soins-anti-rougeurs.jpg\",\"contentUrl\":\"https:\/\/paracherkaoui.ma\/wp-content\/uploads\/2025\/12\/capiderma-capiderma-rosacap-creme-visage-anti-rougeurs-40-ml-soins-anti-rougeurs.jpg\",\"width\":700,\"height\":700},{\"@type\":\"BreadcrumbList\",\"@id\":\"https:\/\/paracherkaoui.ma\/index.php\/produit\/capiderma-rosacap-creme-visage-anti-rougeurs-40-ml-2\/#breadcrumb\",\"itemListElement\":[{\"@type\":\"ListItem\",\"position\":1,\"name\":\"Accueil\",\"item\":\"https:\/\/paracherkaoui.ma\/\"},{\"@type\":\"ListItem\",\"position\":2,\"name\":\"Boutique\",\"item\":\"https:\/\/paracherkaoui.ma\/index.php\/boutique\/\"},{\"@type\":\"ListItem\",\"position\":3,\"name\":\"CAPIDERMA ROSACAP CREME VISAGE ANTI ROUGEURS 40 ML\"}]},{\"@type\":\"WebSite\",\"@id\":\"https:\/\/paracherkaoui.ma\/#website\",\"url\":\"https:\/\/paracherkaoui.ma\/\",\"name\":\"Paracherkaoui.ma\",\"description\":\"Achetez en ligne sur Paracherkaoui.ma\",\"potentialAction\":[{\"@type\":\"SearchAction\",\"target\":{\"@type\":\"EntryPoint\",\"urlTemplate\":\"https:\/\/paracherkaoui.ma\/?s={search_term_string}\"},\"query-input\":{\"@type\":\"PropertyValueSpecification\",\"valueRequired\":true,\"valueName\":\"search_term_string\"}}],\"inLanguage\":\"fr-FR\"}]}<\/script>\r\n<!-- \/ Yoast SEO plugin. -->","yoast_head_json":{"title":"CAPIDERMA ROSACAP CREME VISAGE ANTI ROUGEURS 40 ML - Paracherkaoui.ma","robots":{"index":"index","follow":"follow","max-snippet":"max-snippet:-1","max-image-preview":"max-image-preview:large","max-video-preview":"max-video-preview:-1"},"canonical":"https:\/\/paracherkaoui.ma\/index.php\/produit\/capiderma-rosacap-creme-visage-anti-rougeurs-40-ml-2\/","og_locale":"fr_FR","og_type":"article","og_title":"CAPIDERMA ROSACAP CREME VISAGE ANTI ROUGEURS 40 ML - Paracherkaoui.ma","og_description":"Description : ROSACAP\u00ae cr\u00e8me est un soin intensif pour apaiser les rougeurs, les sensations d\u2019\u00e9chauffement et le tiraillement de peaux","og_url":"https:\/\/paracherkaoui.ma\/index.php\/produit\/capiderma-rosacap-creme-visage-anti-rougeurs-40-ml-2\/","og_site_name":"Paracherkaoui.ma","article_modified_time":"2025-12-12T17:24:39+00:00","og_image":[{"width":700,"height":700,"url":"https:\/\/paracherkaoui.ma\/wp-content\/uploads\/2025\/12\/capiderma-capiderma-rosacap-creme-visage-anti-rougeurs-40-ml-soins-anti-rougeurs.jpg","type":"image\/jpeg"}],"twitter_card":"summary_large_image","twitter_misc":{"Dur\u00e9e de lecture estim\u00e9e":"1 minute"},"schema":{"@context":"https:\/\/schema.org","@graph":[{"@type":"WebPage","@id":"https:\/\/paracherkaoui.ma\/index.php\/produit\/capiderma-rosacap-creme-visage-anti-rougeurs-40-ml-2\/","url":"https:\/\/paracherkaoui.ma\/index.php\/produit\/capiderma-rosacap-creme-visage-anti-rougeurs-40-ml-2\/","name":"CAPIDERMA ROSACAP CREME VISAGE ANTI ROUGEURS 40 ML - Paracherkaoui.ma","isPartOf":{"@id":"https:\/\/paracherkaoui.ma\/#website"},"primaryImageOfPage":{"@id":"https:\/\/paracherkaoui.ma\/index.php\/produit\/capiderma-rosacap-creme-visage-anti-rougeurs-40-ml-2\/#primaryimage"},"image":{"@id":"https:\/\/paracherkaoui.ma\/index.php\/produit\/capiderma-rosacap-creme-visage-anti-rougeurs-40-ml-2\/#primaryimage"},"thumbnailUrl":"https:\/\/paracherkaoui.ma\/wp-content\/uploads\/2025\/12\/capiderma-capiderma-rosacap-creme-visage-anti-rougeurs-40-ml-soins-anti-rougeurs.jpg","datePublished":"2025-12-12T17:24:37+00:00","dateModified":"2025-12-12T17:24:39+00:00","breadcrumb":{"@id":"https:\/\/paracherkaoui.ma\/index.php\/produit\/capiderma-rosacap-creme-visage-anti-rougeurs-40-ml-2\/#breadcrumb"},"inLanguage":"fr-FR","potentialAction":[{"@type":"ReadAction","target":["https:\/\/paracherkaoui.ma\/index.php\/produit\/capiderma-rosacap-creme-visage-anti-rougeurs-40-ml-2\/"]}]},{"@type":"ImageObject","inLanguage":"fr-FR","@id":"https:\/\/paracherkaoui.ma\/index.php\/produit\/capiderma-rosacap-creme-visage-anti-rougeurs-40-ml-2\/#primaryimage","url":"https:\/\/paracherkaoui.ma\/wp-content\/uploads\/2025\/12\/capiderma-capiderma-rosacap-creme-visage-anti-rougeurs-40-ml-soins-anti-rougeurs.jpg","contentUrl":"https:\/\/paracherkaoui.ma\/wp-content\/uploads\/2025\/12\/capiderma-capiderma-rosacap-creme-visage-anti-rougeurs-40-ml-soins-anti-rougeurs.jpg","width":700,"height":700},{"@type":"BreadcrumbList","@id":"https:\/\/paracherkaoui.ma\/index.php\/produit\/capiderma-rosacap-creme-visage-anti-rougeurs-40-ml-2\/#breadcrumb","itemListElement":[{"@type":"ListItem","position":1,"name":"Accueil","item":"https:\/\/paracherkaoui.ma\/"},{"@type":"ListItem","position":2,"name":"Boutique","item":"https:\/\/paracherkaoui.ma\/index.php\/boutique\/"},{"@type":"ListItem","position":3,"name":"CAPIDERMA ROSACAP CREME VISAGE ANTI ROUGEURS 40 ML"}]},{"@type":"WebSite","@id":"https:\/\/paracherkaoui.ma\/#website","url":"https:\/\/paracherkaoui.ma\/","name":"Paracherkaoui.ma","description":"Achetez en ligne sur Paracherkaoui.ma","potentialAction":[{"@type":"SearchAction","target":{"@type":"EntryPoint","urlTemplate":"https:\/\/paracherkaoui.ma\/?s={search_term_string}"},"query-input":{"@type":"PropertyValueSpecification","valueRequired":true,"valueName":"search_term_string"}}],"inLanguage":"fr-FR"}]}},"_links":{"self":[{"href":"https:\/\/paracherkaoui.ma\/index.php\/wp-json\/wp\/v2\/product\/26354","targetHints":{"allow":["GET"]}}],"collection":[{"href":"https:\/\/paracherkaoui.ma\/index.php\/wp-json\/wp\/v2\/product"}],"about":[{"href":"https:\/\/paracherkaoui.ma\/index.php\/wp-json\/wp\/v2\/types\/product"}],"replies":[{"embeddable":true,"href":"https:\/\/paracherkaoui.ma\/index.php\/wp-json\/wp\/v2\/comments?post=26354"}],"version-history":[{"count":1,"href":"https:\/\/paracherkaoui.ma\/index.php\/wp-json\/wp\/v2\/product\/26354\/revisions"}],"predecessor-version":[{"id":26388,"href":"https:\/\/paracherkaoui.ma\/index.php\/wp-json\/wp\/v2\/product\/26354\/revisions\/26388"}],"wp:featuredmedia":[{"embeddable":true,"href":"https:\/\/paracherkaoui.ma\/index.php\/wp-json\/wp\/v2\/media\/25444"}],"wp:attachment":[{"href":"https:\/\/paracherkaoui.ma\/index.php\/wp-json\/wp\/v2\/media?parent=26354"}],"wp:term":[{"taxonomy":"product_brand","embeddable":true,"href":"https:\/\/paracherkaoui.ma\/index.php\/wp-json\/wp\/v2\/product_brand?post=26354"},{"taxonomy":"product_cat","embeddable":true,"href":"https:\/\/paracherkaoui.ma\/index.php\/wp-json\/wp\/v2\/product_cat?post=26354"},{"taxonomy":"product_tag","embeddable":true,"href":"https:\/\/paracherkaoui.ma\/index.php\/wp-json\/wp\/v2\/product_tag?post=26354"}],"curies":[{"name":"wp","href":"https:\/\/api.w.org\/{rel}","templated":true}]}}