{"id":26351,"date":"2025-12-12T18:24:37","date_gmt":"2025-12-12T17:24:37","guid":{"rendered":"https:\/\/test.ecbeaute.com\/?post_type=product&#038;p=26351"},"modified":"2025-12-12T18:24:39","modified_gmt":"2025-12-12T17:24:39","slug":"svr-sensifine-aqua-gel-4","status":"publish","type":"product","link":"https:\/\/paracherkaoui.ma\/index.php\/produit\/svr-sensifine-aqua-gel-4\/","title":{"rendered":"SVR SENSIFINE AQUA GEL"},"content":{"rendered":"<p>Description:<br \/>\nPour toutes les peaux sensibles, poly-allergiques normales \u00e0 mixtes. Visage.Associer tol\u00e9rance, efficacit\u00e9 et plaisir, challenge relev\u00e9 pour ce nouveau soin Sensifine. Ce gel minimaliste a \u00e9t\u00e9 formul\u00e9 avec uniquement 8 ingr\u00e9dients et 97% d\u2019ingr\u00e9dients d\u2019origine naturelle, tous s\u00e9lectionn\u00e9s et choisis minutieusement pour apaiser instantan\u00e9ment et hydrater intens\u00e9ment ces peaux fragiles. Sa texture gel ultra fraiche enrichie en aloe vera gorge la peau d\u2019eau, confort et hydratation 12h assur\u00e9e. Un soin qui r\u00e9conforte les peaux hypersensibles, mais qui prend aussi soin de la plan\u00e8te avec un packaging all\u00e9g\u00e9 en plastique.<br \/>\nConseils d&rsquo;utilisation:<br \/>\nAppliquer matin et soir sur l\u2019ensemble du visage et du cou, sur peau propre et s\u00e8che.Excellente base de maquillage.<\/p>\n","protected":false},"excerpt":{"rendered":"<p>Description: Pour toutes les peaux sensibles, poly-allergiques normales \u00e0 mixtes. Visage.Associer tol\u00e9rance, efficacit\u00e9 et plaisir, challenge relev\u00e9 pour ce nouveau<\/p>\n","protected":false},"featured_media":11724,"comment_status":"open","ping_status":"closed","template":"","meta":[],"product_brand":[133],"product_cat":[522],"product_tag":[],"class_list":{"0":"post-26351","1":"product","2":"type-product","3":"status-publish","4":"has-post-thumbnail","6":"product_brand-svr","7":"product_cat-soins-anti-rougeurs","9":"first","10":"instock","11":"sale","12":"shipping-taxable","13":"purchasable","14":"product-type-simple"},"yoast_head":"<!-- This site is optimized with the Yoast SEO plugin v26.6 - https:\/\/yoast.com\/wordpress\/plugins\/seo\/ -->\r\n<title>SVR SENSIFINE AQUA GEL - Paracherkaoui.ma<\/title>\r\n<meta name=\"robots\" content=\"index, follow, max-snippet:-1, max-image-preview:large, max-video-preview:-1\" \/>\r\n<link rel=\"canonical\" href=\"https:\/\/paracherkaoui.ma\/index.php\/produit\/svr-sensifine-aqua-gel-4\/\" \/>\r\n<meta property=\"og:locale\" content=\"fr_FR\" \/>\r\n<meta property=\"og:type\" content=\"article\" \/>\r\n<meta property=\"og:title\" content=\"SVR SENSIFINE AQUA GEL - Paracherkaoui.ma\" \/>\r\n<meta property=\"og:description\" content=\"Description: Pour toutes les peaux sensibles, poly-allergiques normales \u00e0 mixtes. Visage.Associer tol\u00e9rance, efficacit\u00e9 et plaisir, challenge relev\u00e9 pour ce nouveau\" \/>\r\n<meta property=\"og:url\" content=\"https:\/\/paracherkaoui.ma\/index.php\/produit\/svr-sensifine-aqua-gel-4\/\" \/>\r\n<meta property=\"og:site_name\" content=\"Paracherkaoui.ma\" \/>\r\n<meta property=\"article:modified_time\" content=\"2025-12-12T17:24:39+00:00\" \/>\r\n<meta property=\"og:image\" content=\"https:\/\/paracherkaoui.ma\/wp-content\/uploads\/2025\/12\/svr-svr-sensifine-aqua-gel-soins-anti-rougeurs.jpg\" \/>\r\n\t<meta property=\"og:image:width\" content=\"700\" \/>\r\n\t<meta property=\"og:image:height\" content=\"700\" \/>\r\n\t<meta property=\"og:image:type\" content=\"image\/jpeg\" \/>\r\n<meta name=\"twitter:card\" content=\"summary_large_image\" \/>\r\n<meta name=\"twitter:label1\" content=\"Dur\u00e9e de lecture estim\u00e9e\" \/>\n\t<meta name=\"twitter:data1\" content=\"1 minute\" \/>\r\n<script type=\"application\/ld+json\" class=\"yoast-schema-graph\">{\"@context\":\"https:\/\/schema.org\",\"@graph\":[{\"@type\":\"WebPage\",\"@id\":\"https:\/\/paracherkaoui.ma\/index.php\/produit\/svr-sensifine-aqua-gel-4\/\",\"url\":\"https:\/\/paracherkaoui.ma\/index.php\/produit\/svr-sensifine-aqua-gel-4\/\",\"name\":\"SVR SENSIFINE AQUA GEL - Paracherkaoui.ma\",\"isPartOf\":{\"@id\":\"https:\/\/paracherkaoui.ma\/#website\"},\"primaryImageOfPage\":{\"@id\":\"https:\/\/paracherkaoui.ma\/index.php\/produit\/svr-sensifine-aqua-gel-4\/#primaryimage\"},\"image\":{\"@id\":\"https:\/\/paracherkaoui.ma\/index.php\/produit\/svr-sensifine-aqua-gel-4\/#primaryimage\"},\"thumbnailUrl\":\"https:\/\/paracherkaoui.ma\/wp-content\/uploads\/2025\/12\/svr-svr-sensifine-aqua-gel-soins-anti-rougeurs.jpg\",\"datePublished\":\"2025-12-12T17:24:37+00:00\",\"dateModified\":\"2025-12-12T17:24:39+00:00\",\"breadcrumb\":{\"@id\":\"https:\/\/paracherkaoui.ma\/index.php\/produit\/svr-sensifine-aqua-gel-4\/#breadcrumb\"},\"inLanguage\":\"fr-FR\",\"potentialAction\":[{\"@type\":\"ReadAction\",\"target\":[\"https:\/\/paracherkaoui.ma\/index.php\/produit\/svr-sensifine-aqua-gel-4\/\"]}]},{\"@type\":\"ImageObject\",\"inLanguage\":\"fr-FR\",\"@id\":\"https:\/\/paracherkaoui.ma\/index.php\/produit\/svr-sensifine-aqua-gel-4\/#primaryimage\",\"url\":\"https:\/\/paracherkaoui.ma\/wp-content\/uploads\/2025\/12\/svr-svr-sensifine-aqua-gel-soins-anti-rougeurs.jpg\",\"contentUrl\":\"https:\/\/paracherkaoui.ma\/wp-content\/uploads\/2025\/12\/svr-svr-sensifine-aqua-gel-soins-anti-rougeurs.jpg\",\"width\":700,\"height\":700},{\"@type\":\"BreadcrumbList\",\"@id\":\"https:\/\/paracherkaoui.ma\/index.php\/produit\/svr-sensifine-aqua-gel-4\/#breadcrumb\",\"itemListElement\":[{\"@type\":\"ListItem\",\"position\":1,\"name\":\"Accueil\",\"item\":\"https:\/\/paracherkaoui.ma\/\"},{\"@type\":\"ListItem\",\"position\":2,\"name\":\"Boutique\",\"item\":\"https:\/\/paracherkaoui.ma\/index.php\/boutique\/\"},{\"@type\":\"ListItem\",\"position\":3,\"name\":\"SVR SENSIFINE AQUA GEL\"}]},{\"@type\":\"WebSite\",\"@id\":\"https:\/\/paracherkaoui.ma\/#website\",\"url\":\"https:\/\/paracherkaoui.ma\/\",\"name\":\"Paracherkaoui.ma\",\"description\":\"Achetez en ligne sur Paracherkaoui.ma\",\"potentialAction\":[{\"@type\":\"SearchAction\",\"target\":{\"@type\":\"EntryPoint\",\"urlTemplate\":\"https:\/\/paracherkaoui.ma\/?s={search_term_string}\"},\"query-input\":{\"@type\":\"PropertyValueSpecification\",\"valueRequired\":true,\"valueName\":\"search_term_string\"}}],\"inLanguage\":\"fr-FR\"}]}<\/script>\r\n<!-- \/ Yoast SEO plugin. -->","yoast_head_json":{"title":"SVR SENSIFINE AQUA GEL - Paracherkaoui.ma","robots":{"index":"index","follow":"follow","max-snippet":"max-snippet:-1","max-image-preview":"max-image-preview:large","max-video-preview":"max-video-preview:-1"},"canonical":"https:\/\/paracherkaoui.ma\/index.php\/produit\/svr-sensifine-aqua-gel-4\/","og_locale":"fr_FR","og_type":"article","og_title":"SVR SENSIFINE AQUA GEL - Paracherkaoui.ma","og_description":"Description: Pour toutes les peaux sensibles, poly-allergiques normales \u00e0 mixtes. Visage.Associer tol\u00e9rance, efficacit\u00e9 et plaisir, challenge relev\u00e9 pour ce nouveau","og_url":"https:\/\/paracherkaoui.ma\/index.php\/produit\/svr-sensifine-aqua-gel-4\/","og_site_name":"Paracherkaoui.ma","article_modified_time":"2025-12-12T17:24:39+00:00","og_image":[{"width":700,"height":700,"url":"https:\/\/paracherkaoui.ma\/wp-content\/uploads\/2025\/12\/svr-svr-sensifine-aqua-gel-soins-anti-rougeurs.jpg","type":"image\/jpeg"}],"twitter_card":"summary_large_image","twitter_misc":{"Dur\u00e9e de lecture estim\u00e9e":"1 minute"},"schema":{"@context":"https:\/\/schema.org","@graph":[{"@type":"WebPage","@id":"https:\/\/paracherkaoui.ma\/index.php\/produit\/svr-sensifine-aqua-gel-4\/","url":"https:\/\/paracherkaoui.ma\/index.php\/produit\/svr-sensifine-aqua-gel-4\/","name":"SVR SENSIFINE AQUA GEL - Paracherkaoui.ma","isPartOf":{"@id":"https:\/\/paracherkaoui.ma\/#website"},"primaryImageOfPage":{"@id":"https:\/\/paracherkaoui.ma\/index.php\/produit\/svr-sensifine-aqua-gel-4\/#primaryimage"},"image":{"@id":"https:\/\/paracherkaoui.ma\/index.php\/produit\/svr-sensifine-aqua-gel-4\/#primaryimage"},"thumbnailUrl":"https:\/\/paracherkaoui.ma\/wp-content\/uploads\/2025\/12\/svr-svr-sensifine-aqua-gel-soins-anti-rougeurs.jpg","datePublished":"2025-12-12T17:24:37+00:00","dateModified":"2025-12-12T17:24:39+00:00","breadcrumb":{"@id":"https:\/\/paracherkaoui.ma\/index.php\/produit\/svr-sensifine-aqua-gel-4\/#breadcrumb"},"inLanguage":"fr-FR","potentialAction":[{"@type":"ReadAction","target":["https:\/\/paracherkaoui.ma\/index.php\/produit\/svr-sensifine-aqua-gel-4\/"]}]},{"@type":"ImageObject","inLanguage":"fr-FR","@id":"https:\/\/paracherkaoui.ma\/index.php\/produit\/svr-sensifine-aqua-gel-4\/#primaryimage","url":"https:\/\/paracherkaoui.ma\/wp-content\/uploads\/2025\/12\/svr-svr-sensifine-aqua-gel-soins-anti-rougeurs.jpg","contentUrl":"https:\/\/paracherkaoui.ma\/wp-content\/uploads\/2025\/12\/svr-svr-sensifine-aqua-gel-soins-anti-rougeurs.jpg","width":700,"height":700},{"@type":"BreadcrumbList","@id":"https:\/\/paracherkaoui.ma\/index.php\/produit\/svr-sensifine-aqua-gel-4\/#breadcrumb","itemListElement":[{"@type":"ListItem","position":1,"name":"Accueil","item":"https:\/\/paracherkaoui.ma\/"},{"@type":"ListItem","position":2,"name":"Boutique","item":"https:\/\/paracherkaoui.ma\/index.php\/boutique\/"},{"@type":"ListItem","position":3,"name":"SVR SENSIFINE AQUA GEL"}]},{"@type":"WebSite","@id":"https:\/\/paracherkaoui.ma\/#website","url":"https:\/\/paracherkaoui.ma\/","name":"Paracherkaoui.ma","description":"Achetez en ligne sur Paracherkaoui.ma","potentialAction":[{"@type":"SearchAction","target":{"@type":"EntryPoint","urlTemplate":"https:\/\/paracherkaoui.ma\/?s={search_term_string}"},"query-input":{"@type":"PropertyValueSpecification","valueRequired":true,"valueName":"search_term_string"}}],"inLanguage":"fr-FR"}]}},"_links":{"self":[{"href":"https:\/\/paracherkaoui.ma\/index.php\/wp-json\/wp\/v2\/product\/26351","targetHints":{"allow":["GET"]}}],"collection":[{"href":"https:\/\/paracherkaoui.ma\/index.php\/wp-json\/wp\/v2\/product"}],"about":[{"href":"https:\/\/paracherkaoui.ma\/index.php\/wp-json\/wp\/v2\/types\/product"}],"replies":[{"embeddable":true,"href":"https:\/\/paracherkaoui.ma\/index.php\/wp-json\/wp\/v2\/comments?post=26351"}],"version-history":[{"count":1,"href":"https:\/\/paracherkaoui.ma\/index.php\/wp-json\/wp\/v2\/product\/26351\/revisions"}],"predecessor-version":[{"id":26385,"href":"https:\/\/paracherkaoui.ma\/index.php\/wp-json\/wp\/v2\/product\/26351\/revisions\/26385"}],"wp:featuredmedia":[{"embeddable":true,"href":"https:\/\/paracherkaoui.ma\/index.php\/wp-json\/wp\/v2\/media\/11724"}],"wp:attachment":[{"href":"https:\/\/paracherkaoui.ma\/index.php\/wp-json\/wp\/v2\/media?parent=26351"}],"wp:term":[{"taxonomy":"product_brand","embeddable":true,"href":"https:\/\/paracherkaoui.ma\/index.php\/wp-json\/wp\/v2\/product_brand?post=26351"},{"taxonomy":"product_cat","embeddable":true,"href":"https:\/\/paracherkaoui.ma\/index.php\/wp-json\/wp\/v2\/product_cat?post=26351"},{"taxonomy":"product_tag","embeddable":true,"href":"https:\/\/paracherkaoui.ma\/index.php\/wp-json\/wp\/v2\/product_tag?post=26351"}],"curies":[{"name":"wp","href":"https:\/\/api.w.org\/{rel}","templated":true}]}}