{"id":26345,"date":"2025-12-12T18:24:36","date_gmt":"2025-12-12T17:24:36","guid":{"rendered":"https:\/\/test.ecbeaute.com\/?post_type=product&#038;p=26345"},"modified":"2025-12-12T18:24:38","modified_gmt":"2025-12-12T17:24:38","slug":"centaurea-creme-anti-rougeurs-50-ml-spf-50","status":"publish","type":"product","link":"https:\/\/paracherkaoui.ma\/index.php\/produit\/centaurea-creme-anti-rougeurs-50-ml-spf-50\/","title":{"rendered":"CENTAUREA CREME ANTI ROUGEURS 50 ML SPF 50+"},"content":{"rendered":"<p>CENTAUREA Cr\u00e8me Anti-Rougeurs 50 ml est le soin id\u00e9al pour apaiser et unifier les peaux sujettes aux rougeurs et aux irritations. Formul\u00e9e sp\u00e9cialement pour les peaux sensibles et r\u00e9actives, cette cr\u00e8me agit en r\u00e9duisant visiblement les rougeurs et en am\u00e9liorant la barri\u00e8re cutan\u00e9e. Enrichie en ingr\u00e9dients hydratants comme la glyc\u00e9rine et la vitamine E, elle pr\u00e9vient le dess\u00e8chement et limite les sensations d\u2019inconfort. Sa texture l\u00e9g\u00e8re p\u00e9n\u00e8tre rapidement, apportant une sensation imm\u00e9diate de fra\u00eecheur et de r\u00e9confort.<br \/>\nAvec une utilisation r\u00e9guli\u00e8re, la cr\u00e8me am\u00e9liore la tol\u00e9rance de la peau et minimise les pouss\u00e9es de rougeurs, qu&rsquo;elles soient temporaires ou chroniques. Elle est \u00e9galement id\u00e9ale pour les personnes souffrant de rosac\u00e9e ou de peaux r\u00e9actives aux variations climatiques. Hypoallerg\u00e9nique et sans parfum, ce soin respecte la fragilit\u00e9 des \u00e9pidermes les plus d\u00e9licats.<br \/>\nCENTAUREA Cr\u00e8me Anti-Rougeurs peut \u00eatre int\u00e9gr\u00e9e facilement dans votre routine quotidienne. Utilis\u00e9e matin et soir, elle aide \u00e0 renforcer la barri\u00e8re cutan\u00e9e, prot\u00e9ger contre les agressions ext\u00e9rieures et uniformiser le teint. Offrez \u00e0 votre peau le soin qu&rsquo;elle m\u00e9rite avec cette cr\u00e8me apaisante qui redonne \u00e9clat et confort.<br \/>\nConseils d\u2019utilisation :<br \/>\nAppliquer matin et soir sur une peau propre et s\u00e8che.<\/p>\n","protected":false},"excerpt":{"rendered":"<p>CENTAUREA Cr\u00e8me Anti-Rougeurs 50 ml est le soin id\u00e9al pour apaiser et unifier les peaux sujettes aux rougeurs et aux<\/p>\n","protected":false},"featured_media":26377,"comment_status":"open","ping_status":"closed","template":"","meta":[],"product_brand":[263],"product_cat":[522],"product_tag":[],"class_list":{"0":"post-26345","1":"product","2":"type-product","3":"status-publish","4":"has-post-thumbnail","6":"product_brand-centaurea","7":"product_cat-soins-anti-rougeurs","9":"first","10":"instock","11":"sale","12":"shipping-taxable","13":"purchasable","14":"product-type-simple"},"yoast_head":"<!-- This site is optimized with the Yoast SEO plugin v26.6 - https:\/\/yoast.com\/wordpress\/plugins\/seo\/ -->\r\n<title>CENTAUREA CREME ANTI ROUGEURS 50 ML SPF 50+ - Paracherkaoui.ma<\/title>\r\n<meta name=\"robots\" content=\"index, follow, max-snippet:-1, max-image-preview:large, max-video-preview:-1\" \/>\r\n<link rel=\"canonical\" href=\"https:\/\/paracherkaoui.ma\/index.php\/produit\/centaurea-creme-anti-rougeurs-50-ml-spf-50\/\" \/>\r\n<meta property=\"og:locale\" content=\"fr_FR\" \/>\r\n<meta property=\"og:type\" content=\"article\" \/>\r\n<meta property=\"og:title\" content=\"CENTAUREA CREME ANTI ROUGEURS 50 ML SPF 50+ - Paracherkaoui.ma\" \/>\r\n<meta property=\"og:description\" content=\"CENTAUREA Cr\u00e8me Anti-Rougeurs 50 ml est le soin id\u00e9al pour apaiser et unifier les peaux sujettes aux rougeurs et aux\" \/>\r\n<meta property=\"og:url\" content=\"https:\/\/paracherkaoui.ma\/index.php\/produit\/centaurea-creme-anti-rougeurs-50-ml-spf-50\/\" \/>\r\n<meta property=\"og:site_name\" content=\"Paracherkaoui.ma\" \/>\r\n<meta property=\"article:modified_time\" content=\"2025-12-12T17:24:38+00:00\" \/>\r\n<meta property=\"og:image\" content=\"https:\/\/paracherkaoui.ma\/wp-content\/uploads\/2025\/12\/centaurea-centaurea-creme-anti-rougeurs-50-ml-spf-50-soins-anti-rougeurs.jpg\" \/>\r\n\t<meta property=\"og:image:width\" content=\"700\" \/>\r\n\t<meta property=\"og:image:height\" content=\"700\" \/>\r\n\t<meta property=\"og:image:type\" content=\"image\/jpeg\" \/>\r\n<meta name=\"twitter:card\" content=\"summary_large_image\" \/>\r\n<meta name=\"twitter:label1\" content=\"Dur\u00e9e de lecture estim\u00e9e\" \/>\n\t<meta name=\"twitter:data1\" content=\"1 minute\" \/>\r\n<script type=\"application\/ld+json\" class=\"yoast-schema-graph\">{\"@context\":\"https:\/\/schema.org\",\"@graph\":[{\"@type\":\"WebPage\",\"@id\":\"https:\/\/paracherkaoui.ma\/index.php\/produit\/centaurea-creme-anti-rougeurs-50-ml-spf-50\/\",\"url\":\"https:\/\/paracherkaoui.ma\/index.php\/produit\/centaurea-creme-anti-rougeurs-50-ml-spf-50\/\",\"name\":\"CENTAUREA CREME ANTI ROUGEURS 50 ML SPF 50+ - Paracherkaoui.ma\",\"isPartOf\":{\"@id\":\"https:\/\/paracherkaoui.ma\/#website\"},\"primaryImageOfPage\":{\"@id\":\"https:\/\/paracherkaoui.ma\/index.php\/produit\/centaurea-creme-anti-rougeurs-50-ml-spf-50\/#primaryimage\"},\"image\":{\"@id\":\"https:\/\/paracherkaoui.ma\/index.php\/produit\/centaurea-creme-anti-rougeurs-50-ml-spf-50\/#primaryimage\"},\"thumbnailUrl\":\"https:\/\/paracherkaoui.ma\/wp-content\/uploads\/2025\/12\/centaurea-centaurea-creme-anti-rougeurs-50-ml-spf-50-soins-anti-rougeurs.jpg\",\"datePublished\":\"2025-12-12T17:24:36+00:00\",\"dateModified\":\"2025-12-12T17:24:38+00:00\",\"breadcrumb\":{\"@id\":\"https:\/\/paracherkaoui.ma\/index.php\/produit\/centaurea-creme-anti-rougeurs-50-ml-spf-50\/#breadcrumb\"},\"inLanguage\":\"fr-FR\",\"potentialAction\":[{\"@type\":\"ReadAction\",\"target\":[\"https:\/\/paracherkaoui.ma\/index.php\/produit\/centaurea-creme-anti-rougeurs-50-ml-spf-50\/\"]}]},{\"@type\":\"ImageObject\",\"inLanguage\":\"fr-FR\",\"@id\":\"https:\/\/paracherkaoui.ma\/index.php\/produit\/centaurea-creme-anti-rougeurs-50-ml-spf-50\/#primaryimage\",\"url\":\"https:\/\/paracherkaoui.ma\/wp-content\/uploads\/2025\/12\/centaurea-centaurea-creme-anti-rougeurs-50-ml-spf-50-soins-anti-rougeurs.jpg\",\"contentUrl\":\"https:\/\/paracherkaoui.ma\/wp-content\/uploads\/2025\/12\/centaurea-centaurea-creme-anti-rougeurs-50-ml-spf-50-soins-anti-rougeurs.jpg\",\"width\":700,\"height\":700},{\"@type\":\"BreadcrumbList\",\"@id\":\"https:\/\/paracherkaoui.ma\/index.php\/produit\/centaurea-creme-anti-rougeurs-50-ml-spf-50\/#breadcrumb\",\"itemListElement\":[{\"@type\":\"ListItem\",\"position\":1,\"name\":\"Accueil\",\"item\":\"https:\/\/paracherkaoui.ma\/\"},{\"@type\":\"ListItem\",\"position\":2,\"name\":\"Boutique\",\"item\":\"https:\/\/paracherkaoui.ma\/index.php\/boutique\/\"},{\"@type\":\"ListItem\",\"position\":3,\"name\":\"CENTAUREA CREME ANTI ROUGEURS 50 ML SPF 50+\"}]},{\"@type\":\"WebSite\",\"@id\":\"https:\/\/paracherkaoui.ma\/#website\",\"url\":\"https:\/\/paracherkaoui.ma\/\",\"name\":\"Paracherkaoui.ma\",\"description\":\"Achetez en ligne sur Paracherkaoui.ma\",\"potentialAction\":[{\"@type\":\"SearchAction\",\"target\":{\"@type\":\"EntryPoint\",\"urlTemplate\":\"https:\/\/paracherkaoui.ma\/?s={search_term_string}\"},\"query-input\":{\"@type\":\"PropertyValueSpecification\",\"valueRequired\":true,\"valueName\":\"search_term_string\"}}],\"inLanguage\":\"fr-FR\"}]}<\/script>\r\n<!-- \/ Yoast SEO plugin. -->","yoast_head_json":{"title":"CENTAUREA CREME ANTI ROUGEURS 50 ML SPF 50+ - Paracherkaoui.ma","robots":{"index":"index","follow":"follow","max-snippet":"max-snippet:-1","max-image-preview":"max-image-preview:large","max-video-preview":"max-video-preview:-1"},"canonical":"https:\/\/paracherkaoui.ma\/index.php\/produit\/centaurea-creme-anti-rougeurs-50-ml-spf-50\/","og_locale":"fr_FR","og_type":"article","og_title":"CENTAUREA CREME ANTI ROUGEURS 50 ML SPF 50+ - Paracherkaoui.ma","og_description":"CENTAUREA Cr\u00e8me Anti-Rougeurs 50 ml est le soin id\u00e9al pour apaiser et unifier les peaux sujettes aux rougeurs et aux","og_url":"https:\/\/paracherkaoui.ma\/index.php\/produit\/centaurea-creme-anti-rougeurs-50-ml-spf-50\/","og_site_name":"Paracherkaoui.ma","article_modified_time":"2025-12-12T17:24:38+00:00","og_image":[{"width":700,"height":700,"url":"https:\/\/paracherkaoui.ma\/wp-content\/uploads\/2025\/12\/centaurea-centaurea-creme-anti-rougeurs-50-ml-spf-50-soins-anti-rougeurs.jpg","type":"image\/jpeg"}],"twitter_card":"summary_large_image","twitter_misc":{"Dur\u00e9e de lecture estim\u00e9e":"1 minute"},"schema":{"@context":"https:\/\/schema.org","@graph":[{"@type":"WebPage","@id":"https:\/\/paracherkaoui.ma\/index.php\/produit\/centaurea-creme-anti-rougeurs-50-ml-spf-50\/","url":"https:\/\/paracherkaoui.ma\/index.php\/produit\/centaurea-creme-anti-rougeurs-50-ml-spf-50\/","name":"CENTAUREA CREME ANTI ROUGEURS 50 ML SPF 50+ - Paracherkaoui.ma","isPartOf":{"@id":"https:\/\/paracherkaoui.ma\/#website"},"primaryImageOfPage":{"@id":"https:\/\/paracherkaoui.ma\/index.php\/produit\/centaurea-creme-anti-rougeurs-50-ml-spf-50\/#primaryimage"},"image":{"@id":"https:\/\/paracherkaoui.ma\/index.php\/produit\/centaurea-creme-anti-rougeurs-50-ml-spf-50\/#primaryimage"},"thumbnailUrl":"https:\/\/paracherkaoui.ma\/wp-content\/uploads\/2025\/12\/centaurea-centaurea-creme-anti-rougeurs-50-ml-spf-50-soins-anti-rougeurs.jpg","datePublished":"2025-12-12T17:24:36+00:00","dateModified":"2025-12-12T17:24:38+00:00","breadcrumb":{"@id":"https:\/\/paracherkaoui.ma\/index.php\/produit\/centaurea-creme-anti-rougeurs-50-ml-spf-50\/#breadcrumb"},"inLanguage":"fr-FR","potentialAction":[{"@type":"ReadAction","target":["https:\/\/paracherkaoui.ma\/index.php\/produit\/centaurea-creme-anti-rougeurs-50-ml-spf-50\/"]}]},{"@type":"ImageObject","inLanguage":"fr-FR","@id":"https:\/\/paracherkaoui.ma\/index.php\/produit\/centaurea-creme-anti-rougeurs-50-ml-spf-50\/#primaryimage","url":"https:\/\/paracherkaoui.ma\/wp-content\/uploads\/2025\/12\/centaurea-centaurea-creme-anti-rougeurs-50-ml-spf-50-soins-anti-rougeurs.jpg","contentUrl":"https:\/\/paracherkaoui.ma\/wp-content\/uploads\/2025\/12\/centaurea-centaurea-creme-anti-rougeurs-50-ml-spf-50-soins-anti-rougeurs.jpg","width":700,"height":700},{"@type":"BreadcrumbList","@id":"https:\/\/paracherkaoui.ma\/index.php\/produit\/centaurea-creme-anti-rougeurs-50-ml-spf-50\/#breadcrumb","itemListElement":[{"@type":"ListItem","position":1,"name":"Accueil","item":"https:\/\/paracherkaoui.ma\/"},{"@type":"ListItem","position":2,"name":"Boutique","item":"https:\/\/paracherkaoui.ma\/index.php\/boutique\/"},{"@type":"ListItem","position":3,"name":"CENTAUREA CREME ANTI ROUGEURS 50 ML SPF 50+"}]},{"@type":"WebSite","@id":"https:\/\/paracherkaoui.ma\/#website","url":"https:\/\/paracherkaoui.ma\/","name":"Paracherkaoui.ma","description":"Achetez en ligne sur Paracherkaoui.ma","potentialAction":[{"@type":"SearchAction","target":{"@type":"EntryPoint","urlTemplate":"https:\/\/paracherkaoui.ma\/?s={search_term_string}"},"query-input":{"@type":"PropertyValueSpecification","valueRequired":true,"valueName":"search_term_string"}}],"inLanguage":"fr-FR"}]}},"_links":{"self":[{"href":"https:\/\/paracherkaoui.ma\/index.php\/wp-json\/wp\/v2\/product\/26345","targetHints":{"allow":["GET"]}}],"collection":[{"href":"https:\/\/paracherkaoui.ma\/index.php\/wp-json\/wp\/v2\/product"}],"about":[{"href":"https:\/\/paracherkaoui.ma\/index.php\/wp-json\/wp\/v2\/types\/product"}],"replies":[{"embeddable":true,"href":"https:\/\/paracherkaoui.ma\/index.php\/wp-json\/wp\/v2\/comments?post=26345"}],"version-history":[{"count":1,"href":"https:\/\/paracherkaoui.ma\/index.php\/wp-json\/wp\/v2\/product\/26345\/revisions"}],"predecessor-version":[{"id":26378,"href":"https:\/\/paracherkaoui.ma\/index.php\/wp-json\/wp\/v2\/product\/26345\/revisions\/26378"}],"wp:featuredmedia":[{"embeddable":true,"href":"https:\/\/paracherkaoui.ma\/index.php\/wp-json\/wp\/v2\/media\/26377"}],"wp:attachment":[{"href":"https:\/\/paracherkaoui.ma\/index.php\/wp-json\/wp\/v2\/media?parent=26345"}],"wp:term":[{"taxonomy":"product_brand","embeddable":true,"href":"https:\/\/paracherkaoui.ma\/index.php\/wp-json\/wp\/v2\/product_brand?post=26345"},{"taxonomy":"product_cat","embeddable":true,"href":"https:\/\/paracherkaoui.ma\/index.php\/wp-json\/wp\/v2\/product_cat?post=26345"},{"taxonomy":"product_tag","embeddable":true,"href":"https:\/\/paracherkaoui.ma\/index.php\/wp-json\/wp\/v2\/product_tag?post=26345"}],"curies":[{"name":"wp","href":"https:\/\/api.w.org\/{rel}","templated":true}]}}