{"id":26298,"date":"2025-12-12T18:24:32","date_gmt":"2025-12-12T17:24:32","guid":{"rendered":"https:\/\/test.ecbeaute.com\/?post_type=product&#038;p=26298"},"modified":"2025-12-12T18:24:35","modified_gmt":"2025-12-12T17:24:35","slug":"svr-sensifine-ar-soin-anti-rougeurs-40-ml-4","status":"publish","type":"product","link":"https:\/\/paracherkaoui.ma\/index.php\/produit\/svr-sensifine-ar-soin-anti-rougeurs-40-ml-4\/","title":{"rendered":"SVR SENSIFINE AR SOIN ANTI-ROUGEURS 40 ML"},"content":{"rendered":"<p>Description:<br \/>\nSVR SENSIFINE AR Soin intensif hydratant apaisant anti-rougeurs. Le soin intensif hydratant apaisant anti-rougeurs SENSIFINE AR de SVR est particuli\u00e8rement adapt\u00e9 aux peaux \u00e0 tendance couperosique. Sa formule rubialine optimis\u00e9e r\u00e9unit de hautes concentrations en Endothelyol \u00e0 2,5% pour diminuer les rougeurs et booster la microcirculation sanguine, extrait de R\u00e9glisse apaisant, et Squalane v\u00e9g\u00e9tal aux propri\u00e9t\u00e9s hydratantes. Sa texture gel-cr\u00e8me s\u2019applique et p\u00e9n\u00e8tre ais\u00e9ment la peau sans laisser de film gras. Il laisse sur le visage un voile de fra\u00eecheur gr\u00e2ce \u00e0 sa technologie de Thermor\u00e9gulation qui agit comme un v\u00e9ritable coupe-feu pour \u00e9viter durablement la formation de rougeurs dont la r\u00e9apparition est inhib\u00e9e par une action Anti-R\u00e9cidive. Ce soin att\u00e9nue optiquement les rougeurs gr\u00e2ce \u00e0 ses pigments verts correcteurs. Efficace contre les rougeurs passag\u00e8res ou persistantes comme sur les vaisseaux apparents, il peut s\u2019utiliser comme base de maquillage. Test\u00e9 sur peaux sensibles, sans alcool, sans parab\u00e8ne, sans conservateurs, non com\u00e9dog\u00e8ne.<br \/>\nCONSEILS D&rsquo;UTILISATION :<br \/>\nAppliquer matin et\/ou soir sur une peau nettoy\u00e9e<\/p>\n","protected":false},"excerpt":{"rendered":"<p>Description: SVR SENSIFINE AR Soin intensif hydratant apaisant anti-rougeurs. Le soin intensif hydratant apaisant anti-rougeurs SENSIFINE AR de SVR est<\/p>\n","protected":false},"featured_media":11726,"comment_status":"open","ping_status":"closed","template":"","meta":[],"product_brand":[133],"product_cat":[522],"product_tag":[],"class_list":{"0":"post-26298","1":"product","2":"type-product","3":"status-publish","4":"has-post-thumbnail","6":"product_brand-svr","7":"product_cat-soins-anti-rougeurs","9":"first","10":"instock","11":"sale","12":"shipping-taxable","13":"purchasable","14":"product-type-simple"},"yoast_head":"<!-- This site is optimized with the Yoast SEO plugin v26.6 - https:\/\/yoast.com\/wordpress\/plugins\/seo\/ -->\r\n<title>SVR SENSIFINE AR SOIN ANTI-ROUGEURS 40 ML - Paracherkaoui.ma<\/title>\r\n<meta name=\"robots\" content=\"index, follow, max-snippet:-1, max-image-preview:large, max-video-preview:-1\" \/>\r\n<link rel=\"canonical\" href=\"https:\/\/paracherkaoui.ma\/index.php\/produit\/svr-sensifine-ar-soin-anti-rougeurs-40-ml-4\/\" \/>\r\n<meta property=\"og:locale\" content=\"fr_FR\" \/>\r\n<meta property=\"og:type\" content=\"article\" \/>\r\n<meta property=\"og:title\" content=\"SVR SENSIFINE AR SOIN ANTI-ROUGEURS 40 ML - Paracherkaoui.ma\" \/>\r\n<meta property=\"og:description\" content=\"Description: SVR SENSIFINE AR Soin intensif hydratant apaisant anti-rougeurs. Le soin intensif hydratant apaisant anti-rougeurs SENSIFINE AR de SVR est\" \/>\r\n<meta property=\"og:url\" content=\"https:\/\/paracherkaoui.ma\/index.php\/produit\/svr-sensifine-ar-soin-anti-rougeurs-40-ml-4\/\" \/>\r\n<meta property=\"og:site_name\" content=\"Paracherkaoui.ma\" \/>\r\n<meta property=\"article:modified_time\" content=\"2025-12-12T17:24:35+00:00\" \/>\r\n<meta property=\"og:image\" content=\"https:\/\/paracherkaoui.ma\/wp-content\/uploads\/2025\/12\/svr-svr-sensifine-ar-soin-anti-rougeurs-40-ml-soins-anti-rougeurs.jpg\" \/>\r\n\t<meta property=\"og:image:width\" content=\"700\" \/>\r\n\t<meta property=\"og:image:height\" content=\"700\" \/>\r\n\t<meta property=\"og:image:type\" content=\"image\/jpeg\" \/>\r\n<meta name=\"twitter:card\" content=\"summary_large_image\" \/>\r\n<meta name=\"twitter:label1\" content=\"Dur\u00e9e de lecture estim\u00e9e\" \/>\n\t<meta name=\"twitter:data1\" content=\"1 minute\" \/>\r\n<script type=\"application\/ld+json\" class=\"yoast-schema-graph\">{\"@context\":\"https:\/\/schema.org\",\"@graph\":[{\"@type\":\"WebPage\",\"@id\":\"https:\/\/paracherkaoui.ma\/index.php\/produit\/svr-sensifine-ar-soin-anti-rougeurs-40-ml-4\/\",\"url\":\"https:\/\/paracherkaoui.ma\/index.php\/produit\/svr-sensifine-ar-soin-anti-rougeurs-40-ml-4\/\",\"name\":\"SVR SENSIFINE AR SOIN ANTI-ROUGEURS 40 ML - Paracherkaoui.ma\",\"isPartOf\":{\"@id\":\"https:\/\/paracherkaoui.ma\/#website\"},\"primaryImageOfPage\":{\"@id\":\"https:\/\/paracherkaoui.ma\/index.php\/produit\/svr-sensifine-ar-soin-anti-rougeurs-40-ml-4\/#primaryimage\"},\"image\":{\"@id\":\"https:\/\/paracherkaoui.ma\/index.php\/produit\/svr-sensifine-ar-soin-anti-rougeurs-40-ml-4\/#primaryimage\"},\"thumbnailUrl\":\"https:\/\/paracherkaoui.ma\/wp-content\/uploads\/2025\/12\/svr-svr-sensifine-ar-soin-anti-rougeurs-40-ml-soins-anti-rougeurs.jpg\",\"datePublished\":\"2025-12-12T17:24:32+00:00\",\"dateModified\":\"2025-12-12T17:24:35+00:00\",\"breadcrumb\":{\"@id\":\"https:\/\/paracherkaoui.ma\/index.php\/produit\/svr-sensifine-ar-soin-anti-rougeurs-40-ml-4\/#breadcrumb\"},\"inLanguage\":\"fr-FR\",\"potentialAction\":[{\"@type\":\"ReadAction\",\"target\":[\"https:\/\/paracherkaoui.ma\/index.php\/produit\/svr-sensifine-ar-soin-anti-rougeurs-40-ml-4\/\"]}]},{\"@type\":\"ImageObject\",\"inLanguage\":\"fr-FR\",\"@id\":\"https:\/\/paracherkaoui.ma\/index.php\/produit\/svr-sensifine-ar-soin-anti-rougeurs-40-ml-4\/#primaryimage\",\"url\":\"https:\/\/paracherkaoui.ma\/wp-content\/uploads\/2025\/12\/svr-svr-sensifine-ar-soin-anti-rougeurs-40-ml-soins-anti-rougeurs.jpg\",\"contentUrl\":\"https:\/\/paracherkaoui.ma\/wp-content\/uploads\/2025\/12\/svr-svr-sensifine-ar-soin-anti-rougeurs-40-ml-soins-anti-rougeurs.jpg\",\"width\":700,\"height\":700},{\"@type\":\"BreadcrumbList\",\"@id\":\"https:\/\/paracherkaoui.ma\/index.php\/produit\/svr-sensifine-ar-soin-anti-rougeurs-40-ml-4\/#breadcrumb\",\"itemListElement\":[{\"@type\":\"ListItem\",\"position\":1,\"name\":\"Accueil\",\"item\":\"https:\/\/paracherkaoui.ma\/\"},{\"@type\":\"ListItem\",\"position\":2,\"name\":\"Boutique\",\"item\":\"https:\/\/paracherkaoui.ma\/index.php\/boutique\/\"},{\"@type\":\"ListItem\",\"position\":3,\"name\":\"SVR SENSIFINE AR SOIN ANTI-ROUGEURS 40 ML\"}]},{\"@type\":\"WebSite\",\"@id\":\"https:\/\/paracherkaoui.ma\/#website\",\"url\":\"https:\/\/paracherkaoui.ma\/\",\"name\":\"Paracherkaoui.ma\",\"description\":\"Achetez en ligne sur Paracherkaoui.ma\",\"potentialAction\":[{\"@type\":\"SearchAction\",\"target\":{\"@type\":\"EntryPoint\",\"urlTemplate\":\"https:\/\/paracherkaoui.ma\/?s={search_term_string}\"},\"query-input\":{\"@type\":\"PropertyValueSpecification\",\"valueRequired\":true,\"valueName\":\"search_term_string\"}}],\"inLanguage\":\"fr-FR\"}]}<\/script>\r\n<!-- \/ Yoast SEO plugin. -->","yoast_head_json":{"title":"SVR SENSIFINE AR SOIN ANTI-ROUGEURS 40 ML - Paracherkaoui.ma","robots":{"index":"index","follow":"follow","max-snippet":"max-snippet:-1","max-image-preview":"max-image-preview:large","max-video-preview":"max-video-preview:-1"},"canonical":"https:\/\/paracherkaoui.ma\/index.php\/produit\/svr-sensifine-ar-soin-anti-rougeurs-40-ml-4\/","og_locale":"fr_FR","og_type":"article","og_title":"SVR SENSIFINE AR SOIN ANTI-ROUGEURS 40 ML - Paracherkaoui.ma","og_description":"Description: SVR SENSIFINE AR Soin intensif hydratant apaisant anti-rougeurs. Le soin intensif hydratant apaisant anti-rougeurs SENSIFINE AR de SVR est","og_url":"https:\/\/paracherkaoui.ma\/index.php\/produit\/svr-sensifine-ar-soin-anti-rougeurs-40-ml-4\/","og_site_name":"Paracherkaoui.ma","article_modified_time":"2025-12-12T17:24:35+00:00","og_image":[{"width":700,"height":700,"url":"https:\/\/paracherkaoui.ma\/wp-content\/uploads\/2025\/12\/svr-svr-sensifine-ar-soin-anti-rougeurs-40-ml-soins-anti-rougeurs.jpg","type":"image\/jpeg"}],"twitter_card":"summary_large_image","twitter_misc":{"Dur\u00e9e de lecture estim\u00e9e":"1 minute"},"schema":{"@context":"https:\/\/schema.org","@graph":[{"@type":"WebPage","@id":"https:\/\/paracherkaoui.ma\/index.php\/produit\/svr-sensifine-ar-soin-anti-rougeurs-40-ml-4\/","url":"https:\/\/paracherkaoui.ma\/index.php\/produit\/svr-sensifine-ar-soin-anti-rougeurs-40-ml-4\/","name":"SVR SENSIFINE AR SOIN ANTI-ROUGEURS 40 ML - Paracherkaoui.ma","isPartOf":{"@id":"https:\/\/paracherkaoui.ma\/#website"},"primaryImageOfPage":{"@id":"https:\/\/paracherkaoui.ma\/index.php\/produit\/svr-sensifine-ar-soin-anti-rougeurs-40-ml-4\/#primaryimage"},"image":{"@id":"https:\/\/paracherkaoui.ma\/index.php\/produit\/svr-sensifine-ar-soin-anti-rougeurs-40-ml-4\/#primaryimage"},"thumbnailUrl":"https:\/\/paracherkaoui.ma\/wp-content\/uploads\/2025\/12\/svr-svr-sensifine-ar-soin-anti-rougeurs-40-ml-soins-anti-rougeurs.jpg","datePublished":"2025-12-12T17:24:32+00:00","dateModified":"2025-12-12T17:24:35+00:00","breadcrumb":{"@id":"https:\/\/paracherkaoui.ma\/index.php\/produit\/svr-sensifine-ar-soin-anti-rougeurs-40-ml-4\/#breadcrumb"},"inLanguage":"fr-FR","potentialAction":[{"@type":"ReadAction","target":["https:\/\/paracherkaoui.ma\/index.php\/produit\/svr-sensifine-ar-soin-anti-rougeurs-40-ml-4\/"]}]},{"@type":"ImageObject","inLanguage":"fr-FR","@id":"https:\/\/paracherkaoui.ma\/index.php\/produit\/svr-sensifine-ar-soin-anti-rougeurs-40-ml-4\/#primaryimage","url":"https:\/\/paracherkaoui.ma\/wp-content\/uploads\/2025\/12\/svr-svr-sensifine-ar-soin-anti-rougeurs-40-ml-soins-anti-rougeurs.jpg","contentUrl":"https:\/\/paracherkaoui.ma\/wp-content\/uploads\/2025\/12\/svr-svr-sensifine-ar-soin-anti-rougeurs-40-ml-soins-anti-rougeurs.jpg","width":700,"height":700},{"@type":"BreadcrumbList","@id":"https:\/\/paracherkaoui.ma\/index.php\/produit\/svr-sensifine-ar-soin-anti-rougeurs-40-ml-4\/#breadcrumb","itemListElement":[{"@type":"ListItem","position":1,"name":"Accueil","item":"https:\/\/paracherkaoui.ma\/"},{"@type":"ListItem","position":2,"name":"Boutique","item":"https:\/\/paracherkaoui.ma\/index.php\/boutique\/"},{"@type":"ListItem","position":3,"name":"SVR SENSIFINE AR SOIN ANTI-ROUGEURS 40 ML"}]},{"@type":"WebSite","@id":"https:\/\/paracherkaoui.ma\/#website","url":"https:\/\/paracherkaoui.ma\/","name":"Paracherkaoui.ma","description":"Achetez en ligne sur Paracherkaoui.ma","potentialAction":[{"@type":"SearchAction","target":{"@type":"EntryPoint","urlTemplate":"https:\/\/paracherkaoui.ma\/?s={search_term_string}"},"query-input":{"@type":"PropertyValueSpecification","valueRequired":true,"valueName":"search_term_string"}}],"inLanguage":"fr-FR"}]}},"_links":{"self":[{"href":"https:\/\/paracherkaoui.ma\/index.php\/wp-json\/wp\/v2\/product\/26298","targetHints":{"allow":["GET"]}}],"collection":[{"href":"https:\/\/paracherkaoui.ma\/index.php\/wp-json\/wp\/v2\/product"}],"about":[{"href":"https:\/\/paracherkaoui.ma\/index.php\/wp-json\/wp\/v2\/types\/product"}],"replies":[{"embeddable":true,"href":"https:\/\/paracherkaoui.ma\/index.php\/wp-json\/wp\/v2\/comments?post=26298"}],"version-history":[{"count":1,"href":"https:\/\/paracherkaoui.ma\/index.php\/wp-json\/wp\/v2\/product\/26298\/revisions"}],"predecessor-version":[{"id":26331,"href":"https:\/\/paracherkaoui.ma\/index.php\/wp-json\/wp\/v2\/product\/26298\/revisions\/26331"}],"wp:featuredmedia":[{"embeddable":true,"href":"https:\/\/paracherkaoui.ma\/index.php\/wp-json\/wp\/v2\/media\/11726"}],"wp:attachment":[{"href":"https:\/\/paracherkaoui.ma\/index.php\/wp-json\/wp\/v2\/media?parent=26298"}],"wp:term":[{"taxonomy":"product_brand","embeddable":true,"href":"https:\/\/paracherkaoui.ma\/index.php\/wp-json\/wp\/v2\/product_brand?post=26298"},{"taxonomy":"product_cat","embeddable":true,"href":"https:\/\/paracherkaoui.ma\/index.php\/wp-json\/wp\/v2\/product_cat?post=26298"},{"taxonomy":"product_tag","embeddable":true,"href":"https:\/\/paracherkaoui.ma\/index.php\/wp-json\/wp\/v2\/product_tag?post=26298"}],"curies":[{"name":"wp","href":"https:\/\/api.w.org\/{rel}","templated":true}]}}