{"id":26291,"date":"2025-12-12T18:24:31","date_gmt":"2025-12-12T17:24:31","guid":{"rendered":"https:\/\/test.ecbeaute.com\/?post_type=product&#038;p=26291"},"modified":"2025-12-12T18:24:34","modified_gmt":"2025-12-12T17:24:34","slug":"eye-care-creme-anti-rougeur-30-ml","status":"publish","type":"product","link":"https:\/\/paracherkaoui.ma\/index.php\/produit\/eye-care-creme-anti-rougeur-30-ml\/","title":{"rendered":"EYE CARE CREME ANTI ROUGEUR 30 ML"},"content":{"rendered":"<p>Enrichie en vitamine E, un puissant antioxydant, et en extrait d\u2019algues brunes protecteur, cette cr\u00e8me offre un v\u00e9ritable bouclier contre les agressions ext\u00e9rieures et le vieillissement pr\u00e9matur\u00e9 de la peau.<br \/>\nSa texture gel-cr\u00e8me l\u00e9g\u00e8rement verte agit instantan\u00e9ment pour neutraliser et masquer les rougeurs, tout en procurant une sensation de fra\u00eecheur et de confort. Test\u00e9e sous contr\u00f4le dermatologique, cette cr\u00e8me est parfaitement adapt\u00e9e aux peaux sensibles, allergiques ou atopiques, gr\u00e2ce \u00e0 sa haute tol\u00e9rance. Elle hydrate intens\u00e9ment et nourrit en profondeur, laissant la peau douce, souple et lumineuse.<br \/>\nSon utilisation quotidienne, matin et soir, permet de retrouver un teint uniforme et apais\u00e9, tout en prot\u00e9geant la peau des agressions externes. Int\u00e9gr\u00e9e \u00e0 votre routine beaut\u00e9, cette cr\u00e8me deviendra rapidement un indispensable pour le soin des peaux r\u00e9actives.<br \/>\nComposition<br \/>\nAqua (Water), Butylene Glycol, Butyrospermum Parkii (Shea) Butter, Caprylic\/Capric Triglyceride, Diethylhexyl Sebacate, Hydrogenated Didecene, Glyceryl Stearate, PEG-100 Stearate, Sorbitan Stearate, Glycerin, Titanium Dioxide, Alumina, Carbomer, Panthenol, Parfum (Fragrance), Glyceryl Caprylate, Sodium Hydroxide, CI 77891 (Titanium Dioxyde), Ethylhexylglycerin, Tocopheryl Acetate, Ammonium Glycyrrhizate, Escin, Ruscus Aculeatus Root Extract, Hydrolyzed Algin, Calendula Officinalis Flower Extract, Centella Asiatica Extract, Hydrolyzed Yeast Protein, Silica, Prunus Persica (Peach) Leaf Extract, CI 19140 (Yellow 5), CI 42090 (Blue 1).<br \/>\nConseils d\u2019utilisation<br \/>\nAppliquer sur une peau propre et s\u00e8che, matin et soir.<br \/>\nPr\u00e9lever une petite quantit\u00e9 de cr\u00e8me et l\u2019appliquer d\u00e9licatement sur l\u2019ensemble du visage.<br \/>\nInsister sur les zones sujettes aux rougeurs pour une efficacit\u00e9 optimale.<br \/>\nMasser doucement jusqu\u2019\u00e0 absorption compl\u00e8te.<\/p>\n","protected":false},"excerpt":{"rendered":"<p>Enrichie en vitamine E, un puissant antioxydant, et en extrait d\u2019algues brunes protecteur, cette cr\u00e8me offre un v\u00e9ritable bouclier contre<\/p>\n","protected":false},"featured_media":26322,"comment_status":"open","ping_status":"closed","template":"","meta":[],"product_brand":[278],"product_cat":[522],"product_tag":[],"class_list":{"0":"post-26291","1":"product","2":"type-product","3":"status-publish","4":"has-post-thumbnail","6":"product_brand-eye-care","7":"product_cat-soins-anti-rougeurs","9":"first","10":"instock","11":"shipping-taxable","12":"purchasable","13":"product-type-simple"},"yoast_head":"<!-- This site is optimized with the Yoast SEO plugin v26.6 - https:\/\/yoast.com\/wordpress\/plugins\/seo\/ -->\r\n<title>EYE CARE CREME ANTI ROUGEUR 30 ML - Paracherkaoui.ma<\/title>\r\n<meta name=\"robots\" content=\"index, follow, max-snippet:-1, max-image-preview:large, max-video-preview:-1\" \/>\r\n<link rel=\"canonical\" href=\"https:\/\/paracherkaoui.ma\/index.php\/produit\/eye-care-creme-anti-rougeur-30-ml\/\" \/>\r\n<meta property=\"og:locale\" content=\"fr_FR\" \/>\r\n<meta property=\"og:type\" content=\"article\" \/>\r\n<meta property=\"og:title\" content=\"EYE CARE CREME ANTI ROUGEUR 30 ML - Paracherkaoui.ma\" \/>\r\n<meta property=\"og:description\" content=\"Enrichie en vitamine E, un puissant antioxydant, et en extrait d\u2019algues brunes protecteur, cette cr\u00e8me offre un v\u00e9ritable bouclier contre\" \/>\r\n<meta property=\"og:url\" content=\"https:\/\/paracherkaoui.ma\/index.php\/produit\/eye-care-creme-anti-rougeur-30-ml\/\" \/>\r\n<meta property=\"og:site_name\" content=\"Paracherkaoui.ma\" \/>\r\n<meta property=\"article:modified_time\" content=\"2025-12-12T17:24:34+00:00\" \/>\r\n<meta property=\"og:image\" content=\"https:\/\/paracherkaoui.ma\/wp-content\/uploads\/2025\/12\/eye-care-eye-care-creme-anti-rougeur-30-ml-soins-anti-rougeurs.jpg\" \/>\r\n\t<meta property=\"og:image:width\" content=\"700\" \/>\r\n\t<meta property=\"og:image:height\" content=\"700\" \/>\r\n\t<meta property=\"og:image:type\" content=\"image\/jpeg\" \/>\r\n<meta name=\"twitter:card\" content=\"summary_large_image\" \/>\r\n<meta name=\"twitter:label1\" content=\"Dur\u00e9e de lecture estim\u00e9e\" \/>\n\t<meta name=\"twitter:data1\" content=\"1 minute\" \/>\r\n<script type=\"application\/ld+json\" class=\"yoast-schema-graph\">{\"@context\":\"https:\/\/schema.org\",\"@graph\":[{\"@type\":\"WebPage\",\"@id\":\"https:\/\/paracherkaoui.ma\/index.php\/produit\/eye-care-creme-anti-rougeur-30-ml\/\",\"url\":\"https:\/\/paracherkaoui.ma\/index.php\/produit\/eye-care-creme-anti-rougeur-30-ml\/\",\"name\":\"EYE CARE CREME ANTI ROUGEUR 30 ML - Paracherkaoui.ma\",\"isPartOf\":{\"@id\":\"https:\/\/paracherkaoui.ma\/#website\"},\"primaryImageOfPage\":{\"@id\":\"https:\/\/paracherkaoui.ma\/index.php\/produit\/eye-care-creme-anti-rougeur-30-ml\/#primaryimage\"},\"image\":{\"@id\":\"https:\/\/paracherkaoui.ma\/index.php\/produit\/eye-care-creme-anti-rougeur-30-ml\/#primaryimage\"},\"thumbnailUrl\":\"https:\/\/paracherkaoui.ma\/wp-content\/uploads\/2025\/12\/eye-care-eye-care-creme-anti-rougeur-30-ml-soins-anti-rougeurs.jpg\",\"datePublished\":\"2025-12-12T17:24:31+00:00\",\"dateModified\":\"2025-12-12T17:24:34+00:00\",\"breadcrumb\":{\"@id\":\"https:\/\/paracherkaoui.ma\/index.php\/produit\/eye-care-creme-anti-rougeur-30-ml\/#breadcrumb\"},\"inLanguage\":\"fr-FR\",\"potentialAction\":[{\"@type\":\"ReadAction\",\"target\":[\"https:\/\/paracherkaoui.ma\/index.php\/produit\/eye-care-creme-anti-rougeur-30-ml\/\"]}]},{\"@type\":\"ImageObject\",\"inLanguage\":\"fr-FR\",\"@id\":\"https:\/\/paracherkaoui.ma\/index.php\/produit\/eye-care-creme-anti-rougeur-30-ml\/#primaryimage\",\"url\":\"https:\/\/paracherkaoui.ma\/wp-content\/uploads\/2025\/12\/eye-care-eye-care-creme-anti-rougeur-30-ml-soins-anti-rougeurs.jpg\",\"contentUrl\":\"https:\/\/paracherkaoui.ma\/wp-content\/uploads\/2025\/12\/eye-care-eye-care-creme-anti-rougeur-30-ml-soins-anti-rougeurs.jpg\",\"width\":700,\"height\":700},{\"@type\":\"BreadcrumbList\",\"@id\":\"https:\/\/paracherkaoui.ma\/index.php\/produit\/eye-care-creme-anti-rougeur-30-ml\/#breadcrumb\",\"itemListElement\":[{\"@type\":\"ListItem\",\"position\":1,\"name\":\"Accueil\",\"item\":\"https:\/\/paracherkaoui.ma\/\"},{\"@type\":\"ListItem\",\"position\":2,\"name\":\"Boutique\",\"item\":\"https:\/\/paracherkaoui.ma\/index.php\/boutique\/\"},{\"@type\":\"ListItem\",\"position\":3,\"name\":\"EYE CARE CREME ANTI ROUGEUR 30 ML\"}]},{\"@type\":\"WebSite\",\"@id\":\"https:\/\/paracherkaoui.ma\/#website\",\"url\":\"https:\/\/paracherkaoui.ma\/\",\"name\":\"Paracherkaoui.ma\",\"description\":\"Achetez en ligne sur Paracherkaoui.ma\",\"potentialAction\":[{\"@type\":\"SearchAction\",\"target\":{\"@type\":\"EntryPoint\",\"urlTemplate\":\"https:\/\/paracherkaoui.ma\/?s={search_term_string}\"},\"query-input\":{\"@type\":\"PropertyValueSpecification\",\"valueRequired\":true,\"valueName\":\"search_term_string\"}}],\"inLanguage\":\"fr-FR\"}]}<\/script>\r\n<!-- \/ Yoast SEO plugin. -->","yoast_head_json":{"title":"EYE CARE CREME ANTI ROUGEUR 30 ML - Paracherkaoui.ma","robots":{"index":"index","follow":"follow","max-snippet":"max-snippet:-1","max-image-preview":"max-image-preview:large","max-video-preview":"max-video-preview:-1"},"canonical":"https:\/\/paracherkaoui.ma\/index.php\/produit\/eye-care-creme-anti-rougeur-30-ml\/","og_locale":"fr_FR","og_type":"article","og_title":"EYE CARE CREME ANTI ROUGEUR 30 ML - Paracherkaoui.ma","og_description":"Enrichie en vitamine E, un puissant antioxydant, et en extrait d\u2019algues brunes protecteur, cette cr\u00e8me offre un v\u00e9ritable bouclier contre","og_url":"https:\/\/paracherkaoui.ma\/index.php\/produit\/eye-care-creme-anti-rougeur-30-ml\/","og_site_name":"Paracherkaoui.ma","article_modified_time":"2025-12-12T17:24:34+00:00","og_image":[{"width":700,"height":700,"url":"https:\/\/paracherkaoui.ma\/wp-content\/uploads\/2025\/12\/eye-care-eye-care-creme-anti-rougeur-30-ml-soins-anti-rougeurs.jpg","type":"image\/jpeg"}],"twitter_card":"summary_large_image","twitter_misc":{"Dur\u00e9e de lecture estim\u00e9e":"1 minute"},"schema":{"@context":"https:\/\/schema.org","@graph":[{"@type":"WebPage","@id":"https:\/\/paracherkaoui.ma\/index.php\/produit\/eye-care-creme-anti-rougeur-30-ml\/","url":"https:\/\/paracherkaoui.ma\/index.php\/produit\/eye-care-creme-anti-rougeur-30-ml\/","name":"EYE CARE CREME ANTI ROUGEUR 30 ML - Paracherkaoui.ma","isPartOf":{"@id":"https:\/\/paracherkaoui.ma\/#website"},"primaryImageOfPage":{"@id":"https:\/\/paracherkaoui.ma\/index.php\/produit\/eye-care-creme-anti-rougeur-30-ml\/#primaryimage"},"image":{"@id":"https:\/\/paracherkaoui.ma\/index.php\/produit\/eye-care-creme-anti-rougeur-30-ml\/#primaryimage"},"thumbnailUrl":"https:\/\/paracherkaoui.ma\/wp-content\/uploads\/2025\/12\/eye-care-eye-care-creme-anti-rougeur-30-ml-soins-anti-rougeurs.jpg","datePublished":"2025-12-12T17:24:31+00:00","dateModified":"2025-12-12T17:24:34+00:00","breadcrumb":{"@id":"https:\/\/paracherkaoui.ma\/index.php\/produit\/eye-care-creme-anti-rougeur-30-ml\/#breadcrumb"},"inLanguage":"fr-FR","potentialAction":[{"@type":"ReadAction","target":["https:\/\/paracherkaoui.ma\/index.php\/produit\/eye-care-creme-anti-rougeur-30-ml\/"]}]},{"@type":"ImageObject","inLanguage":"fr-FR","@id":"https:\/\/paracherkaoui.ma\/index.php\/produit\/eye-care-creme-anti-rougeur-30-ml\/#primaryimage","url":"https:\/\/paracherkaoui.ma\/wp-content\/uploads\/2025\/12\/eye-care-eye-care-creme-anti-rougeur-30-ml-soins-anti-rougeurs.jpg","contentUrl":"https:\/\/paracherkaoui.ma\/wp-content\/uploads\/2025\/12\/eye-care-eye-care-creme-anti-rougeur-30-ml-soins-anti-rougeurs.jpg","width":700,"height":700},{"@type":"BreadcrumbList","@id":"https:\/\/paracherkaoui.ma\/index.php\/produit\/eye-care-creme-anti-rougeur-30-ml\/#breadcrumb","itemListElement":[{"@type":"ListItem","position":1,"name":"Accueil","item":"https:\/\/paracherkaoui.ma\/"},{"@type":"ListItem","position":2,"name":"Boutique","item":"https:\/\/paracherkaoui.ma\/index.php\/boutique\/"},{"@type":"ListItem","position":3,"name":"EYE CARE CREME ANTI ROUGEUR 30 ML"}]},{"@type":"WebSite","@id":"https:\/\/paracherkaoui.ma\/#website","url":"https:\/\/paracherkaoui.ma\/","name":"Paracherkaoui.ma","description":"Achetez en ligne sur Paracherkaoui.ma","potentialAction":[{"@type":"SearchAction","target":{"@type":"EntryPoint","urlTemplate":"https:\/\/paracherkaoui.ma\/?s={search_term_string}"},"query-input":{"@type":"PropertyValueSpecification","valueRequired":true,"valueName":"search_term_string"}}],"inLanguage":"fr-FR"}]}},"_links":{"self":[{"href":"https:\/\/paracherkaoui.ma\/index.php\/wp-json\/wp\/v2\/product\/26291","targetHints":{"allow":["GET"]}}],"collection":[{"href":"https:\/\/paracherkaoui.ma\/index.php\/wp-json\/wp\/v2\/product"}],"about":[{"href":"https:\/\/paracherkaoui.ma\/index.php\/wp-json\/wp\/v2\/types\/product"}],"replies":[{"embeddable":true,"href":"https:\/\/paracherkaoui.ma\/index.php\/wp-json\/wp\/v2\/comments?post=26291"}],"version-history":[{"count":1,"href":"https:\/\/paracherkaoui.ma\/index.php\/wp-json\/wp\/v2\/product\/26291\/revisions"}],"predecessor-version":[{"id":26323,"href":"https:\/\/paracherkaoui.ma\/index.php\/wp-json\/wp\/v2\/product\/26291\/revisions\/26323"}],"wp:featuredmedia":[{"embeddable":true,"href":"https:\/\/paracherkaoui.ma\/index.php\/wp-json\/wp\/v2\/media\/26322"}],"wp:attachment":[{"href":"https:\/\/paracherkaoui.ma\/index.php\/wp-json\/wp\/v2\/media?parent=26291"}],"wp:term":[{"taxonomy":"product_brand","embeddable":true,"href":"https:\/\/paracherkaoui.ma\/index.php\/wp-json\/wp\/v2\/product_brand?post=26291"},{"taxonomy":"product_cat","embeddable":true,"href":"https:\/\/paracherkaoui.ma\/index.php\/wp-json\/wp\/v2\/product_cat?post=26291"},{"taxonomy":"product_tag","embeddable":true,"href":"https:\/\/paracherkaoui.ma\/index.php\/wp-json\/wp\/v2\/product_tag?post=26291"}],"curies":[{"name":"wp","href":"https:\/\/api.w.org\/{rel}","templated":true}]}}