{"id":26289,"date":"2025-12-12T18:24:30","date_gmt":"2025-12-12T17:24:30","guid":{"rendered":"https:\/\/test.ecbeaute.com\/?post_type=product&#038;p=26289"},"modified":"2025-12-12T18:24:34","modified_gmt":"2025-12-12T17:24:34","slug":"noreva-sebodiane-ds-serum-lp-seboregulateur-8-ml-2","status":"publish","type":"product","link":"https:\/\/paracherkaoui.ma\/index.php\/produit\/noreva-sebodiane-ds-serum-lp-seboregulateur-8-ml-2\/","title":{"rendered":"NOREVA SEBODIANE DS SERUM LP SEBOREGULATEUR 8 ml"},"content":{"rendered":"<p>Sp\u00e9cialement formul\u00e9 pour favoriser l\u2019\u00e9limination des squames, soulager les sensations de d\u00e9mangeaison et r\u00e9guler la production de s\u00e9bum, Sebodiane\u00a0DS S\u00e9rum LP s\u00e9bor\u00e9gulateur agit au c\u0153ur m\u00eame de la glande s\u00e9bac\u00e9e. Hautement concentr\u00e9, sa pipette compte-gouttes permet une action cibl\u00e9e et prolong\u00e9e sur les zones difficiles \u00e0 atteindre telles que les zones pileuses, les conduits auditifs externes ou la lisi\u00e8re du cuir chevelu.<br \/>\nConseils d&rsquo;utilisation<br \/>\nAppliquer le S\u00e9rum LP S\u00e9bor\u00e9gulateur le soir pendant 10 jours en cas de pouss\u00e9es s\u00e9v\u00e8res. Puis 3 fois par semaine jusqu\u2019\u00e0 disparition des plaques.<br \/>\nComposition<br \/>\nCAPRYLIC\/CAPRIC TRIGLYCERIDE, ISOPROPYLIDENE GLYCEROL, ALCOHOL, LINOLEIC ACID, PHYTOSPHINGOSINE HCL, TOCOPHERYL ACETATE, BHT.<\/p>\n","protected":false},"excerpt":{"rendered":"<p>Sp\u00e9cialement formul\u00e9 pour favoriser l\u2019\u00e9limination des squames, soulager les sensations de d\u00e9mangeaison et r\u00e9guler la production de s\u00e9bum, Sebodiane\u00a0DS S\u00e9rum<\/p>\n","protected":false},"featured_media":25180,"comment_status":"open","ping_status":"closed","template":"","meta":[],"product_brand":[403],"product_cat":[522],"product_tag":[],"class_list":{"0":"post-26289","1":"product","2":"type-product","3":"status-publish","4":"has-post-thumbnail","6":"product_brand-noreva","7":"product_cat-soins-anti-rougeurs","9":"first","10":"instock","11":"sale","12":"shipping-taxable","13":"purchasable","14":"product-type-simple"},"yoast_head":"<!-- This site is optimized with the Yoast SEO plugin v26.6 - https:\/\/yoast.com\/wordpress\/plugins\/seo\/ -->\r\n<title>NOREVA SEBODIANE DS SERUM LP SEBOREGULATEUR 8 ml - Paracherkaoui.ma<\/title>\r\n<meta name=\"robots\" content=\"index, follow, max-snippet:-1, max-image-preview:large, max-video-preview:-1\" \/>\r\n<link rel=\"canonical\" href=\"https:\/\/paracherkaoui.ma\/index.php\/produit\/noreva-sebodiane-ds-serum-lp-seboregulateur-8-ml-2\/\" \/>\r\n<meta property=\"og:locale\" content=\"fr_FR\" \/>\r\n<meta property=\"og:type\" content=\"article\" \/>\r\n<meta property=\"og:title\" content=\"NOREVA SEBODIANE DS SERUM LP SEBOREGULATEUR 8 ml - Paracherkaoui.ma\" \/>\r\n<meta property=\"og:description\" content=\"Sp\u00e9cialement formul\u00e9 pour favoriser l\u2019\u00e9limination des squames, soulager les sensations de d\u00e9mangeaison et r\u00e9guler la production de s\u00e9bum, Sebodiane\u00a0DS S\u00e9rum\" \/>\r\n<meta property=\"og:url\" content=\"https:\/\/paracherkaoui.ma\/index.php\/produit\/noreva-sebodiane-ds-serum-lp-seboregulateur-8-ml-2\/\" \/>\r\n<meta property=\"og:site_name\" content=\"Paracherkaoui.ma\" \/>\r\n<meta property=\"article:modified_time\" content=\"2025-12-12T17:24:34+00:00\" \/>\r\n<meta property=\"og:image\" content=\"https:\/\/paracherkaoui.ma\/wp-content\/uploads\/2025\/12\/noreva-sebodiane-ds-serum-lp-seboregulateur-8-ml.jpg\" \/>\r\n\t<meta property=\"og:image:width\" content=\"700\" \/>\r\n\t<meta property=\"og:image:height\" content=\"700\" \/>\r\n\t<meta property=\"og:image:type\" content=\"image\/jpeg\" \/>\r\n<meta name=\"twitter:card\" content=\"summary_large_image\" \/>\r\n<meta name=\"twitter:label1\" content=\"Dur\u00e9e de lecture estim\u00e9e\" \/>\n\t<meta name=\"twitter:data1\" content=\"1 minute\" \/>\r\n<script type=\"application\/ld+json\" class=\"yoast-schema-graph\">{\"@context\":\"https:\/\/schema.org\",\"@graph\":[{\"@type\":\"WebPage\",\"@id\":\"https:\/\/paracherkaoui.ma\/index.php\/produit\/noreva-sebodiane-ds-serum-lp-seboregulateur-8-ml-2\/\",\"url\":\"https:\/\/paracherkaoui.ma\/index.php\/produit\/noreva-sebodiane-ds-serum-lp-seboregulateur-8-ml-2\/\",\"name\":\"NOREVA SEBODIANE DS SERUM LP SEBOREGULATEUR 8 ml - Paracherkaoui.ma\",\"isPartOf\":{\"@id\":\"https:\/\/paracherkaoui.ma\/#website\"},\"primaryImageOfPage\":{\"@id\":\"https:\/\/paracherkaoui.ma\/index.php\/produit\/noreva-sebodiane-ds-serum-lp-seboregulateur-8-ml-2\/#primaryimage\"},\"image\":{\"@id\":\"https:\/\/paracherkaoui.ma\/index.php\/produit\/noreva-sebodiane-ds-serum-lp-seboregulateur-8-ml-2\/#primaryimage\"},\"thumbnailUrl\":\"https:\/\/paracherkaoui.ma\/wp-content\/uploads\/2025\/12\/noreva-sebodiane-ds-serum-lp-seboregulateur-8-ml.jpg\",\"datePublished\":\"2025-12-12T17:24:30+00:00\",\"dateModified\":\"2025-12-12T17:24:34+00:00\",\"breadcrumb\":{\"@id\":\"https:\/\/paracherkaoui.ma\/index.php\/produit\/noreva-sebodiane-ds-serum-lp-seboregulateur-8-ml-2\/#breadcrumb\"},\"inLanguage\":\"fr-FR\",\"potentialAction\":[{\"@type\":\"ReadAction\",\"target\":[\"https:\/\/paracherkaoui.ma\/index.php\/produit\/noreva-sebodiane-ds-serum-lp-seboregulateur-8-ml-2\/\"]}]},{\"@type\":\"ImageObject\",\"inLanguage\":\"fr-FR\",\"@id\":\"https:\/\/paracherkaoui.ma\/index.php\/produit\/noreva-sebodiane-ds-serum-lp-seboregulateur-8-ml-2\/#primaryimage\",\"url\":\"https:\/\/paracherkaoui.ma\/wp-content\/uploads\/2025\/12\/noreva-sebodiane-ds-serum-lp-seboregulateur-8-ml.jpg\",\"contentUrl\":\"https:\/\/paracherkaoui.ma\/wp-content\/uploads\/2025\/12\/noreva-sebodiane-ds-serum-lp-seboregulateur-8-ml.jpg\",\"width\":700,\"height\":700},{\"@type\":\"BreadcrumbList\",\"@id\":\"https:\/\/paracherkaoui.ma\/index.php\/produit\/noreva-sebodiane-ds-serum-lp-seboregulateur-8-ml-2\/#breadcrumb\",\"itemListElement\":[{\"@type\":\"ListItem\",\"position\":1,\"name\":\"Accueil\",\"item\":\"https:\/\/paracherkaoui.ma\/\"},{\"@type\":\"ListItem\",\"position\":2,\"name\":\"Boutique\",\"item\":\"https:\/\/paracherkaoui.ma\/index.php\/boutique\/\"},{\"@type\":\"ListItem\",\"position\":3,\"name\":\"NOREVA SEBODIANE DS SERUM LP SEBOREGULATEUR 8 ml\"}]},{\"@type\":\"WebSite\",\"@id\":\"https:\/\/paracherkaoui.ma\/#website\",\"url\":\"https:\/\/paracherkaoui.ma\/\",\"name\":\"Paracherkaoui.ma\",\"description\":\"Achetez en ligne sur Paracherkaoui.ma\",\"potentialAction\":[{\"@type\":\"SearchAction\",\"target\":{\"@type\":\"EntryPoint\",\"urlTemplate\":\"https:\/\/paracherkaoui.ma\/?s={search_term_string}\"},\"query-input\":{\"@type\":\"PropertyValueSpecification\",\"valueRequired\":true,\"valueName\":\"search_term_string\"}}],\"inLanguage\":\"fr-FR\"}]}<\/script>\r\n<!-- \/ Yoast SEO plugin. -->","yoast_head_json":{"title":"NOREVA SEBODIANE DS SERUM LP SEBOREGULATEUR 8 ml - Paracherkaoui.ma","robots":{"index":"index","follow":"follow","max-snippet":"max-snippet:-1","max-image-preview":"max-image-preview:large","max-video-preview":"max-video-preview:-1"},"canonical":"https:\/\/paracherkaoui.ma\/index.php\/produit\/noreva-sebodiane-ds-serum-lp-seboregulateur-8-ml-2\/","og_locale":"fr_FR","og_type":"article","og_title":"NOREVA SEBODIANE DS SERUM LP SEBOREGULATEUR 8 ml - Paracherkaoui.ma","og_description":"Sp\u00e9cialement formul\u00e9 pour favoriser l\u2019\u00e9limination des squames, soulager les sensations de d\u00e9mangeaison et r\u00e9guler la production de s\u00e9bum, Sebodiane\u00a0DS S\u00e9rum","og_url":"https:\/\/paracherkaoui.ma\/index.php\/produit\/noreva-sebodiane-ds-serum-lp-seboregulateur-8-ml-2\/","og_site_name":"Paracherkaoui.ma","article_modified_time":"2025-12-12T17:24:34+00:00","og_image":[{"width":700,"height":700,"url":"https:\/\/paracherkaoui.ma\/wp-content\/uploads\/2025\/12\/noreva-sebodiane-ds-serum-lp-seboregulateur-8-ml.jpg","type":"image\/jpeg"}],"twitter_card":"summary_large_image","twitter_misc":{"Dur\u00e9e de lecture estim\u00e9e":"1 minute"},"schema":{"@context":"https:\/\/schema.org","@graph":[{"@type":"WebPage","@id":"https:\/\/paracherkaoui.ma\/index.php\/produit\/noreva-sebodiane-ds-serum-lp-seboregulateur-8-ml-2\/","url":"https:\/\/paracherkaoui.ma\/index.php\/produit\/noreva-sebodiane-ds-serum-lp-seboregulateur-8-ml-2\/","name":"NOREVA SEBODIANE DS SERUM LP SEBOREGULATEUR 8 ml - Paracherkaoui.ma","isPartOf":{"@id":"https:\/\/paracherkaoui.ma\/#website"},"primaryImageOfPage":{"@id":"https:\/\/paracherkaoui.ma\/index.php\/produit\/noreva-sebodiane-ds-serum-lp-seboregulateur-8-ml-2\/#primaryimage"},"image":{"@id":"https:\/\/paracherkaoui.ma\/index.php\/produit\/noreva-sebodiane-ds-serum-lp-seboregulateur-8-ml-2\/#primaryimage"},"thumbnailUrl":"https:\/\/paracherkaoui.ma\/wp-content\/uploads\/2025\/12\/noreva-sebodiane-ds-serum-lp-seboregulateur-8-ml.jpg","datePublished":"2025-12-12T17:24:30+00:00","dateModified":"2025-12-12T17:24:34+00:00","breadcrumb":{"@id":"https:\/\/paracherkaoui.ma\/index.php\/produit\/noreva-sebodiane-ds-serum-lp-seboregulateur-8-ml-2\/#breadcrumb"},"inLanguage":"fr-FR","potentialAction":[{"@type":"ReadAction","target":["https:\/\/paracherkaoui.ma\/index.php\/produit\/noreva-sebodiane-ds-serum-lp-seboregulateur-8-ml-2\/"]}]},{"@type":"ImageObject","inLanguage":"fr-FR","@id":"https:\/\/paracherkaoui.ma\/index.php\/produit\/noreva-sebodiane-ds-serum-lp-seboregulateur-8-ml-2\/#primaryimage","url":"https:\/\/paracherkaoui.ma\/wp-content\/uploads\/2025\/12\/noreva-sebodiane-ds-serum-lp-seboregulateur-8-ml.jpg","contentUrl":"https:\/\/paracherkaoui.ma\/wp-content\/uploads\/2025\/12\/noreva-sebodiane-ds-serum-lp-seboregulateur-8-ml.jpg","width":700,"height":700},{"@type":"BreadcrumbList","@id":"https:\/\/paracherkaoui.ma\/index.php\/produit\/noreva-sebodiane-ds-serum-lp-seboregulateur-8-ml-2\/#breadcrumb","itemListElement":[{"@type":"ListItem","position":1,"name":"Accueil","item":"https:\/\/paracherkaoui.ma\/"},{"@type":"ListItem","position":2,"name":"Boutique","item":"https:\/\/paracherkaoui.ma\/index.php\/boutique\/"},{"@type":"ListItem","position":3,"name":"NOREVA SEBODIANE DS SERUM LP SEBOREGULATEUR 8 ml"}]},{"@type":"WebSite","@id":"https:\/\/paracherkaoui.ma\/#website","url":"https:\/\/paracherkaoui.ma\/","name":"Paracherkaoui.ma","description":"Achetez en ligne sur Paracherkaoui.ma","potentialAction":[{"@type":"SearchAction","target":{"@type":"EntryPoint","urlTemplate":"https:\/\/paracherkaoui.ma\/?s={search_term_string}"},"query-input":{"@type":"PropertyValueSpecification","valueRequired":true,"valueName":"search_term_string"}}],"inLanguage":"fr-FR"}]}},"_links":{"self":[{"href":"https:\/\/paracherkaoui.ma\/index.php\/wp-json\/wp\/v2\/product\/26289","targetHints":{"allow":["GET"]}}],"collection":[{"href":"https:\/\/paracherkaoui.ma\/index.php\/wp-json\/wp\/v2\/product"}],"about":[{"href":"https:\/\/paracherkaoui.ma\/index.php\/wp-json\/wp\/v2\/types\/product"}],"replies":[{"embeddable":true,"href":"https:\/\/paracherkaoui.ma\/index.php\/wp-json\/wp\/v2\/comments?post=26289"}],"version-history":[{"count":1,"href":"https:\/\/paracherkaoui.ma\/index.php\/wp-json\/wp\/v2\/product\/26289\/revisions"}],"predecessor-version":[{"id":26320,"href":"https:\/\/paracherkaoui.ma\/index.php\/wp-json\/wp\/v2\/product\/26289\/revisions\/26320"}],"wp:featuredmedia":[{"embeddable":true,"href":"https:\/\/paracherkaoui.ma\/index.php\/wp-json\/wp\/v2\/media\/25180"}],"wp:attachment":[{"href":"https:\/\/paracherkaoui.ma\/index.php\/wp-json\/wp\/v2\/media?parent=26289"}],"wp:term":[{"taxonomy":"product_brand","embeddable":true,"href":"https:\/\/paracherkaoui.ma\/index.php\/wp-json\/wp\/v2\/product_brand?post=26289"},{"taxonomy":"product_cat","embeddable":true,"href":"https:\/\/paracherkaoui.ma\/index.php\/wp-json\/wp\/v2\/product_cat?post=26289"},{"taxonomy":"product_tag","embeddable":true,"href":"https:\/\/paracherkaoui.ma\/index.php\/wp-json\/wp\/v2\/product_tag?post=26289"}],"curies":[{"name":"wp","href":"https:\/\/api.w.org\/{rel}","templated":true}]}}