{"id":26285,"date":"2025-12-12T18:24:30","date_gmt":"2025-12-12T17:24:30","guid":{"rendered":"https:\/\/test.ecbeaute.com\/?post_type=product&#038;p=26285"},"modified":"2025-12-12T18:24:33","modified_gmt":"2025-12-12T17:24:33","slug":"so-bio-cc-perfect-soin-embellisseur-30-ml-25-medium","status":"publish","type":"product","link":"https:\/\/paracherkaoui.ma\/index.php\/produit\/so-bio-cc-perfect-soin-embellisseur-30-ml-25-medium\/","title":{"rendered":"SO BIO CC PERFECT SOIN EMBELLISSEUR 30 ML 25 MEDIUM"},"content":{"rendered":"<p>Ce soin innovant offre une solution compl\u00e8te pour les peaux sujettes aux rougeurs, \u00e0 la fatigue et au teint terne, tout en assurant une hydratation optimale des couches sup\u00e9rieures de l&rsquo;\u00e9piderme.<br \/>\nGr\u00e2ce \u00e0 sa formule unique, le SO BIO CC Perfect masque imm\u00e9diatement les rougeurs pour un teint uniforme et sans imperfections. Fini les rougeurs g\u00eanantes, votre peau retrouve son \u00e9clat naturel d\u00e8s la premi\u00e8re application.<br \/>\nDites adieu aux cernes et aux signes de fatigue. Ce soin camoufle efficacement les traces de fatigue, vous offrant un regard frais et repos\u00e9. Vous paraissez visiblement plus \u00e9nergique et revitalis\u00e9.<br \/>\nLe SO BIO CC Perfect illumine votre teint et r\u00e9veille l&rsquo;\u00e9clat de votre peau. Sa texture l\u00e9g\u00e8re et non grasse fond parfaitement sur la peau, laissant un fini lumineux et naturel. Vous obtenez un teint radieux et \u00e9clatant de sant\u00e9.<br \/>\nEnrichi en ingr\u00e9dients hydratants, ce soin assure une hydratation continue des couches sup\u00e9rieures de l&rsquo;\u00e9piderme, rendant votre peau douce et confortable. Jour apr\u00e8s jour, votre peau est apais\u00e9e et visiblement plus belle. Elle retrouve souplesse et vitalit\u00e9.<br \/>\nCOMPOSITION<br \/>\nAnthemis Nobilis Flower Water*, Aqua\/Water\/Eau, Coco-Caprylate\/Caprate, Dicaprylyl Ether, CI 77891 (Titanium Dioxide), Dicaprylyl Carbonate, Polyglyceryl-2 Dipolyhydroxystearate, Hydrogenated Castor Oil, Glycerin, CI 77492 (Iron Oxides), Acacia Decurrens\/Jojoba\/Sunflower Seed Wax Polyglyceryl-3 Esters, Butyrospermum Parkii (Shea) Butter*, Lauroyl Lysine, Oryza Sativa (Rice) Powder*, Polyglyceryl-3 Diisostearate, Magnesium Sulfate, Parfum (Fragrance), Sea Salt, CI 77491 (Iron Oxides), CI 77499 (Iron Oxides), Levulinic Acid, Trihydroxystearin, Sodium Benzoate, Bisabolol, Glyceryl Caprylate, Glyceryl Undecylenate, Sodium Levulinate, Lactic Acid, Sodium Lauroyl Glutamate, Sodium Hyaluronate, Lysine, Centella Asiatica Extract*, Prunus Persica (Peach) Leaf Extract*, Magnesium Chloride, Ginkgo Biloba Leaf Extract*, Tocopherol, Pyrus Malus (Apple) Fruit Extract*, Rubus Idaeus Fruit Extract*, Glycine SOJA (Soybean) Oil *Ingr\u00e9dients issus de l&rsquo;agriculture biologique<br \/>\nCONSEIL D\u2019UTILISATION<br \/>\nUtilisez le SO BIO CC Perfect chaque matin sur une peau propre et s\u00e8che. Appliquez une petite quantit\u00e9 de produit sur le visage et \u00e9talez uniform\u00e9ment avec les doigts ou un pinceau.<br \/>\nPour des r\u00e9sultats optimaux, concentrez l&rsquo;application sur les zones sujettes aux rougeurs, aux cernes et aux signes de fatigue. Pour une peau encore plus belle, int\u00e9grez ce soin \u00e0 votre routine de soins quotidienne, en le combinant avec votre cr\u00e8me hydratante et votre s\u00e9rum pr\u00e9f\u00e9r\u00e9.<br \/>\nAvec le SO BIO CC Perfect Soin Embellisseur, r\u00e9v\u00e9lez la beaut\u00e9 naturelle de votre peau et profitez d&rsquo;un teint parfait au quotidien. Ce soin multi actions est la cl\u00e9 pour une peau apais\u00e9e, unifi\u00e9e et lumineuse.<\/p>\n","protected":false},"excerpt":{"rendered":"<p>Ce soin innovant offre une solution compl\u00e8te pour les peaux sujettes aux rougeurs, \u00e0 la fatigue et au teint terne,<\/p>\n","protected":false},"featured_media":26315,"comment_status":"open","ping_status":"closed","template":"","meta":[],"product_brand":[212],"product_cat":[522],"product_tag":[],"class_list":{"0":"post-26285","1":"product","2":"type-product","3":"status-publish","4":"has-post-thumbnail","6":"product_brand-so-bio","7":"product_cat-soins-anti-rougeurs","9":"first","10":"instock","11":"shipping-taxable","12":"purchasable","13":"product-type-simple"},"yoast_head":"<!-- This site is optimized with the Yoast SEO plugin v26.6 - https:\/\/yoast.com\/wordpress\/plugins\/seo\/ -->\r\n<title>SO BIO CC PERFECT SOIN EMBELLISSEUR 30 ML 25 MEDIUM - Paracherkaoui.ma<\/title>\r\n<meta name=\"robots\" content=\"index, follow, max-snippet:-1, max-image-preview:large, max-video-preview:-1\" \/>\r\n<link rel=\"canonical\" href=\"https:\/\/paracherkaoui.ma\/index.php\/produit\/so-bio-cc-perfect-soin-embellisseur-30-ml-25-medium\/\" \/>\r\n<meta property=\"og:locale\" content=\"fr_FR\" \/>\r\n<meta property=\"og:type\" content=\"article\" \/>\r\n<meta property=\"og:title\" content=\"SO BIO CC PERFECT SOIN EMBELLISSEUR 30 ML 25 MEDIUM - Paracherkaoui.ma\" \/>\r\n<meta property=\"og:description\" content=\"Ce soin innovant offre une solution compl\u00e8te pour les peaux sujettes aux rougeurs, \u00e0 la fatigue et au teint terne,\" \/>\r\n<meta property=\"og:url\" content=\"https:\/\/paracherkaoui.ma\/index.php\/produit\/so-bio-cc-perfect-soin-embellisseur-30-ml-25-medium\/\" \/>\r\n<meta property=\"og:site_name\" content=\"Paracherkaoui.ma\" \/>\r\n<meta property=\"article:modified_time\" content=\"2025-12-12T17:24:33+00:00\" \/>\r\n<meta property=\"og:image\" content=\"https:\/\/paracherkaoui.ma\/wp-content\/uploads\/2025\/12\/so-bio-so-bio-cc-perfect-soin-embellisseur-30-ml-25-medium-soins-anti-rougeurs.jpg\" \/>\r\n\t<meta property=\"og:image:width\" content=\"700\" \/>\r\n\t<meta property=\"og:image:height\" content=\"700\" \/>\r\n\t<meta property=\"og:image:type\" content=\"image\/jpeg\" \/>\r\n<meta name=\"twitter:card\" content=\"summary_large_image\" \/>\r\n<meta name=\"twitter:label1\" content=\"Dur\u00e9e de lecture estim\u00e9e\" \/>\n\t<meta name=\"twitter:data1\" content=\"2 minutes\" \/>\r\n<script type=\"application\/ld+json\" class=\"yoast-schema-graph\">{\"@context\":\"https:\/\/schema.org\",\"@graph\":[{\"@type\":\"WebPage\",\"@id\":\"https:\/\/paracherkaoui.ma\/index.php\/produit\/so-bio-cc-perfect-soin-embellisseur-30-ml-25-medium\/\",\"url\":\"https:\/\/paracherkaoui.ma\/index.php\/produit\/so-bio-cc-perfect-soin-embellisseur-30-ml-25-medium\/\",\"name\":\"SO BIO CC PERFECT SOIN EMBELLISSEUR 30 ML 25 MEDIUM - Paracherkaoui.ma\",\"isPartOf\":{\"@id\":\"https:\/\/paracherkaoui.ma\/#website\"},\"primaryImageOfPage\":{\"@id\":\"https:\/\/paracherkaoui.ma\/index.php\/produit\/so-bio-cc-perfect-soin-embellisseur-30-ml-25-medium\/#primaryimage\"},\"image\":{\"@id\":\"https:\/\/paracherkaoui.ma\/index.php\/produit\/so-bio-cc-perfect-soin-embellisseur-30-ml-25-medium\/#primaryimage\"},\"thumbnailUrl\":\"https:\/\/paracherkaoui.ma\/wp-content\/uploads\/2025\/12\/so-bio-so-bio-cc-perfect-soin-embellisseur-30-ml-25-medium-soins-anti-rougeurs.jpg\",\"datePublished\":\"2025-12-12T17:24:30+00:00\",\"dateModified\":\"2025-12-12T17:24:33+00:00\",\"breadcrumb\":{\"@id\":\"https:\/\/paracherkaoui.ma\/index.php\/produit\/so-bio-cc-perfect-soin-embellisseur-30-ml-25-medium\/#breadcrumb\"},\"inLanguage\":\"fr-FR\",\"potentialAction\":[{\"@type\":\"ReadAction\",\"target\":[\"https:\/\/paracherkaoui.ma\/index.php\/produit\/so-bio-cc-perfect-soin-embellisseur-30-ml-25-medium\/\"]}]},{\"@type\":\"ImageObject\",\"inLanguage\":\"fr-FR\",\"@id\":\"https:\/\/paracherkaoui.ma\/index.php\/produit\/so-bio-cc-perfect-soin-embellisseur-30-ml-25-medium\/#primaryimage\",\"url\":\"https:\/\/paracherkaoui.ma\/wp-content\/uploads\/2025\/12\/so-bio-so-bio-cc-perfect-soin-embellisseur-30-ml-25-medium-soins-anti-rougeurs.jpg\",\"contentUrl\":\"https:\/\/paracherkaoui.ma\/wp-content\/uploads\/2025\/12\/so-bio-so-bio-cc-perfect-soin-embellisseur-30-ml-25-medium-soins-anti-rougeurs.jpg\",\"width\":700,\"height\":700},{\"@type\":\"BreadcrumbList\",\"@id\":\"https:\/\/paracherkaoui.ma\/index.php\/produit\/so-bio-cc-perfect-soin-embellisseur-30-ml-25-medium\/#breadcrumb\",\"itemListElement\":[{\"@type\":\"ListItem\",\"position\":1,\"name\":\"Accueil\",\"item\":\"https:\/\/paracherkaoui.ma\/\"},{\"@type\":\"ListItem\",\"position\":2,\"name\":\"Boutique\",\"item\":\"https:\/\/paracherkaoui.ma\/index.php\/boutique\/\"},{\"@type\":\"ListItem\",\"position\":3,\"name\":\"SO BIO CC PERFECT SOIN EMBELLISSEUR 30 ML 25 MEDIUM\"}]},{\"@type\":\"WebSite\",\"@id\":\"https:\/\/paracherkaoui.ma\/#website\",\"url\":\"https:\/\/paracherkaoui.ma\/\",\"name\":\"Paracherkaoui.ma\",\"description\":\"Achetez en ligne sur Paracherkaoui.ma\",\"potentialAction\":[{\"@type\":\"SearchAction\",\"target\":{\"@type\":\"EntryPoint\",\"urlTemplate\":\"https:\/\/paracherkaoui.ma\/?s={search_term_string}\"},\"query-input\":{\"@type\":\"PropertyValueSpecification\",\"valueRequired\":true,\"valueName\":\"search_term_string\"}}],\"inLanguage\":\"fr-FR\"}]}<\/script>\r\n<!-- \/ Yoast SEO plugin. -->","yoast_head_json":{"title":"SO BIO CC PERFECT SOIN EMBELLISSEUR 30 ML 25 MEDIUM - Paracherkaoui.ma","robots":{"index":"index","follow":"follow","max-snippet":"max-snippet:-1","max-image-preview":"max-image-preview:large","max-video-preview":"max-video-preview:-1"},"canonical":"https:\/\/paracherkaoui.ma\/index.php\/produit\/so-bio-cc-perfect-soin-embellisseur-30-ml-25-medium\/","og_locale":"fr_FR","og_type":"article","og_title":"SO BIO CC PERFECT SOIN EMBELLISSEUR 30 ML 25 MEDIUM - Paracherkaoui.ma","og_description":"Ce soin innovant offre une solution compl\u00e8te pour les peaux sujettes aux rougeurs, \u00e0 la fatigue et au teint terne,","og_url":"https:\/\/paracherkaoui.ma\/index.php\/produit\/so-bio-cc-perfect-soin-embellisseur-30-ml-25-medium\/","og_site_name":"Paracherkaoui.ma","article_modified_time":"2025-12-12T17:24:33+00:00","og_image":[{"width":700,"height":700,"url":"https:\/\/paracherkaoui.ma\/wp-content\/uploads\/2025\/12\/so-bio-so-bio-cc-perfect-soin-embellisseur-30-ml-25-medium-soins-anti-rougeurs.jpg","type":"image\/jpeg"}],"twitter_card":"summary_large_image","twitter_misc":{"Dur\u00e9e de lecture estim\u00e9e":"2 minutes"},"schema":{"@context":"https:\/\/schema.org","@graph":[{"@type":"WebPage","@id":"https:\/\/paracherkaoui.ma\/index.php\/produit\/so-bio-cc-perfect-soin-embellisseur-30-ml-25-medium\/","url":"https:\/\/paracherkaoui.ma\/index.php\/produit\/so-bio-cc-perfect-soin-embellisseur-30-ml-25-medium\/","name":"SO BIO CC PERFECT SOIN EMBELLISSEUR 30 ML 25 MEDIUM - Paracherkaoui.ma","isPartOf":{"@id":"https:\/\/paracherkaoui.ma\/#website"},"primaryImageOfPage":{"@id":"https:\/\/paracherkaoui.ma\/index.php\/produit\/so-bio-cc-perfect-soin-embellisseur-30-ml-25-medium\/#primaryimage"},"image":{"@id":"https:\/\/paracherkaoui.ma\/index.php\/produit\/so-bio-cc-perfect-soin-embellisseur-30-ml-25-medium\/#primaryimage"},"thumbnailUrl":"https:\/\/paracherkaoui.ma\/wp-content\/uploads\/2025\/12\/so-bio-so-bio-cc-perfect-soin-embellisseur-30-ml-25-medium-soins-anti-rougeurs.jpg","datePublished":"2025-12-12T17:24:30+00:00","dateModified":"2025-12-12T17:24:33+00:00","breadcrumb":{"@id":"https:\/\/paracherkaoui.ma\/index.php\/produit\/so-bio-cc-perfect-soin-embellisseur-30-ml-25-medium\/#breadcrumb"},"inLanguage":"fr-FR","potentialAction":[{"@type":"ReadAction","target":["https:\/\/paracherkaoui.ma\/index.php\/produit\/so-bio-cc-perfect-soin-embellisseur-30-ml-25-medium\/"]}]},{"@type":"ImageObject","inLanguage":"fr-FR","@id":"https:\/\/paracherkaoui.ma\/index.php\/produit\/so-bio-cc-perfect-soin-embellisseur-30-ml-25-medium\/#primaryimage","url":"https:\/\/paracherkaoui.ma\/wp-content\/uploads\/2025\/12\/so-bio-so-bio-cc-perfect-soin-embellisseur-30-ml-25-medium-soins-anti-rougeurs.jpg","contentUrl":"https:\/\/paracherkaoui.ma\/wp-content\/uploads\/2025\/12\/so-bio-so-bio-cc-perfect-soin-embellisseur-30-ml-25-medium-soins-anti-rougeurs.jpg","width":700,"height":700},{"@type":"BreadcrumbList","@id":"https:\/\/paracherkaoui.ma\/index.php\/produit\/so-bio-cc-perfect-soin-embellisseur-30-ml-25-medium\/#breadcrumb","itemListElement":[{"@type":"ListItem","position":1,"name":"Accueil","item":"https:\/\/paracherkaoui.ma\/"},{"@type":"ListItem","position":2,"name":"Boutique","item":"https:\/\/paracherkaoui.ma\/index.php\/boutique\/"},{"@type":"ListItem","position":3,"name":"SO BIO CC PERFECT SOIN EMBELLISSEUR 30 ML 25 MEDIUM"}]},{"@type":"WebSite","@id":"https:\/\/paracherkaoui.ma\/#website","url":"https:\/\/paracherkaoui.ma\/","name":"Paracherkaoui.ma","description":"Achetez en ligne sur Paracherkaoui.ma","potentialAction":[{"@type":"SearchAction","target":{"@type":"EntryPoint","urlTemplate":"https:\/\/paracherkaoui.ma\/?s={search_term_string}"},"query-input":{"@type":"PropertyValueSpecification","valueRequired":true,"valueName":"search_term_string"}}],"inLanguage":"fr-FR"}]}},"_links":{"self":[{"href":"https:\/\/paracherkaoui.ma\/index.php\/wp-json\/wp\/v2\/product\/26285","targetHints":{"allow":["GET"]}}],"collection":[{"href":"https:\/\/paracherkaoui.ma\/index.php\/wp-json\/wp\/v2\/product"}],"about":[{"href":"https:\/\/paracherkaoui.ma\/index.php\/wp-json\/wp\/v2\/types\/product"}],"replies":[{"embeddable":true,"href":"https:\/\/paracherkaoui.ma\/index.php\/wp-json\/wp\/v2\/comments?post=26285"}],"version-history":[{"count":1,"href":"https:\/\/paracherkaoui.ma\/index.php\/wp-json\/wp\/v2\/product\/26285\/revisions"}],"predecessor-version":[{"id":26316,"href":"https:\/\/paracherkaoui.ma\/index.php\/wp-json\/wp\/v2\/product\/26285\/revisions\/26316"}],"wp:featuredmedia":[{"embeddable":true,"href":"https:\/\/paracherkaoui.ma\/index.php\/wp-json\/wp\/v2\/media\/26315"}],"wp:attachment":[{"href":"https:\/\/paracherkaoui.ma\/index.php\/wp-json\/wp\/v2\/media?parent=26285"}],"wp:term":[{"taxonomy":"product_brand","embeddable":true,"href":"https:\/\/paracherkaoui.ma\/index.php\/wp-json\/wp\/v2\/product_brand?post=26285"},{"taxonomy":"product_cat","embeddable":true,"href":"https:\/\/paracherkaoui.ma\/index.php\/wp-json\/wp\/v2\/product_cat?post=26285"},{"taxonomy":"product_tag","embeddable":true,"href":"https:\/\/paracherkaoui.ma\/index.php\/wp-json\/wp\/v2\/product_tag?post=26285"}],"curies":[{"name":"wp","href":"https:\/\/api.w.org\/{rel}","templated":true}]}}