{"id":26234,"date":"2025-12-12T18:24:24","date_gmt":"2025-12-12T17:24:24","guid":{"rendered":"https:\/\/test.ecbeaute.com\/?post_type=product&#038;p=26234"},"modified":"2025-12-12T18:24:28","modified_gmt":"2025-12-12T17:24:28","slug":"md-repair-c-creme-regeneratrice-75-ml-2","status":"publish","type":"product","link":"https:\/\/paracherkaoui.ma\/index.php\/produit\/md-repair-c-creme-regeneratrice-75-ml-2\/","title":{"rendered":"M&#038;D REPAIR C CREME REGENERATRICE 75 ML"},"content":{"rendered":"<p>Description:<br \/>\nCr\u00e8me \u00e0 base d\u2019aloe vera, de mimosa et d\u2019extrait de figue de barbarie connus pour leur action r\u00e9g\u00e9n\u00e9ratrice et apaisante.La cr\u00e8me est adapt\u00e9e pour l\u2019application sur les zones inflamm\u00e9es, et peaux ab\u00eem\u00e9es (\u00e9corchures, \u00e9gratignures).Elle contient en plus, du silicone, qui garantie une extr\u00eame tol\u00e9rance cutan\u00e9e sur les zones sensibles avec un effet protecteur contre le froid et les agents externes.<br \/>\nElle permet aussi une restructuration et une r\u00e9paration \u00e9pidermique de qualit\u00e9.<\/p>\n","protected":false},"excerpt":{"rendered":"<p>Description: Cr\u00e8me \u00e0 base d\u2019aloe vera, de mimosa et d\u2019extrait de figue de barbarie connus pour leur action r\u00e9g\u00e9n\u00e9ratrice et<\/p>\n","protected":false},"featured_media":24864,"comment_status":"open","ping_status":"closed","template":"","meta":[],"product_brand":[209],"product_cat":[522],"product_tag":[],"class_list":{"0":"post-26234","1":"product","2":"type-product","3":"status-publish","4":"has-post-thumbnail","6":"product_brand-md-pharmacy","7":"product_cat-soins-anti-rougeurs","9":"first","10":"instock","11":"sale","12":"shipping-taxable","13":"purchasable","14":"product-type-simple"},"yoast_head":"<!-- This site is optimized with the Yoast SEO plugin v26.6 - https:\/\/yoast.com\/wordpress\/plugins\/seo\/ -->\r\n<title>M&amp;D REPAIR C CREME REGENERATRICE 75 ML - Paracherkaoui.ma<\/title>\r\n<meta name=\"robots\" content=\"index, follow, max-snippet:-1, max-image-preview:large, max-video-preview:-1\" \/>\r\n<link rel=\"canonical\" href=\"https:\/\/paracherkaoui.ma\/index.php\/produit\/md-repair-c-creme-regeneratrice-75-ml-2\/\" \/>\r\n<meta property=\"og:locale\" content=\"fr_FR\" \/>\r\n<meta property=\"og:type\" content=\"article\" \/>\r\n<meta property=\"og:title\" content=\"M&amp;D REPAIR C CREME REGENERATRICE 75 ML - Paracherkaoui.ma\" \/>\r\n<meta property=\"og:description\" content=\"Description: Cr\u00e8me \u00e0 base d\u2019aloe vera, de mimosa et d\u2019extrait de figue de barbarie connus pour leur action r\u00e9g\u00e9n\u00e9ratrice et\" \/>\r\n<meta property=\"og:url\" content=\"https:\/\/paracherkaoui.ma\/index.php\/produit\/md-repair-c-creme-regeneratrice-75-ml-2\/\" \/>\r\n<meta property=\"og:site_name\" content=\"Paracherkaoui.ma\" \/>\r\n<meta property=\"article:modified_time\" content=\"2025-12-12T17:24:28+00:00\" \/>\r\n<meta property=\"og:image\" content=\"https:\/\/paracherkaoui.ma\/wp-content\/uploads\/2025\/12\/md-repair-c-creme-regeneratrice-75-ml.jpg\" \/>\r\n\t<meta property=\"og:image:width\" content=\"700\" \/>\r\n\t<meta property=\"og:image:height\" content=\"700\" \/>\r\n\t<meta property=\"og:image:type\" content=\"image\/jpeg\" \/>\r\n<meta name=\"twitter:card\" content=\"summary_large_image\" \/>\r\n<script type=\"application\/ld+json\" class=\"yoast-schema-graph\">{\"@context\":\"https:\/\/schema.org\",\"@graph\":[{\"@type\":\"WebPage\",\"@id\":\"https:\/\/paracherkaoui.ma\/index.php\/produit\/md-repair-c-creme-regeneratrice-75-ml-2\/\",\"url\":\"https:\/\/paracherkaoui.ma\/index.php\/produit\/md-repair-c-creme-regeneratrice-75-ml-2\/\",\"name\":\"M&D REPAIR C CREME REGENERATRICE 75 ML - Paracherkaoui.ma\",\"isPartOf\":{\"@id\":\"https:\/\/paracherkaoui.ma\/#website\"},\"primaryImageOfPage\":{\"@id\":\"https:\/\/paracherkaoui.ma\/index.php\/produit\/md-repair-c-creme-regeneratrice-75-ml-2\/#primaryimage\"},\"image\":{\"@id\":\"https:\/\/paracherkaoui.ma\/index.php\/produit\/md-repair-c-creme-regeneratrice-75-ml-2\/#primaryimage\"},\"thumbnailUrl\":\"https:\/\/paracherkaoui.ma\/wp-content\/uploads\/2025\/12\/md-repair-c-creme-regeneratrice-75-ml.jpg\",\"datePublished\":\"2025-12-12T17:24:24+00:00\",\"dateModified\":\"2025-12-12T17:24:28+00:00\",\"breadcrumb\":{\"@id\":\"https:\/\/paracherkaoui.ma\/index.php\/produit\/md-repair-c-creme-regeneratrice-75-ml-2\/#breadcrumb\"},\"inLanguage\":\"fr-FR\",\"potentialAction\":[{\"@type\":\"ReadAction\",\"target\":[\"https:\/\/paracherkaoui.ma\/index.php\/produit\/md-repair-c-creme-regeneratrice-75-ml-2\/\"]}]},{\"@type\":\"ImageObject\",\"inLanguage\":\"fr-FR\",\"@id\":\"https:\/\/paracherkaoui.ma\/index.php\/produit\/md-repair-c-creme-regeneratrice-75-ml-2\/#primaryimage\",\"url\":\"https:\/\/paracherkaoui.ma\/wp-content\/uploads\/2025\/12\/md-repair-c-creme-regeneratrice-75-ml.jpg\",\"contentUrl\":\"https:\/\/paracherkaoui.ma\/wp-content\/uploads\/2025\/12\/md-repair-c-creme-regeneratrice-75-ml.jpg\",\"width\":700,\"height\":700},{\"@type\":\"BreadcrumbList\",\"@id\":\"https:\/\/paracherkaoui.ma\/index.php\/produit\/md-repair-c-creme-regeneratrice-75-ml-2\/#breadcrumb\",\"itemListElement\":[{\"@type\":\"ListItem\",\"position\":1,\"name\":\"Accueil\",\"item\":\"https:\/\/paracherkaoui.ma\/\"},{\"@type\":\"ListItem\",\"position\":2,\"name\":\"Boutique\",\"item\":\"https:\/\/paracherkaoui.ma\/index.php\/boutique\/\"},{\"@type\":\"ListItem\",\"position\":3,\"name\":\"M&#038;D REPAIR C CREME REGENERATRICE 75 ML\"}]},{\"@type\":\"WebSite\",\"@id\":\"https:\/\/paracherkaoui.ma\/#website\",\"url\":\"https:\/\/paracherkaoui.ma\/\",\"name\":\"Paracherkaoui.ma\",\"description\":\"Achetez en ligne sur Paracherkaoui.ma\",\"potentialAction\":[{\"@type\":\"SearchAction\",\"target\":{\"@type\":\"EntryPoint\",\"urlTemplate\":\"https:\/\/paracherkaoui.ma\/?s={search_term_string}\"},\"query-input\":{\"@type\":\"PropertyValueSpecification\",\"valueRequired\":true,\"valueName\":\"search_term_string\"}}],\"inLanguage\":\"fr-FR\"}]}<\/script>\r\n<!-- \/ Yoast SEO plugin. -->","yoast_head_json":{"title":"M&D REPAIR C CREME REGENERATRICE 75 ML - Paracherkaoui.ma","robots":{"index":"index","follow":"follow","max-snippet":"max-snippet:-1","max-image-preview":"max-image-preview:large","max-video-preview":"max-video-preview:-1"},"canonical":"https:\/\/paracherkaoui.ma\/index.php\/produit\/md-repair-c-creme-regeneratrice-75-ml-2\/","og_locale":"fr_FR","og_type":"article","og_title":"M&D REPAIR C CREME REGENERATRICE 75 ML - Paracherkaoui.ma","og_description":"Description: Cr\u00e8me \u00e0 base d\u2019aloe vera, de mimosa et d\u2019extrait de figue de barbarie connus pour leur action r\u00e9g\u00e9n\u00e9ratrice et","og_url":"https:\/\/paracherkaoui.ma\/index.php\/produit\/md-repair-c-creme-regeneratrice-75-ml-2\/","og_site_name":"Paracherkaoui.ma","article_modified_time":"2025-12-12T17:24:28+00:00","og_image":[{"width":700,"height":700,"url":"https:\/\/paracherkaoui.ma\/wp-content\/uploads\/2025\/12\/md-repair-c-creme-regeneratrice-75-ml.jpg","type":"image\/jpeg"}],"twitter_card":"summary_large_image","schema":{"@context":"https:\/\/schema.org","@graph":[{"@type":"WebPage","@id":"https:\/\/paracherkaoui.ma\/index.php\/produit\/md-repair-c-creme-regeneratrice-75-ml-2\/","url":"https:\/\/paracherkaoui.ma\/index.php\/produit\/md-repair-c-creme-regeneratrice-75-ml-2\/","name":"M&D REPAIR C CREME REGENERATRICE 75 ML - Paracherkaoui.ma","isPartOf":{"@id":"https:\/\/paracherkaoui.ma\/#website"},"primaryImageOfPage":{"@id":"https:\/\/paracherkaoui.ma\/index.php\/produit\/md-repair-c-creme-regeneratrice-75-ml-2\/#primaryimage"},"image":{"@id":"https:\/\/paracherkaoui.ma\/index.php\/produit\/md-repair-c-creme-regeneratrice-75-ml-2\/#primaryimage"},"thumbnailUrl":"https:\/\/paracherkaoui.ma\/wp-content\/uploads\/2025\/12\/md-repair-c-creme-regeneratrice-75-ml.jpg","datePublished":"2025-12-12T17:24:24+00:00","dateModified":"2025-12-12T17:24:28+00:00","breadcrumb":{"@id":"https:\/\/paracherkaoui.ma\/index.php\/produit\/md-repair-c-creme-regeneratrice-75-ml-2\/#breadcrumb"},"inLanguage":"fr-FR","potentialAction":[{"@type":"ReadAction","target":["https:\/\/paracherkaoui.ma\/index.php\/produit\/md-repair-c-creme-regeneratrice-75-ml-2\/"]}]},{"@type":"ImageObject","inLanguage":"fr-FR","@id":"https:\/\/paracherkaoui.ma\/index.php\/produit\/md-repair-c-creme-regeneratrice-75-ml-2\/#primaryimage","url":"https:\/\/paracherkaoui.ma\/wp-content\/uploads\/2025\/12\/md-repair-c-creme-regeneratrice-75-ml.jpg","contentUrl":"https:\/\/paracherkaoui.ma\/wp-content\/uploads\/2025\/12\/md-repair-c-creme-regeneratrice-75-ml.jpg","width":700,"height":700},{"@type":"BreadcrumbList","@id":"https:\/\/paracherkaoui.ma\/index.php\/produit\/md-repair-c-creme-regeneratrice-75-ml-2\/#breadcrumb","itemListElement":[{"@type":"ListItem","position":1,"name":"Accueil","item":"https:\/\/paracherkaoui.ma\/"},{"@type":"ListItem","position":2,"name":"Boutique","item":"https:\/\/paracherkaoui.ma\/index.php\/boutique\/"},{"@type":"ListItem","position":3,"name":"M&#038;D REPAIR C CREME REGENERATRICE 75 ML"}]},{"@type":"WebSite","@id":"https:\/\/paracherkaoui.ma\/#website","url":"https:\/\/paracherkaoui.ma\/","name":"Paracherkaoui.ma","description":"Achetez en ligne sur Paracherkaoui.ma","potentialAction":[{"@type":"SearchAction","target":{"@type":"EntryPoint","urlTemplate":"https:\/\/paracherkaoui.ma\/?s={search_term_string}"},"query-input":{"@type":"PropertyValueSpecification","valueRequired":true,"valueName":"search_term_string"}}],"inLanguage":"fr-FR"}]}},"_links":{"self":[{"href":"https:\/\/paracherkaoui.ma\/index.php\/wp-json\/wp\/v2\/product\/26234","targetHints":{"allow":["GET"]}}],"collection":[{"href":"https:\/\/paracherkaoui.ma\/index.php\/wp-json\/wp\/v2\/product"}],"about":[{"href":"https:\/\/paracherkaoui.ma\/index.php\/wp-json\/wp\/v2\/types\/product"}],"replies":[{"embeddable":true,"href":"https:\/\/paracherkaoui.ma\/index.php\/wp-json\/wp\/v2\/comments?post=26234"}],"version-history":[{"count":1,"href":"https:\/\/paracherkaoui.ma\/index.php\/wp-json\/wp\/v2\/product\/26234\/revisions"}],"predecessor-version":[{"id":26268,"href":"https:\/\/paracherkaoui.ma\/index.php\/wp-json\/wp\/v2\/product\/26234\/revisions\/26268"}],"wp:featuredmedia":[{"embeddable":true,"href":"https:\/\/paracherkaoui.ma\/index.php\/wp-json\/wp\/v2\/media\/24864"}],"wp:attachment":[{"href":"https:\/\/paracherkaoui.ma\/index.php\/wp-json\/wp\/v2\/media?parent=26234"}],"wp:term":[{"taxonomy":"product_brand","embeddable":true,"href":"https:\/\/paracherkaoui.ma\/index.php\/wp-json\/wp\/v2\/product_brand?post=26234"},{"taxonomy":"product_cat","embeddable":true,"href":"https:\/\/paracherkaoui.ma\/index.php\/wp-json\/wp\/v2\/product_cat?post=26234"},{"taxonomy":"product_tag","embeddable":true,"href":"https:\/\/paracherkaoui.ma\/index.php\/wp-json\/wp\/v2\/product_tag?post=26234"}],"curies":[{"name":"wp","href":"https:\/\/api.w.org\/{rel}","templated":true}]}}