{"id":26212,"date":"2025-12-12T18:24:20","date_gmt":"2025-12-12T17:24:20","guid":{"rendered":"https:\/\/test.ecbeaute.com\/?post_type=product&#038;p=26212"},"modified":"2025-12-12T18:24:25","modified_gmt":"2025-12-12T17:24:25","slug":"uriage-tolederm-control-soin-riche-50-ml-4","status":"publish","type":"product","link":"https:\/\/paracherkaoui.ma\/index.php\/produit\/uriage-tolederm-control-soin-riche-50-ml-4\/","title":{"rendered":"URIAGE TOLEDERM CONTROL SOIN RICHE 50 ML"},"content":{"rendered":"<p>Dot\u00e9 d\u2019une formule minimaliste, Tol\u00e9derm CONTROL SOIN APAISANT RICHE est une cr\u00e8me onctueuse qui apaise instantan\u00e9ment, nourrit, prot\u00e8ge et offre un confort durable aux peaux sensibles, intol\u00e9rantes, hyper-r\u00e9actives et allergiques.<br \/>\nGr\u00e2ce \u00e0 sa formule aux 3 ingr\u00e9dients actifs d\u2019origine naturelle [Eau Thermale d\u2019Uriage + Squalane V\u00e9g\u00e9tal + Polyuronides d\u2019Algues], ce soin renforce la barri\u00e8re de la peau et augmente son seuil de tol\u00e9rance pour aider \u00e0 contr\u00f4ler les sensations d\u2019irritations, de picotements, d\u2019\u00e9chauffements et\/ou de tiraillements.<br \/>\nCONTR\u00d4LE LA R\u00c9ACTIVIT\u00c9 DE LA PEAU<br \/>\nLe trio d\u2019actifs d\u2019origine naturelle limite en surface la p\u00e9n\u00e9tration de stimuli aggravants la sensibilit\u00e9 cutan\u00e9e. L\u2019Eau Thermale d\u2019Uriage contr\u00f4le 3 neuro-r\u00e9cepteurs impliqu\u00e9s dans les m\u00e9canismes de sensibilit\u00e9 cutan\u00e9e pour augmenter le seuil de tol\u00e9rance.*<br \/>\n*\u00ab stinging test \u00bb sous contr\u00f4le dermatologique chez 15 volontaires adultes \u00e0 peau sensible hyper-r\u00e9active ayant utilis\u00e9 Tol\u00e9derm Control Soin Apaisant Riche : diminution du seuil d\u2019irritabilit\u00e9 cutan\u00e9e.<br \/>\nCALME IMM\u00c9DIATEMENT LES SENSATIONS D\u2019INCONFORT<br \/>\nLes Polyuronides d\u2019Algues anti-irritants associ\u00e9s \u00e0 l\u2019Eau thermale d\u2019Uriage naturellement apaisante, calment imm\u00e9diatement et durablement les sensations d\u2019inconfort.<br \/>\nNOURRIT<br \/>\nSa texture onctueuse nourrit instantan\u00e9ment et durablement la peau.<\/p>\n","protected":false},"excerpt":{"rendered":"<p>Dot\u00e9 d\u2019une formule minimaliste, Tol\u00e9derm CONTROL SOIN APAISANT RICHE est une cr\u00e8me onctueuse qui apaise instantan\u00e9ment, nourrit, prot\u00e8ge et offre<\/p>\n","protected":false},"featured_media":11647,"comment_status":"open","ping_status":"closed","template":"","meta":[],"product_brand":[130],"product_cat":[522],"product_tag":[],"class_list":{"0":"post-26212","1":"product","2":"type-product","3":"status-publish","4":"has-post-thumbnail","6":"product_brand-uriage","7":"product_cat-soins-anti-rougeurs","9":"first","10":"instock","11":"sale","12":"shipping-taxable","13":"purchasable","14":"product-type-simple"},"yoast_head":"<!-- This site is optimized with the Yoast SEO plugin v26.6 - https:\/\/yoast.com\/wordpress\/plugins\/seo\/ -->\r\n<title>URIAGE TOLEDERM CONTROL SOIN RICHE 50 ML - Paracherkaoui.ma<\/title>\r\n<meta name=\"robots\" content=\"index, follow, max-snippet:-1, max-image-preview:large, max-video-preview:-1\" \/>\r\n<link rel=\"canonical\" href=\"https:\/\/paracherkaoui.ma\/index.php\/produit\/uriage-tolederm-control-soin-riche-50-ml-4\/\" \/>\r\n<meta property=\"og:locale\" content=\"fr_FR\" \/>\r\n<meta property=\"og:type\" content=\"article\" \/>\r\n<meta property=\"og:title\" content=\"URIAGE TOLEDERM CONTROL SOIN RICHE 50 ML - Paracherkaoui.ma\" \/>\r\n<meta property=\"og:description\" content=\"Dot\u00e9 d\u2019une formule minimaliste, Tol\u00e9derm CONTROL SOIN APAISANT RICHE est une cr\u00e8me onctueuse qui apaise instantan\u00e9ment, nourrit, prot\u00e8ge et offre\" \/>\r\n<meta property=\"og:url\" content=\"https:\/\/paracherkaoui.ma\/index.php\/produit\/uriage-tolederm-control-soin-riche-50-ml-4\/\" \/>\r\n<meta property=\"og:site_name\" content=\"Paracherkaoui.ma\" \/>\r\n<meta property=\"article:modified_time\" content=\"2025-12-12T17:24:25+00:00\" \/>\r\n<meta property=\"og:image\" content=\"https:\/\/paracherkaoui.ma\/wp-content\/uploads\/2025\/12\/uriage-uriage-tolederm-control-soin-riche-50-ml-soins-anti-rougeurs.jpg\" \/>\r\n\t<meta property=\"og:image:width\" content=\"700\" \/>\r\n\t<meta property=\"og:image:height\" content=\"700\" \/>\r\n\t<meta property=\"og:image:type\" content=\"image\/jpeg\" \/>\r\n<meta name=\"twitter:card\" content=\"summary_large_image\" \/>\r\n<meta name=\"twitter:label1\" content=\"Dur\u00e9e de lecture estim\u00e9e\" \/>\n\t<meta name=\"twitter:data1\" content=\"1 minute\" \/>\r\n<script type=\"application\/ld+json\" class=\"yoast-schema-graph\">{\"@context\":\"https:\/\/schema.org\",\"@graph\":[{\"@type\":\"WebPage\",\"@id\":\"https:\/\/paracherkaoui.ma\/index.php\/produit\/uriage-tolederm-control-soin-riche-50-ml-4\/\",\"url\":\"https:\/\/paracherkaoui.ma\/index.php\/produit\/uriage-tolederm-control-soin-riche-50-ml-4\/\",\"name\":\"URIAGE TOLEDERM CONTROL SOIN RICHE 50 ML - Paracherkaoui.ma\",\"isPartOf\":{\"@id\":\"https:\/\/paracherkaoui.ma\/#website\"},\"primaryImageOfPage\":{\"@id\":\"https:\/\/paracherkaoui.ma\/index.php\/produit\/uriage-tolederm-control-soin-riche-50-ml-4\/#primaryimage\"},\"image\":{\"@id\":\"https:\/\/paracherkaoui.ma\/index.php\/produit\/uriage-tolederm-control-soin-riche-50-ml-4\/#primaryimage\"},\"thumbnailUrl\":\"https:\/\/paracherkaoui.ma\/wp-content\/uploads\/2025\/12\/uriage-uriage-tolederm-control-soin-riche-50-ml-soins-anti-rougeurs.jpg\",\"datePublished\":\"2025-12-12T17:24:20+00:00\",\"dateModified\":\"2025-12-12T17:24:25+00:00\",\"breadcrumb\":{\"@id\":\"https:\/\/paracherkaoui.ma\/index.php\/produit\/uriage-tolederm-control-soin-riche-50-ml-4\/#breadcrumb\"},\"inLanguage\":\"fr-FR\",\"potentialAction\":[{\"@type\":\"ReadAction\",\"target\":[\"https:\/\/paracherkaoui.ma\/index.php\/produit\/uriage-tolederm-control-soin-riche-50-ml-4\/\"]}]},{\"@type\":\"ImageObject\",\"inLanguage\":\"fr-FR\",\"@id\":\"https:\/\/paracherkaoui.ma\/index.php\/produit\/uriage-tolederm-control-soin-riche-50-ml-4\/#primaryimage\",\"url\":\"https:\/\/paracherkaoui.ma\/wp-content\/uploads\/2025\/12\/uriage-uriage-tolederm-control-soin-riche-50-ml-soins-anti-rougeurs.jpg\",\"contentUrl\":\"https:\/\/paracherkaoui.ma\/wp-content\/uploads\/2025\/12\/uriage-uriage-tolederm-control-soin-riche-50-ml-soins-anti-rougeurs.jpg\",\"width\":700,\"height\":700},{\"@type\":\"BreadcrumbList\",\"@id\":\"https:\/\/paracherkaoui.ma\/index.php\/produit\/uriage-tolederm-control-soin-riche-50-ml-4\/#breadcrumb\",\"itemListElement\":[{\"@type\":\"ListItem\",\"position\":1,\"name\":\"Accueil\",\"item\":\"https:\/\/paracherkaoui.ma\/\"},{\"@type\":\"ListItem\",\"position\":2,\"name\":\"Boutique\",\"item\":\"https:\/\/paracherkaoui.ma\/index.php\/boutique\/\"},{\"@type\":\"ListItem\",\"position\":3,\"name\":\"URIAGE TOLEDERM CONTROL SOIN RICHE 50 ML\"}]},{\"@type\":\"WebSite\",\"@id\":\"https:\/\/paracherkaoui.ma\/#website\",\"url\":\"https:\/\/paracherkaoui.ma\/\",\"name\":\"Paracherkaoui.ma\",\"description\":\"Achetez en ligne sur Paracherkaoui.ma\",\"potentialAction\":[{\"@type\":\"SearchAction\",\"target\":{\"@type\":\"EntryPoint\",\"urlTemplate\":\"https:\/\/paracherkaoui.ma\/?s={search_term_string}\"},\"query-input\":{\"@type\":\"PropertyValueSpecification\",\"valueRequired\":true,\"valueName\":\"search_term_string\"}}],\"inLanguage\":\"fr-FR\"}]}<\/script>\r\n<!-- \/ Yoast SEO plugin. -->","yoast_head_json":{"title":"URIAGE TOLEDERM CONTROL SOIN RICHE 50 ML - Paracherkaoui.ma","robots":{"index":"index","follow":"follow","max-snippet":"max-snippet:-1","max-image-preview":"max-image-preview:large","max-video-preview":"max-video-preview:-1"},"canonical":"https:\/\/paracherkaoui.ma\/index.php\/produit\/uriage-tolederm-control-soin-riche-50-ml-4\/","og_locale":"fr_FR","og_type":"article","og_title":"URIAGE TOLEDERM CONTROL SOIN RICHE 50 ML - Paracherkaoui.ma","og_description":"Dot\u00e9 d\u2019une formule minimaliste, Tol\u00e9derm CONTROL SOIN APAISANT RICHE est une cr\u00e8me onctueuse qui apaise instantan\u00e9ment, nourrit, prot\u00e8ge et offre","og_url":"https:\/\/paracherkaoui.ma\/index.php\/produit\/uriage-tolederm-control-soin-riche-50-ml-4\/","og_site_name":"Paracherkaoui.ma","article_modified_time":"2025-12-12T17:24:25+00:00","og_image":[{"width":700,"height":700,"url":"https:\/\/paracherkaoui.ma\/wp-content\/uploads\/2025\/12\/uriage-uriage-tolederm-control-soin-riche-50-ml-soins-anti-rougeurs.jpg","type":"image\/jpeg"}],"twitter_card":"summary_large_image","twitter_misc":{"Dur\u00e9e de lecture estim\u00e9e":"1 minute"},"schema":{"@context":"https:\/\/schema.org","@graph":[{"@type":"WebPage","@id":"https:\/\/paracherkaoui.ma\/index.php\/produit\/uriage-tolederm-control-soin-riche-50-ml-4\/","url":"https:\/\/paracherkaoui.ma\/index.php\/produit\/uriage-tolederm-control-soin-riche-50-ml-4\/","name":"URIAGE TOLEDERM CONTROL SOIN RICHE 50 ML - Paracherkaoui.ma","isPartOf":{"@id":"https:\/\/paracherkaoui.ma\/#website"},"primaryImageOfPage":{"@id":"https:\/\/paracherkaoui.ma\/index.php\/produit\/uriage-tolederm-control-soin-riche-50-ml-4\/#primaryimage"},"image":{"@id":"https:\/\/paracherkaoui.ma\/index.php\/produit\/uriage-tolederm-control-soin-riche-50-ml-4\/#primaryimage"},"thumbnailUrl":"https:\/\/paracherkaoui.ma\/wp-content\/uploads\/2025\/12\/uriage-uriage-tolederm-control-soin-riche-50-ml-soins-anti-rougeurs.jpg","datePublished":"2025-12-12T17:24:20+00:00","dateModified":"2025-12-12T17:24:25+00:00","breadcrumb":{"@id":"https:\/\/paracherkaoui.ma\/index.php\/produit\/uriage-tolederm-control-soin-riche-50-ml-4\/#breadcrumb"},"inLanguage":"fr-FR","potentialAction":[{"@type":"ReadAction","target":["https:\/\/paracherkaoui.ma\/index.php\/produit\/uriage-tolederm-control-soin-riche-50-ml-4\/"]}]},{"@type":"ImageObject","inLanguage":"fr-FR","@id":"https:\/\/paracherkaoui.ma\/index.php\/produit\/uriage-tolederm-control-soin-riche-50-ml-4\/#primaryimage","url":"https:\/\/paracherkaoui.ma\/wp-content\/uploads\/2025\/12\/uriage-uriage-tolederm-control-soin-riche-50-ml-soins-anti-rougeurs.jpg","contentUrl":"https:\/\/paracherkaoui.ma\/wp-content\/uploads\/2025\/12\/uriage-uriage-tolederm-control-soin-riche-50-ml-soins-anti-rougeurs.jpg","width":700,"height":700},{"@type":"BreadcrumbList","@id":"https:\/\/paracherkaoui.ma\/index.php\/produit\/uriage-tolederm-control-soin-riche-50-ml-4\/#breadcrumb","itemListElement":[{"@type":"ListItem","position":1,"name":"Accueil","item":"https:\/\/paracherkaoui.ma\/"},{"@type":"ListItem","position":2,"name":"Boutique","item":"https:\/\/paracherkaoui.ma\/index.php\/boutique\/"},{"@type":"ListItem","position":3,"name":"URIAGE TOLEDERM CONTROL SOIN RICHE 50 ML"}]},{"@type":"WebSite","@id":"https:\/\/paracherkaoui.ma\/#website","url":"https:\/\/paracherkaoui.ma\/","name":"Paracherkaoui.ma","description":"Achetez en ligne sur Paracherkaoui.ma","potentialAction":[{"@type":"SearchAction","target":{"@type":"EntryPoint","urlTemplate":"https:\/\/paracherkaoui.ma\/?s={search_term_string}"},"query-input":{"@type":"PropertyValueSpecification","valueRequired":true,"valueName":"search_term_string"}}],"inLanguage":"fr-FR"}]}},"_links":{"self":[{"href":"https:\/\/paracherkaoui.ma\/index.php\/wp-json\/wp\/v2\/product\/26212","targetHints":{"allow":["GET"]}}],"collection":[{"href":"https:\/\/paracherkaoui.ma\/index.php\/wp-json\/wp\/v2\/product"}],"about":[{"href":"https:\/\/paracherkaoui.ma\/index.php\/wp-json\/wp\/v2\/types\/product"}],"replies":[{"embeddable":true,"href":"https:\/\/paracherkaoui.ma\/index.php\/wp-json\/wp\/v2\/comments?post=26212"}],"version-history":[{"count":1,"href":"https:\/\/paracherkaoui.ma\/index.php\/wp-json\/wp\/v2\/product\/26212\/revisions"}],"predecessor-version":[{"id":26242,"href":"https:\/\/paracherkaoui.ma\/index.php\/wp-json\/wp\/v2\/product\/26212\/revisions\/26242"}],"wp:featuredmedia":[{"embeddable":true,"href":"https:\/\/paracherkaoui.ma\/index.php\/wp-json\/wp\/v2\/media\/11647"}],"wp:attachment":[{"href":"https:\/\/paracherkaoui.ma\/index.php\/wp-json\/wp\/v2\/media?parent=26212"}],"wp:term":[{"taxonomy":"product_brand","embeddable":true,"href":"https:\/\/paracherkaoui.ma\/index.php\/wp-json\/wp\/v2\/product_brand?post=26212"},{"taxonomy":"product_cat","embeddable":true,"href":"https:\/\/paracherkaoui.ma\/index.php\/wp-json\/wp\/v2\/product_cat?post=26212"},{"taxonomy":"product_tag","embeddable":true,"href":"https:\/\/paracherkaoui.ma\/index.php\/wp-json\/wp\/v2\/product_tag?post=26212"}],"curies":[{"name":"wp","href":"https:\/\/api.w.org\/{rel}","templated":true}]}}