{"id":26178,"date":"2025-12-12T18:23:56","date_gmt":"2025-12-12T17:23:56","guid":{"rendered":"https:\/\/test.ecbeaute.com\/?post_type=product&#038;p=26178"},"modified":"2025-12-12T18:23:58","modified_gmt":"2025-12-12T17:23:58","slug":"cerave-sa-gel-nettoyant-anti-rugosites-236ml-5","status":"publish","type":"product","link":"https:\/\/paracherkaoui.ma\/index.php\/produit\/cerave-sa-gel-nettoyant-anti-rugosites-236ml-5\/","title":{"rendered":"CERAVE SA GEL NETTOYANT ANTI RUGOSITES 236ML"},"content":{"rendered":"<p>Sa formule enrichie en acide salicylique \u00e9limine les cellules mortes \u00e0 la surface de la peau, att\u00e9nuant ainsi les rugosit\u00e9s et les irr\u00e9gularit\u00e9s, sans effet abrasif. Gr\u00e2ce \u00e0 l\u2019acide hyaluronique et \u00e0 la technologie MVE, l\u2019hydratation est diffus\u00e9e de mani\u00e8re continue pendant 24h, pour une peau plus douce, plus lisse et plus souple d\u00e8s les premi\u00e8res utilisations.<br \/>\nLes 3 c\u00e9ramides essentiels (1, 3, 6-II) pr\u00e9sents dans la formule aident \u00e0 r\u00e9parer et renforcer la barri\u00e8re protectrice de la peau, la rendant plus r\u00e9sistante aux agressions ext\u00e9rieures.<br \/>\nSans parfum<br \/>\nSans parab\u00e8ne<\/p>\n<p>Non-com\u00e9dog\u00e8ne<\/p>\n<p>Hypoallerg\u00e9nique<\/p>\n<p>Test\u00e9 cliniquement : +94% d\u2019hydratation apr\u00e8s une application<br \/>\nParfait pour les peaux atteintes de k\u00e9ratose pilaire ou simplement rugueuses au toucher, ce gel nettoyant convient aussi bien au visage qu\u2019au corps, rendant votre peau plus nette et plus confortable jour apr\u00e8s jour.<br \/>\nConseils d\u2019utilisation<br \/>\nAppliquez quotidiennement sous la douche sur peau humide.<br \/>\nMassez d\u00e9licatement jusqu\u2019\u00e0 formation d\u2019une l\u00e9g\u00e8re mousse.<br \/>\nRincez abondamment \u00e0 l\u2019eau claire.<br \/>\n\u00c9vitez le contour des yeux.<br \/>\nS\u00e9chez en tapotant avec une serviette propre, puis appliquez un soin hydratant CeraVe pour un r\u00e9sultat optimal.<br \/>\nComposition<br \/>\nAqua\/Water, Glycerin, Cetearyl Alcohol, Phenoxyethanol, Stearyl Alcohol, Cetyl Alcohol, PEG-40 Stearate, Behentrimonium Methosulfate, Glyceryl Stearate, Polysorbate 20, Ethylhexylglycerin, Potassium Phosphate, Disodium EDTA, Dipotassium Phosphate, Sodium Lauroyl Lactylate, Ceramide NP, Ceramide AP, Phytosphingosine, Cholesterol, Sodium Hyaluronate, Xanthan Gum, Carbomer, Tocopherol, Ceramide EOP<\/p>\n","protected":false},"excerpt":{"rendered":"<p>Sa formule enrichie en acide salicylique \u00e9limine les cellules mortes \u00e0 la surface de la peau, att\u00e9nuant ainsi les rugosit\u00e9s<\/p>\n","protected":false},"featured_media":11214,"comment_status":"open","ping_status":"closed","template":"","meta":[],"product_brand":[131],"product_cat":[522],"product_tag":[],"class_list":{"0":"post-26178","1":"product","2":"type-product","3":"status-publish","4":"has-post-thumbnail","6":"product_brand-cerave","7":"product_cat-soins-anti-rougeurs","9":"first","10":"instock","11":"sale","12":"shipping-taxable","13":"purchasable","14":"product-type-simple"},"yoast_head":"<!-- This site is optimized with the Yoast SEO plugin v26.6 - https:\/\/yoast.com\/wordpress\/plugins\/seo\/ -->\r\n<title>CERAVE SA GEL NETTOYANT ANTI RUGOSITES 236ML - Paracherkaoui.ma<\/title>\r\n<meta name=\"robots\" content=\"index, follow, max-snippet:-1, max-image-preview:large, max-video-preview:-1\" \/>\r\n<link rel=\"canonical\" href=\"https:\/\/paracherkaoui.ma\/index.php\/produit\/cerave-sa-gel-nettoyant-anti-rugosites-236ml-5\/\" \/>\r\n<meta property=\"og:locale\" content=\"fr_FR\" \/>\r\n<meta property=\"og:type\" content=\"article\" \/>\r\n<meta property=\"og:title\" content=\"CERAVE SA GEL NETTOYANT ANTI RUGOSITES 236ML - Paracherkaoui.ma\" \/>\r\n<meta property=\"og:description\" content=\"Sa formule enrichie en acide salicylique \u00e9limine les cellules mortes \u00e0 la surface de la peau, att\u00e9nuant ainsi les rugosit\u00e9s\" \/>\r\n<meta property=\"og:url\" content=\"https:\/\/paracherkaoui.ma\/index.php\/produit\/cerave-sa-gel-nettoyant-anti-rugosites-236ml-5\/\" \/>\r\n<meta property=\"og:site_name\" content=\"Paracherkaoui.ma\" \/>\r\n<meta property=\"article:modified_time\" content=\"2025-12-12T17:23:58+00:00\" \/>\r\n<meta property=\"og:image\" content=\"https:\/\/paracherkaoui.ma\/wp-content\/uploads\/2025\/12\/cerave-cerave-sa-gel-nettoyant-anti-rugosites-236ml-soins-anti-rougeurs.jpg\" \/>\r\n\t<meta property=\"og:image:width\" content=\"700\" \/>\r\n\t<meta property=\"og:image:height\" content=\"700\" \/>\r\n\t<meta property=\"og:image:type\" content=\"image\/jpeg\" \/>\r\n<meta name=\"twitter:card\" content=\"summary_large_image\" \/>\r\n<meta name=\"twitter:label1\" content=\"Dur\u00e9e de lecture estim\u00e9e\" \/>\n\t<meta name=\"twitter:data1\" content=\"1 minute\" \/>\r\n<script type=\"application\/ld+json\" class=\"yoast-schema-graph\">{\"@context\":\"https:\/\/schema.org\",\"@graph\":[{\"@type\":\"WebPage\",\"@id\":\"https:\/\/paracherkaoui.ma\/index.php\/produit\/cerave-sa-gel-nettoyant-anti-rugosites-236ml-5\/\",\"url\":\"https:\/\/paracherkaoui.ma\/index.php\/produit\/cerave-sa-gel-nettoyant-anti-rugosites-236ml-5\/\",\"name\":\"CERAVE SA GEL NETTOYANT ANTI RUGOSITES 236ML - Paracherkaoui.ma\",\"isPartOf\":{\"@id\":\"https:\/\/paracherkaoui.ma\/#website\"},\"primaryImageOfPage\":{\"@id\":\"https:\/\/paracherkaoui.ma\/index.php\/produit\/cerave-sa-gel-nettoyant-anti-rugosites-236ml-5\/#primaryimage\"},\"image\":{\"@id\":\"https:\/\/paracherkaoui.ma\/index.php\/produit\/cerave-sa-gel-nettoyant-anti-rugosites-236ml-5\/#primaryimage\"},\"thumbnailUrl\":\"https:\/\/paracherkaoui.ma\/wp-content\/uploads\/2025\/12\/cerave-cerave-sa-gel-nettoyant-anti-rugosites-236ml-soins-anti-rougeurs.jpg\",\"datePublished\":\"2025-12-12T17:23:56+00:00\",\"dateModified\":\"2025-12-12T17:23:58+00:00\",\"breadcrumb\":{\"@id\":\"https:\/\/paracherkaoui.ma\/index.php\/produit\/cerave-sa-gel-nettoyant-anti-rugosites-236ml-5\/#breadcrumb\"},\"inLanguage\":\"fr-FR\",\"potentialAction\":[{\"@type\":\"ReadAction\",\"target\":[\"https:\/\/paracherkaoui.ma\/index.php\/produit\/cerave-sa-gel-nettoyant-anti-rugosites-236ml-5\/\"]}]},{\"@type\":\"ImageObject\",\"inLanguage\":\"fr-FR\",\"@id\":\"https:\/\/paracherkaoui.ma\/index.php\/produit\/cerave-sa-gel-nettoyant-anti-rugosites-236ml-5\/#primaryimage\",\"url\":\"https:\/\/paracherkaoui.ma\/wp-content\/uploads\/2025\/12\/cerave-cerave-sa-gel-nettoyant-anti-rugosites-236ml-soins-anti-rougeurs.jpg\",\"contentUrl\":\"https:\/\/paracherkaoui.ma\/wp-content\/uploads\/2025\/12\/cerave-cerave-sa-gel-nettoyant-anti-rugosites-236ml-soins-anti-rougeurs.jpg\",\"width\":700,\"height\":700},{\"@type\":\"BreadcrumbList\",\"@id\":\"https:\/\/paracherkaoui.ma\/index.php\/produit\/cerave-sa-gel-nettoyant-anti-rugosites-236ml-5\/#breadcrumb\",\"itemListElement\":[{\"@type\":\"ListItem\",\"position\":1,\"name\":\"Accueil\",\"item\":\"https:\/\/paracherkaoui.ma\/\"},{\"@type\":\"ListItem\",\"position\":2,\"name\":\"Boutique\",\"item\":\"https:\/\/paracherkaoui.ma\/index.php\/boutique\/\"},{\"@type\":\"ListItem\",\"position\":3,\"name\":\"CERAVE SA GEL NETTOYANT ANTI RUGOSITES 236ML\"}]},{\"@type\":\"WebSite\",\"@id\":\"https:\/\/paracherkaoui.ma\/#website\",\"url\":\"https:\/\/paracherkaoui.ma\/\",\"name\":\"Paracherkaoui.ma\",\"description\":\"Achetez en ligne sur Paracherkaoui.ma\",\"potentialAction\":[{\"@type\":\"SearchAction\",\"target\":{\"@type\":\"EntryPoint\",\"urlTemplate\":\"https:\/\/paracherkaoui.ma\/?s={search_term_string}\"},\"query-input\":{\"@type\":\"PropertyValueSpecification\",\"valueRequired\":true,\"valueName\":\"search_term_string\"}}],\"inLanguage\":\"fr-FR\"}]}<\/script>\r\n<!-- \/ Yoast SEO plugin. -->","yoast_head_json":{"title":"CERAVE SA GEL NETTOYANT ANTI RUGOSITES 236ML - Paracherkaoui.ma","robots":{"index":"index","follow":"follow","max-snippet":"max-snippet:-1","max-image-preview":"max-image-preview:large","max-video-preview":"max-video-preview:-1"},"canonical":"https:\/\/paracherkaoui.ma\/index.php\/produit\/cerave-sa-gel-nettoyant-anti-rugosites-236ml-5\/","og_locale":"fr_FR","og_type":"article","og_title":"CERAVE SA GEL NETTOYANT ANTI RUGOSITES 236ML - Paracherkaoui.ma","og_description":"Sa formule enrichie en acide salicylique \u00e9limine les cellules mortes \u00e0 la surface de la peau, att\u00e9nuant ainsi les rugosit\u00e9s","og_url":"https:\/\/paracherkaoui.ma\/index.php\/produit\/cerave-sa-gel-nettoyant-anti-rugosites-236ml-5\/","og_site_name":"Paracherkaoui.ma","article_modified_time":"2025-12-12T17:23:58+00:00","og_image":[{"width":700,"height":700,"url":"https:\/\/paracherkaoui.ma\/wp-content\/uploads\/2025\/12\/cerave-cerave-sa-gel-nettoyant-anti-rugosites-236ml-soins-anti-rougeurs.jpg","type":"image\/jpeg"}],"twitter_card":"summary_large_image","twitter_misc":{"Dur\u00e9e de lecture estim\u00e9e":"1 minute"},"schema":{"@context":"https:\/\/schema.org","@graph":[{"@type":"WebPage","@id":"https:\/\/paracherkaoui.ma\/index.php\/produit\/cerave-sa-gel-nettoyant-anti-rugosites-236ml-5\/","url":"https:\/\/paracherkaoui.ma\/index.php\/produit\/cerave-sa-gel-nettoyant-anti-rugosites-236ml-5\/","name":"CERAVE SA GEL NETTOYANT ANTI RUGOSITES 236ML - Paracherkaoui.ma","isPartOf":{"@id":"https:\/\/paracherkaoui.ma\/#website"},"primaryImageOfPage":{"@id":"https:\/\/paracherkaoui.ma\/index.php\/produit\/cerave-sa-gel-nettoyant-anti-rugosites-236ml-5\/#primaryimage"},"image":{"@id":"https:\/\/paracherkaoui.ma\/index.php\/produit\/cerave-sa-gel-nettoyant-anti-rugosites-236ml-5\/#primaryimage"},"thumbnailUrl":"https:\/\/paracherkaoui.ma\/wp-content\/uploads\/2025\/12\/cerave-cerave-sa-gel-nettoyant-anti-rugosites-236ml-soins-anti-rougeurs.jpg","datePublished":"2025-12-12T17:23:56+00:00","dateModified":"2025-12-12T17:23:58+00:00","breadcrumb":{"@id":"https:\/\/paracherkaoui.ma\/index.php\/produit\/cerave-sa-gel-nettoyant-anti-rugosites-236ml-5\/#breadcrumb"},"inLanguage":"fr-FR","potentialAction":[{"@type":"ReadAction","target":["https:\/\/paracherkaoui.ma\/index.php\/produit\/cerave-sa-gel-nettoyant-anti-rugosites-236ml-5\/"]}]},{"@type":"ImageObject","inLanguage":"fr-FR","@id":"https:\/\/paracherkaoui.ma\/index.php\/produit\/cerave-sa-gel-nettoyant-anti-rugosites-236ml-5\/#primaryimage","url":"https:\/\/paracherkaoui.ma\/wp-content\/uploads\/2025\/12\/cerave-cerave-sa-gel-nettoyant-anti-rugosites-236ml-soins-anti-rougeurs.jpg","contentUrl":"https:\/\/paracherkaoui.ma\/wp-content\/uploads\/2025\/12\/cerave-cerave-sa-gel-nettoyant-anti-rugosites-236ml-soins-anti-rougeurs.jpg","width":700,"height":700},{"@type":"BreadcrumbList","@id":"https:\/\/paracherkaoui.ma\/index.php\/produit\/cerave-sa-gel-nettoyant-anti-rugosites-236ml-5\/#breadcrumb","itemListElement":[{"@type":"ListItem","position":1,"name":"Accueil","item":"https:\/\/paracherkaoui.ma\/"},{"@type":"ListItem","position":2,"name":"Boutique","item":"https:\/\/paracherkaoui.ma\/index.php\/boutique\/"},{"@type":"ListItem","position":3,"name":"CERAVE SA GEL NETTOYANT ANTI RUGOSITES 236ML"}]},{"@type":"WebSite","@id":"https:\/\/paracherkaoui.ma\/#website","url":"https:\/\/paracherkaoui.ma\/","name":"Paracherkaoui.ma","description":"Achetez en ligne sur Paracherkaoui.ma","potentialAction":[{"@type":"SearchAction","target":{"@type":"EntryPoint","urlTemplate":"https:\/\/paracherkaoui.ma\/?s={search_term_string}"},"query-input":{"@type":"PropertyValueSpecification","valueRequired":true,"valueName":"search_term_string"}}],"inLanguage":"fr-FR"}]}},"_links":{"self":[{"href":"https:\/\/paracherkaoui.ma\/index.php\/wp-json\/wp\/v2\/product\/26178","targetHints":{"allow":["GET"]}}],"collection":[{"href":"https:\/\/paracherkaoui.ma\/index.php\/wp-json\/wp\/v2\/product"}],"about":[{"href":"https:\/\/paracherkaoui.ma\/index.php\/wp-json\/wp\/v2\/types\/product"}],"replies":[{"embeddable":true,"href":"https:\/\/paracherkaoui.ma\/index.php\/wp-json\/wp\/v2\/comments?post=26178"}],"version-history":[{"count":1,"href":"https:\/\/paracherkaoui.ma\/index.php\/wp-json\/wp\/v2\/product\/26178\/revisions"}],"predecessor-version":[{"id":26198,"href":"https:\/\/paracherkaoui.ma\/index.php\/wp-json\/wp\/v2\/product\/26178\/revisions\/26198"}],"wp:featuredmedia":[{"embeddable":true,"href":"https:\/\/paracherkaoui.ma\/index.php\/wp-json\/wp\/v2\/media\/11214"}],"wp:attachment":[{"href":"https:\/\/paracherkaoui.ma\/index.php\/wp-json\/wp\/v2\/media?parent=26178"}],"wp:term":[{"taxonomy":"product_brand","embeddable":true,"href":"https:\/\/paracherkaoui.ma\/index.php\/wp-json\/wp\/v2\/product_brand?post=26178"},{"taxonomy":"product_cat","embeddable":true,"href":"https:\/\/paracherkaoui.ma\/index.php\/wp-json\/wp\/v2\/product_cat?post=26178"},{"taxonomy":"product_tag","embeddable":true,"href":"https:\/\/paracherkaoui.ma\/index.php\/wp-json\/wp\/v2\/product_tag?post=26178"}],"curies":[{"name":"wp","href":"https:\/\/api.w.org\/{rel}","templated":true}]}}