{"id":26112,"date":"2025-12-12T18:23:50","date_gmt":"2025-12-12T17:23:50","guid":{"rendered":"https:\/\/test.ecbeaute.com\/?post_type=product&#038;p=26112"},"modified":"2025-12-12T18:23:54","modified_gmt":"2025-12-12T17:23:54","slug":"bioderminy-whitening-cream-for-sensitive-areas","status":"publish","type":"product","link":"https:\/\/paracherkaoui.ma\/index.php\/produit\/bioderminy-whitening-cream-for-sensitive-areas\/","title":{"rendered":"BIODERMINY WHITENING CREAM FOR SENSITIVE AREAS"},"content":{"rendered":"<p>Description:<br \/>\nEn contr\u00f4lant la production excessive de m\u00e9lanine avec un contenu naturel, pr\u00e9vient les taches brunes pour les zones sensibles (aisselle, coude, genou ..)\u2022 Gr\u00e2ce \u00e0 des ingr\u00e9dients comme l&rsquo;arbutine, la lumiskin et la vitamine C, il aide \u00e0 pr\u00e9venir la synth\u00e8se de la m\u00e9lanine et augmente la synth\u00e8se du collag\u00e8ne, am\u00e9liore le teint<br \/>\nConseils d&rsquo;utilisation:<br \/>\n\u2022 Appliquez une petite quantit\u00e9 directement sur la zone souhait\u00e9e en frottant doucement dans un mouvement circulaire jusqu&rsquo;\u00e0 ce qu&rsquo;elle soit compl\u00e8tement absorb\u00e9e par la peau.\u2022 Utiliser deux fois par jour (matin et soir)\u2022 Il est recommand\u00e9 d&rsquo;utiliser une cr\u00e8me solaire avant le soleil<\/p>\n","protected":false},"excerpt":{"rendered":"<p>Description: En contr\u00f4lant la production excessive de m\u00e9lanine avec un contenu naturel, pr\u00e9vient les taches brunes pour les zones sensibles<\/p>\n","protected":false},"featured_media":26157,"comment_status":"open","ping_status":"closed","template":"","meta":[],"product_brand":[510],"product_cat":[502],"product_tag":[],"class_list":{"0":"post-26112","1":"product","2":"type-product","3":"status-publish","4":"has-post-thumbnail","6":"product_brand-bioderminy","7":"product_cat-soins-anti-imperfections","9":"first","10":"instock","11":"sale","12":"shipping-taxable","13":"purchasable","14":"product-type-simple"},"yoast_head":"<!-- This site is optimized with the Yoast SEO plugin v26.6 - https:\/\/yoast.com\/wordpress\/plugins\/seo\/ -->\r\n<title>BIODERMINY WHITENING CREAM FOR SENSITIVE AREAS - Paracherkaoui.ma<\/title>\r\n<meta name=\"robots\" content=\"index, follow, max-snippet:-1, max-image-preview:large, max-video-preview:-1\" \/>\r\n<link rel=\"canonical\" href=\"https:\/\/paracherkaoui.ma\/index.php\/produit\/bioderminy-whitening-cream-for-sensitive-areas\/\" \/>\r\n<meta property=\"og:locale\" content=\"fr_FR\" \/>\r\n<meta property=\"og:type\" content=\"article\" \/>\r\n<meta property=\"og:title\" content=\"BIODERMINY WHITENING CREAM FOR SENSITIVE AREAS - Paracherkaoui.ma\" \/>\r\n<meta property=\"og:description\" content=\"Description: En contr\u00f4lant la production excessive de m\u00e9lanine avec un contenu naturel, pr\u00e9vient les taches brunes pour les zones sensibles\" \/>\r\n<meta property=\"og:url\" content=\"https:\/\/paracherkaoui.ma\/index.php\/produit\/bioderminy-whitening-cream-for-sensitive-areas\/\" \/>\r\n<meta property=\"og:site_name\" content=\"Paracherkaoui.ma\" \/>\r\n<meta property=\"article:modified_time\" content=\"2025-12-12T17:23:54+00:00\" \/>\r\n<meta property=\"og:image\" content=\"https:\/\/paracherkaoui.ma\/wp-content\/uploads\/2025\/12\/bioderminy-bioderminy-whitening-cream-for-sensitive-areas-cremes-depigmentantes.jpg\" \/>\r\n\t<meta property=\"og:image:width\" content=\"700\" \/>\r\n\t<meta property=\"og:image:height\" content=\"700\" \/>\r\n\t<meta property=\"og:image:type\" content=\"image\/jpeg\" \/>\r\n<meta name=\"twitter:card\" content=\"summary_large_image\" \/>\r\n<meta name=\"twitter:label1\" content=\"Dur\u00e9e de lecture estim\u00e9e\" \/>\n\t<meta name=\"twitter:data1\" content=\"1 minute\" \/>\r\n<script type=\"application\/ld+json\" class=\"yoast-schema-graph\">{\"@context\":\"https:\/\/schema.org\",\"@graph\":[{\"@type\":\"WebPage\",\"@id\":\"https:\/\/paracherkaoui.ma\/index.php\/produit\/bioderminy-whitening-cream-for-sensitive-areas\/\",\"url\":\"https:\/\/paracherkaoui.ma\/index.php\/produit\/bioderminy-whitening-cream-for-sensitive-areas\/\",\"name\":\"BIODERMINY WHITENING CREAM FOR SENSITIVE AREAS - Paracherkaoui.ma\",\"isPartOf\":{\"@id\":\"https:\/\/paracherkaoui.ma\/#website\"},\"primaryImageOfPage\":{\"@id\":\"https:\/\/paracherkaoui.ma\/index.php\/produit\/bioderminy-whitening-cream-for-sensitive-areas\/#primaryimage\"},\"image\":{\"@id\":\"https:\/\/paracherkaoui.ma\/index.php\/produit\/bioderminy-whitening-cream-for-sensitive-areas\/#primaryimage\"},\"thumbnailUrl\":\"https:\/\/paracherkaoui.ma\/wp-content\/uploads\/2025\/12\/bioderminy-bioderminy-whitening-cream-for-sensitive-areas-cremes-depigmentantes.jpg\",\"datePublished\":\"2025-12-12T17:23:50+00:00\",\"dateModified\":\"2025-12-12T17:23:54+00:00\",\"breadcrumb\":{\"@id\":\"https:\/\/paracherkaoui.ma\/index.php\/produit\/bioderminy-whitening-cream-for-sensitive-areas\/#breadcrumb\"},\"inLanguage\":\"fr-FR\",\"potentialAction\":[{\"@type\":\"ReadAction\",\"target\":[\"https:\/\/paracherkaoui.ma\/index.php\/produit\/bioderminy-whitening-cream-for-sensitive-areas\/\"]}]},{\"@type\":\"ImageObject\",\"inLanguage\":\"fr-FR\",\"@id\":\"https:\/\/paracherkaoui.ma\/index.php\/produit\/bioderminy-whitening-cream-for-sensitive-areas\/#primaryimage\",\"url\":\"https:\/\/paracherkaoui.ma\/wp-content\/uploads\/2025\/12\/bioderminy-bioderminy-whitening-cream-for-sensitive-areas-cremes-depigmentantes.jpg\",\"contentUrl\":\"https:\/\/paracherkaoui.ma\/wp-content\/uploads\/2025\/12\/bioderminy-bioderminy-whitening-cream-for-sensitive-areas-cremes-depigmentantes.jpg\",\"width\":700,\"height\":700},{\"@type\":\"BreadcrumbList\",\"@id\":\"https:\/\/paracherkaoui.ma\/index.php\/produit\/bioderminy-whitening-cream-for-sensitive-areas\/#breadcrumb\",\"itemListElement\":[{\"@type\":\"ListItem\",\"position\":1,\"name\":\"Accueil\",\"item\":\"https:\/\/paracherkaoui.ma\/\"},{\"@type\":\"ListItem\",\"position\":2,\"name\":\"Boutique\",\"item\":\"https:\/\/paracherkaoui.ma\/index.php\/boutique\/\"},{\"@type\":\"ListItem\",\"position\":3,\"name\":\"BIODERMINY WHITENING CREAM FOR SENSITIVE AREAS\"}]},{\"@type\":\"WebSite\",\"@id\":\"https:\/\/paracherkaoui.ma\/#website\",\"url\":\"https:\/\/paracherkaoui.ma\/\",\"name\":\"Paracherkaoui.ma\",\"description\":\"Achetez en ligne sur Paracherkaoui.ma\",\"potentialAction\":[{\"@type\":\"SearchAction\",\"target\":{\"@type\":\"EntryPoint\",\"urlTemplate\":\"https:\/\/paracherkaoui.ma\/?s={search_term_string}\"},\"query-input\":{\"@type\":\"PropertyValueSpecification\",\"valueRequired\":true,\"valueName\":\"search_term_string\"}}],\"inLanguage\":\"fr-FR\"}]}<\/script>\r\n<!-- \/ Yoast SEO plugin. -->","yoast_head_json":{"title":"BIODERMINY WHITENING CREAM FOR SENSITIVE AREAS - Paracherkaoui.ma","robots":{"index":"index","follow":"follow","max-snippet":"max-snippet:-1","max-image-preview":"max-image-preview:large","max-video-preview":"max-video-preview:-1"},"canonical":"https:\/\/paracherkaoui.ma\/index.php\/produit\/bioderminy-whitening-cream-for-sensitive-areas\/","og_locale":"fr_FR","og_type":"article","og_title":"BIODERMINY WHITENING CREAM FOR SENSITIVE AREAS - Paracherkaoui.ma","og_description":"Description: En contr\u00f4lant la production excessive de m\u00e9lanine avec un contenu naturel, pr\u00e9vient les taches brunes pour les zones sensibles","og_url":"https:\/\/paracherkaoui.ma\/index.php\/produit\/bioderminy-whitening-cream-for-sensitive-areas\/","og_site_name":"Paracherkaoui.ma","article_modified_time":"2025-12-12T17:23:54+00:00","og_image":[{"width":700,"height":700,"url":"https:\/\/paracherkaoui.ma\/wp-content\/uploads\/2025\/12\/bioderminy-bioderminy-whitening-cream-for-sensitive-areas-cremes-depigmentantes.jpg","type":"image\/jpeg"}],"twitter_card":"summary_large_image","twitter_misc":{"Dur\u00e9e de lecture estim\u00e9e":"1 minute"},"schema":{"@context":"https:\/\/schema.org","@graph":[{"@type":"WebPage","@id":"https:\/\/paracherkaoui.ma\/index.php\/produit\/bioderminy-whitening-cream-for-sensitive-areas\/","url":"https:\/\/paracherkaoui.ma\/index.php\/produit\/bioderminy-whitening-cream-for-sensitive-areas\/","name":"BIODERMINY WHITENING CREAM FOR SENSITIVE AREAS - Paracherkaoui.ma","isPartOf":{"@id":"https:\/\/paracherkaoui.ma\/#website"},"primaryImageOfPage":{"@id":"https:\/\/paracherkaoui.ma\/index.php\/produit\/bioderminy-whitening-cream-for-sensitive-areas\/#primaryimage"},"image":{"@id":"https:\/\/paracherkaoui.ma\/index.php\/produit\/bioderminy-whitening-cream-for-sensitive-areas\/#primaryimage"},"thumbnailUrl":"https:\/\/paracherkaoui.ma\/wp-content\/uploads\/2025\/12\/bioderminy-bioderminy-whitening-cream-for-sensitive-areas-cremes-depigmentantes.jpg","datePublished":"2025-12-12T17:23:50+00:00","dateModified":"2025-12-12T17:23:54+00:00","breadcrumb":{"@id":"https:\/\/paracherkaoui.ma\/index.php\/produit\/bioderminy-whitening-cream-for-sensitive-areas\/#breadcrumb"},"inLanguage":"fr-FR","potentialAction":[{"@type":"ReadAction","target":["https:\/\/paracherkaoui.ma\/index.php\/produit\/bioderminy-whitening-cream-for-sensitive-areas\/"]}]},{"@type":"ImageObject","inLanguage":"fr-FR","@id":"https:\/\/paracherkaoui.ma\/index.php\/produit\/bioderminy-whitening-cream-for-sensitive-areas\/#primaryimage","url":"https:\/\/paracherkaoui.ma\/wp-content\/uploads\/2025\/12\/bioderminy-bioderminy-whitening-cream-for-sensitive-areas-cremes-depigmentantes.jpg","contentUrl":"https:\/\/paracherkaoui.ma\/wp-content\/uploads\/2025\/12\/bioderminy-bioderminy-whitening-cream-for-sensitive-areas-cremes-depigmentantes.jpg","width":700,"height":700},{"@type":"BreadcrumbList","@id":"https:\/\/paracherkaoui.ma\/index.php\/produit\/bioderminy-whitening-cream-for-sensitive-areas\/#breadcrumb","itemListElement":[{"@type":"ListItem","position":1,"name":"Accueil","item":"https:\/\/paracherkaoui.ma\/"},{"@type":"ListItem","position":2,"name":"Boutique","item":"https:\/\/paracherkaoui.ma\/index.php\/boutique\/"},{"@type":"ListItem","position":3,"name":"BIODERMINY WHITENING CREAM FOR SENSITIVE AREAS"}]},{"@type":"WebSite","@id":"https:\/\/paracherkaoui.ma\/#website","url":"https:\/\/paracherkaoui.ma\/","name":"Paracherkaoui.ma","description":"Achetez en ligne sur Paracherkaoui.ma","potentialAction":[{"@type":"SearchAction","target":{"@type":"EntryPoint","urlTemplate":"https:\/\/paracherkaoui.ma\/?s={search_term_string}"},"query-input":{"@type":"PropertyValueSpecification","valueRequired":true,"valueName":"search_term_string"}}],"inLanguage":"fr-FR"}]}},"_links":{"self":[{"href":"https:\/\/paracherkaoui.ma\/index.php\/wp-json\/wp\/v2\/product\/26112","targetHints":{"allow":["GET"]}}],"collection":[{"href":"https:\/\/paracherkaoui.ma\/index.php\/wp-json\/wp\/v2\/product"}],"about":[{"href":"https:\/\/paracherkaoui.ma\/index.php\/wp-json\/wp\/v2\/types\/product"}],"replies":[{"embeddable":true,"href":"https:\/\/paracherkaoui.ma\/index.php\/wp-json\/wp\/v2\/comments?post=26112"}],"version-history":[{"count":1,"href":"https:\/\/paracherkaoui.ma\/index.php\/wp-json\/wp\/v2\/product\/26112\/revisions"}],"predecessor-version":[{"id":26158,"href":"https:\/\/paracherkaoui.ma\/index.php\/wp-json\/wp\/v2\/product\/26112\/revisions\/26158"}],"wp:featuredmedia":[{"embeddable":true,"href":"https:\/\/paracherkaoui.ma\/index.php\/wp-json\/wp\/v2\/media\/26157"}],"wp:attachment":[{"href":"https:\/\/paracherkaoui.ma\/index.php\/wp-json\/wp\/v2\/media?parent=26112"}],"wp:term":[{"taxonomy":"product_brand","embeddable":true,"href":"https:\/\/paracherkaoui.ma\/index.php\/wp-json\/wp\/v2\/product_brand?post=26112"},{"taxonomy":"product_cat","embeddable":true,"href":"https:\/\/paracherkaoui.ma\/index.php\/wp-json\/wp\/v2\/product_cat?post=26112"},{"taxonomy":"product_tag","embeddable":true,"href":"https:\/\/paracherkaoui.ma\/index.php\/wp-json\/wp\/v2\/product_tag?post=26112"}],"curies":[{"name":"wp","href":"https:\/\/api.w.org\/{rel}","templated":true}]}}