{"id":26103,"date":"2025-12-12T18:23:49","date_gmt":"2025-12-12T17:23:49","guid":{"rendered":"https:\/\/test.ecbeaute.com\/?post_type=product&#038;p=26103"},"modified":"2025-12-12T18:23:53","modified_gmt":"2025-12-12T17:23:53","slug":"ducray-melascreen-eclat-spf-15-creme-legere-40-ml-3","status":"publish","type":"product","link":"https:\/\/paracherkaoui.ma\/index.php\/produit\/ducray-melascreen-eclat-spf-15-creme-legere-40-ml-3\/","title":{"rendered":"DUCRAY MELASCREEN ECLAT SPF 15+ CREME LEGERE 40 ML"},"content":{"rendered":"<p>MELASCREEN \u00c9CLAT Cr\u00e8me l\u00e9g\u00e8re SPF15 est un soin unifiant qui limite les taches brunes indiqu\u00e9 pour les peaux normales \u00e0 mixtes \u2022 Une cr\u00e8me \u00e9claircissante \u00e0 l&rsquo;action \u00ab deux en un \u00bb qui, d&rsquo;une part, unifie et redonne de l&rsquo;\u00e9clat au teint et de l&rsquo;autre, hydrate la peau \u2022 Une texture agr\u00e9able d\u00e9livr\u00e9e par une pompe doseuse \u2022 Un soin qui peut \u00e9galement \u00eatre utilis\u00e9 comme base de maquillage gr\u00e2ce aux poudres matifiantes et absorbantes qu&rsquo;il contient<br \/>\nConseils d&rsquo;utilisation :<br \/>\nAppliquer matin et\/ou soir sur l&rsquo;ensemble du visage\u2022 Eviter le contact avec les yeux<\/p>\n","protected":false},"excerpt":{"rendered":"<p>MELASCREEN \u00c9CLAT Cr\u00e8me l\u00e9g\u00e8re SPF15 est un soin unifiant qui limite les taches brunes indiqu\u00e9 pour les peaux normales \u00e0<\/p>\n","protected":false},"featured_media":11914,"comment_status":"open","ping_status":"closed","template":"","meta":[],"product_brand":[138],"product_cat":[502],"product_tag":[],"class_list":{"0":"post-26103","1":"product","2":"type-product","3":"status-publish","4":"has-post-thumbnail","6":"product_brand-ducray","7":"product_cat-soins-anti-imperfections","9":"first","10":"instock","11":"sale","12":"shipping-taxable","13":"purchasable","14":"product-type-simple"},"yoast_head":"<!-- This site is optimized with the Yoast SEO plugin v26.6 - https:\/\/yoast.com\/wordpress\/plugins\/seo\/ -->\r\n<title>DUCRAY MELASCREEN ECLAT SPF 15+ CREME LEGERE 40 ML - Paracherkaoui.ma<\/title>\r\n<meta name=\"robots\" content=\"index, follow, max-snippet:-1, max-image-preview:large, max-video-preview:-1\" \/>\r\n<link rel=\"canonical\" href=\"https:\/\/paracherkaoui.ma\/index.php\/produit\/ducray-melascreen-eclat-spf-15-creme-legere-40-ml-3\/\" \/>\r\n<meta property=\"og:locale\" content=\"fr_FR\" \/>\r\n<meta property=\"og:type\" content=\"article\" \/>\r\n<meta property=\"og:title\" content=\"DUCRAY MELASCREEN ECLAT SPF 15+ CREME LEGERE 40 ML - Paracherkaoui.ma\" \/>\r\n<meta property=\"og:description\" content=\"MELASCREEN \u00c9CLAT Cr\u00e8me l\u00e9g\u00e8re SPF15 est un soin unifiant qui limite les taches brunes indiqu\u00e9 pour les peaux normales \u00e0\" \/>\r\n<meta property=\"og:url\" content=\"https:\/\/paracherkaoui.ma\/index.php\/produit\/ducray-melascreen-eclat-spf-15-creme-legere-40-ml-3\/\" \/>\r\n<meta property=\"og:site_name\" content=\"Paracherkaoui.ma\" \/>\r\n<meta property=\"article:modified_time\" content=\"2025-12-12T17:23:53+00:00\" \/>\r\n<meta property=\"og:image\" content=\"https:\/\/paracherkaoui.ma\/wp-content\/uploads\/2025\/12\/ducray-ducray-melascreen-eclat-spf-15-creme-legere-40-ml-cremes-jour.jpg\" \/>\r\n\t<meta property=\"og:image:width\" content=\"700\" \/>\r\n\t<meta property=\"og:image:height\" content=\"700\" \/>\r\n\t<meta property=\"og:image:type\" content=\"image\/jpeg\" \/>\r\n<meta name=\"twitter:card\" content=\"summary_large_image\" \/>\r\n<script type=\"application\/ld+json\" class=\"yoast-schema-graph\">{\"@context\":\"https:\/\/schema.org\",\"@graph\":[{\"@type\":\"WebPage\",\"@id\":\"https:\/\/paracherkaoui.ma\/index.php\/produit\/ducray-melascreen-eclat-spf-15-creme-legere-40-ml-3\/\",\"url\":\"https:\/\/paracherkaoui.ma\/index.php\/produit\/ducray-melascreen-eclat-spf-15-creme-legere-40-ml-3\/\",\"name\":\"DUCRAY MELASCREEN ECLAT SPF 15+ CREME LEGERE 40 ML - Paracherkaoui.ma\",\"isPartOf\":{\"@id\":\"https:\/\/paracherkaoui.ma\/#website\"},\"primaryImageOfPage\":{\"@id\":\"https:\/\/paracherkaoui.ma\/index.php\/produit\/ducray-melascreen-eclat-spf-15-creme-legere-40-ml-3\/#primaryimage\"},\"image\":{\"@id\":\"https:\/\/paracherkaoui.ma\/index.php\/produit\/ducray-melascreen-eclat-spf-15-creme-legere-40-ml-3\/#primaryimage\"},\"thumbnailUrl\":\"https:\/\/paracherkaoui.ma\/wp-content\/uploads\/2025\/12\/ducray-ducray-melascreen-eclat-spf-15-creme-legere-40-ml-cremes-jour.jpg\",\"datePublished\":\"2025-12-12T17:23:49+00:00\",\"dateModified\":\"2025-12-12T17:23:53+00:00\",\"breadcrumb\":{\"@id\":\"https:\/\/paracherkaoui.ma\/index.php\/produit\/ducray-melascreen-eclat-spf-15-creme-legere-40-ml-3\/#breadcrumb\"},\"inLanguage\":\"fr-FR\",\"potentialAction\":[{\"@type\":\"ReadAction\",\"target\":[\"https:\/\/paracherkaoui.ma\/index.php\/produit\/ducray-melascreen-eclat-spf-15-creme-legere-40-ml-3\/\"]}]},{\"@type\":\"ImageObject\",\"inLanguage\":\"fr-FR\",\"@id\":\"https:\/\/paracherkaoui.ma\/index.php\/produit\/ducray-melascreen-eclat-spf-15-creme-legere-40-ml-3\/#primaryimage\",\"url\":\"https:\/\/paracherkaoui.ma\/wp-content\/uploads\/2025\/12\/ducray-ducray-melascreen-eclat-spf-15-creme-legere-40-ml-cremes-jour.jpg\",\"contentUrl\":\"https:\/\/paracherkaoui.ma\/wp-content\/uploads\/2025\/12\/ducray-ducray-melascreen-eclat-spf-15-creme-legere-40-ml-cremes-jour.jpg\",\"width\":700,\"height\":700},{\"@type\":\"BreadcrumbList\",\"@id\":\"https:\/\/paracherkaoui.ma\/index.php\/produit\/ducray-melascreen-eclat-spf-15-creme-legere-40-ml-3\/#breadcrumb\",\"itemListElement\":[{\"@type\":\"ListItem\",\"position\":1,\"name\":\"Accueil\",\"item\":\"https:\/\/paracherkaoui.ma\/\"},{\"@type\":\"ListItem\",\"position\":2,\"name\":\"Boutique\",\"item\":\"https:\/\/paracherkaoui.ma\/index.php\/boutique\/\"},{\"@type\":\"ListItem\",\"position\":3,\"name\":\"DUCRAY MELASCREEN ECLAT SPF 15+ CREME LEGERE 40 ML\"}]},{\"@type\":\"WebSite\",\"@id\":\"https:\/\/paracherkaoui.ma\/#website\",\"url\":\"https:\/\/paracherkaoui.ma\/\",\"name\":\"Paracherkaoui.ma\",\"description\":\"Achetez en ligne sur Paracherkaoui.ma\",\"potentialAction\":[{\"@type\":\"SearchAction\",\"target\":{\"@type\":\"EntryPoint\",\"urlTemplate\":\"https:\/\/paracherkaoui.ma\/?s={search_term_string}\"},\"query-input\":{\"@type\":\"PropertyValueSpecification\",\"valueRequired\":true,\"valueName\":\"search_term_string\"}}],\"inLanguage\":\"fr-FR\"}]}<\/script>\r\n<!-- \/ Yoast SEO plugin. -->","yoast_head_json":{"title":"DUCRAY MELASCREEN ECLAT SPF 15+ CREME LEGERE 40 ML - Paracherkaoui.ma","robots":{"index":"index","follow":"follow","max-snippet":"max-snippet:-1","max-image-preview":"max-image-preview:large","max-video-preview":"max-video-preview:-1"},"canonical":"https:\/\/paracherkaoui.ma\/index.php\/produit\/ducray-melascreen-eclat-spf-15-creme-legere-40-ml-3\/","og_locale":"fr_FR","og_type":"article","og_title":"DUCRAY MELASCREEN ECLAT SPF 15+ CREME LEGERE 40 ML - Paracherkaoui.ma","og_description":"MELASCREEN \u00c9CLAT Cr\u00e8me l\u00e9g\u00e8re SPF15 est un soin unifiant qui limite les taches brunes indiqu\u00e9 pour les peaux normales \u00e0","og_url":"https:\/\/paracherkaoui.ma\/index.php\/produit\/ducray-melascreen-eclat-spf-15-creme-legere-40-ml-3\/","og_site_name":"Paracherkaoui.ma","article_modified_time":"2025-12-12T17:23:53+00:00","og_image":[{"width":700,"height":700,"url":"https:\/\/paracherkaoui.ma\/wp-content\/uploads\/2025\/12\/ducray-ducray-melascreen-eclat-spf-15-creme-legere-40-ml-cremes-jour.jpg","type":"image\/jpeg"}],"twitter_card":"summary_large_image","schema":{"@context":"https:\/\/schema.org","@graph":[{"@type":"WebPage","@id":"https:\/\/paracherkaoui.ma\/index.php\/produit\/ducray-melascreen-eclat-spf-15-creme-legere-40-ml-3\/","url":"https:\/\/paracherkaoui.ma\/index.php\/produit\/ducray-melascreen-eclat-spf-15-creme-legere-40-ml-3\/","name":"DUCRAY MELASCREEN ECLAT SPF 15+ CREME LEGERE 40 ML - Paracherkaoui.ma","isPartOf":{"@id":"https:\/\/paracherkaoui.ma\/#website"},"primaryImageOfPage":{"@id":"https:\/\/paracherkaoui.ma\/index.php\/produit\/ducray-melascreen-eclat-spf-15-creme-legere-40-ml-3\/#primaryimage"},"image":{"@id":"https:\/\/paracherkaoui.ma\/index.php\/produit\/ducray-melascreen-eclat-spf-15-creme-legere-40-ml-3\/#primaryimage"},"thumbnailUrl":"https:\/\/paracherkaoui.ma\/wp-content\/uploads\/2025\/12\/ducray-ducray-melascreen-eclat-spf-15-creme-legere-40-ml-cremes-jour.jpg","datePublished":"2025-12-12T17:23:49+00:00","dateModified":"2025-12-12T17:23:53+00:00","breadcrumb":{"@id":"https:\/\/paracherkaoui.ma\/index.php\/produit\/ducray-melascreen-eclat-spf-15-creme-legere-40-ml-3\/#breadcrumb"},"inLanguage":"fr-FR","potentialAction":[{"@type":"ReadAction","target":["https:\/\/paracherkaoui.ma\/index.php\/produit\/ducray-melascreen-eclat-spf-15-creme-legere-40-ml-3\/"]}]},{"@type":"ImageObject","inLanguage":"fr-FR","@id":"https:\/\/paracherkaoui.ma\/index.php\/produit\/ducray-melascreen-eclat-spf-15-creme-legere-40-ml-3\/#primaryimage","url":"https:\/\/paracherkaoui.ma\/wp-content\/uploads\/2025\/12\/ducray-ducray-melascreen-eclat-spf-15-creme-legere-40-ml-cremes-jour.jpg","contentUrl":"https:\/\/paracherkaoui.ma\/wp-content\/uploads\/2025\/12\/ducray-ducray-melascreen-eclat-spf-15-creme-legere-40-ml-cremes-jour.jpg","width":700,"height":700},{"@type":"BreadcrumbList","@id":"https:\/\/paracherkaoui.ma\/index.php\/produit\/ducray-melascreen-eclat-spf-15-creme-legere-40-ml-3\/#breadcrumb","itemListElement":[{"@type":"ListItem","position":1,"name":"Accueil","item":"https:\/\/paracherkaoui.ma\/"},{"@type":"ListItem","position":2,"name":"Boutique","item":"https:\/\/paracherkaoui.ma\/index.php\/boutique\/"},{"@type":"ListItem","position":3,"name":"DUCRAY MELASCREEN ECLAT SPF 15+ CREME LEGERE 40 ML"}]},{"@type":"WebSite","@id":"https:\/\/paracherkaoui.ma\/#website","url":"https:\/\/paracherkaoui.ma\/","name":"Paracherkaoui.ma","description":"Achetez en ligne sur Paracherkaoui.ma","potentialAction":[{"@type":"SearchAction","target":{"@type":"EntryPoint","urlTemplate":"https:\/\/paracherkaoui.ma\/?s={search_term_string}"},"query-input":{"@type":"PropertyValueSpecification","valueRequired":true,"valueName":"search_term_string"}}],"inLanguage":"fr-FR"}]}},"_links":{"self":[{"href":"https:\/\/paracherkaoui.ma\/index.php\/wp-json\/wp\/v2\/product\/26103","targetHints":{"allow":["GET"]}}],"collection":[{"href":"https:\/\/paracherkaoui.ma\/index.php\/wp-json\/wp\/v2\/product"}],"about":[{"href":"https:\/\/paracherkaoui.ma\/index.php\/wp-json\/wp\/v2\/types\/product"}],"replies":[{"embeddable":true,"href":"https:\/\/paracherkaoui.ma\/index.php\/wp-json\/wp\/v2\/comments?post=26103"}],"version-history":[{"count":1,"href":"https:\/\/paracherkaoui.ma\/index.php\/wp-json\/wp\/v2\/product\/26103\/revisions"}],"predecessor-version":[{"id":26141,"href":"https:\/\/paracherkaoui.ma\/index.php\/wp-json\/wp\/v2\/product\/26103\/revisions\/26141"}],"wp:featuredmedia":[{"embeddable":true,"href":"https:\/\/paracherkaoui.ma\/index.php\/wp-json\/wp\/v2\/media\/11914"}],"wp:attachment":[{"href":"https:\/\/paracherkaoui.ma\/index.php\/wp-json\/wp\/v2\/media?parent=26103"}],"wp:term":[{"taxonomy":"product_brand","embeddable":true,"href":"https:\/\/paracherkaoui.ma\/index.php\/wp-json\/wp\/v2\/product_brand?post=26103"},{"taxonomy":"product_cat","embeddable":true,"href":"https:\/\/paracherkaoui.ma\/index.php\/wp-json\/wp\/v2\/product_cat?post=26103"},{"taxonomy":"product_tag","embeddable":true,"href":"https:\/\/paracherkaoui.ma\/index.php\/wp-json\/wp\/v2\/product_tag?post=26103"}],"curies":[{"name":"wp","href":"https:\/\/api.w.org\/{rel}","templated":true}]}}