{"id":26091,"date":"2025-12-12T18:23:49","date_gmt":"2025-12-12T17:23:49","guid":{"rendered":"https:\/\/test.ecbeaute.com\/?post_type=product&#038;p=26091"},"modified":"2025-12-12T18:23:51","modified_gmt":"2025-12-12T17:23:51","slug":"biorga-apaisac-creme-anti-rougeurs-apaisante-40-ml","status":"publish","type":"product","link":"https:\/\/paracherkaoui.ma\/index.php\/produit\/biorga-apaisac-creme-anti-rougeurs-apaisante-40-ml\/","title":{"rendered":"BIORGA APAISAC CREME ANTI ROUGEURS APAISANTE 40 ML"},"content":{"rendered":"<p>Description:<br \/>\nAPAISAC biorga Cr\u00e8me Anti-Rougeurs Apaisante 40ml\u00a0Sa formule triphas\u00e9e stimule la microcirculation, corrige et att\u00e9nue les rougeurs diffuses. Les sensations d\u2019\u00e9chauffement et d\u2019inconfort sont apais\u00e9es, l\u2019\u00e9clat du teint est am\u00e9lior\u00e9. Durablement hydrat\u00e9e, votre peau est souple et douce.<\/p>\n<p>CONSEILS D&rsquo;UTILISATION :<\/p>\n<p>Appliquer matin et soir sur une peau bien nettoy\u00e9e et s\u00e9ch\u00e9e.<\/p>\n","protected":false},"excerpt":{"rendered":"<p>Description: APAISAC biorga Cr\u00e8me Anti-Rougeurs Apaisante 40ml\u00a0Sa formule triphas\u00e9e stimule la microcirculation, corrige et att\u00e9nue les rougeurs diffuses. Les sensations<\/p>\n","protected":false},"featured_media":26121,"comment_status":"open","ping_status":"closed","template":"","meta":[],"product_brand":[292],"product_cat":[502],"product_tag":[],"class_list":{"0":"post-26091","1":"product","2":"type-product","3":"status-publish","4":"has-post-thumbnail","6":"product_brand-biorga","7":"product_cat-soins-anti-imperfections","9":"first","10":"instock","11":"sale","12":"shipping-taxable","13":"purchasable","14":"product-type-simple"},"yoast_head":"<!-- This site is optimized with the Yoast SEO plugin v26.6 - https:\/\/yoast.com\/wordpress\/plugins\/seo\/ -->\r\n<title>BIORGA APAISAC CREME ANTI ROUGEURS APAISANTE 40 ML - Paracherkaoui.ma<\/title>\r\n<meta name=\"robots\" content=\"index, follow, max-snippet:-1, max-image-preview:large, max-video-preview:-1\" \/>\r\n<link rel=\"canonical\" href=\"https:\/\/paracherkaoui.ma\/index.php\/produit\/biorga-apaisac-creme-anti-rougeurs-apaisante-40-ml\/\" \/>\r\n<meta property=\"og:locale\" content=\"fr_FR\" \/>\r\n<meta property=\"og:type\" content=\"article\" \/>\r\n<meta property=\"og:title\" content=\"BIORGA APAISAC CREME ANTI ROUGEURS APAISANTE 40 ML - Paracherkaoui.ma\" \/>\r\n<meta property=\"og:description\" content=\"Description: APAISAC biorga Cr\u00e8me Anti-Rougeurs Apaisante 40ml\u00a0Sa formule triphas\u00e9e stimule la microcirculation, corrige et att\u00e9nue les rougeurs diffuses. Les sensations\" \/>\r\n<meta property=\"og:url\" content=\"https:\/\/paracherkaoui.ma\/index.php\/produit\/biorga-apaisac-creme-anti-rougeurs-apaisante-40-ml\/\" \/>\r\n<meta property=\"og:site_name\" content=\"Paracherkaoui.ma\" \/>\r\n<meta property=\"article:modified_time\" content=\"2025-12-12T17:23:51+00:00\" \/>\r\n<meta property=\"og:image\" content=\"https:\/\/paracherkaoui.ma\/wp-content\/uploads\/2025\/12\/biorga-apaisac-creme-anti-rougeurs-apaisante-40-ml.jpg\" \/>\r\n\t<meta property=\"og:image:width\" content=\"700\" \/>\r\n\t<meta property=\"og:image:height\" content=\"700\" \/>\r\n\t<meta property=\"og:image:type\" content=\"image\/jpeg\" \/>\r\n<meta name=\"twitter:card\" content=\"summary_large_image\" \/>\r\n<script type=\"application\/ld+json\" class=\"yoast-schema-graph\">{\"@context\":\"https:\/\/schema.org\",\"@graph\":[{\"@type\":\"WebPage\",\"@id\":\"https:\/\/paracherkaoui.ma\/index.php\/produit\/biorga-apaisac-creme-anti-rougeurs-apaisante-40-ml\/\",\"url\":\"https:\/\/paracherkaoui.ma\/index.php\/produit\/biorga-apaisac-creme-anti-rougeurs-apaisante-40-ml\/\",\"name\":\"BIORGA APAISAC CREME ANTI ROUGEURS APAISANTE 40 ML - Paracherkaoui.ma\",\"isPartOf\":{\"@id\":\"https:\/\/paracherkaoui.ma\/#website\"},\"primaryImageOfPage\":{\"@id\":\"https:\/\/paracherkaoui.ma\/index.php\/produit\/biorga-apaisac-creme-anti-rougeurs-apaisante-40-ml\/#primaryimage\"},\"image\":{\"@id\":\"https:\/\/paracherkaoui.ma\/index.php\/produit\/biorga-apaisac-creme-anti-rougeurs-apaisante-40-ml\/#primaryimage\"},\"thumbnailUrl\":\"https:\/\/paracherkaoui.ma\/wp-content\/uploads\/2025\/12\/biorga-apaisac-creme-anti-rougeurs-apaisante-40-ml.jpg\",\"datePublished\":\"2025-12-12T17:23:49+00:00\",\"dateModified\":\"2025-12-12T17:23:51+00:00\",\"breadcrumb\":{\"@id\":\"https:\/\/paracherkaoui.ma\/index.php\/produit\/biorga-apaisac-creme-anti-rougeurs-apaisante-40-ml\/#breadcrumb\"},\"inLanguage\":\"fr-FR\",\"potentialAction\":[{\"@type\":\"ReadAction\",\"target\":[\"https:\/\/paracherkaoui.ma\/index.php\/produit\/biorga-apaisac-creme-anti-rougeurs-apaisante-40-ml\/\"]}]},{\"@type\":\"ImageObject\",\"inLanguage\":\"fr-FR\",\"@id\":\"https:\/\/paracherkaoui.ma\/index.php\/produit\/biorga-apaisac-creme-anti-rougeurs-apaisante-40-ml\/#primaryimage\",\"url\":\"https:\/\/paracherkaoui.ma\/wp-content\/uploads\/2025\/12\/biorga-apaisac-creme-anti-rougeurs-apaisante-40-ml.jpg\",\"contentUrl\":\"https:\/\/paracherkaoui.ma\/wp-content\/uploads\/2025\/12\/biorga-apaisac-creme-anti-rougeurs-apaisante-40-ml.jpg\",\"width\":700,\"height\":700},{\"@type\":\"BreadcrumbList\",\"@id\":\"https:\/\/paracherkaoui.ma\/index.php\/produit\/biorga-apaisac-creme-anti-rougeurs-apaisante-40-ml\/#breadcrumb\",\"itemListElement\":[{\"@type\":\"ListItem\",\"position\":1,\"name\":\"Accueil\",\"item\":\"https:\/\/paracherkaoui.ma\/\"},{\"@type\":\"ListItem\",\"position\":2,\"name\":\"Boutique\",\"item\":\"https:\/\/paracherkaoui.ma\/index.php\/boutique\/\"},{\"@type\":\"ListItem\",\"position\":3,\"name\":\"BIORGA APAISAC CREME ANTI ROUGEURS APAISANTE 40 ML\"}]},{\"@type\":\"WebSite\",\"@id\":\"https:\/\/paracherkaoui.ma\/#website\",\"url\":\"https:\/\/paracherkaoui.ma\/\",\"name\":\"Paracherkaoui.ma\",\"description\":\"Achetez en ligne sur Paracherkaoui.ma\",\"potentialAction\":[{\"@type\":\"SearchAction\",\"target\":{\"@type\":\"EntryPoint\",\"urlTemplate\":\"https:\/\/paracherkaoui.ma\/?s={search_term_string}\"},\"query-input\":{\"@type\":\"PropertyValueSpecification\",\"valueRequired\":true,\"valueName\":\"search_term_string\"}}],\"inLanguage\":\"fr-FR\"}]}<\/script>\r\n<!-- \/ Yoast SEO plugin. -->","yoast_head_json":{"title":"BIORGA APAISAC CREME ANTI ROUGEURS APAISANTE 40 ML - Paracherkaoui.ma","robots":{"index":"index","follow":"follow","max-snippet":"max-snippet:-1","max-image-preview":"max-image-preview:large","max-video-preview":"max-video-preview:-1"},"canonical":"https:\/\/paracherkaoui.ma\/index.php\/produit\/biorga-apaisac-creme-anti-rougeurs-apaisante-40-ml\/","og_locale":"fr_FR","og_type":"article","og_title":"BIORGA APAISAC CREME ANTI ROUGEURS APAISANTE 40 ML - Paracherkaoui.ma","og_description":"Description: APAISAC biorga Cr\u00e8me Anti-Rougeurs Apaisante 40ml\u00a0Sa formule triphas\u00e9e stimule la microcirculation, corrige et att\u00e9nue les rougeurs diffuses. Les sensations","og_url":"https:\/\/paracherkaoui.ma\/index.php\/produit\/biorga-apaisac-creme-anti-rougeurs-apaisante-40-ml\/","og_site_name":"Paracherkaoui.ma","article_modified_time":"2025-12-12T17:23:51+00:00","og_image":[{"width":700,"height":700,"url":"https:\/\/paracherkaoui.ma\/wp-content\/uploads\/2025\/12\/biorga-apaisac-creme-anti-rougeurs-apaisante-40-ml.jpg","type":"image\/jpeg"}],"twitter_card":"summary_large_image","schema":{"@context":"https:\/\/schema.org","@graph":[{"@type":"WebPage","@id":"https:\/\/paracherkaoui.ma\/index.php\/produit\/biorga-apaisac-creme-anti-rougeurs-apaisante-40-ml\/","url":"https:\/\/paracherkaoui.ma\/index.php\/produit\/biorga-apaisac-creme-anti-rougeurs-apaisante-40-ml\/","name":"BIORGA APAISAC CREME ANTI ROUGEURS APAISANTE 40 ML - Paracherkaoui.ma","isPartOf":{"@id":"https:\/\/paracherkaoui.ma\/#website"},"primaryImageOfPage":{"@id":"https:\/\/paracherkaoui.ma\/index.php\/produit\/biorga-apaisac-creme-anti-rougeurs-apaisante-40-ml\/#primaryimage"},"image":{"@id":"https:\/\/paracherkaoui.ma\/index.php\/produit\/biorga-apaisac-creme-anti-rougeurs-apaisante-40-ml\/#primaryimage"},"thumbnailUrl":"https:\/\/paracherkaoui.ma\/wp-content\/uploads\/2025\/12\/biorga-apaisac-creme-anti-rougeurs-apaisante-40-ml.jpg","datePublished":"2025-12-12T17:23:49+00:00","dateModified":"2025-12-12T17:23:51+00:00","breadcrumb":{"@id":"https:\/\/paracherkaoui.ma\/index.php\/produit\/biorga-apaisac-creme-anti-rougeurs-apaisante-40-ml\/#breadcrumb"},"inLanguage":"fr-FR","potentialAction":[{"@type":"ReadAction","target":["https:\/\/paracherkaoui.ma\/index.php\/produit\/biorga-apaisac-creme-anti-rougeurs-apaisante-40-ml\/"]}]},{"@type":"ImageObject","inLanguage":"fr-FR","@id":"https:\/\/paracherkaoui.ma\/index.php\/produit\/biorga-apaisac-creme-anti-rougeurs-apaisante-40-ml\/#primaryimage","url":"https:\/\/paracherkaoui.ma\/wp-content\/uploads\/2025\/12\/biorga-apaisac-creme-anti-rougeurs-apaisante-40-ml.jpg","contentUrl":"https:\/\/paracherkaoui.ma\/wp-content\/uploads\/2025\/12\/biorga-apaisac-creme-anti-rougeurs-apaisante-40-ml.jpg","width":700,"height":700},{"@type":"BreadcrumbList","@id":"https:\/\/paracherkaoui.ma\/index.php\/produit\/biorga-apaisac-creme-anti-rougeurs-apaisante-40-ml\/#breadcrumb","itemListElement":[{"@type":"ListItem","position":1,"name":"Accueil","item":"https:\/\/paracherkaoui.ma\/"},{"@type":"ListItem","position":2,"name":"Boutique","item":"https:\/\/paracherkaoui.ma\/index.php\/boutique\/"},{"@type":"ListItem","position":3,"name":"BIORGA APAISAC CREME ANTI ROUGEURS APAISANTE 40 ML"}]},{"@type":"WebSite","@id":"https:\/\/paracherkaoui.ma\/#website","url":"https:\/\/paracherkaoui.ma\/","name":"Paracherkaoui.ma","description":"Achetez en ligne sur Paracherkaoui.ma","potentialAction":[{"@type":"SearchAction","target":{"@type":"EntryPoint","urlTemplate":"https:\/\/paracherkaoui.ma\/?s={search_term_string}"},"query-input":{"@type":"PropertyValueSpecification","valueRequired":true,"valueName":"search_term_string"}}],"inLanguage":"fr-FR"}]}},"_links":{"self":[{"href":"https:\/\/paracherkaoui.ma\/index.php\/wp-json\/wp\/v2\/product\/26091","targetHints":{"allow":["GET"]}}],"collection":[{"href":"https:\/\/paracherkaoui.ma\/index.php\/wp-json\/wp\/v2\/product"}],"about":[{"href":"https:\/\/paracherkaoui.ma\/index.php\/wp-json\/wp\/v2\/types\/product"}],"replies":[{"embeddable":true,"href":"https:\/\/paracherkaoui.ma\/index.php\/wp-json\/wp\/v2\/comments?post=26091"}],"version-history":[{"count":1,"href":"https:\/\/paracherkaoui.ma\/index.php\/wp-json\/wp\/v2\/product\/26091\/revisions"}],"predecessor-version":[{"id":26122,"href":"https:\/\/paracherkaoui.ma\/index.php\/wp-json\/wp\/v2\/product\/26091\/revisions\/26122"}],"wp:featuredmedia":[{"embeddable":true,"href":"https:\/\/paracherkaoui.ma\/index.php\/wp-json\/wp\/v2\/media\/26121"}],"wp:attachment":[{"href":"https:\/\/paracherkaoui.ma\/index.php\/wp-json\/wp\/v2\/media?parent=26091"}],"wp:term":[{"taxonomy":"product_brand","embeddable":true,"href":"https:\/\/paracherkaoui.ma\/index.php\/wp-json\/wp\/v2\/product_brand?post=26091"},{"taxonomy":"product_cat","embeddable":true,"href":"https:\/\/paracherkaoui.ma\/index.php\/wp-json\/wp\/v2\/product_cat?post=26091"},{"taxonomy":"product_tag","embeddable":true,"href":"https:\/\/paracherkaoui.ma\/index.php\/wp-json\/wp\/v2\/product_tag?post=26091"}],"curies":[{"name":"wp","href":"https:\/\/api.w.org\/{rel}","templated":true}]}}