{"id":26043,"date":"2025-12-12T18:23:44","date_gmt":"2025-12-12T17:23:44","guid":{"rendered":"https:\/\/test.ecbeaute.com\/?post_type=product&#038;p=26043"},"modified":"2025-12-12T18:23:48","modified_gmt":"2025-12-12T17:23:48","slug":"dermina-senselina-spray-apaisant-peaux-intolerantes-250-ml","status":"publish","type":"product","link":"https:\/\/paracherkaoui.ma\/index.php\/produit\/dermina-senselina-spray-apaisant-peaux-intolerantes-250-ml\/","title":{"rendered":"DERMINA SENSELINA SPRAY APAISANT PEAUX INTOLERANTES 250 ML"},"content":{"rendered":"<p>Le Spray Apaisant Peaux Intol\u00e9rantes de DERMINA\u00a0rafra\u00eechit instantan\u00e9ment \u00e0 tout moment de la journ\u00e9e. Plus que de la fra\u00eecheur, il procure une sensation d\u2019apaisement imm\u00e9diate avec ses extraits de Centella, de Cacao et de Th\u00e9 vert. Il hydrate \u00e9galement la peau gr\u00e2ce \u00e0 l&rsquo;Allanto\u00efne qui limite le dess\u00e8chement cutan\u00e9. La peau est rafra\u00eechie, apais\u00e9e et hydrat\u00e9e.<br \/>\n\u00c0 tout moment de la journ\u00e9e, vaporiser en fine brume sur l&rsquo;ensemble du visage. Ne pas tamponner apr\u00e8s utilisation.<\/p>\n","protected":false},"excerpt":{"rendered":"<p>Le Spray Apaisant Peaux Intol\u00e9rantes de DERMINA\u00a0rafra\u00eechit instantan\u00e9ment \u00e0 tout moment de la journ\u00e9e. Plus que de la fra\u00eecheur, il<\/p>\n","protected":false},"featured_media":26087,"comment_status":"open","ping_status":"closed","template":"","meta":[],"product_brand":[386],"product_cat":[502],"product_tag":[],"class_list":{"0":"post-26043","1":"product","2":"type-product","3":"status-publish","4":"has-post-thumbnail","6":"product_brand-dermina","7":"product_cat-soins-anti-imperfections","9":"first","10":"instock","11":"sale","12":"shipping-taxable","13":"purchasable","14":"product-type-simple"},"yoast_head":"<!-- This site is optimized with the Yoast SEO plugin v26.6 - https:\/\/yoast.com\/wordpress\/plugins\/seo\/ -->\r\n<title>DERMINA SENSELINA SPRAY APAISANT PEAUX INTOLERANTES 250 ML - Paracherkaoui.ma<\/title>\r\n<meta name=\"robots\" content=\"index, follow, max-snippet:-1, max-image-preview:large, max-video-preview:-1\" \/>\r\n<link rel=\"canonical\" href=\"https:\/\/paracherkaoui.ma\/index.php\/produit\/dermina-senselina-spray-apaisant-peaux-intolerantes-250-ml\/\" \/>\r\n<meta property=\"og:locale\" content=\"fr_FR\" \/>\r\n<meta property=\"og:type\" content=\"article\" \/>\r\n<meta property=\"og:title\" content=\"DERMINA SENSELINA SPRAY APAISANT PEAUX INTOLERANTES 250 ML - Paracherkaoui.ma\" \/>\r\n<meta property=\"og:description\" content=\"Le Spray Apaisant Peaux Intol\u00e9rantes de DERMINA\u00a0rafra\u00eechit instantan\u00e9ment \u00e0 tout moment de la journ\u00e9e. Plus que de la fra\u00eecheur, il\" \/>\r\n<meta property=\"og:url\" content=\"https:\/\/paracherkaoui.ma\/index.php\/produit\/dermina-senselina-spray-apaisant-peaux-intolerantes-250-ml\/\" \/>\r\n<meta property=\"og:site_name\" content=\"Paracherkaoui.ma\" \/>\r\n<meta property=\"article:modified_time\" content=\"2025-12-12T17:23:48+00:00\" \/>\r\n<meta property=\"og:image\" content=\"https:\/\/paracherkaoui.ma\/wp-content\/uploads\/2025\/12\/dermina-dermina-senselina-spray-apaisant-peaux-intolerantes-250-ml-soins-anti-rougeurs.jpg\" \/>\r\n\t<meta property=\"og:image:width\" content=\"700\" \/>\r\n\t<meta property=\"og:image:height\" content=\"700\" \/>\r\n\t<meta property=\"og:image:type\" content=\"image\/jpeg\" \/>\r\n<meta name=\"twitter:card\" content=\"summary_large_image\" \/>\r\n<script type=\"application\/ld+json\" class=\"yoast-schema-graph\">{\"@context\":\"https:\/\/schema.org\",\"@graph\":[{\"@type\":\"WebPage\",\"@id\":\"https:\/\/paracherkaoui.ma\/index.php\/produit\/dermina-senselina-spray-apaisant-peaux-intolerantes-250-ml\/\",\"url\":\"https:\/\/paracherkaoui.ma\/index.php\/produit\/dermina-senselina-spray-apaisant-peaux-intolerantes-250-ml\/\",\"name\":\"DERMINA SENSELINA SPRAY APAISANT PEAUX INTOLERANTES 250 ML - Paracherkaoui.ma\",\"isPartOf\":{\"@id\":\"https:\/\/paracherkaoui.ma\/#website\"},\"primaryImageOfPage\":{\"@id\":\"https:\/\/paracherkaoui.ma\/index.php\/produit\/dermina-senselina-spray-apaisant-peaux-intolerantes-250-ml\/#primaryimage\"},\"image\":{\"@id\":\"https:\/\/paracherkaoui.ma\/index.php\/produit\/dermina-senselina-spray-apaisant-peaux-intolerantes-250-ml\/#primaryimage\"},\"thumbnailUrl\":\"https:\/\/paracherkaoui.ma\/wp-content\/uploads\/2025\/12\/dermina-dermina-senselina-spray-apaisant-peaux-intolerantes-250-ml-soins-anti-rougeurs.jpg\",\"datePublished\":\"2025-12-12T17:23:44+00:00\",\"dateModified\":\"2025-12-12T17:23:48+00:00\",\"breadcrumb\":{\"@id\":\"https:\/\/paracherkaoui.ma\/index.php\/produit\/dermina-senselina-spray-apaisant-peaux-intolerantes-250-ml\/#breadcrumb\"},\"inLanguage\":\"fr-FR\",\"potentialAction\":[{\"@type\":\"ReadAction\",\"target\":[\"https:\/\/paracherkaoui.ma\/index.php\/produit\/dermina-senselina-spray-apaisant-peaux-intolerantes-250-ml\/\"]}]},{\"@type\":\"ImageObject\",\"inLanguage\":\"fr-FR\",\"@id\":\"https:\/\/paracherkaoui.ma\/index.php\/produit\/dermina-senselina-spray-apaisant-peaux-intolerantes-250-ml\/#primaryimage\",\"url\":\"https:\/\/paracherkaoui.ma\/wp-content\/uploads\/2025\/12\/dermina-dermina-senselina-spray-apaisant-peaux-intolerantes-250-ml-soins-anti-rougeurs.jpg\",\"contentUrl\":\"https:\/\/paracherkaoui.ma\/wp-content\/uploads\/2025\/12\/dermina-dermina-senselina-spray-apaisant-peaux-intolerantes-250-ml-soins-anti-rougeurs.jpg\",\"width\":700,\"height\":700},{\"@type\":\"BreadcrumbList\",\"@id\":\"https:\/\/paracherkaoui.ma\/index.php\/produit\/dermina-senselina-spray-apaisant-peaux-intolerantes-250-ml\/#breadcrumb\",\"itemListElement\":[{\"@type\":\"ListItem\",\"position\":1,\"name\":\"Accueil\",\"item\":\"https:\/\/paracherkaoui.ma\/\"},{\"@type\":\"ListItem\",\"position\":2,\"name\":\"Boutique\",\"item\":\"https:\/\/paracherkaoui.ma\/index.php\/boutique\/\"},{\"@type\":\"ListItem\",\"position\":3,\"name\":\"DERMINA SENSELINA SPRAY APAISANT PEAUX INTOLERANTES 250 ML\"}]},{\"@type\":\"WebSite\",\"@id\":\"https:\/\/paracherkaoui.ma\/#website\",\"url\":\"https:\/\/paracherkaoui.ma\/\",\"name\":\"Paracherkaoui.ma\",\"description\":\"Achetez en ligne sur Paracherkaoui.ma\",\"potentialAction\":[{\"@type\":\"SearchAction\",\"target\":{\"@type\":\"EntryPoint\",\"urlTemplate\":\"https:\/\/paracherkaoui.ma\/?s={search_term_string}\"},\"query-input\":{\"@type\":\"PropertyValueSpecification\",\"valueRequired\":true,\"valueName\":\"search_term_string\"}}],\"inLanguage\":\"fr-FR\"}]}<\/script>\r\n<!-- \/ Yoast SEO plugin. -->","yoast_head_json":{"title":"DERMINA SENSELINA SPRAY APAISANT PEAUX INTOLERANTES 250 ML - Paracherkaoui.ma","robots":{"index":"index","follow":"follow","max-snippet":"max-snippet:-1","max-image-preview":"max-image-preview:large","max-video-preview":"max-video-preview:-1"},"canonical":"https:\/\/paracherkaoui.ma\/index.php\/produit\/dermina-senselina-spray-apaisant-peaux-intolerantes-250-ml\/","og_locale":"fr_FR","og_type":"article","og_title":"DERMINA SENSELINA SPRAY APAISANT PEAUX INTOLERANTES 250 ML - Paracherkaoui.ma","og_description":"Le Spray Apaisant Peaux Intol\u00e9rantes de DERMINA\u00a0rafra\u00eechit instantan\u00e9ment \u00e0 tout moment de la journ\u00e9e. Plus que de la fra\u00eecheur, il","og_url":"https:\/\/paracherkaoui.ma\/index.php\/produit\/dermina-senselina-spray-apaisant-peaux-intolerantes-250-ml\/","og_site_name":"Paracherkaoui.ma","article_modified_time":"2025-12-12T17:23:48+00:00","og_image":[{"width":700,"height":700,"url":"https:\/\/paracherkaoui.ma\/wp-content\/uploads\/2025\/12\/dermina-dermina-senselina-spray-apaisant-peaux-intolerantes-250-ml-soins-anti-rougeurs.jpg","type":"image\/jpeg"}],"twitter_card":"summary_large_image","schema":{"@context":"https:\/\/schema.org","@graph":[{"@type":"WebPage","@id":"https:\/\/paracherkaoui.ma\/index.php\/produit\/dermina-senselina-spray-apaisant-peaux-intolerantes-250-ml\/","url":"https:\/\/paracherkaoui.ma\/index.php\/produit\/dermina-senselina-spray-apaisant-peaux-intolerantes-250-ml\/","name":"DERMINA SENSELINA SPRAY APAISANT PEAUX INTOLERANTES 250 ML - Paracherkaoui.ma","isPartOf":{"@id":"https:\/\/paracherkaoui.ma\/#website"},"primaryImageOfPage":{"@id":"https:\/\/paracherkaoui.ma\/index.php\/produit\/dermina-senselina-spray-apaisant-peaux-intolerantes-250-ml\/#primaryimage"},"image":{"@id":"https:\/\/paracherkaoui.ma\/index.php\/produit\/dermina-senselina-spray-apaisant-peaux-intolerantes-250-ml\/#primaryimage"},"thumbnailUrl":"https:\/\/paracherkaoui.ma\/wp-content\/uploads\/2025\/12\/dermina-dermina-senselina-spray-apaisant-peaux-intolerantes-250-ml-soins-anti-rougeurs.jpg","datePublished":"2025-12-12T17:23:44+00:00","dateModified":"2025-12-12T17:23:48+00:00","breadcrumb":{"@id":"https:\/\/paracherkaoui.ma\/index.php\/produit\/dermina-senselina-spray-apaisant-peaux-intolerantes-250-ml\/#breadcrumb"},"inLanguage":"fr-FR","potentialAction":[{"@type":"ReadAction","target":["https:\/\/paracherkaoui.ma\/index.php\/produit\/dermina-senselina-spray-apaisant-peaux-intolerantes-250-ml\/"]}]},{"@type":"ImageObject","inLanguage":"fr-FR","@id":"https:\/\/paracherkaoui.ma\/index.php\/produit\/dermina-senselina-spray-apaisant-peaux-intolerantes-250-ml\/#primaryimage","url":"https:\/\/paracherkaoui.ma\/wp-content\/uploads\/2025\/12\/dermina-dermina-senselina-spray-apaisant-peaux-intolerantes-250-ml-soins-anti-rougeurs.jpg","contentUrl":"https:\/\/paracherkaoui.ma\/wp-content\/uploads\/2025\/12\/dermina-dermina-senselina-spray-apaisant-peaux-intolerantes-250-ml-soins-anti-rougeurs.jpg","width":700,"height":700},{"@type":"BreadcrumbList","@id":"https:\/\/paracherkaoui.ma\/index.php\/produit\/dermina-senselina-spray-apaisant-peaux-intolerantes-250-ml\/#breadcrumb","itemListElement":[{"@type":"ListItem","position":1,"name":"Accueil","item":"https:\/\/paracherkaoui.ma\/"},{"@type":"ListItem","position":2,"name":"Boutique","item":"https:\/\/paracherkaoui.ma\/index.php\/boutique\/"},{"@type":"ListItem","position":3,"name":"DERMINA SENSELINA SPRAY APAISANT PEAUX INTOLERANTES 250 ML"}]},{"@type":"WebSite","@id":"https:\/\/paracherkaoui.ma\/#website","url":"https:\/\/paracherkaoui.ma\/","name":"Paracherkaoui.ma","description":"Achetez en ligne sur Paracherkaoui.ma","potentialAction":[{"@type":"SearchAction","target":{"@type":"EntryPoint","urlTemplate":"https:\/\/paracherkaoui.ma\/?s={search_term_string}"},"query-input":{"@type":"PropertyValueSpecification","valueRequired":true,"valueName":"search_term_string"}}],"inLanguage":"fr-FR"}]}},"_links":{"self":[{"href":"https:\/\/paracherkaoui.ma\/index.php\/wp-json\/wp\/v2\/product\/26043","targetHints":{"allow":["GET"]}}],"collection":[{"href":"https:\/\/paracherkaoui.ma\/index.php\/wp-json\/wp\/v2\/product"}],"about":[{"href":"https:\/\/paracherkaoui.ma\/index.php\/wp-json\/wp\/v2\/types\/product"}],"replies":[{"embeddable":true,"href":"https:\/\/paracherkaoui.ma\/index.php\/wp-json\/wp\/v2\/comments?post=26043"}],"version-history":[{"count":1,"href":"https:\/\/paracherkaoui.ma\/index.php\/wp-json\/wp\/v2\/product\/26043\/revisions"}],"predecessor-version":[{"id":26088,"href":"https:\/\/paracherkaoui.ma\/index.php\/wp-json\/wp\/v2\/product\/26043\/revisions\/26088"}],"wp:featuredmedia":[{"embeddable":true,"href":"https:\/\/paracherkaoui.ma\/index.php\/wp-json\/wp\/v2\/media\/26087"}],"wp:attachment":[{"href":"https:\/\/paracherkaoui.ma\/index.php\/wp-json\/wp\/v2\/media?parent=26043"}],"wp:term":[{"taxonomy":"product_brand","embeddable":true,"href":"https:\/\/paracherkaoui.ma\/index.php\/wp-json\/wp\/v2\/product_brand?post=26043"},{"taxonomy":"product_cat","embeddable":true,"href":"https:\/\/paracherkaoui.ma\/index.php\/wp-json\/wp\/v2\/product_cat?post=26043"},{"taxonomy":"product_tag","embeddable":true,"href":"https:\/\/paracherkaoui.ma\/index.php\/wp-json\/wp\/v2\/product_tag?post=26043"}],"curies":[{"name":"wp","href":"https:\/\/api.w.org\/{rel}","templated":true}]}}